{"id":20357,"date":"2017-12-15T12:13:31","date_gmt":"2017-12-15T11:13:31","guid":{"rendered":"http:\/\/charlie-tantra.fr\/?page_id=20357"},"modified":"2018-12-29T12:41:03","modified_gmt":"2018-12-29T11:41:03","slug":"plaisir-anal-test-sextoy-sodomie","status":"publish","type":"page","link":"https:\/\/charlie-liveshow.com\/charlie-tantra\/test-sex-toy-decale-by-charlie\/plaisir-anal-test-sextoy-sodomie\/","title":{"rendered":"Plaisir anal &#8211; Les tests sextoys sp\u00e9cial sodomie"},"content":{"rendered":"<p>Ici des jouets, des sextoys flattant l&rsquo;acte de sodomie. Vous retrouverez sur cette page <strong>tous mes avis concernant des sex-toys con\u00e7us pour le plaisir anal<\/strong>. A propos de la sodomie j&rsquo;aurais pu citer Philippe Bouvard mais je pr\u00e9f\u00e8re la citation plus cossue et plus fine de Flaubert, autour du plaisir anal et des joies de la sodomie :<\/p>\n<p><strong>\u00ab\u00a0Puisque nous causons de bardaches, voici ce que j&rsquo;en sais. On avoue sa sodomie et on en parle \u00e0 table d&rsquo;h\u00f4te. Quelquefois on nie un petit peu, tout le monde alors vous engueule et cela finit par s&rsquo;avouer.\u00a0\u00bb<\/strong> &#8230; Pour m\u00e9moire, Flaubert c&rsquo;est 1850 environs&#8230;<\/p>\n<h2 style=\"text-align: center;\">4 derniers avis de sextoy autour du plaisir anal<\/h2>\n<div id=\"home\">\n\n\n<div class=\"su-posts su-posts-default-loop \">\n\n\t\t\t<h4>Articles non trouv\u00e9s<\/h4>\n\t\n<\/div>\n\n<\/div>\n<div class=\"su-spacer\" style=\"height:20px\"><\/div>\n<div class=\"su-button-center\"><a href=\"http:\/\/charlie-tantra.fr\/tag\/how-to-anal\/\" class=\"su-button su-button-style-flat su-button-wide\" style=\"color:#fff;background-color:#ed1e79;border-color:#be1861;border-radius:0px\" target=\"_self\" rel=\"noopener\"><span style=\"color:#fff;padding:8px 26px;font-size:20px;line-height:30px;border-color:#f362a2;border-radius:0px;text-shadow:0px 0px 0px #ed1e79\"><i class=\"sui sui-heart-o\" style=\"font-size:20px;color:#fff\"><\/i> Le dossier sp\u00e9cial pratique de la sodomie<\/span><\/a><\/div>\n<div class=\"su-spacer\" style=\"height:20px\"><\/div>\n\n<div class=\"su-spacer\" style=\"height:20px\"><\/div>\n<div id=\"home\">\n\n<div class=\"su-posts su-posts-default-loop \">\n\n\t\t\t<h4>Articles non trouv\u00e9s<\/h4>\n\t\n<\/div>\n<\/div>\n<div class=\"su-spacer\" style=\"height:20px\"><\/div>\n<div class=\"su-row\"><div class=\"su-column su-column-size-1-2\"><div class=\"su-column-inner su-u-clearfix su-u-trim\">\n\n<\/div><\/div><div class=\"su-column su-column-size-1-2\"><div class=\"su-column-inner su-u-clearfix su-u-trim\">\n\n<\/div><\/div><\/div>\n<div class=\"su-spacer\" style=\"height:20px\"><\/div>\n<div id=\"home\">\n\n<div class=\"su-posts su-posts-default-loop \">\n\n\t\t\t<h4>Articles non trouv\u00e9s<\/h4>\n\t\n<\/div>\n<\/div>\n<div class=\"su-spacer\" style=\"height:20px\"><\/div>\n<div id=\"home\">\n\n<div class=\"su-posts su-posts-default-loop \">\n\n\t\t\t<h4>Articles non trouv\u00e9s<\/h4>\n\t\n<\/div>\n<\/div>\n<div class=\"su-spacer\" style=\"height:20px\"><\/div>\n<h3 style=\"text-align: center;\">D&rsquo;autres tests de sextoys 100% anal ?<\/h3>\n<div id=\"home\">\n\n<div class=\"su-posts su-posts-teaser-loop \">\n\n\t\n\t\t<p class=\"su-posts-not-found\">Articles non trouv\u00e9s<\/p>\n\n\t\n<\/div>\n<\/div>\n<div class=\"su-spacer\" style=\"height:20px\"><\/div>\n<h2>Les tests sextoys<\/h2>\n<p>Chaque test de sextoy contient une partie unboxing o\u00f9 j&rsquo;analyse le packaging notamment, le c\u00f4t\u00e9 \u00e9co-friendly qui prend de plus en plus d&rsquo;importance. Je donne aussi mon avis sur les finitions et mes premi\u00e8res sensations sur le sextoy que je teste. Puis viens la partie pratique, l\u00e0 nous sommes clairement dans la subjectivit\u00e9 puisque c&rsquo;est essentiellement mes sensations et mon avis sur le sextoy que je formalise.<\/p>\n<p><strong>Dans les deux parties vous trouverez une vid\u00e9o.<\/strong>&nbsp;La partie unboxing avec une video soft sur youtube, tant que cela est permis. Dans la partie pratique, une vid\u00e9o explicite h\u00e9berg\u00e9e 9 fois sur 10 sur Pornhub. Enfin la conclusion et la synth\u00e8se de ce test sextoy.<br \/>\n<!-- Widget Shortcode --><div id=\"custom_html-6\" class=\"widget_text widget widget_custom_html widget-shortcode area-mega-menu \"><div class=\"textwidget custom-html-widget\"><a href=\"https:\/\/charlie-liveshow.com\/charlie-tantra\/entretenir-ses-sextoys-fleshlight-guide\"><strong>Ma s\u00e9lection de sextoys<\/strong><\/a><\/div><\/div><!-- \/Widget Shortcode -->\n","protected":false},"excerpt":{"rendered":"<p>Ici des jouets, des sextoys flattant l&rsquo;acte de sodomie. Vous retrouverez sur cette page tous mes avis concernant des sex-toys con\u00e7us pour le plaisir anal. A propos de la sodomie j&rsquo;aurais pu citer Philippe Bouvard mais je pr\u00e9f\u00e8re la citation plus cossue et plus fine de Flaubert, autour du plaisir anal et des joies de [&hellip;]<\/p>\n","protected":false},"author":2,"featured_media":13367,"parent":8680,"menu_order":0,"comment_status":"open","ping_status":"closed","template":"","meta":{"ub_ctt_via":"","_uag_custom_page_level_css":"","ocean_post_layout":"","ocean_both_sidebars_style":"","ocean_both_sidebars_content_width":0,"ocean_both_sidebars_sidebars_width":0,"ocean_sidebar":"0","ocean_second_sidebar":"0","ocean_disable_margins":"enable","ocean_add_body_class":"","ocean_shortcode_before_top_bar":"","ocean_shortcode_after_top_bar":"","ocean_shortcode_before_header":"","ocean_shortcode_after_header":"","ocean_has_shortcode":"","ocean_shortcode_after_title":"","ocean_shortcode_before_footer_widgets":"","ocean_shortcode_after_footer_widgets":"","ocean_shortcode_before_footer_bottom":"","ocean_shortcode_after_footer_bottom":"","ocean_display_top_bar":"default","ocean_display_header":"default","ocean_header_style":"","ocean_center_header_left_menu":"0","ocean_custom_header_template":"0","ocean_custom_logo":0,"ocean_custom_retina_logo":0,"ocean_custom_logo_max_width":0,"ocean_custom_logo_tablet_max_width":0,"ocean_custom_logo_mobile_max_width":0,"ocean_custom_logo_max_height":0,"ocean_custom_logo_tablet_max_height":0,"ocean_custom_logo_mobile_max_height":0,"ocean_header_custom_menu":"0","ocean_menu_typo_font_family":"0","ocean_menu_typo_font_subset":"","ocean_menu_typo_font_size":0,"ocean_menu_typo_font_size_tablet":0,"ocean_menu_typo_font_size_mobile":0,"ocean_menu_typo_font_size_unit":"px","ocean_menu_typo_font_weight":"","ocean_menu_typo_font_weight_tablet":"","ocean_menu_typo_font_weight_mobile":"","ocean_menu_typo_transform":"","ocean_menu_typo_transform_tablet":"","ocean_menu_typo_transform_mobile":"","ocean_menu_typo_line_height":0,"ocean_menu_typo_line_height_tablet":0,"ocean_menu_typo_line_height_mobile":0,"ocean_menu_typo_line_height_unit":"","ocean_menu_typo_spacing":0,"ocean_menu_typo_spacing_tablet":0,"ocean_menu_typo_spacing_mobile":0,"ocean_menu_typo_spacing_unit":"","ocean_menu_link_color":"","ocean_menu_link_color_hover":"","ocean_menu_link_color_active":"","ocean_menu_link_background":"","ocean_menu_link_hover_background":"","ocean_menu_link_active_background":"","ocean_menu_social_links_bg":"","ocean_menu_social_hover_links_bg":"","ocean_menu_social_links_color":"","ocean_menu_social_hover_links_color":"","ocean_disable_title":"default","ocean_disable_heading":"default","ocean_post_title":"","ocean_post_subheading":"","ocean_post_title_style":"","ocean_post_title_background_color":"","ocean_post_title_background":0,"ocean_post_title_bg_image_position":"","ocean_post_title_bg_image_attachment":"","ocean_post_title_bg_image_repeat":"","ocean_post_title_bg_image_size":"","ocean_post_title_height":0,"ocean_post_title_bg_overlay":0.5,"ocean_post_title_bg_overlay_color":"","ocean_disable_breadcrumbs":"default","ocean_breadcrumbs_color":"","ocean_breadcrumbs_separator_color":"","ocean_breadcrumbs_links_color":"","ocean_breadcrumbs_links_hover_color":"","ocean_display_footer_widgets":"default","ocean_display_footer_bottom":"default","ocean_custom_footer_template":"","footnotes":""},"class_list":["post-20357","page","type-page","status-publish","has-post-thumbnail","hentry","entry","has-media"],"featured_image_src":null,"uagb_featured_image_src":{"full":false,"thumbnail":false,"medium":false,"medium_large":false,"large":false,"1536x1536":false,"2048x2048":false,"ocean-thumb-m":false,"ocean-thumb-ml":false,"ocean-thumb-l":false},"uagb_author_info":{"display_name":"Charlie","author_link":"https:\/\/charlie-liveshow.com\/charlie-tantra\/author\/cchhaarrlliiee13super7x\/"},"uagb_comment_info":0,"uagb_excerpt":"Ici des jouets, des sextoys flattant l&rsquo;acte de sodomie. Vous retrouverez sur cette page tous mes avis concernant des sex-toys con\u00e7us pour le plaisir anal. A propos de la sodomie j&rsquo;aurais pu citer Philippe Bouvard mais je pr\u00e9f\u00e8re la citation plus cossue et plus fine de Flaubert, autour du plaisir anal et des joies de\u2026","_links":{"self":[{"href":"https:\/\/charlie-liveshow.com\/charlie-tantra\/wp-json\/wp\/v2\/pages\/20357","targetHints":{"allow":["GET"]}}],"collection":[{"href":"https:\/\/charlie-liveshow.com\/charlie-tantra\/wp-json\/wp\/v2\/pages"}],"about":[{"href":"https:\/\/charlie-liveshow.com\/charlie-tantra\/wp-json\/wp\/v2\/types\/page"}],"author":[{"embeddable":true,"href":"https:\/\/charlie-liveshow.com\/charlie-tantra\/wp-json\/wp\/v2\/users\/2"}],"replies":[{"embeddable":true,"href":"https:\/\/charlie-liveshow.com\/charlie-tantra\/wp-json\/wp\/v2\/comments?post=20357"}],"version-history":[{"count":0,"href":"https:\/\/charlie-liveshow.com\/charlie-tantra\/wp-json\/wp\/v2\/pages\/20357\/revisions"}],"up":[{"embeddable":true,"href":"https:\/\/charlie-liveshow.com\/charlie-tantra\/wp-json\/wp\/v2\/pages\/8680"}],"wp:featuredmedia":[{"embeddable":true,"href":"https:\/\/charlie-liveshow.com\/charlie-tantra\/wp-json\/"}],"wp:attachment":[{"href":"https:\/\/charlie-liveshow.com\/charlie-tantra\/wp-json\/wp\/v2\/media?parent=20357"}],"curies":[{"name":"wp","href":"https:\/\/api.w.org\/{rel}","templated":true}]}}