{"id":987,"date":"2018-11-21T23:08:15","date_gmt":"2018-11-21T22:08:15","guid":{"rendered":"https:\/\/charlie-liveshow.com\/Tentation-erotique\/?post_type=product&#038;p=987"},"modified":"2021-02-17T00:18:06","modified_gmt":"2021-02-16T23:18:06","slug":"devenir-femme-fontaine-video-how-to","status":"publish","type":"product","link":"https:\/\/charlie-liveshow.com\/Tentation-erotique\/produit\/devenir-femme-fontaine-video-how-to\/","title":{"rendered":"Comment devenir femme fontaine, la vid\u00e9o HOW to"},"content":{"rendered":"<div id=\"note\">\n<h3>Devenir une femme fontaine &#8211; Les gestes technique.<\/h3>\n<p>La vid\u00e9o explicative et pratique qui accompagne l&rsquo;article \u00ab\u00a0comment devenir femme fontaine\u00a0\u00bb disponible sur mon site.Devenir fontaine est le nouvel el Dorado du sexe. Nous avons appris \u00e0 nous masturber, \u00e0 avoir des orgasmes, pas forc\u00e9ment avec une p\u00e9n\u00e9tration. Il nous reste \u00e0 apprendre \u00e0 \u00ab\u00a0gicler\u00a0\u00bb comme les mecs !<\/p>\n<p>D\u00e9couvrez des sensations nouvelles et une libert\u00e9 qui en effraye encore certain.e.s !<\/p>\n<p><strong> ATTENTION cette vid\u00e9o n&rsquo;est pas \u00e0 but masturbatoire mais elle contient des images clairement explicites.<\/strong> En effet comment voulez vous montrer comment faire sans montrer de la femme \u00e0 poil (mais \u00e9pil\u00e9e) ?<\/p>\n<h4>Mots-cl\u00e9s<\/h4>\n<span class=\"su-label su-label-type-important\">Conseil sexo<\/span> &#8211;\u00a0<span class=\"su-label su-label-type-info\">SQUIRT<\/span> &#8211;\u00a0<span class=\"su-label su-label-type-important\">How to <\/span>\u00a0For (hot) adult only !<\/p>\n<h4>Fiche technique<\/h4>\n<p><strong>Dur\u00e9e : 24 minutes <\/strong>\u00a0| Qualit\u00e9 : 1280 x 720\u00a0px &#8211;\u00a0<strong>Format : .mov | <\/strong>Taille : 500 mo<\/p>\n<div class=\"su-button-center\"><a href=\"https:\/\/charlie-liveshow.com\/charlie-tantra\/le-squirt-a-t-il-change-ma-vie\/\" class=\"su-button su-button-style-flat su-button-wide\" style=\"color:#fff;background-color:#81D742;border-color:#68ac35;border-radius:0px;-moz-border-radius:0px;-webkit-border-radius:0px\" target=\"__blank\"><span style=\"color:#fff;padding:7px 22px;font-size:17px;line-height:26px;border-color:#a7e37b;border-radius:0px;-moz-border-radius:0px;-webkit-border-radius:0px;text-shadow:0px 0px 0px #ed1e79;-moz-text-shadow:0px 0px 0px #ed1e79;-webkit-text-shadow:0px 0px 0px #ed1e79\"><i class=\"sui sui-bell-o\" style=\"font-size:17px;color:#fff\"><\/i> Voir l&rsquo;article sur le Squirt<\/span><\/a><\/div>\n<\/div>\n","protected":false},"excerpt":{"rendered":"<p>Comment r\u00e9ussir \u00e0 devenir femme fontaine ? Charlie vous explique et surtout vous montre comment faire dans une vid\u00e9o explicite et surtout explicative. ATTENTION cette vid\u00e9o n&rsquo;est pas \u00e0 but masturbatoire mais elle contient des images clairement explicites.<\/p>\n<p><strong>Dur\u00e9e : 24 minutes pour devenir femme fontaine<\/strong><\/p>\n","protected":false},"featured_media":43663,"comment_status":"open","ping_status":"closed","template":"","meta":{"ub_ctt_via":""},"product_cat":[53],"product_tag":[57,64,157],"yoast_head":"<!-- This site is optimized with the Yoast SEO plugin v22.0 - https:\/\/yoast.com\/wordpress\/plugins\/seo\/ -->\n<title>Comment devenir femme fontaine, la vid\u00e9o HOW to de Charlie<\/title>\n<meta name=\"description\" content=\"Comment devenir une femme fontaine ? Charlie vous explique et vous montre comment faire dans une vid\u00e9o explicite et EDUCATIVE\" \/>\n<meta name=\"robots\" content=\"index, follow, max-snippet:-1, max-image-preview:large, max-video-preview:-1\" \/>\n<link rel=\"canonical\" href=\"https:\/\/charlie-liveshow.com\/Tentation-erotique\/produit\/devenir-femme-fontaine-video-how-to\/\" \/>\n<meta property=\"og:locale\" content=\"fr_FR\" \/>\n<meta property=\"og:type\" content=\"article\" \/>\n<meta property=\"og:title\" content=\"Comment devenir femme fontaine, la vid\u00e9o HOW to de Charlie\" \/>\n<meta property=\"og:description\" content=\"Comment devenir une femme fontaine ? Charlie vous explique et vous montre comment faire dans une vid\u00e9o explicite et EDUCATIVE\" \/>\n<meta property=\"og:url\" content=\"https:\/\/charlie-liveshow.com\/Tentation-erotique\/produit\/devenir-femme-fontaine-video-how-to\/\" \/>\n<meta property=\"og:site_name\" content=\"TENTATIONS \u00c9ROTIQUES par Charlie Liveshow\" \/>\n<meta property=\"article:publisher\" content=\"https:\/\/www.facebook.com\/charlielivetantra\" \/>\n<meta property=\"article:modified_time\" content=\"2021-02-16T23:18:06+00:00\" \/>\n<meta property=\"og:image\" content=\"https:\/\/charlie-liveshow.com\/Tentation-erotique\/wp-content\/uploads\/2018\/11\/comment-devenir-femme-fontaine-how-to-squirt_1024.jpg\" \/>\n\t<meta property=\"og:image:width\" content=\"1024\" \/>\n\t<meta property=\"og:image:height\" content=\"678\" \/>\n\t<meta property=\"og:image:type\" content=\"image\/jpeg\" \/>\n<meta name=\"twitter:card\" content=\"summary_large_image\" \/>\n<meta name=\"twitter:site\" content=\"@Charlieliveshow\" \/>\n<meta name=\"twitter:label1\" content=\"Dur\u00e9e de lecture estim\u00e9e\" \/>\n\t<meta name=\"twitter:data1\" content=\"1 minute\" \/>\n<script type=\"application\/ld+json\" class=\"yoast-schema-graph\">{\"@context\":\"https:\/\/schema.org\",\"@graph\":[{\"@type\":\"WebPage\",\"@id\":\"https:\/\/charlie-liveshow.com\/Tentation-erotique\/produit\/devenir-femme-fontaine-video-how-to\/\",\"url\":\"https:\/\/charlie-liveshow.com\/Tentation-erotique\/produit\/devenir-femme-fontaine-video-how-to\/\",\"name\":\"Comment devenir femme fontaine, la vid\u00e9o HOW to de Charlie\",\"isPartOf\":{\"@id\":\"https:\/\/charlie-liveshow.com\/Tentation-erotique\/#website\"},\"datePublished\":\"2018-11-21T22:08:15+00:00\",\"dateModified\":\"2021-02-16T23:18:06+00:00\",\"description\":\"Comment devenir une femme fontaine ? Charlie vous explique et vous montre comment faire dans une vid\u00e9o explicite et EDUCATIVE\",\"breadcrumb\":{\"@id\":\"https:\/\/charlie-liveshow.com\/Tentation-erotique\/produit\/devenir-femme-fontaine-video-how-to\/#breadcrumb\"},\"inLanguage\":\"fr-FR\",\"potentialAction\":[{\"@type\":\"ReadAction\",\"target\":[\"https:\/\/charlie-liveshow.com\/Tentation-erotique\/produit\/devenir-femme-fontaine-video-how-to\/\"]}]},{\"@type\":\"BreadcrumbList\",\"@id\":\"https:\/\/charlie-liveshow.com\/Tentation-erotique\/produit\/devenir-femme-fontaine-video-how-to\/#breadcrumb\",\"itemListElement\":[{\"@type\":\"ListItem\",\"position\":1,\"name\":\"Charlie r\u00e9veille vos sens\",\"item\":\"https:\/\/charlie-liveshow.com\/Tentation-erotique\/page-d-accueil-commerce\/\"},{\"@type\":\"ListItem\",\"position\":2,\"name\":\"Vid\u00e9os xXx\",\"item\":\"https:\/\/charlie-liveshow.com\/Tentation-erotique\/categorie-produit\/videos-x-amateur-charlie\/\"},{\"@type\":\"ListItem\",\"position\":3,\"name\":\"Comment devenir femme fontaine, la vid\u00e9o HOW to\"}]},{\"@type\":\"WebSite\",\"@id\":\"https:\/\/charlie-liveshow.com\/Tentation-erotique\/#website\",\"url\":\"https:\/\/charlie-liveshow.com\/Tentation-erotique\/\",\"name\":\"TENTATIONS \u00c9ROTIQUES par Charlie Liveshow\",\"description\":\"Eveillez vous \u00e0 l&#039;\u00e9rotisme\",\"publisher\":{\"@id\":\"https:\/\/charlie-liveshow.com\/Tentation-erotique\/#organization\"},\"potentialAction\":[{\"@type\":\"SearchAction\",\"target\":{\"@type\":\"EntryPoint\",\"urlTemplate\":\"https:\/\/charlie-liveshow.com\/Tentation-erotique\/?s={search_term_string}\"},\"query-input\":\"required name=search_term_string\"}],\"inLanguage\":\"fr-FR\"},{\"@type\":\"Organization\",\"@id\":\"https:\/\/charlie-liveshow.com\/Tentation-erotique\/#organization\",\"name\":\"charlie-liveshow\",\"url\":\"https:\/\/charlie-liveshow.com\/Tentation-erotique\/\",\"logo\":{\"@type\":\"ImageObject\",\"inLanguage\":\"fr-FR\",\"@id\":\"https:\/\/charlie-liveshow.com\/Tentation-erotique\/#\/schema\/logo\/image\/\",\"url\":\"https:\/\/charlie-liveshow.com\/Tentation-erotique\/wp-content\/uploads\/2013\/05\/Charlie_folies_logo.png\",\"contentUrl\":\"https:\/\/charlie-liveshow.com\/Tentation-erotique\/wp-content\/uploads\/2013\/05\/Charlie_folies_logo.png\",\"width\":210,\"height\":206,\"caption\":\"charlie-liveshow\"},\"image\":{\"@id\":\"https:\/\/charlie-liveshow.com\/Tentation-erotique\/#\/schema\/logo\/image\/\"},\"sameAs\":[\"https:\/\/www.facebook.com\/charlielivetantra\",\"https:\/\/twitter.com\/Charlieliveshow\",\"https:\/\/www.instagram.com\/charlie_liveshow\/\",\"https:\/\/www.youtube.com\/CharlieTantra\"]}]}<\/script>\n<!-- \/ Yoast SEO plugin. -->","yoast_head_json":{"title":"Comment devenir femme fontaine, la vid\u00e9o HOW to de Charlie","description":"Comment devenir une femme fontaine ? Charlie vous explique et vous montre comment faire dans une vid\u00e9o explicite et EDUCATIVE","robots":{"index":"index","follow":"follow","max-snippet":"max-snippet:-1","max-image-preview":"max-image-preview:large","max-video-preview":"max-video-preview:-1"},"canonical":"https:\/\/charlie-liveshow.com\/Tentation-erotique\/produit\/devenir-femme-fontaine-video-how-to\/","og_locale":"fr_FR","og_type":"article","og_title":"Comment devenir femme fontaine, la vid\u00e9o HOW to de Charlie","og_description":"Comment devenir une femme fontaine ? Charlie vous explique et vous montre comment faire dans une vid\u00e9o explicite et EDUCATIVE","og_url":"https:\/\/charlie-liveshow.com\/Tentation-erotique\/produit\/devenir-femme-fontaine-video-how-to\/","og_site_name":"TENTATIONS \u00c9ROTIQUES par Charlie Liveshow","article_publisher":"https:\/\/www.facebook.com\/charlielivetantra","article_modified_time":"2021-02-16T23:18:06+00:00","og_image":[{"width":1024,"height":678,"url":"https:\/\/charlie-liveshow.com\/Tentation-erotique\/wp-content\/uploads\/2018\/11\/comment-devenir-femme-fontaine-how-to-squirt_1024.jpg","type":"image\/jpeg"}],"twitter_card":"summary_large_image","twitter_site":"@Charlieliveshow","twitter_misc":{"Dur\u00e9e de lecture estim\u00e9e":"1 minute"},"schema":{"@context":"https:\/\/schema.org","@graph":[{"@type":"WebPage","@id":"https:\/\/charlie-liveshow.com\/Tentation-erotique\/produit\/devenir-femme-fontaine-video-how-to\/","url":"https:\/\/charlie-liveshow.com\/Tentation-erotique\/produit\/devenir-femme-fontaine-video-how-to\/","name":"Comment devenir femme fontaine, la vid\u00e9o HOW to de Charlie","isPartOf":{"@id":"https:\/\/charlie-liveshow.com\/Tentation-erotique\/#website"},"datePublished":"2018-11-21T22:08:15+00:00","dateModified":"2021-02-16T23:18:06+00:00","description":"Comment devenir une femme fontaine ? Charlie vous explique et vous montre comment faire dans une vid\u00e9o explicite et EDUCATIVE","breadcrumb":{"@id":"https:\/\/charlie-liveshow.com\/Tentation-erotique\/produit\/devenir-femme-fontaine-video-how-to\/#breadcrumb"},"inLanguage":"fr-FR","potentialAction":[{"@type":"ReadAction","target":["https:\/\/charlie-liveshow.com\/Tentation-erotique\/produit\/devenir-femme-fontaine-video-how-to\/"]}]},{"@type":"BreadcrumbList","@id":"https:\/\/charlie-liveshow.com\/Tentation-erotique\/produit\/devenir-femme-fontaine-video-how-to\/#breadcrumb","itemListElement":[{"@type":"ListItem","position":1,"name":"Charlie r\u00e9veille vos sens","item":"https:\/\/charlie-liveshow.com\/Tentation-erotique\/page-d-accueil-commerce\/"},{"@type":"ListItem","position":2,"name":"Vid\u00e9os xXx","item":"https:\/\/charlie-liveshow.com\/Tentation-erotique\/categorie-produit\/videos-x-amateur-charlie\/"},{"@type":"ListItem","position":3,"name":"Comment devenir femme fontaine, la vid\u00e9o HOW to"}]},{"@type":"WebSite","@id":"https:\/\/charlie-liveshow.com\/Tentation-erotique\/#website","url":"https:\/\/charlie-liveshow.com\/Tentation-erotique\/","name":"TENTATIONS \u00c9ROTIQUES par Charlie Liveshow","description":"Eveillez vous \u00e0 l&#039;\u00e9rotisme","publisher":{"@id":"https:\/\/charlie-liveshow.com\/Tentation-erotique\/#organization"},"potentialAction":[{"@type":"SearchAction","target":{"@type":"EntryPoint","urlTemplate":"https:\/\/charlie-liveshow.com\/Tentation-erotique\/?s={search_term_string}"},"query-input":"required name=search_term_string"}],"inLanguage":"fr-FR"},{"@type":"Organization","@id":"https:\/\/charlie-liveshow.com\/Tentation-erotique\/#organization","name":"charlie-liveshow","url":"https:\/\/charlie-liveshow.com\/Tentation-erotique\/","logo":{"@type":"ImageObject","inLanguage":"fr-FR","@id":"https:\/\/charlie-liveshow.com\/Tentation-erotique\/#\/schema\/logo\/image\/","url":"https:\/\/charlie-liveshow.com\/Tentation-erotique\/wp-content\/uploads\/2013\/05\/Charlie_folies_logo.png","contentUrl":"https:\/\/charlie-liveshow.com\/Tentation-erotique\/wp-content\/uploads\/2013\/05\/Charlie_folies_logo.png","width":210,"height":206,"caption":"charlie-liveshow"},"image":{"@id":"https:\/\/charlie-liveshow.com\/Tentation-erotique\/#\/schema\/logo\/image\/"},"sameAs":["https:\/\/www.facebook.com\/charlielivetantra","https:\/\/twitter.com\/Charlieliveshow","https:\/\/www.instagram.com\/charlie_liveshow\/","https:\/\/www.youtube.com\/CharlieTantra"]}]}},"_links":{"self":[{"href":"https:\/\/charlie-liveshow.com\/Tentation-erotique\/wp-json\/wp\/v2\/product\/987"}],"collection":[{"href":"https:\/\/charlie-liveshow.com\/Tentation-erotique\/wp-json\/wp\/v2\/product"}],"about":[{"href":"https:\/\/charlie-liveshow.com\/Tentation-erotique\/wp-json\/wp\/v2\/types\/product"}],"replies":[{"embeddable":true,"href":"https:\/\/charlie-liveshow.com\/Tentation-erotique\/wp-json\/wp\/v2\/comments?post=987"}],"version-history":[{"count":0,"href":"https:\/\/charlie-liveshow.com\/Tentation-erotique\/wp-json\/wp\/v2\/product\/987\/revisions"}],"wp:featuredmedia":[{"embeddable":true,"href":"https:\/\/charlie-liveshow.com\/Tentation-erotique\/wp-json\/wp\/v2\/media\/43663"}],"wp:attachment":[{"href":"https:\/\/charlie-liveshow.com\/Tentation-erotique\/wp-json\/wp\/v2\/media?parent=987"}],"wp:term":[{"taxonomy":"product_cat","embeddable":true,"href":"https:\/\/charlie-liveshow.com\/Tentation-erotique\/wp-json\/wp\/v2\/product_cat?post=987"},{"taxonomy":"product_tag","embeddable":true,"href":"https:\/\/charlie-liveshow.com\/Tentation-erotique\/wp-json\/wp\/v2\/product_tag?post=987"}],"curies":[{"name":"wp","href":"https:\/\/api.w.org\/{rel}","templated":true}]}}