{"id":858,"date":"2018-11-07T08:30:37","date_gmt":"2018-11-07T07:30:37","guid":{"rendered":"https:\/\/charlie-liveshow.com\/Tentation-erotique\/?post_type=product&#038;p=858"},"modified":"2020-11-09T21:00:54","modified_gmt":"2020-11-09T20:00:54","slug":"charlie-pussy-pump-livecam-1118","status":"publish","type":"product","link":"https:\/\/charlie-liveshow.com\/Tentation-erotique\/produit\/charlie-pussy-pump-livecam-1118\/","title":{"rendered":"Charlie &#038; la pussy pump &#8211; exXxtreme"},"content":{"rendered":"<div id=\"note\">\n<h3>La pussy pump m&rsquo;explose la chatte<\/h3>\n<p>Charlie et la pussy pump en livecam avec en plus le Lush, le Hush, le Domi et mon mec pour enflammer ! <strong>Une heure de livecam vraiment extr\u00eame<\/strong> ou je finis par la plus grosse fontaine que j&rsquo;ai faite ! Quasiment 10 minutes de giclage !<\/p>\n<h4>Mots-cl\u00e9s de la vid\u00e9o<\/h4>\n<span class=\"su-label su-label-type-important\">Pussy pump<\/span> &#8211;\u00a0<span class=\"su-label su-label-type-info\">Anal<\/span> &#8211;\u00a0<span class=\"su-label su-label-type-important\">Fontaine <\/span> &#8211; <span class=\"su-label su-label-type-info\">Soumission<\/span> &#8211;\u00a0<span class=\"su-label su-label-type-success\">DEFONCE<\/span> &#8211;\u00a0<span class=\"su-label su-label-type-important\">DUO<\/span>\nFor (hot) adult only !<\/p>\n<h4>Fiche technique<\/h4>\n<p><strong>Dur\u00e9e : 66 minutes <\/strong>\u00a0| Qualit\u00e9 : 1280 x 720\u00a0px &#8211;\u00a0<strong>Format : .mov | <\/strong>Taille : 1 go<\/p>\n<\/div>\n","protected":false},"excerpt":{"rendered":"<p>Charlie &amp; la pussy pump en livecam avec 3 sextoys Lovense en m\u00eame temps ! Elle se fait\u00a0<strong>d\u00e9foncer son clitoris et sa chatte toute gonfl\u00e9e <\/strong>en faisant une\u00a0gorge profonde sur son mec pour finir par une \u00e9norme fontaine. Bonus : Plaisir anal, vibro &amp; vaginal<\/p>\n<p><strong>Dur\u00e9e : 66 minutes vraiment intense !\u00a0<\/strong><\/p>\n","protected":false},"featured_media":42309,"comment_status":"open","ping_status":"closed","template":"","meta":{"ub_ctt_via":""},"product_cat":[53],"product_tag":[43,21,54,159,26],"yoast_head":"<!-- This site is optimized with the Yoast SEO plugin v22.0 - https:\/\/yoast.com\/wordpress\/plugins\/seo\/ -->\n<title>Charlie &amp; la pussy pump - exXxtreme - Charlie TENTATIONS<\/title>\n<meta name=\"description\" content=\"Charlie &amp; la pussy pump en livecam avec 3 sextoys Lovense en m\u00eame temps ! D\u00e9fonce de son clitoris gonfl\u00e9 gorge profonde sur son mec et une \u00e9norme fontaine\" \/>\n<meta name=\"robots\" content=\"index, follow, max-snippet:-1, max-image-preview:large, max-video-preview:-1\" \/>\n<link rel=\"canonical\" href=\"https:\/\/charlie-liveshow.com\/Tentation-erotique\/produit\/charlie-pussy-pump-livecam-1118\/\" \/>\n<meta property=\"og:locale\" content=\"fr_FR\" \/>\n<meta property=\"og:type\" content=\"article\" \/>\n<meta property=\"og:title\" content=\"Charlie &amp; la pussy pump - exXxtreme - Charlie TENTATIONS\" \/>\n<meta property=\"og:description\" content=\"Charlie &amp; la pussy pump en livecam avec 3 sextoys Lovense en m\u00eame temps ! D\u00e9fonce de son clitoris gonfl\u00e9 gorge profonde sur son mec et une \u00e9norme fontaine\" \/>\n<meta property=\"og:url\" content=\"https:\/\/charlie-liveshow.com\/Tentation-erotique\/produit\/charlie-pussy-pump-livecam-1118\/\" \/>\n<meta property=\"og:site_name\" content=\"TENTATIONS \u00c9ROTIQUES par Charlie Liveshow\" \/>\n<meta property=\"article:publisher\" content=\"https:\/\/www.facebook.com\/charlielivetantra\" \/>\n<meta property=\"article:modified_time\" content=\"2020-11-09T20:00:54+00:00\" \/>\n<meta property=\"og:image\" content=\"https:\/\/charlie-liveshow.com\/Tentation-erotique\/wp-content\/uploads\/2018\/11\/Charlie-etla-pussy-live071118-1.jpg\" \/>\n\t<meta property=\"og:image:width\" content=\"1024\" \/>\n\t<meta property=\"og:image:height\" content=\"678\" \/>\n\t<meta property=\"og:image:type\" content=\"image\/jpeg\" \/>\n<meta name=\"twitter:card\" content=\"summary_large_image\" \/>\n<meta name=\"twitter:site\" content=\"@Charlieliveshow\" \/>\n<meta name=\"twitter:label1\" content=\"Dur\u00e9e de lecture estim\u00e9e\" \/>\n\t<meta name=\"twitter:data1\" content=\"1 minute\" \/>\n<script type=\"application\/ld+json\" class=\"yoast-schema-graph\">{\"@context\":\"https:\/\/schema.org\",\"@graph\":[{\"@type\":\"WebPage\",\"@id\":\"https:\/\/charlie-liveshow.com\/Tentation-erotique\/produit\/charlie-pussy-pump-livecam-1118\/\",\"url\":\"https:\/\/charlie-liveshow.com\/Tentation-erotique\/produit\/charlie-pussy-pump-livecam-1118\/\",\"name\":\"Charlie & la pussy pump - exXxtreme - Charlie TENTATIONS\",\"isPartOf\":{\"@id\":\"https:\/\/charlie-liveshow.com\/Tentation-erotique\/#website\"},\"datePublished\":\"2018-11-07T07:30:37+00:00\",\"dateModified\":\"2020-11-09T20:00:54+00:00\",\"description\":\"Charlie & la pussy pump en livecam avec 3 sextoys Lovense en m\u00eame temps ! D\u00e9fonce de son clitoris gonfl\u00e9 gorge profonde sur son mec et une \u00e9norme fontaine\",\"breadcrumb\":{\"@id\":\"https:\/\/charlie-liveshow.com\/Tentation-erotique\/produit\/charlie-pussy-pump-livecam-1118\/#breadcrumb\"},\"inLanguage\":\"fr-FR\",\"potentialAction\":[{\"@type\":\"ReadAction\",\"target\":[\"https:\/\/charlie-liveshow.com\/Tentation-erotique\/produit\/charlie-pussy-pump-livecam-1118\/\"]}]},{\"@type\":\"BreadcrumbList\",\"@id\":\"https:\/\/charlie-liveshow.com\/Tentation-erotique\/produit\/charlie-pussy-pump-livecam-1118\/#breadcrumb\",\"itemListElement\":[{\"@type\":\"ListItem\",\"position\":1,\"name\":\"Charlie r\u00e9veille vos sens\",\"item\":\"https:\/\/charlie-liveshow.com\/Tentation-erotique\/page-d-accueil-commerce\/\"},{\"@type\":\"ListItem\",\"position\":2,\"name\":\"Vid\u00e9os xXx\",\"item\":\"https:\/\/charlie-liveshow.com\/Tentation-erotique\/categorie-produit\/videos-x-amateur-charlie\/\"},{\"@type\":\"ListItem\",\"position\":3,\"name\":\"Charlie &#038; la pussy pump &#8211; exXxtreme\"}]},{\"@type\":\"WebSite\",\"@id\":\"https:\/\/charlie-liveshow.com\/Tentation-erotique\/#website\",\"url\":\"https:\/\/charlie-liveshow.com\/Tentation-erotique\/\",\"name\":\"TENTATIONS \u00c9ROTIQUES par Charlie Liveshow\",\"description\":\"Eveillez vous \u00e0 l&#039;\u00e9rotisme\",\"publisher\":{\"@id\":\"https:\/\/charlie-liveshow.com\/Tentation-erotique\/#organization\"},\"potentialAction\":[{\"@type\":\"SearchAction\",\"target\":{\"@type\":\"EntryPoint\",\"urlTemplate\":\"https:\/\/charlie-liveshow.com\/Tentation-erotique\/?s={search_term_string}\"},\"query-input\":\"required name=search_term_string\"}],\"inLanguage\":\"fr-FR\"},{\"@type\":\"Organization\",\"@id\":\"https:\/\/charlie-liveshow.com\/Tentation-erotique\/#organization\",\"name\":\"charlie-liveshow\",\"url\":\"https:\/\/charlie-liveshow.com\/Tentation-erotique\/\",\"logo\":{\"@type\":\"ImageObject\",\"inLanguage\":\"fr-FR\",\"@id\":\"https:\/\/charlie-liveshow.com\/Tentation-erotique\/#\/schema\/logo\/image\/\",\"url\":\"https:\/\/charlie-liveshow.com\/Tentation-erotique\/wp-content\/uploads\/2013\/05\/Charlie_folies_logo.png\",\"contentUrl\":\"https:\/\/charlie-liveshow.com\/Tentation-erotique\/wp-content\/uploads\/2013\/05\/Charlie_folies_logo.png\",\"width\":210,\"height\":206,\"caption\":\"charlie-liveshow\"},\"image\":{\"@id\":\"https:\/\/charlie-liveshow.com\/Tentation-erotique\/#\/schema\/logo\/image\/\"},\"sameAs\":[\"https:\/\/www.facebook.com\/charlielivetantra\",\"https:\/\/twitter.com\/Charlieliveshow\",\"https:\/\/www.instagram.com\/charlie_liveshow\/\",\"https:\/\/www.youtube.com\/CharlieTantra\"]}]}<\/script>\n<!-- \/ Yoast SEO plugin. -->","yoast_head_json":{"title":"Charlie & la pussy pump - exXxtreme - Charlie TENTATIONS","description":"Charlie & la pussy pump en livecam avec 3 sextoys Lovense en m\u00eame temps ! D\u00e9fonce de son clitoris gonfl\u00e9 gorge profonde sur son mec et une \u00e9norme fontaine","robots":{"index":"index","follow":"follow","max-snippet":"max-snippet:-1","max-image-preview":"max-image-preview:large","max-video-preview":"max-video-preview:-1"},"canonical":"https:\/\/charlie-liveshow.com\/Tentation-erotique\/produit\/charlie-pussy-pump-livecam-1118\/","og_locale":"fr_FR","og_type":"article","og_title":"Charlie & la pussy pump - exXxtreme - Charlie TENTATIONS","og_description":"Charlie & la pussy pump en livecam avec 3 sextoys Lovense en m\u00eame temps ! D\u00e9fonce de son clitoris gonfl\u00e9 gorge profonde sur son mec et une \u00e9norme fontaine","og_url":"https:\/\/charlie-liveshow.com\/Tentation-erotique\/produit\/charlie-pussy-pump-livecam-1118\/","og_site_name":"TENTATIONS \u00c9ROTIQUES par Charlie Liveshow","article_publisher":"https:\/\/www.facebook.com\/charlielivetantra","article_modified_time":"2020-11-09T20:00:54+00:00","og_image":[{"width":1024,"height":678,"url":"https:\/\/charlie-liveshow.com\/Tentation-erotique\/wp-content\/uploads\/2018\/11\/Charlie-etla-pussy-live071118-1.jpg","type":"image\/jpeg"}],"twitter_card":"summary_large_image","twitter_site":"@Charlieliveshow","twitter_misc":{"Dur\u00e9e de lecture estim\u00e9e":"1 minute"},"schema":{"@context":"https:\/\/schema.org","@graph":[{"@type":"WebPage","@id":"https:\/\/charlie-liveshow.com\/Tentation-erotique\/produit\/charlie-pussy-pump-livecam-1118\/","url":"https:\/\/charlie-liveshow.com\/Tentation-erotique\/produit\/charlie-pussy-pump-livecam-1118\/","name":"Charlie & la pussy pump - exXxtreme - Charlie TENTATIONS","isPartOf":{"@id":"https:\/\/charlie-liveshow.com\/Tentation-erotique\/#website"},"datePublished":"2018-11-07T07:30:37+00:00","dateModified":"2020-11-09T20:00:54+00:00","description":"Charlie & la pussy pump en livecam avec 3 sextoys Lovense en m\u00eame temps ! D\u00e9fonce de son clitoris gonfl\u00e9 gorge profonde sur son mec et une \u00e9norme fontaine","breadcrumb":{"@id":"https:\/\/charlie-liveshow.com\/Tentation-erotique\/produit\/charlie-pussy-pump-livecam-1118\/#breadcrumb"},"inLanguage":"fr-FR","potentialAction":[{"@type":"ReadAction","target":["https:\/\/charlie-liveshow.com\/Tentation-erotique\/produit\/charlie-pussy-pump-livecam-1118\/"]}]},{"@type":"BreadcrumbList","@id":"https:\/\/charlie-liveshow.com\/Tentation-erotique\/produit\/charlie-pussy-pump-livecam-1118\/#breadcrumb","itemListElement":[{"@type":"ListItem","position":1,"name":"Charlie r\u00e9veille vos sens","item":"https:\/\/charlie-liveshow.com\/Tentation-erotique\/page-d-accueil-commerce\/"},{"@type":"ListItem","position":2,"name":"Vid\u00e9os xXx","item":"https:\/\/charlie-liveshow.com\/Tentation-erotique\/categorie-produit\/videos-x-amateur-charlie\/"},{"@type":"ListItem","position":3,"name":"Charlie &#038; la pussy pump &#8211; exXxtreme"}]},{"@type":"WebSite","@id":"https:\/\/charlie-liveshow.com\/Tentation-erotique\/#website","url":"https:\/\/charlie-liveshow.com\/Tentation-erotique\/","name":"TENTATIONS \u00c9ROTIQUES par Charlie Liveshow","description":"Eveillez vous \u00e0 l&#039;\u00e9rotisme","publisher":{"@id":"https:\/\/charlie-liveshow.com\/Tentation-erotique\/#organization"},"potentialAction":[{"@type":"SearchAction","target":{"@type":"EntryPoint","urlTemplate":"https:\/\/charlie-liveshow.com\/Tentation-erotique\/?s={search_term_string}"},"query-input":"required name=search_term_string"}],"inLanguage":"fr-FR"},{"@type":"Organization","@id":"https:\/\/charlie-liveshow.com\/Tentation-erotique\/#organization","name":"charlie-liveshow","url":"https:\/\/charlie-liveshow.com\/Tentation-erotique\/","logo":{"@type":"ImageObject","inLanguage":"fr-FR","@id":"https:\/\/charlie-liveshow.com\/Tentation-erotique\/#\/schema\/logo\/image\/","url":"https:\/\/charlie-liveshow.com\/Tentation-erotique\/wp-content\/uploads\/2013\/05\/Charlie_folies_logo.png","contentUrl":"https:\/\/charlie-liveshow.com\/Tentation-erotique\/wp-content\/uploads\/2013\/05\/Charlie_folies_logo.png","width":210,"height":206,"caption":"charlie-liveshow"},"image":{"@id":"https:\/\/charlie-liveshow.com\/Tentation-erotique\/#\/schema\/logo\/image\/"},"sameAs":["https:\/\/www.facebook.com\/charlielivetantra","https:\/\/twitter.com\/Charlieliveshow","https:\/\/www.instagram.com\/charlie_liveshow\/","https:\/\/www.youtube.com\/CharlieTantra"]}]}},"_links":{"self":[{"href":"https:\/\/charlie-liveshow.com\/Tentation-erotique\/wp-json\/wp\/v2\/product\/858"}],"collection":[{"href":"https:\/\/charlie-liveshow.com\/Tentation-erotique\/wp-json\/wp\/v2\/product"}],"about":[{"href":"https:\/\/charlie-liveshow.com\/Tentation-erotique\/wp-json\/wp\/v2\/types\/product"}],"replies":[{"embeddable":true,"href":"https:\/\/charlie-liveshow.com\/Tentation-erotique\/wp-json\/wp\/v2\/comments?post=858"}],"version-history":[{"count":0,"href":"https:\/\/charlie-liveshow.com\/Tentation-erotique\/wp-json\/wp\/v2\/product\/858\/revisions"}],"wp:featuredmedia":[{"embeddable":true,"href":"https:\/\/charlie-liveshow.com\/Tentation-erotique\/wp-json\/wp\/v2\/media\/42309"}],"wp:attachment":[{"href":"https:\/\/charlie-liveshow.com\/Tentation-erotique\/wp-json\/wp\/v2\/media?parent=858"}],"wp:term":[{"taxonomy":"product_cat","embeddable":true,"href":"https:\/\/charlie-liveshow.com\/Tentation-erotique\/wp-json\/wp\/v2\/product_cat?post=858"},{"taxonomy":"product_tag","embeddable":true,"href":"https:\/\/charlie-liveshow.com\/Tentation-erotique\/wp-json\/wp\/v2\/product_tag?post=858"}],"curies":[{"name":"wp","href":"https:\/\/api.w.org\/{rel}","templated":true}]}}