{"id":806,"date":"2018-09-29T16:38:56","date_gmt":"2018-09-29T14:38:56","guid":{"rendered":"https:\/\/charlie-liveshow.com\/Tentation-erotique\/?post_type=product&#038;p=806"},"modified":"2020-01-17T15:15:17","modified_gmt":"2020-01-17T14:15:17","slug":"womanizer-inside-out-occasion-sextoy","status":"publish","type":"product","link":"https:\/\/charlie-liveshow.com\/Tentation-erotique\/produit\/womanizer-inside-out-occasion-sextoy\/","title":{"rendered":"Womanizer INSIDE OUT pour 90\u20ac"},"content":{"rendered":"<p><strong>Les sextoys d&rsquo;occasions. La sexualit\u00e9 ludique c&rsquo;est pour tous !<\/strong><\/p>\n<h2>Le Womanizer inside-out \u00e0 moiti\u00e9 prix !<\/h2>\n<p>Ce colis de sextoy d&rsquo;occasion contient le dernier stimulateur clitoridien par aspiration de la c\u00e9l\u00e8bre marque WOMANIZER, le Inside-out, aspi clito + rabbit !<\/p>\n<p>Valeur du colis <strong>neuf : 189 \u20ac.\u00a0<\/strong>Le sextoy Inside-out de Womanizer d&rsquo;occasion pr\u00e9sent\u00e9 ici est <strong>vendu 90\u20ac<\/strong> (+ frais de livraison)<\/p>\n<div class=\"su-spacer\" style=\"height:20px\"><\/div>\n<a id=\"livraison\"><\/a><br \/>\n<div class=\"su-spacer\" style=\"height:20px\"><\/div>\n<h3>LIVRAISON :<\/h3>\n<p>Le colis est envoy\u00e9 par <strong>Mondial Relais<\/strong> \u00e0 votre point relais le plus proche. D\u00e9s r\u00e9ception de votre commande je vous contacte par mail pour vous demander \u00e0 quel point relais je vous envoi votre colis de sextoys. Pour <strong>choisir votre point relais <a href=\"https:\/\/www.mondialrelay.fr\/trouver-le-point-relais-le-plus-proche-de-chez-moi\/\" target=\"_blank\" rel=\"noopener noreferrer\">suivez ce lien<\/a><\/strong><\/p>\n<p>La livraison est effectu\u00e9 par mondial relais <strong>sous 4 jours ouvr\u00e9s \u00e0 partir de la r\u00e9ception de l&rsquo;adresse du point relais<\/strong> de votre choix.<br \/>\n<div class=\"su-spacer\" style=\"height:20px\"><\/div>\n<h4 style=\"text-align: left;\">CONCERNANT les colis de sextoy d&rsquo;occasion<\/h4>\n<p>Les sextoys contenu dans ce coffret sont tous des sextoys d&rsquo;occasions. <strong>Ils ont \u00e9t\u00e9 test\u00e9s pour mes <a href=\"https:\/\/charlie-liveshow.com\/test-sex-toy-decale-by-charlie\/\" target=\"_blank\" rel=\"noopener noreferrer\">test sextoy<\/a> une ou deux fois pas plus.\u00a0<\/strong>Je prend soin de les nettoyer parfaitement avant l&rsquo;envoi. Ils sont tous en \u00e9tat de fonctionnement. Les p\u00eeles \u00e9ventuelles ne sont pas fournis avec.<\/p>\n<p>&nbsp;<\/p>\n","protected":false},"excerpt":{"rendered":"<p><strong>Womanizer Inside OUT \u00e0 90\u20ac !<\/strong><\/p>\n<p>Ce colis contient le sextoy de Womanizer INSIDE-OUT en version noir. C&rsquo;est un sextoy d&rsquo;occasion qui a \u00e9t\u00e9 utilis\u00e9 5 fois au cours des tests sextoy de Charlie. Il contient le sextoy en lui m\u00eame, la pochette de rangement, le cable USB de chargement et le mode d&#8217;emploi WOMANIZER et l&#8217;embout de rechange.<\/p>\n<p>Valeur neuf : 189\u20ac &#8211; vendu \u00e0 90 \u20ac (+ frais de port 6.20\u20ac)<\/p>\n<p style=\"text-align: center;\">Colis exp\u00e9di\u00e9 sous <a href=\"#livraison\">4 jours*<\/a> par mondial relais en France, Belgique et Luxembourg UNIQUEMENT<\/p>\n","protected":false},"featured_media":809,"comment_status":"open","ping_status":"closed","template":"","meta":{"ub_ctt_via":""},"product_cat":[48],"product_tag":[33,62,34],"yoast_head":"<!-- This site is optimized with the Yoast SEO plugin v22.0 - https:\/\/yoast.com\/wordpress\/plugins\/seo\/ -->\n<title>Womanizer INSIDE OUT pour 90\u20ac - Charlie TENTATIONS<\/title>\n<meta name=\"description\" content=\"DISCOUNT SEXTOYS ! Ce Colis de sextoy d&#039;occasion contient : Womanizer INSIDE-OUT. le cable de chargement, la pochette... Valeur neuf : 189\u20ac - vendu \u00e0 90 \u20ac\" \/>\n<meta name=\"robots\" content=\"index, follow, max-snippet:-1, max-image-preview:large, max-video-preview:-1\" \/>\n<link rel=\"canonical\" href=\"https:\/\/charlie-liveshow.com\/Tentation-erotique\/produit\/womanizer-inside-out-occasion-sextoy\/\" \/>\n<meta property=\"og:locale\" content=\"fr_FR\" \/>\n<meta property=\"og:type\" content=\"article\" \/>\n<meta property=\"og:title\" content=\"Womanizer INSIDE OUT pour 90\u20ac - Charlie TENTATIONS\" \/>\n<meta property=\"og:description\" content=\"DISCOUNT SEXTOYS ! Ce Colis de sextoy d&#039;occasion contient : Womanizer INSIDE-OUT. le cable de chargement, la pochette... Valeur neuf : 189\u20ac - vendu \u00e0 90 \u20ac\" \/>\n<meta property=\"og:url\" content=\"https:\/\/charlie-liveshow.com\/Tentation-erotique\/produit\/womanizer-inside-out-occasion-sextoy\/\" \/>\n<meta property=\"og:site_name\" content=\"TENTATIONS \u00c9ROTIQUES par Charlie Liveshow\" \/>\n<meta property=\"article:publisher\" content=\"https:\/\/www.facebook.com\/charlielivetantra\" \/>\n<meta property=\"article:modified_time\" content=\"2020-01-17T14:15:17+00:00\" \/>\n<meta property=\"og:image\" content=\"https:\/\/charlie-liveshow.com\/Tentation-erotique\/wp-content\/uploads\/2018\/09\/Womanizer-Inside-Out-Header.jpg\" \/>\n\t<meta property=\"og:image:width\" content=\"1024\" \/>\n\t<meta property=\"og:image:height\" content=\"678\" \/>\n\t<meta property=\"og:image:type\" content=\"image\/jpeg\" \/>\n<meta name=\"twitter:card\" content=\"summary_large_image\" \/>\n<meta name=\"twitter:site\" content=\"@Charlieliveshow\" \/>\n<meta name=\"twitter:label1\" content=\"Dur\u00e9e de lecture estim\u00e9e\" \/>\n\t<meta name=\"twitter:data1\" content=\"1 minute\" \/>\n<script type=\"application\/ld+json\" class=\"yoast-schema-graph\">{\"@context\":\"https:\/\/schema.org\",\"@graph\":[{\"@type\":\"WebPage\",\"@id\":\"https:\/\/charlie-liveshow.com\/Tentation-erotique\/produit\/womanizer-inside-out-occasion-sextoy\/\",\"url\":\"https:\/\/charlie-liveshow.com\/Tentation-erotique\/produit\/womanizer-inside-out-occasion-sextoy\/\",\"name\":\"Womanizer INSIDE OUT pour 90\u20ac - Charlie TENTATIONS\",\"isPartOf\":{\"@id\":\"https:\/\/charlie-liveshow.com\/Tentation-erotique\/#website\"},\"datePublished\":\"2018-09-29T14:38:56+00:00\",\"dateModified\":\"2020-01-17T14:15:17+00:00\",\"description\":\"DISCOUNT SEXTOYS ! Ce Colis de sextoy d'occasion contient : Womanizer INSIDE-OUT. le cable de chargement, la pochette... Valeur neuf : 189\u20ac - vendu \u00e0 90 \u20ac\",\"breadcrumb\":{\"@id\":\"https:\/\/charlie-liveshow.com\/Tentation-erotique\/produit\/womanizer-inside-out-occasion-sextoy\/#breadcrumb\"},\"inLanguage\":\"fr-FR\",\"potentialAction\":[{\"@type\":\"ReadAction\",\"target\":[\"https:\/\/charlie-liveshow.com\/Tentation-erotique\/produit\/womanizer-inside-out-occasion-sextoy\/\"]}]},{\"@type\":\"BreadcrumbList\",\"@id\":\"https:\/\/charlie-liveshow.com\/Tentation-erotique\/produit\/womanizer-inside-out-occasion-sextoy\/#breadcrumb\",\"itemListElement\":[{\"@type\":\"ListItem\",\"position\":1,\"name\":\"Charlie r\u00e9veille vos sens\",\"item\":\"https:\/\/charlie-liveshow.com\/Tentation-erotique\/page-d-accueil-commerce\/\"},{\"@type\":\"ListItem\",\"position\":2,\"name\":\"COLIS SEXTOYS ! Le plaisir pour tous\",\"item\":\"https:\/\/charlie-liveshow.com\/Tentation-erotique\/categorie-produit\/sextoys-doccasions\/\"},{\"@type\":\"ListItem\",\"position\":3,\"name\":\"Womanizer INSIDE OUT pour 90\u20ac\"}]},{\"@type\":\"WebSite\",\"@id\":\"https:\/\/charlie-liveshow.com\/Tentation-erotique\/#website\",\"url\":\"https:\/\/charlie-liveshow.com\/Tentation-erotique\/\",\"name\":\"TENTATIONS \u00c9ROTIQUES par Charlie Liveshow\",\"description\":\"Eveillez vous \u00e0 l&#039;\u00e9rotisme\",\"publisher\":{\"@id\":\"https:\/\/charlie-liveshow.com\/Tentation-erotique\/#organization\"},\"potentialAction\":[{\"@type\":\"SearchAction\",\"target\":{\"@type\":\"EntryPoint\",\"urlTemplate\":\"https:\/\/charlie-liveshow.com\/Tentation-erotique\/?s={search_term_string}\"},\"query-input\":\"required name=search_term_string\"}],\"inLanguage\":\"fr-FR\"},{\"@type\":\"Organization\",\"@id\":\"https:\/\/charlie-liveshow.com\/Tentation-erotique\/#organization\",\"name\":\"charlie-liveshow\",\"url\":\"https:\/\/charlie-liveshow.com\/Tentation-erotique\/\",\"logo\":{\"@type\":\"ImageObject\",\"inLanguage\":\"fr-FR\",\"@id\":\"https:\/\/charlie-liveshow.com\/Tentation-erotique\/#\/schema\/logo\/image\/\",\"url\":\"https:\/\/charlie-liveshow.com\/Tentation-erotique\/wp-content\/uploads\/2013\/05\/Charlie_folies_logo.png\",\"contentUrl\":\"https:\/\/charlie-liveshow.com\/Tentation-erotique\/wp-content\/uploads\/2013\/05\/Charlie_folies_logo.png\",\"width\":210,\"height\":206,\"caption\":\"charlie-liveshow\"},\"image\":{\"@id\":\"https:\/\/charlie-liveshow.com\/Tentation-erotique\/#\/schema\/logo\/image\/\"},\"sameAs\":[\"https:\/\/www.facebook.com\/charlielivetantra\",\"https:\/\/twitter.com\/Charlieliveshow\",\"https:\/\/www.instagram.com\/charlie_liveshow\/\",\"https:\/\/www.youtube.com\/CharlieTantra\"]}]}<\/script>\n<!-- \/ Yoast SEO plugin. -->","yoast_head_json":{"title":"Womanizer INSIDE OUT pour 90\u20ac - Charlie TENTATIONS","description":"DISCOUNT SEXTOYS ! Ce Colis de sextoy d'occasion contient : Womanizer INSIDE-OUT. le cable de chargement, la pochette... Valeur neuf : 189\u20ac - vendu \u00e0 90 \u20ac","robots":{"index":"index","follow":"follow","max-snippet":"max-snippet:-1","max-image-preview":"max-image-preview:large","max-video-preview":"max-video-preview:-1"},"canonical":"https:\/\/charlie-liveshow.com\/Tentation-erotique\/produit\/womanizer-inside-out-occasion-sextoy\/","og_locale":"fr_FR","og_type":"article","og_title":"Womanizer INSIDE OUT pour 90\u20ac - Charlie TENTATIONS","og_description":"DISCOUNT SEXTOYS ! Ce Colis de sextoy d'occasion contient : Womanizer INSIDE-OUT. le cable de chargement, la pochette... Valeur neuf : 189\u20ac - vendu \u00e0 90 \u20ac","og_url":"https:\/\/charlie-liveshow.com\/Tentation-erotique\/produit\/womanizer-inside-out-occasion-sextoy\/","og_site_name":"TENTATIONS \u00c9ROTIQUES par Charlie Liveshow","article_publisher":"https:\/\/www.facebook.com\/charlielivetantra","article_modified_time":"2020-01-17T14:15:17+00:00","og_image":[{"width":1024,"height":678,"url":"https:\/\/charlie-liveshow.com\/Tentation-erotique\/wp-content\/uploads\/2018\/09\/Womanizer-Inside-Out-Header.jpg","type":"image\/jpeg"}],"twitter_card":"summary_large_image","twitter_site":"@Charlieliveshow","twitter_misc":{"Dur\u00e9e de lecture estim\u00e9e":"1 minute"},"schema":{"@context":"https:\/\/schema.org","@graph":[{"@type":"WebPage","@id":"https:\/\/charlie-liveshow.com\/Tentation-erotique\/produit\/womanizer-inside-out-occasion-sextoy\/","url":"https:\/\/charlie-liveshow.com\/Tentation-erotique\/produit\/womanizer-inside-out-occasion-sextoy\/","name":"Womanizer INSIDE OUT pour 90\u20ac - Charlie TENTATIONS","isPartOf":{"@id":"https:\/\/charlie-liveshow.com\/Tentation-erotique\/#website"},"datePublished":"2018-09-29T14:38:56+00:00","dateModified":"2020-01-17T14:15:17+00:00","description":"DISCOUNT SEXTOYS ! Ce Colis de sextoy d'occasion contient : Womanizer INSIDE-OUT. le cable de chargement, la pochette... Valeur neuf : 189\u20ac - vendu \u00e0 90 \u20ac","breadcrumb":{"@id":"https:\/\/charlie-liveshow.com\/Tentation-erotique\/produit\/womanizer-inside-out-occasion-sextoy\/#breadcrumb"},"inLanguage":"fr-FR","potentialAction":[{"@type":"ReadAction","target":["https:\/\/charlie-liveshow.com\/Tentation-erotique\/produit\/womanizer-inside-out-occasion-sextoy\/"]}]},{"@type":"BreadcrumbList","@id":"https:\/\/charlie-liveshow.com\/Tentation-erotique\/produit\/womanizer-inside-out-occasion-sextoy\/#breadcrumb","itemListElement":[{"@type":"ListItem","position":1,"name":"Charlie r\u00e9veille vos sens","item":"https:\/\/charlie-liveshow.com\/Tentation-erotique\/page-d-accueil-commerce\/"},{"@type":"ListItem","position":2,"name":"COLIS SEXTOYS ! Le plaisir pour tous","item":"https:\/\/charlie-liveshow.com\/Tentation-erotique\/categorie-produit\/sextoys-doccasions\/"},{"@type":"ListItem","position":3,"name":"Womanizer INSIDE OUT pour 90\u20ac"}]},{"@type":"WebSite","@id":"https:\/\/charlie-liveshow.com\/Tentation-erotique\/#website","url":"https:\/\/charlie-liveshow.com\/Tentation-erotique\/","name":"TENTATIONS \u00c9ROTIQUES par Charlie Liveshow","description":"Eveillez vous \u00e0 l&#039;\u00e9rotisme","publisher":{"@id":"https:\/\/charlie-liveshow.com\/Tentation-erotique\/#organization"},"potentialAction":[{"@type":"SearchAction","target":{"@type":"EntryPoint","urlTemplate":"https:\/\/charlie-liveshow.com\/Tentation-erotique\/?s={search_term_string}"},"query-input":"required name=search_term_string"}],"inLanguage":"fr-FR"},{"@type":"Organization","@id":"https:\/\/charlie-liveshow.com\/Tentation-erotique\/#organization","name":"charlie-liveshow","url":"https:\/\/charlie-liveshow.com\/Tentation-erotique\/","logo":{"@type":"ImageObject","inLanguage":"fr-FR","@id":"https:\/\/charlie-liveshow.com\/Tentation-erotique\/#\/schema\/logo\/image\/","url":"https:\/\/charlie-liveshow.com\/Tentation-erotique\/wp-content\/uploads\/2013\/05\/Charlie_folies_logo.png","contentUrl":"https:\/\/charlie-liveshow.com\/Tentation-erotique\/wp-content\/uploads\/2013\/05\/Charlie_folies_logo.png","width":210,"height":206,"caption":"charlie-liveshow"},"image":{"@id":"https:\/\/charlie-liveshow.com\/Tentation-erotique\/#\/schema\/logo\/image\/"},"sameAs":["https:\/\/www.facebook.com\/charlielivetantra","https:\/\/twitter.com\/Charlieliveshow","https:\/\/www.instagram.com\/charlie_liveshow\/","https:\/\/www.youtube.com\/CharlieTantra"]}]}},"_links":{"self":[{"href":"https:\/\/charlie-liveshow.com\/Tentation-erotique\/wp-json\/wp\/v2\/product\/806"}],"collection":[{"href":"https:\/\/charlie-liveshow.com\/Tentation-erotique\/wp-json\/wp\/v2\/product"}],"about":[{"href":"https:\/\/charlie-liveshow.com\/Tentation-erotique\/wp-json\/wp\/v2\/types\/product"}],"replies":[{"embeddable":true,"href":"https:\/\/charlie-liveshow.com\/Tentation-erotique\/wp-json\/wp\/v2\/comments?post=806"}],"version-history":[{"count":0,"href":"https:\/\/charlie-liveshow.com\/Tentation-erotique\/wp-json\/wp\/v2\/product\/806\/revisions"}],"wp:featuredmedia":[{"embeddable":true,"href":"https:\/\/charlie-liveshow.com\/Tentation-erotique\/wp-json\/wp\/v2\/media\/809"}],"wp:attachment":[{"href":"https:\/\/charlie-liveshow.com\/Tentation-erotique\/wp-json\/wp\/v2\/media?parent=806"}],"wp:term":[{"taxonomy":"product_cat","embeddable":true,"href":"https:\/\/charlie-liveshow.com\/Tentation-erotique\/wp-json\/wp\/v2\/product_cat?post=806"},{"taxonomy":"product_tag","embeddable":true,"href":"https:\/\/charlie-liveshow.com\/Tentation-erotique\/wp-json\/wp\/v2\/product_tag?post=806"}],"curies":[{"name":"wp","href":"https:\/\/api.w.org\/{rel}","templated":true}]}}