{"id":711,"date":"2018-07-25T17:46:54","date_gmt":"2018-07-25T15:46:54","guid":{"rendered":"https:\/\/charlie-liveshow.com\/Tentation-erotique\/?post_type=product&#038;p=711"},"modified":"2020-11-09T21:08:23","modified_gmt":"2020-11-09T20:08:23","slug":"concombre-anal-video-charlie","status":"publish","type":"product","link":"https:\/\/charlie-liveshow.com\/Tentation-erotique\/produit\/concombre-anal-video-charlie\/","title":{"rendered":"Concombre lover soyez vegan (ou pas)"},"content":{"rendered":"<div id=\"note\">\n<h3>Le concombre masqu\u00e9 m&rsquo;a d\u00e9fonc\u00e9 !<\/h3>\n<p>24 minutes de bonheur 100% v\u00e9g\u00e9tal \u2013 100% V\u00e9gan avec au menu de la vid\u00e9o : Le concombre et son amie la courgette s\u2019amusent avec mes zones sensibles. Oui mais concombre et courgette \u00e9taient trop bien membr\u00e9s pour moi alors juste une tentative de double. MAIS quel pied j\u2019ai pris, du coup vous avez droit \u00e0 <strong>2 squirt time !<\/strong><\/p>\n<h4>Mots-cl\u00e9s de la vid\u00e9o<\/h4>\n<span class=\"su-label su-label-type-important\">Bizarre<\/span> &#8211;\u00a0<span class=\"su-label su-label-type-info\">Anal<\/span> &#8211;\u00a0<span class=\"su-label su-label-type-info\">Vaginal<\/span> &#8211;\u00a0<span class=\"su-label su-label-type-success\">SQUIRT<\/span> &#8211;\u00a0<span class=\"su-label su-label-type-info\">Double p\u00e9n\u00e9tration<\/span>\nFor (hot) adult only !<\/p>\n<h4>Fiche technique<\/h4>\n<p><strong>Dur\u00e9e : 24\u00a0minutes <\/strong>\u00a0| Qualit\u00e9 : 720 x 480\u00a0px &#8211;\u00a0<strong>Format : .mov | <\/strong>Taille : 440Mo<\/p>\n<\/div>\n","protected":false},"excerpt":{"rendered":"<p>Manger de mani\u00e8re saine ce n&rsquo;est pas forc\u00e9ment triste &#8230; la preuve ! <strong>Le concombre et la courgette en duo<\/strong> tr\u00e8s ludique et tr\u00e8s exXxtr\u00eame ! Il y a m\u00eame <strong>deux squirt !<\/strong><\/p>\n<p><strong>Dur\u00e9e : <\/strong>24 minutes<\/p>\n","protected":false},"featured_media":713,"comment_status":"open","ping_status":"closed","template":"","meta":{"ub_ctt_via":""},"product_cat":[53],"product_tag":[43,158,154],"yoast_head":"<!-- This site is optimized with the Yoast SEO plugin v22.0 - https:\/\/yoast.com\/wordpress\/plugins\/seo\/ -->\n<title>Concombre lover soyez vegan (ou pas) - Charlie TENTATIONS<\/title>\n<meta name=\"description\" content=\"On vous le dit assez souvent : Mangez des l\u00e9gumes ! Moi j&#039;\u00e9coute les conseils ! VIDEO 100% porno anal avec un concombre et une courgette jusqu&#039;au SQUIRT\" \/>\n<meta name=\"robots\" content=\"index, follow, max-snippet:-1, max-image-preview:large, max-video-preview:-1\" \/>\n<link rel=\"canonical\" href=\"https:\/\/charlie-liveshow.com\/Tentation-erotique\/produit\/concombre-anal-video-charlie\/\" \/>\n<meta property=\"og:locale\" content=\"fr_FR\" \/>\n<meta property=\"og:type\" content=\"article\" \/>\n<meta property=\"og:title\" content=\"Concombre lover soyez vegan (ou pas) - Charlie TENTATIONS\" \/>\n<meta property=\"og:description\" content=\"On vous le dit assez souvent : Mangez des l\u00e9gumes ! Moi j&#039;\u00e9coute les conseils ! VIDEO 100% porno anal avec un concombre et une courgette jusqu&#039;au SQUIRT\" \/>\n<meta property=\"og:url\" content=\"https:\/\/charlie-liveshow.com\/Tentation-erotique\/produit\/concombre-anal-video-charlie\/\" \/>\n<meta property=\"og:site_name\" content=\"TENTATIONS \u00c9ROTIQUES par Charlie Liveshow\" \/>\n<meta property=\"article:publisher\" content=\"https:\/\/www.facebook.com\/charlielivetantra\" \/>\n<meta property=\"article:modified_time\" content=\"2020-11-09T20:08:23+00:00\" \/>\n<meta property=\"og:image\" content=\"https:\/\/charlie-liveshow.com\/Tentation-erotique\/wp-content\/uploads\/2018\/07\/concombre-lover-CLS-20.jpg\" \/>\n\t<meta property=\"og:image:width\" content=\"1280\" \/>\n\t<meta property=\"og:image:height\" content=\"847\" \/>\n\t<meta property=\"og:image:type\" content=\"image\/jpeg\" \/>\n<meta name=\"twitter:card\" content=\"summary_large_image\" \/>\n<meta name=\"twitter:site\" content=\"@Charlieliveshow\" \/>\n<meta name=\"twitter:label1\" content=\"Dur\u00e9e de lecture estim\u00e9e\" \/>\n\t<meta name=\"twitter:data1\" content=\"1 minute\" \/>\n<script type=\"application\/ld+json\" class=\"yoast-schema-graph\">{\"@context\":\"https:\/\/schema.org\",\"@graph\":[{\"@type\":\"WebPage\",\"@id\":\"https:\/\/charlie-liveshow.com\/Tentation-erotique\/produit\/concombre-anal-video-charlie\/\",\"url\":\"https:\/\/charlie-liveshow.com\/Tentation-erotique\/produit\/concombre-anal-video-charlie\/\",\"name\":\"Concombre lover soyez vegan (ou pas) - Charlie TENTATIONS\",\"isPartOf\":{\"@id\":\"https:\/\/charlie-liveshow.com\/Tentation-erotique\/#website\"},\"datePublished\":\"2018-07-25T15:46:54+00:00\",\"dateModified\":\"2020-11-09T20:08:23+00:00\",\"description\":\"On vous le dit assez souvent : Mangez des l\u00e9gumes ! Moi j'\u00e9coute les conseils ! VIDEO 100% porno anal avec un concombre et une courgette jusqu'au SQUIRT\",\"breadcrumb\":{\"@id\":\"https:\/\/charlie-liveshow.com\/Tentation-erotique\/produit\/concombre-anal-video-charlie\/#breadcrumb\"},\"inLanguage\":\"fr-FR\",\"potentialAction\":[{\"@type\":\"ReadAction\",\"target\":[\"https:\/\/charlie-liveshow.com\/Tentation-erotique\/produit\/concombre-anal-video-charlie\/\"]}]},{\"@type\":\"BreadcrumbList\",\"@id\":\"https:\/\/charlie-liveshow.com\/Tentation-erotique\/produit\/concombre-anal-video-charlie\/#breadcrumb\",\"itemListElement\":[{\"@type\":\"ListItem\",\"position\":1,\"name\":\"Charlie r\u00e9veille vos sens\",\"item\":\"https:\/\/charlie-liveshow.com\/Tentation-erotique\/page-d-accueil-commerce\/\"},{\"@type\":\"ListItem\",\"position\":2,\"name\":\"Vid\u00e9os xXx\",\"item\":\"https:\/\/charlie-liveshow.com\/Tentation-erotique\/categorie-produit\/videos-x-amateur-charlie\/\"},{\"@type\":\"ListItem\",\"position\":3,\"name\":\"Concombre lover soyez vegan (ou pas)\"}]},{\"@type\":\"WebSite\",\"@id\":\"https:\/\/charlie-liveshow.com\/Tentation-erotique\/#website\",\"url\":\"https:\/\/charlie-liveshow.com\/Tentation-erotique\/\",\"name\":\"TENTATIONS \u00c9ROTIQUES par Charlie Liveshow\",\"description\":\"Eveillez vous \u00e0 l&#039;\u00e9rotisme\",\"publisher\":{\"@id\":\"https:\/\/charlie-liveshow.com\/Tentation-erotique\/#organization\"},\"potentialAction\":[{\"@type\":\"SearchAction\",\"target\":{\"@type\":\"EntryPoint\",\"urlTemplate\":\"https:\/\/charlie-liveshow.com\/Tentation-erotique\/?s={search_term_string}\"},\"query-input\":\"required name=search_term_string\"}],\"inLanguage\":\"fr-FR\"},{\"@type\":\"Organization\",\"@id\":\"https:\/\/charlie-liveshow.com\/Tentation-erotique\/#organization\",\"name\":\"charlie-liveshow\",\"url\":\"https:\/\/charlie-liveshow.com\/Tentation-erotique\/\",\"logo\":{\"@type\":\"ImageObject\",\"inLanguage\":\"fr-FR\",\"@id\":\"https:\/\/charlie-liveshow.com\/Tentation-erotique\/#\/schema\/logo\/image\/\",\"url\":\"https:\/\/charlie-liveshow.com\/Tentation-erotique\/wp-content\/uploads\/2013\/05\/Charlie_folies_logo.png\",\"contentUrl\":\"https:\/\/charlie-liveshow.com\/Tentation-erotique\/wp-content\/uploads\/2013\/05\/Charlie_folies_logo.png\",\"width\":210,\"height\":206,\"caption\":\"charlie-liveshow\"},\"image\":{\"@id\":\"https:\/\/charlie-liveshow.com\/Tentation-erotique\/#\/schema\/logo\/image\/\"},\"sameAs\":[\"https:\/\/www.facebook.com\/charlielivetantra\",\"https:\/\/twitter.com\/Charlieliveshow\",\"https:\/\/www.instagram.com\/charlie_liveshow\/\",\"https:\/\/www.youtube.com\/CharlieTantra\"]}]}<\/script>\n<!-- \/ Yoast SEO plugin. -->","yoast_head_json":{"title":"Concombre lover soyez vegan (ou pas) - Charlie TENTATIONS","description":"On vous le dit assez souvent : Mangez des l\u00e9gumes ! Moi j'\u00e9coute les conseils ! VIDEO 100% porno anal avec un concombre et une courgette jusqu'au SQUIRT","robots":{"index":"index","follow":"follow","max-snippet":"max-snippet:-1","max-image-preview":"max-image-preview:large","max-video-preview":"max-video-preview:-1"},"canonical":"https:\/\/charlie-liveshow.com\/Tentation-erotique\/produit\/concombre-anal-video-charlie\/","og_locale":"fr_FR","og_type":"article","og_title":"Concombre lover soyez vegan (ou pas) - Charlie TENTATIONS","og_description":"On vous le dit assez souvent : Mangez des l\u00e9gumes ! Moi j'\u00e9coute les conseils ! VIDEO 100% porno anal avec un concombre et une courgette jusqu'au SQUIRT","og_url":"https:\/\/charlie-liveshow.com\/Tentation-erotique\/produit\/concombre-anal-video-charlie\/","og_site_name":"TENTATIONS \u00c9ROTIQUES par Charlie Liveshow","article_publisher":"https:\/\/www.facebook.com\/charlielivetantra","article_modified_time":"2020-11-09T20:08:23+00:00","og_image":[{"width":1280,"height":847,"url":"https:\/\/charlie-liveshow.com\/Tentation-erotique\/wp-content\/uploads\/2018\/07\/concombre-lover-CLS-20.jpg","type":"image\/jpeg"}],"twitter_card":"summary_large_image","twitter_site":"@Charlieliveshow","twitter_misc":{"Dur\u00e9e de lecture estim\u00e9e":"1 minute"},"schema":{"@context":"https:\/\/schema.org","@graph":[{"@type":"WebPage","@id":"https:\/\/charlie-liveshow.com\/Tentation-erotique\/produit\/concombre-anal-video-charlie\/","url":"https:\/\/charlie-liveshow.com\/Tentation-erotique\/produit\/concombre-anal-video-charlie\/","name":"Concombre lover soyez vegan (ou pas) - Charlie TENTATIONS","isPartOf":{"@id":"https:\/\/charlie-liveshow.com\/Tentation-erotique\/#website"},"datePublished":"2018-07-25T15:46:54+00:00","dateModified":"2020-11-09T20:08:23+00:00","description":"On vous le dit assez souvent : Mangez des l\u00e9gumes ! Moi j'\u00e9coute les conseils ! VIDEO 100% porno anal avec un concombre et une courgette jusqu'au SQUIRT","breadcrumb":{"@id":"https:\/\/charlie-liveshow.com\/Tentation-erotique\/produit\/concombre-anal-video-charlie\/#breadcrumb"},"inLanguage":"fr-FR","potentialAction":[{"@type":"ReadAction","target":["https:\/\/charlie-liveshow.com\/Tentation-erotique\/produit\/concombre-anal-video-charlie\/"]}]},{"@type":"BreadcrumbList","@id":"https:\/\/charlie-liveshow.com\/Tentation-erotique\/produit\/concombre-anal-video-charlie\/#breadcrumb","itemListElement":[{"@type":"ListItem","position":1,"name":"Charlie r\u00e9veille vos sens","item":"https:\/\/charlie-liveshow.com\/Tentation-erotique\/page-d-accueil-commerce\/"},{"@type":"ListItem","position":2,"name":"Vid\u00e9os xXx","item":"https:\/\/charlie-liveshow.com\/Tentation-erotique\/categorie-produit\/videos-x-amateur-charlie\/"},{"@type":"ListItem","position":3,"name":"Concombre lover soyez vegan (ou pas)"}]},{"@type":"WebSite","@id":"https:\/\/charlie-liveshow.com\/Tentation-erotique\/#website","url":"https:\/\/charlie-liveshow.com\/Tentation-erotique\/","name":"TENTATIONS \u00c9ROTIQUES par Charlie Liveshow","description":"Eveillez vous \u00e0 l&#039;\u00e9rotisme","publisher":{"@id":"https:\/\/charlie-liveshow.com\/Tentation-erotique\/#organization"},"potentialAction":[{"@type":"SearchAction","target":{"@type":"EntryPoint","urlTemplate":"https:\/\/charlie-liveshow.com\/Tentation-erotique\/?s={search_term_string}"},"query-input":"required name=search_term_string"}],"inLanguage":"fr-FR"},{"@type":"Organization","@id":"https:\/\/charlie-liveshow.com\/Tentation-erotique\/#organization","name":"charlie-liveshow","url":"https:\/\/charlie-liveshow.com\/Tentation-erotique\/","logo":{"@type":"ImageObject","inLanguage":"fr-FR","@id":"https:\/\/charlie-liveshow.com\/Tentation-erotique\/#\/schema\/logo\/image\/","url":"https:\/\/charlie-liveshow.com\/Tentation-erotique\/wp-content\/uploads\/2013\/05\/Charlie_folies_logo.png","contentUrl":"https:\/\/charlie-liveshow.com\/Tentation-erotique\/wp-content\/uploads\/2013\/05\/Charlie_folies_logo.png","width":210,"height":206,"caption":"charlie-liveshow"},"image":{"@id":"https:\/\/charlie-liveshow.com\/Tentation-erotique\/#\/schema\/logo\/image\/"},"sameAs":["https:\/\/www.facebook.com\/charlielivetantra","https:\/\/twitter.com\/Charlieliveshow","https:\/\/www.instagram.com\/charlie_liveshow\/","https:\/\/www.youtube.com\/CharlieTantra"]}]}},"_links":{"self":[{"href":"https:\/\/charlie-liveshow.com\/Tentation-erotique\/wp-json\/wp\/v2\/product\/711"}],"collection":[{"href":"https:\/\/charlie-liveshow.com\/Tentation-erotique\/wp-json\/wp\/v2\/product"}],"about":[{"href":"https:\/\/charlie-liveshow.com\/Tentation-erotique\/wp-json\/wp\/v2\/types\/product"}],"replies":[{"embeddable":true,"href":"https:\/\/charlie-liveshow.com\/Tentation-erotique\/wp-json\/wp\/v2\/comments?post=711"}],"version-history":[{"count":0,"href":"https:\/\/charlie-liveshow.com\/Tentation-erotique\/wp-json\/wp\/v2\/product\/711\/revisions"}],"wp:featuredmedia":[{"embeddable":true,"href":"https:\/\/charlie-liveshow.com\/Tentation-erotique\/wp-json\/wp\/v2\/media\/713"}],"wp:attachment":[{"href":"https:\/\/charlie-liveshow.com\/Tentation-erotique\/wp-json\/wp\/v2\/media?parent=711"}],"wp:term":[{"taxonomy":"product_cat","embeddable":true,"href":"https:\/\/charlie-liveshow.com\/Tentation-erotique\/wp-json\/wp\/v2\/product_cat?post=711"},{"taxonomy":"product_tag","embeddable":true,"href":"https:\/\/charlie-liveshow.com\/Tentation-erotique\/wp-json\/wp\/v2\/product_tag?post=711"}],"curies":[{"name":"wp","href":"https:\/\/api.w.org\/{rel}","templated":true}]}}