{"id":626,"date":"2018-07-05T23:36:10","date_gmt":"2018-07-05T21:36:10","guid":{"rendered":"https:\/\/charlie-liveshow.com\/Tentation-erotique\/?post_type=product&#038;p=626"},"modified":"2018-11-12T10:26:28","modified_gmt":"2018-11-12T09:26:28","slug":"la-pharmacienne-esparbec-livre-pornographique","status":"publish","type":"product","link":"https:\/\/charlie-liveshow.com\/Tentation-erotique\/produit\/la-pharmacienne-esparbec-livre-pornographique\/","title":{"rendered":"La pharmacienne de Esparbec, livre pornographique"},"content":{"rendered":"<p>la temp\u00e9rature va monter d\u2019un cran ! Je vous emm\u00e8ne dans l\u2019 univers sulfureux et d\u00e9cadent d\u2019Esparbec, un auteur qui se revendique non pas comme un auteur de litt\u00e9rature \u00e9rotique mais comme un pornographe \u00e0 part enti\u00e8re. Pour lui, pornographie n\u2019est absolument pas synonyme de mauvaise qualit\u00e9, et \u00e7a fait du bien \u00e0 entendre et \u00e0 lire.<\/p>\n<p>Voil\u00e0 d\u2019ailleurs une petite citation de lui que j\u2019adore :<\/p>\n<blockquote><p>Il y a de bons polars, de bons bouquins de SF, pourquoi pas de bons pornos ? Pourquoi la pornographie devrait-elle \u00eatre laiss\u00e9e \u00e0 des \u00e9crivains de second ordre ? D\u00e9nu\u00e9s de talent ? Pourquoi la vouer aux poubelles de la litt\u00e9rature, aux sex-shops ?<\/p>\n<p><em>Esparbec<\/em><\/p><\/blockquote>\n<div class=\"su-button-center\"><a href=\"https:\/\/charlie-liveshow.com\/portfolio\/lecture-erotique-la-pharmacienne\/\" class=\"su-button su-button-style-flat su-button-wide\" style=\"color:#fff;background-color:#ed1e79;border-color:#be1861;border-radius:0px;-moz-border-radius:0px;-webkit-border-radius:0px\" target=\"_blank\" rel=\"noopener noreferrer\"><span style=\"color:#fff;padding:8px 26px;font-size:20px;line-height:30px;border-color:#f362a2;border-radius:0px;-moz-border-radius:0px;-webkit-border-radius:0px;text-shadow:none;-moz-text-shadow:none;-webkit-text-shadow:none\"><i class=\"sui sui-bell-o\" style=\"font-size:20px;color:#fff\"><\/i> Ecouter le podcast de ce livre<\/span><\/a><\/div>\n","protected":false},"excerpt":{"rendered":"<p>Esparbec ne fait pas dans la romance et encore moins dans le mi\u00e8vre. La Pharmacienne est pour moi un petit chef d&rsquo;oeuvre de ce qu&rsquo;il nomme lui m\u00eame la litt\u00e9rature pornographique.<\/p>\n<p>Alors attention \u00e2mes blanches et pures lisez ce livre en r\u00e9citant des ave maria en boucle car vous allez d\u00e9couvrir que celle qui donne les m\u00e9dicaments \u00e0 vos parents en affichant un grand sourire aime bien qu&rsquo;on lui d\u00e9ride les fesses.<\/p>\n<p>Un classique des livres \u00e9rotiques : INDISPENSABLE<\/p>\n","protected":false},"featured_media":627,"comment_status":"open","ping_status":"closed","template":"","meta":{"ub_ctt_via":""},"product_cat":[15],"product_tag":[22,29],"yoast_head":"<!-- This site is optimized with the Yoast SEO plugin v22.0 - https:\/\/yoast.com\/wordpress\/plugins\/seo\/ -->\n<title>La pharmacienne de Esparbec, livre pornographique - Charlie TENTATIONS<\/title>\n<meta name=\"description\" content=\"Esparbec ne fait pas dans la romance. La Pharmacienne est pour moi un petit chef d&#039;oeuvre de ce qu&#039;il nomme lui m\u00eame la litt\u00e9rature pornographique ESSENTIEL\" \/>\n<meta name=\"robots\" content=\"index, follow, max-snippet:-1, max-image-preview:large, max-video-preview:-1\" \/>\n<link rel=\"canonical\" href=\"https:\/\/charlie-liveshow.com\/Tentation-erotique\/produit\/la-pharmacienne-esparbec-livre-pornographique\/\" \/>\n<meta property=\"og:locale\" content=\"fr_FR\" \/>\n<meta property=\"og:type\" content=\"article\" \/>\n<meta property=\"og:title\" content=\"La pharmacienne de Esparbec, livre pornographique - Charlie TENTATIONS\" \/>\n<meta property=\"og:description\" content=\"Esparbec ne fait pas dans la romance. La Pharmacienne est pour moi un petit chef d&#039;oeuvre de ce qu&#039;il nomme lui m\u00eame la litt\u00e9rature pornographique ESSENTIEL\" \/>\n<meta property=\"og:url\" content=\"https:\/\/charlie-liveshow.com\/Tentation-erotique\/produit\/la-pharmacienne-esparbec-livre-pornographique\/\" \/>\n<meta property=\"og:site_name\" content=\"TENTATIONS \u00c9ROTIQUES par Charlie Liveshow\" \/>\n<meta property=\"article:publisher\" content=\"https:\/\/www.facebook.com\/charlielivetantra\" \/>\n<meta property=\"article:modified_time\" content=\"2018-11-12T09:26:28+00:00\" \/>\n<meta property=\"og:image\" content=\"https:\/\/charlie-liveshow.com\/Tentation-erotique\/wp-content\/uploads\/2018\/07\/la-pharmacienne-esparbec.jpg\" \/>\n\t<meta property=\"og:image:width\" content=\"530\" \/>\n\t<meta property=\"og:image:height\" content=\"800\" \/>\n\t<meta property=\"og:image:type\" content=\"image\/jpeg\" \/>\n<meta name=\"twitter:card\" content=\"summary_large_image\" \/>\n<meta name=\"twitter:site\" content=\"@Charlieliveshow\" \/>\n<meta name=\"twitter:label1\" content=\"Dur\u00e9e de lecture estim\u00e9e\" \/>\n\t<meta name=\"twitter:data1\" content=\"1 minute\" \/>\n<script type=\"application\/ld+json\" class=\"yoast-schema-graph\">{\"@context\":\"https:\/\/schema.org\",\"@graph\":[{\"@type\":\"WebPage\",\"@id\":\"https:\/\/charlie-liveshow.com\/Tentation-erotique\/produit\/la-pharmacienne-esparbec-livre-pornographique\/\",\"url\":\"https:\/\/charlie-liveshow.com\/Tentation-erotique\/produit\/la-pharmacienne-esparbec-livre-pornographique\/\",\"name\":\"La pharmacienne de Esparbec, livre pornographique - Charlie TENTATIONS\",\"isPartOf\":{\"@id\":\"https:\/\/charlie-liveshow.com\/Tentation-erotique\/#website\"},\"datePublished\":\"2018-07-05T21:36:10+00:00\",\"dateModified\":\"2018-11-12T09:26:28+00:00\",\"description\":\"Esparbec ne fait pas dans la romance. La Pharmacienne est pour moi un petit chef d'oeuvre de ce qu'il nomme lui m\u00eame la litt\u00e9rature pornographique ESSENTIEL\",\"breadcrumb\":{\"@id\":\"https:\/\/charlie-liveshow.com\/Tentation-erotique\/produit\/la-pharmacienne-esparbec-livre-pornographique\/#breadcrumb\"},\"inLanguage\":\"fr-FR\",\"potentialAction\":[{\"@type\":\"ReadAction\",\"target\":[\"https:\/\/charlie-liveshow.com\/Tentation-erotique\/produit\/la-pharmacienne-esparbec-livre-pornographique\/\"]}]},{\"@type\":\"BreadcrumbList\",\"@id\":\"https:\/\/charlie-liveshow.com\/Tentation-erotique\/produit\/la-pharmacienne-esparbec-livre-pornographique\/#breadcrumb\",\"itemListElement\":[{\"@type\":\"ListItem\",\"position\":1,\"name\":\"Charlie r\u00e9veille vos sens\",\"item\":\"https:\/\/charlie-liveshow.com\/Tentation-erotique\/page-d-accueil-commerce\/\"},{\"@type\":\"ListItem\",\"position\":2,\"name\":\"Livres EROTIQUES\",\"item\":\"https:\/\/charlie-liveshow.com\/Tentation-erotique\/categorie-produit\/livres-erotiques\/\"},{\"@type\":\"ListItem\",\"position\":3,\"name\":\"La pharmacienne de Esparbec, livre pornographique\"}]},{\"@type\":\"WebSite\",\"@id\":\"https:\/\/charlie-liveshow.com\/Tentation-erotique\/#website\",\"url\":\"https:\/\/charlie-liveshow.com\/Tentation-erotique\/\",\"name\":\"TENTATIONS \u00c9ROTIQUES par Charlie Liveshow\",\"description\":\"Eveillez vous \u00e0 l&#039;\u00e9rotisme\",\"publisher\":{\"@id\":\"https:\/\/charlie-liveshow.com\/Tentation-erotique\/#organization\"},\"potentialAction\":[{\"@type\":\"SearchAction\",\"target\":{\"@type\":\"EntryPoint\",\"urlTemplate\":\"https:\/\/charlie-liveshow.com\/Tentation-erotique\/?s={search_term_string}\"},\"query-input\":\"required name=search_term_string\"}],\"inLanguage\":\"fr-FR\"},{\"@type\":\"Organization\",\"@id\":\"https:\/\/charlie-liveshow.com\/Tentation-erotique\/#organization\",\"name\":\"charlie-liveshow\",\"url\":\"https:\/\/charlie-liveshow.com\/Tentation-erotique\/\",\"logo\":{\"@type\":\"ImageObject\",\"inLanguage\":\"fr-FR\",\"@id\":\"https:\/\/charlie-liveshow.com\/Tentation-erotique\/#\/schema\/logo\/image\/\",\"url\":\"https:\/\/charlie-liveshow.com\/Tentation-erotique\/wp-content\/uploads\/2013\/05\/Charlie_folies_logo.png\",\"contentUrl\":\"https:\/\/charlie-liveshow.com\/Tentation-erotique\/wp-content\/uploads\/2013\/05\/Charlie_folies_logo.png\",\"width\":210,\"height\":206,\"caption\":\"charlie-liveshow\"},\"image\":{\"@id\":\"https:\/\/charlie-liveshow.com\/Tentation-erotique\/#\/schema\/logo\/image\/\"},\"sameAs\":[\"https:\/\/www.facebook.com\/charlielivetantra\",\"https:\/\/twitter.com\/Charlieliveshow\",\"https:\/\/www.instagram.com\/charlie_liveshow\/\",\"https:\/\/www.youtube.com\/CharlieTantra\"]}]}<\/script>\n<!-- \/ Yoast SEO plugin. -->","yoast_head_json":{"title":"La pharmacienne de Esparbec, livre pornographique - Charlie TENTATIONS","description":"Esparbec ne fait pas dans la romance. La Pharmacienne est pour moi un petit chef d'oeuvre de ce qu'il nomme lui m\u00eame la litt\u00e9rature pornographique ESSENTIEL","robots":{"index":"index","follow":"follow","max-snippet":"max-snippet:-1","max-image-preview":"max-image-preview:large","max-video-preview":"max-video-preview:-1"},"canonical":"https:\/\/charlie-liveshow.com\/Tentation-erotique\/produit\/la-pharmacienne-esparbec-livre-pornographique\/","og_locale":"fr_FR","og_type":"article","og_title":"La pharmacienne de Esparbec, livre pornographique - Charlie TENTATIONS","og_description":"Esparbec ne fait pas dans la romance. La Pharmacienne est pour moi un petit chef d'oeuvre de ce qu'il nomme lui m\u00eame la litt\u00e9rature pornographique ESSENTIEL","og_url":"https:\/\/charlie-liveshow.com\/Tentation-erotique\/produit\/la-pharmacienne-esparbec-livre-pornographique\/","og_site_name":"TENTATIONS \u00c9ROTIQUES par Charlie Liveshow","article_publisher":"https:\/\/www.facebook.com\/charlielivetantra","article_modified_time":"2018-11-12T09:26:28+00:00","og_image":[{"width":530,"height":800,"url":"https:\/\/charlie-liveshow.com\/Tentation-erotique\/wp-content\/uploads\/2018\/07\/la-pharmacienne-esparbec.jpg","type":"image\/jpeg"}],"twitter_card":"summary_large_image","twitter_site":"@Charlieliveshow","twitter_misc":{"Dur\u00e9e de lecture estim\u00e9e":"1 minute"},"schema":{"@context":"https:\/\/schema.org","@graph":[{"@type":"WebPage","@id":"https:\/\/charlie-liveshow.com\/Tentation-erotique\/produit\/la-pharmacienne-esparbec-livre-pornographique\/","url":"https:\/\/charlie-liveshow.com\/Tentation-erotique\/produit\/la-pharmacienne-esparbec-livre-pornographique\/","name":"La pharmacienne de Esparbec, livre pornographique - Charlie TENTATIONS","isPartOf":{"@id":"https:\/\/charlie-liveshow.com\/Tentation-erotique\/#website"},"datePublished":"2018-07-05T21:36:10+00:00","dateModified":"2018-11-12T09:26:28+00:00","description":"Esparbec ne fait pas dans la romance. La Pharmacienne est pour moi un petit chef d'oeuvre de ce qu'il nomme lui m\u00eame la litt\u00e9rature pornographique ESSENTIEL","breadcrumb":{"@id":"https:\/\/charlie-liveshow.com\/Tentation-erotique\/produit\/la-pharmacienne-esparbec-livre-pornographique\/#breadcrumb"},"inLanguage":"fr-FR","potentialAction":[{"@type":"ReadAction","target":["https:\/\/charlie-liveshow.com\/Tentation-erotique\/produit\/la-pharmacienne-esparbec-livre-pornographique\/"]}]},{"@type":"BreadcrumbList","@id":"https:\/\/charlie-liveshow.com\/Tentation-erotique\/produit\/la-pharmacienne-esparbec-livre-pornographique\/#breadcrumb","itemListElement":[{"@type":"ListItem","position":1,"name":"Charlie r\u00e9veille vos sens","item":"https:\/\/charlie-liveshow.com\/Tentation-erotique\/page-d-accueil-commerce\/"},{"@type":"ListItem","position":2,"name":"Livres EROTIQUES","item":"https:\/\/charlie-liveshow.com\/Tentation-erotique\/categorie-produit\/livres-erotiques\/"},{"@type":"ListItem","position":3,"name":"La pharmacienne de Esparbec, livre pornographique"}]},{"@type":"WebSite","@id":"https:\/\/charlie-liveshow.com\/Tentation-erotique\/#website","url":"https:\/\/charlie-liveshow.com\/Tentation-erotique\/","name":"TENTATIONS \u00c9ROTIQUES par Charlie Liveshow","description":"Eveillez vous \u00e0 l&#039;\u00e9rotisme","publisher":{"@id":"https:\/\/charlie-liveshow.com\/Tentation-erotique\/#organization"},"potentialAction":[{"@type":"SearchAction","target":{"@type":"EntryPoint","urlTemplate":"https:\/\/charlie-liveshow.com\/Tentation-erotique\/?s={search_term_string}"},"query-input":"required name=search_term_string"}],"inLanguage":"fr-FR"},{"@type":"Organization","@id":"https:\/\/charlie-liveshow.com\/Tentation-erotique\/#organization","name":"charlie-liveshow","url":"https:\/\/charlie-liveshow.com\/Tentation-erotique\/","logo":{"@type":"ImageObject","inLanguage":"fr-FR","@id":"https:\/\/charlie-liveshow.com\/Tentation-erotique\/#\/schema\/logo\/image\/","url":"https:\/\/charlie-liveshow.com\/Tentation-erotique\/wp-content\/uploads\/2013\/05\/Charlie_folies_logo.png","contentUrl":"https:\/\/charlie-liveshow.com\/Tentation-erotique\/wp-content\/uploads\/2013\/05\/Charlie_folies_logo.png","width":210,"height":206,"caption":"charlie-liveshow"},"image":{"@id":"https:\/\/charlie-liveshow.com\/Tentation-erotique\/#\/schema\/logo\/image\/"},"sameAs":["https:\/\/www.facebook.com\/charlielivetantra","https:\/\/twitter.com\/Charlieliveshow","https:\/\/www.instagram.com\/charlie_liveshow\/","https:\/\/www.youtube.com\/CharlieTantra"]}]}},"_links":{"self":[{"href":"https:\/\/charlie-liveshow.com\/Tentation-erotique\/wp-json\/wp\/v2\/product\/626"}],"collection":[{"href":"https:\/\/charlie-liveshow.com\/Tentation-erotique\/wp-json\/wp\/v2\/product"}],"about":[{"href":"https:\/\/charlie-liveshow.com\/Tentation-erotique\/wp-json\/wp\/v2\/types\/product"}],"replies":[{"embeddable":true,"href":"https:\/\/charlie-liveshow.com\/Tentation-erotique\/wp-json\/wp\/v2\/comments?post=626"}],"version-history":[{"count":0,"href":"https:\/\/charlie-liveshow.com\/Tentation-erotique\/wp-json\/wp\/v2\/product\/626\/revisions"}],"wp:featuredmedia":[{"embeddable":true,"href":"https:\/\/charlie-liveshow.com\/Tentation-erotique\/wp-json\/wp\/v2\/media\/627"}],"wp:attachment":[{"href":"https:\/\/charlie-liveshow.com\/Tentation-erotique\/wp-json\/wp\/v2\/media?parent=626"}],"wp:term":[{"taxonomy":"product_cat","embeddable":true,"href":"https:\/\/charlie-liveshow.com\/Tentation-erotique\/wp-json\/wp\/v2\/product_cat?post=626"},{"taxonomy":"product_tag","embeddable":true,"href":"https:\/\/charlie-liveshow.com\/Tentation-erotique\/wp-json\/wp\/v2\/product_tag?post=626"}],"curies":[{"name":"wp","href":"https:\/\/api.w.org\/{rel}","templated":true}]}}