{"id":624,"date":"2018-07-05T23:24:35","date_gmt":"2018-07-05T21:24:35","guid":{"rendered":"https:\/\/charlie-liveshow.com\/Tentation-erotique\/?post_type=product&#038;p=624"},"modified":"2018-07-05T23:25:09","modified_gmt":"2018-07-05T21:25:09","slug":"plein-la-vue-corpus-delecta-kindle-erotique","status":"publish","type":"product","link":"https:\/\/charlie-liveshow.com\/Tentation-erotique\/produit\/plein-la-vue-corpus-delecta-kindle-erotique\/","title":{"rendered":"Plein la vue de Corpus Delecta"},"content":{"rendered":"<p>Je le redis, je sais, mais qu\u2019est-ce que j\u2019aime la plume de Corpus Delecta ! Dans Plein la vue, les personnages sont des gens de la vie de tous les jours, simples. Ca pourrait \u00eatre moi, vous, un voisin, une coll\u00e8gue de travail. Il y a des jeunes, des vieux, des quelconques, des coinc\u00e9s ou des qui ont oubli\u00e9 ce que \u00e7a fait d\u2019aimer. Pas de situation extraordinaire, mais Corpus Delecta d\u00e9niche l\u2019extra ordinaire dans le quotidien, la petite \u00e9tincelle qui ravive la magie des corps.<\/p>\n<div class=\"su-button-center\"><a href=\"https:\/\/charlie-liveshow.com\/voyeurisme-lecture-erotique-corpus-delecta\/\" class=\"su-button su-button-style-flat su-button-wide\" style=\"color:#fff;background-color:#ed1e79;border-color:#be1861;border-radius:0px;-moz-border-radius:0px;-webkit-border-radius:0px\" target=\"_blank\" rel=\"noopener noreferrer\"><span style=\"color:#fff;padding:8px 26px;font-size:20px;line-height:30px;border-color:#f362a2;border-radius:0px;-moz-border-radius:0px;-webkit-border-radius:0px;text-shadow:none;-moz-text-shadow:none;-webkit-text-shadow:none\"><i class=\"sui sui-bell-o\" style=\"font-size:20px;color:#fff\"><\/i> Ecouter le podcast de ce livre<\/span><\/a><\/div>\n","protected":false},"excerpt":{"rendered":"<p>Voil\u00e0 <strong>un recueil de nouvelles \u00e9rotiques \u00e0 lire sans mod\u00e9ration ! Mon seul regret ? Je l\u2019ai fini trop vite<\/strong> !<\/p>\n<p>J\u2019aime la plume de Corpus Delecta ! Dans <strong>Plein la vue<\/strong>, les personnages sont des gens de la vie de tous les jours.<\/p>\n<p>Ca pourrait \u00eatre moi, vous, un voisin, une coll\u00e8gue de travail. Des gens qui ont oubli\u00e9s ce que \u00e7a fait d\u2019aimer.<\/p>\n","protected":false},"featured_media":625,"comment_status":"open","ping_status":"closed","template":"","meta":{"ub_ctt_via":""},"product_cat":[15],"product_tag":[23,22],"yoast_head":"<!-- This site is optimized with the Yoast SEO plugin v22.0 - https:\/\/yoast.com\/wordpress\/plugins\/seo\/ -->\n<title>Plein la vue de Corpus Delecta - Charlie TENTATIONS<\/title>\n<meta name=\"description\" content=\"Dans Plein la vue, de Corpus Delecta, les personnages sont des gens de la vie de tous les jours et pourtant... C&#039;est simple, bien \u00e9crit et ca ce d\u00e9vore !\" \/>\n<meta name=\"robots\" content=\"index, follow, max-snippet:-1, max-image-preview:large, max-video-preview:-1\" \/>\n<link rel=\"canonical\" href=\"https:\/\/charlie-liveshow.com\/Tentation-erotique\/produit\/plein-la-vue-corpus-delecta-kindle-erotique\/\" \/>\n<meta property=\"og:locale\" content=\"fr_FR\" \/>\n<meta property=\"og:type\" content=\"article\" \/>\n<meta property=\"og:title\" content=\"Plein la vue de Corpus Delecta - Charlie TENTATIONS\" \/>\n<meta property=\"og:description\" content=\"Dans Plein la vue, de Corpus Delecta, les personnages sont des gens de la vie de tous les jours et pourtant... C&#039;est simple, bien \u00e9crit et ca ce d\u00e9vore !\" \/>\n<meta property=\"og:url\" content=\"https:\/\/charlie-liveshow.com\/Tentation-erotique\/produit\/plein-la-vue-corpus-delecta-kindle-erotique\/\" \/>\n<meta property=\"og:site_name\" content=\"TENTATIONS \u00c9ROTIQUES par Charlie Liveshow\" \/>\n<meta property=\"article:publisher\" content=\"https:\/\/www.facebook.com\/charlielivetantra\" \/>\n<meta property=\"article:modified_time\" content=\"2018-07-05T21:25:09+00:00\" \/>\n<meta property=\"og:image\" content=\"https:\/\/charlie-liveshow.com\/Tentation-erotique\/wp-content\/uploads\/2018\/07\/corpus-delecta-plein-la-vue.jpg\" \/>\n\t<meta property=\"og:image:width\" content=\"530\" \/>\n\t<meta property=\"og:image:height\" content=\"800\" \/>\n\t<meta property=\"og:image:type\" content=\"image\/jpeg\" \/>\n<meta name=\"twitter:card\" content=\"summary_large_image\" \/>\n<meta name=\"twitter:site\" content=\"@Charlieliveshow\" \/>\n<meta name=\"twitter:label1\" content=\"Dur\u00e9e de lecture estim\u00e9e\" \/>\n\t<meta name=\"twitter:data1\" content=\"1 minute\" \/>\n<script type=\"application\/ld+json\" class=\"yoast-schema-graph\">{\"@context\":\"https:\/\/schema.org\",\"@graph\":[{\"@type\":\"WebPage\",\"@id\":\"https:\/\/charlie-liveshow.com\/Tentation-erotique\/produit\/plein-la-vue-corpus-delecta-kindle-erotique\/\",\"url\":\"https:\/\/charlie-liveshow.com\/Tentation-erotique\/produit\/plein-la-vue-corpus-delecta-kindle-erotique\/\",\"name\":\"Plein la vue de Corpus Delecta - Charlie TENTATIONS\",\"isPartOf\":{\"@id\":\"https:\/\/charlie-liveshow.com\/Tentation-erotique\/#website\"},\"datePublished\":\"2018-07-05T21:24:35+00:00\",\"dateModified\":\"2018-07-05T21:25:09+00:00\",\"description\":\"Dans Plein la vue, de Corpus Delecta, les personnages sont des gens de la vie de tous les jours et pourtant... C'est simple, bien \u00e9crit et ca ce d\u00e9vore !\",\"breadcrumb\":{\"@id\":\"https:\/\/charlie-liveshow.com\/Tentation-erotique\/produit\/plein-la-vue-corpus-delecta-kindle-erotique\/#breadcrumb\"},\"inLanguage\":\"fr-FR\",\"potentialAction\":[{\"@type\":\"ReadAction\",\"target\":[\"https:\/\/charlie-liveshow.com\/Tentation-erotique\/produit\/plein-la-vue-corpus-delecta-kindle-erotique\/\"]}]},{\"@type\":\"BreadcrumbList\",\"@id\":\"https:\/\/charlie-liveshow.com\/Tentation-erotique\/produit\/plein-la-vue-corpus-delecta-kindle-erotique\/#breadcrumb\",\"itemListElement\":[{\"@type\":\"ListItem\",\"position\":1,\"name\":\"Charlie r\u00e9veille vos sens\",\"item\":\"https:\/\/charlie-liveshow.com\/Tentation-erotique\/page-d-accueil-commerce\/\"},{\"@type\":\"ListItem\",\"position\":2,\"name\":\"Livres EROTIQUES\",\"item\":\"https:\/\/charlie-liveshow.com\/Tentation-erotique\/categorie-produit\/livres-erotiques\/\"},{\"@type\":\"ListItem\",\"position\":3,\"name\":\"Plein la vue de Corpus Delecta\"}]},{\"@type\":\"WebSite\",\"@id\":\"https:\/\/charlie-liveshow.com\/Tentation-erotique\/#website\",\"url\":\"https:\/\/charlie-liveshow.com\/Tentation-erotique\/\",\"name\":\"TENTATIONS \u00c9ROTIQUES par Charlie Liveshow\",\"description\":\"Eveillez vous \u00e0 l&#039;\u00e9rotisme\",\"publisher\":{\"@id\":\"https:\/\/charlie-liveshow.com\/Tentation-erotique\/#organization\"},\"potentialAction\":[{\"@type\":\"SearchAction\",\"target\":{\"@type\":\"EntryPoint\",\"urlTemplate\":\"https:\/\/charlie-liveshow.com\/Tentation-erotique\/?s={search_term_string}\"},\"query-input\":\"required name=search_term_string\"}],\"inLanguage\":\"fr-FR\"},{\"@type\":\"Organization\",\"@id\":\"https:\/\/charlie-liveshow.com\/Tentation-erotique\/#organization\",\"name\":\"charlie-liveshow\",\"url\":\"https:\/\/charlie-liveshow.com\/Tentation-erotique\/\",\"logo\":{\"@type\":\"ImageObject\",\"inLanguage\":\"fr-FR\",\"@id\":\"https:\/\/charlie-liveshow.com\/Tentation-erotique\/#\/schema\/logo\/image\/\",\"url\":\"https:\/\/charlie-liveshow.com\/Tentation-erotique\/wp-content\/uploads\/2013\/05\/Charlie_folies_logo.png\",\"contentUrl\":\"https:\/\/charlie-liveshow.com\/Tentation-erotique\/wp-content\/uploads\/2013\/05\/Charlie_folies_logo.png\",\"width\":210,\"height\":206,\"caption\":\"charlie-liveshow\"},\"image\":{\"@id\":\"https:\/\/charlie-liveshow.com\/Tentation-erotique\/#\/schema\/logo\/image\/\"},\"sameAs\":[\"https:\/\/www.facebook.com\/charlielivetantra\",\"https:\/\/twitter.com\/Charlieliveshow\",\"https:\/\/www.instagram.com\/charlie_liveshow\/\",\"https:\/\/www.youtube.com\/CharlieTantra\"]}]}<\/script>\n<!-- \/ Yoast SEO plugin. -->","yoast_head_json":{"title":"Plein la vue de Corpus Delecta - Charlie TENTATIONS","description":"Dans Plein la vue, de Corpus Delecta, les personnages sont des gens de la vie de tous les jours et pourtant... C'est simple, bien \u00e9crit et ca ce d\u00e9vore !","robots":{"index":"index","follow":"follow","max-snippet":"max-snippet:-1","max-image-preview":"max-image-preview:large","max-video-preview":"max-video-preview:-1"},"canonical":"https:\/\/charlie-liveshow.com\/Tentation-erotique\/produit\/plein-la-vue-corpus-delecta-kindle-erotique\/","og_locale":"fr_FR","og_type":"article","og_title":"Plein la vue de Corpus Delecta - Charlie TENTATIONS","og_description":"Dans Plein la vue, de Corpus Delecta, les personnages sont des gens de la vie de tous les jours et pourtant... C'est simple, bien \u00e9crit et ca ce d\u00e9vore !","og_url":"https:\/\/charlie-liveshow.com\/Tentation-erotique\/produit\/plein-la-vue-corpus-delecta-kindle-erotique\/","og_site_name":"TENTATIONS \u00c9ROTIQUES par Charlie Liveshow","article_publisher":"https:\/\/www.facebook.com\/charlielivetantra","article_modified_time":"2018-07-05T21:25:09+00:00","og_image":[{"width":530,"height":800,"url":"https:\/\/charlie-liveshow.com\/Tentation-erotique\/wp-content\/uploads\/2018\/07\/corpus-delecta-plein-la-vue.jpg","type":"image\/jpeg"}],"twitter_card":"summary_large_image","twitter_site":"@Charlieliveshow","twitter_misc":{"Dur\u00e9e de lecture estim\u00e9e":"1 minute"},"schema":{"@context":"https:\/\/schema.org","@graph":[{"@type":"WebPage","@id":"https:\/\/charlie-liveshow.com\/Tentation-erotique\/produit\/plein-la-vue-corpus-delecta-kindle-erotique\/","url":"https:\/\/charlie-liveshow.com\/Tentation-erotique\/produit\/plein-la-vue-corpus-delecta-kindle-erotique\/","name":"Plein la vue de Corpus Delecta - Charlie TENTATIONS","isPartOf":{"@id":"https:\/\/charlie-liveshow.com\/Tentation-erotique\/#website"},"datePublished":"2018-07-05T21:24:35+00:00","dateModified":"2018-07-05T21:25:09+00:00","description":"Dans Plein la vue, de Corpus Delecta, les personnages sont des gens de la vie de tous les jours et pourtant... C'est simple, bien \u00e9crit et ca ce d\u00e9vore !","breadcrumb":{"@id":"https:\/\/charlie-liveshow.com\/Tentation-erotique\/produit\/plein-la-vue-corpus-delecta-kindle-erotique\/#breadcrumb"},"inLanguage":"fr-FR","potentialAction":[{"@type":"ReadAction","target":["https:\/\/charlie-liveshow.com\/Tentation-erotique\/produit\/plein-la-vue-corpus-delecta-kindle-erotique\/"]}]},{"@type":"BreadcrumbList","@id":"https:\/\/charlie-liveshow.com\/Tentation-erotique\/produit\/plein-la-vue-corpus-delecta-kindle-erotique\/#breadcrumb","itemListElement":[{"@type":"ListItem","position":1,"name":"Charlie r\u00e9veille vos sens","item":"https:\/\/charlie-liveshow.com\/Tentation-erotique\/page-d-accueil-commerce\/"},{"@type":"ListItem","position":2,"name":"Livres EROTIQUES","item":"https:\/\/charlie-liveshow.com\/Tentation-erotique\/categorie-produit\/livres-erotiques\/"},{"@type":"ListItem","position":3,"name":"Plein la vue de Corpus Delecta"}]},{"@type":"WebSite","@id":"https:\/\/charlie-liveshow.com\/Tentation-erotique\/#website","url":"https:\/\/charlie-liveshow.com\/Tentation-erotique\/","name":"TENTATIONS \u00c9ROTIQUES par Charlie Liveshow","description":"Eveillez vous \u00e0 l&#039;\u00e9rotisme","publisher":{"@id":"https:\/\/charlie-liveshow.com\/Tentation-erotique\/#organization"},"potentialAction":[{"@type":"SearchAction","target":{"@type":"EntryPoint","urlTemplate":"https:\/\/charlie-liveshow.com\/Tentation-erotique\/?s={search_term_string}"},"query-input":"required name=search_term_string"}],"inLanguage":"fr-FR"},{"@type":"Organization","@id":"https:\/\/charlie-liveshow.com\/Tentation-erotique\/#organization","name":"charlie-liveshow","url":"https:\/\/charlie-liveshow.com\/Tentation-erotique\/","logo":{"@type":"ImageObject","inLanguage":"fr-FR","@id":"https:\/\/charlie-liveshow.com\/Tentation-erotique\/#\/schema\/logo\/image\/","url":"https:\/\/charlie-liveshow.com\/Tentation-erotique\/wp-content\/uploads\/2013\/05\/Charlie_folies_logo.png","contentUrl":"https:\/\/charlie-liveshow.com\/Tentation-erotique\/wp-content\/uploads\/2013\/05\/Charlie_folies_logo.png","width":210,"height":206,"caption":"charlie-liveshow"},"image":{"@id":"https:\/\/charlie-liveshow.com\/Tentation-erotique\/#\/schema\/logo\/image\/"},"sameAs":["https:\/\/www.facebook.com\/charlielivetantra","https:\/\/twitter.com\/Charlieliveshow","https:\/\/www.instagram.com\/charlie_liveshow\/","https:\/\/www.youtube.com\/CharlieTantra"]}]}},"_links":{"self":[{"href":"https:\/\/charlie-liveshow.com\/Tentation-erotique\/wp-json\/wp\/v2\/product\/624"}],"collection":[{"href":"https:\/\/charlie-liveshow.com\/Tentation-erotique\/wp-json\/wp\/v2\/product"}],"about":[{"href":"https:\/\/charlie-liveshow.com\/Tentation-erotique\/wp-json\/wp\/v2\/types\/product"}],"replies":[{"embeddable":true,"href":"https:\/\/charlie-liveshow.com\/Tentation-erotique\/wp-json\/wp\/v2\/comments?post=624"}],"version-history":[{"count":0,"href":"https:\/\/charlie-liveshow.com\/Tentation-erotique\/wp-json\/wp\/v2\/product\/624\/revisions"}],"wp:featuredmedia":[{"embeddable":true,"href":"https:\/\/charlie-liveshow.com\/Tentation-erotique\/wp-json\/wp\/v2\/media\/625"}],"wp:attachment":[{"href":"https:\/\/charlie-liveshow.com\/Tentation-erotique\/wp-json\/wp\/v2\/media?parent=624"}],"wp:term":[{"taxonomy":"product_cat","embeddable":true,"href":"https:\/\/charlie-liveshow.com\/Tentation-erotique\/wp-json\/wp\/v2\/product_cat?post=624"},{"taxonomy":"product_tag","embeddable":true,"href":"https:\/\/charlie-liveshow.com\/Tentation-erotique\/wp-json\/wp\/v2\/product_tag?post=624"}],"curies":[{"name":"wp","href":"https:\/\/api.w.org\/{rel}","templated":true}]}}