{"id":623,"date":"2018-07-05T23:12:50","date_gmt":"2018-07-05T21:12:50","guid":{"rendered":"https:\/\/charlie-liveshow.com\/Tentation-erotique\/?post_type=product&#038;p=623"},"modified":"2018-07-05T23:12:50","modified_gmt":"2018-07-05T21:12:50","slug":"souvenirs-tatie-monique-livre-erotique","status":"publish","type":"product","link":"https:\/\/charlie-liveshow.com\/Tentation-erotique\/produit\/souvenirs-tatie-monique-livre-erotique\/","title":{"rendered":"Les souvenirs de Tatie Monique &#8211; Fran\u00e7oise Colliot"},"content":{"rendered":"<p>Fran\u00e7oise Colliot, l&rsquo;autrice de livre, est un cas \u00e0 part. Autodidacte, femme libre et aventuri\u00e8re immobile elle \u00e9crit les m\u00e9moires d&rsquo;une folle jeunesse v\u00e9cu &#8230; ou pas. C&rsquo;est la beaut\u00e9 du roman. Une autrice au verbe simple, au verbe aussi vivant et truculent que ses personnages. Ces histoires \u00e9rotiques sont toujours un bonheur de fra\u00eecheur piquante. <strong>Vraiment \u00e0 d\u00e9couvrir<\/strong><\/p>\n<div class=\"su-button-center\"><a href=\"https:\/\/charlie-liveshow.com\/portfolio\/souvenirs-tatie-monique-colliot\/\" class=\"su-button su-button-style-flat su-button-wide\" style=\"color:#fff;background-color:#ed1e79;border-color:#be1861;border-radius:0px;-moz-border-radius:0px;-webkit-border-radius:0px\" target=\"_blank\" rel=\"noopener noreferrer\"><span style=\"color:#fff;padding:8px 26px;font-size:20px;line-height:30px;border-color:#f362a2;border-radius:0px;-moz-border-radius:0px;-webkit-border-radius:0px;text-shadow:none;-moz-text-shadow:none;-webkit-text-shadow:none\"><i class=\"sui sui-bell-o\" style=\"font-size:20px;color:#fff\"><\/i> Ecouter le podcast de ce livre<\/span><\/a><\/div>\n","protected":false},"excerpt":{"rendered":"<p>Tatie Monique a 20 ans en 1974 et descend dans le sud de la France pour passer l\u2019\u00e9t\u00e9 chez sa Bonne Maman. Mais d\u00e8s le voyage en train qui l\u2019emm\u00e8ne au pays des cigales, de la garrigue et des odeurs de thym, la jeune Monique se d\u00e9couvre des app\u00e9tits charnels qui la surprennent elle m\u00eame.<\/p>\n<p><strong>Une autrice, Fran\u00e7oise Colliot, et un livre \u00e0 d\u00e9couvrir si ce n&rsquo;est d\u00e9j\u00e0 fait<\/strong><\/p>\n","protected":false},"featured_media":622,"comment_status":"open","ping_status":"closed","template":"","meta":{"ub_ctt_via":""},"product_cat":[15],"product_tag":[23,22],"yoast_head":"<!-- This site is optimized with the Yoast SEO plugin v22.0 - https:\/\/yoast.com\/wordpress\/plugins\/seo\/ -->\n<title>Les souvenirs de Tatie Monique - Fran\u00e7oise Colliot - Charlie TENTATIONS<\/title>\n<meta name=\"description\" content=\"Tatie Monique a 20 ans en 1974 et descend dans le sud de la France pour passer l\u2019\u00e9t\u00e9 chez sa Bonne Maman. Un livre \u00e9rotique et une autrice \u00e0 d\u00e9couvrir\" \/>\n<meta name=\"robots\" content=\"index, follow, max-snippet:-1, max-image-preview:large, max-video-preview:-1\" \/>\n<link rel=\"canonical\" href=\"https:\/\/charlie-liveshow.com\/Tentation-erotique\/produit\/souvenirs-tatie-monique-livre-erotique\/\" \/>\n<meta property=\"og:locale\" content=\"fr_FR\" \/>\n<meta property=\"og:type\" content=\"article\" \/>\n<meta property=\"og:title\" content=\"Les souvenirs de Tatie Monique - Fran\u00e7oise Colliot - Charlie TENTATIONS\" \/>\n<meta property=\"og:description\" content=\"Tatie Monique a 20 ans en 1974 et descend dans le sud de la France pour passer l\u2019\u00e9t\u00e9 chez sa Bonne Maman. Un livre \u00e9rotique et une autrice \u00e0 d\u00e9couvrir\" \/>\n<meta property=\"og:url\" content=\"https:\/\/charlie-liveshow.com\/Tentation-erotique\/produit\/souvenirs-tatie-monique-livre-erotique\/\" \/>\n<meta property=\"og:site_name\" content=\"TENTATIONS \u00c9ROTIQUES par Charlie Liveshow\" \/>\n<meta property=\"article:publisher\" content=\"https:\/\/www.facebook.com\/charlielivetantra\" \/>\n<meta property=\"og:image\" content=\"https:\/\/charlie-liveshow.com\/Tentation-erotique\/wp-content\/uploads\/2018\/07\/cahier-bonne-maman.jpg\" \/>\n\t<meta property=\"og:image:width\" content=\"530\" \/>\n\t<meta property=\"og:image:height\" content=\"800\" \/>\n\t<meta property=\"og:image:type\" content=\"image\/jpeg\" \/>\n<meta name=\"twitter:card\" content=\"summary_large_image\" \/>\n<meta name=\"twitter:site\" content=\"@Charlieliveshow\" \/>\n<script type=\"application\/ld+json\" class=\"yoast-schema-graph\">{\"@context\":\"https:\/\/schema.org\",\"@graph\":[{\"@type\":\"WebPage\",\"@id\":\"https:\/\/charlie-liveshow.com\/Tentation-erotique\/produit\/souvenirs-tatie-monique-livre-erotique\/\",\"url\":\"https:\/\/charlie-liveshow.com\/Tentation-erotique\/produit\/souvenirs-tatie-monique-livre-erotique\/\",\"name\":\"Les souvenirs de Tatie Monique - Fran\u00e7oise Colliot - Charlie TENTATIONS\",\"isPartOf\":{\"@id\":\"https:\/\/charlie-liveshow.com\/Tentation-erotique\/#website\"},\"datePublished\":\"2018-07-05T21:12:50+00:00\",\"dateModified\":\"2018-07-05T21:12:50+00:00\",\"description\":\"Tatie Monique a 20 ans en 1974 et descend dans le sud de la France pour passer l\u2019\u00e9t\u00e9 chez sa Bonne Maman. Un livre \u00e9rotique et une autrice \u00e0 d\u00e9couvrir\",\"breadcrumb\":{\"@id\":\"https:\/\/charlie-liveshow.com\/Tentation-erotique\/produit\/souvenirs-tatie-monique-livre-erotique\/#breadcrumb\"},\"inLanguage\":\"fr-FR\",\"potentialAction\":[{\"@type\":\"ReadAction\",\"target\":[\"https:\/\/charlie-liveshow.com\/Tentation-erotique\/produit\/souvenirs-tatie-monique-livre-erotique\/\"]}]},{\"@type\":\"BreadcrumbList\",\"@id\":\"https:\/\/charlie-liveshow.com\/Tentation-erotique\/produit\/souvenirs-tatie-monique-livre-erotique\/#breadcrumb\",\"itemListElement\":[{\"@type\":\"ListItem\",\"position\":1,\"name\":\"Charlie r\u00e9veille vos sens\",\"item\":\"https:\/\/charlie-liveshow.com\/Tentation-erotique\/page-d-accueil-commerce\/\"},{\"@type\":\"ListItem\",\"position\":2,\"name\":\"Livres EROTIQUES\",\"item\":\"https:\/\/charlie-liveshow.com\/Tentation-erotique\/categorie-produit\/livres-erotiques\/\"},{\"@type\":\"ListItem\",\"position\":3,\"name\":\"Les souvenirs de Tatie Monique &#8211; Fran\u00e7oise Colliot\"}]},{\"@type\":\"WebSite\",\"@id\":\"https:\/\/charlie-liveshow.com\/Tentation-erotique\/#website\",\"url\":\"https:\/\/charlie-liveshow.com\/Tentation-erotique\/\",\"name\":\"TENTATIONS \u00c9ROTIQUES par Charlie Liveshow\",\"description\":\"Eveillez vous \u00e0 l&#039;\u00e9rotisme\",\"publisher\":{\"@id\":\"https:\/\/charlie-liveshow.com\/Tentation-erotique\/#organization\"},\"potentialAction\":[{\"@type\":\"SearchAction\",\"target\":{\"@type\":\"EntryPoint\",\"urlTemplate\":\"https:\/\/charlie-liveshow.com\/Tentation-erotique\/?s={search_term_string}\"},\"query-input\":\"required name=search_term_string\"}],\"inLanguage\":\"fr-FR\"},{\"@type\":\"Organization\",\"@id\":\"https:\/\/charlie-liveshow.com\/Tentation-erotique\/#organization\",\"name\":\"charlie-liveshow\",\"url\":\"https:\/\/charlie-liveshow.com\/Tentation-erotique\/\",\"logo\":{\"@type\":\"ImageObject\",\"inLanguage\":\"fr-FR\",\"@id\":\"https:\/\/charlie-liveshow.com\/Tentation-erotique\/#\/schema\/logo\/image\/\",\"url\":\"https:\/\/charlie-liveshow.com\/Tentation-erotique\/wp-content\/uploads\/2013\/05\/Charlie_folies_logo.png\",\"contentUrl\":\"https:\/\/charlie-liveshow.com\/Tentation-erotique\/wp-content\/uploads\/2013\/05\/Charlie_folies_logo.png\",\"width\":210,\"height\":206,\"caption\":\"charlie-liveshow\"},\"image\":{\"@id\":\"https:\/\/charlie-liveshow.com\/Tentation-erotique\/#\/schema\/logo\/image\/\"},\"sameAs\":[\"https:\/\/www.facebook.com\/charlielivetantra\",\"https:\/\/twitter.com\/Charlieliveshow\",\"https:\/\/www.instagram.com\/charlie_liveshow\/\",\"https:\/\/www.youtube.com\/CharlieTantra\"]}]}<\/script>\n<!-- \/ Yoast SEO plugin. -->","yoast_head_json":{"title":"Les souvenirs de Tatie Monique - Fran\u00e7oise Colliot - Charlie TENTATIONS","description":"Tatie Monique a 20 ans en 1974 et descend dans le sud de la France pour passer l\u2019\u00e9t\u00e9 chez sa Bonne Maman. Un livre \u00e9rotique et une autrice \u00e0 d\u00e9couvrir","robots":{"index":"index","follow":"follow","max-snippet":"max-snippet:-1","max-image-preview":"max-image-preview:large","max-video-preview":"max-video-preview:-1"},"canonical":"https:\/\/charlie-liveshow.com\/Tentation-erotique\/produit\/souvenirs-tatie-monique-livre-erotique\/","og_locale":"fr_FR","og_type":"article","og_title":"Les souvenirs de Tatie Monique - Fran\u00e7oise Colliot - Charlie TENTATIONS","og_description":"Tatie Monique a 20 ans en 1974 et descend dans le sud de la France pour passer l\u2019\u00e9t\u00e9 chez sa Bonne Maman. Un livre \u00e9rotique et une autrice \u00e0 d\u00e9couvrir","og_url":"https:\/\/charlie-liveshow.com\/Tentation-erotique\/produit\/souvenirs-tatie-monique-livre-erotique\/","og_site_name":"TENTATIONS \u00c9ROTIQUES par Charlie Liveshow","article_publisher":"https:\/\/www.facebook.com\/charlielivetantra","og_image":[{"width":530,"height":800,"url":"https:\/\/charlie-liveshow.com\/Tentation-erotique\/wp-content\/uploads\/2018\/07\/cahier-bonne-maman.jpg","type":"image\/jpeg"}],"twitter_card":"summary_large_image","twitter_site":"@Charlieliveshow","schema":{"@context":"https:\/\/schema.org","@graph":[{"@type":"WebPage","@id":"https:\/\/charlie-liveshow.com\/Tentation-erotique\/produit\/souvenirs-tatie-monique-livre-erotique\/","url":"https:\/\/charlie-liveshow.com\/Tentation-erotique\/produit\/souvenirs-tatie-monique-livre-erotique\/","name":"Les souvenirs de Tatie Monique - Fran\u00e7oise Colliot - Charlie TENTATIONS","isPartOf":{"@id":"https:\/\/charlie-liveshow.com\/Tentation-erotique\/#website"},"datePublished":"2018-07-05T21:12:50+00:00","dateModified":"2018-07-05T21:12:50+00:00","description":"Tatie Monique a 20 ans en 1974 et descend dans le sud de la France pour passer l\u2019\u00e9t\u00e9 chez sa Bonne Maman. Un livre \u00e9rotique et une autrice \u00e0 d\u00e9couvrir","breadcrumb":{"@id":"https:\/\/charlie-liveshow.com\/Tentation-erotique\/produit\/souvenirs-tatie-monique-livre-erotique\/#breadcrumb"},"inLanguage":"fr-FR","potentialAction":[{"@type":"ReadAction","target":["https:\/\/charlie-liveshow.com\/Tentation-erotique\/produit\/souvenirs-tatie-monique-livre-erotique\/"]}]},{"@type":"BreadcrumbList","@id":"https:\/\/charlie-liveshow.com\/Tentation-erotique\/produit\/souvenirs-tatie-monique-livre-erotique\/#breadcrumb","itemListElement":[{"@type":"ListItem","position":1,"name":"Charlie r\u00e9veille vos sens","item":"https:\/\/charlie-liveshow.com\/Tentation-erotique\/page-d-accueil-commerce\/"},{"@type":"ListItem","position":2,"name":"Livres EROTIQUES","item":"https:\/\/charlie-liveshow.com\/Tentation-erotique\/categorie-produit\/livres-erotiques\/"},{"@type":"ListItem","position":3,"name":"Les souvenirs de Tatie Monique &#8211; Fran\u00e7oise Colliot"}]},{"@type":"WebSite","@id":"https:\/\/charlie-liveshow.com\/Tentation-erotique\/#website","url":"https:\/\/charlie-liveshow.com\/Tentation-erotique\/","name":"TENTATIONS \u00c9ROTIQUES par Charlie Liveshow","description":"Eveillez vous \u00e0 l&#039;\u00e9rotisme","publisher":{"@id":"https:\/\/charlie-liveshow.com\/Tentation-erotique\/#organization"},"potentialAction":[{"@type":"SearchAction","target":{"@type":"EntryPoint","urlTemplate":"https:\/\/charlie-liveshow.com\/Tentation-erotique\/?s={search_term_string}"},"query-input":"required name=search_term_string"}],"inLanguage":"fr-FR"},{"@type":"Organization","@id":"https:\/\/charlie-liveshow.com\/Tentation-erotique\/#organization","name":"charlie-liveshow","url":"https:\/\/charlie-liveshow.com\/Tentation-erotique\/","logo":{"@type":"ImageObject","inLanguage":"fr-FR","@id":"https:\/\/charlie-liveshow.com\/Tentation-erotique\/#\/schema\/logo\/image\/","url":"https:\/\/charlie-liveshow.com\/Tentation-erotique\/wp-content\/uploads\/2013\/05\/Charlie_folies_logo.png","contentUrl":"https:\/\/charlie-liveshow.com\/Tentation-erotique\/wp-content\/uploads\/2013\/05\/Charlie_folies_logo.png","width":210,"height":206,"caption":"charlie-liveshow"},"image":{"@id":"https:\/\/charlie-liveshow.com\/Tentation-erotique\/#\/schema\/logo\/image\/"},"sameAs":["https:\/\/www.facebook.com\/charlielivetantra","https:\/\/twitter.com\/Charlieliveshow","https:\/\/www.instagram.com\/charlie_liveshow\/","https:\/\/www.youtube.com\/CharlieTantra"]}]}},"_links":{"self":[{"href":"https:\/\/charlie-liveshow.com\/Tentation-erotique\/wp-json\/wp\/v2\/product\/623"}],"collection":[{"href":"https:\/\/charlie-liveshow.com\/Tentation-erotique\/wp-json\/wp\/v2\/product"}],"about":[{"href":"https:\/\/charlie-liveshow.com\/Tentation-erotique\/wp-json\/wp\/v2\/types\/product"}],"replies":[{"embeddable":true,"href":"https:\/\/charlie-liveshow.com\/Tentation-erotique\/wp-json\/wp\/v2\/comments?post=623"}],"version-history":[{"count":0,"href":"https:\/\/charlie-liveshow.com\/Tentation-erotique\/wp-json\/wp\/v2\/product\/623\/revisions"}],"wp:featuredmedia":[{"embeddable":true,"href":"https:\/\/charlie-liveshow.com\/Tentation-erotique\/wp-json\/wp\/v2\/media\/622"}],"wp:attachment":[{"href":"https:\/\/charlie-liveshow.com\/Tentation-erotique\/wp-json\/wp\/v2\/media?parent=623"}],"wp:term":[{"taxonomy":"product_cat","embeddable":true,"href":"https:\/\/charlie-liveshow.com\/Tentation-erotique\/wp-json\/wp\/v2\/product_cat?post=623"},{"taxonomy":"product_tag","embeddable":true,"href":"https:\/\/charlie-liveshow.com\/Tentation-erotique\/wp-json\/wp\/v2\/product_tag?post=623"}],"curies":[{"name":"wp","href":"https:\/\/api.w.org\/{rel}","templated":true}]}}