{"id":609,"date":"2018-07-05T23:49:39","date_gmt":"2018-07-05T21:49:39","guid":{"rendered":"https:\/\/charlie-liveshow.com\/Tentation-erotique\/?post_type=product&#038;p=609"},"modified":"2018-12-20T12:39:00","modified_gmt":"2018-12-20T11:39:00","slug":"charlie-recharge-credits","status":"publish","type":"product","link":"https:\/\/charlie-liveshow.com\/Tentation-erotique\/produit\/charlie-recharge-credits\/","title":{"rendered":"Recharge &#038; Gagne des cr\u00e9dits"},"content":{"rendered":"<p>Vous avez la possibilit\u00e9 sur mon site de vous cr\u00e9er un portefeuille virtuel. Une fois celui ci cr\u00e9dit\u00e9 les commandes et les show priv\u00e9s se font tout seul sans interf\u00e9rence ! Vous avez envie qu&rsquo;on est un rendez vous vite fait ? Il n&rsquo;y a plus qu&rsquo;\u00e0 vous connecter tout est d\u00e9j\u00e0 pr\u00eat !<\/p>\n<h2>Votre fid\u00e9lit\u00e9 est r\u00e9compens\u00e9e !<\/h2>\n<p>Ca faisait tr\u00e8s longtemps que je voulais trouver un syst\u00e8me comme celui l\u00e0 ! Chaque fois que vous venez en <strong>show priv\u00e9 sur skype <\/strong>ou que vous <strong>achetez une de mes vid\u00e9os avec vos cr\u00e9dits virtuel <\/strong>et bien vous gagnez des cr\u00e9dits en plus !<\/p>\n<h3>Inscrits toi et gagne tes premiers cr\u00e9dits<\/h3>\n<p>Simple, facile et sans trace. <strong>D\u00e9s que ton espace priv\u00e9 est cr\u00e9e<\/strong>&#8230; Hop tu gagnes quelques cr\u00e9dits, de quoi commencer \u00e0 s&rsquo;amuser. Alors on dit merci qui ?<\/p>\n<div class=\"su-button-center\"><a href=\"https:\/\/charlie-liveshow.com\/Tentation-erotique\/page-d-accueil-commerce\/mon-compte\/\" class=\"su-button su-button-style-flat su-button-wide\" style=\"color:#fff;background-color:#ed1e79;border-color:#be1861;border-radius:0px;-moz-border-radius:0px;-webkit-border-radius:0px\" target=\"_self\" rel=\"nofollow\"><span style=\"color:#fff;padding:7px 22px;font-size:17px;line-height:26px;border-color:#f362a2;border-radius:0px;-moz-border-radius:0px;-webkit-border-radius:0px;text-shadow:0px 0px 0px #ed1e79;-moz-text-shadow:0px 0px 0px #ed1e79;-webkit-text-shadow:0px 0px 0px #ed1e79\"><i class=\"sui sui-bell-o\" style=\"font-size:17px;color:#fff\"><\/i> Cr\u00e9ation d&rsquo;un espace priv\u00e9<\/span><\/a><\/div>\n<h3>Commente et gagne encore des cr\u00e9dits !<\/h3>\n<p>Et oui c&rsquo;est pas beau la vie ! Si tu commentes et laisse une note sur un article, apr\u00e8s un livecam ou autres, ton compte est aussit\u00f4t cr\u00e9dit\u00e9<\/p>\n<h3>Recharge et touche le jackpot !<\/h3>\n<p>Pareil quand vous rechargez votre portefeuille virtuel vous gagnez aussi des cr\u00e9dits et m\u00eame des points de fid\u00e9lit\u00e9s&#8230;et \u00e7a grimpe vite ces petites b\u00eates<\/p>\n<div class=\"su-button-center\"><a href=\"https:\/\/charlie-liveshow.com\/Tentation-erotique\/page-d-accueil-commerce\/mon-compte\/woo-wallet\/add\/\" class=\"su-button su-button-style-flat su-button-wide\" style=\"color:#fff;background-color:#ed1e79;border-color:#be1861;border-radius:0px;-moz-border-radius:0px;-webkit-border-radius:0px\" target=\"_self\" rel=\"nofollow\"><span style=\"color:#fff;padding:7px 22px;font-size:17px;line-height:26px;border-color:#f362a2;border-radius:0px;-moz-border-radius:0px;-webkit-border-radius:0px;text-shadow:0px 0px 0px #ed1e79;-moz-text-shadow:0px 0px 0px #ed1e79;-webkit-text-shadow:0px 0px 0px #ed1e79\"><i class=\"sui sui-heart-o\" style=\"font-size:17px;color:#fff\"><\/i> Bingo ! Je recharge<\/span><\/a><\/div>\n","protected":false},"excerpt":{"rendered":"<p><strong>Les petits cr\u00e9dits font les grosses fontaines !<\/strong><\/p>\n<p>Chaque fois que vous venez me voir sur skype ou que vous achetez une de mes vid\u00e9os avec vos cr\u00e9dits virtuel et bien<strong> vous gagnez des cr\u00e9dits en plus<\/strong> ! Pareil quand vous rechargez votre portefeuille virtuel, que vous commentez et m\u00eame d\u00e9s votre inscription ! Alors on dit merci qui ? Merci Charlie !<\/p>\n","protected":false},"featured_media":629,"comment_status":"open","ping_status":"closed","template":"","meta":{"ub_ctt_via":""},"product_cat":[47],"product_tag":[33,37,51],"yoast_head":"<!-- This site is optimized with the Yoast SEO plugin v22.0 - https:\/\/yoast.com\/wordpress\/plugins\/seo\/ -->\n<title>Recharge &amp; Gagne des cr\u00e9dits - Charlie TENTATIONS<\/title>\n<meta name=\"description\" content=\"Gagne des cr\u00e9dits. Recharge ton compte priv\u00e9 et gagne chaque fois des nouveaux cr\u00e9dits pour un livecam ou une vid\u00e9o X de ta camgirl\" \/>\n<meta name=\"robots\" content=\"index, follow, max-snippet:-1, max-image-preview:large, max-video-preview:-1\" \/>\n<link rel=\"canonical\" href=\"https:\/\/charlie-liveshow.com\/Tentation-erotique\/produit\/charlie-recharge-credits\/\" \/>\n<meta property=\"og:locale\" content=\"fr_FR\" \/>\n<meta property=\"og:type\" content=\"article\" \/>\n<meta property=\"og:title\" content=\"Recharge &amp; Gagne des cr\u00e9dits - Charlie TENTATIONS\" \/>\n<meta property=\"og:description\" content=\"Gagne des cr\u00e9dits. Recharge ton compte priv\u00e9 et gagne chaque fois des nouveaux cr\u00e9dits pour un livecam ou une vid\u00e9o X de ta camgirl\" \/>\n<meta property=\"og:url\" content=\"https:\/\/charlie-liveshow.com\/Tentation-erotique\/produit\/charlie-recharge-credits\/\" \/>\n<meta property=\"og:site_name\" content=\"TENTATIONS \u00c9ROTIQUES par Charlie Liveshow\" \/>\n<meta property=\"article:publisher\" content=\"https:\/\/www.facebook.com\/charlielivetantra\" \/>\n<meta property=\"article:modified_time\" content=\"2018-12-20T11:39:00+00:00\" \/>\n<meta property=\"og:image\" content=\"https:\/\/charlie-liveshow.com\/Tentation-erotique\/wp-content\/uploads\/2018\/07\/WALLET-IMAGE-new-new.jpg\" \/>\n\t<meta property=\"og:image:width\" content=\"800\" \/>\n\t<meta property=\"og:image:height\" content=\"530\" \/>\n\t<meta property=\"og:image:type\" content=\"image\/jpeg\" \/>\n<meta name=\"twitter:card\" content=\"summary_large_image\" \/>\n<meta name=\"twitter:site\" content=\"@Charlieliveshow\" \/>\n<meta name=\"twitter:label1\" content=\"Dur\u00e9e de lecture estim\u00e9e\" \/>\n\t<meta name=\"twitter:data1\" content=\"2 minutes\" \/>\n<script type=\"application\/ld+json\" class=\"yoast-schema-graph\">{\"@context\":\"https:\/\/schema.org\",\"@graph\":[{\"@type\":\"WebPage\",\"@id\":\"https:\/\/charlie-liveshow.com\/Tentation-erotique\/produit\/charlie-recharge-credits\/\",\"url\":\"https:\/\/charlie-liveshow.com\/Tentation-erotique\/produit\/charlie-recharge-credits\/\",\"name\":\"Recharge & Gagne des cr\u00e9dits - Charlie TENTATIONS\",\"isPartOf\":{\"@id\":\"https:\/\/charlie-liveshow.com\/Tentation-erotique\/#website\"},\"datePublished\":\"2018-07-05T21:49:39+00:00\",\"dateModified\":\"2018-12-20T11:39:00+00:00\",\"description\":\"Gagne des cr\u00e9dits. Recharge ton compte priv\u00e9 et gagne chaque fois des nouveaux cr\u00e9dits pour un livecam ou une vid\u00e9o X de ta camgirl\",\"breadcrumb\":{\"@id\":\"https:\/\/charlie-liveshow.com\/Tentation-erotique\/produit\/charlie-recharge-credits\/#breadcrumb\"},\"inLanguage\":\"fr-FR\",\"potentialAction\":[{\"@type\":\"ReadAction\",\"target\":[\"https:\/\/charlie-liveshow.com\/Tentation-erotique\/produit\/charlie-recharge-credits\/\"]}]},{\"@type\":\"BreadcrumbList\",\"@id\":\"https:\/\/charlie-liveshow.com\/Tentation-erotique\/produit\/charlie-recharge-credits\/#breadcrumb\",\"itemListElement\":[{\"@type\":\"ListItem\",\"position\":1,\"name\":\"Charlie r\u00e9veille vos sens\",\"item\":\"https:\/\/charlie-liveshow.com\/Tentation-erotique\/page-d-accueil-commerce\/\"},{\"@type\":\"ListItem\",\"position\":2,\"name\":\"Plaisirs divers\",\"item\":\"https:\/\/charlie-liveshow.com\/Tentation-erotique\/categorie-produit\/plaisirs-divers\/\"},{\"@type\":\"ListItem\",\"position\":3,\"name\":\"Recharge &#038; Gagne des cr\u00e9dits\"}]},{\"@type\":\"WebSite\",\"@id\":\"https:\/\/charlie-liveshow.com\/Tentation-erotique\/#website\",\"url\":\"https:\/\/charlie-liveshow.com\/Tentation-erotique\/\",\"name\":\"TENTATIONS \u00c9ROTIQUES par Charlie Liveshow\",\"description\":\"Eveillez vous \u00e0 l&#039;\u00e9rotisme\",\"publisher\":{\"@id\":\"https:\/\/charlie-liveshow.com\/Tentation-erotique\/#organization\"},\"potentialAction\":[{\"@type\":\"SearchAction\",\"target\":{\"@type\":\"EntryPoint\",\"urlTemplate\":\"https:\/\/charlie-liveshow.com\/Tentation-erotique\/?s={search_term_string}\"},\"query-input\":\"required name=search_term_string\"}],\"inLanguage\":\"fr-FR\"},{\"@type\":\"Organization\",\"@id\":\"https:\/\/charlie-liveshow.com\/Tentation-erotique\/#organization\",\"name\":\"charlie-liveshow\",\"url\":\"https:\/\/charlie-liveshow.com\/Tentation-erotique\/\",\"logo\":{\"@type\":\"ImageObject\",\"inLanguage\":\"fr-FR\",\"@id\":\"https:\/\/charlie-liveshow.com\/Tentation-erotique\/#\/schema\/logo\/image\/\",\"url\":\"https:\/\/charlie-liveshow.com\/Tentation-erotique\/wp-content\/uploads\/2013\/05\/Charlie_folies_logo.png\",\"contentUrl\":\"https:\/\/charlie-liveshow.com\/Tentation-erotique\/wp-content\/uploads\/2013\/05\/Charlie_folies_logo.png\",\"width\":210,\"height\":206,\"caption\":\"charlie-liveshow\"},\"image\":{\"@id\":\"https:\/\/charlie-liveshow.com\/Tentation-erotique\/#\/schema\/logo\/image\/\"},\"sameAs\":[\"https:\/\/www.facebook.com\/charlielivetantra\",\"https:\/\/twitter.com\/Charlieliveshow\",\"https:\/\/www.instagram.com\/charlie_liveshow\/\",\"https:\/\/www.youtube.com\/CharlieTantra\"]}]}<\/script>\n<!-- \/ Yoast SEO plugin. -->","yoast_head_json":{"title":"Recharge & Gagne des cr\u00e9dits - Charlie TENTATIONS","description":"Gagne des cr\u00e9dits. Recharge ton compte priv\u00e9 et gagne chaque fois des nouveaux cr\u00e9dits pour un livecam ou une vid\u00e9o X de ta camgirl","robots":{"index":"index","follow":"follow","max-snippet":"max-snippet:-1","max-image-preview":"max-image-preview:large","max-video-preview":"max-video-preview:-1"},"canonical":"https:\/\/charlie-liveshow.com\/Tentation-erotique\/produit\/charlie-recharge-credits\/","og_locale":"fr_FR","og_type":"article","og_title":"Recharge & Gagne des cr\u00e9dits - Charlie TENTATIONS","og_description":"Gagne des cr\u00e9dits. Recharge ton compte priv\u00e9 et gagne chaque fois des nouveaux cr\u00e9dits pour un livecam ou une vid\u00e9o X de ta camgirl","og_url":"https:\/\/charlie-liveshow.com\/Tentation-erotique\/produit\/charlie-recharge-credits\/","og_site_name":"TENTATIONS \u00c9ROTIQUES par Charlie Liveshow","article_publisher":"https:\/\/www.facebook.com\/charlielivetantra","article_modified_time":"2018-12-20T11:39:00+00:00","og_image":[{"width":800,"height":530,"url":"https:\/\/charlie-liveshow.com\/Tentation-erotique\/wp-content\/uploads\/2018\/07\/WALLET-IMAGE-new-new.jpg","type":"image\/jpeg"}],"twitter_card":"summary_large_image","twitter_site":"@Charlieliveshow","twitter_misc":{"Dur\u00e9e de lecture estim\u00e9e":"2 minutes"},"schema":{"@context":"https:\/\/schema.org","@graph":[{"@type":"WebPage","@id":"https:\/\/charlie-liveshow.com\/Tentation-erotique\/produit\/charlie-recharge-credits\/","url":"https:\/\/charlie-liveshow.com\/Tentation-erotique\/produit\/charlie-recharge-credits\/","name":"Recharge & Gagne des cr\u00e9dits - Charlie TENTATIONS","isPartOf":{"@id":"https:\/\/charlie-liveshow.com\/Tentation-erotique\/#website"},"datePublished":"2018-07-05T21:49:39+00:00","dateModified":"2018-12-20T11:39:00+00:00","description":"Gagne des cr\u00e9dits. Recharge ton compte priv\u00e9 et gagne chaque fois des nouveaux cr\u00e9dits pour un livecam ou une vid\u00e9o X de ta camgirl","breadcrumb":{"@id":"https:\/\/charlie-liveshow.com\/Tentation-erotique\/produit\/charlie-recharge-credits\/#breadcrumb"},"inLanguage":"fr-FR","potentialAction":[{"@type":"ReadAction","target":["https:\/\/charlie-liveshow.com\/Tentation-erotique\/produit\/charlie-recharge-credits\/"]}]},{"@type":"BreadcrumbList","@id":"https:\/\/charlie-liveshow.com\/Tentation-erotique\/produit\/charlie-recharge-credits\/#breadcrumb","itemListElement":[{"@type":"ListItem","position":1,"name":"Charlie r\u00e9veille vos sens","item":"https:\/\/charlie-liveshow.com\/Tentation-erotique\/page-d-accueil-commerce\/"},{"@type":"ListItem","position":2,"name":"Plaisirs divers","item":"https:\/\/charlie-liveshow.com\/Tentation-erotique\/categorie-produit\/plaisirs-divers\/"},{"@type":"ListItem","position":3,"name":"Recharge &#038; Gagne des cr\u00e9dits"}]},{"@type":"WebSite","@id":"https:\/\/charlie-liveshow.com\/Tentation-erotique\/#website","url":"https:\/\/charlie-liveshow.com\/Tentation-erotique\/","name":"TENTATIONS \u00c9ROTIQUES par Charlie Liveshow","description":"Eveillez vous \u00e0 l&#039;\u00e9rotisme","publisher":{"@id":"https:\/\/charlie-liveshow.com\/Tentation-erotique\/#organization"},"potentialAction":[{"@type":"SearchAction","target":{"@type":"EntryPoint","urlTemplate":"https:\/\/charlie-liveshow.com\/Tentation-erotique\/?s={search_term_string}"},"query-input":"required name=search_term_string"}],"inLanguage":"fr-FR"},{"@type":"Organization","@id":"https:\/\/charlie-liveshow.com\/Tentation-erotique\/#organization","name":"charlie-liveshow","url":"https:\/\/charlie-liveshow.com\/Tentation-erotique\/","logo":{"@type":"ImageObject","inLanguage":"fr-FR","@id":"https:\/\/charlie-liveshow.com\/Tentation-erotique\/#\/schema\/logo\/image\/","url":"https:\/\/charlie-liveshow.com\/Tentation-erotique\/wp-content\/uploads\/2013\/05\/Charlie_folies_logo.png","contentUrl":"https:\/\/charlie-liveshow.com\/Tentation-erotique\/wp-content\/uploads\/2013\/05\/Charlie_folies_logo.png","width":210,"height":206,"caption":"charlie-liveshow"},"image":{"@id":"https:\/\/charlie-liveshow.com\/Tentation-erotique\/#\/schema\/logo\/image\/"},"sameAs":["https:\/\/www.facebook.com\/charlielivetantra","https:\/\/twitter.com\/Charlieliveshow","https:\/\/www.instagram.com\/charlie_liveshow\/","https:\/\/www.youtube.com\/CharlieTantra"]}]}},"_links":{"self":[{"href":"https:\/\/charlie-liveshow.com\/Tentation-erotique\/wp-json\/wp\/v2\/product\/609"}],"collection":[{"href":"https:\/\/charlie-liveshow.com\/Tentation-erotique\/wp-json\/wp\/v2\/product"}],"about":[{"href":"https:\/\/charlie-liveshow.com\/Tentation-erotique\/wp-json\/wp\/v2\/types\/product"}],"replies":[{"embeddable":true,"href":"https:\/\/charlie-liveshow.com\/Tentation-erotique\/wp-json\/wp\/v2\/comments?post=609"}],"version-history":[{"count":0,"href":"https:\/\/charlie-liveshow.com\/Tentation-erotique\/wp-json\/wp\/v2\/product\/609\/revisions"}],"wp:featuredmedia":[{"embeddable":true,"href":"https:\/\/charlie-liveshow.com\/Tentation-erotique\/wp-json\/wp\/v2\/media\/629"}],"wp:attachment":[{"href":"https:\/\/charlie-liveshow.com\/Tentation-erotique\/wp-json\/wp\/v2\/media?parent=609"}],"wp:term":[{"taxonomy":"product_cat","embeddable":true,"href":"https:\/\/charlie-liveshow.com\/Tentation-erotique\/wp-json\/wp\/v2\/product_cat?post=609"},{"taxonomy":"product_tag","embeddable":true,"href":"https:\/\/charlie-liveshow.com\/Tentation-erotique\/wp-json\/wp\/v2\/product_tag?post=609"}],"curies":[{"name":"wp","href":"https:\/\/api.w.org\/{rel}","templated":true}]}}