{"id":533,"date":"2018-06-29T18:16:03","date_gmt":"2018-06-29T16:16:03","guid":{"rendered":"https:\/\/charlie-liveshow.com\/Tentation-erotique\/?post_type=product&#038;p=533"},"modified":"2020-11-09T21:14:39","modified_gmt":"2020-11-09T20:14:39","slug":"foot-biere-bouteille-anal","status":"publish","type":"product","link":"https:\/\/charlie-liveshow.com\/Tentation-erotique\/produit\/foot-biere-bouteille-anal\/","title":{"rendered":"Foot, Bi\u00e8re et le cul de Charlie"},"content":{"rendered":"<div id=\"note\">\n<h3>Charlie supportrice de l&rsquo;\u00e9quipe de foot<\/h3>\n<p>Le football je suis sure que tu connais. Il y a m\u00eame de grande chance que tu adores \u00e7a. Mais connais tu le foune ball ? Alors d&rsquo;apr\u00e8s toi que se passe-t-il quand Charlie, qui n&rsquo;est pas super fan du foot regarde un match ennuyeux&#8230; <strong>Elle boit des bi\u00e8res\u00a0 et du coup elle s&rsquo;amuse avec.<\/strong> Le match d&rsquo;ouverture de la France \u00e9tait loin d&rsquo;\u00eatre palpitant&#8230; ma vid\u00e9o te plairas bien plus !<\/p>\n<h4>Mots-cl\u00e9s de la vid\u00e9o :<\/h4>\n<p><span class=\"su-label su-label-type-success\">#Extreme\u00a0<\/span>&#8211;\u00a0\u00a0<span class=\"su-label su-label-type-important\"> #ASS\u00a0<\/span> &#8211;\u00a0<span class=\"su-label su-label-type-important\"> #ANAL\u00a0<\/span> &#8211; \u00a0<span class=\"su-label su-label-type-success\"> #Bouteille\u00a0<\/span> \u00a0&#8211;\u00a0<span class=\"su-label su-label-type-success\"> #Spank <\/span> \u00a0&#8211;\u00a0\u00a0<span class=\"su-label su-label-type-success\"> #Vaginal<\/span><\/p>\n<h4>Fiche technique :<\/h4>\n<p><strong>Dur\u00e9e : 25 minutes <\/strong>\u00a0| Qualit\u00e9 : 1920 x 1080 px &#8211;\u00a0<strong>Format : .mov | <\/strong>Taille : 1.360 giga<\/p>\n<h4>Le teaser du match&#8230;<\/h4>\n<div style=\"width: 640px;\" class=\"wp-video\"><!--[if lt IE 9]><script>document.createElement('video');<\/script><![endif]-->\n<video class=\"wp-video-shortcode\" id=\"video-533-1\" width=\"640\" height=\"360\" preload=\"metadata\" controls=\"controls\"><source type=\"video\/mp4\" src=\"https:\/\/charlie-liveshow.com\/charlie-tantra\/wp-content\/uploads\/2018\/06\/biere-foot-teaser-2min.mp4?_=1\" \/><a href=\"https:\/\/charlie-liveshow.com\/charlie-tantra\/wp-content\/uploads\/2018\/06\/biere-foot-teaser-2min.mp4\">https:\/\/charlie-liveshow.com\/charlie-tantra\/wp-content\/uploads\/2018\/06\/biere-foot-teaser-2min.mp4<\/a><\/video><\/div>\n<\/div>\n","protected":false},"excerpt":{"rendered":"<p>For (hot) adult only ! Que se passe-t-il quand Charlie, qui n&rsquo;est pas super fan du foot regarde un match ennuyeux&#8230; Elle boit des bi\u00e8res !<\/p>\n<p>Ces longues formes phalliques sont tr\u00e8s inspirantes non ?<\/p>\n<p><strong>Dur\u00e9e : <\/strong>25 minutes<\/p>\n","protected":false},"featured_media":535,"comment_status":"open","ping_status":"closed","template":"","meta":{"ub_ctt_via":""},"product_cat":[53],"product_tag":[43,156,54],"yoast_head":"<!-- This site is optimized with the Yoast SEO plugin v22.0 - https:\/\/yoast.com\/wordpress\/plugins\/seo\/ -->\n<title>Foot, Bi\u00e8re et le cul de Charlie - PORN FOOD<\/title>\n<meta name=\"description\" content=\"Que se passe-t-il quand Charlie, qui n&#039;est pas super fan du foot regarde un match ennuyeux ? 25 minutes de jeu anal et vaginal avec des grosses bouteilles\" \/>\n<meta name=\"robots\" content=\"index, follow, max-snippet:-1, max-image-preview:large, max-video-preview:-1\" \/>\n<link rel=\"canonical\" href=\"https:\/\/charlie-liveshow.com\/Tentation-erotique\/produit\/foot-biere-bouteille-anal\/\" \/>\n<meta property=\"og:locale\" content=\"fr_FR\" \/>\n<meta property=\"og:type\" content=\"article\" \/>\n<meta property=\"og:title\" content=\"Foot, Bi\u00e8re et le cul de Charlie - PORN FOOD\" \/>\n<meta property=\"og:description\" content=\"Que se passe-t-il quand Charlie, qui n&#039;est pas super fan du foot regarde un match ennuyeux ? 25 minutes de jeu anal et vaginal avec des grosses bouteilles\" \/>\n<meta property=\"og:url\" content=\"https:\/\/charlie-liveshow.com\/Tentation-erotique\/produit\/foot-biere-bouteille-anal\/\" \/>\n<meta property=\"og:site_name\" content=\"TENTATIONS \u00c9ROTIQUES par Charlie Liveshow\" \/>\n<meta property=\"article:publisher\" content=\"https:\/\/www.facebook.com\/charlielivetantra\" \/>\n<meta property=\"article:modified_time\" content=\"2020-11-09T20:14:39+00:00\" \/>\n<meta property=\"og:image\" content=\"https:\/\/charlie-liveshow.com\/Tentation-erotique\/wp-content\/uploads\/2018\/06\/biere-et-foot-founeball-1.jpg\" \/>\n\t<meta property=\"og:image:width\" content=\"1024\" \/>\n\t<meta property=\"og:image:height\" content=\"678\" \/>\n\t<meta property=\"og:image:type\" content=\"image\/jpeg\" \/>\n<meta name=\"twitter:card\" content=\"summary_large_image\" \/>\n<meta name=\"twitter:site\" content=\"@Charlieliveshow\" \/>\n<meta name=\"twitter:label1\" content=\"Dur\u00e9e de lecture estim\u00e9e\" \/>\n\t<meta name=\"twitter:data1\" content=\"1 minute\" \/>\n<script type=\"application\/ld+json\" class=\"yoast-schema-graph\">{\"@context\":\"https:\/\/schema.org\",\"@graph\":[{\"@type\":\"WebPage\",\"@id\":\"https:\/\/charlie-liveshow.com\/Tentation-erotique\/produit\/foot-biere-bouteille-anal\/\",\"url\":\"https:\/\/charlie-liveshow.com\/Tentation-erotique\/produit\/foot-biere-bouteille-anal\/\",\"name\":\"Foot, Bi\u00e8re et le cul de Charlie - PORN FOOD\",\"isPartOf\":{\"@id\":\"https:\/\/charlie-liveshow.com\/Tentation-erotique\/#website\"},\"datePublished\":\"2018-06-29T16:16:03+00:00\",\"dateModified\":\"2020-11-09T20:14:39+00:00\",\"description\":\"Que se passe-t-il quand Charlie, qui n'est pas super fan du foot regarde un match ennuyeux ? 25 minutes de jeu anal et vaginal avec des grosses bouteilles\",\"breadcrumb\":{\"@id\":\"https:\/\/charlie-liveshow.com\/Tentation-erotique\/produit\/foot-biere-bouteille-anal\/#breadcrumb\"},\"inLanguage\":\"fr-FR\",\"potentialAction\":[{\"@type\":\"ReadAction\",\"target\":[\"https:\/\/charlie-liveshow.com\/Tentation-erotique\/produit\/foot-biere-bouteille-anal\/\"]}]},{\"@type\":\"BreadcrumbList\",\"@id\":\"https:\/\/charlie-liveshow.com\/Tentation-erotique\/produit\/foot-biere-bouteille-anal\/#breadcrumb\",\"itemListElement\":[{\"@type\":\"ListItem\",\"position\":1,\"name\":\"Charlie r\u00e9veille vos sens\",\"item\":\"https:\/\/charlie-liveshow.com\/Tentation-erotique\/page-d-accueil-commerce\/\"},{\"@type\":\"ListItem\",\"position\":2,\"name\":\"Vid\u00e9os xXx\",\"item\":\"https:\/\/charlie-liveshow.com\/Tentation-erotique\/categorie-produit\/videos-x-amateur-charlie\/\"},{\"@type\":\"ListItem\",\"position\":3,\"name\":\"Foot, Bi\u00e8re et le cul de Charlie\"}]},{\"@type\":\"WebSite\",\"@id\":\"https:\/\/charlie-liveshow.com\/Tentation-erotique\/#website\",\"url\":\"https:\/\/charlie-liveshow.com\/Tentation-erotique\/\",\"name\":\"TENTATIONS \u00c9ROTIQUES par Charlie Liveshow\",\"description\":\"Eveillez vous \u00e0 l&#039;\u00e9rotisme\",\"publisher\":{\"@id\":\"https:\/\/charlie-liveshow.com\/Tentation-erotique\/#organization\"},\"potentialAction\":[{\"@type\":\"SearchAction\",\"target\":{\"@type\":\"EntryPoint\",\"urlTemplate\":\"https:\/\/charlie-liveshow.com\/Tentation-erotique\/?s={search_term_string}\"},\"query-input\":\"required name=search_term_string\"}],\"inLanguage\":\"fr-FR\"},{\"@type\":\"Organization\",\"@id\":\"https:\/\/charlie-liveshow.com\/Tentation-erotique\/#organization\",\"name\":\"charlie-liveshow\",\"url\":\"https:\/\/charlie-liveshow.com\/Tentation-erotique\/\",\"logo\":{\"@type\":\"ImageObject\",\"inLanguage\":\"fr-FR\",\"@id\":\"https:\/\/charlie-liveshow.com\/Tentation-erotique\/#\/schema\/logo\/image\/\",\"url\":\"https:\/\/charlie-liveshow.com\/Tentation-erotique\/wp-content\/uploads\/2013\/05\/Charlie_folies_logo.png\",\"contentUrl\":\"https:\/\/charlie-liveshow.com\/Tentation-erotique\/wp-content\/uploads\/2013\/05\/Charlie_folies_logo.png\",\"width\":210,\"height\":206,\"caption\":\"charlie-liveshow\"},\"image\":{\"@id\":\"https:\/\/charlie-liveshow.com\/Tentation-erotique\/#\/schema\/logo\/image\/\"},\"sameAs\":[\"https:\/\/www.facebook.com\/charlielivetantra\",\"https:\/\/twitter.com\/Charlieliveshow\",\"https:\/\/www.instagram.com\/charlie_liveshow\/\",\"https:\/\/www.youtube.com\/CharlieTantra\"]}]}<\/script>\n<!-- \/ Yoast SEO plugin. -->","yoast_head_json":{"title":"Foot, Bi\u00e8re et le cul de Charlie - PORN FOOD","description":"Que se passe-t-il quand Charlie, qui n'est pas super fan du foot regarde un match ennuyeux ? 25 minutes de jeu anal et vaginal avec des grosses bouteilles","robots":{"index":"index","follow":"follow","max-snippet":"max-snippet:-1","max-image-preview":"max-image-preview:large","max-video-preview":"max-video-preview:-1"},"canonical":"https:\/\/charlie-liveshow.com\/Tentation-erotique\/produit\/foot-biere-bouteille-anal\/","og_locale":"fr_FR","og_type":"article","og_title":"Foot, Bi\u00e8re et le cul de Charlie - PORN FOOD","og_description":"Que se passe-t-il quand Charlie, qui n'est pas super fan du foot regarde un match ennuyeux ? 25 minutes de jeu anal et vaginal avec des grosses bouteilles","og_url":"https:\/\/charlie-liveshow.com\/Tentation-erotique\/produit\/foot-biere-bouteille-anal\/","og_site_name":"TENTATIONS \u00c9ROTIQUES par Charlie Liveshow","article_publisher":"https:\/\/www.facebook.com\/charlielivetantra","article_modified_time":"2020-11-09T20:14:39+00:00","og_image":[{"width":1024,"height":678,"url":"https:\/\/charlie-liveshow.com\/Tentation-erotique\/wp-content\/uploads\/2018\/06\/biere-et-foot-founeball-1.jpg","type":"image\/jpeg"}],"twitter_card":"summary_large_image","twitter_site":"@Charlieliveshow","twitter_misc":{"Dur\u00e9e de lecture estim\u00e9e":"1 minute"},"schema":{"@context":"https:\/\/schema.org","@graph":[{"@type":"WebPage","@id":"https:\/\/charlie-liveshow.com\/Tentation-erotique\/produit\/foot-biere-bouteille-anal\/","url":"https:\/\/charlie-liveshow.com\/Tentation-erotique\/produit\/foot-biere-bouteille-anal\/","name":"Foot, Bi\u00e8re et le cul de Charlie - PORN FOOD","isPartOf":{"@id":"https:\/\/charlie-liveshow.com\/Tentation-erotique\/#website"},"datePublished":"2018-06-29T16:16:03+00:00","dateModified":"2020-11-09T20:14:39+00:00","description":"Que se passe-t-il quand Charlie, qui n'est pas super fan du foot regarde un match ennuyeux ? 25 minutes de jeu anal et vaginal avec des grosses bouteilles","breadcrumb":{"@id":"https:\/\/charlie-liveshow.com\/Tentation-erotique\/produit\/foot-biere-bouteille-anal\/#breadcrumb"},"inLanguage":"fr-FR","potentialAction":[{"@type":"ReadAction","target":["https:\/\/charlie-liveshow.com\/Tentation-erotique\/produit\/foot-biere-bouteille-anal\/"]}]},{"@type":"BreadcrumbList","@id":"https:\/\/charlie-liveshow.com\/Tentation-erotique\/produit\/foot-biere-bouteille-anal\/#breadcrumb","itemListElement":[{"@type":"ListItem","position":1,"name":"Charlie r\u00e9veille vos sens","item":"https:\/\/charlie-liveshow.com\/Tentation-erotique\/page-d-accueil-commerce\/"},{"@type":"ListItem","position":2,"name":"Vid\u00e9os xXx","item":"https:\/\/charlie-liveshow.com\/Tentation-erotique\/categorie-produit\/videos-x-amateur-charlie\/"},{"@type":"ListItem","position":3,"name":"Foot, Bi\u00e8re et le cul de Charlie"}]},{"@type":"WebSite","@id":"https:\/\/charlie-liveshow.com\/Tentation-erotique\/#website","url":"https:\/\/charlie-liveshow.com\/Tentation-erotique\/","name":"TENTATIONS \u00c9ROTIQUES par Charlie Liveshow","description":"Eveillez vous \u00e0 l&#039;\u00e9rotisme","publisher":{"@id":"https:\/\/charlie-liveshow.com\/Tentation-erotique\/#organization"},"potentialAction":[{"@type":"SearchAction","target":{"@type":"EntryPoint","urlTemplate":"https:\/\/charlie-liveshow.com\/Tentation-erotique\/?s={search_term_string}"},"query-input":"required name=search_term_string"}],"inLanguage":"fr-FR"},{"@type":"Organization","@id":"https:\/\/charlie-liveshow.com\/Tentation-erotique\/#organization","name":"charlie-liveshow","url":"https:\/\/charlie-liveshow.com\/Tentation-erotique\/","logo":{"@type":"ImageObject","inLanguage":"fr-FR","@id":"https:\/\/charlie-liveshow.com\/Tentation-erotique\/#\/schema\/logo\/image\/","url":"https:\/\/charlie-liveshow.com\/Tentation-erotique\/wp-content\/uploads\/2013\/05\/Charlie_folies_logo.png","contentUrl":"https:\/\/charlie-liveshow.com\/Tentation-erotique\/wp-content\/uploads\/2013\/05\/Charlie_folies_logo.png","width":210,"height":206,"caption":"charlie-liveshow"},"image":{"@id":"https:\/\/charlie-liveshow.com\/Tentation-erotique\/#\/schema\/logo\/image\/"},"sameAs":["https:\/\/www.facebook.com\/charlielivetantra","https:\/\/twitter.com\/Charlieliveshow","https:\/\/www.instagram.com\/charlie_liveshow\/","https:\/\/www.youtube.com\/CharlieTantra"]}]}},"_links":{"self":[{"href":"https:\/\/charlie-liveshow.com\/Tentation-erotique\/wp-json\/wp\/v2\/product\/533"}],"collection":[{"href":"https:\/\/charlie-liveshow.com\/Tentation-erotique\/wp-json\/wp\/v2\/product"}],"about":[{"href":"https:\/\/charlie-liveshow.com\/Tentation-erotique\/wp-json\/wp\/v2\/types\/product"}],"replies":[{"embeddable":true,"href":"https:\/\/charlie-liveshow.com\/Tentation-erotique\/wp-json\/wp\/v2\/comments?post=533"}],"version-history":[{"count":0,"href":"https:\/\/charlie-liveshow.com\/Tentation-erotique\/wp-json\/wp\/v2\/product\/533\/revisions"}],"wp:featuredmedia":[{"embeddable":true,"href":"https:\/\/charlie-liveshow.com\/Tentation-erotique\/wp-json\/wp\/v2\/media\/535"}],"wp:attachment":[{"href":"https:\/\/charlie-liveshow.com\/Tentation-erotique\/wp-json\/wp\/v2\/media?parent=533"}],"wp:term":[{"taxonomy":"product_cat","embeddable":true,"href":"https:\/\/charlie-liveshow.com\/Tentation-erotique\/wp-json\/wp\/v2\/product_cat?post=533"},{"taxonomy":"product_tag","embeddable":true,"href":"https:\/\/charlie-liveshow.com\/Tentation-erotique\/wp-json\/wp\/v2\/product_tag?post=533"}],"curies":[{"name":"wp","href":"https:\/\/api.w.org\/{rel}","templated":true}]}}