{"id":488,"date":"2018-06-22T19:03:52","date_gmt":"2018-06-22T17:03:52","guid":{"rendered":"https:\/\/charlie-liveshow.com\/Tentation-erotique\/?post_type=product&#038;p=488"},"modified":"2021-02-17T15:40:00","modified_gmt":"2021-02-17T14:40:00","slug":"baise-moi-video-extreme-anal","status":"publish","type":"product","link":"https:\/\/charlie-liveshow.com\/Tentation-erotique\/produit\/baise-moi-video-extreme-anal\/","title":{"rendered":"BAISE MOI ! la video extreme d\u00e9fonce"},"content":{"rendered":"<div id=\"note\">\n<h3>Baise moi furieusement !<\/h3>\n<p>Ok c&rsquo;est assez explicite comme titre, non ? Baise moi ! c&rsquo;est ma seconde vid\u00e9o porno pro. Un peu plus de 30 minutes pour me baiser dans tous les sens, sous toutes les coutures ! Ma vid\u00e9o X la plus extr\u00eame si vous aimez le d\u00e9licat, le raffin\u00e9e &#8230; passez votre chemin ici c&rsquo;est <strong>100% hardcore !<\/strong><\/p>\n<h4>Mots-cl\u00e9s de la vid\u00e9o<\/h4>\n<div class=\"su-spacer\" style=\"height:20px\"><\/div><span class=\"su-label su-label-type-success\"> #Extreme <\/span> &#8211;\u00a0\u00a0<span class=\"su-label su-label-type-success\"> #Fuck Machine<\/span> &#8211;\u00a0\u00a0<span class=\"su-label su-label-type-success\"> #Anal Fist <\/span> \u00a0&#8211;\u00a0\u00a0<span class=\"su-label su-label-type-success\"> #Squirt <\/span> \u00a0&#8211;\u00a0\u00a0<span class=\"su-label su-label-type-success\"> #Shoes <\/span> \u00a0&#8211;\u00a0\u00a0<span class=\"su-label su-label-type-success\"> #DP <\/span>\n<h4>Fiche technique<\/h4>\n<p><strong>Dur\u00e9e : 32 minutes<\/strong>\u00a0| Qualit\u00e9 : 720 x 480 px |\u00a0<strong>Format : .mov | <\/strong>Taille : 929 Mo<\/p>\n<h4>Teaser pour vous chauffer &#8230;c&rsquo;est pire dans la vid\u00e9o !<\/h4>\n<p><iframe src=\"http:\/\/www.pornhub.com\/embed\/ph5789069d51e94\" width=\"560\" height=\"340\" frameborder=\"0\" scrolling=\"no\"><\/iframe><\/p>\n<\/div>\n","protected":false},"excerpt":{"rendered":"<p><strong>Baise moi ! ma vid\u00e9o X la plus extr\u00eame.\u00a0<\/strong>Je vous avoue que je me suis moi m\u00eame surprise. Je n&rsquo;\u00e9tais jamais all\u00e9e aussi loin et dans tous les sens du terme&#8230; Mais \u00e7a vous le verrez de\u00a0vos propres yeux.<\/p>\n<p><strong>Dur\u00e9e : 32 minutes<\/strong><\/p>\n<p>&nbsp;<\/p>\n","protected":false},"featured_media":43664,"comment_status":"open","ping_status":"closed","template":"","meta":{"ub_ctt_via":""},"product_cat":[53],"product_tag":[43,54,153,52,157],"yoast_head":"<!-- This site is optimized with the Yoast SEO plugin v22.0 - https:\/\/yoast.com\/wordpress\/plugins\/seo\/ -->\n<title>BAISE MOI ! la video extreme d\u00e9fonce - Charlie TENTATIONS<\/title>\n<meta name=\"description\" content=\"Baise moi ! Seconde vid\u00e9o porno pro. 30 minutes pour me baiser \u00e0 l&#039;extr\u00eame : DP Fist anal fuck machine et \u00e9norme squirting !\" \/>\n<meta name=\"robots\" content=\"index, follow, max-snippet:-1, max-image-preview:large, max-video-preview:-1\" \/>\n<link rel=\"canonical\" href=\"https:\/\/charlie-liveshow.com\/Tentation-erotique\/produit\/baise-moi-video-extreme-anal\/\" \/>\n<meta property=\"og:locale\" content=\"fr_FR\" \/>\n<meta property=\"og:type\" content=\"article\" \/>\n<meta property=\"og:title\" content=\"BAISE MOI ! la video extreme d\u00e9fonce - Charlie TENTATIONS\" \/>\n<meta property=\"og:description\" content=\"Baise moi ! Seconde vid\u00e9o porno pro. 30 minutes pour me baiser \u00e0 l&#039;extr\u00eame : DP Fist anal fuck machine et \u00e9norme squirting !\" \/>\n<meta property=\"og:url\" content=\"https:\/\/charlie-liveshow.com\/Tentation-erotique\/produit\/baise-moi-video-extreme-anal\/\" \/>\n<meta property=\"og:site_name\" content=\"TENTATIONS \u00c9ROTIQUES par Charlie Liveshow\" \/>\n<meta property=\"article:publisher\" content=\"https:\/\/www.facebook.com\/charlielivetantra\" \/>\n<meta property=\"article:modified_time\" content=\"2021-02-17T14:40:00+00:00\" \/>\n<meta property=\"og:image\" content=\"https:\/\/charlie-liveshow.com\/Tentation-erotique\/wp-content\/uploads\/2018\/06\/baise-moi-furieusement-KMX_1024.jpg\" \/>\n\t<meta property=\"og:image:width\" content=\"1024\" \/>\n\t<meta property=\"og:image:height\" content=\"678\" \/>\n\t<meta property=\"og:image:type\" content=\"image\/jpeg\" \/>\n<meta name=\"twitter:card\" content=\"summary_large_image\" \/>\n<meta name=\"twitter:site\" content=\"@Charlieliveshow\" \/>\n<meta name=\"twitter:label1\" content=\"Dur\u00e9e de lecture estim\u00e9e\" \/>\n\t<meta name=\"twitter:data1\" content=\"1 minute\" \/>\n<script type=\"application\/ld+json\" class=\"yoast-schema-graph\">{\"@context\":\"https:\/\/schema.org\",\"@graph\":[{\"@type\":\"WebPage\",\"@id\":\"https:\/\/charlie-liveshow.com\/Tentation-erotique\/produit\/baise-moi-video-extreme-anal\/\",\"url\":\"https:\/\/charlie-liveshow.com\/Tentation-erotique\/produit\/baise-moi-video-extreme-anal\/\",\"name\":\"BAISE MOI ! la video extreme d\u00e9fonce - Charlie TENTATIONS\",\"isPartOf\":{\"@id\":\"https:\/\/charlie-liveshow.com\/Tentation-erotique\/#website\"},\"datePublished\":\"2018-06-22T17:03:52+00:00\",\"dateModified\":\"2021-02-17T14:40:00+00:00\",\"description\":\"Baise moi ! Seconde vid\u00e9o porno pro. 30 minutes pour me baiser \u00e0 l'extr\u00eame : DP Fist anal fuck machine et \u00e9norme squirting !\",\"breadcrumb\":{\"@id\":\"https:\/\/charlie-liveshow.com\/Tentation-erotique\/produit\/baise-moi-video-extreme-anal\/#breadcrumb\"},\"inLanguage\":\"fr-FR\",\"potentialAction\":[{\"@type\":\"ReadAction\",\"target\":[\"https:\/\/charlie-liveshow.com\/Tentation-erotique\/produit\/baise-moi-video-extreme-anal\/\"]}]},{\"@type\":\"BreadcrumbList\",\"@id\":\"https:\/\/charlie-liveshow.com\/Tentation-erotique\/produit\/baise-moi-video-extreme-anal\/#breadcrumb\",\"itemListElement\":[{\"@type\":\"ListItem\",\"position\":1,\"name\":\"Charlie r\u00e9veille vos sens\",\"item\":\"https:\/\/charlie-liveshow.com\/Tentation-erotique\/page-d-accueil-commerce\/\"},{\"@type\":\"ListItem\",\"position\":2,\"name\":\"Vid\u00e9os xXx\",\"item\":\"https:\/\/charlie-liveshow.com\/Tentation-erotique\/categorie-produit\/videos-x-amateur-charlie\/\"},{\"@type\":\"ListItem\",\"position\":3,\"name\":\"BAISE MOI ! la video extreme d\u00e9fonce\"}]},{\"@type\":\"WebSite\",\"@id\":\"https:\/\/charlie-liveshow.com\/Tentation-erotique\/#website\",\"url\":\"https:\/\/charlie-liveshow.com\/Tentation-erotique\/\",\"name\":\"TENTATIONS \u00c9ROTIQUES par Charlie Liveshow\",\"description\":\"Eveillez vous \u00e0 l&#039;\u00e9rotisme\",\"publisher\":{\"@id\":\"https:\/\/charlie-liveshow.com\/Tentation-erotique\/#organization\"},\"potentialAction\":[{\"@type\":\"SearchAction\",\"target\":{\"@type\":\"EntryPoint\",\"urlTemplate\":\"https:\/\/charlie-liveshow.com\/Tentation-erotique\/?s={search_term_string}\"},\"query-input\":\"required name=search_term_string\"}],\"inLanguage\":\"fr-FR\"},{\"@type\":\"Organization\",\"@id\":\"https:\/\/charlie-liveshow.com\/Tentation-erotique\/#organization\",\"name\":\"charlie-liveshow\",\"url\":\"https:\/\/charlie-liveshow.com\/Tentation-erotique\/\",\"logo\":{\"@type\":\"ImageObject\",\"inLanguage\":\"fr-FR\",\"@id\":\"https:\/\/charlie-liveshow.com\/Tentation-erotique\/#\/schema\/logo\/image\/\",\"url\":\"https:\/\/charlie-liveshow.com\/Tentation-erotique\/wp-content\/uploads\/2013\/05\/Charlie_folies_logo.png\",\"contentUrl\":\"https:\/\/charlie-liveshow.com\/Tentation-erotique\/wp-content\/uploads\/2013\/05\/Charlie_folies_logo.png\",\"width\":210,\"height\":206,\"caption\":\"charlie-liveshow\"},\"image\":{\"@id\":\"https:\/\/charlie-liveshow.com\/Tentation-erotique\/#\/schema\/logo\/image\/\"},\"sameAs\":[\"https:\/\/www.facebook.com\/charlielivetantra\",\"https:\/\/twitter.com\/Charlieliveshow\",\"https:\/\/www.instagram.com\/charlie_liveshow\/\",\"https:\/\/www.youtube.com\/CharlieTantra\"]}]}<\/script>\n<!-- \/ Yoast SEO plugin. -->","yoast_head_json":{"title":"BAISE MOI ! la video extreme d\u00e9fonce - Charlie TENTATIONS","description":"Baise moi ! Seconde vid\u00e9o porno pro. 30 minutes pour me baiser \u00e0 l'extr\u00eame : DP Fist anal fuck machine et \u00e9norme squirting !","robots":{"index":"index","follow":"follow","max-snippet":"max-snippet:-1","max-image-preview":"max-image-preview:large","max-video-preview":"max-video-preview:-1"},"canonical":"https:\/\/charlie-liveshow.com\/Tentation-erotique\/produit\/baise-moi-video-extreme-anal\/","og_locale":"fr_FR","og_type":"article","og_title":"BAISE MOI ! la video extreme d\u00e9fonce - Charlie TENTATIONS","og_description":"Baise moi ! Seconde vid\u00e9o porno pro. 30 minutes pour me baiser \u00e0 l'extr\u00eame : DP Fist anal fuck machine et \u00e9norme squirting !","og_url":"https:\/\/charlie-liveshow.com\/Tentation-erotique\/produit\/baise-moi-video-extreme-anal\/","og_site_name":"TENTATIONS \u00c9ROTIQUES par Charlie Liveshow","article_publisher":"https:\/\/www.facebook.com\/charlielivetantra","article_modified_time":"2021-02-17T14:40:00+00:00","og_image":[{"width":1024,"height":678,"url":"https:\/\/charlie-liveshow.com\/Tentation-erotique\/wp-content\/uploads\/2018\/06\/baise-moi-furieusement-KMX_1024.jpg","type":"image\/jpeg"}],"twitter_card":"summary_large_image","twitter_site":"@Charlieliveshow","twitter_misc":{"Dur\u00e9e de lecture estim\u00e9e":"1 minute"},"schema":{"@context":"https:\/\/schema.org","@graph":[{"@type":"WebPage","@id":"https:\/\/charlie-liveshow.com\/Tentation-erotique\/produit\/baise-moi-video-extreme-anal\/","url":"https:\/\/charlie-liveshow.com\/Tentation-erotique\/produit\/baise-moi-video-extreme-anal\/","name":"BAISE MOI ! la video extreme d\u00e9fonce - Charlie TENTATIONS","isPartOf":{"@id":"https:\/\/charlie-liveshow.com\/Tentation-erotique\/#website"},"datePublished":"2018-06-22T17:03:52+00:00","dateModified":"2021-02-17T14:40:00+00:00","description":"Baise moi ! Seconde vid\u00e9o porno pro. 30 minutes pour me baiser \u00e0 l'extr\u00eame : DP Fist anal fuck machine et \u00e9norme squirting !","breadcrumb":{"@id":"https:\/\/charlie-liveshow.com\/Tentation-erotique\/produit\/baise-moi-video-extreme-anal\/#breadcrumb"},"inLanguage":"fr-FR","potentialAction":[{"@type":"ReadAction","target":["https:\/\/charlie-liveshow.com\/Tentation-erotique\/produit\/baise-moi-video-extreme-anal\/"]}]},{"@type":"BreadcrumbList","@id":"https:\/\/charlie-liveshow.com\/Tentation-erotique\/produit\/baise-moi-video-extreme-anal\/#breadcrumb","itemListElement":[{"@type":"ListItem","position":1,"name":"Charlie r\u00e9veille vos sens","item":"https:\/\/charlie-liveshow.com\/Tentation-erotique\/page-d-accueil-commerce\/"},{"@type":"ListItem","position":2,"name":"Vid\u00e9os xXx","item":"https:\/\/charlie-liveshow.com\/Tentation-erotique\/categorie-produit\/videos-x-amateur-charlie\/"},{"@type":"ListItem","position":3,"name":"BAISE MOI ! la video extreme d\u00e9fonce"}]},{"@type":"WebSite","@id":"https:\/\/charlie-liveshow.com\/Tentation-erotique\/#website","url":"https:\/\/charlie-liveshow.com\/Tentation-erotique\/","name":"TENTATIONS \u00c9ROTIQUES par Charlie Liveshow","description":"Eveillez vous \u00e0 l&#039;\u00e9rotisme","publisher":{"@id":"https:\/\/charlie-liveshow.com\/Tentation-erotique\/#organization"},"potentialAction":[{"@type":"SearchAction","target":{"@type":"EntryPoint","urlTemplate":"https:\/\/charlie-liveshow.com\/Tentation-erotique\/?s={search_term_string}"},"query-input":"required name=search_term_string"}],"inLanguage":"fr-FR"},{"@type":"Organization","@id":"https:\/\/charlie-liveshow.com\/Tentation-erotique\/#organization","name":"charlie-liveshow","url":"https:\/\/charlie-liveshow.com\/Tentation-erotique\/","logo":{"@type":"ImageObject","inLanguage":"fr-FR","@id":"https:\/\/charlie-liveshow.com\/Tentation-erotique\/#\/schema\/logo\/image\/","url":"https:\/\/charlie-liveshow.com\/Tentation-erotique\/wp-content\/uploads\/2013\/05\/Charlie_folies_logo.png","contentUrl":"https:\/\/charlie-liveshow.com\/Tentation-erotique\/wp-content\/uploads\/2013\/05\/Charlie_folies_logo.png","width":210,"height":206,"caption":"charlie-liveshow"},"image":{"@id":"https:\/\/charlie-liveshow.com\/Tentation-erotique\/#\/schema\/logo\/image\/"},"sameAs":["https:\/\/www.facebook.com\/charlielivetantra","https:\/\/twitter.com\/Charlieliveshow","https:\/\/www.instagram.com\/charlie_liveshow\/","https:\/\/www.youtube.com\/CharlieTantra"]}]}},"_links":{"self":[{"href":"https:\/\/charlie-liveshow.com\/Tentation-erotique\/wp-json\/wp\/v2\/product\/488"}],"collection":[{"href":"https:\/\/charlie-liveshow.com\/Tentation-erotique\/wp-json\/wp\/v2\/product"}],"about":[{"href":"https:\/\/charlie-liveshow.com\/Tentation-erotique\/wp-json\/wp\/v2\/types\/product"}],"replies":[{"embeddable":true,"href":"https:\/\/charlie-liveshow.com\/Tentation-erotique\/wp-json\/wp\/v2\/comments?post=488"}],"version-history":[{"count":0,"href":"https:\/\/charlie-liveshow.com\/Tentation-erotique\/wp-json\/wp\/v2\/product\/488\/revisions"}],"wp:featuredmedia":[{"embeddable":true,"href":"https:\/\/charlie-liveshow.com\/Tentation-erotique\/wp-json\/wp\/v2\/media\/43664"}],"wp:attachment":[{"href":"https:\/\/charlie-liveshow.com\/Tentation-erotique\/wp-json\/wp\/v2\/media?parent=488"}],"wp:term":[{"taxonomy":"product_cat","embeddable":true,"href":"https:\/\/charlie-liveshow.com\/Tentation-erotique\/wp-json\/wp\/v2\/product_cat?post=488"},{"taxonomy":"product_tag","embeddable":true,"href":"https:\/\/charlie-liveshow.com\/Tentation-erotique\/wp-json\/wp\/v2\/product_tag?post=488"}],"curies":[{"name":"wp","href":"https:\/\/api.w.org\/{rel}","templated":true}]}}