{"id":472,"date":"2018-06-22T18:11:51","date_gmt":"2018-06-22T16:11:51","guid":{"rendered":"https:\/\/charlie-liveshow.com\/Tentation-erotique\/?post_type=product&#038;p=472"},"modified":"2021-01-25T10:03:03","modified_gmt":"2021-01-25T09:03:03","slug":"rough-fucking-sex-machine","status":"publish","type":"product","link":"https:\/\/charlie-liveshow.com\/Tentation-erotique\/produit\/rough-fucking-sex-machine\/","title":{"rendered":"Rough fucking. Charlie et la sex machine"},"content":{"rendered":"<div id=\"note\">\n<h3>Rough fucking sex machine !<\/h3>\n<p>Souvent je plaide l\u2019Amour, la Paix dans le monde la bienveillance. Mais bon qui dit Paix, Amour et compassion ne veut pas dire mi\u00e8vrerie ! T\u2019es pas d\u2019accord ? Ok regarde cette vid\u00e9o, 29 minutes de pur Amour du sexe hardcore ! J\u2019empoigne la redoutable fucking machine et je la laisse faire \u2026<\/p>\n<p>400 coups par minute \u00e7a vous d\u00e9tend grave ! Id\u00e9al pour calmer les hardeurs sexuelles les plus violentes ! Si tu ne me connais pas en mode extreme hardcore \u2026 d\u00e9couvre ! Les vrais savent !<\/p>\n<h4>Mots-cl\u00e9s de la vid\u00e9o :<\/h4>\n<p>Fucking-machine &#8211; EXTREME &#8211; ANAL &#8211; dilatation &#8211; ROUGH SEX &#8211; Solo<\/p>\n<h4>Fiche technique :<\/h4>\n<p><strong>Dur\u00e9e : 29 minutes\u00a0<\/strong>\u00a0| Qualit\u00e9 : 1280 x 720\u00a0px \u2013\u00a0<strong>Format : .mov |\u00a0<\/strong>Taille : 697Mo<\/p>\n<h4>TEASER : il vous reste 24 minutes \u00e0 voir !<\/h4>\n<p><iframe src=\"https:\/\/fr.pornhub.com\/embed\/ph5942c750315c8\" width=\"560\" height=\"315\" frameborder=\"0\" scrolling=\"no\" allowfullscreen=\"allowfullscreen\"><\/iframe><\/p>\n<\/div>\n","protected":false},"excerpt":{"rendered":"<p>400 coups par minute \u00e7a vous d\u00e9tend grave ! Id\u00e9al pour calmer les hardeurs sexuelles les plus violentes ! Si tu ne me connais pas en mode extreme hardcore \u2026 d\u00e9couvre ! Les vrais savent !<\/p>\n<p><strong>29 minutes hardcore !\u00a0<\/strong><\/p>\n","protected":false},"featured_media":477,"comment_status":"open","ping_status":"closed","template":"","meta":{"ub_ctt_via":""},"product_cat":[53],"product_tag":[43,54,52],"yoast_head":"<!-- This site is optimized with the Yoast SEO plugin v22.0 - https:\/\/yoast.com\/wordpress\/plugins\/seo\/ -->\n<title>Rough fucking. Charlie et la sex machine - Charlie TENTATIONS<\/title>\n<meta name=\"description\" content=\"400 coups par minute \u00e7a vous d\u00e9tend grave ! Id\u00e9al pour calmer les hardeurs sexuelles les plus violentes ! Si tu ne me connais pas en mode extreme hardcore \u2026 d\u00e9couvre ! Les vrais savent !  29 minutes hardcore !\u00a0\" \/>\n<meta name=\"robots\" content=\"index, follow, max-snippet:-1, max-image-preview:large, max-video-preview:-1\" \/>\n<link rel=\"canonical\" href=\"https:\/\/charlie-liveshow.com\/Tentation-erotique\/produit\/rough-fucking-sex-machine\/\" \/>\n<meta property=\"og:locale\" content=\"fr_FR\" \/>\n<meta property=\"og:type\" content=\"article\" \/>\n<meta property=\"og:title\" content=\"Rough fucking. Charlie et la sex machine - Charlie TENTATIONS\" \/>\n<meta property=\"og:description\" content=\"400 coups par minute \u00e7a vous d\u00e9tend grave ! Id\u00e9al pour calmer les hardeurs sexuelles les plus violentes ! Si tu ne me connais pas en mode extreme hardcore \u2026 d\u00e9couvre ! Les vrais savent !  29 minutes hardcore !\u00a0\" \/>\n<meta property=\"og:url\" content=\"https:\/\/charlie-liveshow.com\/Tentation-erotique\/produit\/rough-fucking-sex-machine\/\" \/>\n<meta property=\"og:site_name\" content=\"TENTATIONS \u00c9ROTIQUES par Charlie Liveshow\" \/>\n<meta property=\"article:publisher\" content=\"https:\/\/www.facebook.com\/charlielivetantra\" \/>\n<meta property=\"article:modified_time\" content=\"2021-01-25T09:03:03+00:00\" \/>\n<meta property=\"og:image\" content=\"https:\/\/charlie-liveshow.com\/Tentation-erotique\/wp-content\/uploads\/2018\/06\/fuck-machine-sensible-2_CLS.jpg\" \/>\n\t<meta property=\"og:image:width\" content=\"1024\" \/>\n\t<meta property=\"og:image:height\" content=\"678\" \/>\n\t<meta property=\"og:image:type\" content=\"image\/jpeg\" \/>\n<meta name=\"twitter:card\" content=\"summary_large_image\" \/>\n<meta name=\"twitter:site\" content=\"@Charlieliveshow\" \/>\n<meta name=\"twitter:label1\" content=\"Dur\u00e9e de lecture estim\u00e9e\" \/>\n\t<meta name=\"twitter:data1\" content=\"1 minute\" \/>\n<script type=\"application\/ld+json\" class=\"yoast-schema-graph\">{\"@context\":\"https:\/\/schema.org\",\"@graph\":[{\"@type\":\"WebPage\",\"@id\":\"https:\/\/charlie-liveshow.com\/Tentation-erotique\/produit\/rough-fucking-sex-machine\/\",\"url\":\"https:\/\/charlie-liveshow.com\/Tentation-erotique\/produit\/rough-fucking-sex-machine\/\",\"name\":\"Rough fucking. Charlie et la sex machine - Charlie TENTATIONS\",\"isPartOf\":{\"@id\":\"https:\/\/charlie-liveshow.com\/Tentation-erotique\/#website\"},\"datePublished\":\"2018-06-22T16:11:51+00:00\",\"dateModified\":\"2021-01-25T09:03:03+00:00\",\"description\":\"400 coups par minute \u00e7a vous d\u00e9tend grave ! Id\u00e9al pour calmer les hardeurs sexuelles les plus violentes ! Si tu ne me connais pas en mode extreme hardcore \u2026 d\u00e9couvre ! Les vrais savent ! 29 minutes hardcore !\u00a0\",\"breadcrumb\":{\"@id\":\"https:\/\/charlie-liveshow.com\/Tentation-erotique\/produit\/rough-fucking-sex-machine\/#breadcrumb\"},\"inLanguage\":\"fr-FR\",\"potentialAction\":[{\"@type\":\"ReadAction\",\"target\":[\"https:\/\/charlie-liveshow.com\/Tentation-erotique\/produit\/rough-fucking-sex-machine\/\"]}]},{\"@type\":\"BreadcrumbList\",\"@id\":\"https:\/\/charlie-liveshow.com\/Tentation-erotique\/produit\/rough-fucking-sex-machine\/#breadcrumb\",\"itemListElement\":[{\"@type\":\"ListItem\",\"position\":1,\"name\":\"Charlie r\u00e9veille vos sens\",\"item\":\"https:\/\/charlie-liveshow.com\/Tentation-erotique\/page-d-accueil-commerce\/\"},{\"@type\":\"ListItem\",\"position\":2,\"name\":\"Vid\u00e9os xXx\",\"item\":\"https:\/\/charlie-liveshow.com\/Tentation-erotique\/categorie-produit\/videos-x-amateur-charlie\/\"},{\"@type\":\"ListItem\",\"position\":3,\"name\":\"Rough fucking. Charlie et la sex machine\"}]},{\"@type\":\"WebSite\",\"@id\":\"https:\/\/charlie-liveshow.com\/Tentation-erotique\/#website\",\"url\":\"https:\/\/charlie-liveshow.com\/Tentation-erotique\/\",\"name\":\"TENTATIONS \u00c9ROTIQUES par Charlie Liveshow\",\"description\":\"Eveillez vous \u00e0 l&#039;\u00e9rotisme\",\"publisher\":{\"@id\":\"https:\/\/charlie-liveshow.com\/Tentation-erotique\/#organization\"},\"potentialAction\":[{\"@type\":\"SearchAction\",\"target\":{\"@type\":\"EntryPoint\",\"urlTemplate\":\"https:\/\/charlie-liveshow.com\/Tentation-erotique\/?s={search_term_string}\"},\"query-input\":\"required name=search_term_string\"}],\"inLanguage\":\"fr-FR\"},{\"@type\":\"Organization\",\"@id\":\"https:\/\/charlie-liveshow.com\/Tentation-erotique\/#organization\",\"name\":\"charlie-liveshow\",\"url\":\"https:\/\/charlie-liveshow.com\/Tentation-erotique\/\",\"logo\":{\"@type\":\"ImageObject\",\"inLanguage\":\"fr-FR\",\"@id\":\"https:\/\/charlie-liveshow.com\/Tentation-erotique\/#\/schema\/logo\/image\/\",\"url\":\"https:\/\/charlie-liveshow.com\/Tentation-erotique\/wp-content\/uploads\/2013\/05\/Charlie_folies_logo.png\",\"contentUrl\":\"https:\/\/charlie-liveshow.com\/Tentation-erotique\/wp-content\/uploads\/2013\/05\/Charlie_folies_logo.png\",\"width\":210,\"height\":206,\"caption\":\"charlie-liveshow\"},\"image\":{\"@id\":\"https:\/\/charlie-liveshow.com\/Tentation-erotique\/#\/schema\/logo\/image\/\"},\"sameAs\":[\"https:\/\/www.facebook.com\/charlielivetantra\",\"https:\/\/twitter.com\/Charlieliveshow\",\"https:\/\/www.instagram.com\/charlie_liveshow\/\",\"https:\/\/www.youtube.com\/CharlieTantra\"]}]}<\/script>\n<!-- \/ Yoast SEO plugin. -->","yoast_head_json":{"title":"Rough fucking. Charlie et la sex machine - Charlie TENTATIONS","description":"400 coups par minute \u00e7a vous d\u00e9tend grave ! Id\u00e9al pour calmer les hardeurs sexuelles les plus violentes ! Si tu ne me connais pas en mode extreme hardcore \u2026 d\u00e9couvre ! Les vrais savent !  29 minutes hardcore !\u00a0","robots":{"index":"index","follow":"follow","max-snippet":"max-snippet:-1","max-image-preview":"max-image-preview:large","max-video-preview":"max-video-preview:-1"},"canonical":"https:\/\/charlie-liveshow.com\/Tentation-erotique\/produit\/rough-fucking-sex-machine\/","og_locale":"fr_FR","og_type":"article","og_title":"Rough fucking. Charlie et la sex machine - Charlie TENTATIONS","og_description":"400 coups par minute \u00e7a vous d\u00e9tend grave ! Id\u00e9al pour calmer les hardeurs sexuelles les plus violentes ! Si tu ne me connais pas en mode extreme hardcore \u2026 d\u00e9couvre ! Les vrais savent !  29 minutes hardcore !\u00a0","og_url":"https:\/\/charlie-liveshow.com\/Tentation-erotique\/produit\/rough-fucking-sex-machine\/","og_site_name":"TENTATIONS \u00c9ROTIQUES par Charlie Liveshow","article_publisher":"https:\/\/www.facebook.com\/charlielivetantra","article_modified_time":"2021-01-25T09:03:03+00:00","og_image":[{"width":1024,"height":678,"url":"https:\/\/charlie-liveshow.com\/Tentation-erotique\/wp-content\/uploads\/2018\/06\/fuck-machine-sensible-2_CLS.jpg","type":"image\/jpeg"}],"twitter_card":"summary_large_image","twitter_site":"@Charlieliveshow","twitter_misc":{"Dur\u00e9e de lecture estim\u00e9e":"1 minute"},"schema":{"@context":"https:\/\/schema.org","@graph":[{"@type":"WebPage","@id":"https:\/\/charlie-liveshow.com\/Tentation-erotique\/produit\/rough-fucking-sex-machine\/","url":"https:\/\/charlie-liveshow.com\/Tentation-erotique\/produit\/rough-fucking-sex-machine\/","name":"Rough fucking. Charlie et la sex machine - Charlie TENTATIONS","isPartOf":{"@id":"https:\/\/charlie-liveshow.com\/Tentation-erotique\/#website"},"datePublished":"2018-06-22T16:11:51+00:00","dateModified":"2021-01-25T09:03:03+00:00","description":"400 coups par minute \u00e7a vous d\u00e9tend grave ! Id\u00e9al pour calmer les hardeurs sexuelles les plus violentes ! Si tu ne me connais pas en mode extreme hardcore \u2026 d\u00e9couvre ! Les vrais savent ! 29 minutes hardcore !\u00a0","breadcrumb":{"@id":"https:\/\/charlie-liveshow.com\/Tentation-erotique\/produit\/rough-fucking-sex-machine\/#breadcrumb"},"inLanguage":"fr-FR","potentialAction":[{"@type":"ReadAction","target":["https:\/\/charlie-liveshow.com\/Tentation-erotique\/produit\/rough-fucking-sex-machine\/"]}]},{"@type":"BreadcrumbList","@id":"https:\/\/charlie-liveshow.com\/Tentation-erotique\/produit\/rough-fucking-sex-machine\/#breadcrumb","itemListElement":[{"@type":"ListItem","position":1,"name":"Charlie r\u00e9veille vos sens","item":"https:\/\/charlie-liveshow.com\/Tentation-erotique\/page-d-accueil-commerce\/"},{"@type":"ListItem","position":2,"name":"Vid\u00e9os xXx","item":"https:\/\/charlie-liveshow.com\/Tentation-erotique\/categorie-produit\/videos-x-amateur-charlie\/"},{"@type":"ListItem","position":3,"name":"Rough fucking. Charlie et la sex machine"}]},{"@type":"WebSite","@id":"https:\/\/charlie-liveshow.com\/Tentation-erotique\/#website","url":"https:\/\/charlie-liveshow.com\/Tentation-erotique\/","name":"TENTATIONS \u00c9ROTIQUES par Charlie Liveshow","description":"Eveillez vous \u00e0 l&#039;\u00e9rotisme","publisher":{"@id":"https:\/\/charlie-liveshow.com\/Tentation-erotique\/#organization"},"potentialAction":[{"@type":"SearchAction","target":{"@type":"EntryPoint","urlTemplate":"https:\/\/charlie-liveshow.com\/Tentation-erotique\/?s={search_term_string}"},"query-input":"required name=search_term_string"}],"inLanguage":"fr-FR"},{"@type":"Organization","@id":"https:\/\/charlie-liveshow.com\/Tentation-erotique\/#organization","name":"charlie-liveshow","url":"https:\/\/charlie-liveshow.com\/Tentation-erotique\/","logo":{"@type":"ImageObject","inLanguage":"fr-FR","@id":"https:\/\/charlie-liveshow.com\/Tentation-erotique\/#\/schema\/logo\/image\/","url":"https:\/\/charlie-liveshow.com\/Tentation-erotique\/wp-content\/uploads\/2013\/05\/Charlie_folies_logo.png","contentUrl":"https:\/\/charlie-liveshow.com\/Tentation-erotique\/wp-content\/uploads\/2013\/05\/Charlie_folies_logo.png","width":210,"height":206,"caption":"charlie-liveshow"},"image":{"@id":"https:\/\/charlie-liveshow.com\/Tentation-erotique\/#\/schema\/logo\/image\/"},"sameAs":["https:\/\/www.facebook.com\/charlielivetantra","https:\/\/twitter.com\/Charlieliveshow","https:\/\/www.instagram.com\/charlie_liveshow\/","https:\/\/www.youtube.com\/CharlieTantra"]}]}},"_links":{"self":[{"href":"https:\/\/charlie-liveshow.com\/Tentation-erotique\/wp-json\/wp\/v2\/product\/472"}],"collection":[{"href":"https:\/\/charlie-liveshow.com\/Tentation-erotique\/wp-json\/wp\/v2\/product"}],"about":[{"href":"https:\/\/charlie-liveshow.com\/Tentation-erotique\/wp-json\/wp\/v2\/types\/product"}],"replies":[{"embeddable":true,"href":"https:\/\/charlie-liveshow.com\/Tentation-erotique\/wp-json\/wp\/v2\/comments?post=472"}],"version-history":[{"count":0,"href":"https:\/\/charlie-liveshow.com\/Tentation-erotique\/wp-json\/wp\/v2\/product\/472\/revisions"}],"wp:featuredmedia":[{"embeddable":true,"href":"https:\/\/charlie-liveshow.com\/Tentation-erotique\/wp-json\/wp\/v2\/media\/477"}],"wp:attachment":[{"href":"https:\/\/charlie-liveshow.com\/Tentation-erotique\/wp-json\/wp\/v2\/media?parent=472"}],"wp:term":[{"taxonomy":"product_cat","embeddable":true,"href":"https:\/\/charlie-liveshow.com\/Tentation-erotique\/wp-json\/wp\/v2\/product_cat?post=472"},{"taxonomy":"product_tag","embeddable":true,"href":"https:\/\/charlie-liveshow.com\/Tentation-erotique\/wp-json\/wp\/v2\/product_tag?post=472"}],"curies":[{"name":"wp","href":"https:\/\/api.w.org\/{rel}","templated":true}]}}