{"id":455,"date":"2018-06-18T17:27:34","date_gmt":"2018-06-18T15:27:34","guid":{"rendered":"https:\/\/charlie-liveshow.com\/Tentation-erotique\/?post_type=product&#038;p=455"},"modified":"2020-11-30T19:51:57","modified_gmt":"2020-11-30T18:51:57","slug":"livecam-fuck-machine-sex-skype","status":"publish","type":"product","link":"https:\/\/charlie-liveshow.com\/Tentation-erotique\/produit\/livecam-fuck-machine-sex-skype\/","title":{"rendered":"Livecam Fuck Machine !"},"content":{"rendered":"<p>Tu aimes, que dis je tu adores le sexe \u2026\u00a0Mais\u00a0<strong>tu aimes encore plus la performance<\/strong>\u00a0et tu veux toujours plus\u00a0? Tu veux litt\u00e9ralement m\u2019ouvrir en deux\u00a0? Je suis la pour toi et tes exigences les plus folles.\u00a0<a href=\"https:\/\/charlie-liveshow.com\/liveshow-special-fuck-machine\/\" target=\"_blank\" rel=\"noopener, nofollow noopener noreferrer\">Plus d&rsquo;info sur ce livecam<\/a>. LAISSE UNE NOTE ET UN COMMENTAIRE&#8230; <strong>tu gagneras quelques tips pour ton prochain show !<\/strong><\/p>\n<h2>Livecam eXtr\u00eame FUCK MACHINE !<\/h2>\n<p><strong>Ce que tu auras pendant le show :\u00a0<\/strong>FUCK Machine &#8211; Anal et Vaginal en mode extr\u00eame et tout les d\u00e9lires qui peuvent s&rsquo;en suivre<\/p>\n<h3 style=\"text-align: center;\">Le livecam eXtr\u00eame FUCK machine en d\u00e9tail :<\/h3>\n<ul>\n<li>Gorge profonde\u00a0(avec haut le c\u0153ur)<\/li>\n<li><strong>Fuck Machine\u00a0en vaginal ET Anal<\/strong><\/li>\n<li>Squirting,\u00a0femme fontaine (20min de show minimum)<\/li>\n<li>Ejaculation faciale<\/li>\n<li>Contr\u00f4le sextoys (hush, lush, domi, nora)<\/li>\n<\/ul>\n<p><strong>Les FETISH<\/strong><\/p>\n<ul>\n<li><strong>Bouteille<\/strong> en verre\u00a0(champagne ou bi\u00e8re) anal<\/li>\n<li>Tenue Latex<\/li>\n<li>Uro<\/li>\n<li>Pinces \u00e0 t\u00e9tons<\/li>\n<\/ul>\n<p style=\"text-align: center;\">D&rsquo;autres \u00e9l\u00e9ments sont possibles en fonction de ton sc\u00e9nario et de tes envies<\/p>\n<div style=\"width: 640px;\" class=\"wp-video\"><!--[if lt IE 9]><script>document.createElement('video');<\/script><![endif]-->\n<video class=\"wp-video-shortcode\" id=\"video-455-1\" width=\"640\" height=\"360\" preload=\"metadata\" controls=\"controls\"><source type=\"video\/mp4\" src=\"https:\/\/charlie-liveshow.com\/Tentation-erotique\/wp-content\/uploads\/2018\/07\/fuck-machine-live.mp4?_=1\" \/><a href=\"https:\/\/charlie-liveshow.com\/Tentation-erotique\/wp-content\/uploads\/2018\/07\/fuck-machine-live.mp4\">https:\/\/charlie-liveshow.com\/Tentation-erotique\/wp-content\/uploads\/2018\/07\/fuck-machine-live.mp4<\/a><\/video><\/div>\n","protected":false},"excerpt":{"rendered":"<h2><b>Livecam extr\u00eame, Fuck MACHINE<\/b><\/h2>\n<p>Je passe en mode Camgirl extr\u00eame \u2026 attention liveshow uniquement pour les amateurs de sensations fortes ! Ma fuck-machine est branch\u00e9e et vous allez me DEMONTER !<\/p>\n<h3>LAISSE UNE NOTE &amp; UN COMMENTAIRE<\/h3>\n<p>Si tu me donnes ton avis sur ton livecam. Si tu me flattes et que tu partages ton exp\u00e9rience.<\/p>\n","protected":false},"featured_media":597,"comment_status":"open","ping_status":"closed","template":"","meta":{"ub_ctt_via":""},"product_cat":[20],"product_tag":[28,52,26,29,27],"yoast_head":"<!-- This site is optimized with the Yoast SEO plugin v22.0 - https:\/\/yoast.com\/wordpress\/plugins\/seo\/ -->\n<title>Livecam Fuck Machine ! - Charlie TENTATIONS<\/title>\n<meta name=\"description\" content=\"Livecam extr\u00eame, Fuck MACHINEJe passe en mode Camgirl extr\u00eame \u2026 attention liveshow uniquement pour les amateurs de sensations fortes !\" \/>\n<meta name=\"robots\" content=\"index, follow, max-snippet:-1, max-image-preview:large, max-video-preview:-1\" \/>\n<link rel=\"canonical\" href=\"https:\/\/charlie-liveshow.com\/Tentation-erotique\/produit\/livecam-fuck-machine-sex-skype\/\" \/>\n<meta property=\"og:locale\" content=\"fr_FR\" \/>\n<meta property=\"og:type\" content=\"article\" \/>\n<meta property=\"og:title\" content=\"Livecam Fuck Machine ! - Charlie TENTATIONS\" \/>\n<meta property=\"og:description\" content=\"Livecam extr\u00eame, Fuck MACHINEJe passe en mode Camgirl extr\u00eame \u2026 attention liveshow uniquement pour les amateurs de sensations fortes !\" \/>\n<meta property=\"og:url\" content=\"https:\/\/charlie-liveshow.com\/Tentation-erotique\/produit\/livecam-fuck-machine-sex-skype\/\" \/>\n<meta property=\"og:site_name\" content=\"TENTATIONS \u00c9ROTIQUES par Charlie Liveshow\" \/>\n<meta property=\"article:publisher\" content=\"https:\/\/www.facebook.com\/charlielivetantra\" \/>\n<meta property=\"article:modified_time\" content=\"2020-11-30T18:51:57+00:00\" \/>\n<meta property=\"og:image\" content=\"https:\/\/charlie-liveshow.com\/Tentation-erotique\/wp-content\/uploads\/2018\/06\/livecam-fuck-machine.jpg\" \/>\n\t<meta property=\"og:image:width\" content=\"678\" \/>\n\t<meta property=\"og:image:height\" content=\"1024\" \/>\n\t<meta property=\"og:image:type\" content=\"image\/jpeg\" \/>\n<meta name=\"twitter:card\" content=\"summary_large_image\" \/>\n<meta name=\"twitter:site\" content=\"@Charlieliveshow\" \/>\n<meta name=\"twitter:label1\" content=\"Dur\u00e9e de lecture estim\u00e9e\" \/>\n\t<meta name=\"twitter:data1\" content=\"1 minute\" \/>\n<script type=\"application\/ld+json\" class=\"yoast-schema-graph\">{\"@context\":\"https:\/\/schema.org\",\"@graph\":[{\"@type\":\"WebPage\",\"@id\":\"https:\/\/charlie-liveshow.com\/Tentation-erotique\/produit\/livecam-fuck-machine-sex-skype\/\",\"url\":\"https:\/\/charlie-liveshow.com\/Tentation-erotique\/produit\/livecam-fuck-machine-sex-skype\/\",\"name\":\"Livecam Fuck Machine ! - Charlie TENTATIONS\",\"isPartOf\":{\"@id\":\"https:\/\/charlie-liveshow.com\/Tentation-erotique\/#website\"},\"datePublished\":\"2018-06-18T15:27:34+00:00\",\"dateModified\":\"2020-11-30T18:51:57+00:00\",\"description\":\"Livecam extr\u00eame, Fuck MACHINEJe passe en mode Camgirl extr\u00eame \u2026 attention liveshow uniquement pour les amateurs de sensations fortes !\",\"breadcrumb\":{\"@id\":\"https:\/\/charlie-liveshow.com\/Tentation-erotique\/produit\/livecam-fuck-machine-sex-skype\/#breadcrumb\"},\"inLanguage\":\"fr-FR\",\"potentialAction\":[{\"@type\":\"ReadAction\",\"target\":[\"https:\/\/charlie-liveshow.com\/Tentation-erotique\/produit\/livecam-fuck-machine-sex-skype\/\"]}]},{\"@type\":\"BreadcrumbList\",\"@id\":\"https:\/\/charlie-liveshow.com\/Tentation-erotique\/produit\/livecam-fuck-machine-sex-skype\/#breadcrumb\",\"itemListElement\":[{\"@type\":\"ListItem\",\"position\":1,\"name\":\"Charlie r\u00e9veille vos sens\",\"item\":\"https:\/\/charlie-liveshow.com\/Tentation-erotique\/page-d-accueil-commerce\/\"},{\"@type\":\"ListItem\",\"position\":2,\"name\":\"Camgirl LIVESHOW\",\"item\":\"https:\/\/charlie-liveshow.com\/Tentation-erotique\/categorie-produit\/best-of-camgirl\/\"},{\"@type\":\"ListItem\",\"position\":3,\"name\":\"Livecam Fuck Machine !\"}]},{\"@type\":\"WebSite\",\"@id\":\"https:\/\/charlie-liveshow.com\/Tentation-erotique\/#website\",\"url\":\"https:\/\/charlie-liveshow.com\/Tentation-erotique\/\",\"name\":\"TENTATIONS \u00c9ROTIQUES par Charlie Liveshow\",\"description\":\"Eveillez vous \u00e0 l&#039;\u00e9rotisme\",\"publisher\":{\"@id\":\"https:\/\/charlie-liveshow.com\/Tentation-erotique\/#organization\"},\"potentialAction\":[{\"@type\":\"SearchAction\",\"target\":{\"@type\":\"EntryPoint\",\"urlTemplate\":\"https:\/\/charlie-liveshow.com\/Tentation-erotique\/?s={search_term_string}\"},\"query-input\":\"required name=search_term_string\"}],\"inLanguage\":\"fr-FR\"},{\"@type\":\"Organization\",\"@id\":\"https:\/\/charlie-liveshow.com\/Tentation-erotique\/#organization\",\"name\":\"charlie-liveshow\",\"url\":\"https:\/\/charlie-liveshow.com\/Tentation-erotique\/\",\"logo\":{\"@type\":\"ImageObject\",\"inLanguage\":\"fr-FR\",\"@id\":\"https:\/\/charlie-liveshow.com\/Tentation-erotique\/#\/schema\/logo\/image\/\",\"url\":\"https:\/\/charlie-liveshow.com\/Tentation-erotique\/wp-content\/uploads\/2013\/05\/Charlie_folies_logo.png\",\"contentUrl\":\"https:\/\/charlie-liveshow.com\/Tentation-erotique\/wp-content\/uploads\/2013\/05\/Charlie_folies_logo.png\",\"width\":210,\"height\":206,\"caption\":\"charlie-liveshow\"},\"image\":{\"@id\":\"https:\/\/charlie-liveshow.com\/Tentation-erotique\/#\/schema\/logo\/image\/\"},\"sameAs\":[\"https:\/\/www.facebook.com\/charlielivetantra\",\"https:\/\/twitter.com\/Charlieliveshow\",\"https:\/\/www.instagram.com\/charlie_liveshow\/\",\"https:\/\/www.youtube.com\/CharlieTantra\"]}]}<\/script>\n<!-- \/ Yoast SEO plugin. -->","yoast_head_json":{"title":"Livecam Fuck Machine ! - Charlie TENTATIONS","description":"Livecam extr\u00eame, Fuck MACHINEJe passe en mode Camgirl extr\u00eame \u2026 attention liveshow uniquement pour les amateurs de sensations fortes !","robots":{"index":"index","follow":"follow","max-snippet":"max-snippet:-1","max-image-preview":"max-image-preview:large","max-video-preview":"max-video-preview:-1"},"canonical":"https:\/\/charlie-liveshow.com\/Tentation-erotique\/produit\/livecam-fuck-machine-sex-skype\/","og_locale":"fr_FR","og_type":"article","og_title":"Livecam Fuck Machine ! - Charlie TENTATIONS","og_description":"Livecam extr\u00eame, Fuck MACHINEJe passe en mode Camgirl extr\u00eame \u2026 attention liveshow uniquement pour les amateurs de sensations fortes !","og_url":"https:\/\/charlie-liveshow.com\/Tentation-erotique\/produit\/livecam-fuck-machine-sex-skype\/","og_site_name":"TENTATIONS \u00c9ROTIQUES par Charlie Liveshow","article_publisher":"https:\/\/www.facebook.com\/charlielivetantra","article_modified_time":"2020-11-30T18:51:57+00:00","og_image":[{"width":678,"height":1024,"url":"https:\/\/charlie-liveshow.com\/Tentation-erotique\/wp-content\/uploads\/2018\/06\/livecam-fuck-machine.jpg","type":"image\/jpeg"}],"twitter_card":"summary_large_image","twitter_site":"@Charlieliveshow","twitter_misc":{"Dur\u00e9e de lecture estim\u00e9e":"1 minute"},"schema":{"@context":"https:\/\/schema.org","@graph":[{"@type":"WebPage","@id":"https:\/\/charlie-liveshow.com\/Tentation-erotique\/produit\/livecam-fuck-machine-sex-skype\/","url":"https:\/\/charlie-liveshow.com\/Tentation-erotique\/produit\/livecam-fuck-machine-sex-skype\/","name":"Livecam Fuck Machine ! - Charlie TENTATIONS","isPartOf":{"@id":"https:\/\/charlie-liveshow.com\/Tentation-erotique\/#website"},"datePublished":"2018-06-18T15:27:34+00:00","dateModified":"2020-11-30T18:51:57+00:00","description":"Livecam extr\u00eame, Fuck MACHINEJe passe en mode Camgirl extr\u00eame \u2026 attention liveshow uniquement pour les amateurs de sensations fortes !","breadcrumb":{"@id":"https:\/\/charlie-liveshow.com\/Tentation-erotique\/produit\/livecam-fuck-machine-sex-skype\/#breadcrumb"},"inLanguage":"fr-FR","potentialAction":[{"@type":"ReadAction","target":["https:\/\/charlie-liveshow.com\/Tentation-erotique\/produit\/livecam-fuck-machine-sex-skype\/"]}]},{"@type":"BreadcrumbList","@id":"https:\/\/charlie-liveshow.com\/Tentation-erotique\/produit\/livecam-fuck-machine-sex-skype\/#breadcrumb","itemListElement":[{"@type":"ListItem","position":1,"name":"Charlie r\u00e9veille vos sens","item":"https:\/\/charlie-liveshow.com\/Tentation-erotique\/page-d-accueil-commerce\/"},{"@type":"ListItem","position":2,"name":"Camgirl LIVESHOW","item":"https:\/\/charlie-liveshow.com\/Tentation-erotique\/categorie-produit\/best-of-camgirl\/"},{"@type":"ListItem","position":3,"name":"Livecam Fuck Machine !"}]},{"@type":"WebSite","@id":"https:\/\/charlie-liveshow.com\/Tentation-erotique\/#website","url":"https:\/\/charlie-liveshow.com\/Tentation-erotique\/","name":"TENTATIONS \u00c9ROTIQUES par Charlie Liveshow","description":"Eveillez vous \u00e0 l&#039;\u00e9rotisme","publisher":{"@id":"https:\/\/charlie-liveshow.com\/Tentation-erotique\/#organization"},"potentialAction":[{"@type":"SearchAction","target":{"@type":"EntryPoint","urlTemplate":"https:\/\/charlie-liveshow.com\/Tentation-erotique\/?s={search_term_string}"},"query-input":"required name=search_term_string"}],"inLanguage":"fr-FR"},{"@type":"Organization","@id":"https:\/\/charlie-liveshow.com\/Tentation-erotique\/#organization","name":"charlie-liveshow","url":"https:\/\/charlie-liveshow.com\/Tentation-erotique\/","logo":{"@type":"ImageObject","inLanguage":"fr-FR","@id":"https:\/\/charlie-liveshow.com\/Tentation-erotique\/#\/schema\/logo\/image\/","url":"https:\/\/charlie-liveshow.com\/Tentation-erotique\/wp-content\/uploads\/2013\/05\/Charlie_folies_logo.png","contentUrl":"https:\/\/charlie-liveshow.com\/Tentation-erotique\/wp-content\/uploads\/2013\/05\/Charlie_folies_logo.png","width":210,"height":206,"caption":"charlie-liveshow"},"image":{"@id":"https:\/\/charlie-liveshow.com\/Tentation-erotique\/#\/schema\/logo\/image\/"},"sameAs":["https:\/\/www.facebook.com\/charlielivetantra","https:\/\/twitter.com\/Charlieliveshow","https:\/\/www.instagram.com\/charlie_liveshow\/","https:\/\/www.youtube.com\/CharlieTantra"]}]}},"_links":{"self":[{"href":"https:\/\/charlie-liveshow.com\/Tentation-erotique\/wp-json\/wp\/v2\/product\/455"}],"collection":[{"href":"https:\/\/charlie-liveshow.com\/Tentation-erotique\/wp-json\/wp\/v2\/product"}],"about":[{"href":"https:\/\/charlie-liveshow.com\/Tentation-erotique\/wp-json\/wp\/v2\/types\/product"}],"replies":[{"embeddable":true,"href":"https:\/\/charlie-liveshow.com\/Tentation-erotique\/wp-json\/wp\/v2\/comments?post=455"}],"version-history":[{"count":0,"href":"https:\/\/charlie-liveshow.com\/Tentation-erotique\/wp-json\/wp\/v2\/product\/455\/revisions"}],"wp:featuredmedia":[{"embeddable":true,"href":"https:\/\/charlie-liveshow.com\/Tentation-erotique\/wp-json\/wp\/v2\/media\/597"}],"wp:attachment":[{"href":"https:\/\/charlie-liveshow.com\/Tentation-erotique\/wp-json\/wp\/v2\/media?parent=455"}],"wp:term":[{"taxonomy":"product_cat","embeddable":true,"href":"https:\/\/charlie-liveshow.com\/Tentation-erotique\/wp-json\/wp\/v2\/product_cat?post=455"},{"taxonomy":"product_tag","embeddable":true,"href":"https:\/\/charlie-liveshow.com\/Tentation-erotique\/wp-json\/wp\/v2\/product_tag?post=455"}],"curies":[{"name":"wp","href":"https:\/\/api.w.org\/{rel}","templated":true}]}}