{"id":450,"date":"2018-06-18T16:19:47","date_gmt":"2018-06-18T14:19:47","guid":{"rendered":"https:\/\/charlie-liveshow.com\/Tentation-erotique\/?post_type=product&#038;p=450"},"modified":"2019-01-19T14:43:32","modified_gmt":"2019-01-19T13:43:32","slug":"charlie-soutiens-dons","status":"publish","type":"product","link":"https:\/\/charlie-liveshow.com\/Tentation-erotique\/produit\/charlie-soutiens-dons\/","title":{"rendered":"Vous aimez Charlie ? Soutenez le site"},"content":{"rendered":"<p>Vous aimez mon site. Vous appr\u00e9ciez le fait que 90% du site soit gratuit et que tous les articles sont disponibles sans restriction ? Vous kiffez votre race les vid\u00e9os xxx sur mes chaines <a href=\"https:\/\/fr.pornhub.com\/users\/charlie_liveshow\" target=\"_blank\" rel=\"noopener, nofollow\">pornhub<\/a> ou <a href=\"https:\/\/www.xvideos.com\/pornstar-channels\/charlie-liveshow\" target=\"_blank\" rel=\"noopener, nofollow\">xvideos<\/a> ? Ou peut \u00eatre que, simplement, vous voulez me remercier pour les petits sourires ou les lectures \u00e9rotiques que nous essayons de vous dispenser chaque jour&#8230;<\/p>\n<p><strong>Merci de <a href=\"https:\/\/charlie-liveshow.com\/charlie-tantra\/sexy-deal-charlie\/\">votre cadeau<\/a> et de <a href=\"http:\/\/www.lepotcommun.fr\/pot\/jx832kji\" target=\"_blank\" rel=\"noopener\">votre soutien<\/a> ! Et n<\/strong>&lsquo;h\u00e9sitez pas \u00e0 laisser un petit mot !<\/p>\n<div class=\"su-button-center\"><a href=\"https:\/\/charlie-liveshow.com\/charlie-tantra\/sexy-deal-charlie\/\" class=\"su-button su-button-style-flat su-button-wide\" style=\"color:#fff;background-color:#ed1e79;border-color:#be1861;border-radius:0px;-moz-border-radius:0px;-webkit-border-radius:0px\" target=\"__blank\" rel=\"nofollow\"><span style=\"color:#fff;padding:7px 22px;font-size:17px;line-height:26px;border-color:#f362a2;border-radius:0px;-moz-border-radius:0px;-webkit-border-radius:0px;text-shadow:0px 0px 0px #ed1e79;-moz-text-shadow:0px 0px 0px #ed1e79;-webkit-text-shadow:0px 0px 0px #ed1e79\"><i class=\"sui sui-bell-o\" style=\"font-size:17px;color:#fff\"><\/i> Voir ma wishlist<\/span><\/a><\/div>\n<h3 style=\"text-align: center;\">Charlie-liveshow pour une sexualit\u00e9 et un monde plus libre &#8230;. et plus FUN !<\/h3>\n<p><img fetchpriority=\"high\" decoding=\"async\" class=\"size-full wp-image-137 aligncenter\" src=\"https:\/\/charlie-liveshow.com\/Tentation-erotique\/wp-content\/uploads\/2018\/05\/charlie-F-model-photo.jpg\" alt=\"\" width=\"800\" height=\"530\" srcset=\"https:\/\/charlie-liveshow.com\/Tentation-erotique\/wp-content\/uploads\/2018\/05\/charlie-F-model-photo.jpg 800w, https:\/\/charlie-liveshow.com\/Tentation-erotique\/wp-content\/uploads\/2018\/05\/charlie-F-model-photo-250x166.jpg 250w, https:\/\/charlie-liveshow.com\/Tentation-erotique\/wp-content\/uploads\/2018\/05\/charlie-F-model-photo-555x368.jpg 555w, https:\/\/charlie-liveshow.com\/Tentation-erotique\/wp-content\/uploads\/2018\/05\/charlie-F-model-photo-300x199.jpg 300w, https:\/\/charlie-liveshow.com\/Tentation-erotique\/wp-content\/uploads\/2018\/05\/charlie-F-model-photo-768x509.jpg 768w\" sizes=\"(max-width: 800px) 100vw, 800px\" \/><\/p>\n","protected":false},"excerpt":{"rendered":"<p>Vous aimez mon site. Vous appr\u00e9ciez sa gratuit\u00e9 ? Vous kiffez mes vid\u00e9os sur <a href=\"https:\/\/fr.pornhub.com\/users\/charlie_liveshow\" target=\"_blank\" rel=\"noopener, nofollow\">pornhub<\/a> ou <a href=\"https:\/\/www.xvideos.com\/pornstar-channels\/charlie-liveshow\" target=\"_blank\" rel=\"noopener, nofollow\">xvideos<\/a> ? Ou peut \u00eatre que simplement vous voulez me remercier pour les petits sourires ou les lectures \u00e9rotiques que nous essayons de vous dispenser chaque jour&#8230;<\/p>\n<p>Merci de votre cadeau et de votre soutien !<\/p>\n<div class=\"su-button-center\"><a href=\"https:\/\/charlie-liveshow.com\/charlie-tantra\/sexy-deal-charlie\/\" class=\"su-button su-button-style-flat su-button-wide\" style=\"color:#fff;background-color:#ed1e79;border-color:#be1861;border-radius:0px;-moz-border-radius:0px;-webkit-border-radius:0px\" target=\"__blank\" rel=\"nofollow\"><span style=\"color:#fff;padding:7px 22px;font-size:17px;line-height:26px;border-color:#f362a2;border-radius:0px;-moz-border-radius:0px;-webkit-border-radius:0px;text-shadow:0px 0px 0px #ed1e79;-moz-text-shadow:0px 0px 0px #ed1e79;-webkit-text-shadow:0px 0px 0px #ed1e79\"><i class=\"sui sui-bell-o\" style=\"font-size:17px;color:#fff\"><\/i> Voir ma wishlist<\/span><\/a><\/div>\n","protected":false},"featured_media":451,"comment_status":"open","ping_status":"closed","template":"","meta":{"ub_ctt_via":""},"product_cat":[47],"product_tag":[49,50,51],"yoast_head":"<!-- This site is optimized with the Yoast SEO plugin v22.0 - https:\/\/yoast.com\/wordpress\/plugins\/seo\/ -->\n<title>Vous aimez Charlie ? Soutenez le site - Charlie TENTATIONS<\/title>\n<meta name=\"robots\" content=\"index, follow, max-snippet:-1, max-image-preview:large, max-video-preview:-1\" \/>\n<link rel=\"canonical\" href=\"https:\/\/charlie-liveshow.com\/Tentation-erotique\/produit\/charlie-soutiens-dons\/\" \/>\n<meta property=\"og:locale\" content=\"fr_FR\" \/>\n<meta property=\"og:type\" content=\"article\" \/>\n<meta property=\"og:title\" content=\"Vous aimez Charlie ? Soutenez le site - Charlie TENTATIONS\" \/>\n<meta property=\"og:url\" content=\"https:\/\/charlie-liveshow.com\/Tentation-erotique\/produit\/charlie-soutiens-dons\/\" \/>\n<meta property=\"og:site_name\" content=\"TENTATIONS \u00c9ROTIQUES par Charlie Liveshow\" \/>\n<meta property=\"article:publisher\" content=\"https:\/\/www.facebook.com\/charlielivetantra\" \/>\n<meta property=\"article:modified_time\" content=\"2019-01-19T13:43:32+00:00\" \/>\n<meta property=\"og:image\" content=\"https:\/\/charlie-liveshow.com\/Tentation-erotique\/wp-content\/uploads\/2018\/06\/des-gens-extra-2.jpg\" \/>\n\t<meta property=\"og:image:width\" content=\"800\" \/>\n\t<meta property=\"og:image:height\" content=\"530\" \/>\n\t<meta property=\"og:image:type\" content=\"image\/jpeg\" \/>\n<meta name=\"twitter:card\" content=\"summary_large_image\" \/>\n<meta name=\"twitter:site\" content=\"@Charlieliveshow\" \/>\n<meta name=\"twitter:label1\" content=\"Dur\u00e9e de lecture estim\u00e9e\" \/>\n\t<meta name=\"twitter:data1\" content=\"1 minute\" \/>\n<script type=\"application\/ld+json\" class=\"yoast-schema-graph\">{\"@context\":\"https:\/\/schema.org\",\"@graph\":[{\"@type\":\"WebPage\",\"@id\":\"https:\/\/charlie-liveshow.com\/Tentation-erotique\/produit\/charlie-soutiens-dons\/\",\"url\":\"https:\/\/charlie-liveshow.com\/Tentation-erotique\/produit\/charlie-soutiens-dons\/\",\"name\":\"Vous aimez Charlie ? Soutenez le site - Charlie TENTATIONS\",\"isPartOf\":{\"@id\":\"https:\/\/charlie-liveshow.com\/Tentation-erotique\/#website\"},\"datePublished\":\"2018-06-18T14:19:47+00:00\",\"dateModified\":\"2019-01-19T13:43:32+00:00\",\"breadcrumb\":{\"@id\":\"https:\/\/charlie-liveshow.com\/Tentation-erotique\/produit\/charlie-soutiens-dons\/#breadcrumb\"},\"inLanguage\":\"fr-FR\",\"potentialAction\":[{\"@type\":\"ReadAction\",\"target\":[\"https:\/\/charlie-liveshow.com\/Tentation-erotique\/produit\/charlie-soutiens-dons\/\"]}]},{\"@type\":\"BreadcrumbList\",\"@id\":\"https:\/\/charlie-liveshow.com\/Tentation-erotique\/produit\/charlie-soutiens-dons\/#breadcrumb\",\"itemListElement\":[{\"@type\":\"ListItem\",\"position\":1,\"name\":\"Charlie r\u00e9veille vos sens\",\"item\":\"https:\/\/charlie-liveshow.com\/Tentation-erotique\/page-d-accueil-commerce\/\"},{\"@type\":\"ListItem\",\"position\":2,\"name\":\"Plaisirs divers\",\"item\":\"https:\/\/charlie-liveshow.com\/Tentation-erotique\/categorie-produit\/plaisirs-divers\/\"},{\"@type\":\"ListItem\",\"position\":3,\"name\":\"Vous aimez Charlie ? Soutenez le site\"}]},{\"@type\":\"WebSite\",\"@id\":\"https:\/\/charlie-liveshow.com\/Tentation-erotique\/#website\",\"url\":\"https:\/\/charlie-liveshow.com\/Tentation-erotique\/\",\"name\":\"TENTATIONS \u00c9ROTIQUES par Charlie Liveshow\",\"description\":\"Eveillez vous \u00e0 l&#039;\u00e9rotisme\",\"publisher\":{\"@id\":\"https:\/\/charlie-liveshow.com\/Tentation-erotique\/#organization\"},\"potentialAction\":[{\"@type\":\"SearchAction\",\"target\":{\"@type\":\"EntryPoint\",\"urlTemplate\":\"https:\/\/charlie-liveshow.com\/Tentation-erotique\/?s={search_term_string}\"},\"query-input\":\"required name=search_term_string\"}],\"inLanguage\":\"fr-FR\"},{\"@type\":\"Organization\",\"@id\":\"https:\/\/charlie-liveshow.com\/Tentation-erotique\/#organization\",\"name\":\"charlie-liveshow\",\"url\":\"https:\/\/charlie-liveshow.com\/Tentation-erotique\/\",\"logo\":{\"@type\":\"ImageObject\",\"inLanguage\":\"fr-FR\",\"@id\":\"https:\/\/charlie-liveshow.com\/Tentation-erotique\/#\/schema\/logo\/image\/\",\"url\":\"https:\/\/charlie-liveshow.com\/Tentation-erotique\/wp-content\/uploads\/2013\/05\/Charlie_folies_logo.png\",\"contentUrl\":\"https:\/\/charlie-liveshow.com\/Tentation-erotique\/wp-content\/uploads\/2013\/05\/Charlie_folies_logo.png\",\"width\":210,\"height\":206,\"caption\":\"charlie-liveshow\"},\"image\":{\"@id\":\"https:\/\/charlie-liveshow.com\/Tentation-erotique\/#\/schema\/logo\/image\/\"},\"sameAs\":[\"https:\/\/www.facebook.com\/charlielivetantra\",\"https:\/\/twitter.com\/Charlieliveshow\",\"https:\/\/www.instagram.com\/charlie_liveshow\/\",\"https:\/\/www.youtube.com\/CharlieTantra\"]}]}<\/script>\n<!-- \/ Yoast SEO plugin. -->","yoast_head_json":{"title":"Vous aimez Charlie ? Soutenez le site - Charlie TENTATIONS","robots":{"index":"index","follow":"follow","max-snippet":"max-snippet:-1","max-image-preview":"max-image-preview:large","max-video-preview":"max-video-preview:-1"},"canonical":"https:\/\/charlie-liveshow.com\/Tentation-erotique\/produit\/charlie-soutiens-dons\/","og_locale":"fr_FR","og_type":"article","og_title":"Vous aimez Charlie ? Soutenez le site - Charlie TENTATIONS","og_url":"https:\/\/charlie-liveshow.com\/Tentation-erotique\/produit\/charlie-soutiens-dons\/","og_site_name":"TENTATIONS \u00c9ROTIQUES par Charlie Liveshow","article_publisher":"https:\/\/www.facebook.com\/charlielivetantra","article_modified_time":"2019-01-19T13:43:32+00:00","og_image":[{"width":800,"height":530,"url":"https:\/\/charlie-liveshow.com\/Tentation-erotique\/wp-content\/uploads\/2018\/06\/des-gens-extra-2.jpg","type":"image\/jpeg"}],"twitter_card":"summary_large_image","twitter_site":"@Charlieliveshow","twitter_misc":{"Dur\u00e9e de lecture estim\u00e9e":"1 minute"},"schema":{"@context":"https:\/\/schema.org","@graph":[{"@type":"WebPage","@id":"https:\/\/charlie-liveshow.com\/Tentation-erotique\/produit\/charlie-soutiens-dons\/","url":"https:\/\/charlie-liveshow.com\/Tentation-erotique\/produit\/charlie-soutiens-dons\/","name":"Vous aimez Charlie ? Soutenez le site - Charlie TENTATIONS","isPartOf":{"@id":"https:\/\/charlie-liveshow.com\/Tentation-erotique\/#website"},"datePublished":"2018-06-18T14:19:47+00:00","dateModified":"2019-01-19T13:43:32+00:00","breadcrumb":{"@id":"https:\/\/charlie-liveshow.com\/Tentation-erotique\/produit\/charlie-soutiens-dons\/#breadcrumb"},"inLanguage":"fr-FR","potentialAction":[{"@type":"ReadAction","target":["https:\/\/charlie-liveshow.com\/Tentation-erotique\/produit\/charlie-soutiens-dons\/"]}]},{"@type":"BreadcrumbList","@id":"https:\/\/charlie-liveshow.com\/Tentation-erotique\/produit\/charlie-soutiens-dons\/#breadcrumb","itemListElement":[{"@type":"ListItem","position":1,"name":"Charlie r\u00e9veille vos sens","item":"https:\/\/charlie-liveshow.com\/Tentation-erotique\/page-d-accueil-commerce\/"},{"@type":"ListItem","position":2,"name":"Plaisirs divers","item":"https:\/\/charlie-liveshow.com\/Tentation-erotique\/categorie-produit\/plaisirs-divers\/"},{"@type":"ListItem","position":3,"name":"Vous aimez Charlie ? Soutenez le site"}]},{"@type":"WebSite","@id":"https:\/\/charlie-liveshow.com\/Tentation-erotique\/#website","url":"https:\/\/charlie-liveshow.com\/Tentation-erotique\/","name":"TENTATIONS \u00c9ROTIQUES par Charlie Liveshow","description":"Eveillez vous \u00e0 l&#039;\u00e9rotisme","publisher":{"@id":"https:\/\/charlie-liveshow.com\/Tentation-erotique\/#organization"},"potentialAction":[{"@type":"SearchAction","target":{"@type":"EntryPoint","urlTemplate":"https:\/\/charlie-liveshow.com\/Tentation-erotique\/?s={search_term_string}"},"query-input":"required name=search_term_string"}],"inLanguage":"fr-FR"},{"@type":"Organization","@id":"https:\/\/charlie-liveshow.com\/Tentation-erotique\/#organization","name":"charlie-liveshow","url":"https:\/\/charlie-liveshow.com\/Tentation-erotique\/","logo":{"@type":"ImageObject","inLanguage":"fr-FR","@id":"https:\/\/charlie-liveshow.com\/Tentation-erotique\/#\/schema\/logo\/image\/","url":"https:\/\/charlie-liveshow.com\/Tentation-erotique\/wp-content\/uploads\/2013\/05\/Charlie_folies_logo.png","contentUrl":"https:\/\/charlie-liveshow.com\/Tentation-erotique\/wp-content\/uploads\/2013\/05\/Charlie_folies_logo.png","width":210,"height":206,"caption":"charlie-liveshow"},"image":{"@id":"https:\/\/charlie-liveshow.com\/Tentation-erotique\/#\/schema\/logo\/image\/"},"sameAs":["https:\/\/www.facebook.com\/charlielivetantra","https:\/\/twitter.com\/Charlieliveshow","https:\/\/www.instagram.com\/charlie_liveshow\/","https:\/\/www.youtube.com\/CharlieTantra"]}]}},"_links":{"self":[{"href":"https:\/\/charlie-liveshow.com\/Tentation-erotique\/wp-json\/wp\/v2\/product\/450"}],"collection":[{"href":"https:\/\/charlie-liveshow.com\/Tentation-erotique\/wp-json\/wp\/v2\/product"}],"about":[{"href":"https:\/\/charlie-liveshow.com\/Tentation-erotique\/wp-json\/wp\/v2\/types\/product"}],"replies":[{"embeddable":true,"href":"https:\/\/charlie-liveshow.com\/Tentation-erotique\/wp-json\/wp\/v2\/comments?post=450"}],"version-history":[{"count":0,"href":"https:\/\/charlie-liveshow.com\/Tentation-erotique\/wp-json\/wp\/v2\/product\/450\/revisions"}],"wp:featuredmedia":[{"embeddable":true,"href":"https:\/\/charlie-liveshow.com\/Tentation-erotique\/wp-json\/wp\/v2\/media\/451"}],"wp:attachment":[{"href":"https:\/\/charlie-liveshow.com\/Tentation-erotique\/wp-json\/wp\/v2\/media?parent=450"}],"wp:term":[{"taxonomy":"product_cat","embeddable":true,"href":"https:\/\/charlie-liveshow.com\/Tentation-erotique\/wp-json\/wp\/v2\/product_cat?post=450"},{"taxonomy":"product_tag","embeddable":true,"href":"https:\/\/charlie-liveshow.com\/Tentation-erotique\/wp-json\/wp\/v2\/product_tag?post=450"}],"curies":[{"name":"wp","href":"https:\/\/api.w.org\/{rel}","templated":true}]}}