{"id":44037,"date":"2021-08-07T17:57:16","date_gmt":"2021-08-07T15:57:16","guid":{"rendered":"https:\/\/charlie-liveshow.com\/Tentation-erotique\/?post_type=product&#038;p=44037"},"modified":"2021-09-27T22:37:10","modified_gmt":"2021-09-27T20:37:10","slug":"roleplay-porno-prof-tres-salope-1","status":"publish","type":"product","link":"https:\/\/charlie-liveshow.com\/Tentation-erotique\/produit\/roleplay-porno-prof-tres-salope-1\/","title":{"rendered":"Une prof tr\u00e8s salope pour r\u00e9viser ton bac &#8211; Roleplay porno"},"content":{"rendered":"<div id=\"note\">\n<h2 class=\"card-title mb-0\">ROLEPLAY PORNO :\u00a0 Une prof tr\u00e8s salope \u2764<\/h2>\n<p>Une prof de fran\u00e7ais tr\u00e8s chaude trouve comment te motiver pour apprendre les grands classiques de la litt\u00e9rature. Qui n&rsquo;a jamais fantasm\u00e9 sur sa prof ? Une MILF tr\u00e8s salope qui aime se baiser avec des objets insolites. Toi assis devant elle tu es oblig\u00e9 de la regarder jouir devant toi sans pouvoir la toucher. Mate sa chatte bien ouverte, son cul gourmand, branles toi pendant qu&rsquo;elle se baise avec un objet de son sac \u00e0 main.<\/p>\n<p>Un roleplay porno pour les amoureux d&rsquo;insertion d&rsquo;objet ou tu pourras te branler en plus de r\u00e9viser ANTIGONE. Double plaisir quoi !<\/p>\n<div style=\"width: 640px;\" class=\"wp-video\"><!--[if lt IE 9]><script>document.createElement('video');<\/script><![endif]-->\n<video class=\"wp-video-shortcode\" id=\"video-44037-1\" width=\"640\" height=\"360\" preload=\"metadata\" controls=\"controls\"><source type=\"video\/mp4\" src=\"https:\/\/charlie-liveshow.com\/Tentation-erotique\/wp-content\/uploads\/2021\/08\/prof-tres-salope-insertion-roleplay-porno_1_TEASER.mp4?_=1\" \/><a href=\"https:\/\/charlie-liveshow.com\/Tentation-erotique\/wp-content\/uploads\/2021\/08\/prof-tres-salope-insertion-roleplay-porno_1_TEASER.mp4\">https:\/\/charlie-liveshow.com\/Tentation-erotique\/wp-content\/uploads\/2021\/08\/prof-tres-salope-insertion-roleplay-porno_1_TEASER.mp4<\/a><\/video><\/div>\n<\/div>\n<div>\n<h4>Mots-cl\u00e9s de la vid\u00e9o : SQUIRT<\/h4>\n<span class=\"su-label su-label-type-important\">INSERTION<\/span> &#8211; <span class=\"su-label su-label-type-important\">AMATEUR<\/span> &#8211; <span class=\"su-label su-label-type-success\">JOI<\/span> &#8211; <span class=\"su-label su-label-type-success\">masturbation<\/span> &#8211; For (hot) adult only !<\/p>\n<h4>Fiche technique<\/h4>\n<p><strong>Dur\u00e9e : <\/strong>20 min &#8211; Format : .MP4 &#8211; Taille : 686 MB &#8211; R\u00e9solution : 1920&#215;1080 HD<\/p>\n<p><strong>Retrouve plus de vid\u00e9o sur ma cha\u00eene <\/strong><a href=\"https:\/\/fr.pornhub.com\/model\/charlie-liveshow\" target=\"_blank\" rel=\"noopener noreferrer\"><strong>PORNHUB.<\/strong><\/a><\/p>\n<p>&nbsp;<\/p>\n<\/div>\n","protected":false},"excerpt":{"rendered":"<div class=\"row\">\n<div class=\"col-12 col-md\">\n<p><strong>Une prof de fran\u00e7ais tr\u00e8s salope trouve comment te motiver pour apprendre les grands classiques de la litt\u00e9rature. Qui n&rsquo;a jamais fantasm\u00e9 sur sa prof, une MILF tr\u00e8s chaude qui aime se baiser avec des objets insolites.<\/strong><\/p>\n<\/div>\n<\/div>\n<div class=\"su-button-center\"><a href=\"https:\/\/mym.fans\/Charlieliveshow\" class=\"su-button su-button-style-flat su-button-wide\" style=\"color:#fff;background-color:#d10034;border-color:#a8002a;border-radius:0px;-moz-border-radius:0px;-webkit-border-radius:0px\" target=\"_blank\" rel=\"nofollow\"><span style=\"color:#fff;padding:8px 26px;font-size:20px;line-height:30px;border-color:#df4d71;border-radius:0px;-moz-border-radius:0px;-webkit-border-radius:0px;text-shadow:0px 0px 0px #ed1e79;-moz-text-shadow:0px 0px 0px #ed1e79;-webkit-text-shadow:0px 0px 0px #ed1e79\"><i class=\"sui sui-bell-o\" style=\"font-size:20px;color:#fff\"><\/i> Gratuit sur mon MYM<\/span><\/a><\/div>\n<p>&nbsp;<\/p>\n","protected":false},"featured_media":44038,"comment_status":"open","ping_status":"closed","template":"","meta":{"ub_ctt_via":""},"product_cat":[53],"product_tag":[54,165,185],"yoast_head":"<!-- This site is optimized with the Yoast SEO plugin v22.0 - https:\/\/yoast.com\/wordpress\/plugins\/seo\/ -->\n<title>Une prof tr\u00e8s salope pour r\u00e9viser ton bac - Roleplay porno<\/title>\n<meta name=\"description\" content=\"Une prof de fran\u00e7ais tr\u00e8s salope trouve comment te motiver pour apprendre les grands classiques de la litt\u00e9rature. Qui n&#039;a jamais fantasm\u00e9 sur sa prof, une MILF tr\u00e8s chaude qui aime se baiser avec des objets insolites.      &nbsp;\" \/>\n<meta name=\"robots\" content=\"index, follow, max-snippet:-1, max-image-preview:large, max-video-preview:-1\" \/>\n<link rel=\"canonical\" href=\"https:\/\/charlie-liveshow.com\/Tentation-erotique\/produit\/roleplay-porno-prof-tres-salope-1\/\" \/>\n<meta property=\"og:locale\" content=\"fr_FR\" \/>\n<meta property=\"og:type\" content=\"article\" \/>\n<meta property=\"og:title\" content=\"Une prof tr\u00e8s salope pour r\u00e9viser ton bac - Roleplay porno\" \/>\n<meta property=\"og:description\" content=\"Une prof de fran\u00e7ais tr\u00e8s salope trouve comment te motiver pour apprendre les grands classiques de la litt\u00e9rature. Qui n&#039;a jamais fantasm\u00e9 sur sa prof, une MILF tr\u00e8s chaude qui aime se baiser avec des objets insolites.      &nbsp;\" \/>\n<meta property=\"og:url\" content=\"https:\/\/charlie-liveshow.com\/Tentation-erotique\/produit\/roleplay-porno-prof-tres-salope-1\/\" \/>\n<meta property=\"og:site_name\" content=\"TENTATIONS \u00c9ROTIQUES par Charlie Liveshow\" \/>\n<meta property=\"article:publisher\" content=\"https:\/\/www.facebook.com\/charlielivetantra\" \/>\n<meta property=\"article:modified_time\" content=\"2021-09-27T20:37:10+00:00\" \/>\n<meta property=\"og:image\" content=\"https:\/\/charlie-liveshow.com\/Tentation-erotique\/wp-content\/uploads\/2021\/08\/prof-salope-aide-reviser-charlie-liveshow_1024.jpg\" \/>\n\t<meta property=\"og:image:width\" content=\"1024\" \/>\n\t<meta property=\"og:image:height\" content=\"678\" \/>\n\t<meta property=\"og:image:type\" content=\"image\/jpeg\" \/>\n<meta name=\"twitter:card\" content=\"summary_large_image\" \/>\n<meta name=\"twitter:site\" content=\"@Charlieliveshow\" \/>\n<meta name=\"twitter:label1\" content=\"Dur\u00e9e de lecture estim\u00e9e\" \/>\n\t<meta name=\"twitter:data1\" content=\"1 minute\" \/>\n<script type=\"application\/ld+json\" class=\"yoast-schema-graph\">{\"@context\":\"https:\/\/schema.org\",\"@graph\":[{\"@type\":\"WebPage\",\"@id\":\"https:\/\/charlie-liveshow.com\/Tentation-erotique\/produit\/roleplay-porno-prof-tres-salope-1\/\",\"url\":\"https:\/\/charlie-liveshow.com\/Tentation-erotique\/produit\/roleplay-porno-prof-tres-salope-1\/\",\"name\":\"Une prof tr\u00e8s salope pour r\u00e9viser ton bac - Roleplay porno\",\"isPartOf\":{\"@id\":\"https:\/\/charlie-liveshow.com\/Tentation-erotique\/#website\"},\"datePublished\":\"2021-08-07T15:57:16+00:00\",\"dateModified\":\"2021-09-27T20:37:10+00:00\",\"description\":\"Une prof de fran\u00e7ais tr\u00e8s salope trouve comment te motiver pour apprendre les grands classiques de la litt\u00e9rature. Qui n'a jamais fantasm\u00e9 sur sa prof, une MILF tr\u00e8s chaude qui aime se baiser avec des objets insolites. &nbsp;\",\"breadcrumb\":{\"@id\":\"https:\/\/charlie-liveshow.com\/Tentation-erotique\/produit\/roleplay-porno-prof-tres-salope-1\/#breadcrumb\"},\"inLanguage\":\"fr-FR\",\"potentialAction\":[{\"@type\":\"ReadAction\",\"target\":[\"https:\/\/charlie-liveshow.com\/Tentation-erotique\/produit\/roleplay-porno-prof-tres-salope-1\/\"]}]},{\"@type\":\"BreadcrumbList\",\"@id\":\"https:\/\/charlie-liveshow.com\/Tentation-erotique\/produit\/roleplay-porno-prof-tres-salope-1\/#breadcrumb\",\"itemListElement\":[{\"@type\":\"ListItem\",\"position\":1,\"name\":\"Charlie r\u00e9veille vos sens\",\"item\":\"https:\/\/charlie-liveshow.com\/Tentation-erotique\/page-d-accueil-commerce\/\"},{\"@type\":\"ListItem\",\"position\":2,\"name\":\"Vid\u00e9os xXx\",\"item\":\"https:\/\/charlie-liveshow.com\/Tentation-erotique\/categorie-produit\/videos-x-amateur-charlie\/\"},{\"@type\":\"ListItem\",\"position\":3,\"name\":\"Une prof tr\u00e8s salope pour r\u00e9viser ton bac &#8211; Roleplay porno\"}]},{\"@type\":\"WebSite\",\"@id\":\"https:\/\/charlie-liveshow.com\/Tentation-erotique\/#website\",\"url\":\"https:\/\/charlie-liveshow.com\/Tentation-erotique\/\",\"name\":\"TENTATIONS \u00c9ROTIQUES par Charlie Liveshow\",\"description\":\"Eveillez vous \u00e0 l&#039;\u00e9rotisme\",\"publisher\":{\"@id\":\"https:\/\/charlie-liveshow.com\/Tentation-erotique\/#organization\"},\"potentialAction\":[{\"@type\":\"SearchAction\",\"target\":{\"@type\":\"EntryPoint\",\"urlTemplate\":\"https:\/\/charlie-liveshow.com\/Tentation-erotique\/?s={search_term_string}\"},\"query-input\":\"required name=search_term_string\"}],\"inLanguage\":\"fr-FR\"},{\"@type\":\"Organization\",\"@id\":\"https:\/\/charlie-liveshow.com\/Tentation-erotique\/#organization\",\"name\":\"charlie-liveshow\",\"url\":\"https:\/\/charlie-liveshow.com\/Tentation-erotique\/\",\"logo\":{\"@type\":\"ImageObject\",\"inLanguage\":\"fr-FR\",\"@id\":\"https:\/\/charlie-liveshow.com\/Tentation-erotique\/#\/schema\/logo\/image\/\",\"url\":\"https:\/\/charlie-liveshow.com\/Tentation-erotique\/wp-content\/uploads\/2013\/05\/Charlie_folies_logo.png\",\"contentUrl\":\"https:\/\/charlie-liveshow.com\/Tentation-erotique\/wp-content\/uploads\/2013\/05\/Charlie_folies_logo.png\",\"width\":210,\"height\":206,\"caption\":\"charlie-liveshow\"},\"image\":{\"@id\":\"https:\/\/charlie-liveshow.com\/Tentation-erotique\/#\/schema\/logo\/image\/\"},\"sameAs\":[\"https:\/\/www.facebook.com\/charlielivetantra\",\"https:\/\/twitter.com\/Charlieliveshow\",\"https:\/\/www.instagram.com\/charlie_liveshow\/\",\"https:\/\/www.youtube.com\/CharlieTantra\"]}]}<\/script>\n<!-- \/ Yoast SEO plugin. -->","yoast_head_json":{"title":"Une prof tr\u00e8s salope pour r\u00e9viser ton bac - Roleplay porno","description":"Une prof de fran\u00e7ais tr\u00e8s salope trouve comment te motiver pour apprendre les grands classiques de la litt\u00e9rature. Qui n'a jamais fantasm\u00e9 sur sa prof, une MILF tr\u00e8s chaude qui aime se baiser avec des objets insolites.      &nbsp;","robots":{"index":"index","follow":"follow","max-snippet":"max-snippet:-1","max-image-preview":"max-image-preview:large","max-video-preview":"max-video-preview:-1"},"canonical":"https:\/\/charlie-liveshow.com\/Tentation-erotique\/produit\/roleplay-porno-prof-tres-salope-1\/","og_locale":"fr_FR","og_type":"article","og_title":"Une prof tr\u00e8s salope pour r\u00e9viser ton bac - Roleplay porno","og_description":"Une prof de fran\u00e7ais tr\u00e8s salope trouve comment te motiver pour apprendre les grands classiques de la litt\u00e9rature. Qui n'a jamais fantasm\u00e9 sur sa prof, une MILF tr\u00e8s chaude qui aime se baiser avec des objets insolites.      &nbsp;","og_url":"https:\/\/charlie-liveshow.com\/Tentation-erotique\/produit\/roleplay-porno-prof-tres-salope-1\/","og_site_name":"TENTATIONS \u00c9ROTIQUES par Charlie Liveshow","article_publisher":"https:\/\/www.facebook.com\/charlielivetantra","article_modified_time":"2021-09-27T20:37:10+00:00","og_image":[{"width":1024,"height":678,"url":"https:\/\/charlie-liveshow.com\/Tentation-erotique\/wp-content\/uploads\/2021\/08\/prof-salope-aide-reviser-charlie-liveshow_1024.jpg","type":"image\/jpeg"}],"twitter_card":"summary_large_image","twitter_site":"@Charlieliveshow","twitter_misc":{"Dur\u00e9e de lecture estim\u00e9e":"1 minute"},"schema":{"@context":"https:\/\/schema.org","@graph":[{"@type":"WebPage","@id":"https:\/\/charlie-liveshow.com\/Tentation-erotique\/produit\/roleplay-porno-prof-tres-salope-1\/","url":"https:\/\/charlie-liveshow.com\/Tentation-erotique\/produit\/roleplay-porno-prof-tres-salope-1\/","name":"Une prof tr\u00e8s salope pour r\u00e9viser ton bac - Roleplay porno","isPartOf":{"@id":"https:\/\/charlie-liveshow.com\/Tentation-erotique\/#website"},"datePublished":"2021-08-07T15:57:16+00:00","dateModified":"2021-09-27T20:37:10+00:00","description":"Une prof de fran\u00e7ais tr\u00e8s salope trouve comment te motiver pour apprendre les grands classiques de la litt\u00e9rature. Qui n'a jamais fantasm\u00e9 sur sa prof, une MILF tr\u00e8s chaude qui aime se baiser avec des objets insolites. &nbsp;","breadcrumb":{"@id":"https:\/\/charlie-liveshow.com\/Tentation-erotique\/produit\/roleplay-porno-prof-tres-salope-1\/#breadcrumb"},"inLanguage":"fr-FR","potentialAction":[{"@type":"ReadAction","target":["https:\/\/charlie-liveshow.com\/Tentation-erotique\/produit\/roleplay-porno-prof-tres-salope-1\/"]}]},{"@type":"BreadcrumbList","@id":"https:\/\/charlie-liveshow.com\/Tentation-erotique\/produit\/roleplay-porno-prof-tres-salope-1\/#breadcrumb","itemListElement":[{"@type":"ListItem","position":1,"name":"Charlie r\u00e9veille vos sens","item":"https:\/\/charlie-liveshow.com\/Tentation-erotique\/page-d-accueil-commerce\/"},{"@type":"ListItem","position":2,"name":"Vid\u00e9os xXx","item":"https:\/\/charlie-liveshow.com\/Tentation-erotique\/categorie-produit\/videos-x-amateur-charlie\/"},{"@type":"ListItem","position":3,"name":"Une prof tr\u00e8s salope pour r\u00e9viser ton bac &#8211; Roleplay porno"}]},{"@type":"WebSite","@id":"https:\/\/charlie-liveshow.com\/Tentation-erotique\/#website","url":"https:\/\/charlie-liveshow.com\/Tentation-erotique\/","name":"TENTATIONS \u00c9ROTIQUES par Charlie Liveshow","description":"Eveillez vous \u00e0 l&#039;\u00e9rotisme","publisher":{"@id":"https:\/\/charlie-liveshow.com\/Tentation-erotique\/#organization"},"potentialAction":[{"@type":"SearchAction","target":{"@type":"EntryPoint","urlTemplate":"https:\/\/charlie-liveshow.com\/Tentation-erotique\/?s={search_term_string}"},"query-input":"required name=search_term_string"}],"inLanguage":"fr-FR"},{"@type":"Organization","@id":"https:\/\/charlie-liveshow.com\/Tentation-erotique\/#organization","name":"charlie-liveshow","url":"https:\/\/charlie-liveshow.com\/Tentation-erotique\/","logo":{"@type":"ImageObject","inLanguage":"fr-FR","@id":"https:\/\/charlie-liveshow.com\/Tentation-erotique\/#\/schema\/logo\/image\/","url":"https:\/\/charlie-liveshow.com\/Tentation-erotique\/wp-content\/uploads\/2013\/05\/Charlie_folies_logo.png","contentUrl":"https:\/\/charlie-liveshow.com\/Tentation-erotique\/wp-content\/uploads\/2013\/05\/Charlie_folies_logo.png","width":210,"height":206,"caption":"charlie-liveshow"},"image":{"@id":"https:\/\/charlie-liveshow.com\/Tentation-erotique\/#\/schema\/logo\/image\/"},"sameAs":["https:\/\/www.facebook.com\/charlielivetantra","https:\/\/twitter.com\/Charlieliveshow","https:\/\/www.instagram.com\/charlie_liveshow\/","https:\/\/www.youtube.com\/CharlieTantra"]}]}},"_links":{"self":[{"href":"https:\/\/charlie-liveshow.com\/Tentation-erotique\/wp-json\/wp\/v2\/product\/44037"}],"collection":[{"href":"https:\/\/charlie-liveshow.com\/Tentation-erotique\/wp-json\/wp\/v2\/product"}],"about":[{"href":"https:\/\/charlie-liveshow.com\/Tentation-erotique\/wp-json\/wp\/v2\/types\/product"}],"replies":[{"embeddable":true,"href":"https:\/\/charlie-liveshow.com\/Tentation-erotique\/wp-json\/wp\/v2\/comments?post=44037"}],"version-history":[{"count":4,"href":"https:\/\/charlie-liveshow.com\/Tentation-erotique\/wp-json\/wp\/v2\/product\/44037\/revisions"}],"predecessor-version":[{"id":44111,"href":"https:\/\/charlie-liveshow.com\/Tentation-erotique\/wp-json\/wp\/v2\/product\/44037\/revisions\/44111"}],"wp:featuredmedia":[{"embeddable":true,"href":"https:\/\/charlie-liveshow.com\/Tentation-erotique\/wp-json\/wp\/v2\/media\/44038"}],"wp:attachment":[{"href":"https:\/\/charlie-liveshow.com\/Tentation-erotique\/wp-json\/wp\/v2\/media?parent=44037"}],"wp:term":[{"taxonomy":"product_cat","embeddable":true,"href":"https:\/\/charlie-liveshow.com\/Tentation-erotique\/wp-json\/wp\/v2\/product_cat?post=44037"},{"taxonomy":"product_tag","embeddable":true,"href":"https:\/\/charlie-liveshow.com\/Tentation-erotique\/wp-json\/wp\/v2\/product_tag?post=44037"}],"curies":[{"name":"wp","href":"https:\/\/api.w.org\/{rel}","templated":true}]}}