{"id":44012,"date":"2021-07-19T13:13:04","date_gmt":"2021-07-19T11:13:04","guid":{"rendered":"https:\/\/charlie-liveshow.com\/Tentation-erotique\/?post_type=product&#038;p=44012"},"modified":"2021-07-19T13:51:40","modified_gmt":"2021-07-19T11:51:40","slug":"clitoris-sodomie-squirt-un-orgasme-de-folie","status":"publish","type":"product","link":"https:\/\/charlie-liveshow.com\/Tentation-erotique\/produit\/clitoris-sodomie-squirt-un-orgasme-de-folie\/","title":{"rendered":"Clitoris + sodomie = SQUIRT, un orgasme de folie"},"content":{"rendered":"<div id=\"note\">\n<div class=\"su-button-center\"><a href=\"https:\/\/www.manyvids.com\/Video\/2892722\/Clitoris-sodomie-squirt\/\" class=\"su-button su-button-style-flat su-button-wide\" style=\"color:#fff;background-color:#d10034;border-color:#a8002a;border-radius:0px;-moz-border-radius:0px;-webkit-border-radius:0px\" target=\"_blank\" rel=\"nofollow\"><span style=\"color:#fff;padding:9px 30px;font-size:22px;line-height:33px;border-color:#df4d71;border-radius:0px;-moz-border-radius:0px;-webkit-border-radius:0px;text-shadow:0px 0px 0px #ed1e79;-moz-text-shadow:0px 0px 0px #ed1e79;-webkit-text-shadow:0px 0px 0px #ed1e79\"><i class=\"sui sui-bell-o\" style=\"font-size:22px;color:#fff\"><\/i> Gratuit sur mon MEMBERSHIP MANY VIDS<\/span><\/a><\/div>\n<h2 class=\"card-title mb-0\">Masturbation clitoridienne + Sodomie = COMBO \u2764<\/h2>\n<p>Quand tu associe un sextoy clitoridien et une belle bite dans ton cul \u00e7a donne ? Un \u00e9norme orgasme et un squirt qui en a mis de partout sur la cam\u00e9ra ! ALors au d\u00e9part la vid\u00e9o devait \u00eatre beaucoup plus longue mais &#8230; mais le micro de la cam\u00e9ra est tomb\u00e9 en rade HEUREUSEMENT on a pu sauver le squirt final ou j&rsquo;inonde le cam\u00e9raman qui pour me punir de mes d\u00e9bordements m&rsquo;a reprise en levrette<\/p>\n<\/div>\n<div>\n<div style=\"width: 640px;\" class=\"wp-video\"><!--[if lt IE 9]><script>document.createElement('video');<\/script><![endif]-->\n<video class=\"wp-video-shortcode\" id=\"video-44012-1\" width=\"640\" height=\"360\" preload=\"metadata\" controls=\"controls\"><source type=\"video\/mp4\" src=\"https:\/\/charlie-liveshow.com\/Tentation-erotique\/wp-content\/uploads\/2021\/07\/clito-sodo_combo-squirt-FAN.mp4?_=1\" \/><a href=\"https:\/\/charlie-liveshow.com\/Tentation-erotique\/wp-content\/uploads\/2021\/07\/clito-sodo_combo-squirt-FAN.mp4\">https:\/\/charlie-liveshow.com\/Tentation-erotique\/wp-content\/uploads\/2021\/07\/clito-sodo_combo-squirt-FAN.mp4<\/a><\/video><\/div>\n<p>&nbsp;<\/p>\n<p>&nbsp;<\/p>\n<h4>Mots-cl\u00e9s de la vid\u00e9o : SQUIRT<\/h4>\n<span class=\"su-label su-label-type-important\">SQUIRT<\/span> &#8211; <span class=\"su-label su-label-type-important\">AMATEUR<\/span> &#8211; <span class=\"su-label su-label-type-success\">sextoy<\/span> &#8211; <span class=\"su-label su-label-type-success\">Suck<\/span> &#8211; For (hot) adult only !<\/p>\n<h4>Fiche technique<\/h4>\n<p><strong>Dur\u00e9e : <\/strong>7 min &#8211; Format : .MP4 &#8211; Taille : 247 MB &#8211; R\u00e9solution : 1920&#215;1080 HD<\/p>\n<p><strong>Retrouve plus de vid\u00e9o sur ma cha\u00eene <\/strong><a href=\"https:\/\/fr.pornhub.com\/model\/charlie-liveshow\" target=\"_blank\" rel=\"noopener noreferrer\"><strong>PORNHUB.<\/strong><\/a><\/p>\n<p>&nbsp;<\/p>\n<\/div>\n","protected":false},"excerpt":{"rendered":"<div class=\"row\">\n<div class=\"col-12 col-md\">\n<p><strong>Quand tu associe un sextoy clitoridien et une belle bite dans ton cul \u00e7a donne ? Un \u00e9norme orgasme et un squirt qui en a mis de partout sur la cam\u00e9ra ! Dur\u00e9e : 7 minutes chaudes et tr\u00e8s humide<br \/>\n<\/strong><\/p>\n<\/div>\n<\/div>\n<div class=\"su-button-center\"><a href=\"https:\/\/www.manyvids.com\/Profile\/1002238475\/CharlieLiveshow\/Store\/Videos\/\" class=\"su-button su-button-style-flat su-button-wide\" style=\"color:#fff;background-color:#d10034;border-color:#a8002a;border-radius:0px;-moz-border-radius:0px;-webkit-border-radius:0px\" target=\"_blank\" rel=\"nofollow\"><span style=\"color:#fff;padding:8px 26px;font-size:20px;line-height:30px;border-color:#df4d71;border-radius:0px;-moz-border-radius:0px;-webkit-border-radius:0px;text-shadow:0px 0px 0px #ed1e79;-moz-text-shadow:0px 0px 0px #ed1e79;-webkit-text-shadow:0px 0px 0px #ed1e79\"><i class=\"sui sui-bell-o\" style=\"font-size:20px;color:#fff\"><\/i> Gratuit sur mon MEMBERSHIP MANY VIDS<\/span><\/a><\/div>\n<p>&nbsp;<\/p>\n","protected":false},"featured_media":44017,"comment_status":"open","ping_status":"closed","template":"","meta":{"ub_ctt_via":""},"product_cat":[53],"product_tag":[182,183,157],"yoast_head":"<!-- This site is optimized with the Yoast SEO plugin v22.0 - https:\/\/yoast.com\/wordpress\/plugins\/seo\/ -->\n<title>Clitoris + sodomie = SQUIRT, un orgasme de folie<\/title>\n<meta name=\"description\" content=\"Quand tu associe un sextoy clitoridien et une belle bite dans ton cul \u00e7a donne ? Un \u00e9norme orgasme et un squirt qui en a mis de partout sur la cam\u00e9ra ! Dur\u00e9e : 7 minutes chaudes et tr\u00e8s humide       &nbsp;\" \/>\n<meta name=\"robots\" content=\"index, follow, max-snippet:-1, max-image-preview:large, max-video-preview:-1\" \/>\n<link rel=\"canonical\" href=\"https:\/\/charlie-liveshow.com\/Tentation-erotique\/produit\/clitoris-sodomie-squirt-un-orgasme-de-folie\/\" \/>\n<meta property=\"og:locale\" content=\"fr_FR\" \/>\n<meta property=\"og:type\" content=\"article\" \/>\n<meta property=\"og:title\" content=\"Clitoris + sodomie = SQUIRT, un orgasme de folie\" \/>\n<meta property=\"og:description\" content=\"Quand tu associe un sextoy clitoridien et une belle bite dans ton cul \u00e7a donne ? Un \u00e9norme orgasme et un squirt qui en a mis de partout sur la cam\u00e9ra ! Dur\u00e9e : 7 minutes chaudes et tr\u00e8s humide       &nbsp;\" \/>\n<meta property=\"og:url\" content=\"https:\/\/charlie-liveshow.com\/Tentation-erotique\/produit\/clitoris-sodomie-squirt-un-orgasme-de-folie\/\" \/>\n<meta property=\"og:site_name\" content=\"TENTATIONS \u00c9ROTIQUES par Charlie Liveshow\" \/>\n<meta property=\"article:publisher\" content=\"https:\/\/www.facebook.com\/charlielivetantra\" \/>\n<meta property=\"article:modified_time\" content=\"2021-07-19T11:51:40+00:00\" \/>\n<meta property=\"og:image\" content=\"https:\/\/charlie-liveshow.com\/Tentation-erotique\/wp-content\/uploads\/2021\/07\/test-ritual-shushu-sextoy-clitoridien_FAN-S-1.jpg\" \/>\n\t<meta property=\"og:image:width\" content=\"1024\" \/>\n\t<meta property=\"og:image:height\" content=\"678\" \/>\n\t<meta property=\"og:image:type\" content=\"image\/jpeg\" \/>\n<meta name=\"twitter:card\" content=\"summary_large_image\" \/>\n<meta name=\"twitter:site\" content=\"@Charlieliveshow\" \/>\n<meta name=\"twitter:label1\" content=\"Dur\u00e9e de lecture estim\u00e9e\" \/>\n\t<meta name=\"twitter:data1\" content=\"1 minute\" \/>\n<script type=\"application\/ld+json\" class=\"yoast-schema-graph\">{\"@context\":\"https:\/\/schema.org\",\"@graph\":[{\"@type\":\"WebPage\",\"@id\":\"https:\/\/charlie-liveshow.com\/Tentation-erotique\/produit\/clitoris-sodomie-squirt-un-orgasme-de-folie\/\",\"url\":\"https:\/\/charlie-liveshow.com\/Tentation-erotique\/produit\/clitoris-sodomie-squirt-un-orgasme-de-folie\/\",\"name\":\"Clitoris + sodomie = SQUIRT, un orgasme de folie\",\"isPartOf\":{\"@id\":\"https:\/\/charlie-liveshow.com\/Tentation-erotique\/#website\"},\"datePublished\":\"2021-07-19T11:13:04+00:00\",\"dateModified\":\"2021-07-19T11:51:40+00:00\",\"description\":\"Quand tu associe un sextoy clitoridien et une belle bite dans ton cul \u00e7a donne ? Un \u00e9norme orgasme et un squirt qui en a mis de partout sur la cam\u00e9ra ! Dur\u00e9e : 7 minutes chaudes et tr\u00e8s humide &nbsp;\",\"breadcrumb\":{\"@id\":\"https:\/\/charlie-liveshow.com\/Tentation-erotique\/produit\/clitoris-sodomie-squirt-un-orgasme-de-folie\/#breadcrumb\"},\"inLanguage\":\"fr-FR\",\"potentialAction\":[{\"@type\":\"ReadAction\",\"target\":[\"https:\/\/charlie-liveshow.com\/Tentation-erotique\/produit\/clitoris-sodomie-squirt-un-orgasme-de-folie\/\"]}]},{\"@type\":\"BreadcrumbList\",\"@id\":\"https:\/\/charlie-liveshow.com\/Tentation-erotique\/produit\/clitoris-sodomie-squirt-un-orgasme-de-folie\/#breadcrumb\",\"itemListElement\":[{\"@type\":\"ListItem\",\"position\":1,\"name\":\"Charlie r\u00e9veille vos sens\",\"item\":\"https:\/\/charlie-liveshow.com\/Tentation-erotique\/page-d-accueil-commerce\/\"},{\"@type\":\"ListItem\",\"position\":2,\"name\":\"Vid\u00e9os xXx\",\"item\":\"https:\/\/charlie-liveshow.com\/Tentation-erotique\/categorie-produit\/videos-x-amateur-charlie\/\"},{\"@type\":\"ListItem\",\"position\":3,\"name\":\"Clitoris + sodomie = SQUIRT, un orgasme de folie\"}]},{\"@type\":\"WebSite\",\"@id\":\"https:\/\/charlie-liveshow.com\/Tentation-erotique\/#website\",\"url\":\"https:\/\/charlie-liveshow.com\/Tentation-erotique\/\",\"name\":\"TENTATIONS \u00c9ROTIQUES par Charlie Liveshow\",\"description\":\"Eveillez vous \u00e0 l&#039;\u00e9rotisme\",\"publisher\":{\"@id\":\"https:\/\/charlie-liveshow.com\/Tentation-erotique\/#organization\"},\"potentialAction\":[{\"@type\":\"SearchAction\",\"target\":{\"@type\":\"EntryPoint\",\"urlTemplate\":\"https:\/\/charlie-liveshow.com\/Tentation-erotique\/?s={search_term_string}\"},\"query-input\":\"required name=search_term_string\"}],\"inLanguage\":\"fr-FR\"},{\"@type\":\"Organization\",\"@id\":\"https:\/\/charlie-liveshow.com\/Tentation-erotique\/#organization\",\"name\":\"charlie-liveshow\",\"url\":\"https:\/\/charlie-liveshow.com\/Tentation-erotique\/\",\"logo\":{\"@type\":\"ImageObject\",\"inLanguage\":\"fr-FR\",\"@id\":\"https:\/\/charlie-liveshow.com\/Tentation-erotique\/#\/schema\/logo\/image\/\",\"url\":\"https:\/\/charlie-liveshow.com\/Tentation-erotique\/wp-content\/uploads\/2013\/05\/Charlie_folies_logo.png\",\"contentUrl\":\"https:\/\/charlie-liveshow.com\/Tentation-erotique\/wp-content\/uploads\/2013\/05\/Charlie_folies_logo.png\",\"width\":210,\"height\":206,\"caption\":\"charlie-liveshow\"},\"image\":{\"@id\":\"https:\/\/charlie-liveshow.com\/Tentation-erotique\/#\/schema\/logo\/image\/\"},\"sameAs\":[\"https:\/\/www.facebook.com\/charlielivetantra\",\"https:\/\/twitter.com\/Charlieliveshow\",\"https:\/\/www.instagram.com\/charlie_liveshow\/\",\"https:\/\/www.youtube.com\/CharlieTantra\"]}]}<\/script>\n<!-- \/ Yoast SEO plugin. -->","yoast_head_json":{"title":"Clitoris + sodomie = SQUIRT, un orgasme de folie","description":"Quand tu associe un sextoy clitoridien et une belle bite dans ton cul \u00e7a donne ? Un \u00e9norme orgasme et un squirt qui en a mis de partout sur la cam\u00e9ra ! Dur\u00e9e : 7 minutes chaudes et tr\u00e8s humide       &nbsp;","robots":{"index":"index","follow":"follow","max-snippet":"max-snippet:-1","max-image-preview":"max-image-preview:large","max-video-preview":"max-video-preview:-1"},"canonical":"https:\/\/charlie-liveshow.com\/Tentation-erotique\/produit\/clitoris-sodomie-squirt-un-orgasme-de-folie\/","og_locale":"fr_FR","og_type":"article","og_title":"Clitoris + sodomie = SQUIRT, un orgasme de folie","og_description":"Quand tu associe un sextoy clitoridien et une belle bite dans ton cul \u00e7a donne ? Un \u00e9norme orgasme et un squirt qui en a mis de partout sur la cam\u00e9ra ! Dur\u00e9e : 7 minutes chaudes et tr\u00e8s humide       &nbsp;","og_url":"https:\/\/charlie-liveshow.com\/Tentation-erotique\/produit\/clitoris-sodomie-squirt-un-orgasme-de-folie\/","og_site_name":"TENTATIONS \u00c9ROTIQUES par Charlie Liveshow","article_publisher":"https:\/\/www.facebook.com\/charlielivetantra","article_modified_time":"2021-07-19T11:51:40+00:00","og_image":[{"width":1024,"height":678,"url":"https:\/\/charlie-liveshow.com\/Tentation-erotique\/wp-content\/uploads\/2021\/07\/test-ritual-shushu-sextoy-clitoridien_FAN-S-1.jpg","type":"image\/jpeg"}],"twitter_card":"summary_large_image","twitter_site":"@Charlieliveshow","twitter_misc":{"Dur\u00e9e de lecture estim\u00e9e":"1 minute"},"schema":{"@context":"https:\/\/schema.org","@graph":[{"@type":"WebPage","@id":"https:\/\/charlie-liveshow.com\/Tentation-erotique\/produit\/clitoris-sodomie-squirt-un-orgasme-de-folie\/","url":"https:\/\/charlie-liveshow.com\/Tentation-erotique\/produit\/clitoris-sodomie-squirt-un-orgasme-de-folie\/","name":"Clitoris + sodomie = SQUIRT, un orgasme de folie","isPartOf":{"@id":"https:\/\/charlie-liveshow.com\/Tentation-erotique\/#website"},"datePublished":"2021-07-19T11:13:04+00:00","dateModified":"2021-07-19T11:51:40+00:00","description":"Quand tu associe un sextoy clitoridien et une belle bite dans ton cul \u00e7a donne ? Un \u00e9norme orgasme et un squirt qui en a mis de partout sur la cam\u00e9ra ! Dur\u00e9e : 7 minutes chaudes et tr\u00e8s humide &nbsp;","breadcrumb":{"@id":"https:\/\/charlie-liveshow.com\/Tentation-erotique\/produit\/clitoris-sodomie-squirt-un-orgasme-de-folie\/#breadcrumb"},"inLanguage":"fr-FR","potentialAction":[{"@type":"ReadAction","target":["https:\/\/charlie-liveshow.com\/Tentation-erotique\/produit\/clitoris-sodomie-squirt-un-orgasme-de-folie\/"]}]},{"@type":"BreadcrumbList","@id":"https:\/\/charlie-liveshow.com\/Tentation-erotique\/produit\/clitoris-sodomie-squirt-un-orgasme-de-folie\/#breadcrumb","itemListElement":[{"@type":"ListItem","position":1,"name":"Charlie r\u00e9veille vos sens","item":"https:\/\/charlie-liveshow.com\/Tentation-erotique\/page-d-accueil-commerce\/"},{"@type":"ListItem","position":2,"name":"Vid\u00e9os xXx","item":"https:\/\/charlie-liveshow.com\/Tentation-erotique\/categorie-produit\/videos-x-amateur-charlie\/"},{"@type":"ListItem","position":3,"name":"Clitoris + sodomie = SQUIRT, un orgasme de folie"}]},{"@type":"WebSite","@id":"https:\/\/charlie-liveshow.com\/Tentation-erotique\/#website","url":"https:\/\/charlie-liveshow.com\/Tentation-erotique\/","name":"TENTATIONS \u00c9ROTIQUES par Charlie Liveshow","description":"Eveillez vous \u00e0 l&#039;\u00e9rotisme","publisher":{"@id":"https:\/\/charlie-liveshow.com\/Tentation-erotique\/#organization"},"potentialAction":[{"@type":"SearchAction","target":{"@type":"EntryPoint","urlTemplate":"https:\/\/charlie-liveshow.com\/Tentation-erotique\/?s={search_term_string}"},"query-input":"required name=search_term_string"}],"inLanguage":"fr-FR"},{"@type":"Organization","@id":"https:\/\/charlie-liveshow.com\/Tentation-erotique\/#organization","name":"charlie-liveshow","url":"https:\/\/charlie-liveshow.com\/Tentation-erotique\/","logo":{"@type":"ImageObject","inLanguage":"fr-FR","@id":"https:\/\/charlie-liveshow.com\/Tentation-erotique\/#\/schema\/logo\/image\/","url":"https:\/\/charlie-liveshow.com\/Tentation-erotique\/wp-content\/uploads\/2013\/05\/Charlie_folies_logo.png","contentUrl":"https:\/\/charlie-liveshow.com\/Tentation-erotique\/wp-content\/uploads\/2013\/05\/Charlie_folies_logo.png","width":210,"height":206,"caption":"charlie-liveshow"},"image":{"@id":"https:\/\/charlie-liveshow.com\/Tentation-erotique\/#\/schema\/logo\/image\/"},"sameAs":["https:\/\/www.facebook.com\/charlielivetantra","https:\/\/twitter.com\/Charlieliveshow","https:\/\/www.instagram.com\/charlie_liveshow\/","https:\/\/www.youtube.com\/CharlieTantra"]}]}},"_links":{"self":[{"href":"https:\/\/charlie-liveshow.com\/Tentation-erotique\/wp-json\/wp\/v2\/product\/44012"}],"collection":[{"href":"https:\/\/charlie-liveshow.com\/Tentation-erotique\/wp-json\/wp\/v2\/product"}],"about":[{"href":"https:\/\/charlie-liveshow.com\/Tentation-erotique\/wp-json\/wp\/v2\/types\/product"}],"replies":[{"embeddable":true,"href":"https:\/\/charlie-liveshow.com\/Tentation-erotique\/wp-json\/wp\/v2\/comments?post=44012"}],"version-history":[{"count":2,"href":"https:\/\/charlie-liveshow.com\/Tentation-erotique\/wp-json\/wp\/v2\/product\/44012\/revisions"}],"predecessor-version":[{"id":44014,"href":"https:\/\/charlie-liveshow.com\/Tentation-erotique\/wp-json\/wp\/v2\/product\/44012\/revisions\/44014"}],"wp:featuredmedia":[{"embeddable":true,"href":"https:\/\/charlie-liveshow.com\/Tentation-erotique\/wp-json\/wp\/v2\/media\/44017"}],"wp:attachment":[{"href":"https:\/\/charlie-liveshow.com\/Tentation-erotique\/wp-json\/wp\/v2\/media?parent=44012"}],"wp:term":[{"taxonomy":"product_cat","embeddable":true,"href":"https:\/\/charlie-liveshow.com\/Tentation-erotique\/wp-json\/wp\/v2\/product_cat?post=44012"},{"taxonomy":"product_tag","embeddable":true,"href":"https:\/\/charlie-liveshow.com\/Tentation-erotique\/wp-json\/wp\/v2\/product_tag?post=44012"}],"curies":[{"name":"wp","href":"https:\/\/api.w.org\/{rel}","templated":true}]}}