{"id":43997,"date":"2021-06-29T18:20:05","date_gmt":"2021-06-29T16:20:05","guid":{"rendered":"https:\/\/charlie-liveshow.com\/Tentation-erotique\/?post_type=product&#038;p=43997"},"modified":"2021-09-27T22:36:27","modified_gmt":"2021-09-27T20:36:27","slug":"baise-en-foret-charlie-outdoor-porn","status":"publish","type":"product","link":"https:\/\/charlie-liveshow.com\/Tentation-erotique\/produit\/baise-en-foret-charlie-outdoor-porn\/","title":{"rendered":"Baise et balade en foret, je cherche le loup !"},"content":{"rendered":"<div id=\"note\">\n<h2 class=\"card-title mb-0\">Baise et balade en foret, \u00e0 la recherche du loup !<\/h2>\n<p>Promenons nous dans les bois en esp\u00e9rant que le loup y soit ! D&rsquo;ailleurs pourquoi un seul loup ? Cette petite promenade \u00e0 foret m&rsquo;a permis de v\u00e9rifier mon pouvoir de s\u00e9duction sur un grand m\u00e9chant loup qui me suivait dans les bois. J&rsquo;ai ador\u00e9 me branler, me baiser devant lui\u00a0 !<\/p>\n<p>Mais ce loup en a vu d&rsquo;autre, j&rsquo;ai du lui gicler dessus pour le faire craquer et le forcer \u00e0 me bouffer la chatte et \u00e0 se laisser sucer. La suite et la fin de cette balade en foret est \u00e9vidente &#8230; il m&rsquo;en a mis de partout dessus ! Dommage que ce jour l\u00e0 il n&rsquo;y avait qu&rsquo;un seul loup en foret<\/p>\n<div style=\"width: 640px;\" class=\"wp-video\"><!--[if lt IE 9]><script>document.createElement('video');<\/script><![endif]-->\n<video class=\"wp-video-shortcode\" id=\"video-43997-1\" width=\"640\" height=\"360\" preload=\"metadata\" controls=\"controls\"><source type=\"video\/mp4\" src=\"https:\/\/charlie-liveshow.com\/Tentation-erotique\/wp-content\/uploads\/2021\/06\/balade-en-foret_CRUNSH_02.mp4?_=1\" \/><a href=\"https:\/\/charlie-liveshow.com\/Tentation-erotique\/wp-content\/uploads\/2021\/06\/balade-en-foret_CRUNSH_02.mp4\">https:\/\/charlie-liveshow.com\/Tentation-erotique\/wp-content\/uploads\/2021\/06\/balade-en-foret_CRUNSH_02.mp4<\/a><\/video><\/div>\n<p>&nbsp;<\/p>\n<p>&nbsp;<\/p>\n<h4>Mots-cl\u00e9s de la vid\u00e9o : SEXE OUTDOOR<\/h4>\n<span class=\"su-label su-label-type-important\">OUTDOOR<\/span> &#8211; <span class=\"su-label su-label-type-important\">AMATEUR<\/span> &#8211; <span class=\"su-label su-label-type-success\">ORGASM<\/span> &#8211; <span class=\"su-label su-label-type-success\">Suck<\/span> &#8211; <span class=\"su-label su-label-type-info\">Squirt<\/span> &#8211; For (hot) adult only !<\/p>\n<h4>Fiche technique<\/h4>\n<p><strong>Dur\u00e9e : <\/strong>18 min &#8211; Format : .MP4 &#8211; Taille : 611 MB &#8211; R\u00e9solution : 1920&#215;1080 HD<\/p>\n<p><strong>Retrouve plus de vid\u00e9o sur ma cha\u00eene <\/strong><a href=\"https:\/\/fr.pornhub.com\/model\/charlie-liveshow\" target=\"_blank\" rel=\"noopener noreferrer\"><strong>PORNHUB.<\/strong><\/a><\/p>\n<p>&nbsp;<\/p>\n<\/div>\n","protected":false},"excerpt":{"rendered":"<div class=\"row\">\n<div class=\"col-12 col-md\">\n<p><strong>Promenade pas du tout innocente dans les bois \u00e0 la recherche de la bite du grand m\u00e9chant loup ! Heureusement j&rsquo;en ai trouv\u00e9 au moins un mais pour me bouffer la chatte il a fallu que je lui montre \u00e0 quel point j&rsquo;\u00e9tais une fille ouverte ! SQUIRT + BLOWJOB + ANAL<br \/>\n<\/strong><\/p>\n<\/div>\n<\/div>\n<p><strong>Dur\u00e9e : 18 minutes ou je me baise en pleine nature avant de sucer et de &#8230;<br \/>\n<\/strong><\/p>\n<div class=\"su-button-center\"><a href=\"https:\/\/www.manyvids.com\/Profile\/1002238475\/CharlieLiveshow\/Store\/Videos\/\" class=\"su-button su-button-style-flat su-button-wide\" style=\"color:#fff;background-color:#d10034;border-color:#a8002a;border-radius:0px;-moz-border-radius:0px;-webkit-border-radius:0px\" target=\"_blank\" rel=\"nofollow\"><span style=\"color:#fff;padding:8px 26px;font-size:20px;line-height:30px;border-color:#df4d71;border-radius:0px;-moz-border-radius:0px;-webkit-border-radius:0px;text-shadow:0px 0px 0px #ed1e79;-moz-text-shadow:0px 0px 0px #ed1e79;-webkit-text-shadow:0px 0px 0px #ed1e79\"><i class=\"sui sui-bell-o\" style=\"font-size:20px;color:#fff\"><\/i> Gratuit sur mon MEMBERSHIP MANY VIDS<\/span><\/a><\/div>\n<p>&nbsp;<\/p>\n","protected":false},"featured_media":43998,"comment_status":"open","ping_status":"closed","template":"","meta":{"ub_ctt_via":""},"product_cat":[53],"product_tag":[182,180,157],"yoast_head":"<!-- This site is optimized with the Yoast SEO plugin v22.0 - https:\/\/yoast.com\/wordpress\/plugins\/seo\/ -->\n<title>Baise et balade en foret, je cherche le loup !<\/title>\n<meta name=\"description\" content=\"Promenade pas du tout innocente dans les bois \u00e0 la recherche de la bite du grand m\u00e9chant loup ! Heureusement j&#039;en ai trouv\u00e9 au moins un mais pour me bouffer la chatte il a fallu que je lui montre \u00e0 quel point j&#039;\u00e9tais une fille ouverte ! SQUIRT + BLOWJOB + ANAL     Dur\u00e9e : 18 minutes ou je me baise en pleine nature avant de sucer et de ...     &nbsp;\" \/>\n<meta name=\"robots\" content=\"index, follow, max-snippet:-1, max-image-preview:large, max-video-preview:-1\" \/>\n<link rel=\"canonical\" href=\"https:\/\/charlie-liveshow.com\/Tentation-erotique\/produit\/baise-en-foret-charlie-outdoor-porn\/\" \/>\n<meta property=\"og:locale\" content=\"fr_FR\" \/>\n<meta property=\"og:type\" content=\"article\" \/>\n<meta property=\"og:title\" content=\"Baise et balade en foret, je cherche le loup !\" \/>\n<meta property=\"og:description\" content=\"Promenade pas du tout innocente dans les bois \u00e0 la recherche de la bite du grand m\u00e9chant loup ! Heureusement j&#039;en ai trouv\u00e9 au moins un mais pour me bouffer la chatte il a fallu que je lui montre \u00e0 quel point j&#039;\u00e9tais une fille ouverte ! SQUIRT + BLOWJOB + ANAL     Dur\u00e9e : 18 minutes ou je me baise en pleine nature avant de sucer et de ...     &nbsp;\" \/>\n<meta property=\"og:url\" content=\"https:\/\/charlie-liveshow.com\/Tentation-erotique\/produit\/baise-en-foret-charlie-outdoor-porn\/\" \/>\n<meta property=\"og:site_name\" content=\"TENTATIONS \u00c9ROTIQUES par Charlie Liveshow\" \/>\n<meta property=\"article:publisher\" content=\"https:\/\/www.facebook.com\/charlielivetantra\" \/>\n<meta property=\"article:modified_time\" content=\"2021-09-27T20:36:27+00:00\" \/>\n<meta property=\"og:image\" content=\"https:\/\/charlie-liveshow.com\/Tentation-erotique\/wp-content\/uploads\/2021\/06\/balade-baise-en-foret_202106_X.jpg\" \/>\n\t<meta property=\"og:image:width\" content=\"1024\" \/>\n\t<meta property=\"og:image:height\" content=\"678\" \/>\n\t<meta property=\"og:image:type\" content=\"image\/jpeg\" \/>\n<meta name=\"twitter:card\" content=\"summary_large_image\" \/>\n<meta name=\"twitter:site\" content=\"@Charlieliveshow\" \/>\n<meta name=\"twitter:label1\" content=\"Dur\u00e9e de lecture estim\u00e9e\" \/>\n\t<meta name=\"twitter:data1\" content=\"1 minute\" \/>\n<script type=\"application\/ld+json\" class=\"yoast-schema-graph\">{\"@context\":\"https:\/\/schema.org\",\"@graph\":[{\"@type\":\"WebPage\",\"@id\":\"https:\/\/charlie-liveshow.com\/Tentation-erotique\/produit\/baise-en-foret-charlie-outdoor-porn\/\",\"url\":\"https:\/\/charlie-liveshow.com\/Tentation-erotique\/produit\/baise-en-foret-charlie-outdoor-porn\/\",\"name\":\"Baise et balade en foret, je cherche le loup !\",\"isPartOf\":{\"@id\":\"https:\/\/charlie-liveshow.com\/Tentation-erotique\/#website\"},\"datePublished\":\"2021-06-29T16:20:05+00:00\",\"dateModified\":\"2021-09-27T20:36:27+00:00\",\"description\":\"Promenade pas du tout innocente dans les bois \u00e0 la recherche de la bite du grand m\u00e9chant loup ! Heureusement j'en ai trouv\u00e9 au moins un mais pour me bouffer la chatte il a fallu que je lui montre \u00e0 quel point j'\u00e9tais une fille ouverte ! SQUIRT + BLOWJOB + ANAL Dur\u00e9e : 18 minutes ou je me baise en pleine nature avant de sucer et de ... &nbsp;\",\"breadcrumb\":{\"@id\":\"https:\/\/charlie-liveshow.com\/Tentation-erotique\/produit\/baise-en-foret-charlie-outdoor-porn\/#breadcrumb\"},\"inLanguage\":\"fr-FR\",\"potentialAction\":[{\"@type\":\"ReadAction\",\"target\":[\"https:\/\/charlie-liveshow.com\/Tentation-erotique\/produit\/baise-en-foret-charlie-outdoor-porn\/\"]}]},{\"@type\":\"BreadcrumbList\",\"@id\":\"https:\/\/charlie-liveshow.com\/Tentation-erotique\/produit\/baise-en-foret-charlie-outdoor-porn\/#breadcrumb\",\"itemListElement\":[{\"@type\":\"ListItem\",\"position\":1,\"name\":\"Charlie r\u00e9veille vos sens\",\"item\":\"https:\/\/charlie-liveshow.com\/Tentation-erotique\/page-d-accueil-commerce\/\"},{\"@type\":\"ListItem\",\"position\":2,\"name\":\"Vid\u00e9os xXx\",\"item\":\"https:\/\/charlie-liveshow.com\/Tentation-erotique\/categorie-produit\/videos-x-amateur-charlie\/\"},{\"@type\":\"ListItem\",\"position\":3,\"name\":\"Baise et balade en foret, je cherche le loup !\"}]},{\"@type\":\"WebSite\",\"@id\":\"https:\/\/charlie-liveshow.com\/Tentation-erotique\/#website\",\"url\":\"https:\/\/charlie-liveshow.com\/Tentation-erotique\/\",\"name\":\"TENTATIONS \u00c9ROTIQUES par Charlie Liveshow\",\"description\":\"Eveillez vous \u00e0 l&#039;\u00e9rotisme\",\"publisher\":{\"@id\":\"https:\/\/charlie-liveshow.com\/Tentation-erotique\/#organization\"},\"potentialAction\":[{\"@type\":\"SearchAction\",\"target\":{\"@type\":\"EntryPoint\",\"urlTemplate\":\"https:\/\/charlie-liveshow.com\/Tentation-erotique\/?s={search_term_string}\"},\"query-input\":\"required name=search_term_string\"}],\"inLanguage\":\"fr-FR\"},{\"@type\":\"Organization\",\"@id\":\"https:\/\/charlie-liveshow.com\/Tentation-erotique\/#organization\",\"name\":\"charlie-liveshow\",\"url\":\"https:\/\/charlie-liveshow.com\/Tentation-erotique\/\",\"logo\":{\"@type\":\"ImageObject\",\"inLanguage\":\"fr-FR\",\"@id\":\"https:\/\/charlie-liveshow.com\/Tentation-erotique\/#\/schema\/logo\/image\/\",\"url\":\"https:\/\/charlie-liveshow.com\/Tentation-erotique\/wp-content\/uploads\/2013\/05\/Charlie_folies_logo.png\",\"contentUrl\":\"https:\/\/charlie-liveshow.com\/Tentation-erotique\/wp-content\/uploads\/2013\/05\/Charlie_folies_logo.png\",\"width\":210,\"height\":206,\"caption\":\"charlie-liveshow\"},\"image\":{\"@id\":\"https:\/\/charlie-liveshow.com\/Tentation-erotique\/#\/schema\/logo\/image\/\"},\"sameAs\":[\"https:\/\/www.facebook.com\/charlielivetantra\",\"https:\/\/twitter.com\/Charlieliveshow\",\"https:\/\/www.instagram.com\/charlie_liveshow\/\",\"https:\/\/www.youtube.com\/CharlieTantra\"]}]}<\/script>\n<!-- \/ Yoast SEO plugin. -->","yoast_head_json":{"title":"Baise et balade en foret, je cherche le loup !","description":"Promenade pas du tout innocente dans les bois \u00e0 la recherche de la bite du grand m\u00e9chant loup ! Heureusement j'en ai trouv\u00e9 au moins un mais pour me bouffer la chatte il a fallu que je lui montre \u00e0 quel point j'\u00e9tais une fille ouverte ! SQUIRT + BLOWJOB + ANAL     Dur\u00e9e : 18 minutes ou je me baise en pleine nature avant de sucer et de ...     &nbsp;","robots":{"index":"index","follow":"follow","max-snippet":"max-snippet:-1","max-image-preview":"max-image-preview:large","max-video-preview":"max-video-preview:-1"},"canonical":"https:\/\/charlie-liveshow.com\/Tentation-erotique\/produit\/baise-en-foret-charlie-outdoor-porn\/","og_locale":"fr_FR","og_type":"article","og_title":"Baise et balade en foret, je cherche le loup !","og_description":"Promenade pas du tout innocente dans les bois \u00e0 la recherche de la bite du grand m\u00e9chant loup ! Heureusement j'en ai trouv\u00e9 au moins un mais pour me bouffer la chatte il a fallu que je lui montre \u00e0 quel point j'\u00e9tais une fille ouverte ! SQUIRT + BLOWJOB + ANAL     Dur\u00e9e : 18 minutes ou je me baise en pleine nature avant de sucer et de ...     &nbsp;","og_url":"https:\/\/charlie-liveshow.com\/Tentation-erotique\/produit\/baise-en-foret-charlie-outdoor-porn\/","og_site_name":"TENTATIONS \u00c9ROTIQUES par Charlie Liveshow","article_publisher":"https:\/\/www.facebook.com\/charlielivetantra","article_modified_time":"2021-09-27T20:36:27+00:00","og_image":[{"width":1024,"height":678,"url":"https:\/\/charlie-liveshow.com\/Tentation-erotique\/wp-content\/uploads\/2021\/06\/balade-baise-en-foret_202106_X.jpg","type":"image\/jpeg"}],"twitter_card":"summary_large_image","twitter_site":"@Charlieliveshow","twitter_misc":{"Dur\u00e9e de lecture estim\u00e9e":"1 minute"},"schema":{"@context":"https:\/\/schema.org","@graph":[{"@type":"WebPage","@id":"https:\/\/charlie-liveshow.com\/Tentation-erotique\/produit\/baise-en-foret-charlie-outdoor-porn\/","url":"https:\/\/charlie-liveshow.com\/Tentation-erotique\/produit\/baise-en-foret-charlie-outdoor-porn\/","name":"Baise et balade en foret, je cherche le loup !","isPartOf":{"@id":"https:\/\/charlie-liveshow.com\/Tentation-erotique\/#website"},"datePublished":"2021-06-29T16:20:05+00:00","dateModified":"2021-09-27T20:36:27+00:00","description":"Promenade pas du tout innocente dans les bois \u00e0 la recherche de la bite du grand m\u00e9chant loup ! Heureusement j'en ai trouv\u00e9 au moins un mais pour me bouffer la chatte il a fallu que je lui montre \u00e0 quel point j'\u00e9tais une fille ouverte ! SQUIRT + BLOWJOB + ANAL Dur\u00e9e : 18 minutes ou je me baise en pleine nature avant de sucer et de ... &nbsp;","breadcrumb":{"@id":"https:\/\/charlie-liveshow.com\/Tentation-erotique\/produit\/baise-en-foret-charlie-outdoor-porn\/#breadcrumb"},"inLanguage":"fr-FR","potentialAction":[{"@type":"ReadAction","target":["https:\/\/charlie-liveshow.com\/Tentation-erotique\/produit\/baise-en-foret-charlie-outdoor-porn\/"]}]},{"@type":"BreadcrumbList","@id":"https:\/\/charlie-liveshow.com\/Tentation-erotique\/produit\/baise-en-foret-charlie-outdoor-porn\/#breadcrumb","itemListElement":[{"@type":"ListItem","position":1,"name":"Charlie r\u00e9veille vos sens","item":"https:\/\/charlie-liveshow.com\/Tentation-erotique\/page-d-accueil-commerce\/"},{"@type":"ListItem","position":2,"name":"Vid\u00e9os xXx","item":"https:\/\/charlie-liveshow.com\/Tentation-erotique\/categorie-produit\/videos-x-amateur-charlie\/"},{"@type":"ListItem","position":3,"name":"Baise et balade en foret, je cherche le loup !"}]},{"@type":"WebSite","@id":"https:\/\/charlie-liveshow.com\/Tentation-erotique\/#website","url":"https:\/\/charlie-liveshow.com\/Tentation-erotique\/","name":"TENTATIONS \u00c9ROTIQUES par Charlie Liveshow","description":"Eveillez vous \u00e0 l&#039;\u00e9rotisme","publisher":{"@id":"https:\/\/charlie-liveshow.com\/Tentation-erotique\/#organization"},"potentialAction":[{"@type":"SearchAction","target":{"@type":"EntryPoint","urlTemplate":"https:\/\/charlie-liveshow.com\/Tentation-erotique\/?s={search_term_string}"},"query-input":"required name=search_term_string"}],"inLanguage":"fr-FR"},{"@type":"Organization","@id":"https:\/\/charlie-liveshow.com\/Tentation-erotique\/#organization","name":"charlie-liveshow","url":"https:\/\/charlie-liveshow.com\/Tentation-erotique\/","logo":{"@type":"ImageObject","inLanguage":"fr-FR","@id":"https:\/\/charlie-liveshow.com\/Tentation-erotique\/#\/schema\/logo\/image\/","url":"https:\/\/charlie-liveshow.com\/Tentation-erotique\/wp-content\/uploads\/2013\/05\/Charlie_folies_logo.png","contentUrl":"https:\/\/charlie-liveshow.com\/Tentation-erotique\/wp-content\/uploads\/2013\/05\/Charlie_folies_logo.png","width":210,"height":206,"caption":"charlie-liveshow"},"image":{"@id":"https:\/\/charlie-liveshow.com\/Tentation-erotique\/#\/schema\/logo\/image\/"},"sameAs":["https:\/\/www.facebook.com\/charlielivetantra","https:\/\/twitter.com\/Charlieliveshow","https:\/\/www.instagram.com\/charlie_liveshow\/","https:\/\/www.youtube.com\/CharlieTantra"]}]}},"_links":{"self":[{"href":"https:\/\/charlie-liveshow.com\/Tentation-erotique\/wp-json\/wp\/v2\/product\/43997"}],"collection":[{"href":"https:\/\/charlie-liveshow.com\/Tentation-erotique\/wp-json\/wp\/v2\/product"}],"about":[{"href":"https:\/\/charlie-liveshow.com\/Tentation-erotique\/wp-json\/wp\/v2\/types\/product"}],"replies":[{"embeddable":true,"href":"https:\/\/charlie-liveshow.com\/Tentation-erotique\/wp-json\/wp\/v2\/comments?post=43997"}],"version-history":[{"count":3,"href":"https:\/\/charlie-liveshow.com\/Tentation-erotique\/wp-json\/wp\/v2\/product\/43997\/revisions"}],"predecessor-version":[{"id":44110,"href":"https:\/\/charlie-liveshow.com\/Tentation-erotique\/wp-json\/wp\/v2\/product\/43997\/revisions\/44110"}],"wp:featuredmedia":[{"embeddable":true,"href":"https:\/\/charlie-liveshow.com\/Tentation-erotique\/wp-json\/wp\/v2\/media\/43998"}],"wp:attachment":[{"href":"https:\/\/charlie-liveshow.com\/Tentation-erotique\/wp-json\/wp\/v2\/media?parent=43997"}],"wp:term":[{"taxonomy":"product_cat","embeddable":true,"href":"https:\/\/charlie-liveshow.com\/Tentation-erotique\/wp-json\/wp\/v2\/product_cat?post=43997"},{"taxonomy":"product_tag","embeddable":true,"href":"https:\/\/charlie-liveshow.com\/Tentation-erotique\/wp-json\/wp\/v2\/product_tag?post=43997"}],"curies":[{"name":"wp","href":"https:\/\/api.w.org\/{rel}","templated":true}]}}