{"id":43910,"date":"2021-05-28T20:41:22","date_gmt":"2021-05-28T18:41:22","guid":{"rendered":"https:\/\/charlie-liveshow.com\/Tentation-erotique\/?post_type=product&#038;p=43910"},"modified":"2021-05-28T21:33:23","modified_gmt":"2021-05-28T19:33:23","slug":"colis-sextoys-moins-cher-23-connected","status":"publish","type":"product","link":"https:\/\/charlie-liveshow.com\/Tentation-erotique\/produit\/colis-sextoys-moins-cher-23-connected\/","title":{"rendered":"Colis sextoys 23, 100% SEXTOY CONNECTES"},"content":{"rendered":"<p><a id=\"info-complementaire\"><\/a><strong>Les sextoys d&rsquo;occasions. La sexualit\u00e9 ludique c&rsquo;est pour tous !<\/strong><\/p>\n<p>Ma s\u00e9lection de 4 sextoys moins chers du colis 100% SEXTOYS CONNECTES sont 50% moins cher que dans les loveshop. D\u00e9couvrez le plaisir du sexe longue distance avec ce colis de 4 sextoys connect\u00e9s environ 50% moins cher qu&rsquo;en sex-shop. AU MENU le fameux <strong>OSCI2 par Lovense<\/strong>, un super masseur vaginal et sa super appli. Parfait pour les camgirls d\u00e9butante puisqu&rsquo;il vibre au sons des tips de vos clients. 3 sextoys satisfyer connect\u00e9s LE FAMEUX <strong>CURVY 1+<\/strong> la nouvelle g\u00e9n\u00e9ration des stimulateur clitoridien, <strong>le cockring vibrant satisfyer ROYAL ONE<\/strong> et le <strong>DOUBLE JOY un sextoy de couple<\/strong> pour le sexe longue distance.<br \/>\n\u27a1 Les sextoys n&rsquo;ont servi qu&rsquo;une fois &#8211; ils sont en parfait \u00e9tat de marche &#8211; ils sont d\u00e9sinfect\u00e9s et reconditionn\u00e9s au mieux avant envoi.<br \/>\nSUR DEMANDE UNIQUEMENT je peux souiller mes sextoys avant l&rsquo;envoi<\/p>\n<p>Valeur du colis <strong>neuf :\u00a0 300\u20ac. <\/strong>Le colis complet des 3 sex-toys d&rsquo;occasions est <strong>vendu 131.10\u20ac<\/strong> ( frais de livraison inclus)<\/p>\n<h2>Vos sextoys avec 56% d&rsquo;\u00e9conomie !<\/h2>\n<h3>CONTENU du colis num\u00e9ro 23 &#8211; 100% sextoys connect\u00e9s<\/h3>\n<ul>\n<li><strong>OSCI 2 par Lovense.<\/strong> Un stimulateur vaginal qui va vous apprendre \u00e0 jouir en vous connectant \u00e0 votre partenaire m\u00eame \u00e0 l&rsquo;autre bout du monde.<br \/>\n&#8211; Valeur neuf : 179\u20ac sur la boutique <a href=\"https:\/\/www.lovense.com\/r\/h90dsa\" target=\"_blank\" rel=\"noopener\">Lovense<\/a><\/li>\n<li><strong>SATISFYER CURVY 1+,<\/strong> la nouvelle gamme des stimulateurs clitoridien par vibration et en plus vous pouvez donner le contr\u00f4le \u00e0 distance<br \/>\n&#8211; Valeur neuf 50\u20ac sur <a href=\"https:\/\/www.awin1.com\/cread.php?awinmid=19596&amp;awinaffid=546921&amp;clickref=loterie&amp;ued=https%3A%2F%2Fwww.sexyavenue.com%2Ffr%2Fsextoys-connectes%2Fsatisfyer-curvy-1-red-rose-23967.html\" target=\"_blank\" rel=\"noopener\">SEXY AVENUE<\/a><\/li>\n<li><strong>COCKRING ROYAL ONE de Satisfyer,<\/strong> un cockring de gros calibre qui vibre et se commande aussi via internet<br \/>\n&#8211; Valeur neuf 30\u20ac sur <a href=\"https:\/\/www.awin1.com\/cread.php?awinmid=19596&amp;awinaffid=546921&amp;ued=https%3A%2F%2Fwww.sexyavenue.com%2Ffr%2Fanneaux-vibrants-cockrings%2Fsatisfyer-royal-one-24215.html\" target=\"_blank\" rel=\"noopener\">SEXY AVENUE<\/a><\/li>\n<li><strong>DOUBLE JOY de Satisfyer, <\/strong>un sextoy de couple, cool, qui se connecte &#8230; je sais pas \u00e0 quoi \u00e7a sert mais \u00e7a \u00e0 l&rsquo;air fun<br \/>\n&#8211; Valeur neuf : 40\u20ac sur <a href=\"https:\/\/www.awin1.com\/cread.php?awinmid=19596&amp;awinaffid=546921&amp;ued=https%3A%2F%2Fwww.sexyavenue.com%2Ffr%2Fsextoys-connectes%2Fsatisfyer-partner-white-double-joy-23977.html\" target=\"_blank\" rel=\"noopener\">SEXY AVENUE<\/a><\/li>\n<\/ul>\n<h3>Tests sextoys &amp; achat sextoy neuf<\/h3>\n<div class=\"su-custom-gallery su-custom-gallery-title-never\"><div class=\"su-custom-gallery-slide\"><a href=\"https:\/\/charlie-liveshow.com\/charlie-tantra\/test-sex-toy-decale-by-charlie\/\" target=\"_blank\" title=\"LOGO-Charlie-Tantra-Superstar-amp\"><img decoding=\"async\" src=\"https:\/\/charlie-liveshow.com\/Tentation-erotique\/wp-content\/uploads\/2019\/05\/LOGO-Charlie-Tantra-Superstar-amp-180x90.png\" alt=\"LOGO-Charlie-Tantra-Superstar-amp\" width=\"180\" height=\"90\" \/><span class=\"su-custom-gallery-title\">LOGO-Charlie-Tantra-Superstar-amp<\/span><\/a><\/div><div class=\"su-custom-gallery-slide\"><a href=\"https:\/\/www.dorcelstore.com\/fr\/#ae14\" target=\"_blank\" title=\"dorcelstore-luxure-depuis-1979-730&#215;430\"><img decoding=\"async\" src=\"https:\/\/charlie-liveshow.com\/Tentation-erotique\/wp-content\/uploads\/2019\/05\/dorcelstore-luxure-depuis-1979-730x430-180x90.jpg\" alt=\"dorcelstore-luxure-depuis-1979-730&#215;430\" width=\"180\" height=\"90\" \/><span class=\"su-custom-gallery-title\">dorcelstore-luxure-depuis-1979-730&#215;430<\/span><\/a><\/div><div class=\"su-custom-gallery-slide\"><a href=\"https:\/\/www.monlapinrose.com\/545-sextoys\/#ae62\" target=\"_blank\" title=\"monlapinrose\"><img decoding=\"async\" src=\"https:\/\/charlie-liveshow.com\/Tentation-erotique\/wp-content\/uploads\/2019\/05\/monlapinrose-180x90.png\" alt=\"monlapinrose\" width=\"180\" height=\"90\" \/><span class=\"su-custom-gallery-title\">monlapinrose<\/span><\/a><\/div><div class=\"su-custom-gallery-slide\"><a href=\"https:\/\/www.ruedesplaisirs.com\/catalogue\/sextoys,m=1\/idardp=ea2bfa79cd221f1e88a9bf39ea155cd8\" target=\"_blank\" title=\"logo\"><img loading=\"lazy\" decoding=\"async\" src=\"https:\/\/charlie-liveshow.com\/Tentation-erotique\/wp-content\/uploads\/2019\/05\/logo-180x90.png\" alt=\"logo\" width=\"180\" height=\"90\" \/><span class=\"su-custom-gallery-title\">logo<\/span><\/a><\/div><div class=\"su-clear\"><\/div><\/div>\n","protected":false},"excerpt":{"rendered":"<p><strong>Colis sextoys N\u00b023 &#8211; 100% SEXTOYS CONNECTES. <\/strong>4 sextoys ETAT NEUF OSCI2 par Lovense &#8211; et 3 sextoys satisfyer connect\u00e9s CURVY 1+ &#8211; ROYAL ONE et le DUAL JOY \u2764 <strong>Valeur du colis neuf :\u00a0 300\u20ac<\/strong>. Le colis complet des 4 sex-toys d&rsquo;occasion n&rsquo;ayant servi qu&rsquo;une fois est vendu 131.10\u20ac ( frais de livraison inclus)<\/p>\n<p><strong>Vos sextoys avec 60% d&rsquo;\u00e9conomie !<\/strong><\/p>\n<p style=\"text-align: left;\"><strong>Colis exp\u00e9di\u00e9 sous 4 jours*<\/strong> par mondial relais en France, Belgique et Luxembourg UNIQUEMENT &#8211; <strong><em><a href=\"#info-complementaire\">Aide \u00e0 la livraison<\/a><\/em><\/strong><\/p>\n<p style=\"text-align: left;\">A PROPOS DE L&rsquo;HYGIENE des sextoys d&rsquo;occasions&#8230; <strong><em><a href=\"#info-complementaire\">En savoir plus<\/a><\/em><\/strong><\/p>\n","protected":false},"featured_media":43922,"comment_status":"closed","ping_status":"closed","template":"","meta":{"ub_ctt_via":""},"product_cat":[48],"product_tag":[62,34],"yoast_head":"<!-- This site is optimized with the Yoast SEO plugin v22.0 - https:\/\/yoast.com\/wordpress\/plugins\/seo\/ -->\n<title>Colis sextoys 23, 100% SEXTOY CONNECTES - Charlie TENTATIONS<\/title>\n<meta name=\"description\" content=\"Colis sextoys N\u00b023 - 100% SEXTOYS CONNECTES. 4 sextoys ETAT NEUF OSCI2 par Lovense - et 3 sextoys satisfyer connect\u00e9s CURVY 1+ - ROYAL ONE et le DUAL JOY \u2764 Valeur du colis neuf :\u00a0 300\u20ac. Le colis complet des 4 sex-toys d&#039;occasion n&#039;ayant servi qu&#039;une fois est vendu 131.10\u20ac ( frais de livraison inclus)  Vos sextoys avec 60% d&#039;\u00e9conomie ! Colis exp\u00e9di\u00e9 sous 4 jours* par mondial relais en France, Belgique et Luxembourg UNIQUEMENT - Aide \u00e0 la livraison A PROPOS DE L&#039;HYGIENE des sextoys d&#039;occasions... En savoir plus\" \/>\n<meta name=\"robots\" content=\"index, follow, max-snippet:-1, max-image-preview:large, max-video-preview:-1\" \/>\n<link rel=\"canonical\" href=\"https:\/\/charlie-liveshow.com\/Tentation-erotique\/produit\/colis-sextoys-moins-cher-23-connected\/\" \/>\n<meta property=\"og:locale\" content=\"fr_FR\" \/>\n<meta property=\"og:type\" content=\"article\" \/>\n<meta property=\"og:title\" content=\"Colis sextoys 23, 100% SEXTOY CONNECTES - Charlie TENTATIONS\" \/>\n<meta property=\"og:description\" content=\"Colis sextoys N\u00b023 - 100% SEXTOYS CONNECTES. 4 sextoys ETAT NEUF OSCI2 par Lovense - et 3 sextoys satisfyer connect\u00e9s CURVY 1+ - ROYAL ONE et le DUAL JOY \u2764 Valeur du colis neuf :\u00a0 300\u20ac. Le colis complet des 4 sex-toys d&#039;occasion n&#039;ayant servi qu&#039;une fois est vendu 131.10\u20ac ( frais de livraison inclus)  Vos sextoys avec 60% d&#039;\u00e9conomie ! Colis exp\u00e9di\u00e9 sous 4 jours* par mondial relais en France, Belgique et Luxembourg UNIQUEMENT - Aide \u00e0 la livraison A PROPOS DE L&#039;HYGIENE des sextoys d&#039;occasions... En savoir plus\" \/>\n<meta property=\"og:url\" content=\"https:\/\/charlie-liveshow.com\/Tentation-erotique\/produit\/colis-sextoys-moins-cher-23-connected\/\" \/>\n<meta property=\"og:site_name\" content=\"TENTATIONS \u00c9ROTIQUES par Charlie Liveshow\" \/>\n<meta property=\"article:publisher\" content=\"https:\/\/www.facebook.com\/charlielivetantra\" \/>\n<meta property=\"article:modified_time\" content=\"2021-05-28T19:33:23+00:00\" \/>\n<meta property=\"og:image\" content=\"https:\/\/charlie-liveshow.com\/Tentation-erotique\/wp-content\/uploads\/2021\/05\/colis-sextoys-moins-cher_23.jpg\" \/>\n\t<meta property=\"og:image:width\" content=\"1024\" \/>\n\t<meta property=\"og:image:height\" content=\"678\" \/>\n\t<meta property=\"og:image:type\" content=\"image\/jpeg\" \/>\n<meta name=\"twitter:card\" content=\"summary_large_image\" \/>\n<meta name=\"twitter:site\" content=\"@Charlieliveshow\" \/>\n<meta name=\"twitter:label1\" content=\"Dur\u00e9e de lecture estim\u00e9e\" \/>\n\t<meta name=\"twitter:data1\" content=\"2 minutes\" \/>\n<script type=\"application\/ld+json\" class=\"yoast-schema-graph\">{\"@context\":\"https:\/\/schema.org\",\"@graph\":[{\"@type\":\"WebPage\",\"@id\":\"https:\/\/charlie-liveshow.com\/Tentation-erotique\/produit\/colis-sextoys-moins-cher-23-connected\/\",\"url\":\"https:\/\/charlie-liveshow.com\/Tentation-erotique\/produit\/colis-sextoys-moins-cher-23-connected\/\",\"name\":\"Colis sextoys 23, 100% SEXTOY CONNECTES - Charlie TENTATIONS\",\"isPartOf\":{\"@id\":\"https:\/\/charlie-liveshow.com\/Tentation-erotique\/#website\"},\"datePublished\":\"2021-05-28T18:41:22+00:00\",\"dateModified\":\"2021-05-28T19:33:23+00:00\",\"description\":\"Colis sextoys N\u00b023 - 100% SEXTOYS CONNECTES. 4 sextoys ETAT NEUF OSCI2 par Lovense - et 3 sextoys satisfyer connect\u00e9s CURVY 1+ - ROYAL ONE et le DUAL JOY \u2764 Valeur du colis neuf :\u00a0 300\u20ac. Le colis complet des 4 sex-toys d'occasion n'ayant servi qu'une fois est vendu 131.10\u20ac ( frais de livraison inclus) Vos sextoys avec 60% d'\u00e9conomie ! Colis exp\u00e9di\u00e9 sous 4 jours* par mondial relais en France, Belgique et Luxembourg UNIQUEMENT - Aide \u00e0 la livraison A PROPOS DE L'HYGIENE des sextoys d'occasions... En savoir plus\",\"breadcrumb\":{\"@id\":\"https:\/\/charlie-liveshow.com\/Tentation-erotique\/produit\/colis-sextoys-moins-cher-23-connected\/#breadcrumb\"},\"inLanguage\":\"fr-FR\",\"potentialAction\":[{\"@type\":\"ReadAction\",\"target\":[\"https:\/\/charlie-liveshow.com\/Tentation-erotique\/produit\/colis-sextoys-moins-cher-23-connected\/\"]}]},{\"@type\":\"BreadcrumbList\",\"@id\":\"https:\/\/charlie-liveshow.com\/Tentation-erotique\/produit\/colis-sextoys-moins-cher-23-connected\/#breadcrumb\",\"itemListElement\":[{\"@type\":\"ListItem\",\"position\":1,\"name\":\"Charlie r\u00e9veille vos sens\",\"item\":\"https:\/\/charlie-liveshow.com\/Tentation-erotique\/page-d-accueil-commerce\/\"},{\"@type\":\"ListItem\",\"position\":2,\"name\":\"COLIS SEXTOYS ! Le plaisir pour tous\",\"item\":\"https:\/\/charlie-liveshow.com\/Tentation-erotique\/categorie-produit\/sextoys-doccasions\/\"},{\"@type\":\"ListItem\",\"position\":3,\"name\":\"Colis sextoys 23, 100% SEXTOY CONNECTES\"}]},{\"@type\":\"WebSite\",\"@id\":\"https:\/\/charlie-liveshow.com\/Tentation-erotique\/#website\",\"url\":\"https:\/\/charlie-liveshow.com\/Tentation-erotique\/\",\"name\":\"TENTATIONS \u00c9ROTIQUES par Charlie Liveshow\",\"description\":\"Eveillez vous \u00e0 l&#039;\u00e9rotisme\",\"publisher\":{\"@id\":\"https:\/\/charlie-liveshow.com\/Tentation-erotique\/#organization\"},\"potentialAction\":[{\"@type\":\"SearchAction\",\"target\":{\"@type\":\"EntryPoint\",\"urlTemplate\":\"https:\/\/charlie-liveshow.com\/Tentation-erotique\/?s={search_term_string}\"},\"query-input\":\"required name=search_term_string\"}],\"inLanguage\":\"fr-FR\"},{\"@type\":\"Organization\",\"@id\":\"https:\/\/charlie-liveshow.com\/Tentation-erotique\/#organization\",\"name\":\"charlie-liveshow\",\"url\":\"https:\/\/charlie-liveshow.com\/Tentation-erotique\/\",\"logo\":{\"@type\":\"ImageObject\",\"inLanguage\":\"fr-FR\",\"@id\":\"https:\/\/charlie-liveshow.com\/Tentation-erotique\/#\/schema\/logo\/image\/\",\"url\":\"https:\/\/charlie-liveshow.com\/Tentation-erotique\/wp-content\/uploads\/2013\/05\/Charlie_folies_logo.png\",\"contentUrl\":\"https:\/\/charlie-liveshow.com\/Tentation-erotique\/wp-content\/uploads\/2013\/05\/Charlie_folies_logo.png\",\"width\":210,\"height\":206,\"caption\":\"charlie-liveshow\"},\"image\":{\"@id\":\"https:\/\/charlie-liveshow.com\/Tentation-erotique\/#\/schema\/logo\/image\/\"},\"sameAs\":[\"https:\/\/www.facebook.com\/charlielivetantra\",\"https:\/\/twitter.com\/Charlieliveshow\",\"https:\/\/www.instagram.com\/charlie_liveshow\/\",\"https:\/\/www.youtube.com\/CharlieTantra\"]}]}<\/script>\n<!-- \/ Yoast SEO plugin. -->","yoast_head_json":{"title":"Colis sextoys 23, 100% SEXTOY CONNECTES - Charlie TENTATIONS","description":"Colis sextoys N\u00b023 - 100% SEXTOYS CONNECTES. 4 sextoys ETAT NEUF OSCI2 par Lovense - et 3 sextoys satisfyer connect\u00e9s CURVY 1+ - ROYAL ONE et le DUAL JOY \u2764 Valeur du colis neuf :\u00a0 300\u20ac. Le colis complet des 4 sex-toys d'occasion n'ayant servi qu'une fois est vendu 131.10\u20ac ( frais de livraison inclus)  Vos sextoys avec 60% d'\u00e9conomie ! Colis exp\u00e9di\u00e9 sous 4 jours* par mondial relais en France, Belgique et Luxembourg UNIQUEMENT - Aide \u00e0 la livraison A PROPOS DE L'HYGIENE des sextoys d'occasions... En savoir plus","robots":{"index":"index","follow":"follow","max-snippet":"max-snippet:-1","max-image-preview":"max-image-preview:large","max-video-preview":"max-video-preview:-1"},"canonical":"https:\/\/charlie-liveshow.com\/Tentation-erotique\/produit\/colis-sextoys-moins-cher-23-connected\/","og_locale":"fr_FR","og_type":"article","og_title":"Colis sextoys 23, 100% SEXTOY CONNECTES - Charlie TENTATIONS","og_description":"Colis sextoys N\u00b023 - 100% SEXTOYS CONNECTES. 4 sextoys ETAT NEUF OSCI2 par Lovense - et 3 sextoys satisfyer connect\u00e9s CURVY 1+ - ROYAL ONE et le DUAL JOY \u2764 Valeur du colis neuf :\u00a0 300\u20ac. Le colis complet des 4 sex-toys d'occasion n'ayant servi qu'une fois est vendu 131.10\u20ac ( frais de livraison inclus)  Vos sextoys avec 60% d'\u00e9conomie ! Colis exp\u00e9di\u00e9 sous 4 jours* par mondial relais en France, Belgique et Luxembourg UNIQUEMENT - Aide \u00e0 la livraison A PROPOS DE L'HYGIENE des sextoys d'occasions... En savoir plus","og_url":"https:\/\/charlie-liveshow.com\/Tentation-erotique\/produit\/colis-sextoys-moins-cher-23-connected\/","og_site_name":"TENTATIONS \u00c9ROTIQUES par Charlie Liveshow","article_publisher":"https:\/\/www.facebook.com\/charlielivetantra","article_modified_time":"2021-05-28T19:33:23+00:00","og_image":[{"width":1024,"height":678,"url":"https:\/\/charlie-liveshow.com\/Tentation-erotique\/wp-content\/uploads\/2021\/05\/colis-sextoys-moins-cher_23.jpg","type":"image\/jpeg"}],"twitter_card":"summary_large_image","twitter_site":"@Charlieliveshow","twitter_misc":{"Dur\u00e9e de lecture estim\u00e9e":"2 minutes"},"schema":{"@context":"https:\/\/schema.org","@graph":[{"@type":"WebPage","@id":"https:\/\/charlie-liveshow.com\/Tentation-erotique\/produit\/colis-sextoys-moins-cher-23-connected\/","url":"https:\/\/charlie-liveshow.com\/Tentation-erotique\/produit\/colis-sextoys-moins-cher-23-connected\/","name":"Colis sextoys 23, 100% SEXTOY CONNECTES - Charlie TENTATIONS","isPartOf":{"@id":"https:\/\/charlie-liveshow.com\/Tentation-erotique\/#website"},"datePublished":"2021-05-28T18:41:22+00:00","dateModified":"2021-05-28T19:33:23+00:00","description":"Colis sextoys N\u00b023 - 100% SEXTOYS CONNECTES. 4 sextoys ETAT NEUF OSCI2 par Lovense - et 3 sextoys satisfyer connect\u00e9s CURVY 1+ - ROYAL ONE et le DUAL JOY \u2764 Valeur du colis neuf :\u00a0 300\u20ac. Le colis complet des 4 sex-toys d'occasion n'ayant servi qu'une fois est vendu 131.10\u20ac ( frais de livraison inclus) Vos sextoys avec 60% d'\u00e9conomie ! Colis exp\u00e9di\u00e9 sous 4 jours* par mondial relais en France, Belgique et Luxembourg UNIQUEMENT - Aide \u00e0 la livraison A PROPOS DE L'HYGIENE des sextoys d'occasions... En savoir plus","breadcrumb":{"@id":"https:\/\/charlie-liveshow.com\/Tentation-erotique\/produit\/colis-sextoys-moins-cher-23-connected\/#breadcrumb"},"inLanguage":"fr-FR","potentialAction":[{"@type":"ReadAction","target":["https:\/\/charlie-liveshow.com\/Tentation-erotique\/produit\/colis-sextoys-moins-cher-23-connected\/"]}]},{"@type":"BreadcrumbList","@id":"https:\/\/charlie-liveshow.com\/Tentation-erotique\/produit\/colis-sextoys-moins-cher-23-connected\/#breadcrumb","itemListElement":[{"@type":"ListItem","position":1,"name":"Charlie r\u00e9veille vos sens","item":"https:\/\/charlie-liveshow.com\/Tentation-erotique\/page-d-accueil-commerce\/"},{"@type":"ListItem","position":2,"name":"COLIS SEXTOYS ! Le plaisir pour tous","item":"https:\/\/charlie-liveshow.com\/Tentation-erotique\/categorie-produit\/sextoys-doccasions\/"},{"@type":"ListItem","position":3,"name":"Colis sextoys 23, 100% SEXTOY CONNECTES"}]},{"@type":"WebSite","@id":"https:\/\/charlie-liveshow.com\/Tentation-erotique\/#website","url":"https:\/\/charlie-liveshow.com\/Tentation-erotique\/","name":"TENTATIONS \u00c9ROTIQUES par Charlie Liveshow","description":"Eveillez vous \u00e0 l&#039;\u00e9rotisme","publisher":{"@id":"https:\/\/charlie-liveshow.com\/Tentation-erotique\/#organization"},"potentialAction":[{"@type":"SearchAction","target":{"@type":"EntryPoint","urlTemplate":"https:\/\/charlie-liveshow.com\/Tentation-erotique\/?s={search_term_string}"},"query-input":"required name=search_term_string"}],"inLanguage":"fr-FR"},{"@type":"Organization","@id":"https:\/\/charlie-liveshow.com\/Tentation-erotique\/#organization","name":"charlie-liveshow","url":"https:\/\/charlie-liveshow.com\/Tentation-erotique\/","logo":{"@type":"ImageObject","inLanguage":"fr-FR","@id":"https:\/\/charlie-liveshow.com\/Tentation-erotique\/#\/schema\/logo\/image\/","url":"https:\/\/charlie-liveshow.com\/Tentation-erotique\/wp-content\/uploads\/2013\/05\/Charlie_folies_logo.png","contentUrl":"https:\/\/charlie-liveshow.com\/Tentation-erotique\/wp-content\/uploads\/2013\/05\/Charlie_folies_logo.png","width":210,"height":206,"caption":"charlie-liveshow"},"image":{"@id":"https:\/\/charlie-liveshow.com\/Tentation-erotique\/#\/schema\/logo\/image\/"},"sameAs":["https:\/\/www.facebook.com\/charlielivetantra","https:\/\/twitter.com\/Charlieliveshow","https:\/\/www.instagram.com\/charlie_liveshow\/","https:\/\/www.youtube.com\/CharlieTantra"]}]}},"_links":{"self":[{"href":"https:\/\/charlie-liveshow.com\/Tentation-erotique\/wp-json\/wp\/v2\/product\/43910"}],"collection":[{"href":"https:\/\/charlie-liveshow.com\/Tentation-erotique\/wp-json\/wp\/v2\/product"}],"about":[{"href":"https:\/\/charlie-liveshow.com\/Tentation-erotique\/wp-json\/wp\/v2\/types\/product"}],"replies":[{"embeddable":true,"href":"https:\/\/charlie-liveshow.com\/Tentation-erotique\/wp-json\/wp\/v2\/comments?post=43910"}],"version-history":[{"count":0,"href":"https:\/\/charlie-liveshow.com\/Tentation-erotique\/wp-json\/wp\/v2\/product\/43910\/revisions"}],"wp:featuredmedia":[{"embeddable":true,"href":"https:\/\/charlie-liveshow.com\/Tentation-erotique\/wp-json\/wp\/v2\/media\/43922"}],"wp:attachment":[{"href":"https:\/\/charlie-liveshow.com\/Tentation-erotique\/wp-json\/wp\/v2\/media?parent=43910"}],"wp:term":[{"taxonomy":"product_cat","embeddable":true,"href":"https:\/\/charlie-liveshow.com\/Tentation-erotique\/wp-json\/wp\/v2\/product_cat?post=43910"},{"taxonomy":"product_tag","embeddable":true,"href":"https:\/\/charlie-liveshow.com\/Tentation-erotique\/wp-json\/wp\/v2\/product_tag?post=43910"}],"curies":[{"name":"wp","href":"https:\/\/api.w.org\/{rel}","templated":true}]}}