{"id":43847,"date":"2021-05-06T09:29:21","date_gmt":"2021-05-06T07:29:21","guid":{"rendered":"https:\/\/charlie-liveshow.com\/Tentation-erotique\/?post_type=product&#038;p=43847"},"modified":"2021-05-06T10:20:41","modified_gmt":"2021-05-06T08:20:41","slug":"mets-moi-tout-dans-le-cul-video-anal","status":"publish","type":"product","link":"https:\/\/charlie-liveshow.com\/Tentation-erotique\/produit\/mets-moi-tout-dans-le-cul-video-anal\/","title":{"rendered":"Mets moi tout dans le cul &#8211; ANAL FETISH"},"content":{"rendered":"<div id=\"note\">\n<div class=\"row\">\n<div class=\"col-12 col-md\">\n<h2 class=\"card-title mb-0\">Mets moi tout dans le cul &#8211; ANAL FETISH<\/h2>\n<\/div>\n<\/div>\n<p>Du cul et que du cul 100% ANAL ou j&rsquo;explore les d\u00e9lices des plugs de plus en plus gros ! Depuis le tout petit tout mignon jusqu&rsquo;au tr\u00e8s gros plug avec des boules pour bien me d\u00e9foncer l&rsquo;anus \ud83d\ude1c J&rsquo;adore le sexe anal et j&rsquo;esp\u00e8re bien que toi aussi ! Si tu aimes les filles qui \u2764 la sodomie, si tu aimes les femmes qui kiffent se faire d\u00e9foncer le cul par des grosses bites, TU VAS ADORER cette vid\u00e9o 100% ANAL \ud83d\ude01<\/p>\n<div class=\"su-button-center\"><a href=\"https:\/\/www.manyvids.com\/Video\/2724172\/Put-it-all-in-my-ass-\/\" class=\"su-button su-button-style-flat su-button-wide\" style=\"color:#fff;background-color:#d10034;border-color:#a8002a;border-radius:0px;-moz-border-radius:0px;-webkit-border-radius:0px\" target=\"_blank\" rel=\"nofollow\"><span style=\"color:#fff;padding:8px 26px;font-size:20px;line-height:30px;border-color:#df4d71;border-radius:0px;-moz-border-radius:0px;-webkit-border-radius:0px;text-shadow:0px 0px 0px #ed1e79;-moz-text-shadow:0px 0px 0px #ed1e79;-webkit-text-shadow:0px 0px 0px #ed1e79\"><i class=\"sui sui-bell-o\" style=\"font-size:20px;color:#fff\"><\/i> Dispo aussi sur MANY VIDS<\/span><\/a><\/div>\n<p><a href=\"https:\/\/www.manyvids.com\/Video\/2724172\/Put-it-all-in-my-ass-\/\" target=\"_blank\" rel=\"noopener\">VOIR LE TEASER SUR MANYVIDS<\/a><\/p>\n<h4>Mots-cl\u00e9s de la vid\u00e9o : ANAL<\/h4>\n<span class=\"su-label su-label-type-important\">ANAL<\/span> &#8211; <span class=\"su-label su-label-type-success\">Bottom<\/span> &#8211; <span class=\"su-label su-label-type-success\">plug<\/span> &#8211; <span class=\"su-label su-label-type-info\">rough<\/span> &#8211; For (hot) adult only !<\/p>\n<h4>Fiche technique<\/h4>\n<p><strong>Dur\u00e9e : <\/strong>21 min &#8211; Format : .MP4 &#8211; Taille : 524.61 MB &#8211; R\u00e9solution : 1920&#215;1080 HD<\/p>\n<p><strong>Retrouve plus de vid\u00e9o sur ma cha\u00eene <\/strong><a href=\"https:\/\/fr.pornhub.com\/model\/charlie-liveshow\" target=\"_blank\" rel=\"noopener noreferrer\"><strong>PORNHUB.<\/strong><\/a><\/p>\n<p>&nbsp;<\/p>\n<\/div>\n","protected":false},"excerpt":{"rendered":"<div class=\"row\">\n<div class=\"col-12 col-md\">\n<p><strong>Boom boom boom ! Mets moi tout dans le cul ! Je passe en revue ma collection de plug anal depuis le tout petit en forme de coeur \u00ab\u00a0so girly\u00a0\u00bb jusqu&rsquo;\u00e0 l&rsquo;\u00e9norme plug TITAN de quoi ravir tous les amateurs de bon gros cul bien rempli !<br \/>\n<\/strong><\/p>\n<\/div>\n<\/div>\n<p><strong>Dur\u00e9e : 21 minutes de vid\u00e9o 100% ANAL sex<br \/>\n<\/strong><\/p>\n<div class=\"su-button-center\"><a href=\"https:\/\/www.manyvids.com\/Video\/2724172\/Put-it-all-in-my-ass-\/\" class=\"su-button su-button-style-flat su-button-wide\" style=\"color:#fff;background-color:#d10034;border-color:#a8002a;border-radius:0px;-moz-border-radius:0px;-webkit-border-radius:0px\" target=\"_blank\" rel=\"nofollow\"><span style=\"color:#fff;padding:8px 26px;font-size:20px;line-height:30px;border-color:#df4d71;border-radius:0px;-moz-border-radius:0px;-webkit-border-radius:0px;text-shadow:0px 0px 0px #ed1e79;-moz-text-shadow:0px 0px 0px #ed1e79;-webkit-text-shadow:0px 0px 0px #ed1e79\"><i class=\"sui sui-bell-o\" style=\"font-size:20px;color:#fff\"><\/i> Gratuit sur mon fanclub MANY VIDS<\/span><\/a><\/div>\n<p>&nbsp;<\/p>\n","protected":false},"featured_media":43848,"comment_status":"open","ping_status":"closed","template":"","meta":{"ub_ctt_via":""},"product_cat":[53],"product_tag":[43,54,153],"yoast_head":"<!-- This site is optimized with the Yoast SEO plugin v22.0 - https:\/\/yoast.com\/wordpress\/plugins\/seo\/ -->\n<title>Mets moi tout dans le cul - ANAL FETISH<\/title>\n<meta name=\"description\" content=\"Boom boom boom ! Mets moi tout dans le cul ! Je passe en revue ma collection de plug anal depuis le tout petit en forme de coeur &quot;so girly&quot; jusqu&#039;\u00e0 l&#039;\u00e9norme plug TITAN de quoi ravir tous les amateurs de bon gros cul bien rempli !     Dur\u00e9e : 21 minutes de vid\u00e9o 100% ANAL sex     &nbsp;\" \/>\n<meta name=\"robots\" content=\"index, follow, max-snippet:-1, max-image-preview:large, max-video-preview:-1\" \/>\n<link rel=\"canonical\" href=\"https:\/\/charlie-liveshow.com\/Tentation-erotique\/produit\/mets-moi-tout-dans-le-cul-video-anal\/\" \/>\n<meta property=\"og:locale\" content=\"fr_FR\" \/>\n<meta property=\"og:type\" content=\"article\" \/>\n<meta property=\"og:title\" content=\"Mets moi tout dans le cul - ANAL FETISH\" \/>\n<meta property=\"og:description\" content=\"Boom boom boom ! Mets moi tout dans le cul ! Je passe en revue ma collection de plug anal depuis le tout petit en forme de coeur &quot;so girly&quot; jusqu&#039;\u00e0 l&#039;\u00e9norme plug TITAN de quoi ravir tous les amateurs de bon gros cul bien rempli !     Dur\u00e9e : 21 minutes de vid\u00e9o 100% ANAL sex     &nbsp;\" \/>\n<meta property=\"og:url\" content=\"https:\/\/charlie-liveshow.com\/Tentation-erotique\/produit\/mets-moi-tout-dans-le-cul-video-anal\/\" \/>\n<meta property=\"og:site_name\" content=\"TENTATIONS \u00c9ROTIQUES par Charlie Liveshow\" \/>\n<meta property=\"article:publisher\" content=\"https:\/\/www.facebook.com\/charlielivetantra\" \/>\n<meta property=\"article:modified_time\" content=\"2021-05-06T08:20:41+00:00\" \/>\n<meta property=\"og:image\" content=\"https:\/\/charlie-liveshow.com\/Tentation-erotique\/wp-content\/uploads\/2021\/05\/mets-moi-tout-dans-le-cul_1024.jpg\" \/>\n\t<meta property=\"og:image:width\" content=\"1024\" \/>\n\t<meta property=\"og:image:height\" content=\"678\" \/>\n\t<meta property=\"og:image:type\" content=\"image\/jpeg\" \/>\n<meta name=\"twitter:card\" content=\"summary_large_image\" \/>\n<meta name=\"twitter:site\" content=\"@Charlieliveshow\" \/>\n<meta name=\"twitter:label1\" content=\"Dur\u00e9e de lecture estim\u00e9e\" \/>\n\t<meta name=\"twitter:data1\" content=\"1 minute\" \/>\n<script type=\"application\/ld+json\" class=\"yoast-schema-graph\">{\"@context\":\"https:\/\/schema.org\",\"@graph\":[{\"@type\":\"WebPage\",\"@id\":\"https:\/\/charlie-liveshow.com\/Tentation-erotique\/produit\/mets-moi-tout-dans-le-cul-video-anal\/\",\"url\":\"https:\/\/charlie-liveshow.com\/Tentation-erotique\/produit\/mets-moi-tout-dans-le-cul-video-anal\/\",\"name\":\"Mets moi tout dans le cul - ANAL FETISH\",\"isPartOf\":{\"@id\":\"https:\/\/charlie-liveshow.com\/Tentation-erotique\/#website\"},\"datePublished\":\"2021-05-06T07:29:21+00:00\",\"dateModified\":\"2021-05-06T08:20:41+00:00\",\"description\":\"Boom boom boom ! Mets moi tout dans le cul ! Je passe en revue ma collection de plug anal depuis le tout petit en forme de coeur \\\"so girly\\\" jusqu'\u00e0 l'\u00e9norme plug TITAN de quoi ravir tous les amateurs de bon gros cul bien rempli ! Dur\u00e9e : 21 minutes de vid\u00e9o 100% ANAL sex &nbsp;\",\"breadcrumb\":{\"@id\":\"https:\/\/charlie-liveshow.com\/Tentation-erotique\/produit\/mets-moi-tout-dans-le-cul-video-anal\/#breadcrumb\"},\"inLanguage\":\"fr-FR\",\"potentialAction\":[{\"@type\":\"ReadAction\",\"target\":[\"https:\/\/charlie-liveshow.com\/Tentation-erotique\/produit\/mets-moi-tout-dans-le-cul-video-anal\/\"]}]},{\"@type\":\"BreadcrumbList\",\"@id\":\"https:\/\/charlie-liveshow.com\/Tentation-erotique\/produit\/mets-moi-tout-dans-le-cul-video-anal\/#breadcrumb\",\"itemListElement\":[{\"@type\":\"ListItem\",\"position\":1,\"name\":\"Charlie r\u00e9veille vos sens\",\"item\":\"https:\/\/charlie-liveshow.com\/Tentation-erotique\/page-d-accueil-commerce\/\"},{\"@type\":\"ListItem\",\"position\":2,\"name\":\"Vid\u00e9os xXx\",\"item\":\"https:\/\/charlie-liveshow.com\/Tentation-erotique\/categorie-produit\/videos-x-amateur-charlie\/\"},{\"@type\":\"ListItem\",\"position\":3,\"name\":\"Mets moi tout dans le cul &#8211; ANAL FETISH\"}]},{\"@type\":\"WebSite\",\"@id\":\"https:\/\/charlie-liveshow.com\/Tentation-erotique\/#website\",\"url\":\"https:\/\/charlie-liveshow.com\/Tentation-erotique\/\",\"name\":\"TENTATIONS \u00c9ROTIQUES par Charlie Liveshow\",\"description\":\"Eveillez vous \u00e0 l&#039;\u00e9rotisme\",\"publisher\":{\"@id\":\"https:\/\/charlie-liveshow.com\/Tentation-erotique\/#organization\"},\"potentialAction\":[{\"@type\":\"SearchAction\",\"target\":{\"@type\":\"EntryPoint\",\"urlTemplate\":\"https:\/\/charlie-liveshow.com\/Tentation-erotique\/?s={search_term_string}\"},\"query-input\":\"required name=search_term_string\"}],\"inLanguage\":\"fr-FR\"},{\"@type\":\"Organization\",\"@id\":\"https:\/\/charlie-liveshow.com\/Tentation-erotique\/#organization\",\"name\":\"charlie-liveshow\",\"url\":\"https:\/\/charlie-liveshow.com\/Tentation-erotique\/\",\"logo\":{\"@type\":\"ImageObject\",\"inLanguage\":\"fr-FR\",\"@id\":\"https:\/\/charlie-liveshow.com\/Tentation-erotique\/#\/schema\/logo\/image\/\",\"url\":\"https:\/\/charlie-liveshow.com\/Tentation-erotique\/wp-content\/uploads\/2013\/05\/Charlie_folies_logo.png\",\"contentUrl\":\"https:\/\/charlie-liveshow.com\/Tentation-erotique\/wp-content\/uploads\/2013\/05\/Charlie_folies_logo.png\",\"width\":210,\"height\":206,\"caption\":\"charlie-liveshow\"},\"image\":{\"@id\":\"https:\/\/charlie-liveshow.com\/Tentation-erotique\/#\/schema\/logo\/image\/\"},\"sameAs\":[\"https:\/\/www.facebook.com\/charlielivetantra\",\"https:\/\/twitter.com\/Charlieliveshow\",\"https:\/\/www.instagram.com\/charlie_liveshow\/\",\"https:\/\/www.youtube.com\/CharlieTantra\"]}]}<\/script>\n<!-- \/ Yoast SEO plugin. -->","yoast_head_json":{"title":"Mets moi tout dans le cul - ANAL FETISH","description":"Boom boom boom ! Mets moi tout dans le cul ! Je passe en revue ma collection de plug anal depuis le tout petit en forme de coeur \"so girly\" jusqu'\u00e0 l'\u00e9norme plug TITAN de quoi ravir tous les amateurs de bon gros cul bien rempli !     Dur\u00e9e : 21 minutes de vid\u00e9o 100% ANAL sex     &nbsp;","robots":{"index":"index","follow":"follow","max-snippet":"max-snippet:-1","max-image-preview":"max-image-preview:large","max-video-preview":"max-video-preview:-1"},"canonical":"https:\/\/charlie-liveshow.com\/Tentation-erotique\/produit\/mets-moi-tout-dans-le-cul-video-anal\/","og_locale":"fr_FR","og_type":"article","og_title":"Mets moi tout dans le cul - ANAL FETISH","og_description":"Boom boom boom ! Mets moi tout dans le cul ! Je passe en revue ma collection de plug anal depuis le tout petit en forme de coeur \"so girly\" jusqu'\u00e0 l'\u00e9norme plug TITAN de quoi ravir tous les amateurs de bon gros cul bien rempli !     Dur\u00e9e : 21 minutes de vid\u00e9o 100% ANAL sex     &nbsp;","og_url":"https:\/\/charlie-liveshow.com\/Tentation-erotique\/produit\/mets-moi-tout-dans-le-cul-video-anal\/","og_site_name":"TENTATIONS \u00c9ROTIQUES par Charlie Liveshow","article_publisher":"https:\/\/www.facebook.com\/charlielivetantra","article_modified_time":"2021-05-06T08:20:41+00:00","og_image":[{"width":1024,"height":678,"url":"https:\/\/charlie-liveshow.com\/Tentation-erotique\/wp-content\/uploads\/2021\/05\/mets-moi-tout-dans-le-cul_1024.jpg","type":"image\/jpeg"}],"twitter_card":"summary_large_image","twitter_site":"@Charlieliveshow","twitter_misc":{"Dur\u00e9e de lecture estim\u00e9e":"1 minute"},"schema":{"@context":"https:\/\/schema.org","@graph":[{"@type":"WebPage","@id":"https:\/\/charlie-liveshow.com\/Tentation-erotique\/produit\/mets-moi-tout-dans-le-cul-video-anal\/","url":"https:\/\/charlie-liveshow.com\/Tentation-erotique\/produit\/mets-moi-tout-dans-le-cul-video-anal\/","name":"Mets moi tout dans le cul - ANAL FETISH","isPartOf":{"@id":"https:\/\/charlie-liveshow.com\/Tentation-erotique\/#website"},"datePublished":"2021-05-06T07:29:21+00:00","dateModified":"2021-05-06T08:20:41+00:00","description":"Boom boom boom ! Mets moi tout dans le cul ! Je passe en revue ma collection de plug anal depuis le tout petit en forme de coeur \"so girly\" jusqu'\u00e0 l'\u00e9norme plug TITAN de quoi ravir tous les amateurs de bon gros cul bien rempli ! Dur\u00e9e : 21 minutes de vid\u00e9o 100% ANAL sex &nbsp;","breadcrumb":{"@id":"https:\/\/charlie-liveshow.com\/Tentation-erotique\/produit\/mets-moi-tout-dans-le-cul-video-anal\/#breadcrumb"},"inLanguage":"fr-FR","potentialAction":[{"@type":"ReadAction","target":["https:\/\/charlie-liveshow.com\/Tentation-erotique\/produit\/mets-moi-tout-dans-le-cul-video-anal\/"]}]},{"@type":"BreadcrumbList","@id":"https:\/\/charlie-liveshow.com\/Tentation-erotique\/produit\/mets-moi-tout-dans-le-cul-video-anal\/#breadcrumb","itemListElement":[{"@type":"ListItem","position":1,"name":"Charlie r\u00e9veille vos sens","item":"https:\/\/charlie-liveshow.com\/Tentation-erotique\/page-d-accueil-commerce\/"},{"@type":"ListItem","position":2,"name":"Vid\u00e9os xXx","item":"https:\/\/charlie-liveshow.com\/Tentation-erotique\/categorie-produit\/videos-x-amateur-charlie\/"},{"@type":"ListItem","position":3,"name":"Mets moi tout dans le cul &#8211; ANAL FETISH"}]},{"@type":"WebSite","@id":"https:\/\/charlie-liveshow.com\/Tentation-erotique\/#website","url":"https:\/\/charlie-liveshow.com\/Tentation-erotique\/","name":"TENTATIONS \u00c9ROTIQUES par Charlie Liveshow","description":"Eveillez vous \u00e0 l&#039;\u00e9rotisme","publisher":{"@id":"https:\/\/charlie-liveshow.com\/Tentation-erotique\/#organization"},"potentialAction":[{"@type":"SearchAction","target":{"@type":"EntryPoint","urlTemplate":"https:\/\/charlie-liveshow.com\/Tentation-erotique\/?s={search_term_string}"},"query-input":"required name=search_term_string"}],"inLanguage":"fr-FR"},{"@type":"Organization","@id":"https:\/\/charlie-liveshow.com\/Tentation-erotique\/#organization","name":"charlie-liveshow","url":"https:\/\/charlie-liveshow.com\/Tentation-erotique\/","logo":{"@type":"ImageObject","inLanguage":"fr-FR","@id":"https:\/\/charlie-liveshow.com\/Tentation-erotique\/#\/schema\/logo\/image\/","url":"https:\/\/charlie-liveshow.com\/Tentation-erotique\/wp-content\/uploads\/2013\/05\/Charlie_folies_logo.png","contentUrl":"https:\/\/charlie-liveshow.com\/Tentation-erotique\/wp-content\/uploads\/2013\/05\/Charlie_folies_logo.png","width":210,"height":206,"caption":"charlie-liveshow"},"image":{"@id":"https:\/\/charlie-liveshow.com\/Tentation-erotique\/#\/schema\/logo\/image\/"},"sameAs":["https:\/\/www.facebook.com\/charlielivetantra","https:\/\/twitter.com\/Charlieliveshow","https:\/\/www.instagram.com\/charlie_liveshow\/","https:\/\/www.youtube.com\/CharlieTantra"]}]}},"_links":{"self":[{"href":"https:\/\/charlie-liveshow.com\/Tentation-erotique\/wp-json\/wp\/v2\/product\/43847"}],"collection":[{"href":"https:\/\/charlie-liveshow.com\/Tentation-erotique\/wp-json\/wp\/v2\/product"}],"about":[{"href":"https:\/\/charlie-liveshow.com\/Tentation-erotique\/wp-json\/wp\/v2\/types\/product"}],"replies":[{"embeddable":true,"href":"https:\/\/charlie-liveshow.com\/Tentation-erotique\/wp-json\/wp\/v2\/comments?post=43847"}],"version-history":[{"count":0,"href":"https:\/\/charlie-liveshow.com\/Tentation-erotique\/wp-json\/wp\/v2\/product\/43847\/revisions"}],"wp:featuredmedia":[{"embeddable":true,"href":"https:\/\/charlie-liveshow.com\/Tentation-erotique\/wp-json\/wp\/v2\/media\/43848"}],"wp:attachment":[{"href":"https:\/\/charlie-liveshow.com\/Tentation-erotique\/wp-json\/wp\/v2\/media?parent=43847"}],"wp:term":[{"taxonomy":"product_cat","embeddable":true,"href":"https:\/\/charlie-liveshow.com\/Tentation-erotique\/wp-json\/wp\/v2\/product_cat?post=43847"},{"taxonomy":"product_tag","embeddable":true,"href":"https:\/\/charlie-liveshow.com\/Tentation-erotique\/wp-json\/wp\/v2\/product_tag?post=43847"}],"curies":[{"name":"wp","href":"https:\/\/api.w.org\/{rel}","templated":true}]}}