{"id":43826,"date":"2021-04-25T13:21:44","date_gmt":"2021-04-25T11:21:44","guid":{"rendered":"https:\/\/charlie-liveshow.com\/Tentation-erotique\/?post_type=product&#038;p=43826"},"modified":"2021-04-25T19:28:29","modified_gmt":"2021-04-25T17:28:29","slug":"porno-charlie-double-penetration","status":"publish","type":"product","link":"https:\/\/charlie-liveshow.com\/Tentation-erotique\/produit\/porno-charlie-double-penetration\/","title":{"rendered":"Mon avis sur la double p\u00e9n\u00e9tration vaginale \u2665 Fan du porno de Charlie"},"content":{"rendered":"<div id=\"note\">\n<div class=\"row\">\n<div class=\"col-12 col-md\">\n<h2 class=\"card-title mb-0\">J&rsquo;aime la double p\u00e9n\u00e9tration vaginale !<\/h2>\n<\/div>\n<\/div>\n<p>Dans le cul je suis une fille assez classique. <strong>J&rsquo;aime les choses simples, les bites !<\/strong> Mais j&rsquo;aime surtout quand il y en a des grosses et qu&rsquo;il y en a plusieurs &#8230; en m\u00eame temps ! Mais voil\u00e0 c&rsquo;est pas toujours possible &#8211; SNIFF ! Heureusement le g\u00e9nie humain a cr\u00e9e les gros godes ! En plus l\u00e0 j&rsquo;ai une excuse \u00e0 cette double p\u00e9n\u00e9tration c&rsquo;est pour v\u00e9rifier que ce nouveau gode super bien change bien de couleur ! Histoire d&rsquo;\u00eatre sure d&rsquo;\u00eatre assez chaude j&rsquo;en profite donc pour faire aussi une double p\u00e9n\u00e9tration\u00a0 vaginale. Coquine jusqu&rsquo;au bout. Une vid\u00e9o que pour vous mes fans.<\/p>\n<p><a href=\"https:\/\/www.manyvids.com\/Video\/2690631\/Double-vaginale-I-feel-it-well-my-love\/\" target=\"_blank\" rel=\"noopener\">VOIR LE TEASER SUR MANYVIDS<\/a><\/p>\n<h4>Mots-cl\u00e9s de la vid\u00e9o : VAGINAL &#8211; DOUBLE PENETRATION &#8211; Extr\u00eame<\/h4>\n<span class=\"su-label su-label-type-important\">DP<\/span> &#8211; <span class=\"su-label su-label-type-success\">VAGINAL<\/span> &#8211; <span class=\"su-label su-label-type-success\">dilatation<\/span> &#8211; <span class=\"su-label su-label-type-info\">rough<\/span> &#8211; For (hot) adult only !<\/p>\n<h4>Fiche technique<\/h4>\n<p><strong>Dur\u00e9e : <\/strong>9 min &#8211; Format : .MP4 &#8211; Taille : 164.13 MB &#8211; R\u00e9solution : 1280&#215;720 HD<\/p>\n<p><strong>Retrouve plus de vid\u00e9o sur ma cha\u00eene <\/strong><a href=\"https:\/\/fr.pornhub.com\/model\/charlie-liveshow\" target=\"_blank\" rel=\"noopener noreferrer\"><strong>PORNHUB.<\/strong><\/a><\/p>\n<p>&nbsp;<\/p>\n<\/div>\n","protected":false},"excerpt":{"rendered":"<div class=\"row\">\n<div class=\"col-12 col-md\">\n<p>Dans le sexe je suis tr\u00e8s classique. J&rsquo;aime les grosses bites ! L&rsquo;id\u00e9al c&rsquo;est quand il y en a 2 en m\u00eame temps &#8211; S<strong>p\u00e9cial doubl\u00e9 p\u00e9n\u00e9tration vaginale VIDEO FAN<br \/>\n<\/strong><\/p>\n<\/div>\n<\/div>\n<p><strong>Dur\u00e9e : 9 minutes de vid\u00e9o double p\u00e9n\u00e9tration vaginale 100% ROUGH sex<br \/>\n<\/strong><\/p>\n<p>&nbsp;<\/p>\n","protected":false},"featured_media":43841,"comment_status":"open","ping_status":"closed","template":"","meta":{"ub_ctt_via":""},"product_cat":[53],"product_tag":[43,54,153],"yoast_head":"<!-- This site is optimized with the Yoast SEO plugin v22.0 - https:\/\/yoast.com\/wordpress\/plugins\/seo\/ -->\n<title>Mon avis sur la double p\u00e9n\u00e9tration vaginale \u2665 Fan du porno de Charlie<\/title>\n<meta name=\"description\" content=\"Dans le sexe je suis tr\u00e8s classique. J&#039;aime les grosses bites ! L&#039;id\u00e9al c&#039;est quand il y en a 2 en m\u00eame temps - Sp\u00e9cial doubl\u00e9 p\u00e9n\u00e9tration vaginale VIDEO FAN     Dur\u00e9e : 9 minutes de vid\u00e9o double p\u00e9n\u00e9tration vaginale 100% ROUGH sex   &nbsp;\" \/>\n<meta name=\"robots\" content=\"index, follow, max-snippet:-1, max-image-preview:large, max-video-preview:-1\" \/>\n<link rel=\"canonical\" href=\"https:\/\/charlie-liveshow.com\/Tentation-erotique\/produit\/porno-charlie-double-penetration\/\" \/>\n<meta property=\"og:locale\" content=\"fr_FR\" \/>\n<meta property=\"og:type\" content=\"article\" \/>\n<meta property=\"og:title\" content=\"Mon avis sur la double p\u00e9n\u00e9tration vaginale \u2665 Fan du porno de Charlie\" \/>\n<meta property=\"og:description\" content=\"Dans le sexe je suis tr\u00e8s classique. J&#039;aime les grosses bites ! L&#039;id\u00e9al c&#039;est quand il y en a 2 en m\u00eame temps - Sp\u00e9cial doubl\u00e9 p\u00e9n\u00e9tration vaginale VIDEO FAN     Dur\u00e9e : 9 minutes de vid\u00e9o double p\u00e9n\u00e9tration vaginale 100% ROUGH sex   &nbsp;\" \/>\n<meta property=\"og:url\" content=\"https:\/\/charlie-liveshow.com\/Tentation-erotique\/produit\/porno-charlie-double-penetration\/\" \/>\n<meta property=\"og:site_name\" content=\"TENTATIONS \u00c9ROTIQUES par Charlie Liveshow\" \/>\n<meta property=\"article:publisher\" content=\"https:\/\/www.facebook.com\/charlielivetantra\" \/>\n<meta property=\"article:modified_time\" content=\"2021-04-25T17:28:29+00:00\" \/>\n<meta property=\"og:image\" content=\"https:\/\/charlie-liveshow.com\/Tentation-erotique\/wp-content\/uploads\/2021\/04\/feel-it-baby-double-vaginale-1024.jpg\" \/>\n\t<meta property=\"og:image:width\" content=\"1024\" \/>\n\t<meta property=\"og:image:height\" content=\"678\" \/>\n\t<meta property=\"og:image:type\" content=\"image\/jpeg\" \/>\n<meta name=\"twitter:card\" content=\"summary_large_image\" \/>\n<meta name=\"twitter:site\" content=\"@Charlieliveshow\" \/>\n<meta name=\"twitter:label1\" content=\"Dur\u00e9e de lecture estim\u00e9e\" \/>\n\t<meta name=\"twitter:data1\" content=\"1 minute\" \/>\n<script type=\"application\/ld+json\" class=\"yoast-schema-graph\">{\"@context\":\"https:\/\/schema.org\",\"@graph\":[{\"@type\":\"WebPage\",\"@id\":\"https:\/\/charlie-liveshow.com\/Tentation-erotique\/produit\/porno-charlie-double-penetration\/\",\"url\":\"https:\/\/charlie-liveshow.com\/Tentation-erotique\/produit\/porno-charlie-double-penetration\/\",\"name\":\"Mon avis sur la double p\u00e9n\u00e9tration vaginale \u2665 Fan du porno de Charlie\",\"isPartOf\":{\"@id\":\"https:\/\/charlie-liveshow.com\/Tentation-erotique\/#website\"},\"datePublished\":\"2021-04-25T11:21:44+00:00\",\"dateModified\":\"2021-04-25T17:28:29+00:00\",\"description\":\"Dans le sexe je suis tr\u00e8s classique. J'aime les grosses bites ! L'id\u00e9al c'est quand il y en a 2 en m\u00eame temps - Sp\u00e9cial doubl\u00e9 p\u00e9n\u00e9tration vaginale VIDEO FAN Dur\u00e9e : 9 minutes de vid\u00e9o double p\u00e9n\u00e9tration vaginale 100% ROUGH sex &nbsp;\",\"breadcrumb\":{\"@id\":\"https:\/\/charlie-liveshow.com\/Tentation-erotique\/produit\/porno-charlie-double-penetration\/#breadcrumb\"},\"inLanguage\":\"fr-FR\",\"potentialAction\":[{\"@type\":\"ReadAction\",\"target\":[\"https:\/\/charlie-liveshow.com\/Tentation-erotique\/produit\/porno-charlie-double-penetration\/\"]}]},{\"@type\":\"BreadcrumbList\",\"@id\":\"https:\/\/charlie-liveshow.com\/Tentation-erotique\/produit\/porno-charlie-double-penetration\/#breadcrumb\",\"itemListElement\":[{\"@type\":\"ListItem\",\"position\":1,\"name\":\"Charlie r\u00e9veille vos sens\",\"item\":\"https:\/\/charlie-liveshow.com\/Tentation-erotique\/page-d-accueil-commerce\/\"},{\"@type\":\"ListItem\",\"position\":2,\"name\":\"Vid\u00e9os xXx\",\"item\":\"https:\/\/charlie-liveshow.com\/Tentation-erotique\/categorie-produit\/videos-x-amateur-charlie\/\"},{\"@type\":\"ListItem\",\"position\":3,\"name\":\"Mon avis sur la double p\u00e9n\u00e9tration vaginale \u2665 Fan du porno de Charlie\"}]},{\"@type\":\"WebSite\",\"@id\":\"https:\/\/charlie-liveshow.com\/Tentation-erotique\/#website\",\"url\":\"https:\/\/charlie-liveshow.com\/Tentation-erotique\/\",\"name\":\"TENTATIONS \u00c9ROTIQUES par Charlie Liveshow\",\"description\":\"Eveillez vous \u00e0 l&#039;\u00e9rotisme\",\"publisher\":{\"@id\":\"https:\/\/charlie-liveshow.com\/Tentation-erotique\/#organization\"},\"potentialAction\":[{\"@type\":\"SearchAction\",\"target\":{\"@type\":\"EntryPoint\",\"urlTemplate\":\"https:\/\/charlie-liveshow.com\/Tentation-erotique\/?s={search_term_string}\"},\"query-input\":\"required name=search_term_string\"}],\"inLanguage\":\"fr-FR\"},{\"@type\":\"Organization\",\"@id\":\"https:\/\/charlie-liveshow.com\/Tentation-erotique\/#organization\",\"name\":\"charlie-liveshow\",\"url\":\"https:\/\/charlie-liveshow.com\/Tentation-erotique\/\",\"logo\":{\"@type\":\"ImageObject\",\"inLanguage\":\"fr-FR\",\"@id\":\"https:\/\/charlie-liveshow.com\/Tentation-erotique\/#\/schema\/logo\/image\/\",\"url\":\"https:\/\/charlie-liveshow.com\/Tentation-erotique\/wp-content\/uploads\/2013\/05\/Charlie_folies_logo.png\",\"contentUrl\":\"https:\/\/charlie-liveshow.com\/Tentation-erotique\/wp-content\/uploads\/2013\/05\/Charlie_folies_logo.png\",\"width\":210,\"height\":206,\"caption\":\"charlie-liveshow\"},\"image\":{\"@id\":\"https:\/\/charlie-liveshow.com\/Tentation-erotique\/#\/schema\/logo\/image\/\"},\"sameAs\":[\"https:\/\/www.facebook.com\/charlielivetantra\",\"https:\/\/twitter.com\/Charlieliveshow\",\"https:\/\/www.instagram.com\/charlie_liveshow\/\",\"https:\/\/www.youtube.com\/CharlieTantra\"]}]}<\/script>\n<!-- \/ Yoast SEO plugin. -->","yoast_head_json":{"title":"Mon avis sur la double p\u00e9n\u00e9tration vaginale \u2665 Fan du porno de Charlie","description":"Dans le sexe je suis tr\u00e8s classique. J'aime les grosses bites ! L'id\u00e9al c'est quand il y en a 2 en m\u00eame temps - Sp\u00e9cial doubl\u00e9 p\u00e9n\u00e9tration vaginale VIDEO FAN     Dur\u00e9e : 9 minutes de vid\u00e9o double p\u00e9n\u00e9tration vaginale 100% ROUGH sex   &nbsp;","robots":{"index":"index","follow":"follow","max-snippet":"max-snippet:-1","max-image-preview":"max-image-preview:large","max-video-preview":"max-video-preview:-1"},"canonical":"https:\/\/charlie-liveshow.com\/Tentation-erotique\/produit\/porno-charlie-double-penetration\/","og_locale":"fr_FR","og_type":"article","og_title":"Mon avis sur la double p\u00e9n\u00e9tration vaginale \u2665 Fan du porno de Charlie","og_description":"Dans le sexe je suis tr\u00e8s classique. J'aime les grosses bites ! L'id\u00e9al c'est quand il y en a 2 en m\u00eame temps - Sp\u00e9cial doubl\u00e9 p\u00e9n\u00e9tration vaginale VIDEO FAN     Dur\u00e9e : 9 minutes de vid\u00e9o double p\u00e9n\u00e9tration vaginale 100% ROUGH sex   &nbsp;","og_url":"https:\/\/charlie-liveshow.com\/Tentation-erotique\/produit\/porno-charlie-double-penetration\/","og_site_name":"TENTATIONS \u00c9ROTIQUES par Charlie Liveshow","article_publisher":"https:\/\/www.facebook.com\/charlielivetantra","article_modified_time":"2021-04-25T17:28:29+00:00","og_image":[{"width":1024,"height":678,"url":"https:\/\/charlie-liveshow.com\/Tentation-erotique\/wp-content\/uploads\/2021\/04\/feel-it-baby-double-vaginale-1024.jpg","type":"image\/jpeg"}],"twitter_card":"summary_large_image","twitter_site":"@Charlieliveshow","twitter_misc":{"Dur\u00e9e de lecture estim\u00e9e":"1 minute"},"schema":{"@context":"https:\/\/schema.org","@graph":[{"@type":"WebPage","@id":"https:\/\/charlie-liveshow.com\/Tentation-erotique\/produit\/porno-charlie-double-penetration\/","url":"https:\/\/charlie-liveshow.com\/Tentation-erotique\/produit\/porno-charlie-double-penetration\/","name":"Mon avis sur la double p\u00e9n\u00e9tration vaginale \u2665 Fan du porno de Charlie","isPartOf":{"@id":"https:\/\/charlie-liveshow.com\/Tentation-erotique\/#website"},"datePublished":"2021-04-25T11:21:44+00:00","dateModified":"2021-04-25T17:28:29+00:00","description":"Dans le sexe je suis tr\u00e8s classique. J'aime les grosses bites ! L'id\u00e9al c'est quand il y en a 2 en m\u00eame temps - Sp\u00e9cial doubl\u00e9 p\u00e9n\u00e9tration vaginale VIDEO FAN Dur\u00e9e : 9 minutes de vid\u00e9o double p\u00e9n\u00e9tration vaginale 100% ROUGH sex &nbsp;","breadcrumb":{"@id":"https:\/\/charlie-liveshow.com\/Tentation-erotique\/produit\/porno-charlie-double-penetration\/#breadcrumb"},"inLanguage":"fr-FR","potentialAction":[{"@type":"ReadAction","target":["https:\/\/charlie-liveshow.com\/Tentation-erotique\/produit\/porno-charlie-double-penetration\/"]}]},{"@type":"BreadcrumbList","@id":"https:\/\/charlie-liveshow.com\/Tentation-erotique\/produit\/porno-charlie-double-penetration\/#breadcrumb","itemListElement":[{"@type":"ListItem","position":1,"name":"Charlie r\u00e9veille vos sens","item":"https:\/\/charlie-liveshow.com\/Tentation-erotique\/page-d-accueil-commerce\/"},{"@type":"ListItem","position":2,"name":"Vid\u00e9os xXx","item":"https:\/\/charlie-liveshow.com\/Tentation-erotique\/categorie-produit\/videos-x-amateur-charlie\/"},{"@type":"ListItem","position":3,"name":"Mon avis sur la double p\u00e9n\u00e9tration vaginale \u2665 Fan du porno de Charlie"}]},{"@type":"WebSite","@id":"https:\/\/charlie-liveshow.com\/Tentation-erotique\/#website","url":"https:\/\/charlie-liveshow.com\/Tentation-erotique\/","name":"TENTATIONS \u00c9ROTIQUES par Charlie Liveshow","description":"Eveillez vous \u00e0 l&#039;\u00e9rotisme","publisher":{"@id":"https:\/\/charlie-liveshow.com\/Tentation-erotique\/#organization"},"potentialAction":[{"@type":"SearchAction","target":{"@type":"EntryPoint","urlTemplate":"https:\/\/charlie-liveshow.com\/Tentation-erotique\/?s={search_term_string}"},"query-input":"required name=search_term_string"}],"inLanguage":"fr-FR"},{"@type":"Organization","@id":"https:\/\/charlie-liveshow.com\/Tentation-erotique\/#organization","name":"charlie-liveshow","url":"https:\/\/charlie-liveshow.com\/Tentation-erotique\/","logo":{"@type":"ImageObject","inLanguage":"fr-FR","@id":"https:\/\/charlie-liveshow.com\/Tentation-erotique\/#\/schema\/logo\/image\/","url":"https:\/\/charlie-liveshow.com\/Tentation-erotique\/wp-content\/uploads\/2013\/05\/Charlie_folies_logo.png","contentUrl":"https:\/\/charlie-liveshow.com\/Tentation-erotique\/wp-content\/uploads\/2013\/05\/Charlie_folies_logo.png","width":210,"height":206,"caption":"charlie-liveshow"},"image":{"@id":"https:\/\/charlie-liveshow.com\/Tentation-erotique\/#\/schema\/logo\/image\/"},"sameAs":["https:\/\/www.facebook.com\/charlielivetantra","https:\/\/twitter.com\/Charlieliveshow","https:\/\/www.instagram.com\/charlie_liveshow\/","https:\/\/www.youtube.com\/CharlieTantra"]}]}},"_links":{"self":[{"href":"https:\/\/charlie-liveshow.com\/Tentation-erotique\/wp-json\/wp\/v2\/product\/43826"}],"collection":[{"href":"https:\/\/charlie-liveshow.com\/Tentation-erotique\/wp-json\/wp\/v2\/product"}],"about":[{"href":"https:\/\/charlie-liveshow.com\/Tentation-erotique\/wp-json\/wp\/v2\/types\/product"}],"replies":[{"embeddable":true,"href":"https:\/\/charlie-liveshow.com\/Tentation-erotique\/wp-json\/wp\/v2\/comments?post=43826"}],"version-history":[{"count":0,"href":"https:\/\/charlie-liveshow.com\/Tentation-erotique\/wp-json\/wp\/v2\/product\/43826\/revisions"}],"wp:featuredmedia":[{"embeddable":true,"href":"https:\/\/charlie-liveshow.com\/Tentation-erotique\/wp-json\/wp\/v2\/media\/43841"}],"wp:attachment":[{"href":"https:\/\/charlie-liveshow.com\/Tentation-erotique\/wp-json\/wp\/v2\/media?parent=43826"}],"wp:term":[{"taxonomy":"product_cat","embeddable":true,"href":"https:\/\/charlie-liveshow.com\/Tentation-erotique\/wp-json\/wp\/v2\/product_cat?post=43826"},{"taxonomy":"product_tag","embeddable":true,"href":"https:\/\/charlie-liveshow.com\/Tentation-erotique\/wp-json\/wp\/v2\/product_tag?post=43826"}],"curies":[{"name":"wp","href":"https:\/\/api.w.org\/{rel}","templated":true}]}}