{"id":43712,"date":"2021-03-08T17:37:53","date_gmt":"2021-03-08T16:37:53","guid":{"rendered":"https:\/\/charlie-liveshow.com\/Tentation-erotique\/?post_type=product&#038;p=43712"},"modified":"2021-03-08T19:01:43","modified_gmt":"2021-03-08T18:01:43","slug":"red-fucking-sex-machine","status":"publish","type":"product","link":"https:\/\/charlie-liveshow.com\/Tentation-erotique\/produit\/red-fucking-sex-machine\/","title":{"rendered":"Red fucking sex machine &#8211; sp\u00e9cial voyeur"},"content":{"rendered":"<div id=\"note\">\n<div class=\"row\">\n<div class=\"col-12 col-md\">\n<h2 class=\"card-title mb-0\">Red fucking sex machine &#8211; vid\u00e9o sp\u00e9cial voyeur<\/h2>\n<\/div>\n<\/div>\n<p>MATEUR VOYEUR participe \u00e0 un de mes shooting de photo hot comme si tu \u00e9tais pr\u00e9sent. Tu vas adorer car comme d&rsquo;habitude la s\u00e9ance photo a fini en baise torride avec une fuck machine et mon photographe.<br \/>\nAu d\u00e9part de ce shooting photo je ne devais faire que quelques clich\u00e9s \u00e9rotiques en tenue rouge autour d&rsquo;une fuck machine. Mais voil\u00e0 je suis une fille joueuse et j&rsquo;ai voulu en faire plus. Au final je me suis faite d\u00e9fonc\u00e9e la chatte par cette infernale fuck-machine ! 400 coups minute \u00e7a envoi du lourd et \u00e7a fait jouir grave !<\/p>\n<p><strong>Retrouve plus de vid\u00e9o sur ma cha\u00eene <\/strong><a href=\"https:\/\/www.modelhub.com\/charlie-liveshow?t=ts\" target=\"_blank\" rel=\"noopener noreferrer\"><strong>PORNHUB.<\/strong><\/a><\/p>\n<h4>Mots-cl\u00e9s de la vid\u00e9o : fuck machine &#8211; voyeur !<\/h4>\n<span class=\"su-label su-label-type-important\">FUCK MACHINE<\/span> &#8211; <span class=\"su-label su-label-type-success\">RED<\/span> &#8211; <span class=\"su-label su-label-type-success\">d\u00e9fonce<\/span> &#8211; <span class=\"su-label su-label-type-info\">vaginal<\/span> &#8211; For (hot) adult only !<\/p>\n<h4>Fiche technique<\/h4>\n<p><strong>Dur\u00e9e : 18 minutes <\/strong>\u00a0| Qualit\u00e9 : 1980 x 1080 px &#8211; <strong>Format : .mp4 | <\/strong>Taille : 625 mo<\/p>\n<p>&nbsp;<\/p>\n<\/div>\n","protected":false},"excerpt":{"rendered":"<div class=\"row\">\n<div class=\"col-12 col-md\">\n<p>MATEUR VOYEUR participe \u00e0 un de mes shooting de photo hot comme si tu \u00e9tais pr\u00e9sent. Tu vas adorer car comme d&rsquo;habitude la s\u00e9ance photo a fini en baise torride avec une fuck machine et mon photographe.<\/p>\n<p><a href=\"https:\/\/www.manyvids.com\/Video\/2594713\/Red-fucking-sex-machine-%E2%84%A2%C2%A5-special-voyeur\/\" target=\"_blank\" rel=\"noopener\">VOIR LE TEASER SUR MANYVIDS<\/a><\/p>\n<\/div>\n<\/div>\n<p><strong>Dur\u00e9e : 18 minutes ou une bonne salope se fait d\u00e9foncer par une fuck machine<br \/>\n<\/strong><\/p>\n<p>&nbsp;<\/p>\n","protected":false},"featured_media":43714,"comment_status":"open","ping_status":"closed","template":"","meta":{"ub_ctt_via":""},"product_cat":[53],"product_tag":[162,52],"yoast_head":"<!-- This site is optimized with the Yoast SEO plugin v22.0 - https:\/\/yoast.com\/wordpress\/plugins\/seo\/ -->\n<title>Red fucking sex machine - sp\u00e9cial voyeur<\/title>\n<meta name=\"description\" content=\"MATEUR VOYEUR participe \u00e0 un de mes shooting de photo hot comme si tu \u00e9tais pr\u00e9sent. Tu vas adorer car comme d&#039;habitude la s\u00e9ance photo a fini en baise torride avec une fuck machine et mon photographe.  VOIR LE TEASER SUR MANYVIDS    Dur\u00e9e : 18 minutes ou une bonne salope se fait d\u00e9foncer par une fuck machine   &nbsp;\" \/>\n<meta name=\"robots\" content=\"index, follow, max-snippet:-1, max-image-preview:large, max-video-preview:-1\" \/>\n<link rel=\"canonical\" href=\"https:\/\/charlie-liveshow.com\/Tentation-erotique\/produit\/red-fucking-sex-machine\/\" \/>\n<meta property=\"og:locale\" content=\"fr_FR\" \/>\n<meta property=\"og:type\" content=\"article\" \/>\n<meta property=\"og:title\" content=\"Red fucking sex machine - sp\u00e9cial voyeur\" \/>\n<meta property=\"og:description\" content=\"MATEUR VOYEUR participe \u00e0 un de mes shooting de photo hot comme si tu \u00e9tais pr\u00e9sent. Tu vas adorer car comme d&#039;habitude la s\u00e9ance photo a fini en baise torride avec une fuck machine et mon photographe.  VOIR LE TEASER SUR MANYVIDS    Dur\u00e9e : 18 minutes ou une bonne salope se fait d\u00e9foncer par une fuck machine   &nbsp;\" \/>\n<meta property=\"og:url\" content=\"https:\/\/charlie-liveshow.com\/Tentation-erotique\/produit\/red-fucking-sex-machine\/\" \/>\n<meta property=\"og:site_name\" content=\"TENTATIONS \u00c9ROTIQUES par Charlie Liveshow\" \/>\n<meta property=\"article:publisher\" content=\"https:\/\/www.facebook.com\/charlielivetantra\" \/>\n<meta property=\"article:modified_time\" content=\"2021-03-08T18:01:43+00:00\" \/>\n<meta property=\"og:image\" content=\"https:\/\/charlie-liveshow.com\/Tentation-erotique\/wp-content\/uploads\/2021\/03\/red-fucking-sex-machine_1024.jpg\" \/>\n\t<meta property=\"og:image:width\" content=\"1024\" \/>\n\t<meta property=\"og:image:height\" content=\"678\" \/>\n\t<meta property=\"og:image:type\" content=\"image\/jpeg\" \/>\n<meta name=\"twitter:card\" content=\"summary_large_image\" \/>\n<meta name=\"twitter:site\" content=\"@Charlieliveshow\" \/>\n<meta name=\"twitter:label1\" content=\"Dur\u00e9e de lecture estim\u00e9e\" \/>\n\t<meta name=\"twitter:data1\" content=\"1 minute\" \/>\n<script type=\"application\/ld+json\" class=\"yoast-schema-graph\">{\"@context\":\"https:\/\/schema.org\",\"@graph\":[{\"@type\":\"WebPage\",\"@id\":\"https:\/\/charlie-liveshow.com\/Tentation-erotique\/produit\/red-fucking-sex-machine\/\",\"url\":\"https:\/\/charlie-liveshow.com\/Tentation-erotique\/produit\/red-fucking-sex-machine\/\",\"name\":\"Red fucking sex machine - sp\u00e9cial voyeur\",\"isPartOf\":{\"@id\":\"https:\/\/charlie-liveshow.com\/Tentation-erotique\/#website\"},\"datePublished\":\"2021-03-08T16:37:53+00:00\",\"dateModified\":\"2021-03-08T18:01:43+00:00\",\"description\":\"MATEUR VOYEUR participe \u00e0 un de mes shooting de photo hot comme si tu \u00e9tais pr\u00e9sent. Tu vas adorer car comme d'habitude la s\u00e9ance photo a fini en baise torride avec une fuck machine et mon photographe. VOIR LE TEASER SUR MANYVIDS Dur\u00e9e : 18 minutes ou une bonne salope se fait d\u00e9foncer par une fuck machine &nbsp;\",\"breadcrumb\":{\"@id\":\"https:\/\/charlie-liveshow.com\/Tentation-erotique\/produit\/red-fucking-sex-machine\/#breadcrumb\"},\"inLanguage\":\"fr-FR\",\"potentialAction\":[{\"@type\":\"ReadAction\",\"target\":[\"https:\/\/charlie-liveshow.com\/Tentation-erotique\/produit\/red-fucking-sex-machine\/\"]}]},{\"@type\":\"BreadcrumbList\",\"@id\":\"https:\/\/charlie-liveshow.com\/Tentation-erotique\/produit\/red-fucking-sex-machine\/#breadcrumb\",\"itemListElement\":[{\"@type\":\"ListItem\",\"position\":1,\"name\":\"Charlie r\u00e9veille vos sens\",\"item\":\"https:\/\/charlie-liveshow.com\/Tentation-erotique\/page-d-accueil-commerce\/\"},{\"@type\":\"ListItem\",\"position\":2,\"name\":\"Vid\u00e9os xXx\",\"item\":\"https:\/\/charlie-liveshow.com\/Tentation-erotique\/categorie-produit\/videos-x-amateur-charlie\/\"},{\"@type\":\"ListItem\",\"position\":3,\"name\":\"Red fucking sex machine &#8211; sp\u00e9cial voyeur\"}]},{\"@type\":\"WebSite\",\"@id\":\"https:\/\/charlie-liveshow.com\/Tentation-erotique\/#website\",\"url\":\"https:\/\/charlie-liveshow.com\/Tentation-erotique\/\",\"name\":\"TENTATIONS \u00c9ROTIQUES par Charlie Liveshow\",\"description\":\"Eveillez vous \u00e0 l&#039;\u00e9rotisme\",\"publisher\":{\"@id\":\"https:\/\/charlie-liveshow.com\/Tentation-erotique\/#organization\"},\"potentialAction\":[{\"@type\":\"SearchAction\",\"target\":{\"@type\":\"EntryPoint\",\"urlTemplate\":\"https:\/\/charlie-liveshow.com\/Tentation-erotique\/?s={search_term_string}\"},\"query-input\":\"required name=search_term_string\"}],\"inLanguage\":\"fr-FR\"},{\"@type\":\"Organization\",\"@id\":\"https:\/\/charlie-liveshow.com\/Tentation-erotique\/#organization\",\"name\":\"charlie-liveshow\",\"url\":\"https:\/\/charlie-liveshow.com\/Tentation-erotique\/\",\"logo\":{\"@type\":\"ImageObject\",\"inLanguage\":\"fr-FR\",\"@id\":\"https:\/\/charlie-liveshow.com\/Tentation-erotique\/#\/schema\/logo\/image\/\",\"url\":\"https:\/\/charlie-liveshow.com\/Tentation-erotique\/wp-content\/uploads\/2013\/05\/Charlie_folies_logo.png\",\"contentUrl\":\"https:\/\/charlie-liveshow.com\/Tentation-erotique\/wp-content\/uploads\/2013\/05\/Charlie_folies_logo.png\",\"width\":210,\"height\":206,\"caption\":\"charlie-liveshow\"},\"image\":{\"@id\":\"https:\/\/charlie-liveshow.com\/Tentation-erotique\/#\/schema\/logo\/image\/\"},\"sameAs\":[\"https:\/\/www.facebook.com\/charlielivetantra\",\"https:\/\/twitter.com\/Charlieliveshow\",\"https:\/\/www.instagram.com\/charlie_liveshow\/\",\"https:\/\/www.youtube.com\/CharlieTantra\"]}]}<\/script>\n<!-- \/ Yoast SEO plugin. -->","yoast_head_json":{"title":"Red fucking sex machine - sp\u00e9cial voyeur","description":"MATEUR VOYEUR participe \u00e0 un de mes shooting de photo hot comme si tu \u00e9tais pr\u00e9sent. Tu vas adorer car comme d'habitude la s\u00e9ance photo a fini en baise torride avec une fuck machine et mon photographe.  VOIR LE TEASER SUR MANYVIDS    Dur\u00e9e : 18 minutes ou une bonne salope se fait d\u00e9foncer par une fuck machine   &nbsp;","robots":{"index":"index","follow":"follow","max-snippet":"max-snippet:-1","max-image-preview":"max-image-preview:large","max-video-preview":"max-video-preview:-1"},"canonical":"https:\/\/charlie-liveshow.com\/Tentation-erotique\/produit\/red-fucking-sex-machine\/","og_locale":"fr_FR","og_type":"article","og_title":"Red fucking sex machine - sp\u00e9cial voyeur","og_description":"MATEUR VOYEUR participe \u00e0 un de mes shooting de photo hot comme si tu \u00e9tais pr\u00e9sent. Tu vas adorer car comme d'habitude la s\u00e9ance photo a fini en baise torride avec une fuck machine et mon photographe.  VOIR LE TEASER SUR MANYVIDS    Dur\u00e9e : 18 minutes ou une bonne salope se fait d\u00e9foncer par une fuck machine   &nbsp;","og_url":"https:\/\/charlie-liveshow.com\/Tentation-erotique\/produit\/red-fucking-sex-machine\/","og_site_name":"TENTATIONS \u00c9ROTIQUES par Charlie Liveshow","article_publisher":"https:\/\/www.facebook.com\/charlielivetantra","article_modified_time":"2021-03-08T18:01:43+00:00","og_image":[{"width":1024,"height":678,"url":"https:\/\/charlie-liveshow.com\/Tentation-erotique\/wp-content\/uploads\/2021\/03\/red-fucking-sex-machine_1024.jpg","type":"image\/jpeg"}],"twitter_card":"summary_large_image","twitter_site":"@Charlieliveshow","twitter_misc":{"Dur\u00e9e de lecture estim\u00e9e":"1 minute"},"schema":{"@context":"https:\/\/schema.org","@graph":[{"@type":"WebPage","@id":"https:\/\/charlie-liveshow.com\/Tentation-erotique\/produit\/red-fucking-sex-machine\/","url":"https:\/\/charlie-liveshow.com\/Tentation-erotique\/produit\/red-fucking-sex-machine\/","name":"Red fucking sex machine - sp\u00e9cial voyeur","isPartOf":{"@id":"https:\/\/charlie-liveshow.com\/Tentation-erotique\/#website"},"datePublished":"2021-03-08T16:37:53+00:00","dateModified":"2021-03-08T18:01:43+00:00","description":"MATEUR VOYEUR participe \u00e0 un de mes shooting de photo hot comme si tu \u00e9tais pr\u00e9sent. Tu vas adorer car comme d'habitude la s\u00e9ance photo a fini en baise torride avec une fuck machine et mon photographe. VOIR LE TEASER SUR MANYVIDS Dur\u00e9e : 18 minutes ou une bonne salope se fait d\u00e9foncer par une fuck machine &nbsp;","breadcrumb":{"@id":"https:\/\/charlie-liveshow.com\/Tentation-erotique\/produit\/red-fucking-sex-machine\/#breadcrumb"},"inLanguage":"fr-FR","potentialAction":[{"@type":"ReadAction","target":["https:\/\/charlie-liveshow.com\/Tentation-erotique\/produit\/red-fucking-sex-machine\/"]}]},{"@type":"BreadcrumbList","@id":"https:\/\/charlie-liveshow.com\/Tentation-erotique\/produit\/red-fucking-sex-machine\/#breadcrumb","itemListElement":[{"@type":"ListItem","position":1,"name":"Charlie r\u00e9veille vos sens","item":"https:\/\/charlie-liveshow.com\/Tentation-erotique\/page-d-accueil-commerce\/"},{"@type":"ListItem","position":2,"name":"Vid\u00e9os xXx","item":"https:\/\/charlie-liveshow.com\/Tentation-erotique\/categorie-produit\/videos-x-amateur-charlie\/"},{"@type":"ListItem","position":3,"name":"Red fucking sex machine &#8211; sp\u00e9cial voyeur"}]},{"@type":"WebSite","@id":"https:\/\/charlie-liveshow.com\/Tentation-erotique\/#website","url":"https:\/\/charlie-liveshow.com\/Tentation-erotique\/","name":"TENTATIONS \u00c9ROTIQUES par Charlie Liveshow","description":"Eveillez vous \u00e0 l&#039;\u00e9rotisme","publisher":{"@id":"https:\/\/charlie-liveshow.com\/Tentation-erotique\/#organization"},"potentialAction":[{"@type":"SearchAction","target":{"@type":"EntryPoint","urlTemplate":"https:\/\/charlie-liveshow.com\/Tentation-erotique\/?s={search_term_string}"},"query-input":"required name=search_term_string"}],"inLanguage":"fr-FR"},{"@type":"Organization","@id":"https:\/\/charlie-liveshow.com\/Tentation-erotique\/#organization","name":"charlie-liveshow","url":"https:\/\/charlie-liveshow.com\/Tentation-erotique\/","logo":{"@type":"ImageObject","inLanguage":"fr-FR","@id":"https:\/\/charlie-liveshow.com\/Tentation-erotique\/#\/schema\/logo\/image\/","url":"https:\/\/charlie-liveshow.com\/Tentation-erotique\/wp-content\/uploads\/2013\/05\/Charlie_folies_logo.png","contentUrl":"https:\/\/charlie-liveshow.com\/Tentation-erotique\/wp-content\/uploads\/2013\/05\/Charlie_folies_logo.png","width":210,"height":206,"caption":"charlie-liveshow"},"image":{"@id":"https:\/\/charlie-liveshow.com\/Tentation-erotique\/#\/schema\/logo\/image\/"},"sameAs":["https:\/\/www.facebook.com\/charlielivetantra","https:\/\/twitter.com\/Charlieliveshow","https:\/\/www.instagram.com\/charlie_liveshow\/","https:\/\/www.youtube.com\/CharlieTantra"]}]}},"_links":{"self":[{"href":"https:\/\/charlie-liveshow.com\/Tentation-erotique\/wp-json\/wp\/v2\/product\/43712"}],"collection":[{"href":"https:\/\/charlie-liveshow.com\/Tentation-erotique\/wp-json\/wp\/v2\/product"}],"about":[{"href":"https:\/\/charlie-liveshow.com\/Tentation-erotique\/wp-json\/wp\/v2\/types\/product"}],"replies":[{"embeddable":true,"href":"https:\/\/charlie-liveshow.com\/Tentation-erotique\/wp-json\/wp\/v2\/comments?post=43712"}],"version-history":[{"count":0,"href":"https:\/\/charlie-liveshow.com\/Tentation-erotique\/wp-json\/wp\/v2\/product\/43712\/revisions"}],"wp:featuredmedia":[{"embeddable":true,"href":"https:\/\/charlie-liveshow.com\/Tentation-erotique\/wp-json\/wp\/v2\/media\/43714"}],"wp:attachment":[{"href":"https:\/\/charlie-liveshow.com\/Tentation-erotique\/wp-json\/wp\/v2\/media?parent=43712"}],"wp:term":[{"taxonomy":"product_cat","embeddable":true,"href":"https:\/\/charlie-liveshow.com\/Tentation-erotique\/wp-json\/wp\/v2\/product_cat?post=43712"},{"taxonomy":"product_tag","embeddable":true,"href":"https:\/\/charlie-liveshow.com\/Tentation-erotique\/wp-json\/wp\/v2\/product_tag?post=43712"}],"curies":[{"name":"wp","href":"https:\/\/api.w.org\/{rel}","templated":true}]}}