{"id":43674,"date":"2021-02-28T19:52:41","date_gmt":"2021-02-28T18:52:41","guid":{"rendered":"https:\/\/charlie-liveshow.com\/Tentation-erotique\/?post_type=product&#038;p=43674"},"modified":"2021-02-28T20:31:22","modified_gmt":"2021-02-28T19:31:22","slug":"salope-suce-en-ce-faisant-baiser-pov","status":"publish","type":"product","link":"https:\/\/charlie-liveshow.com\/Tentation-erotique\/produit\/salope-suce-en-ce-faisant-baiser-pov\/","title":{"rendered":"Salope suce en ce faisant baiser &#8211; JOI &#038; POV"},"content":{"rendered":"<div id=\"note\">\n<div class=\"row\">\n<div class=\"col-12 col-md\">\n<h2 class=\"card-title mb-0\">La salope suce en ce faisant baiser &#8211; JOI &amp; POV<\/h2>\n<\/div>\n<\/div>\n<p>Imagine, tu es assis dan ton canap, je suis \u00e0 tes genoux et je te pompe la bite comme une bonne petite chienne ! Je te suce jusqu&rsquo;\u00e0 te faire jouir dans ma bouche pour pouvoir avaler tout ton sperme ! Excitant non ?! Maintenant imagines qu&rsquo;en m\u00eame temps je sois en train de me faire baiser par une belle grosse bite en plus de la tienne ! La \u00e7a devient int\u00e9ressant ! Une vid\u00e9o entre JOI et POV suck &amp; fuck d&rsquo;une de mes pratiques favorites : <strong>\u00eatre bais\u00e9e par deux mecs en m\u00eame temps jusqu&rsquo;\u00e0 les faire \u00e9jaculer dans ma bouche !<\/strong><\/p>\n<p><strong>Retrouve plus de vid\u00e9o sur ma cha\u00eene <\/strong><a href=\"https:\/\/www.modelhub.com\/charlie-liveshow?t=ts\" target=\"_blank\" rel=\"noopener noreferrer\"><strong>PORNHUB.<\/strong><\/a><\/p>\n<h4>Mots-cl\u00e9s de la vid\u00e9o : SUCK FUCK and &#8230; cum !<\/h4>\n<span class=\"su-label su-label-type-important\">POV<\/span> &#8211; <span class=\"su-label su-label-type-success\">BLOWJOB<\/span> &#8211; <span class=\"su-label su-label-type-success\">JOI<\/span> &#8211; <span class=\"su-label su-label-type-info\">POV<\/span> &#8211; <span class=\"su-label su-label-type-info\">FUCK MACHINE<\/span> &#8211; <span class=\"su-label su-label-type-info\">Cum eat<\/span> For (hot) adult only !<\/p>\n<h4>Fiche technique<\/h4>\n<p><strong>Dur\u00e9e : 18 minutes <\/strong>\u00a0| Qualit\u00e9 : 1980 x 1080 px &#8211; <strong>Format : .mp4 | <\/strong>Taille : 612 mo<\/p>\n<p>&nbsp;<\/p>\n<\/div>\n","protected":false},"excerpt":{"rendered":"<div class=\"row\">\n<div class=\"col-12 col-md\">\n<p>Une salope suce en ce faisant baiser. Oui je suis une bonne chienne et j&rsquo;adore \u00e7a ! Dans une vid\u00e9o porn POV \/ JOI je te chauffe droit dans les yeux en pompant une queue jusqu&rsquo;\u00e0 la faire gicler dans ma bouche<\/p>\n<p><a href=\"https:\/\/www.manyvids.com\/Video\/2560396\/10-mecs-se-branlent-autour-de-moi-3\/\" target=\"_blank\" rel=\"noopener\">VOIR LE TEASER SUR MANYVIDS<\/a><\/p>\n<\/div>\n<\/div>\n<p><strong>Dur\u00e9e : 18 minutes ou une bonne salope suce en ce faisant baiser<br \/>\n<\/strong><\/p>\n<p>&nbsp;<\/p>\n","protected":false},"featured_media":43681,"comment_status":"open","ping_status":"closed","template":"","meta":{"ub_ctt_via":""},"product_cat":[53],"product_tag":[155,165,52,164],"yoast_head":"<!-- This site is optimized with the Yoast SEO plugin v22.0 - https:\/\/yoast.com\/wordpress\/plugins\/seo\/ -->\n<title>Salope suce en ce faisant baiser - JOI &amp; POV<\/title>\n<meta name=\"description\" content=\"Une salope suce en ce faisant baiser. Oui je suis une bonne chienne et j&#039;adore \u00e7a ! Dans une vid\u00e9o porn POV \/ JOI je te chauffe droit dans les yeux en pompant une queue jusqu&#039;\u00e0 la faire gicler dans ma bouche  VOIR LE TEASER SUR MANYVIDS    Dur\u00e9e : 18 minutes ou une bonne salope suce en ce faisant baiser   &nbsp;\" \/>\n<meta name=\"robots\" content=\"index, follow, max-snippet:-1, max-image-preview:large, max-video-preview:-1\" \/>\n<link rel=\"canonical\" href=\"https:\/\/charlie-liveshow.com\/Tentation-erotique\/produit\/salope-suce-en-ce-faisant-baiser-pov\/\" \/>\n<meta property=\"og:locale\" content=\"fr_FR\" \/>\n<meta property=\"og:type\" content=\"article\" \/>\n<meta property=\"og:title\" content=\"Salope suce en ce faisant baiser - JOI &amp; POV\" \/>\n<meta property=\"og:description\" content=\"Une salope suce en ce faisant baiser. Oui je suis une bonne chienne et j&#039;adore \u00e7a ! Dans une vid\u00e9o porn POV \/ JOI je te chauffe droit dans les yeux en pompant une queue jusqu&#039;\u00e0 la faire gicler dans ma bouche  VOIR LE TEASER SUR MANYVIDS    Dur\u00e9e : 18 minutes ou une bonne salope suce en ce faisant baiser   &nbsp;\" \/>\n<meta property=\"og:url\" content=\"https:\/\/charlie-liveshow.com\/Tentation-erotique\/produit\/salope-suce-en-ce-faisant-baiser-pov\/\" \/>\n<meta property=\"og:site_name\" content=\"TENTATIONS \u00c9ROTIQUES par Charlie Liveshow\" \/>\n<meta property=\"article:publisher\" content=\"https:\/\/www.facebook.com\/charlielivetantra\" \/>\n<meta property=\"article:modified_time\" content=\"2021-02-28T19:31:22+00:00\" \/>\n<meta property=\"og:image\" content=\"https:\/\/charlie-liveshow.com\/Tentation-erotique\/wp-content\/uploads\/2021\/02\/Je-te-suce-en-me-faisant-baiser_1024.jpg\" \/>\n\t<meta property=\"og:image:width\" content=\"1024\" \/>\n\t<meta property=\"og:image:height\" content=\"678\" \/>\n\t<meta property=\"og:image:type\" content=\"image\/jpeg\" \/>\n<meta name=\"twitter:card\" content=\"summary_large_image\" \/>\n<meta name=\"twitter:site\" content=\"@Charlieliveshow\" \/>\n<meta name=\"twitter:label1\" content=\"Dur\u00e9e de lecture estim\u00e9e\" \/>\n\t<meta name=\"twitter:data1\" content=\"1 minute\" \/>\n<script type=\"application\/ld+json\" class=\"yoast-schema-graph\">{\"@context\":\"https:\/\/schema.org\",\"@graph\":[{\"@type\":\"WebPage\",\"@id\":\"https:\/\/charlie-liveshow.com\/Tentation-erotique\/produit\/salope-suce-en-ce-faisant-baiser-pov\/\",\"url\":\"https:\/\/charlie-liveshow.com\/Tentation-erotique\/produit\/salope-suce-en-ce-faisant-baiser-pov\/\",\"name\":\"Salope suce en ce faisant baiser - JOI & POV\",\"isPartOf\":{\"@id\":\"https:\/\/charlie-liveshow.com\/Tentation-erotique\/#website\"},\"datePublished\":\"2021-02-28T18:52:41+00:00\",\"dateModified\":\"2021-02-28T19:31:22+00:00\",\"description\":\"Une salope suce en ce faisant baiser. Oui je suis une bonne chienne et j'adore \u00e7a ! Dans une vid\u00e9o porn POV \/ JOI je te chauffe droit dans les yeux en pompant une queue jusqu'\u00e0 la faire gicler dans ma bouche VOIR LE TEASER SUR MANYVIDS Dur\u00e9e : 18 minutes ou une bonne salope suce en ce faisant baiser &nbsp;\",\"breadcrumb\":{\"@id\":\"https:\/\/charlie-liveshow.com\/Tentation-erotique\/produit\/salope-suce-en-ce-faisant-baiser-pov\/#breadcrumb\"},\"inLanguage\":\"fr-FR\",\"potentialAction\":[{\"@type\":\"ReadAction\",\"target\":[\"https:\/\/charlie-liveshow.com\/Tentation-erotique\/produit\/salope-suce-en-ce-faisant-baiser-pov\/\"]}]},{\"@type\":\"BreadcrumbList\",\"@id\":\"https:\/\/charlie-liveshow.com\/Tentation-erotique\/produit\/salope-suce-en-ce-faisant-baiser-pov\/#breadcrumb\",\"itemListElement\":[{\"@type\":\"ListItem\",\"position\":1,\"name\":\"Charlie r\u00e9veille vos sens\",\"item\":\"https:\/\/charlie-liveshow.com\/Tentation-erotique\/page-d-accueil-commerce\/\"},{\"@type\":\"ListItem\",\"position\":2,\"name\":\"Vid\u00e9os xXx\",\"item\":\"https:\/\/charlie-liveshow.com\/Tentation-erotique\/categorie-produit\/videos-x-amateur-charlie\/\"},{\"@type\":\"ListItem\",\"position\":3,\"name\":\"Salope suce en ce faisant baiser &#8211; JOI &#038; POV\"}]},{\"@type\":\"WebSite\",\"@id\":\"https:\/\/charlie-liveshow.com\/Tentation-erotique\/#website\",\"url\":\"https:\/\/charlie-liveshow.com\/Tentation-erotique\/\",\"name\":\"TENTATIONS \u00c9ROTIQUES par Charlie Liveshow\",\"description\":\"Eveillez vous \u00e0 l&#039;\u00e9rotisme\",\"publisher\":{\"@id\":\"https:\/\/charlie-liveshow.com\/Tentation-erotique\/#organization\"},\"potentialAction\":[{\"@type\":\"SearchAction\",\"target\":{\"@type\":\"EntryPoint\",\"urlTemplate\":\"https:\/\/charlie-liveshow.com\/Tentation-erotique\/?s={search_term_string}\"},\"query-input\":\"required name=search_term_string\"}],\"inLanguage\":\"fr-FR\"},{\"@type\":\"Organization\",\"@id\":\"https:\/\/charlie-liveshow.com\/Tentation-erotique\/#organization\",\"name\":\"charlie-liveshow\",\"url\":\"https:\/\/charlie-liveshow.com\/Tentation-erotique\/\",\"logo\":{\"@type\":\"ImageObject\",\"inLanguage\":\"fr-FR\",\"@id\":\"https:\/\/charlie-liveshow.com\/Tentation-erotique\/#\/schema\/logo\/image\/\",\"url\":\"https:\/\/charlie-liveshow.com\/Tentation-erotique\/wp-content\/uploads\/2013\/05\/Charlie_folies_logo.png\",\"contentUrl\":\"https:\/\/charlie-liveshow.com\/Tentation-erotique\/wp-content\/uploads\/2013\/05\/Charlie_folies_logo.png\",\"width\":210,\"height\":206,\"caption\":\"charlie-liveshow\"},\"image\":{\"@id\":\"https:\/\/charlie-liveshow.com\/Tentation-erotique\/#\/schema\/logo\/image\/\"},\"sameAs\":[\"https:\/\/www.facebook.com\/charlielivetantra\",\"https:\/\/twitter.com\/Charlieliveshow\",\"https:\/\/www.instagram.com\/charlie_liveshow\/\",\"https:\/\/www.youtube.com\/CharlieTantra\"]}]}<\/script>\n<!-- \/ Yoast SEO plugin. -->","yoast_head_json":{"title":"Salope suce en ce faisant baiser - JOI & POV","description":"Une salope suce en ce faisant baiser. Oui je suis une bonne chienne et j'adore \u00e7a ! Dans une vid\u00e9o porn POV \/ JOI je te chauffe droit dans les yeux en pompant une queue jusqu'\u00e0 la faire gicler dans ma bouche  VOIR LE TEASER SUR MANYVIDS    Dur\u00e9e : 18 minutes ou une bonne salope suce en ce faisant baiser   &nbsp;","robots":{"index":"index","follow":"follow","max-snippet":"max-snippet:-1","max-image-preview":"max-image-preview:large","max-video-preview":"max-video-preview:-1"},"canonical":"https:\/\/charlie-liveshow.com\/Tentation-erotique\/produit\/salope-suce-en-ce-faisant-baiser-pov\/","og_locale":"fr_FR","og_type":"article","og_title":"Salope suce en ce faisant baiser - JOI & POV","og_description":"Une salope suce en ce faisant baiser. Oui je suis une bonne chienne et j'adore \u00e7a ! Dans une vid\u00e9o porn POV \/ JOI je te chauffe droit dans les yeux en pompant une queue jusqu'\u00e0 la faire gicler dans ma bouche  VOIR LE TEASER SUR MANYVIDS    Dur\u00e9e : 18 minutes ou une bonne salope suce en ce faisant baiser   &nbsp;","og_url":"https:\/\/charlie-liveshow.com\/Tentation-erotique\/produit\/salope-suce-en-ce-faisant-baiser-pov\/","og_site_name":"TENTATIONS \u00c9ROTIQUES par Charlie Liveshow","article_publisher":"https:\/\/www.facebook.com\/charlielivetantra","article_modified_time":"2021-02-28T19:31:22+00:00","og_image":[{"width":1024,"height":678,"url":"https:\/\/charlie-liveshow.com\/Tentation-erotique\/wp-content\/uploads\/2021\/02\/Je-te-suce-en-me-faisant-baiser_1024.jpg","type":"image\/jpeg"}],"twitter_card":"summary_large_image","twitter_site":"@Charlieliveshow","twitter_misc":{"Dur\u00e9e de lecture estim\u00e9e":"1 minute"},"schema":{"@context":"https:\/\/schema.org","@graph":[{"@type":"WebPage","@id":"https:\/\/charlie-liveshow.com\/Tentation-erotique\/produit\/salope-suce-en-ce-faisant-baiser-pov\/","url":"https:\/\/charlie-liveshow.com\/Tentation-erotique\/produit\/salope-suce-en-ce-faisant-baiser-pov\/","name":"Salope suce en ce faisant baiser - JOI & POV","isPartOf":{"@id":"https:\/\/charlie-liveshow.com\/Tentation-erotique\/#website"},"datePublished":"2021-02-28T18:52:41+00:00","dateModified":"2021-02-28T19:31:22+00:00","description":"Une salope suce en ce faisant baiser. Oui je suis une bonne chienne et j'adore \u00e7a ! Dans une vid\u00e9o porn POV \/ JOI je te chauffe droit dans les yeux en pompant une queue jusqu'\u00e0 la faire gicler dans ma bouche VOIR LE TEASER SUR MANYVIDS Dur\u00e9e : 18 minutes ou une bonne salope suce en ce faisant baiser &nbsp;","breadcrumb":{"@id":"https:\/\/charlie-liveshow.com\/Tentation-erotique\/produit\/salope-suce-en-ce-faisant-baiser-pov\/#breadcrumb"},"inLanguage":"fr-FR","potentialAction":[{"@type":"ReadAction","target":["https:\/\/charlie-liveshow.com\/Tentation-erotique\/produit\/salope-suce-en-ce-faisant-baiser-pov\/"]}]},{"@type":"BreadcrumbList","@id":"https:\/\/charlie-liveshow.com\/Tentation-erotique\/produit\/salope-suce-en-ce-faisant-baiser-pov\/#breadcrumb","itemListElement":[{"@type":"ListItem","position":1,"name":"Charlie r\u00e9veille vos sens","item":"https:\/\/charlie-liveshow.com\/Tentation-erotique\/page-d-accueil-commerce\/"},{"@type":"ListItem","position":2,"name":"Vid\u00e9os xXx","item":"https:\/\/charlie-liveshow.com\/Tentation-erotique\/categorie-produit\/videos-x-amateur-charlie\/"},{"@type":"ListItem","position":3,"name":"Salope suce en ce faisant baiser &#8211; JOI &#038; POV"}]},{"@type":"WebSite","@id":"https:\/\/charlie-liveshow.com\/Tentation-erotique\/#website","url":"https:\/\/charlie-liveshow.com\/Tentation-erotique\/","name":"TENTATIONS \u00c9ROTIQUES par Charlie Liveshow","description":"Eveillez vous \u00e0 l&#039;\u00e9rotisme","publisher":{"@id":"https:\/\/charlie-liveshow.com\/Tentation-erotique\/#organization"},"potentialAction":[{"@type":"SearchAction","target":{"@type":"EntryPoint","urlTemplate":"https:\/\/charlie-liveshow.com\/Tentation-erotique\/?s={search_term_string}"},"query-input":"required name=search_term_string"}],"inLanguage":"fr-FR"},{"@type":"Organization","@id":"https:\/\/charlie-liveshow.com\/Tentation-erotique\/#organization","name":"charlie-liveshow","url":"https:\/\/charlie-liveshow.com\/Tentation-erotique\/","logo":{"@type":"ImageObject","inLanguage":"fr-FR","@id":"https:\/\/charlie-liveshow.com\/Tentation-erotique\/#\/schema\/logo\/image\/","url":"https:\/\/charlie-liveshow.com\/Tentation-erotique\/wp-content\/uploads\/2013\/05\/Charlie_folies_logo.png","contentUrl":"https:\/\/charlie-liveshow.com\/Tentation-erotique\/wp-content\/uploads\/2013\/05\/Charlie_folies_logo.png","width":210,"height":206,"caption":"charlie-liveshow"},"image":{"@id":"https:\/\/charlie-liveshow.com\/Tentation-erotique\/#\/schema\/logo\/image\/"},"sameAs":["https:\/\/www.facebook.com\/charlielivetantra","https:\/\/twitter.com\/Charlieliveshow","https:\/\/www.instagram.com\/charlie_liveshow\/","https:\/\/www.youtube.com\/CharlieTantra"]}]}},"_links":{"self":[{"href":"https:\/\/charlie-liveshow.com\/Tentation-erotique\/wp-json\/wp\/v2\/product\/43674"}],"collection":[{"href":"https:\/\/charlie-liveshow.com\/Tentation-erotique\/wp-json\/wp\/v2\/product"}],"about":[{"href":"https:\/\/charlie-liveshow.com\/Tentation-erotique\/wp-json\/wp\/v2\/types\/product"}],"replies":[{"embeddable":true,"href":"https:\/\/charlie-liveshow.com\/Tentation-erotique\/wp-json\/wp\/v2\/comments?post=43674"}],"version-history":[{"count":0,"href":"https:\/\/charlie-liveshow.com\/Tentation-erotique\/wp-json\/wp\/v2\/product\/43674\/revisions"}],"wp:featuredmedia":[{"embeddable":true,"href":"https:\/\/charlie-liveshow.com\/Tentation-erotique\/wp-json\/wp\/v2\/media\/43681"}],"wp:attachment":[{"href":"https:\/\/charlie-liveshow.com\/Tentation-erotique\/wp-json\/wp\/v2\/media?parent=43674"}],"wp:term":[{"taxonomy":"product_cat","embeddable":true,"href":"https:\/\/charlie-liveshow.com\/Tentation-erotique\/wp-json\/wp\/v2\/product_cat?post=43674"},{"taxonomy":"product_tag","embeddable":true,"href":"https:\/\/charlie-liveshow.com\/Tentation-erotique\/wp-json\/wp\/v2\/product_tag?post=43674"}],"curies":[{"name":"wp","href":"https:\/\/api.w.org\/{rel}","templated":true}]}}