{"id":43418,"date":"2021-01-25T10:45:01","date_gmt":"2021-01-25T09:45:01","guid":{"rendered":"https:\/\/charlie-liveshow.com\/Tentation-erotique\/?post_type=product&#038;p=43418"},"modified":"2021-02-16T13:26:30","modified_gmt":"2021-02-16T12:26:30","slug":"soumise-a-tous-tes-fantasmes","status":"publish","type":"product","link":"https:\/\/charlie-liveshow.com\/Tentation-erotique\/produit\/soumise-a-tous-tes-fantasmes\/","title":{"rendered":"SOUMISE \u00e0 tous tes fantasmes- ANAL &#8211; BDSM 2"},"content":{"rendered":"<div id=\"note\">\n<div class=\"row\">\n<div class=\"col-12 col-md\">\n<h2 class=\"card-title mb-0\">SOUMISE \u00e0 tous tes fantasmes<\/h2>\n<\/div>\n<\/div>\n<p>La soumission j&rsquo;ai du mal mais j&rsquo;adore \u00e7a ! Une fois contrainte tu peux tout me faire ! Je reste \u00e0 levrette le cul grand ouvert quand tu me fais couler de la cire chaude dessus, ma chatte tremp\u00e9e esp\u00e9rant une bite, un \u00e9norme gode ou peut \u00eatre les deux, en m\u00eame temps ! Alors amuses toi avec moi, baise ta petite chienne et profite de cet \u00e9norme cul qui n&rsquo;attend qu&rsquo;une chose \u00eatre caress\u00e9, fess\u00e9 et surtout bien bourr\u00e9 !<\/p>\n<p><strong>Retrouve plus de vid\u00e9o sur ma cha\u00eene <\/strong><a href=\"https:\/\/www.modelhub.com\/charlie-liveshow?t=ts\" target=\"_blank\" rel=\"noopener noreferrer\"><strong>PORNHUB.<\/strong><\/a><\/p>\n<h4>Mots-cl\u00e9s de la vid\u00e9o : SOUMISE \u00e0 tous tes caprices<\/h4>\n<span class=\"su-label su-label-type-important\">BDSM<\/span> &#8211; <span class=\"su-label su-label-type-success\">CIRE<\/span> &#8211; <span class=\"su-label su-label-type-success\">ASS<\/span> &#8211; <span class=\"su-label su-label-type-info\">INTENSE<\/span> &#8211; <span class=\"su-label su-label-type-info\">amateur<\/span> &#8211; <span class=\"su-label su-label-type-info\">Anal<\/span> For (hot) adult only !<\/p>\n<h4>Fiche technique<\/h4>\n<p><strong>Dur\u00e9e : 14.30 minutes <\/strong>\u00a0| Qualit\u00e9 : 1980 x 1080 px &#8211; <strong>Format : .mp4 | <\/strong>Taille : 510mo<\/p>\n<p>&nbsp;<\/p>\n<\/div>\n","protected":false},"excerpt":{"rendered":"<div class=\"row\">\n<div class=\"col-12 col-md\">\n<p>La soumission j&rsquo;ai du mal mais j&rsquo;adore \u00e7a ! Une fois contrainte tu peux tout me faire ! Je reste \u00e0 levrette le cul grand ouvert quand tu me fais couler de la cire chaude dessus, ma chatte tremp\u00e9e esp\u00e9rant une bite&#8230;<\/p>\n<p><a href=\"https:\/\/www.manyvids.com\/Video\/2518094\/SOUMISE-a-tous-tes-desirs\/\" target=\"_blank\" rel=\"noopener\">VOIR LE TEASER SUR MANYVIDS<\/a><\/p>\n<\/div>\n<\/div>\n<p><strong>Dur\u00e9e : 20 minutes de soumission \u00e0 tous tes caprices<br \/>\n<\/strong><\/p>\n<p>&nbsp;<\/p>\n","protected":false},"featured_media":43420,"comment_status":"open","ping_status":"closed","template":"","meta":{"ub_ctt_via":""},"product_cat":[53],"product_tag":[169,43,54,155],"yoast_head":"<!-- This site is optimized with the Yoast SEO plugin v22.0 - https:\/\/yoast.com\/wordpress\/plugins\/seo\/ -->\n<title>SOUMISE \u00e0 tous tes fantasmes- ANAL - BDSM 2<\/title>\n<meta name=\"description\" content=\"SOUMISE \u00e0 tous tes fantasmes -VIDEO PORN - La soumission j&#039;ai du mal et pourtant j&#039;adore \u00e7a ! Une fois contrainte tu peux tout me faire !\" \/>\n<meta name=\"robots\" content=\"index, follow, max-snippet:-1, max-image-preview:large, max-video-preview:-1\" \/>\n<link rel=\"canonical\" href=\"https:\/\/charlie-liveshow.com\/Tentation-erotique\/produit\/soumise-a-tous-tes-fantasmes\/\" \/>\n<meta property=\"og:locale\" content=\"fr_FR\" \/>\n<meta property=\"og:type\" content=\"article\" \/>\n<meta property=\"og:title\" content=\"SOUMISE \u00e0 tous tes fantasmes- ANAL - BDSM 2\" \/>\n<meta property=\"og:description\" content=\"SOUMISE \u00e0 tous tes fantasmes -VIDEO PORN - La soumission j&#039;ai du mal et pourtant j&#039;adore \u00e7a ! Une fois contrainte tu peux tout me faire !\" \/>\n<meta property=\"og:url\" content=\"https:\/\/charlie-liveshow.com\/Tentation-erotique\/produit\/soumise-a-tous-tes-fantasmes\/\" \/>\n<meta property=\"og:site_name\" content=\"TENTATIONS \u00c9ROTIQUES par Charlie Liveshow\" \/>\n<meta property=\"article:publisher\" content=\"https:\/\/www.facebook.com\/charlielivetantra\" \/>\n<meta property=\"article:modified_time\" content=\"2021-02-16T12:26:30+00:00\" \/>\n<meta property=\"og:image\" content=\"https:\/\/charlie-liveshow.com\/Tentation-erotique\/wp-content\/uploads\/2021\/01\/soumission-fuck_1024.jpg\" \/>\n\t<meta property=\"og:image:width\" content=\"1024\" \/>\n\t<meta property=\"og:image:height\" content=\"678\" \/>\n\t<meta property=\"og:image:type\" content=\"image\/jpeg\" \/>\n<meta name=\"twitter:card\" content=\"summary_large_image\" \/>\n<meta name=\"twitter:site\" content=\"@Charlieliveshow\" \/>\n<meta name=\"twitter:label1\" content=\"Dur\u00e9e de lecture estim\u00e9e\" \/>\n\t<meta name=\"twitter:data1\" content=\"1 minute\" \/>\n<script type=\"application\/ld+json\" class=\"yoast-schema-graph\">{\"@context\":\"https:\/\/schema.org\",\"@graph\":[{\"@type\":\"WebPage\",\"@id\":\"https:\/\/charlie-liveshow.com\/Tentation-erotique\/produit\/soumise-a-tous-tes-fantasmes\/\",\"url\":\"https:\/\/charlie-liveshow.com\/Tentation-erotique\/produit\/soumise-a-tous-tes-fantasmes\/\",\"name\":\"SOUMISE \u00e0 tous tes fantasmes- ANAL - BDSM 2\",\"isPartOf\":{\"@id\":\"https:\/\/charlie-liveshow.com\/Tentation-erotique\/#website\"},\"datePublished\":\"2021-01-25T09:45:01+00:00\",\"dateModified\":\"2021-02-16T12:26:30+00:00\",\"description\":\"SOUMISE \u00e0 tous tes fantasmes -VIDEO PORN - La soumission j'ai du mal et pourtant j'adore \u00e7a ! Une fois contrainte tu peux tout me faire !\",\"breadcrumb\":{\"@id\":\"https:\/\/charlie-liveshow.com\/Tentation-erotique\/produit\/soumise-a-tous-tes-fantasmes\/#breadcrumb\"},\"inLanguage\":\"fr-FR\",\"potentialAction\":[{\"@type\":\"ReadAction\",\"target\":[\"https:\/\/charlie-liveshow.com\/Tentation-erotique\/produit\/soumise-a-tous-tes-fantasmes\/\"]}]},{\"@type\":\"BreadcrumbList\",\"@id\":\"https:\/\/charlie-liveshow.com\/Tentation-erotique\/produit\/soumise-a-tous-tes-fantasmes\/#breadcrumb\",\"itemListElement\":[{\"@type\":\"ListItem\",\"position\":1,\"name\":\"Charlie r\u00e9veille vos sens\",\"item\":\"https:\/\/charlie-liveshow.com\/Tentation-erotique\/page-d-accueil-commerce\/\"},{\"@type\":\"ListItem\",\"position\":2,\"name\":\"Vid\u00e9os xXx\",\"item\":\"https:\/\/charlie-liveshow.com\/Tentation-erotique\/categorie-produit\/videos-x-amateur-charlie\/\"},{\"@type\":\"ListItem\",\"position\":3,\"name\":\"SOUMISE \u00e0 tous tes fantasmes- ANAL &#8211; BDSM 2\"}]},{\"@type\":\"WebSite\",\"@id\":\"https:\/\/charlie-liveshow.com\/Tentation-erotique\/#website\",\"url\":\"https:\/\/charlie-liveshow.com\/Tentation-erotique\/\",\"name\":\"TENTATIONS \u00c9ROTIQUES par Charlie Liveshow\",\"description\":\"Eveillez vous \u00e0 l&#039;\u00e9rotisme\",\"publisher\":{\"@id\":\"https:\/\/charlie-liveshow.com\/Tentation-erotique\/#organization\"},\"potentialAction\":[{\"@type\":\"SearchAction\",\"target\":{\"@type\":\"EntryPoint\",\"urlTemplate\":\"https:\/\/charlie-liveshow.com\/Tentation-erotique\/?s={search_term_string}\"},\"query-input\":\"required name=search_term_string\"}],\"inLanguage\":\"fr-FR\"},{\"@type\":\"Organization\",\"@id\":\"https:\/\/charlie-liveshow.com\/Tentation-erotique\/#organization\",\"name\":\"charlie-liveshow\",\"url\":\"https:\/\/charlie-liveshow.com\/Tentation-erotique\/\",\"logo\":{\"@type\":\"ImageObject\",\"inLanguage\":\"fr-FR\",\"@id\":\"https:\/\/charlie-liveshow.com\/Tentation-erotique\/#\/schema\/logo\/image\/\",\"url\":\"https:\/\/charlie-liveshow.com\/Tentation-erotique\/wp-content\/uploads\/2013\/05\/Charlie_folies_logo.png\",\"contentUrl\":\"https:\/\/charlie-liveshow.com\/Tentation-erotique\/wp-content\/uploads\/2013\/05\/Charlie_folies_logo.png\",\"width\":210,\"height\":206,\"caption\":\"charlie-liveshow\"},\"image\":{\"@id\":\"https:\/\/charlie-liveshow.com\/Tentation-erotique\/#\/schema\/logo\/image\/\"},\"sameAs\":[\"https:\/\/www.facebook.com\/charlielivetantra\",\"https:\/\/twitter.com\/Charlieliveshow\",\"https:\/\/www.instagram.com\/charlie_liveshow\/\",\"https:\/\/www.youtube.com\/CharlieTantra\"]}]}<\/script>\n<!-- \/ Yoast SEO plugin. -->","yoast_head_json":{"title":"SOUMISE \u00e0 tous tes fantasmes- ANAL - BDSM 2","description":"SOUMISE \u00e0 tous tes fantasmes -VIDEO PORN - La soumission j'ai du mal et pourtant j'adore \u00e7a ! Une fois contrainte tu peux tout me faire !","robots":{"index":"index","follow":"follow","max-snippet":"max-snippet:-1","max-image-preview":"max-image-preview:large","max-video-preview":"max-video-preview:-1"},"canonical":"https:\/\/charlie-liveshow.com\/Tentation-erotique\/produit\/soumise-a-tous-tes-fantasmes\/","og_locale":"fr_FR","og_type":"article","og_title":"SOUMISE \u00e0 tous tes fantasmes- ANAL - BDSM 2","og_description":"SOUMISE \u00e0 tous tes fantasmes -VIDEO PORN - La soumission j'ai du mal et pourtant j'adore \u00e7a ! Une fois contrainte tu peux tout me faire !","og_url":"https:\/\/charlie-liveshow.com\/Tentation-erotique\/produit\/soumise-a-tous-tes-fantasmes\/","og_site_name":"TENTATIONS \u00c9ROTIQUES par Charlie Liveshow","article_publisher":"https:\/\/www.facebook.com\/charlielivetantra","article_modified_time":"2021-02-16T12:26:30+00:00","og_image":[{"width":1024,"height":678,"url":"https:\/\/charlie-liveshow.com\/Tentation-erotique\/wp-content\/uploads\/2021\/01\/soumission-fuck_1024.jpg","type":"image\/jpeg"}],"twitter_card":"summary_large_image","twitter_site":"@Charlieliveshow","twitter_misc":{"Dur\u00e9e de lecture estim\u00e9e":"1 minute"},"schema":{"@context":"https:\/\/schema.org","@graph":[{"@type":"WebPage","@id":"https:\/\/charlie-liveshow.com\/Tentation-erotique\/produit\/soumise-a-tous-tes-fantasmes\/","url":"https:\/\/charlie-liveshow.com\/Tentation-erotique\/produit\/soumise-a-tous-tes-fantasmes\/","name":"SOUMISE \u00e0 tous tes fantasmes- ANAL - BDSM 2","isPartOf":{"@id":"https:\/\/charlie-liveshow.com\/Tentation-erotique\/#website"},"datePublished":"2021-01-25T09:45:01+00:00","dateModified":"2021-02-16T12:26:30+00:00","description":"SOUMISE \u00e0 tous tes fantasmes -VIDEO PORN - La soumission j'ai du mal et pourtant j'adore \u00e7a ! Une fois contrainte tu peux tout me faire !","breadcrumb":{"@id":"https:\/\/charlie-liveshow.com\/Tentation-erotique\/produit\/soumise-a-tous-tes-fantasmes\/#breadcrumb"},"inLanguage":"fr-FR","potentialAction":[{"@type":"ReadAction","target":["https:\/\/charlie-liveshow.com\/Tentation-erotique\/produit\/soumise-a-tous-tes-fantasmes\/"]}]},{"@type":"BreadcrumbList","@id":"https:\/\/charlie-liveshow.com\/Tentation-erotique\/produit\/soumise-a-tous-tes-fantasmes\/#breadcrumb","itemListElement":[{"@type":"ListItem","position":1,"name":"Charlie r\u00e9veille vos sens","item":"https:\/\/charlie-liveshow.com\/Tentation-erotique\/page-d-accueil-commerce\/"},{"@type":"ListItem","position":2,"name":"Vid\u00e9os xXx","item":"https:\/\/charlie-liveshow.com\/Tentation-erotique\/categorie-produit\/videos-x-amateur-charlie\/"},{"@type":"ListItem","position":3,"name":"SOUMISE \u00e0 tous tes fantasmes- ANAL &#8211; BDSM 2"}]},{"@type":"WebSite","@id":"https:\/\/charlie-liveshow.com\/Tentation-erotique\/#website","url":"https:\/\/charlie-liveshow.com\/Tentation-erotique\/","name":"TENTATIONS \u00c9ROTIQUES par Charlie Liveshow","description":"Eveillez vous \u00e0 l&#039;\u00e9rotisme","publisher":{"@id":"https:\/\/charlie-liveshow.com\/Tentation-erotique\/#organization"},"potentialAction":[{"@type":"SearchAction","target":{"@type":"EntryPoint","urlTemplate":"https:\/\/charlie-liveshow.com\/Tentation-erotique\/?s={search_term_string}"},"query-input":"required name=search_term_string"}],"inLanguage":"fr-FR"},{"@type":"Organization","@id":"https:\/\/charlie-liveshow.com\/Tentation-erotique\/#organization","name":"charlie-liveshow","url":"https:\/\/charlie-liveshow.com\/Tentation-erotique\/","logo":{"@type":"ImageObject","inLanguage":"fr-FR","@id":"https:\/\/charlie-liveshow.com\/Tentation-erotique\/#\/schema\/logo\/image\/","url":"https:\/\/charlie-liveshow.com\/Tentation-erotique\/wp-content\/uploads\/2013\/05\/Charlie_folies_logo.png","contentUrl":"https:\/\/charlie-liveshow.com\/Tentation-erotique\/wp-content\/uploads\/2013\/05\/Charlie_folies_logo.png","width":210,"height":206,"caption":"charlie-liveshow"},"image":{"@id":"https:\/\/charlie-liveshow.com\/Tentation-erotique\/#\/schema\/logo\/image\/"},"sameAs":["https:\/\/www.facebook.com\/charlielivetantra","https:\/\/twitter.com\/Charlieliveshow","https:\/\/www.instagram.com\/charlie_liveshow\/","https:\/\/www.youtube.com\/CharlieTantra"]}]}},"_links":{"self":[{"href":"https:\/\/charlie-liveshow.com\/Tentation-erotique\/wp-json\/wp\/v2\/product\/43418"}],"collection":[{"href":"https:\/\/charlie-liveshow.com\/Tentation-erotique\/wp-json\/wp\/v2\/product"}],"about":[{"href":"https:\/\/charlie-liveshow.com\/Tentation-erotique\/wp-json\/wp\/v2\/types\/product"}],"replies":[{"embeddable":true,"href":"https:\/\/charlie-liveshow.com\/Tentation-erotique\/wp-json\/wp\/v2\/comments?post=43418"}],"version-history":[{"count":0,"href":"https:\/\/charlie-liveshow.com\/Tentation-erotique\/wp-json\/wp\/v2\/product\/43418\/revisions"}],"wp:featuredmedia":[{"embeddable":true,"href":"https:\/\/charlie-liveshow.com\/Tentation-erotique\/wp-json\/wp\/v2\/media\/43420"}],"wp:attachment":[{"href":"https:\/\/charlie-liveshow.com\/Tentation-erotique\/wp-json\/wp\/v2\/media?parent=43418"}],"wp:term":[{"taxonomy":"product_cat","embeddable":true,"href":"https:\/\/charlie-liveshow.com\/Tentation-erotique\/wp-json\/wp\/v2\/product_cat?post=43418"},{"taxonomy":"product_tag","embeddable":true,"href":"https:\/\/charlie-liveshow.com\/Tentation-erotique\/wp-json\/wp\/v2\/product_tag?post=43418"}],"curies":[{"name":"wp","href":"https:\/\/api.w.org\/{rel}","templated":true}]}}