{"id":43293,"date":"2021-01-02T16:53:38","date_gmt":"2021-01-02T15:53:38","guid":{"rendered":"https:\/\/charlie-liveshow.com\/Tentation-erotique\/?post_type=product&#038;p=43293"},"modified":"2021-02-16T13:07:33","modified_gmt":"2021-02-16T12:07:33","slug":"fuck-my-ass-threesome-amateur-video","status":"publish","type":"product","link":"https:\/\/charlie-liveshow.com\/Tentation-erotique\/produit\/fuck-my-ass-threesome-amateur-video\/","title":{"rendered":"FUCK MY ASS, I SUCK IT ! Threesome amateur &#8211; 2"},"content":{"rendered":"<div id=\"note\">\n<div class=\"row\">\n<div class=\"col-12 col-md\">\n<h2 class=\"card-title mb-0\">FUCK MY ASS WHILE I SUCK IT !<\/h2>\n<\/div>\n<\/div>\n<p>Deux grosses bites d\u00e9foncent le cul de Charlie. Elle ce fait baiser en su\u00e7ant l&rsquo;autre bite et elle adore \u00e7a. FUCK MY ASS WHILE I SUCK IT ! J&rsquo;adore me faire baiser et me faire enculer si en plus c&rsquo;est en m\u00eame temps ! Seconde session de mes plans \u00e0 trois avec mes deux belles grosses bites favorites.<\/p>\n<p>Une vid\u00e9o 100% THREESOME amateur. <a href=\"https:\/\/charlie-liveshow.com\/Tentation-erotique\/produit\/premier-plan-a-3-charlie-3some\/\">Ils me baisent dans tous les sens<\/a> et par tous les trous. J&rsquo;\u00e9tais une petite chienne sur la table et ils ont pass\u00e9s l&rsquo;apr\u00e8s midi \u00e0 me faire tourner en se relayant de mon cul \u00e0 ma bouche. J&rsquo;ai ador\u00e9 les faire \u00e9jaculer non stop. Moi j&rsquo;ai joui au moins 10 fois pendant cet apr\u00e8s midi.<\/p>\n<p>5 heures de marathon sexuel pour en tirer 15 minutes de vid\u00e9o tr\u00e8s hot \u00e7a semble peut mais promis pour la session 3 on fera en sorte d&rsquo;en avoir encore plus.<\/p>\n<p><strong>Retrouve plus de vid\u00e9o sur ma cha\u00eene <\/strong><a href=\"https:\/\/www.modelhub.com\/charlie-liveshow?t=ts\" target=\"_blank\" rel=\"noopener noreferrer\"><strong>PORNHUB.<\/strong><\/a><\/p>\n<h4>Mots-cl\u00e9s<\/h4>\n<span class=\"su-label su-label-type-important\">3SOME<\/span> &#8211; <span class=\"su-label su-label-type-success\">ANAL<\/span> &#8211; <span class=\"su-label su-label-type-success\">BLOWJOB<\/span> &#8211; <span class=\"su-label su-label-type-info\">ROUGH SEX<\/span> &#8211; <span class=\"su-label su-label-type-info\">amateur<\/span> &#8211; <span class=\"su-label su-label-type-info\">Fuck &amp; Suck<\/span> For (hot) adult only !<\/p>\n<h4>Fiche technique<\/h4>\n<p><strong>Dur\u00e9e : 14.30 minutes <\/strong>\u00a0| Qualit\u00e9 : 1980 x 1080 px &#8211; <strong>Format : .mp4 | <\/strong>Taille : 510mo<\/p>\n<p>&nbsp;<\/p>\n<\/div>\n","protected":false},"excerpt":{"rendered":"<div class=\"row\">\n<div class=\"col-12 col-md\">\n<p>Deux grosses bites d\u00e9foncent le cul de Charlie. Elle ce fait baiser en su\u00e7ant l&rsquo;autre bite et elle adore \u00e7a. FUCK MY ASS WHILE I SUCK IT ! Seconde session de mes plans \u00e0 3 avec Mr ul-TRONC et sa tr\u00e8s grosse bite.<\/p>\n<\/div>\n<\/div>\n<p><strong>Dur\u00e9e : 14.30 minutes de baise intense 100% threesome amateur<br \/>\n<\/strong><\/p>\n","protected":false},"featured_media":43303,"comment_status":"open","ping_status":"closed","template":"","meta":{"ub_ctt_via":""},"product_cat":[53],"product_tag":[169,43,54,155],"yoast_head":"<!-- This site is optimized with the Yoast SEO plugin v22.0 - https:\/\/yoast.com\/wordpress\/plugins\/seo\/ -->\n<title>FUCK MY ASS, I SUCK IT ! Threesome amateur - 2<\/title>\n<meta name=\"description\" content=\"Charlie ce fait baiser le cul en sucant l&#039;autre bite et elle adore \u00e7a. FUCK MY ASS WHILE I SUCK IT ! vid\u00e9o porno 100% threesome amateur\" \/>\n<meta name=\"robots\" content=\"index, follow, max-snippet:-1, max-image-preview:large, max-video-preview:-1\" \/>\n<link rel=\"canonical\" href=\"https:\/\/charlie-liveshow.com\/Tentation-erotique\/produit\/fuck-my-ass-threesome-amateur-video\/\" \/>\n<meta property=\"og:locale\" content=\"fr_FR\" \/>\n<meta property=\"og:type\" content=\"article\" \/>\n<meta property=\"og:title\" content=\"FUCK MY ASS, I SUCK IT ! Threesome amateur - 2\" \/>\n<meta property=\"og:description\" content=\"Charlie ce fait baiser le cul en sucant l&#039;autre bite et elle adore \u00e7a. FUCK MY ASS WHILE I SUCK IT ! vid\u00e9o porno 100% threesome amateur\" \/>\n<meta property=\"og:url\" content=\"https:\/\/charlie-liveshow.com\/Tentation-erotique\/produit\/fuck-my-ass-threesome-amateur-video\/\" \/>\n<meta property=\"og:site_name\" content=\"TENTATIONS \u00c9ROTIQUES par Charlie Liveshow\" \/>\n<meta property=\"article:publisher\" content=\"https:\/\/www.facebook.com\/charlielivetantra\" \/>\n<meta property=\"article:modified_time\" content=\"2021-02-16T12:07:33+00:00\" \/>\n<meta property=\"og:image\" content=\"https:\/\/charlie-liveshow.com\/Tentation-erotique\/wp-content\/uploads\/2021\/01\/plan-a-trois-baisez-moi-fort-header.jpg\" \/>\n\t<meta property=\"og:image:width\" content=\"1024\" \/>\n\t<meta property=\"og:image:height\" content=\"678\" \/>\n\t<meta property=\"og:image:type\" content=\"image\/jpeg\" \/>\n<meta name=\"twitter:card\" content=\"summary_large_image\" \/>\n<meta name=\"twitter:image\" content=\"https:\/\/charlie-liveshow.com\/Tentation-erotique\/wp-content\/uploads\/2021\/01\/plan-a-trois-baisez-moi-fort-TWITTER.jpg\" \/>\n<meta name=\"twitter:site\" content=\"@Charlieliveshow\" \/>\n<meta name=\"twitter:label1\" content=\"Dur\u00e9e de lecture estim\u00e9e\" \/>\n\t<meta name=\"twitter:data1\" content=\"1 minute\" \/>\n<script type=\"application\/ld+json\" class=\"yoast-schema-graph\">{\"@context\":\"https:\/\/schema.org\",\"@graph\":[{\"@type\":\"WebPage\",\"@id\":\"https:\/\/charlie-liveshow.com\/Tentation-erotique\/produit\/fuck-my-ass-threesome-amateur-video\/\",\"url\":\"https:\/\/charlie-liveshow.com\/Tentation-erotique\/produit\/fuck-my-ass-threesome-amateur-video\/\",\"name\":\"FUCK MY ASS, I SUCK IT ! Threesome amateur - 2\",\"isPartOf\":{\"@id\":\"https:\/\/charlie-liveshow.com\/Tentation-erotique\/#website\"},\"datePublished\":\"2021-01-02T15:53:38+00:00\",\"dateModified\":\"2021-02-16T12:07:33+00:00\",\"description\":\"Charlie ce fait baiser le cul en sucant l'autre bite et elle adore \u00e7a. FUCK MY ASS WHILE I SUCK IT ! vid\u00e9o porno 100% threesome amateur\",\"breadcrumb\":{\"@id\":\"https:\/\/charlie-liveshow.com\/Tentation-erotique\/produit\/fuck-my-ass-threesome-amateur-video\/#breadcrumb\"},\"inLanguage\":\"fr-FR\",\"potentialAction\":[{\"@type\":\"ReadAction\",\"target\":[\"https:\/\/charlie-liveshow.com\/Tentation-erotique\/produit\/fuck-my-ass-threesome-amateur-video\/\"]}]},{\"@type\":\"BreadcrumbList\",\"@id\":\"https:\/\/charlie-liveshow.com\/Tentation-erotique\/produit\/fuck-my-ass-threesome-amateur-video\/#breadcrumb\",\"itemListElement\":[{\"@type\":\"ListItem\",\"position\":1,\"name\":\"Charlie r\u00e9veille vos sens\",\"item\":\"https:\/\/charlie-liveshow.com\/Tentation-erotique\/page-d-accueil-commerce\/\"},{\"@type\":\"ListItem\",\"position\":2,\"name\":\"Vid\u00e9os xXx\",\"item\":\"https:\/\/charlie-liveshow.com\/Tentation-erotique\/categorie-produit\/videos-x-amateur-charlie\/\"},{\"@type\":\"ListItem\",\"position\":3,\"name\":\"FUCK MY ASS, I SUCK IT ! Threesome amateur &#8211; 2\"}]},{\"@type\":\"WebSite\",\"@id\":\"https:\/\/charlie-liveshow.com\/Tentation-erotique\/#website\",\"url\":\"https:\/\/charlie-liveshow.com\/Tentation-erotique\/\",\"name\":\"TENTATIONS \u00c9ROTIQUES par Charlie Liveshow\",\"description\":\"Eveillez vous \u00e0 l&#039;\u00e9rotisme\",\"publisher\":{\"@id\":\"https:\/\/charlie-liveshow.com\/Tentation-erotique\/#organization\"},\"potentialAction\":[{\"@type\":\"SearchAction\",\"target\":{\"@type\":\"EntryPoint\",\"urlTemplate\":\"https:\/\/charlie-liveshow.com\/Tentation-erotique\/?s={search_term_string}\"},\"query-input\":\"required name=search_term_string\"}],\"inLanguage\":\"fr-FR\"},{\"@type\":\"Organization\",\"@id\":\"https:\/\/charlie-liveshow.com\/Tentation-erotique\/#organization\",\"name\":\"charlie-liveshow\",\"url\":\"https:\/\/charlie-liveshow.com\/Tentation-erotique\/\",\"logo\":{\"@type\":\"ImageObject\",\"inLanguage\":\"fr-FR\",\"@id\":\"https:\/\/charlie-liveshow.com\/Tentation-erotique\/#\/schema\/logo\/image\/\",\"url\":\"https:\/\/charlie-liveshow.com\/Tentation-erotique\/wp-content\/uploads\/2013\/05\/Charlie_folies_logo.png\",\"contentUrl\":\"https:\/\/charlie-liveshow.com\/Tentation-erotique\/wp-content\/uploads\/2013\/05\/Charlie_folies_logo.png\",\"width\":210,\"height\":206,\"caption\":\"charlie-liveshow\"},\"image\":{\"@id\":\"https:\/\/charlie-liveshow.com\/Tentation-erotique\/#\/schema\/logo\/image\/\"},\"sameAs\":[\"https:\/\/www.facebook.com\/charlielivetantra\",\"https:\/\/twitter.com\/Charlieliveshow\",\"https:\/\/www.instagram.com\/charlie_liveshow\/\",\"https:\/\/www.youtube.com\/CharlieTantra\"]}]}<\/script>\n<!-- \/ Yoast SEO plugin. -->","yoast_head_json":{"title":"FUCK MY ASS, I SUCK IT ! Threesome amateur - 2","description":"Charlie ce fait baiser le cul en sucant l'autre bite et elle adore \u00e7a. FUCK MY ASS WHILE I SUCK IT ! vid\u00e9o porno 100% threesome amateur","robots":{"index":"index","follow":"follow","max-snippet":"max-snippet:-1","max-image-preview":"max-image-preview:large","max-video-preview":"max-video-preview:-1"},"canonical":"https:\/\/charlie-liveshow.com\/Tentation-erotique\/produit\/fuck-my-ass-threesome-amateur-video\/","og_locale":"fr_FR","og_type":"article","og_title":"FUCK MY ASS, I SUCK IT ! Threesome amateur - 2","og_description":"Charlie ce fait baiser le cul en sucant l'autre bite et elle adore \u00e7a. FUCK MY ASS WHILE I SUCK IT ! vid\u00e9o porno 100% threesome amateur","og_url":"https:\/\/charlie-liveshow.com\/Tentation-erotique\/produit\/fuck-my-ass-threesome-amateur-video\/","og_site_name":"TENTATIONS \u00c9ROTIQUES par Charlie Liveshow","article_publisher":"https:\/\/www.facebook.com\/charlielivetantra","article_modified_time":"2021-02-16T12:07:33+00:00","og_image":[{"width":1024,"height":678,"url":"https:\/\/charlie-liveshow.com\/Tentation-erotique\/wp-content\/uploads\/2021\/01\/plan-a-trois-baisez-moi-fort-header.jpg","type":"image\/jpeg"}],"twitter_card":"summary_large_image","twitter_image":"https:\/\/charlie-liveshow.com\/Tentation-erotique\/wp-content\/uploads\/2021\/01\/plan-a-trois-baisez-moi-fort-TWITTER.jpg","twitter_site":"@Charlieliveshow","twitter_misc":{"Dur\u00e9e de lecture estim\u00e9e":"1 minute"},"schema":{"@context":"https:\/\/schema.org","@graph":[{"@type":"WebPage","@id":"https:\/\/charlie-liveshow.com\/Tentation-erotique\/produit\/fuck-my-ass-threesome-amateur-video\/","url":"https:\/\/charlie-liveshow.com\/Tentation-erotique\/produit\/fuck-my-ass-threesome-amateur-video\/","name":"FUCK MY ASS, I SUCK IT ! Threesome amateur - 2","isPartOf":{"@id":"https:\/\/charlie-liveshow.com\/Tentation-erotique\/#website"},"datePublished":"2021-01-02T15:53:38+00:00","dateModified":"2021-02-16T12:07:33+00:00","description":"Charlie ce fait baiser le cul en sucant l'autre bite et elle adore \u00e7a. FUCK MY ASS WHILE I SUCK IT ! vid\u00e9o porno 100% threesome amateur","breadcrumb":{"@id":"https:\/\/charlie-liveshow.com\/Tentation-erotique\/produit\/fuck-my-ass-threesome-amateur-video\/#breadcrumb"},"inLanguage":"fr-FR","potentialAction":[{"@type":"ReadAction","target":["https:\/\/charlie-liveshow.com\/Tentation-erotique\/produit\/fuck-my-ass-threesome-amateur-video\/"]}]},{"@type":"BreadcrumbList","@id":"https:\/\/charlie-liveshow.com\/Tentation-erotique\/produit\/fuck-my-ass-threesome-amateur-video\/#breadcrumb","itemListElement":[{"@type":"ListItem","position":1,"name":"Charlie r\u00e9veille vos sens","item":"https:\/\/charlie-liveshow.com\/Tentation-erotique\/page-d-accueil-commerce\/"},{"@type":"ListItem","position":2,"name":"Vid\u00e9os xXx","item":"https:\/\/charlie-liveshow.com\/Tentation-erotique\/categorie-produit\/videos-x-amateur-charlie\/"},{"@type":"ListItem","position":3,"name":"FUCK MY ASS, I SUCK IT ! Threesome amateur &#8211; 2"}]},{"@type":"WebSite","@id":"https:\/\/charlie-liveshow.com\/Tentation-erotique\/#website","url":"https:\/\/charlie-liveshow.com\/Tentation-erotique\/","name":"TENTATIONS \u00c9ROTIQUES par Charlie Liveshow","description":"Eveillez vous \u00e0 l&#039;\u00e9rotisme","publisher":{"@id":"https:\/\/charlie-liveshow.com\/Tentation-erotique\/#organization"},"potentialAction":[{"@type":"SearchAction","target":{"@type":"EntryPoint","urlTemplate":"https:\/\/charlie-liveshow.com\/Tentation-erotique\/?s={search_term_string}"},"query-input":"required name=search_term_string"}],"inLanguage":"fr-FR"},{"@type":"Organization","@id":"https:\/\/charlie-liveshow.com\/Tentation-erotique\/#organization","name":"charlie-liveshow","url":"https:\/\/charlie-liveshow.com\/Tentation-erotique\/","logo":{"@type":"ImageObject","inLanguage":"fr-FR","@id":"https:\/\/charlie-liveshow.com\/Tentation-erotique\/#\/schema\/logo\/image\/","url":"https:\/\/charlie-liveshow.com\/Tentation-erotique\/wp-content\/uploads\/2013\/05\/Charlie_folies_logo.png","contentUrl":"https:\/\/charlie-liveshow.com\/Tentation-erotique\/wp-content\/uploads\/2013\/05\/Charlie_folies_logo.png","width":210,"height":206,"caption":"charlie-liveshow"},"image":{"@id":"https:\/\/charlie-liveshow.com\/Tentation-erotique\/#\/schema\/logo\/image\/"},"sameAs":["https:\/\/www.facebook.com\/charlielivetantra","https:\/\/twitter.com\/Charlieliveshow","https:\/\/www.instagram.com\/charlie_liveshow\/","https:\/\/www.youtube.com\/CharlieTantra"]}]}},"_links":{"self":[{"href":"https:\/\/charlie-liveshow.com\/Tentation-erotique\/wp-json\/wp\/v2\/product\/43293"}],"collection":[{"href":"https:\/\/charlie-liveshow.com\/Tentation-erotique\/wp-json\/wp\/v2\/product"}],"about":[{"href":"https:\/\/charlie-liveshow.com\/Tentation-erotique\/wp-json\/wp\/v2\/types\/product"}],"replies":[{"embeddable":true,"href":"https:\/\/charlie-liveshow.com\/Tentation-erotique\/wp-json\/wp\/v2\/comments?post=43293"}],"version-history":[{"count":0,"href":"https:\/\/charlie-liveshow.com\/Tentation-erotique\/wp-json\/wp\/v2\/product\/43293\/revisions"}],"wp:featuredmedia":[{"embeddable":true,"href":"https:\/\/charlie-liveshow.com\/Tentation-erotique\/wp-json\/wp\/v2\/media\/43303"}],"wp:attachment":[{"href":"https:\/\/charlie-liveshow.com\/Tentation-erotique\/wp-json\/wp\/v2\/media?parent=43293"}],"wp:term":[{"taxonomy":"product_cat","embeddable":true,"href":"https:\/\/charlie-liveshow.com\/Tentation-erotique\/wp-json\/wp\/v2\/product_cat?post=43293"},{"taxonomy":"product_tag","embeddable":true,"href":"https:\/\/charlie-liveshow.com\/Tentation-erotique\/wp-json\/wp\/v2\/product_tag?post=43293"}],"curies":[{"name":"wp","href":"https:\/\/api.w.org\/{rel}","templated":true}]}}