{"id":43106,"date":"2020-11-09T22:05:51","date_gmt":"2020-11-09T21:05:51","guid":{"rendered":"https:\/\/charlie-liveshow.com\/Tentation-erotique\/?post_type=product&#038;p=43106"},"modified":"2021-01-26T18:10:17","modified_gmt":"2021-01-26T17:10:17","slug":"charlie-farcie-aubergine-porn-food-video","status":"publish","type":"product","link":"https:\/\/charlie-liveshow.com\/Tentation-erotique\/produit\/charlie-farcie-aubergine-porn-food-video\/","title":{"rendered":"La Charlie farcie \u00e0 l&rsquo;aubergine &#8211; Porn food vid\u00e9o"},"content":{"rendered":"<div id=\"note\">\n<div class=\"row\">\n<div class=\"col-12 col-md\">\n<h2 class=\"card-title mb-0\">Plaisir CUL-inaire, la Charlie farcie \u00e0 l&rsquo;aubergine<\/h2>\n<\/div>\n<\/div>\n<p>La porn food c&rsquo;est peut-\u00eatre un des plus vieux fantasmes de l&rsquo;humanit\u00e9. Qui n&rsquo;a jamais pens\u00e9 se branler avec une carotte, un concombre ou une courgette ? Perso j&rsquo;adore me faire baiser et me faire enculer par des gros calibres donc pour cette recette tr\u00e8s tr\u00e8s chaude j&rsquo;ai laiss\u00e9 tomb\u00e9 les carottes et j&rsquo;ai opt\u00e9 pour l&rsquo;aubergine ! Qui a dit que la nature n&rsquo;\u00e9tait pas g\u00e9n\u00e9reuse ?! Une vid\u00e9o pour celles et ceux qui aiment mon cul et qui adorent le voir se faire ouvrir en deux ! <strong>La Charlie est bien farcie avec cette \u00e9norme aubergine dans le cul.<\/strong><\/p>\n<p>Retrouve plus de vid\u00e9o sur ma cha\u00eene <a href=\"https:\/\/www.modelhub.com\/charlie-liveshow?t=ts\" target=\"_blank\" rel=\"noopener noreferrer\">PORNHUB.<\/a><\/p>\n<h4>Mots-cl\u00e9s<\/h4>\n<span class=\"su-label su-label-type-important\">VEGETABLE<\/span> &#8211; <span class=\"su-label su-label-type-success\">ANAL<\/span> &#8211; <span class=\"su-label su-label-type-success\">Aubergine<\/span> &#8211; <span class=\"su-label su-label-type-info\">ROUGH SEX<\/span> &#8211; <span class=\"su-label su-label-type-info\">amateur<\/span> &#8211; <span class=\"su-label su-label-type-info\">Dilatation<\/span> For (hot) adult only !<\/p>\n<h4>Fiche technique<\/h4>\n<p><strong>Dur\u00e9e : 14.50 minutes <\/strong>\u00a0| Qualit\u00e9 : 1980 x 1080 px &#8211; <strong>Format : .mp4 | <\/strong>Taille : 533mo<\/p>\n<p>&nbsp;<\/p>\n<\/div>\n","protected":false},"excerpt":{"rendered":"<div class=\"row\">\n<div class=\"col-12 col-md\">\n<p>Qui n&rsquo;a jamais pens\u00e9 se branler avec une carotte, un concombre ou une courgette ? Perso j&rsquo;adore me faire baiser et me faire enculer par des gros calibres donc pour cette video PORN FOOD j&rsquo;ai opt\u00e9 pour l&rsquo;aubergine !<\/p>\n<p><strong><a href=\"https:\/\/www.manyvids.com\/Video\/2522457\/Charlie-farcie-a-laubergine\/\" target=\"_blank\" rel=\"noopener\">TEASER DISPO SUR MANYVIDS<\/a><\/strong><\/p>\n<\/div>\n<\/div>\n<p><strong>Dur\u00e9e : 14.5 minutes de porn food avec une \u00e9norme aubergine dans le cul<br \/>\n<\/strong><\/p>\n","protected":false},"featured_media":43496,"comment_status":"open","ping_status":"closed","template":"","meta":{"ub_ctt_via":""},"product_cat":[53],"product_tag":[43,54,154,29],"yoast_head":"<!-- This site is optimized with the Yoast SEO plugin v22.0 - https:\/\/yoast.com\/wordpress\/plugins\/seo\/ -->\n<title>La Charlie farcie \u00e0 l&#039;aubergine - Porn food vid\u00e9o<\/title>\n<meta name=\"description\" content=\"PORN FOOD FETISH La Charlie farcie \u00e0 l&#039;aubergine ! Une recette tr\u00e8s CUL -inaire. J&#039;adore les gros l\u00e9gumes pour me baiser mon petit cul\" \/>\n<meta name=\"robots\" content=\"index, follow, max-snippet:-1, max-image-preview:large, max-video-preview:-1\" \/>\n<link rel=\"canonical\" href=\"https:\/\/charlie-liveshow.com\/Tentation-erotique\/produit\/charlie-farcie-aubergine-porn-food-video\/\" \/>\n<meta property=\"og:locale\" content=\"fr_FR\" \/>\n<meta property=\"og:type\" content=\"article\" \/>\n<meta property=\"og:title\" content=\"La Charlie farcie \u00e0 l&#039;aubergine - Porn food vid\u00e9o\" \/>\n<meta property=\"og:description\" content=\"PORN FOOD FETISH La Charlie farcie \u00e0 l&#039;aubergine ! Une recette tr\u00e8s CUL -inaire. J&#039;adore les gros l\u00e9gumes pour me baiser mon petit cul\" \/>\n<meta property=\"og:url\" content=\"https:\/\/charlie-liveshow.com\/Tentation-erotique\/produit\/charlie-farcie-aubergine-porn-food-video\/\" \/>\n<meta property=\"og:site_name\" content=\"TENTATIONS \u00c9ROTIQUES par Charlie Liveshow\" \/>\n<meta property=\"article:publisher\" content=\"https:\/\/www.facebook.com\/charlielivetantra\" \/>\n<meta property=\"article:modified_time\" content=\"2021-01-26T17:10:17+00:00\" \/>\n<meta property=\"og:image\" content=\"https:\/\/charlie-liveshow.com\/Tentation-erotique\/wp-content\/uploads\/2020\/11\/charlie-farcie-aubergine-porn-amateur.jpg\" \/>\n\t<meta property=\"og:image:width\" content=\"1024\" \/>\n\t<meta property=\"og:image:height\" content=\"678\" \/>\n\t<meta property=\"og:image:type\" content=\"image\/jpeg\" \/>\n<meta name=\"twitter:card\" content=\"summary_large_image\" \/>\n<meta name=\"twitter:image\" content=\"https:\/\/charlie-liveshow.com\/Tentation-erotique\/wp-content\/uploads\/2020\/12\/charlie-farcie-HUGE-ANAL-aubergine-19_5.jpg\" \/>\n<meta name=\"twitter:site\" content=\"@Charlieliveshow\" \/>\n<meta name=\"twitter:label1\" content=\"Dur\u00e9e de lecture estim\u00e9e\" \/>\n\t<meta name=\"twitter:data1\" content=\"1 minute\" \/>\n<script type=\"application\/ld+json\" class=\"yoast-schema-graph\">{\"@context\":\"https:\/\/schema.org\",\"@graph\":[{\"@type\":\"WebPage\",\"@id\":\"https:\/\/charlie-liveshow.com\/Tentation-erotique\/produit\/charlie-farcie-aubergine-porn-food-video\/\",\"url\":\"https:\/\/charlie-liveshow.com\/Tentation-erotique\/produit\/charlie-farcie-aubergine-porn-food-video\/\",\"name\":\"La Charlie farcie \u00e0 l'aubergine - Porn food vid\u00e9o\",\"isPartOf\":{\"@id\":\"https:\/\/charlie-liveshow.com\/Tentation-erotique\/#website\"},\"datePublished\":\"2020-11-09T21:05:51+00:00\",\"dateModified\":\"2021-01-26T17:10:17+00:00\",\"description\":\"PORN FOOD FETISH La Charlie farcie \u00e0 l'aubergine ! Une recette tr\u00e8s CUL -inaire. J'adore les gros l\u00e9gumes pour me baiser mon petit cul\",\"breadcrumb\":{\"@id\":\"https:\/\/charlie-liveshow.com\/Tentation-erotique\/produit\/charlie-farcie-aubergine-porn-food-video\/#breadcrumb\"},\"inLanguage\":\"fr-FR\",\"potentialAction\":[{\"@type\":\"ReadAction\",\"target\":[\"https:\/\/charlie-liveshow.com\/Tentation-erotique\/produit\/charlie-farcie-aubergine-porn-food-video\/\"]}]},{\"@type\":\"BreadcrumbList\",\"@id\":\"https:\/\/charlie-liveshow.com\/Tentation-erotique\/produit\/charlie-farcie-aubergine-porn-food-video\/#breadcrumb\",\"itemListElement\":[{\"@type\":\"ListItem\",\"position\":1,\"name\":\"Charlie r\u00e9veille vos sens\",\"item\":\"https:\/\/charlie-liveshow.com\/Tentation-erotique\/page-d-accueil-commerce\/\"},{\"@type\":\"ListItem\",\"position\":2,\"name\":\"Vid\u00e9os xXx\",\"item\":\"https:\/\/charlie-liveshow.com\/Tentation-erotique\/categorie-produit\/videos-x-amateur-charlie\/\"},{\"@type\":\"ListItem\",\"position\":3,\"name\":\"La Charlie farcie \u00e0 l&rsquo;aubergine &#8211; Porn food vid\u00e9o\"}]},{\"@type\":\"WebSite\",\"@id\":\"https:\/\/charlie-liveshow.com\/Tentation-erotique\/#website\",\"url\":\"https:\/\/charlie-liveshow.com\/Tentation-erotique\/\",\"name\":\"TENTATIONS \u00c9ROTIQUES par Charlie Liveshow\",\"description\":\"Eveillez vous \u00e0 l&#039;\u00e9rotisme\",\"publisher\":{\"@id\":\"https:\/\/charlie-liveshow.com\/Tentation-erotique\/#organization\"},\"potentialAction\":[{\"@type\":\"SearchAction\",\"target\":{\"@type\":\"EntryPoint\",\"urlTemplate\":\"https:\/\/charlie-liveshow.com\/Tentation-erotique\/?s={search_term_string}\"},\"query-input\":\"required name=search_term_string\"}],\"inLanguage\":\"fr-FR\"},{\"@type\":\"Organization\",\"@id\":\"https:\/\/charlie-liveshow.com\/Tentation-erotique\/#organization\",\"name\":\"charlie-liveshow\",\"url\":\"https:\/\/charlie-liveshow.com\/Tentation-erotique\/\",\"logo\":{\"@type\":\"ImageObject\",\"inLanguage\":\"fr-FR\",\"@id\":\"https:\/\/charlie-liveshow.com\/Tentation-erotique\/#\/schema\/logo\/image\/\",\"url\":\"https:\/\/charlie-liveshow.com\/Tentation-erotique\/wp-content\/uploads\/2013\/05\/Charlie_folies_logo.png\",\"contentUrl\":\"https:\/\/charlie-liveshow.com\/Tentation-erotique\/wp-content\/uploads\/2013\/05\/Charlie_folies_logo.png\",\"width\":210,\"height\":206,\"caption\":\"charlie-liveshow\"},\"image\":{\"@id\":\"https:\/\/charlie-liveshow.com\/Tentation-erotique\/#\/schema\/logo\/image\/\"},\"sameAs\":[\"https:\/\/www.facebook.com\/charlielivetantra\",\"https:\/\/twitter.com\/Charlieliveshow\",\"https:\/\/www.instagram.com\/charlie_liveshow\/\",\"https:\/\/www.youtube.com\/CharlieTantra\"]}]}<\/script>\n<!-- \/ Yoast SEO plugin. -->","yoast_head_json":{"title":"La Charlie farcie \u00e0 l'aubergine - Porn food vid\u00e9o","description":"PORN FOOD FETISH La Charlie farcie \u00e0 l'aubergine ! Une recette tr\u00e8s CUL -inaire. J'adore les gros l\u00e9gumes pour me baiser mon petit cul","robots":{"index":"index","follow":"follow","max-snippet":"max-snippet:-1","max-image-preview":"max-image-preview:large","max-video-preview":"max-video-preview:-1"},"canonical":"https:\/\/charlie-liveshow.com\/Tentation-erotique\/produit\/charlie-farcie-aubergine-porn-food-video\/","og_locale":"fr_FR","og_type":"article","og_title":"La Charlie farcie \u00e0 l'aubergine - Porn food vid\u00e9o","og_description":"PORN FOOD FETISH La Charlie farcie \u00e0 l'aubergine ! Une recette tr\u00e8s CUL -inaire. J'adore les gros l\u00e9gumes pour me baiser mon petit cul","og_url":"https:\/\/charlie-liveshow.com\/Tentation-erotique\/produit\/charlie-farcie-aubergine-porn-food-video\/","og_site_name":"TENTATIONS \u00c9ROTIQUES par Charlie Liveshow","article_publisher":"https:\/\/www.facebook.com\/charlielivetantra","article_modified_time":"2021-01-26T17:10:17+00:00","og_image":[{"width":1024,"height":678,"url":"https:\/\/charlie-liveshow.com\/Tentation-erotique\/wp-content\/uploads\/2020\/11\/charlie-farcie-aubergine-porn-amateur.jpg","type":"image\/jpeg"}],"twitter_card":"summary_large_image","twitter_image":"https:\/\/charlie-liveshow.com\/Tentation-erotique\/wp-content\/uploads\/2020\/12\/charlie-farcie-HUGE-ANAL-aubergine-19_5.jpg","twitter_site":"@Charlieliveshow","twitter_misc":{"Dur\u00e9e de lecture estim\u00e9e":"1 minute"},"schema":{"@context":"https:\/\/schema.org","@graph":[{"@type":"WebPage","@id":"https:\/\/charlie-liveshow.com\/Tentation-erotique\/produit\/charlie-farcie-aubergine-porn-food-video\/","url":"https:\/\/charlie-liveshow.com\/Tentation-erotique\/produit\/charlie-farcie-aubergine-porn-food-video\/","name":"La Charlie farcie \u00e0 l'aubergine - Porn food vid\u00e9o","isPartOf":{"@id":"https:\/\/charlie-liveshow.com\/Tentation-erotique\/#website"},"datePublished":"2020-11-09T21:05:51+00:00","dateModified":"2021-01-26T17:10:17+00:00","description":"PORN FOOD FETISH La Charlie farcie \u00e0 l'aubergine ! Une recette tr\u00e8s CUL -inaire. J'adore les gros l\u00e9gumes pour me baiser mon petit cul","breadcrumb":{"@id":"https:\/\/charlie-liveshow.com\/Tentation-erotique\/produit\/charlie-farcie-aubergine-porn-food-video\/#breadcrumb"},"inLanguage":"fr-FR","potentialAction":[{"@type":"ReadAction","target":["https:\/\/charlie-liveshow.com\/Tentation-erotique\/produit\/charlie-farcie-aubergine-porn-food-video\/"]}]},{"@type":"BreadcrumbList","@id":"https:\/\/charlie-liveshow.com\/Tentation-erotique\/produit\/charlie-farcie-aubergine-porn-food-video\/#breadcrumb","itemListElement":[{"@type":"ListItem","position":1,"name":"Charlie r\u00e9veille vos sens","item":"https:\/\/charlie-liveshow.com\/Tentation-erotique\/page-d-accueil-commerce\/"},{"@type":"ListItem","position":2,"name":"Vid\u00e9os xXx","item":"https:\/\/charlie-liveshow.com\/Tentation-erotique\/categorie-produit\/videos-x-amateur-charlie\/"},{"@type":"ListItem","position":3,"name":"La Charlie farcie \u00e0 l&rsquo;aubergine &#8211; Porn food vid\u00e9o"}]},{"@type":"WebSite","@id":"https:\/\/charlie-liveshow.com\/Tentation-erotique\/#website","url":"https:\/\/charlie-liveshow.com\/Tentation-erotique\/","name":"TENTATIONS \u00c9ROTIQUES par Charlie Liveshow","description":"Eveillez vous \u00e0 l&#039;\u00e9rotisme","publisher":{"@id":"https:\/\/charlie-liveshow.com\/Tentation-erotique\/#organization"},"potentialAction":[{"@type":"SearchAction","target":{"@type":"EntryPoint","urlTemplate":"https:\/\/charlie-liveshow.com\/Tentation-erotique\/?s={search_term_string}"},"query-input":"required name=search_term_string"}],"inLanguage":"fr-FR"},{"@type":"Organization","@id":"https:\/\/charlie-liveshow.com\/Tentation-erotique\/#organization","name":"charlie-liveshow","url":"https:\/\/charlie-liveshow.com\/Tentation-erotique\/","logo":{"@type":"ImageObject","inLanguage":"fr-FR","@id":"https:\/\/charlie-liveshow.com\/Tentation-erotique\/#\/schema\/logo\/image\/","url":"https:\/\/charlie-liveshow.com\/Tentation-erotique\/wp-content\/uploads\/2013\/05\/Charlie_folies_logo.png","contentUrl":"https:\/\/charlie-liveshow.com\/Tentation-erotique\/wp-content\/uploads\/2013\/05\/Charlie_folies_logo.png","width":210,"height":206,"caption":"charlie-liveshow"},"image":{"@id":"https:\/\/charlie-liveshow.com\/Tentation-erotique\/#\/schema\/logo\/image\/"},"sameAs":["https:\/\/www.facebook.com\/charlielivetantra","https:\/\/twitter.com\/Charlieliveshow","https:\/\/www.instagram.com\/charlie_liveshow\/","https:\/\/www.youtube.com\/CharlieTantra"]}]}},"_links":{"self":[{"href":"https:\/\/charlie-liveshow.com\/Tentation-erotique\/wp-json\/wp\/v2\/product\/43106"}],"collection":[{"href":"https:\/\/charlie-liveshow.com\/Tentation-erotique\/wp-json\/wp\/v2\/product"}],"about":[{"href":"https:\/\/charlie-liveshow.com\/Tentation-erotique\/wp-json\/wp\/v2\/types\/product"}],"replies":[{"embeddable":true,"href":"https:\/\/charlie-liveshow.com\/Tentation-erotique\/wp-json\/wp\/v2\/comments?post=43106"}],"version-history":[{"count":0,"href":"https:\/\/charlie-liveshow.com\/Tentation-erotique\/wp-json\/wp\/v2\/product\/43106\/revisions"}],"wp:featuredmedia":[{"embeddable":true,"href":"https:\/\/charlie-liveshow.com\/Tentation-erotique\/wp-json\/wp\/v2\/media\/43496"}],"wp:attachment":[{"href":"https:\/\/charlie-liveshow.com\/Tentation-erotique\/wp-json\/wp\/v2\/media?parent=43106"}],"wp:term":[{"taxonomy":"product_cat","embeddable":true,"href":"https:\/\/charlie-liveshow.com\/Tentation-erotique\/wp-json\/wp\/v2\/product_cat?post=43106"},{"taxonomy":"product_tag","embeddable":true,"href":"https:\/\/charlie-liveshow.com\/Tentation-erotique\/wp-json\/wp\/v2\/product_tag?post=43106"}],"curies":[{"name":"wp","href":"https:\/\/api.w.org\/{rel}","templated":true}]}}