{"id":42935,"date":"2020-10-11T16:57:21","date_gmt":"2020-10-11T14:57:21","guid":{"rendered":"https:\/\/charlie-liveshow.com\/Tentation-erotique\/?post_type=product&#038;p=42935"},"modified":"2021-05-29T13:13:37","modified_gmt":"2021-05-29T11:13:37","slug":"colis-sextoys-21-plaisirs-du-soumis","status":"publish","type":"product","link":"https:\/\/charlie-liveshow.com\/Tentation-erotique\/produit\/colis-sextoys-21-plaisirs-du-soumis\/","title":{"rendered":"Colis sextoys 21 &#8211; les plaisirs du soumis FETISH"},"content":{"rendered":"<p><a id=\"info-complementaire\"><\/a><strong>Les sextoys d&rsquo;occasions. La sexualit\u00e9 ludique c&rsquo;est pour tous !<\/strong><\/p>\n<p>Ma s\u00e9lection de 4 sextoys du colis LES PLAISIRS DU SOUMIS sont 50% moins cher que dans les loveshop. 4 sextoys parfaits pour soumettre &amp; humilier son soumis tout en prenant un max de plaisir ! Faites lui d\u00e9couvrir les plaisirs d&rsquo;<strong>une cage de chastet\u00e9 en m\u00e9tal inviolable<\/strong> (cadenas et cl\u00e9s avec). Amusez vous \u00e0 le transformer en toutou de ses dames avec l&rsquo;excellent <strong>plug anal acier touffe SINCERELY<\/strong>. Et s&rsquo;il n&rsquo;est pas assez docile ou en guise de r\u00e9compense vous pourrez vous occuper de son ptit cul avec l&rsquo;excellent, et tr\u00e8s gros, <strong>gode r\u00e9aliste UNCUT de chez TANTUS <\/strong>(adaptable aux harnais). Torture ultime, ou plaisirs des reines, gicler lui dessus gr\u00e2ce aux orgasmes du <strong>SATISFYER PRO DELUXE<\/strong> le petit oeuf clitoridien aux orgasmes incroyables<\/p>\n<p>Valeur du colis <strong>neuf :\u00a0 252.84\u20ac. <\/strong>Le colis complet des 4 sex-toys d&rsquo;occasions est <strong>vendu 100.20\u20ac<\/strong> ( frais de livraison inclus)<\/p>\n<h2>Vos sextoys avec 60% d&rsquo;\u00e9conomie !<\/h2>\n<h3>CONTENU du colis num\u00e9ro 21 Les plaisirs du soumis<\/h3>\n<ul>\n<li><strong>SATISFYER PRO DELUXE,<\/strong> un des stimulateurs clitoridien les plus puissant du march\u00e9 avec en plus la fonction vibration.<br \/>\n&#8211; Valeur neuf 49.95\u20ac sur le <a href=\"https:\/\/www.dorcelstore.com\/fr\/stimulateur-clitoridien-satisfyer-pro-deluxe.html#ae14\" target=\"_blank\" rel=\"noopener noreferrer\">DORCEL STORE<\/a> &#8211; <a href=\"https:\/\/charlie-liveshow.com\/charlie-tantra\/machine-a-orgasme-satisfyer-pro-deluxe\/\">voir le test<\/a><\/li>\n<li><strong>Le gode r\u00e9aliste UNCUT de Tantus,<\/strong> adaptable sur les harnais, un gros gode super r\u00e9aliste de 20 cm de longueur ins\u00e9rable et 4.4 cm de diam\u00e8tre<br \/>\n&#8211; Valeur neuf 103.90 \u20ac sur <a href=\"https:\/\/www.ruedesplaisirs.com\/catalogue\/sextoys,m=1\/tantus,mq=256\/idardp=ea2bfa79cd221f1e88a9bf39ea155cd8\" target=\"_blank\" rel=\"noopener noreferrer\">RUE DES PLAISIRS<\/a> &#8211; <a href=\"https:\/\/charlie-liveshow.com\/charlie-tantra\/uncut-tantus-gode-harnais-test\/\">voir le test<\/a><\/li>\n<li><strong>Plug ANAL SINCERELY, <\/strong>un superbe petit plug anal en m\u00e9tal avec un pompon pour transformer le moindre petit cul en croupe de petit.e chien.ne<br \/>\n&#8211; Valeur neuf : 39\u20ac sur <a href=\"https:\/\/www.ruedesplaisirs.com\/catalogue\/sextoys,m=1\/plug_anal_sincerely,ip=4895\/ap=8\/idardp=ea2bfa79cd221f1e88a9bf39ea155cd8\" target=\"_blank\" rel=\"noopener noreferrer\">RUE DES PLAISIRS<\/a> &#8211; <a href=\"https:\/\/charlie-liveshow.com\/charlie-tantra\/sincerely-plug-anal-queue-de-lapin\/\">voir le test<\/a><\/li>\n<li><strong>Cage de chastet\u00e9 initiation<\/strong> l&rsquo;outil indispensable pour faire souffrir, humilier et corriger votre soumis &#8211; longueur max 9cm diam\u00e8tre max 3.5. Fourni avec les cl\u00e9s (2) et le cadenas<br \/>\n&#8211; Valeur neuf : 59.99\u20ac &#8211; <a href=\"https:\/\/charlie-liveshow.com\/charlie-tantra\/cage-de-chastete-metal-homme\/\">voir le test<\/a><\/li>\n<\/ul>\n<h3>Tests sextoys &amp; achat sextoy neuf<\/h3>\n<div class=\"su-custom-gallery su-custom-gallery-title-never\"><div class=\"su-custom-gallery-slide\"><a href=\"https:\/\/charlie-liveshow.com\/charlie-tantra\/test-sex-toy-decale-by-charlie\/\" target=\"_blank\" title=\"LOGO-Charlie-Tantra-Superstar-amp\"><img decoding=\"async\" src=\"https:\/\/charlie-liveshow.com\/Tentation-erotique\/wp-content\/uploads\/2019\/05\/LOGO-Charlie-Tantra-Superstar-amp-180x90.png\" alt=\"LOGO-Charlie-Tantra-Superstar-amp\" width=\"180\" height=\"90\" \/><span class=\"su-custom-gallery-title\">LOGO-Charlie-Tantra-Superstar-amp<\/span><\/a><\/div><div class=\"su-custom-gallery-slide\"><a href=\"https:\/\/www.dorcelstore.com\/fr\/#ae14\" target=\"_blank\" title=\"dorcelstore-luxure-depuis-1979-730&#215;430\"><img decoding=\"async\" src=\"https:\/\/charlie-liveshow.com\/Tentation-erotique\/wp-content\/uploads\/2019\/05\/dorcelstore-luxure-depuis-1979-730x430-180x90.jpg\" alt=\"dorcelstore-luxure-depuis-1979-730&#215;430\" width=\"180\" height=\"90\" \/><span class=\"su-custom-gallery-title\">dorcelstore-luxure-depuis-1979-730&#215;430<\/span><\/a><\/div><div class=\"su-custom-gallery-slide\"><a href=\"https:\/\/www.monlapinrose.com\/545-sextoys\/#ae62\" target=\"_blank\" title=\"monlapinrose\"><img decoding=\"async\" src=\"https:\/\/charlie-liveshow.com\/Tentation-erotique\/wp-content\/uploads\/2019\/05\/monlapinrose-180x90.png\" alt=\"monlapinrose\" width=\"180\" height=\"90\" \/><span class=\"su-custom-gallery-title\">monlapinrose<\/span><\/a><\/div><div class=\"su-custom-gallery-slide\"><a href=\"https:\/\/www.ruedesplaisirs.com\/catalogue\/sextoys,m=1\/idardp=ea2bfa79cd221f1e88a9bf39ea155cd8\" target=\"_blank\" title=\"logo\"><img loading=\"lazy\" decoding=\"async\" src=\"https:\/\/charlie-liveshow.com\/Tentation-erotique\/wp-content\/uploads\/2019\/05\/logo-180x90.png\" alt=\"logo\" width=\"180\" height=\"90\" \/><span class=\"su-custom-gallery-title\">logo<\/span><\/a><\/div><div class=\"su-clear\"><\/div><\/div>\n","protected":false},"excerpt":{"rendered":"<p><strong>Colis sextoys N\u00b021 &#8211; Les plaisirs du soumis<br \/>\n<\/strong><\/p>\n<p>Faites d\u00e9couvrir \u00e0 votre soumis les plaisirs d&rsquo;<strong>une cage de chastet\u00e9 en m\u00e9tal inviolable<\/strong> ou amusez vous \u00e0 le transformer en toutou de ses dames avec l&rsquo;excellent <strong>plug anal acier SINCERELY<\/strong>. S&rsquo;il n&rsquo;est pas assez docile ou en guise de r\u00e9compense vous pourrez vous occuper de son ptit cul avec l&rsquo;excellent, et tr\u00e8s gros, <strong>gode r\u00e9aliste UNCUT de chez TANTUS <\/strong>ou, torture ultime, lui gicler dessus gr\u00e2ce aux orgasmes du <strong>SATISFYER PRO DELUXE.<\/strong><\/p>\n<p>Valeur du colis neuf :\u00a0 252.84\u20ac. Le colis complet des 4 sex-toys d&rsquo;occasions est vendu 100.20\u20ac ( frais de livraison inclus)<\/p>\n<p><strong>Vos sextoys avec 60% d&rsquo;\u00e9conomie !<\/strong><\/p>\n<p style=\"text-align: left;\"><strong>Colis exp\u00e9di\u00e9 sous 4 jours*<\/strong> par mondial relais en France, Belgique et Luxembourg UNIQUEMENT &#8211; <strong><em><a href=\"#info-complementaire\">Aide \u00e0 la livraison<\/a><\/em><\/strong><\/p>\n<p style=\"text-align: left;\">A PROPOS DE L&rsquo;HYGIENE des sextoys d&rsquo;occasions&#8230; <strong><em><a href=\"#info-complementaire\">En savoir plus<\/a><\/em><\/strong><\/p>\n","protected":false},"featured_media":42944,"comment_status":"closed","ping_status":"closed","template":"","meta":{"ub_ctt_via":""},"product_cat":[48],"product_tag":[62,34],"yoast_head":"<!-- This site is optimized with the Yoast SEO plugin v22.0 - https:\/\/yoast.com\/wordpress\/plugins\/seo\/ -->\n<title>Colis sextoys 21 - les plaisirs du soumis FETISH - Charlie TENTATIONS<\/title>\n<meta name=\"description\" content=\"Colis sextoys 21 plaisirs du soumis. Cage de chastet\u00e9 m\u00e9tal + plug anal queue de caniche + gode harnais TANTUS UNCUT + Satisfyer pro deluxe\" \/>\n<meta name=\"robots\" content=\"index, follow, max-snippet:-1, max-image-preview:large, max-video-preview:-1\" \/>\n<link rel=\"canonical\" href=\"https:\/\/charlie-liveshow.com\/Tentation-erotique\/produit\/colis-sextoys-21-plaisirs-du-soumis\/\" \/>\n<meta property=\"og:locale\" content=\"fr_FR\" \/>\n<meta property=\"og:type\" content=\"article\" \/>\n<meta property=\"og:title\" content=\"Colis sextoys 21 - les plaisirs du soumis FETISH - Charlie TENTATIONS\" \/>\n<meta property=\"og:description\" content=\"Colis sextoys 21 plaisirs du soumis. Cage de chastet\u00e9 m\u00e9tal + plug anal queue de caniche + gode harnais TANTUS UNCUT + Satisfyer pro deluxe\" \/>\n<meta property=\"og:url\" content=\"https:\/\/charlie-liveshow.com\/Tentation-erotique\/produit\/colis-sextoys-21-plaisirs-du-soumis\/\" \/>\n<meta property=\"og:site_name\" content=\"TENTATIONS \u00c9ROTIQUES par Charlie Liveshow\" \/>\n<meta property=\"article:publisher\" content=\"https:\/\/www.facebook.com\/charlielivetantra\" \/>\n<meta property=\"article:modified_time\" content=\"2021-05-29T11:13:37+00:00\" \/>\n<meta property=\"og:image\" content=\"https:\/\/charlie-liveshow.com\/Tentation-erotique\/wp-content\/uploads\/2020\/10\/colis-sextoys-occasions-01-colis21-H.jpg\" \/>\n\t<meta property=\"og:image:width\" content=\"1024\" \/>\n\t<meta property=\"og:image:height\" content=\"678\" \/>\n\t<meta property=\"og:image:type\" content=\"image\/jpeg\" \/>\n<meta name=\"twitter:card\" content=\"summary_large_image\" \/>\n<meta name=\"twitter:site\" content=\"@Charlieliveshow\" \/>\n<meta name=\"twitter:label1\" content=\"Dur\u00e9e de lecture estim\u00e9e\" \/>\n\t<meta name=\"twitter:data1\" content=\"2 minutes\" \/>\n<script type=\"application\/ld+json\" class=\"yoast-schema-graph\">{\"@context\":\"https:\/\/schema.org\",\"@graph\":[{\"@type\":\"WebPage\",\"@id\":\"https:\/\/charlie-liveshow.com\/Tentation-erotique\/produit\/colis-sextoys-21-plaisirs-du-soumis\/\",\"url\":\"https:\/\/charlie-liveshow.com\/Tentation-erotique\/produit\/colis-sextoys-21-plaisirs-du-soumis\/\",\"name\":\"Colis sextoys 21 - les plaisirs du soumis FETISH - Charlie TENTATIONS\",\"isPartOf\":{\"@id\":\"https:\/\/charlie-liveshow.com\/Tentation-erotique\/#website\"},\"datePublished\":\"2020-10-11T14:57:21+00:00\",\"dateModified\":\"2021-05-29T11:13:37+00:00\",\"description\":\"Colis sextoys 21 plaisirs du soumis. Cage de chastet\u00e9 m\u00e9tal + plug anal queue de caniche + gode harnais TANTUS UNCUT + Satisfyer pro deluxe\",\"breadcrumb\":{\"@id\":\"https:\/\/charlie-liveshow.com\/Tentation-erotique\/produit\/colis-sextoys-21-plaisirs-du-soumis\/#breadcrumb\"},\"inLanguage\":\"fr-FR\",\"potentialAction\":[{\"@type\":\"ReadAction\",\"target\":[\"https:\/\/charlie-liveshow.com\/Tentation-erotique\/produit\/colis-sextoys-21-plaisirs-du-soumis\/\"]}]},{\"@type\":\"BreadcrumbList\",\"@id\":\"https:\/\/charlie-liveshow.com\/Tentation-erotique\/produit\/colis-sextoys-21-plaisirs-du-soumis\/#breadcrumb\",\"itemListElement\":[{\"@type\":\"ListItem\",\"position\":1,\"name\":\"Charlie r\u00e9veille vos sens\",\"item\":\"https:\/\/charlie-liveshow.com\/Tentation-erotique\/page-d-accueil-commerce\/\"},{\"@type\":\"ListItem\",\"position\":2,\"name\":\"COLIS SEXTOYS ! Le plaisir pour tous\",\"item\":\"https:\/\/charlie-liveshow.com\/Tentation-erotique\/categorie-produit\/sextoys-doccasions\/\"},{\"@type\":\"ListItem\",\"position\":3,\"name\":\"Colis sextoys 21 &#8211; les plaisirs du soumis FETISH\"}]},{\"@type\":\"WebSite\",\"@id\":\"https:\/\/charlie-liveshow.com\/Tentation-erotique\/#website\",\"url\":\"https:\/\/charlie-liveshow.com\/Tentation-erotique\/\",\"name\":\"TENTATIONS \u00c9ROTIQUES par Charlie Liveshow\",\"description\":\"Eveillez vous \u00e0 l&#039;\u00e9rotisme\",\"publisher\":{\"@id\":\"https:\/\/charlie-liveshow.com\/Tentation-erotique\/#organization\"},\"potentialAction\":[{\"@type\":\"SearchAction\",\"target\":{\"@type\":\"EntryPoint\",\"urlTemplate\":\"https:\/\/charlie-liveshow.com\/Tentation-erotique\/?s={search_term_string}\"},\"query-input\":\"required name=search_term_string\"}],\"inLanguage\":\"fr-FR\"},{\"@type\":\"Organization\",\"@id\":\"https:\/\/charlie-liveshow.com\/Tentation-erotique\/#organization\",\"name\":\"charlie-liveshow\",\"url\":\"https:\/\/charlie-liveshow.com\/Tentation-erotique\/\",\"logo\":{\"@type\":\"ImageObject\",\"inLanguage\":\"fr-FR\",\"@id\":\"https:\/\/charlie-liveshow.com\/Tentation-erotique\/#\/schema\/logo\/image\/\",\"url\":\"https:\/\/charlie-liveshow.com\/Tentation-erotique\/wp-content\/uploads\/2013\/05\/Charlie_folies_logo.png\",\"contentUrl\":\"https:\/\/charlie-liveshow.com\/Tentation-erotique\/wp-content\/uploads\/2013\/05\/Charlie_folies_logo.png\",\"width\":210,\"height\":206,\"caption\":\"charlie-liveshow\"},\"image\":{\"@id\":\"https:\/\/charlie-liveshow.com\/Tentation-erotique\/#\/schema\/logo\/image\/\"},\"sameAs\":[\"https:\/\/www.facebook.com\/charlielivetantra\",\"https:\/\/twitter.com\/Charlieliveshow\",\"https:\/\/www.instagram.com\/charlie_liveshow\/\",\"https:\/\/www.youtube.com\/CharlieTantra\"]}]}<\/script>\n<!-- \/ Yoast SEO plugin. -->","yoast_head_json":{"title":"Colis sextoys 21 - les plaisirs du soumis FETISH - Charlie TENTATIONS","description":"Colis sextoys 21 plaisirs du soumis. Cage de chastet\u00e9 m\u00e9tal + plug anal queue de caniche + gode harnais TANTUS UNCUT + Satisfyer pro deluxe","robots":{"index":"index","follow":"follow","max-snippet":"max-snippet:-1","max-image-preview":"max-image-preview:large","max-video-preview":"max-video-preview:-1"},"canonical":"https:\/\/charlie-liveshow.com\/Tentation-erotique\/produit\/colis-sextoys-21-plaisirs-du-soumis\/","og_locale":"fr_FR","og_type":"article","og_title":"Colis sextoys 21 - les plaisirs du soumis FETISH - Charlie TENTATIONS","og_description":"Colis sextoys 21 plaisirs du soumis. Cage de chastet\u00e9 m\u00e9tal + plug anal queue de caniche + gode harnais TANTUS UNCUT + Satisfyer pro deluxe","og_url":"https:\/\/charlie-liveshow.com\/Tentation-erotique\/produit\/colis-sextoys-21-plaisirs-du-soumis\/","og_site_name":"TENTATIONS \u00c9ROTIQUES par Charlie Liveshow","article_publisher":"https:\/\/www.facebook.com\/charlielivetantra","article_modified_time":"2021-05-29T11:13:37+00:00","og_image":[{"width":1024,"height":678,"url":"https:\/\/charlie-liveshow.com\/Tentation-erotique\/wp-content\/uploads\/2020\/10\/colis-sextoys-occasions-01-colis21-H.jpg","type":"image\/jpeg"}],"twitter_card":"summary_large_image","twitter_site":"@Charlieliveshow","twitter_misc":{"Dur\u00e9e de lecture estim\u00e9e":"2 minutes"},"schema":{"@context":"https:\/\/schema.org","@graph":[{"@type":"WebPage","@id":"https:\/\/charlie-liveshow.com\/Tentation-erotique\/produit\/colis-sextoys-21-plaisirs-du-soumis\/","url":"https:\/\/charlie-liveshow.com\/Tentation-erotique\/produit\/colis-sextoys-21-plaisirs-du-soumis\/","name":"Colis sextoys 21 - les plaisirs du soumis FETISH - Charlie TENTATIONS","isPartOf":{"@id":"https:\/\/charlie-liveshow.com\/Tentation-erotique\/#website"},"datePublished":"2020-10-11T14:57:21+00:00","dateModified":"2021-05-29T11:13:37+00:00","description":"Colis sextoys 21 plaisirs du soumis. Cage de chastet\u00e9 m\u00e9tal + plug anal queue de caniche + gode harnais TANTUS UNCUT + Satisfyer pro deluxe","breadcrumb":{"@id":"https:\/\/charlie-liveshow.com\/Tentation-erotique\/produit\/colis-sextoys-21-plaisirs-du-soumis\/#breadcrumb"},"inLanguage":"fr-FR","potentialAction":[{"@type":"ReadAction","target":["https:\/\/charlie-liveshow.com\/Tentation-erotique\/produit\/colis-sextoys-21-plaisirs-du-soumis\/"]}]},{"@type":"BreadcrumbList","@id":"https:\/\/charlie-liveshow.com\/Tentation-erotique\/produit\/colis-sextoys-21-plaisirs-du-soumis\/#breadcrumb","itemListElement":[{"@type":"ListItem","position":1,"name":"Charlie r\u00e9veille vos sens","item":"https:\/\/charlie-liveshow.com\/Tentation-erotique\/page-d-accueil-commerce\/"},{"@type":"ListItem","position":2,"name":"COLIS SEXTOYS ! Le plaisir pour tous","item":"https:\/\/charlie-liveshow.com\/Tentation-erotique\/categorie-produit\/sextoys-doccasions\/"},{"@type":"ListItem","position":3,"name":"Colis sextoys 21 &#8211; les plaisirs du soumis FETISH"}]},{"@type":"WebSite","@id":"https:\/\/charlie-liveshow.com\/Tentation-erotique\/#website","url":"https:\/\/charlie-liveshow.com\/Tentation-erotique\/","name":"TENTATIONS \u00c9ROTIQUES par Charlie Liveshow","description":"Eveillez vous \u00e0 l&#039;\u00e9rotisme","publisher":{"@id":"https:\/\/charlie-liveshow.com\/Tentation-erotique\/#organization"},"potentialAction":[{"@type":"SearchAction","target":{"@type":"EntryPoint","urlTemplate":"https:\/\/charlie-liveshow.com\/Tentation-erotique\/?s={search_term_string}"},"query-input":"required name=search_term_string"}],"inLanguage":"fr-FR"},{"@type":"Organization","@id":"https:\/\/charlie-liveshow.com\/Tentation-erotique\/#organization","name":"charlie-liveshow","url":"https:\/\/charlie-liveshow.com\/Tentation-erotique\/","logo":{"@type":"ImageObject","inLanguage":"fr-FR","@id":"https:\/\/charlie-liveshow.com\/Tentation-erotique\/#\/schema\/logo\/image\/","url":"https:\/\/charlie-liveshow.com\/Tentation-erotique\/wp-content\/uploads\/2013\/05\/Charlie_folies_logo.png","contentUrl":"https:\/\/charlie-liveshow.com\/Tentation-erotique\/wp-content\/uploads\/2013\/05\/Charlie_folies_logo.png","width":210,"height":206,"caption":"charlie-liveshow"},"image":{"@id":"https:\/\/charlie-liveshow.com\/Tentation-erotique\/#\/schema\/logo\/image\/"},"sameAs":["https:\/\/www.facebook.com\/charlielivetantra","https:\/\/twitter.com\/Charlieliveshow","https:\/\/www.instagram.com\/charlie_liveshow\/","https:\/\/www.youtube.com\/CharlieTantra"]}]}},"_links":{"self":[{"href":"https:\/\/charlie-liveshow.com\/Tentation-erotique\/wp-json\/wp\/v2\/product\/42935"}],"collection":[{"href":"https:\/\/charlie-liveshow.com\/Tentation-erotique\/wp-json\/wp\/v2\/product"}],"about":[{"href":"https:\/\/charlie-liveshow.com\/Tentation-erotique\/wp-json\/wp\/v2\/types\/product"}],"replies":[{"embeddable":true,"href":"https:\/\/charlie-liveshow.com\/Tentation-erotique\/wp-json\/wp\/v2\/comments?post=42935"}],"version-history":[{"count":0,"href":"https:\/\/charlie-liveshow.com\/Tentation-erotique\/wp-json\/wp\/v2\/product\/42935\/revisions"}],"wp:featuredmedia":[{"embeddable":true,"href":"https:\/\/charlie-liveshow.com\/Tentation-erotique\/wp-json\/wp\/v2\/media\/42944"}],"wp:attachment":[{"href":"https:\/\/charlie-liveshow.com\/Tentation-erotique\/wp-json\/wp\/v2\/media?parent=42935"}],"wp:term":[{"taxonomy":"product_cat","embeddable":true,"href":"https:\/\/charlie-liveshow.com\/Tentation-erotique\/wp-json\/wp\/v2\/product_cat?post=42935"},{"taxonomy":"product_tag","embeddable":true,"href":"https:\/\/charlie-liveshow.com\/Tentation-erotique\/wp-json\/wp\/v2\/product_tag?post=42935"}],"curies":[{"name":"wp","href":"https:\/\/api.w.org\/{rel}","templated":true}]}}