{"id":42933,"date":"2020-10-11T16:57:16","date_gmt":"2020-10-11T14:57:16","guid":{"rendered":"https:\/\/charlie-liveshow.com\/Tentation-erotique\/?post_type=product&#038;p=42933"},"modified":"2021-02-02T15:49:15","modified_gmt":"2021-02-02T14:49:15","slug":"colis-sextoys-20-mega-orgasme","status":"publish","type":"product","link":"https:\/\/charlie-liveshow.com\/Tentation-erotique\/produit\/colis-sextoys-20-mega-orgasme\/","title":{"rendered":"Colis sextoys 20 &#8211; Mega orgasme"},"content":{"rendered":"<p><a id=\"info-complementaire\"><\/a><strong>Les sextoys d&rsquo;occasions. La sexualit\u00e9 ludique c&rsquo;est pour tous !<\/strong><\/p>\n<p>3 sextoys 50% moins cher qu&rsquo;en loveshop. MEGA ORGASME c&rsquo;est le colis pour celles qui veulent des orgasmes XXL. Le colis de 3 sextoys N\u00b020 avec 3 sex-toys d&rsquo;exceptions qui vont vous cr\u00e9er des sensations jusqu&rsquo;alors inconnue. Le colis sextoys N\u00b020 revient \u00e0 la source de mes colis sextoys \u00e0 savoir proposer des sextoys de qualit\u00e9 \u00e0 toutes celles qui veulent enrichir, ouvrir, diversifier leur sexualit\u00e9 et leur plaisirs intimes. Des MEGA ORGASME \u00e0 tout petit prix ! Ma s\u00e9lection hot de 3 sextoys d&rsquo;occasions num\u00e9ro 20 contient : Le gigantesque <strong>MEGA WAND de Dorcel<\/strong> en version LUXE OR. C&rsquo;est aussi l&rsquo;occasion de d\u00e9couvrir le ph\u00e9nom\u00e9nal stimulateur clitoridien par aspiration<strong> WOMANIZER 2GO <\/strong>un sextoy de luxe se cache sous une apparence de rouge \u00e0 l\u00e8vres g\u00e9ant. Et enfin <strong>l&rsquo;excellent gode r\u00e9aliste \u00e0 ventouse SILEX D<\/strong> aux mensurations XL et au toucher vraiment tr\u00e8s proche d&rsquo;un vrai p\u00e9nis. Si vous osez coupler le gode r\u00e9aliste et un des deux autres sextoys je vous garantit un MEGA ORGASME !<\/p>\n<p>Valeur du colis <strong>neuf :\u00a0 234.89\u20ac. <\/strong>Le colis complet des 3 sex-toys d&rsquo;occasions est <strong>vendu 100.20\u20ac<\/strong><\/p>\n<h2>Vos sextoys avec 57% d&rsquo;\u00e9conomie !<\/h2>\n<h3>CONTENU du colis num\u00e9ro 20 MEGA ORGASME<\/h3>\n<ul>\n<li><strong>MEGA WAND version luxe or,<\/strong> une des magic wand les plus puissantes du march\u00e9. Simple et tr\u00e8s efficaces, c&rsquo;est du Dorcel alors c&rsquo;est forc\u00e9ment glamour et c&rsquo;est forc\u00e9ment MEGA<br \/>\n&#8211; Valeur neuf 69.99\u20ac sur le <a href=\"https:\/\/www.dorcelstore.com\/fr\/megawand-dorcel-gold.html#ae14\" target=\"_blank\" rel=\"noopener noreferrer\">DORCEL STORE<\/a> &#8211; <a href=\"https:\/\/charlie-liveshow.com\/charlie-tantra\/megawand-dorcel-vibromasseur-clito\/\">voir le test<\/a><\/li>\n<li><strong>SILEXD un super gode r\u00e9aliste thermo sensible. <\/strong>Un des rares godes r\u00e9alistes \u00e0 ventouse qui a su me plaire. Il a re\u00e7u seulement un 14\/20 \u00e0 cause de son emballage pour le reste c&rsquo;est que du bonheur ! Longueur ins\u00e9rable 17cm &#8211; diam\u00e8tre 4.4cm<br \/>\n&#8211; Valeur neuf 45.90 \u20ac sur <a href=\"https:\/\/www.ruedesplaisirs.com\/catalogue\/sextoys,m=1\/gode_thermo-reactif_model_3_24_cm,ip=6426\/ap=54\/idardp=ea2bfa79cd221f1e88a9bf39ea155cd8\" target=\"_blank\" rel=\"noopener noreferrer\">RUE DES PLAISIRS<\/a> &#8211; <a href=\"https:\/\/charlie-liveshow.com\/charlie-tantra\/gors-gode-rose-silexd-model-3\/\">voir le test<\/a><\/li>\n<li><strong>WOMANIZER 2 GO, <\/strong>Le plus beau des stimulateurs clitoridien. V\u00e9ritable sextoy de luxe il vous fera d\u00e9couvrir des sensations que jamais, oui c&rsquo;est triste, une langue vous fera connaitre. Un cadeau de luxe camoufl\u00e9 en tube de rouge \u00e0 l\u00e8vres pour des orgasmes discrets mais intenses<br \/>\n&#8211; Valeur neuf : 119\u20ac sur le <a href=\"https:\/\/www.dorcelstore.com\/fr\/stimulateur-clitoridien-womanizer-2go-noir.html\/#ae14\" target=\"_blank\" rel=\"noopener noreferrer\">DORCEL STORE<\/a> &#8211; <a href=\"https:\/\/charlie-liveshow.com\/charlie-tantra\/womanizer-2go-rouge-a-levres-sextoy\/\">voir le test<\/a><\/li>\n<\/ul>\n<h3>Tests sextoys &amp; achat sextoy neuf<\/h3>\n<div class=\"su-custom-gallery su-custom-gallery-title-never\"><div class=\"su-custom-gallery-slide\"><a href=\"https:\/\/charlie-liveshow.com\/charlie-tantra\/test-sex-toy-decale-by-charlie\/\" target=\"_blank\" title=\"LOGO-Charlie-Tantra-Superstar-amp\"><img decoding=\"async\" src=\"https:\/\/charlie-liveshow.com\/Tentation-erotique\/wp-content\/uploads\/2019\/05\/LOGO-Charlie-Tantra-Superstar-amp-180x90.png\" alt=\"LOGO-Charlie-Tantra-Superstar-amp\" width=\"180\" height=\"90\" \/><span class=\"su-custom-gallery-title\">LOGO-Charlie-Tantra-Superstar-amp<\/span><\/a><\/div><div class=\"su-custom-gallery-slide\"><a href=\"https:\/\/www.dorcelstore.com\/fr\/#ae14\" target=\"_blank\" title=\"dorcelstore-luxure-depuis-1979-730&#215;430\"><img decoding=\"async\" src=\"https:\/\/charlie-liveshow.com\/Tentation-erotique\/wp-content\/uploads\/2019\/05\/dorcelstore-luxure-depuis-1979-730x430-180x90.jpg\" alt=\"dorcelstore-luxure-depuis-1979-730&#215;430\" width=\"180\" height=\"90\" \/><span class=\"su-custom-gallery-title\">dorcelstore-luxure-depuis-1979-730&#215;430<\/span><\/a><\/div><div class=\"su-custom-gallery-slide\"><a href=\"https:\/\/www.monlapinrose.com\/545-sextoys\/#ae62\" target=\"_blank\" title=\"monlapinrose\"><img decoding=\"async\" src=\"https:\/\/charlie-liveshow.com\/Tentation-erotique\/wp-content\/uploads\/2019\/05\/monlapinrose-180x90.png\" alt=\"monlapinrose\" width=\"180\" height=\"90\" \/><span class=\"su-custom-gallery-title\">monlapinrose<\/span><\/a><\/div><div class=\"su-custom-gallery-slide\"><a href=\"https:\/\/www.ruedesplaisirs.com\/catalogue\/sextoys,m=1\/idardp=ea2bfa79cd221f1e88a9bf39ea155cd8\" target=\"_blank\" title=\"logo\"><img loading=\"lazy\" decoding=\"async\" src=\"https:\/\/charlie-liveshow.com\/Tentation-erotique\/wp-content\/uploads\/2019\/05\/logo-180x90.png\" alt=\"logo\" width=\"180\" height=\"90\" \/><span class=\"su-custom-gallery-title\">logo<\/span><\/a><\/div><div class=\"su-clear\"><\/div><\/div>\n","protected":false},"excerpt":{"rendered":"<p><strong>Colis sextoys N\u00b020 &#8211; MEGA ORGASME<br \/>\n<\/strong><\/p>\n<p>Le colis sextoys N\u00b020 revient \u00e0 la source de mes colis sextoys \u00e0 savoir proposer des sextoys de qualit\u00e9 \u00e0 toutes celles qui veulent enrichir, ouvrir, diversifier leur sexualit\u00e9 et leur plaisirs intimes. Ma s\u00e9lection hot de 3 sextoys d&rsquo;occasions num\u00e9ro 20 contient : Le gigantesque <strong>MEGA WAND de Dorcel<\/strong> en version LUXE OR. Le ph\u00e9nom\u00e9nal stimulateur clitoridien par aspiration<strong> WOMANIZER 2GO <\/strong>un sextoy de luxe cach\u00e9 sous une apparence de rouge \u00e0 l\u00e8vres g\u00e9ant. Et <strong>l&rsquo;excellent gode r\u00e9aliste \u00e0 ventouse SILEX D<\/strong> aux mensurations et au toucher vraiment tr\u00e8s proche d&rsquo;un vrai beau p\u00e9nis.<\/p>\n<p>Valeur du colis neuf :\u00a0 234.89\u20ac. Le colis complet des 3 sex-toys d&rsquo;occasions est vendu 100.20\u20ac ( frais de livraison inclus)<\/p>\n<p><strong>Vos sextoys avec 57% d&rsquo;\u00e9conomie !<\/strong><\/p>\n<p style=\"text-align: left;\"><strong>Colis exp\u00e9di\u00e9 sous 4 jours*<\/strong> par mondial relais en France, Belgique et Luxembourg UNIQUEMENT &#8211; <strong><em><a href=\"#info-complementaire\">Aide \u00e0 la livraison<\/a><\/em><\/strong><\/p>\n<p style=\"text-align: left;\">A PROPOS DE L&rsquo;HYGIENE des sextoys d&rsquo;occasions&#8230; <strong><em><a href=\"#info-complementaire\">En savoir plus<\/a><\/em><\/strong><\/p>\n","protected":false},"featured_media":42942,"comment_status":"closed","ping_status":"closed","template":"","meta":{"ub_ctt_via":""},"product_cat":[48],"product_tag":[62,34],"yoast_head":"<!-- This site is optimized with the Yoast SEO plugin v22.0 - https:\/\/yoast.com\/wordpress\/plugins\/seo\/ -->\n<title>Colis sextoys 20 - Mega orgasme - Charlie TENTATIONS<\/title>\n<meta name=\"description\" content=\"Colis sextoys 20 : WOMANIZER 2GO + Gode r\u00e9aliste SILEXD thermo sensible + MEGA WAND Dorcel &gt; -57% sur le lot MEGA ORGASME en pr\u00e9vision non ?!\" \/>\n<meta name=\"robots\" content=\"index, follow, max-snippet:-1, max-image-preview:large, max-video-preview:-1\" \/>\n<link rel=\"canonical\" href=\"https:\/\/charlie-liveshow.com\/Tentation-erotique\/produit\/colis-sextoys-20-mega-orgasme\/\" \/>\n<meta property=\"og:locale\" content=\"fr_FR\" \/>\n<meta property=\"og:type\" content=\"article\" \/>\n<meta property=\"og:title\" content=\"Colis sextoys 20 - Mega orgasme - Charlie TENTATIONS\" \/>\n<meta property=\"og:description\" content=\"Colis sextoys 20 : WOMANIZER 2GO + Gode r\u00e9aliste SILEXD thermo sensible + MEGA WAND Dorcel &gt; -57% sur le lot MEGA ORGASME en pr\u00e9vision non ?!\" \/>\n<meta property=\"og:url\" content=\"https:\/\/charlie-liveshow.com\/Tentation-erotique\/produit\/colis-sextoys-20-mega-orgasme\/\" \/>\n<meta property=\"og:site_name\" content=\"TENTATIONS \u00c9ROTIQUES par Charlie Liveshow\" \/>\n<meta property=\"article:publisher\" content=\"https:\/\/www.facebook.com\/charlielivetantra\" \/>\n<meta property=\"article:modified_time\" content=\"2021-02-02T14:49:15+00:00\" \/>\n<meta property=\"og:image\" content=\"https:\/\/charlie-liveshow.com\/Tentation-erotique\/wp-content\/uploads\/2020\/10\/colis-sextoys-occasions-01-colis20-H.jpg\" \/>\n\t<meta property=\"og:image:width\" content=\"1024\" \/>\n\t<meta property=\"og:image:height\" content=\"678\" \/>\n\t<meta property=\"og:image:type\" content=\"image\/jpeg\" \/>\n<meta name=\"twitter:card\" content=\"summary_large_image\" \/>\n<meta name=\"twitter:site\" content=\"@Charlieliveshow\" \/>\n<meta name=\"twitter:label1\" content=\"Dur\u00e9e de lecture estim\u00e9e\" \/>\n\t<meta name=\"twitter:data1\" content=\"2 minutes\" \/>\n<script type=\"application\/ld+json\" class=\"yoast-schema-graph\">{\"@context\":\"https:\/\/schema.org\",\"@graph\":[{\"@type\":\"WebPage\",\"@id\":\"https:\/\/charlie-liveshow.com\/Tentation-erotique\/produit\/colis-sextoys-20-mega-orgasme\/\",\"url\":\"https:\/\/charlie-liveshow.com\/Tentation-erotique\/produit\/colis-sextoys-20-mega-orgasme\/\",\"name\":\"Colis sextoys 20 - Mega orgasme - Charlie TENTATIONS\",\"isPartOf\":{\"@id\":\"https:\/\/charlie-liveshow.com\/Tentation-erotique\/#website\"},\"datePublished\":\"2020-10-11T14:57:16+00:00\",\"dateModified\":\"2021-02-02T14:49:15+00:00\",\"description\":\"Colis sextoys 20 : WOMANIZER 2GO + Gode r\u00e9aliste SILEXD thermo sensible + MEGA WAND Dorcel > -57% sur le lot MEGA ORGASME en pr\u00e9vision non ?!\",\"breadcrumb\":{\"@id\":\"https:\/\/charlie-liveshow.com\/Tentation-erotique\/produit\/colis-sextoys-20-mega-orgasme\/#breadcrumb\"},\"inLanguage\":\"fr-FR\",\"potentialAction\":[{\"@type\":\"ReadAction\",\"target\":[\"https:\/\/charlie-liveshow.com\/Tentation-erotique\/produit\/colis-sextoys-20-mega-orgasme\/\"]}]},{\"@type\":\"BreadcrumbList\",\"@id\":\"https:\/\/charlie-liveshow.com\/Tentation-erotique\/produit\/colis-sextoys-20-mega-orgasme\/#breadcrumb\",\"itemListElement\":[{\"@type\":\"ListItem\",\"position\":1,\"name\":\"Charlie r\u00e9veille vos sens\",\"item\":\"https:\/\/charlie-liveshow.com\/Tentation-erotique\/page-d-accueil-commerce\/\"},{\"@type\":\"ListItem\",\"position\":2,\"name\":\"COLIS SEXTOYS ! Le plaisir pour tous\",\"item\":\"https:\/\/charlie-liveshow.com\/Tentation-erotique\/categorie-produit\/sextoys-doccasions\/\"},{\"@type\":\"ListItem\",\"position\":3,\"name\":\"Colis sextoys 20 &#8211; Mega orgasme\"}]},{\"@type\":\"WebSite\",\"@id\":\"https:\/\/charlie-liveshow.com\/Tentation-erotique\/#website\",\"url\":\"https:\/\/charlie-liveshow.com\/Tentation-erotique\/\",\"name\":\"TENTATIONS \u00c9ROTIQUES par Charlie Liveshow\",\"description\":\"Eveillez vous \u00e0 l&#039;\u00e9rotisme\",\"publisher\":{\"@id\":\"https:\/\/charlie-liveshow.com\/Tentation-erotique\/#organization\"},\"potentialAction\":[{\"@type\":\"SearchAction\",\"target\":{\"@type\":\"EntryPoint\",\"urlTemplate\":\"https:\/\/charlie-liveshow.com\/Tentation-erotique\/?s={search_term_string}\"},\"query-input\":\"required name=search_term_string\"}],\"inLanguage\":\"fr-FR\"},{\"@type\":\"Organization\",\"@id\":\"https:\/\/charlie-liveshow.com\/Tentation-erotique\/#organization\",\"name\":\"charlie-liveshow\",\"url\":\"https:\/\/charlie-liveshow.com\/Tentation-erotique\/\",\"logo\":{\"@type\":\"ImageObject\",\"inLanguage\":\"fr-FR\",\"@id\":\"https:\/\/charlie-liveshow.com\/Tentation-erotique\/#\/schema\/logo\/image\/\",\"url\":\"https:\/\/charlie-liveshow.com\/Tentation-erotique\/wp-content\/uploads\/2013\/05\/Charlie_folies_logo.png\",\"contentUrl\":\"https:\/\/charlie-liveshow.com\/Tentation-erotique\/wp-content\/uploads\/2013\/05\/Charlie_folies_logo.png\",\"width\":210,\"height\":206,\"caption\":\"charlie-liveshow\"},\"image\":{\"@id\":\"https:\/\/charlie-liveshow.com\/Tentation-erotique\/#\/schema\/logo\/image\/\"},\"sameAs\":[\"https:\/\/www.facebook.com\/charlielivetantra\",\"https:\/\/twitter.com\/Charlieliveshow\",\"https:\/\/www.instagram.com\/charlie_liveshow\/\",\"https:\/\/www.youtube.com\/CharlieTantra\"]}]}<\/script>\n<!-- \/ Yoast SEO plugin. -->","yoast_head_json":{"title":"Colis sextoys 20 - Mega orgasme - Charlie TENTATIONS","description":"Colis sextoys 20 : WOMANIZER 2GO + Gode r\u00e9aliste SILEXD thermo sensible + MEGA WAND Dorcel > -57% sur le lot MEGA ORGASME en pr\u00e9vision non ?!","robots":{"index":"index","follow":"follow","max-snippet":"max-snippet:-1","max-image-preview":"max-image-preview:large","max-video-preview":"max-video-preview:-1"},"canonical":"https:\/\/charlie-liveshow.com\/Tentation-erotique\/produit\/colis-sextoys-20-mega-orgasme\/","og_locale":"fr_FR","og_type":"article","og_title":"Colis sextoys 20 - Mega orgasme - Charlie TENTATIONS","og_description":"Colis sextoys 20 : WOMANIZER 2GO + Gode r\u00e9aliste SILEXD thermo sensible + MEGA WAND Dorcel > -57% sur le lot MEGA ORGASME en pr\u00e9vision non ?!","og_url":"https:\/\/charlie-liveshow.com\/Tentation-erotique\/produit\/colis-sextoys-20-mega-orgasme\/","og_site_name":"TENTATIONS \u00c9ROTIQUES par Charlie Liveshow","article_publisher":"https:\/\/www.facebook.com\/charlielivetantra","article_modified_time":"2021-02-02T14:49:15+00:00","og_image":[{"width":1024,"height":678,"url":"https:\/\/charlie-liveshow.com\/Tentation-erotique\/wp-content\/uploads\/2020\/10\/colis-sextoys-occasions-01-colis20-H.jpg","type":"image\/jpeg"}],"twitter_card":"summary_large_image","twitter_site":"@Charlieliveshow","twitter_misc":{"Dur\u00e9e de lecture estim\u00e9e":"2 minutes"},"schema":{"@context":"https:\/\/schema.org","@graph":[{"@type":"WebPage","@id":"https:\/\/charlie-liveshow.com\/Tentation-erotique\/produit\/colis-sextoys-20-mega-orgasme\/","url":"https:\/\/charlie-liveshow.com\/Tentation-erotique\/produit\/colis-sextoys-20-mega-orgasme\/","name":"Colis sextoys 20 - Mega orgasme - Charlie TENTATIONS","isPartOf":{"@id":"https:\/\/charlie-liveshow.com\/Tentation-erotique\/#website"},"datePublished":"2020-10-11T14:57:16+00:00","dateModified":"2021-02-02T14:49:15+00:00","description":"Colis sextoys 20 : WOMANIZER 2GO + Gode r\u00e9aliste SILEXD thermo sensible + MEGA WAND Dorcel > -57% sur le lot MEGA ORGASME en pr\u00e9vision non ?!","breadcrumb":{"@id":"https:\/\/charlie-liveshow.com\/Tentation-erotique\/produit\/colis-sextoys-20-mega-orgasme\/#breadcrumb"},"inLanguage":"fr-FR","potentialAction":[{"@type":"ReadAction","target":["https:\/\/charlie-liveshow.com\/Tentation-erotique\/produit\/colis-sextoys-20-mega-orgasme\/"]}]},{"@type":"BreadcrumbList","@id":"https:\/\/charlie-liveshow.com\/Tentation-erotique\/produit\/colis-sextoys-20-mega-orgasme\/#breadcrumb","itemListElement":[{"@type":"ListItem","position":1,"name":"Charlie r\u00e9veille vos sens","item":"https:\/\/charlie-liveshow.com\/Tentation-erotique\/page-d-accueil-commerce\/"},{"@type":"ListItem","position":2,"name":"COLIS SEXTOYS ! Le plaisir pour tous","item":"https:\/\/charlie-liveshow.com\/Tentation-erotique\/categorie-produit\/sextoys-doccasions\/"},{"@type":"ListItem","position":3,"name":"Colis sextoys 20 &#8211; Mega orgasme"}]},{"@type":"WebSite","@id":"https:\/\/charlie-liveshow.com\/Tentation-erotique\/#website","url":"https:\/\/charlie-liveshow.com\/Tentation-erotique\/","name":"TENTATIONS \u00c9ROTIQUES par Charlie Liveshow","description":"Eveillez vous \u00e0 l&#039;\u00e9rotisme","publisher":{"@id":"https:\/\/charlie-liveshow.com\/Tentation-erotique\/#organization"},"potentialAction":[{"@type":"SearchAction","target":{"@type":"EntryPoint","urlTemplate":"https:\/\/charlie-liveshow.com\/Tentation-erotique\/?s={search_term_string}"},"query-input":"required name=search_term_string"}],"inLanguage":"fr-FR"},{"@type":"Organization","@id":"https:\/\/charlie-liveshow.com\/Tentation-erotique\/#organization","name":"charlie-liveshow","url":"https:\/\/charlie-liveshow.com\/Tentation-erotique\/","logo":{"@type":"ImageObject","inLanguage":"fr-FR","@id":"https:\/\/charlie-liveshow.com\/Tentation-erotique\/#\/schema\/logo\/image\/","url":"https:\/\/charlie-liveshow.com\/Tentation-erotique\/wp-content\/uploads\/2013\/05\/Charlie_folies_logo.png","contentUrl":"https:\/\/charlie-liveshow.com\/Tentation-erotique\/wp-content\/uploads\/2013\/05\/Charlie_folies_logo.png","width":210,"height":206,"caption":"charlie-liveshow"},"image":{"@id":"https:\/\/charlie-liveshow.com\/Tentation-erotique\/#\/schema\/logo\/image\/"},"sameAs":["https:\/\/www.facebook.com\/charlielivetantra","https:\/\/twitter.com\/Charlieliveshow","https:\/\/www.instagram.com\/charlie_liveshow\/","https:\/\/www.youtube.com\/CharlieTantra"]}]}},"_links":{"self":[{"href":"https:\/\/charlie-liveshow.com\/Tentation-erotique\/wp-json\/wp\/v2\/product\/42933"}],"collection":[{"href":"https:\/\/charlie-liveshow.com\/Tentation-erotique\/wp-json\/wp\/v2\/product"}],"about":[{"href":"https:\/\/charlie-liveshow.com\/Tentation-erotique\/wp-json\/wp\/v2\/types\/product"}],"replies":[{"embeddable":true,"href":"https:\/\/charlie-liveshow.com\/Tentation-erotique\/wp-json\/wp\/v2\/comments?post=42933"}],"version-history":[{"count":0,"href":"https:\/\/charlie-liveshow.com\/Tentation-erotique\/wp-json\/wp\/v2\/product\/42933\/revisions"}],"wp:featuredmedia":[{"embeddable":true,"href":"https:\/\/charlie-liveshow.com\/Tentation-erotique\/wp-json\/wp\/v2\/media\/42942"}],"wp:attachment":[{"href":"https:\/\/charlie-liveshow.com\/Tentation-erotique\/wp-json\/wp\/v2\/media?parent=42933"}],"wp:term":[{"taxonomy":"product_cat","embeddable":true,"href":"https:\/\/charlie-liveshow.com\/Tentation-erotique\/wp-json\/wp\/v2\/product_cat?post=42933"},{"taxonomy":"product_tag","embeddable":true,"href":"https:\/\/charlie-liveshow.com\/Tentation-erotique\/wp-json\/wp\/v2\/product_tag?post=42933"}],"curies":[{"name":"wp","href":"https:\/\/api.w.org\/{rel}","templated":true}]}}