{"id":42914,"date":"2020-08-28T15:09:51","date_gmt":"2020-08-28T13:09:51","guid":{"rendered":"https:\/\/charlie-liveshow.com\/Tentation-erotique\/?post_type=product&#038;p=42914"},"modified":"2021-01-30T13:19:29","modified_gmt":"2021-01-30T12:19:29","slug":"encule-moi-fort-cession-4","status":"publish","type":"product","link":"https:\/\/charlie-liveshow.com\/Tentation-erotique\/produit\/encule-moi-fort-cession-4\/","title":{"rendered":"Encule moi fort et gicle moi dessus ! Baise moi &#8211; cession 4"},"content":{"rendered":"<div id=\"note\">\n<div class=\"row\">\n<div class=\"col-12 col-md\">\n<h2 class=\"card-title mb-0\">J&rsquo;adore me faire baiser le cul !<\/h2>\n<\/div>\n<\/div>\n<p>J&rsquo;adore me faire baiser et me faire enculer pendant un test de sextoys ! En plus de savoir que c&rsquo;est film\u00e9 et que tu vas te branler en me regardant me faire baiser fort \u00e7a m&rsquo;excite encore plus ! Alors sors ta bite et baise moi le cul pendant que je me fais d\u00e9foncer !<\/p>\n<p>Retrouve plus de vid\u00e9o sur ma cha\u00eene <a href=\"https:\/\/www.modelhub.com\/charlie-liveshow?t=ts\" target=\"_blank\" rel=\"noopener noreferrer\">PORNHUB.<\/a><\/p>\n<h4>Mots-cl\u00e9s<\/h4>\n<span class=\"su-label su-label-type-important\">POV<\/span> &#8211; <span class=\"su-label su-label-type-success\">ANAL<\/span> &#8211; <span class=\"su-label su-label-type-success\">Cumshot<\/span> &#8211; <span class=\"su-label su-label-type-info\">ROUGH SEX<\/span> &#8211; <span class=\"su-label su-label-type-info\">amateur<\/span> &#8211; <span class=\"su-label su-label-type-info\">Fuck &amp; cum<\/span> For (hot) adult only !<\/p>\n<h4>Fiche technique<\/h4>\n<p><strong>Dur\u00e9e : 11 minutes <\/strong>\u00a0| Qualit\u00e9 : 1980 x 1080 px &#8211; <strong>Format : .mp4 | <\/strong>Taille : 433mo<\/p>\n<p>&nbsp;<\/p>\n<\/div>\n","protected":false},"excerpt":{"rendered":"<div class=\"row\">\n<div class=\"col-12 col-md\">\n<p>J&rsquo;adore me faire baiser et me faire enculer pendant un test de sextoys ! En plus de savoir que c&rsquo;est film\u00e9 et que tu vas te branler en me regardant me faire baiser fort \u00e7a m&rsquo;excite encore plus ! Alors sors ta bite et baise moi le cul pendant que je me fais d\u00e9foncer !<\/p>\n<p><strong><a href=\"https:\/\/www.manyvids.com\/Video\/2529242\/Baise-moi-fort-gicle-sur-mon-cul\" target=\"_blank\" rel=\"noopener\">TEASER VISIBLE SUR MANYVIDS<\/a><\/strong><\/p>\n<\/div>\n<\/div>\n<p><strong>Dur\u00e9e : 11 minutes de baise intense jusqu&rsquo;\u00e0 te faire gicler sur mon cul<br \/>\n<\/strong><\/p>\n","protected":false},"featured_media":43500,"comment_status":"open","ping_status":"closed","template":"","meta":{"ub_ctt_via":""},"product_cat":[53],"product_tag":[43,155,164],"yoast_head":"<!-- This site is optimized with the Yoast SEO plugin v22.0 - https:\/\/yoast.com\/wordpress\/plugins\/seo\/ -->\n<title>Encule moi fort et gicle moi dessus ! Baise moi - cession 4<\/title>\n<meta name=\"description\" content=\"Encule moi fort et gicle sur mon cul de cochonne ! J&#039;adore me faire baiser pendant un test de sextoys surtout si tu me regardes jouir\" \/>\n<meta name=\"robots\" content=\"index, follow, max-snippet:-1, max-image-preview:large, max-video-preview:-1\" \/>\n<link rel=\"canonical\" href=\"https:\/\/charlie-liveshow.com\/Tentation-erotique\/produit\/encule-moi-fort-cession-4\/\" \/>\n<meta property=\"og:locale\" content=\"fr_FR\" \/>\n<meta property=\"og:type\" content=\"article\" \/>\n<meta property=\"og:title\" content=\"Encule moi fort et gicle moi dessus ! Baise moi - cession 4\" \/>\n<meta property=\"og:description\" content=\"Encule moi fort et gicle sur mon cul de cochonne ! J&#039;adore me faire baiser pendant un test de sextoys surtout si tu me regardes jouir\" \/>\n<meta property=\"og:url\" content=\"https:\/\/charlie-liveshow.com\/Tentation-erotique\/produit\/encule-moi-fort-cession-4\/\" \/>\n<meta property=\"og:site_name\" content=\"TENTATIONS \u00c9ROTIQUES par Charlie Liveshow\" \/>\n<meta property=\"article:publisher\" content=\"https:\/\/www.facebook.com\/charlielivetantra\" \/>\n<meta property=\"article:modified_time\" content=\"2021-01-30T12:19:29+00:00\" \/>\n<meta property=\"og:image\" content=\"https:\/\/charlie-liveshow.com\/Tentation-erotique\/wp-content\/uploads\/2020\/08\/baise-moi-fort-session4_1024.jpg\" \/>\n\t<meta property=\"og:image:width\" content=\"1024\" \/>\n\t<meta property=\"og:image:height\" content=\"678\" \/>\n\t<meta property=\"og:image:type\" content=\"image\/jpeg\" \/>\n<meta name=\"twitter:card\" content=\"summary_large_image\" \/>\n<meta name=\"twitter:image\" content=\"https:\/\/charlie-liveshow.com\/Tentation-erotique\/wp-content\/uploads\/2020\/08\/double-anale-triple-pene-13-homemade-20200819.jpg\" \/>\n<meta name=\"twitter:site\" content=\"@Charlieliveshow\" \/>\n<meta name=\"twitter:label1\" content=\"Dur\u00e9e de lecture estim\u00e9e\" \/>\n\t<meta name=\"twitter:data1\" content=\"1 minute\" \/>\n<script type=\"application\/ld+json\" class=\"yoast-schema-graph\">{\"@context\":\"https:\/\/schema.org\",\"@graph\":[{\"@type\":\"WebPage\",\"@id\":\"https:\/\/charlie-liveshow.com\/Tentation-erotique\/produit\/encule-moi-fort-cession-4\/\",\"url\":\"https:\/\/charlie-liveshow.com\/Tentation-erotique\/produit\/encule-moi-fort-cession-4\/\",\"name\":\"Encule moi fort et gicle moi dessus ! Baise moi - cession 4\",\"isPartOf\":{\"@id\":\"https:\/\/charlie-liveshow.com\/Tentation-erotique\/#website\"},\"datePublished\":\"2020-08-28T13:09:51+00:00\",\"dateModified\":\"2021-01-30T12:19:29+00:00\",\"description\":\"Encule moi fort et gicle sur mon cul de cochonne ! J'adore me faire baiser pendant un test de sextoys surtout si tu me regardes jouir\",\"breadcrumb\":{\"@id\":\"https:\/\/charlie-liveshow.com\/Tentation-erotique\/produit\/encule-moi-fort-cession-4\/#breadcrumb\"},\"inLanguage\":\"fr-FR\",\"potentialAction\":[{\"@type\":\"ReadAction\",\"target\":[\"https:\/\/charlie-liveshow.com\/Tentation-erotique\/produit\/encule-moi-fort-cession-4\/\"]}]},{\"@type\":\"BreadcrumbList\",\"@id\":\"https:\/\/charlie-liveshow.com\/Tentation-erotique\/produit\/encule-moi-fort-cession-4\/#breadcrumb\",\"itemListElement\":[{\"@type\":\"ListItem\",\"position\":1,\"name\":\"Charlie r\u00e9veille vos sens\",\"item\":\"https:\/\/charlie-liveshow.com\/Tentation-erotique\/page-d-accueil-commerce\/\"},{\"@type\":\"ListItem\",\"position\":2,\"name\":\"Vid\u00e9os xXx\",\"item\":\"https:\/\/charlie-liveshow.com\/Tentation-erotique\/categorie-produit\/videos-x-amateur-charlie\/\"},{\"@type\":\"ListItem\",\"position\":3,\"name\":\"Encule moi fort et gicle moi dessus ! Baise moi &#8211; cession 4\"}]},{\"@type\":\"WebSite\",\"@id\":\"https:\/\/charlie-liveshow.com\/Tentation-erotique\/#website\",\"url\":\"https:\/\/charlie-liveshow.com\/Tentation-erotique\/\",\"name\":\"TENTATIONS \u00c9ROTIQUES par Charlie Liveshow\",\"description\":\"Eveillez vous \u00e0 l&#039;\u00e9rotisme\",\"publisher\":{\"@id\":\"https:\/\/charlie-liveshow.com\/Tentation-erotique\/#organization\"},\"potentialAction\":[{\"@type\":\"SearchAction\",\"target\":{\"@type\":\"EntryPoint\",\"urlTemplate\":\"https:\/\/charlie-liveshow.com\/Tentation-erotique\/?s={search_term_string}\"},\"query-input\":\"required name=search_term_string\"}],\"inLanguage\":\"fr-FR\"},{\"@type\":\"Organization\",\"@id\":\"https:\/\/charlie-liveshow.com\/Tentation-erotique\/#organization\",\"name\":\"charlie-liveshow\",\"url\":\"https:\/\/charlie-liveshow.com\/Tentation-erotique\/\",\"logo\":{\"@type\":\"ImageObject\",\"inLanguage\":\"fr-FR\",\"@id\":\"https:\/\/charlie-liveshow.com\/Tentation-erotique\/#\/schema\/logo\/image\/\",\"url\":\"https:\/\/charlie-liveshow.com\/Tentation-erotique\/wp-content\/uploads\/2013\/05\/Charlie_folies_logo.png\",\"contentUrl\":\"https:\/\/charlie-liveshow.com\/Tentation-erotique\/wp-content\/uploads\/2013\/05\/Charlie_folies_logo.png\",\"width\":210,\"height\":206,\"caption\":\"charlie-liveshow\"},\"image\":{\"@id\":\"https:\/\/charlie-liveshow.com\/Tentation-erotique\/#\/schema\/logo\/image\/\"},\"sameAs\":[\"https:\/\/www.facebook.com\/charlielivetantra\",\"https:\/\/twitter.com\/Charlieliveshow\",\"https:\/\/www.instagram.com\/charlie_liveshow\/\",\"https:\/\/www.youtube.com\/CharlieTantra\"]}]}<\/script>\n<!-- \/ Yoast SEO plugin. -->","yoast_head_json":{"title":"Encule moi fort et gicle moi dessus ! Baise moi - cession 4","description":"Encule moi fort et gicle sur mon cul de cochonne ! J'adore me faire baiser pendant un test de sextoys surtout si tu me regardes jouir","robots":{"index":"index","follow":"follow","max-snippet":"max-snippet:-1","max-image-preview":"max-image-preview:large","max-video-preview":"max-video-preview:-1"},"canonical":"https:\/\/charlie-liveshow.com\/Tentation-erotique\/produit\/encule-moi-fort-cession-4\/","og_locale":"fr_FR","og_type":"article","og_title":"Encule moi fort et gicle moi dessus ! Baise moi - cession 4","og_description":"Encule moi fort et gicle sur mon cul de cochonne ! J'adore me faire baiser pendant un test de sextoys surtout si tu me regardes jouir","og_url":"https:\/\/charlie-liveshow.com\/Tentation-erotique\/produit\/encule-moi-fort-cession-4\/","og_site_name":"TENTATIONS \u00c9ROTIQUES par Charlie Liveshow","article_publisher":"https:\/\/www.facebook.com\/charlielivetantra","article_modified_time":"2021-01-30T12:19:29+00:00","og_image":[{"width":1024,"height":678,"url":"https:\/\/charlie-liveshow.com\/Tentation-erotique\/wp-content\/uploads\/2020\/08\/baise-moi-fort-session4_1024.jpg","type":"image\/jpeg"}],"twitter_card":"summary_large_image","twitter_image":"https:\/\/charlie-liveshow.com\/Tentation-erotique\/wp-content\/uploads\/2020\/08\/double-anale-triple-pene-13-homemade-20200819.jpg","twitter_site":"@Charlieliveshow","twitter_misc":{"Dur\u00e9e de lecture estim\u00e9e":"1 minute"},"schema":{"@context":"https:\/\/schema.org","@graph":[{"@type":"WebPage","@id":"https:\/\/charlie-liveshow.com\/Tentation-erotique\/produit\/encule-moi-fort-cession-4\/","url":"https:\/\/charlie-liveshow.com\/Tentation-erotique\/produit\/encule-moi-fort-cession-4\/","name":"Encule moi fort et gicle moi dessus ! Baise moi - cession 4","isPartOf":{"@id":"https:\/\/charlie-liveshow.com\/Tentation-erotique\/#website"},"datePublished":"2020-08-28T13:09:51+00:00","dateModified":"2021-01-30T12:19:29+00:00","description":"Encule moi fort et gicle sur mon cul de cochonne ! J'adore me faire baiser pendant un test de sextoys surtout si tu me regardes jouir","breadcrumb":{"@id":"https:\/\/charlie-liveshow.com\/Tentation-erotique\/produit\/encule-moi-fort-cession-4\/#breadcrumb"},"inLanguage":"fr-FR","potentialAction":[{"@type":"ReadAction","target":["https:\/\/charlie-liveshow.com\/Tentation-erotique\/produit\/encule-moi-fort-cession-4\/"]}]},{"@type":"BreadcrumbList","@id":"https:\/\/charlie-liveshow.com\/Tentation-erotique\/produit\/encule-moi-fort-cession-4\/#breadcrumb","itemListElement":[{"@type":"ListItem","position":1,"name":"Charlie r\u00e9veille vos sens","item":"https:\/\/charlie-liveshow.com\/Tentation-erotique\/page-d-accueil-commerce\/"},{"@type":"ListItem","position":2,"name":"Vid\u00e9os xXx","item":"https:\/\/charlie-liveshow.com\/Tentation-erotique\/categorie-produit\/videos-x-amateur-charlie\/"},{"@type":"ListItem","position":3,"name":"Encule moi fort et gicle moi dessus ! Baise moi &#8211; cession 4"}]},{"@type":"WebSite","@id":"https:\/\/charlie-liveshow.com\/Tentation-erotique\/#website","url":"https:\/\/charlie-liveshow.com\/Tentation-erotique\/","name":"TENTATIONS \u00c9ROTIQUES par Charlie Liveshow","description":"Eveillez vous \u00e0 l&#039;\u00e9rotisme","publisher":{"@id":"https:\/\/charlie-liveshow.com\/Tentation-erotique\/#organization"},"potentialAction":[{"@type":"SearchAction","target":{"@type":"EntryPoint","urlTemplate":"https:\/\/charlie-liveshow.com\/Tentation-erotique\/?s={search_term_string}"},"query-input":"required name=search_term_string"}],"inLanguage":"fr-FR"},{"@type":"Organization","@id":"https:\/\/charlie-liveshow.com\/Tentation-erotique\/#organization","name":"charlie-liveshow","url":"https:\/\/charlie-liveshow.com\/Tentation-erotique\/","logo":{"@type":"ImageObject","inLanguage":"fr-FR","@id":"https:\/\/charlie-liveshow.com\/Tentation-erotique\/#\/schema\/logo\/image\/","url":"https:\/\/charlie-liveshow.com\/Tentation-erotique\/wp-content\/uploads\/2013\/05\/Charlie_folies_logo.png","contentUrl":"https:\/\/charlie-liveshow.com\/Tentation-erotique\/wp-content\/uploads\/2013\/05\/Charlie_folies_logo.png","width":210,"height":206,"caption":"charlie-liveshow"},"image":{"@id":"https:\/\/charlie-liveshow.com\/Tentation-erotique\/#\/schema\/logo\/image\/"},"sameAs":["https:\/\/www.facebook.com\/charlielivetantra","https:\/\/twitter.com\/Charlieliveshow","https:\/\/www.instagram.com\/charlie_liveshow\/","https:\/\/www.youtube.com\/CharlieTantra"]}]}},"_links":{"self":[{"href":"https:\/\/charlie-liveshow.com\/Tentation-erotique\/wp-json\/wp\/v2\/product\/42914"}],"collection":[{"href":"https:\/\/charlie-liveshow.com\/Tentation-erotique\/wp-json\/wp\/v2\/product"}],"about":[{"href":"https:\/\/charlie-liveshow.com\/Tentation-erotique\/wp-json\/wp\/v2\/types\/product"}],"replies":[{"embeddable":true,"href":"https:\/\/charlie-liveshow.com\/Tentation-erotique\/wp-json\/wp\/v2\/comments?post=42914"}],"version-history":[{"count":0,"href":"https:\/\/charlie-liveshow.com\/Tentation-erotique\/wp-json\/wp\/v2\/product\/42914\/revisions"}],"wp:featuredmedia":[{"embeddable":true,"href":"https:\/\/charlie-liveshow.com\/Tentation-erotique\/wp-json\/wp\/v2\/media\/43500"}],"wp:attachment":[{"href":"https:\/\/charlie-liveshow.com\/Tentation-erotique\/wp-json\/wp\/v2\/media?parent=42914"}],"wp:term":[{"taxonomy":"product_cat","embeddable":true,"href":"https:\/\/charlie-liveshow.com\/Tentation-erotique\/wp-json\/wp\/v2\/product_cat?post=42914"},{"taxonomy":"product_tag","embeddable":true,"href":"https:\/\/charlie-liveshow.com\/Tentation-erotique\/wp-json\/wp\/v2\/product_tag?post=42914"}],"curies":[{"name":"wp","href":"https:\/\/api.w.org\/{rel}","templated":true}]}}