{"id":42766,"date":"2020-07-20T09:42:52","date_gmt":"2020-07-20T07:42:52","guid":{"rendered":"https:\/\/charlie-liveshow.com\/Tentation-erotique\/?post_type=product&#038;p=42766"},"modified":"2021-05-29T13:09:11","modified_gmt":"2021-05-29T11:09:11","slug":"colis-sextoys-18-good-4-you","status":"publish","type":"product","link":"https:\/\/charlie-liveshow.com\/Tentation-erotique\/produit\/colis-sextoys-18-good-4-you\/","title":{"rendered":"Colis sextoys 18 &#8211; good for you"},"content":{"rendered":"<p><a id=\"info-complementaire\"><\/a><strong>Les sextoys d&rsquo;occasions. La sexualit\u00e9 ludique c&rsquo;est pour tous !<\/strong><\/p>\n<p>Ma s\u00e9lection de 3 sextoys 50% moins cher qu&rsquo;en loveshop. GOOD FOR YOU le colis sextoys 18 pour des plaisirs intenses \u00e0 petit prix attention il y a vraiment des sextoys d&rsquo;exceptions ! Ma s\u00e9lection hot de 3 sextoys d&rsquo;occasions num\u00e9ro 18 contient : Le ph\u00e9nom\u00e9nal stimulateur clitoridien par aspiration<strong> SATISFYER PRO 2 VIBRATION<\/strong>, l&rsquo;oeuf vibrant t\u00e9l\u00e9commandable \u00e0 distance <strong>DUA de chez JeJoue, sp\u00e9cial point G ET clitoris ! E<\/strong>nfin un superbe <strong>plug en verre AMETHYST bleu de chez GL\u00c4S. <\/strong>Pour le plaisir anal mais aussi pour <strong>le plaisir des yeux et des photographes<\/strong> ! En gros une s\u00e9lection de sextoys QUE DU BONHEUR \u00a0!<\/p>\n<p>Valeur du colis <strong>neuf :\u00a0 215\u20ac. <\/strong>Le colis complet des 3 sex-toys d&rsquo;occasions est <strong>vendu 100.20\u20ac<\/strong> ( frais de livraison inclus)<\/p>\n<h2>Vos sextoys avec 53% d&rsquo;\u00e9conomie !<\/h2>\n<h3>CONTENU du colis num\u00e9ro 17 HOT STUFF<\/h3>\n<ul>\n<li><strong>SATISFYER PRO2 VIBRATION,<\/strong> un des stimulateurs clitoridien les plus puissant du march\u00e9 avec en plus la fonction vibration.<br \/>\n&#8211; Valeur neuf 60\u20ac sur le <a href=\"https:\/\/www.dorcelstore.com\/fr\/stimulateur-clitoridien-satisfyer-pro-2-vibration.html#ae14\" target=\"_blank\" rel=\"noopener noreferrer\">DORCEL STORE<\/a><\/li>\n<li><strong>L&rsquo;oeuf vibrant DUA de chez JeJoue,<\/strong> pour avoir un p\u00e9rin\u00e9e ultra muscl\u00e9 et avoir des orgasmes de folies<br \/>\n&#8211; Valeur neuf 139 \u20ac sur <a href=\"https:\/\/www.ruedesplaisirs.com\/catalogue\/sextoys,m=1\/vibromasseur_dua,ip=3067\/idardp=ea2bfa79cd221f1e88a9bf39ea155cd8\" target=\"_blank\" rel=\"noopener noreferrer\">RUE DES PLAISIRS<\/a> &#8211; <a href=\"https:\/\/charlie-liveshow.com\/charlie-tantra\/kit-satisfyer-plugs-anal-small-loveballs\/\">voir le test<\/a><\/li>\n<li><strong>Plug ANAL AMETHYST 4cm GL\u00c4S, <\/strong>un superbe plug anal transparent et teint\u00e9 en bleu pour les amateurs de photos hot !<br \/>\n&#8211; Valeur neuf : 16\u20ac sur <a href=\"https:\/\/www.ruedesplaisirs.com\/catalogue\/sextoys,m=1\/plug_anal_en_verre_amethyst_rain,ip=3209\/idardp=ea2bfa79cd221f1e88a9bf39ea155cd8\" target=\"_blank\" rel=\"noopener noreferrer\">RUE DES PLAISIRS<\/a><\/li>\n<\/ul>\n<h3>Tests sextoys &amp; achat sextoy neuf<\/h3>\n<div class=\"su-custom-gallery su-custom-gallery-title-never\"><div class=\"su-custom-gallery-slide\"><a href=\"https:\/\/charlie-liveshow.com\/charlie-tantra\/test-sex-toy-decale-by-charlie\/\" target=\"_blank\" title=\"LOGO-Charlie-Tantra-Superstar-amp\"><img decoding=\"async\" src=\"https:\/\/charlie-liveshow.com\/Tentation-erotique\/wp-content\/uploads\/2019\/05\/LOGO-Charlie-Tantra-Superstar-amp-180x90.png\" alt=\"LOGO-Charlie-Tantra-Superstar-amp\" width=\"180\" height=\"90\" \/><span class=\"su-custom-gallery-title\">LOGO-Charlie-Tantra-Superstar-amp<\/span><\/a><\/div><div class=\"su-custom-gallery-slide\"><a href=\"https:\/\/www.dorcelstore.com\/fr\/#ae14\" target=\"_blank\" title=\"dorcelstore-luxure-depuis-1979-730&#215;430\"><img decoding=\"async\" src=\"https:\/\/charlie-liveshow.com\/Tentation-erotique\/wp-content\/uploads\/2019\/05\/dorcelstore-luxure-depuis-1979-730x430-180x90.jpg\" alt=\"dorcelstore-luxure-depuis-1979-730&#215;430\" width=\"180\" height=\"90\" \/><span class=\"su-custom-gallery-title\">dorcelstore-luxure-depuis-1979-730&#215;430<\/span><\/a><\/div><div class=\"su-custom-gallery-slide\"><a href=\"https:\/\/www.monlapinrose.com\/545-sextoys\/#ae62\" target=\"_blank\" title=\"monlapinrose\"><img decoding=\"async\" src=\"https:\/\/charlie-liveshow.com\/Tentation-erotique\/wp-content\/uploads\/2019\/05\/monlapinrose-180x90.png\" alt=\"monlapinrose\" width=\"180\" height=\"90\" \/><span class=\"su-custom-gallery-title\">monlapinrose<\/span><\/a><\/div><div class=\"su-custom-gallery-slide\"><a href=\"https:\/\/www.ruedesplaisirs.com\/catalogue\/sextoys,m=1\/idardp=ea2bfa79cd221f1e88a9bf39ea155cd8\" target=\"_blank\" title=\"logo\"><img loading=\"lazy\" decoding=\"async\" src=\"https:\/\/charlie-liveshow.com\/Tentation-erotique\/wp-content\/uploads\/2019\/05\/logo-180x90.png\" alt=\"logo\" width=\"180\" height=\"90\" \/><span class=\"su-custom-gallery-title\">logo<\/span><\/a><\/div><div class=\"su-clear\"><\/div><\/div>\n","protected":false},"excerpt":{"rendered":"<p><strong>Colis sextoys N\u00b018 &#8211; GOOD 4 YOU 3 sextoys d&rsquo;exceptions !<br \/>\n<\/strong><\/p>\n<p>Ma s\u00e9lection hot de 3 sextoys d&rsquo;occasions num\u00e9ro 18 contient : Le ph\u00e9nom\u00e9nal stimulateur clitoridien par aspiration<strong> SATISFYER PRO 2 VIBRATION<\/strong>, l&rsquo;oeuf vibrant t\u00e9l\u00e9commandable \u00e0 distance <strong>DUA de chez JeJoue, sp\u00e9cial point G ET clitoris ! E<\/strong>nfin un superbe <strong>plug en verre AMETHYST bleu de chez GL\u00c4S. <\/strong>Pour le plaisir anal mais aussi pour <strong>le plaisir des yeux et des photographes<\/strong> ! En gros une s\u00e9lection de sextoys QUE DU BONHEUR \u00a0!<\/p>\n<p>Valeur du colis neuf :\u00a0 215\u20ac. Le colis complet des 3 sex-toys d&rsquo;occasions est vendu 100.20\u20ac ( frais de livraison inclus)<\/p>\n<p><strong>Vos sextoys avec 53% d&rsquo;\u00e9conomie !<\/strong><\/p>\n<p style=\"text-align: left;\"><strong>Colis exp\u00e9di\u00e9 sous 4 jours*<\/strong> par mondial relais en France, Belgique et Luxembourg UNIQUEMENT &#8211; <strong><em><a href=\"#info-complementaire\">Aide \u00e0 la livraison<\/a><\/em><\/strong><\/p>\n<p style=\"text-align: left;\">A PROPOS DE L&rsquo;HYGIENE des sextoys d&rsquo;occasions&#8230; <strong><em><a href=\"#info-complementaire\">En savoir plus<\/a><\/em><\/strong><\/p>\n","protected":false},"featured_media":42772,"comment_status":"closed","ping_status":"closed","template":"","meta":{"ub_ctt_via":""},"product_cat":[48],"product_tag":[62,34],"yoast_head":"<!-- This site is optimized with the Yoast SEO plugin v22.0 - https:\/\/yoast.com\/wordpress\/plugins\/seo\/ -->\n<title>Colis sextoys 18 - good for you - Charlie TENTATIONS<\/title>\n<meta name=\"description\" content=\"Colis sextoys num\u00e9ro 18 \u00e0 -50% L&#039;excellent SATISFYER PRO 2 VIBRATION l&#039;oeuf t\u00e9l\u00e9commandable PontG et clitoris DUA - Plug anal en verre GL\u00c4S.\" \/>\n<meta name=\"robots\" content=\"index, follow, max-snippet:-1, max-image-preview:large, max-video-preview:-1\" \/>\n<link rel=\"canonical\" href=\"https:\/\/charlie-liveshow.com\/Tentation-erotique\/produit\/colis-sextoys-18-good-4-you\/\" \/>\n<meta property=\"og:locale\" content=\"fr_FR\" \/>\n<meta property=\"og:type\" content=\"article\" \/>\n<meta property=\"og:title\" content=\"Colis sextoys 18 - good for you - Charlie TENTATIONS\" \/>\n<meta property=\"og:description\" content=\"Colis sextoys num\u00e9ro 18 \u00e0 -50% L&#039;excellent SATISFYER PRO 2 VIBRATION l&#039;oeuf t\u00e9l\u00e9commandable PontG et clitoris DUA - Plug anal en verre GL\u00c4S.\" \/>\n<meta property=\"og:url\" content=\"https:\/\/charlie-liveshow.com\/Tentation-erotique\/produit\/colis-sextoys-18-good-4-you\/\" \/>\n<meta property=\"og:site_name\" content=\"TENTATIONS \u00c9ROTIQUES par Charlie Liveshow\" \/>\n<meta property=\"article:publisher\" content=\"https:\/\/www.facebook.com\/charlielivetantra\" \/>\n<meta property=\"article:modified_time\" content=\"2021-05-29T11:09:11+00:00\" \/>\n<meta property=\"og:image\" content=\"https:\/\/charlie-liveshow.com\/Tentation-erotique\/wp-content\/uploads\/2020\/07\/colis-sextoys-18-good-4-you_1.jpg\" \/>\n\t<meta property=\"og:image:width\" content=\"1024\" \/>\n\t<meta property=\"og:image:height\" content=\"678\" \/>\n\t<meta property=\"og:image:type\" content=\"image\/jpeg\" \/>\n<meta name=\"twitter:card\" content=\"summary_large_image\" \/>\n<meta name=\"twitter:site\" content=\"@Charlieliveshow\" \/>\n<meta name=\"twitter:label1\" content=\"Dur\u00e9e de lecture estim\u00e9e\" \/>\n\t<meta name=\"twitter:data1\" content=\"1 minute\" \/>\n<script type=\"application\/ld+json\" class=\"yoast-schema-graph\">{\"@context\":\"https:\/\/schema.org\",\"@graph\":[{\"@type\":\"WebPage\",\"@id\":\"https:\/\/charlie-liveshow.com\/Tentation-erotique\/produit\/colis-sextoys-18-good-4-you\/\",\"url\":\"https:\/\/charlie-liveshow.com\/Tentation-erotique\/produit\/colis-sextoys-18-good-4-you\/\",\"name\":\"Colis sextoys 18 - good for you - Charlie TENTATIONS\",\"isPartOf\":{\"@id\":\"https:\/\/charlie-liveshow.com\/Tentation-erotique\/#website\"},\"datePublished\":\"2020-07-20T07:42:52+00:00\",\"dateModified\":\"2021-05-29T11:09:11+00:00\",\"description\":\"Colis sextoys num\u00e9ro 18 \u00e0 -50% L'excellent SATISFYER PRO 2 VIBRATION l'oeuf t\u00e9l\u00e9commandable PontG et clitoris DUA - Plug anal en verre GL\u00c4S.\",\"breadcrumb\":{\"@id\":\"https:\/\/charlie-liveshow.com\/Tentation-erotique\/produit\/colis-sextoys-18-good-4-you\/#breadcrumb\"},\"inLanguage\":\"fr-FR\",\"potentialAction\":[{\"@type\":\"ReadAction\",\"target\":[\"https:\/\/charlie-liveshow.com\/Tentation-erotique\/produit\/colis-sextoys-18-good-4-you\/\"]}]},{\"@type\":\"BreadcrumbList\",\"@id\":\"https:\/\/charlie-liveshow.com\/Tentation-erotique\/produit\/colis-sextoys-18-good-4-you\/#breadcrumb\",\"itemListElement\":[{\"@type\":\"ListItem\",\"position\":1,\"name\":\"Charlie r\u00e9veille vos sens\",\"item\":\"https:\/\/charlie-liveshow.com\/Tentation-erotique\/page-d-accueil-commerce\/\"},{\"@type\":\"ListItem\",\"position\":2,\"name\":\"COLIS SEXTOYS ! Le plaisir pour tous\",\"item\":\"https:\/\/charlie-liveshow.com\/Tentation-erotique\/categorie-produit\/sextoys-doccasions\/\"},{\"@type\":\"ListItem\",\"position\":3,\"name\":\"Colis sextoys 18 &#8211; good for you\"}]},{\"@type\":\"WebSite\",\"@id\":\"https:\/\/charlie-liveshow.com\/Tentation-erotique\/#website\",\"url\":\"https:\/\/charlie-liveshow.com\/Tentation-erotique\/\",\"name\":\"TENTATIONS \u00c9ROTIQUES par Charlie Liveshow\",\"description\":\"Eveillez vous \u00e0 l&#039;\u00e9rotisme\",\"publisher\":{\"@id\":\"https:\/\/charlie-liveshow.com\/Tentation-erotique\/#organization\"},\"potentialAction\":[{\"@type\":\"SearchAction\",\"target\":{\"@type\":\"EntryPoint\",\"urlTemplate\":\"https:\/\/charlie-liveshow.com\/Tentation-erotique\/?s={search_term_string}\"},\"query-input\":\"required name=search_term_string\"}],\"inLanguage\":\"fr-FR\"},{\"@type\":\"Organization\",\"@id\":\"https:\/\/charlie-liveshow.com\/Tentation-erotique\/#organization\",\"name\":\"charlie-liveshow\",\"url\":\"https:\/\/charlie-liveshow.com\/Tentation-erotique\/\",\"logo\":{\"@type\":\"ImageObject\",\"inLanguage\":\"fr-FR\",\"@id\":\"https:\/\/charlie-liveshow.com\/Tentation-erotique\/#\/schema\/logo\/image\/\",\"url\":\"https:\/\/charlie-liveshow.com\/Tentation-erotique\/wp-content\/uploads\/2013\/05\/Charlie_folies_logo.png\",\"contentUrl\":\"https:\/\/charlie-liveshow.com\/Tentation-erotique\/wp-content\/uploads\/2013\/05\/Charlie_folies_logo.png\",\"width\":210,\"height\":206,\"caption\":\"charlie-liveshow\"},\"image\":{\"@id\":\"https:\/\/charlie-liveshow.com\/Tentation-erotique\/#\/schema\/logo\/image\/\"},\"sameAs\":[\"https:\/\/www.facebook.com\/charlielivetantra\",\"https:\/\/twitter.com\/Charlieliveshow\",\"https:\/\/www.instagram.com\/charlie_liveshow\/\",\"https:\/\/www.youtube.com\/CharlieTantra\"]}]}<\/script>\n<!-- \/ Yoast SEO plugin. -->","yoast_head_json":{"title":"Colis sextoys 18 - good for you - Charlie TENTATIONS","description":"Colis sextoys num\u00e9ro 18 \u00e0 -50% L'excellent SATISFYER PRO 2 VIBRATION l'oeuf t\u00e9l\u00e9commandable PontG et clitoris DUA - Plug anal en verre GL\u00c4S.","robots":{"index":"index","follow":"follow","max-snippet":"max-snippet:-1","max-image-preview":"max-image-preview:large","max-video-preview":"max-video-preview:-1"},"canonical":"https:\/\/charlie-liveshow.com\/Tentation-erotique\/produit\/colis-sextoys-18-good-4-you\/","og_locale":"fr_FR","og_type":"article","og_title":"Colis sextoys 18 - good for you - Charlie TENTATIONS","og_description":"Colis sextoys num\u00e9ro 18 \u00e0 -50% L'excellent SATISFYER PRO 2 VIBRATION l'oeuf t\u00e9l\u00e9commandable PontG et clitoris DUA - Plug anal en verre GL\u00c4S.","og_url":"https:\/\/charlie-liveshow.com\/Tentation-erotique\/produit\/colis-sextoys-18-good-4-you\/","og_site_name":"TENTATIONS \u00c9ROTIQUES par Charlie Liveshow","article_publisher":"https:\/\/www.facebook.com\/charlielivetantra","article_modified_time":"2021-05-29T11:09:11+00:00","og_image":[{"width":1024,"height":678,"url":"https:\/\/charlie-liveshow.com\/Tentation-erotique\/wp-content\/uploads\/2020\/07\/colis-sextoys-18-good-4-you_1.jpg","type":"image\/jpeg"}],"twitter_card":"summary_large_image","twitter_site":"@Charlieliveshow","twitter_misc":{"Dur\u00e9e de lecture estim\u00e9e":"1 minute"},"schema":{"@context":"https:\/\/schema.org","@graph":[{"@type":"WebPage","@id":"https:\/\/charlie-liveshow.com\/Tentation-erotique\/produit\/colis-sextoys-18-good-4-you\/","url":"https:\/\/charlie-liveshow.com\/Tentation-erotique\/produit\/colis-sextoys-18-good-4-you\/","name":"Colis sextoys 18 - good for you - Charlie TENTATIONS","isPartOf":{"@id":"https:\/\/charlie-liveshow.com\/Tentation-erotique\/#website"},"datePublished":"2020-07-20T07:42:52+00:00","dateModified":"2021-05-29T11:09:11+00:00","description":"Colis sextoys num\u00e9ro 18 \u00e0 -50% L'excellent SATISFYER PRO 2 VIBRATION l'oeuf t\u00e9l\u00e9commandable PontG et clitoris DUA - Plug anal en verre GL\u00c4S.","breadcrumb":{"@id":"https:\/\/charlie-liveshow.com\/Tentation-erotique\/produit\/colis-sextoys-18-good-4-you\/#breadcrumb"},"inLanguage":"fr-FR","potentialAction":[{"@type":"ReadAction","target":["https:\/\/charlie-liveshow.com\/Tentation-erotique\/produit\/colis-sextoys-18-good-4-you\/"]}]},{"@type":"BreadcrumbList","@id":"https:\/\/charlie-liveshow.com\/Tentation-erotique\/produit\/colis-sextoys-18-good-4-you\/#breadcrumb","itemListElement":[{"@type":"ListItem","position":1,"name":"Charlie r\u00e9veille vos sens","item":"https:\/\/charlie-liveshow.com\/Tentation-erotique\/page-d-accueil-commerce\/"},{"@type":"ListItem","position":2,"name":"COLIS SEXTOYS ! Le plaisir pour tous","item":"https:\/\/charlie-liveshow.com\/Tentation-erotique\/categorie-produit\/sextoys-doccasions\/"},{"@type":"ListItem","position":3,"name":"Colis sextoys 18 &#8211; good for you"}]},{"@type":"WebSite","@id":"https:\/\/charlie-liveshow.com\/Tentation-erotique\/#website","url":"https:\/\/charlie-liveshow.com\/Tentation-erotique\/","name":"TENTATIONS \u00c9ROTIQUES par Charlie Liveshow","description":"Eveillez vous \u00e0 l&#039;\u00e9rotisme","publisher":{"@id":"https:\/\/charlie-liveshow.com\/Tentation-erotique\/#organization"},"potentialAction":[{"@type":"SearchAction","target":{"@type":"EntryPoint","urlTemplate":"https:\/\/charlie-liveshow.com\/Tentation-erotique\/?s={search_term_string}"},"query-input":"required name=search_term_string"}],"inLanguage":"fr-FR"},{"@type":"Organization","@id":"https:\/\/charlie-liveshow.com\/Tentation-erotique\/#organization","name":"charlie-liveshow","url":"https:\/\/charlie-liveshow.com\/Tentation-erotique\/","logo":{"@type":"ImageObject","inLanguage":"fr-FR","@id":"https:\/\/charlie-liveshow.com\/Tentation-erotique\/#\/schema\/logo\/image\/","url":"https:\/\/charlie-liveshow.com\/Tentation-erotique\/wp-content\/uploads\/2013\/05\/Charlie_folies_logo.png","contentUrl":"https:\/\/charlie-liveshow.com\/Tentation-erotique\/wp-content\/uploads\/2013\/05\/Charlie_folies_logo.png","width":210,"height":206,"caption":"charlie-liveshow"},"image":{"@id":"https:\/\/charlie-liveshow.com\/Tentation-erotique\/#\/schema\/logo\/image\/"},"sameAs":["https:\/\/www.facebook.com\/charlielivetantra","https:\/\/twitter.com\/Charlieliveshow","https:\/\/www.instagram.com\/charlie_liveshow\/","https:\/\/www.youtube.com\/CharlieTantra"]}]}},"_links":{"self":[{"href":"https:\/\/charlie-liveshow.com\/Tentation-erotique\/wp-json\/wp\/v2\/product\/42766"}],"collection":[{"href":"https:\/\/charlie-liveshow.com\/Tentation-erotique\/wp-json\/wp\/v2\/product"}],"about":[{"href":"https:\/\/charlie-liveshow.com\/Tentation-erotique\/wp-json\/wp\/v2\/types\/product"}],"replies":[{"embeddable":true,"href":"https:\/\/charlie-liveshow.com\/Tentation-erotique\/wp-json\/wp\/v2\/comments?post=42766"}],"version-history":[{"count":0,"href":"https:\/\/charlie-liveshow.com\/Tentation-erotique\/wp-json\/wp\/v2\/product\/42766\/revisions"}],"wp:featuredmedia":[{"embeddable":true,"href":"https:\/\/charlie-liveshow.com\/Tentation-erotique\/wp-json\/wp\/v2\/media\/42772"}],"wp:attachment":[{"href":"https:\/\/charlie-liveshow.com\/Tentation-erotique\/wp-json\/wp\/v2\/media?parent=42766"}],"wp:term":[{"taxonomy":"product_cat","embeddable":true,"href":"https:\/\/charlie-liveshow.com\/Tentation-erotique\/wp-json\/wp\/v2\/product_cat?post=42766"},{"taxonomy":"product_tag","embeddable":true,"href":"https:\/\/charlie-liveshow.com\/Tentation-erotique\/wp-json\/wp\/v2\/product_tag?post=42766"}],"curies":[{"name":"wp","href":"https:\/\/api.w.org\/{rel}","templated":true}]}}