{"id":42734,"date":"2020-07-10T14:35:43","date_gmt":"2020-07-10T12:35:43","guid":{"rendered":"https:\/\/charlie-liveshow.com\/Tentation-erotique\/?post_type=product&#038;p=42734"},"modified":"2021-01-25T19:22:52","modified_gmt":"2021-01-25T18:22:52","slug":"baise-moi-sauvagement-amateur","status":"publish","type":"product","link":"https:\/\/charlie-liveshow.com\/Tentation-erotique\/produit\/baise-moi-sauvagement-amateur\/","title":{"rendered":"Baise moi sauvagement &#8211; Le test d&rsquo;un \u00e9norme plug d\u00e9rape"},"content":{"rendered":"<div id=\"note\">\n<div class=\"row\">\n<div class=\"col-12 col-md\">\n<h3 class=\"card-title mb-0\">Baise moi sauvagement cession 1<\/h3>\n<\/div>\n<\/div>\n<p>Quand on a pas de second partenaire on fait avec ce qu&rsquo;on a et parfois c&rsquo;est encore meilleur ! Apr\u00e8s mettre branler avec un \u00e9norme gode je me fais baiser sauvagement en levrette jusqu&rsquo;\u00e0 ce que le mec \u00e9jacule sur mon cul de salope ! Rejoins nous dans une bonne baise sauvage en plein milieu d&rsquo;un test sextoy. Deviens mon second partenaire et fourre moi ta grosse bite dans la bouche pour combler tout mes trous !<\/p>\n<p><strong>GRATUIT ET EN EXCLUSIVITE SUR <a href=\"https:\/\/www.manyvids.com\/Video\/2518382\/Baise-intense-et-enorme-plug-anal\/\" target=\"_blank\" rel=\"noopener\">MON FAN CLUB MANYVIDS<\/a><\/strong><\/p>\n<p>Retrouve plus de vid\u00e9o sur ma cha\u00eene <a href=\"https:\/\/www.modelhub.com\/charlie-liveshow?t=ts\" target=\"_blank\" rel=\"noopener noreferrer\">PORNHUB.<\/a><\/p>\n<h4>Mots-cl\u00e9s<\/h4>\n<span class=\"su-label su-label-type-important\">POV<\/span> &#8211; <span class=\"su-label su-label-type-success\">EJAC<\/span> &#8211; <span class=\"su-label su-label-type-success\">BAISE<\/span> &#8211; <span class=\"su-label su-label-type-info\">Fellation<\/span> &#8211; <span class=\"su-label su-label-type-info\">amateur<\/span> &#8211; <span class=\"su-label su-label-type-info\">masturbation<\/span> For (hot) adult only !<\/p>\n<h4>Fiche technique<\/h4>\n<p><strong>Dur\u00e9e : 7 minutes <\/strong>\u00a0| Qualit\u00e9 : 1280 x 720 px &#8211; <strong>Format : .mp4 | <\/strong>Taille : 259 mo<\/p>\n<div style=\"width: 640px;\" class=\"wp-video\"><!--[if lt IE 9]><script>document.createElement('video');<\/script><![endif]-->\n<video class=\"wp-video-shortcode\" id=\"video-42734-1\" width=\"640\" height=\"360\" preload=\"metadata\" controls=\"controls\"><source type=\"video\/mp4\" src=\"https:\/\/charlie-liveshow.com\/Tentation-erotique\/wp-content\/uploads\/2020\/07\/baise-moi-juillet-teaser.mp4?_=1\" \/><a href=\"https:\/\/charlie-liveshow.com\/Tentation-erotique\/wp-content\/uploads\/2020\/07\/baise-moi-juillet-teaser.mp4\">https:\/\/charlie-liveshow.com\/Tentation-erotique\/wp-content\/uploads\/2020\/07\/baise-moi-juillet-teaser.mp4<\/a><\/video><\/div>\n<p>&nbsp;<\/p>\n<\/div>\n","protected":false},"excerpt":{"rendered":"<div class=\"row\">\n<div class=\"col-12 col-md\">\n<p>Quand on a pas de second partenaire on fait avec ce qu&rsquo;on a et parfois c&rsquo;est encore meilleur ! Apr\u00e8s mettre branler avec un \u00e9norme gode je me fais baiser sauvagement en levrette jusqu&rsquo;\u00e0 ce que le mec \u00e9jacule sur mon cul de salope<\/p>\n<p>EN EXCLUSIVITE SUR <a href=\"https:\/\/www.manyvids.com\/Video\/2518382\/Baise-intense-et-enorme-plug-anal\/\" target=\"_blank\" rel=\"noopener\">MON FAN CLUB MANYVIDS<\/a><\/p>\n<\/div>\n<\/div>\n<p><strong>Dur\u00e9e : 7 minutes de baise intense avec pipe et \u00e9jac<br \/>\n<\/strong><\/p>\n","protected":false},"featured_media":43432,"comment_status":"open","ping_status":"closed","template":"","meta":{"ub_ctt_via":""},"product_cat":[53],"product_tag":[155,159,59],"yoast_head":"<!-- This site is optimized with the Yoast SEO plugin v22.0 - https:\/\/yoast.com\/wordpress\/plugins\/seo\/ -->\n<title>Baise moi sauvagement - Le test d&#039;un \u00e9norme plug d\u00e9rape<\/title>\n<meta name=\"description\" content=\"Grosse pipe, gros gode, grosse baise ! Baise moi sauvagement, \u00e9jacule sur mon gros cul de salope ! J&#039;aime me faire d\u00e9foncer et fesser le cul\" \/>\n<meta name=\"robots\" content=\"index, follow, max-snippet:-1, max-image-preview:large, max-video-preview:-1\" \/>\n<link rel=\"canonical\" href=\"https:\/\/charlie-liveshow.com\/Tentation-erotique\/produit\/baise-moi-sauvagement-amateur\/\" \/>\n<meta property=\"og:locale\" content=\"fr_FR\" \/>\n<meta property=\"og:type\" content=\"article\" \/>\n<meta property=\"og:title\" content=\"Baise moi sauvagement - Le test d&#039;un \u00e9norme plug d\u00e9rape\" \/>\n<meta property=\"og:description\" content=\"Grosse pipe, gros gode, grosse baise ! Baise moi sauvagement, \u00e9jacule sur mon gros cul de salope ! J&#039;aime me faire d\u00e9foncer et fesser le cul\" \/>\n<meta property=\"og:url\" content=\"https:\/\/charlie-liveshow.com\/Tentation-erotique\/produit\/baise-moi-sauvagement-amateur\/\" \/>\n<meta property=\"og:site_name\" content=\"TENTATIONS \u00c9ROTIQUES par Charlie Liveshow\" \/>\n<meta property=\"article:publisher\" content=\"https:\/\/www.facebook.com\/charlielivetantra\" \/>\n<meta property=\"article:modified_time\" content=\"2021-01-25T18:22:52+00:00\" \/>\n<meta property=\"og:image\" content=\"https:\/\/charlie-liveshow.com\/Tentation-erotique\/wp-content\/uploads\/2020\/07\/baise-moi-sauvagement-1-202107.jpg\" \/>\n\t<meta property=\"og:image:width\" content=\"1024\" \/>\n\t<meta property=\"og:image:height\" content=\"678\" \/>\n\t<meta property=\"og:image:type\" content=\"image\/jpeg\" \/>\n<meta name=\"twitter:card\" content=\"summary_large_image\" \/>\n<meta name=\"twitter:site\" content=\"@Charlieliveshow\" \/>\n<meta name=\"twitter:label1\" content=\"Dur\u00e9e de lecture estim\u00e9e\" \/>\n\t<meta name=\"twitter:data1\" content=\"1 minute\" \/>\n<script type=\"application\/ld+json\" class=\"yoast-schema-graph\">{\"@context\":\"https:\/\/schema.org\",\"@graph\":[{\"@type\":\"WebPage\",\"@id\":\"https:\/\/charlie-liveshow.com\/Tentation-erotique\/produit\/baise-moi-sauvagement-amateur\/\",\"url\":\"https:\/\/charlie-liveshow.com\/Tentation-erotique\/produit\/baise-moi-sauvagement-amateur\/\",\"name\":\"Baise moi sauvagement - Le test d'un \u00e9norme plug d\u00e9rape\",\"isPartOf\":{\"@id\":\"https:\/\/charlie-liveshow.com\/Tentation-erotique\/#website\"},\"datePublished\":\"2020-07-10T12:35:43+00:00\",\"dateModified\":\"2021-01-25T18:22:52+00:00\",\"description\":\"Grosse pipe, gros gode, grosse baise ! Baise moi sauvagement, \u00e9jacule sur mon gros cul de salope ! J'aime me faire d\u00e9foncer et fesser le cul\",\"breadcrumb\":{\"@id\":\"https:\/\/charlie-liveshow.com\/Tentation-erotique\/produit\/baise-moi-sauvagement-amateur\/#breadcrumb\"},\"inLanguage\":\"fr-FR\",\"potentialAction\":[{\"@type\":\"ReadAction\",\"target\":[\"https:\/\/charlie-liveshow.com\/Tentation-erotique\/produit\/baise-moi-sauvagement-amateur\/\"]}]},{\"@type\":\"BreadcrumbList\",\"@id\":\"https:\/\/charlie-liveshow.com\/Tentation-erotique\/produit\/baise-moi-sauvagement-amateur\/#breadcrumb\",\"itemListElement\":[{\"@type\":\"ListItem\",\"position\":1,\"name\":\"Charlie r\u00e9veille vos sens\",\"item\":\"https:\/\/charlie-liveshow.com\/Tentation-erotique\/page-d-accueil-commerce\/\"},{\"@type\":\"ListItem\",\"position\":2,\"name\":\"Vid\u00e9os xXx\",\"item\":\"https:\/\/charlie-liveshow.com\/Tentation-erotique\/categorie-produit\/videos-x-amateur-charlie\/\"},{\"@type\":\"ListItem\",\"position\":3,\"name\":\"Baise moi sauvagement &#8211; Le test d&rsquo;un \u00e9norme plug d\u00e9rape\"}]},{\"@type\":\"WebSite\",\"@id\":\"https:\/\/charlie-liveshow.com\/Tentation-erotique\/#website\",\"url\":\"https:\/\/charlie-liveshow.com\/Tentation-erotique\/\",\"name\":\"TENTATIONS \u00c9ROTIQUES par Charlie Liveshow\",\"description\":\"Eveillez vous \u00e0 l&#039;\u00e9rotisme\",\"publisher\":{\"@id\":\"https:\/\/charlie-liveshow.com\/Tentation-erotique\/#organization\"},\"potentialAction\":[{\"@type\":\"SearchAction\",\"target\":{\"@type\":\"EntryPoint\",\"urlTemplate\":\"https:\/\/charlie-liveshow.com\/Tentation-erotique\/?s={search_term_string}\"},\"query-input\":\"required name=search_term_string\"}],\"inLanguage\":\"fr-FR\"},{\"@type\":\"Organization\",\"@id\":\"https:\/\/charlie-liveshow.com\/Tentation-erotique\/#organization\",\"name\":\"charlie-liveshow\",\"url\":\"https:\/\/charlie-liveshow.com\/Tentation-erotique\/\",\"logo\":{\"@type\":\"ImageObject\",\"inLanguage\":\"fr-FR\",\"@id\":\"https:\/\/charlie-liveshow.com\/Tentation-erotique\/#\/schema\/logo\/image\/\",\"url\":\"https:\/\/charlie-liveshow.com\/Tentation-erotique\/wp-content\/uploads\/2013\/05\/Charlie_folies_logo.png\",\"contentUrl\":\"https:\/\/charlie-liveshow.com\/Tentation-erotique\/wp-content\/uploads\/2013\/05\/Charlie_folies_logo.png\",\"width\":210,\"height\":206,\"caption\":\"charlie-liveshow\"},\"image\":{\"@id\":\"https:\/\/charlie-liveshow.com\/Tentation-erotique\/#\/schema\/logo\/image\/\"},\"sameAs\":[\"https:\/\/www.facebook.com\/charlielivetantra\",\"https:\/\/twitter.com\/Charlieliveshow\",\"https:\/\/www.instagram.com\/charlie_liveshow\/\",\"https:\/\/www.youtube.com\/CharlieTantra\"]}]}<\/script>\n<!-- \/ Yoast SEO plugin. -->","yoast_head_json":{"title":"Baise moi sauvagement - Le test d'un \u00e9norme plug d\u00e9rape","description":"Grosse pipe, gros gode, grosse baise ! Baise moi sauvagement, \u00e9jacule sur mon gros cul de salope ! J'aime me faire d\u00e9foncer et fesser le cul","robots":{"index":"index","follow":"follow","max-snippet":"max-snippet:-1","max-image-preview":"max-image-preview:large","max-video-preview":"max-video-preview:-1"},"canonical":"https:\/\/charlie-liveshow.com\/Tentation-erotique\/produit\/baise-moi-sauvagement-amateur\/","og_locale":"fr_FR","og_type":"article","og_title":"Baise moi sauvagement - Le test d'un \u00e9norme plug d\u00e9rape","og_description":"Grosse pipe, gros gode, grosse baise ! Baise moi sauvagement, \u00e9jacule sur mon gros cul de salope ! J'aime me faire d\u00e9foncer et fesser le cul","og_url":"https:\/\/charlie-liveshow.com\/Tentation-erotique\/produit\/baise-moi-sauvagement-amateur\/","og_site_name":"TENTATIONS \u00c9ROTIQUES par Charlie Liveshow","article_publisher":"https:\/\/www.facebook.com\/charlielivetantra","article_modified_time":"2021-01-25T18:22:52+00:00","og_image":[{"width":1024,"height":678,"url":"https:\/\/charlie-liveshow.com\/Tentation-erotique\/wp-content\/uploads\/2020\/07\/baise-moi-sauvagement-1-202107.jpg","type":"image\/jpeg"}],"twitter_card":"summary_large_image","twitter_site":"@Charlieliveshow","twitter_misc":{"Dur\u00e9e de lecture estim\u00e9e":"1 minute"},"schema":{"@context":"https:\/\/schema.org","@graph":[{"@type":"WebPage","@id":"https:\/\/charlie-liveshow.com\/Tentation-erotique\/produit\/baise-moi-sauvagement-amateur\/","url":"https:\/\/charlie-liveshow.com\/Tentation-erotique\/produit\/baise-moi-sauvagement-amateur\/","name":"Baise moi sauvagement - Le test d'un \u00e9norme plug d\u00e9rape","isPartOf":{"@id":"https:\/\/charlie-liveshow.com\/Tentation-erotique\/#website"},"datePublished":"2020-07-10T12:35:43+00:00","dateModified":"2021-01-25T18:22:52+00:00","description":"Grosse pipe, gros gode, grosse baise ! Baise moi sauvagement, \u00e9jacule sur mon gros cul de salope ! J'aime me faire d\u00e9foncer et fesser le cul","breadcrumb":{"@id":"https:\/\/charlie-liveshow.com\/Tentation-erotique\/produit\/baise-moi-sauvagement-amateur\/#breadcrumb"},"inLanguage":"fr-FR","potentialAction":[{"@type":"ReadAction","target":["https:\/\/charlie-liveshow.com\/Tentation-erotique\/produit\/baise-moi-sauvagement-amateur\/"]}]},{"@type":"BreadcrumbList","@id":"https:\/\/charlie-liveshow.com\/Tentation-erotique\/produit\/baise-moi-sauvagement-amateur\/#breadcrumb","itemListElement":[{"@type":"ListItem","position":1,"name":"Charlie r\u00e9veille vos sens","item":"https:\/\/charlie-liveshow.com\/Tentation-erotique\/page-d-accueil-commerce\/"},{"@type":"ListItem","position":2,"name":"Vid\u00e9os xXx","item":"https:\/\/charlie-liveshow.com\/Tentation-erotique\/categorie-produit\/videos-x-amateur-charlie\/"},{"@type":"ListItem","position":3,"name":"Baise moi sauvagement &#8211; Le test d&rsquo;un \u00e9norme plug d\u00e9rape"}]},{"@type":"WebSite","@id":"https:\/\/charlie-liveshow.com\/Tentation-erotique\/#website","url":"https:\/\/charlie-liveshow.com\/Tentation-erotique\/","name":"TENTATIONS \u00c9ROTIQUES par Charlie Liveshow","description":"Eveillez vous \u00e0 l&#039;\u00e9rotisme","publisher":{"@id":"https:\/\/charlie-liveshow.com\/Tentation-erotique\/#organization"},"potentialAction":[{"@type":"SearchAction","target":{"@type":"EntryPoint","urlTemplate":"https:\/\/charlie-liveshow.com\/Tentation-erotique\/?s={search_term_string}"},"query-input":"required name=search_term_string"}],"inLanguage":"fr-FR"},{"@type":"Organization","@id":"https:\/\/charlie-liveshow.com\/Tentation-erotique\/#organization","name":"charlie-liveshow","url":"https:\/\/charlie-liveshow.com\/Tentation-erotique\/","logo":{"@type":"ImageObject","inLanguage":"fr-FR","@id":"https:\/\/charlie-liveshow.com\/Tentation-erotique\/#\/schema\/logo\/image\/","url":"https:\/\/charlie-liveshow.com\/Tentation-erotique\/wp-content\/uploads\/2013\/05\/Charlie_folies_logo.png","contentUrl":"https:\/\/charlie-liveshow.com\/Tentation-erotique\/wp-content\/uploads\/2013\/05\/Charlie_folies_logo.png","width":210,"height":206,"caption":"charlie-liveshow"},"image":{"@id":"https:\/\/charlie-liveshow.com\/Tentation-erotique\/#\/schema\/logo\/image\/"},"sameAs":["https:\/\/www.facebook.com\/charlielivetantra","https:\/\/twitter.com\/Charlieliveshow","https:\/\/www.instagram.com\/charlie_liveshow\/","https:\/\/www.youtube.com\/CharlieTantra"]}]}},"_links":{"self":[{"href":"https:\/\/charlie-liveshow.com\/Tentation-erotique\/wp-json\/wp\/v2\/product\/42734"}],"collection":[{"href":"https:\/\/charlie-liveshow.com\/Tentation-erotique\/wp-json\/wp\/v2\/product"}],"about":[{"href":"https:\/\/charlie-liveshow.com\/Tentation-erotique\/wp-json\/wp\/v2\/types\/product"}],"replies":[{"embeddable":true,"href":"https:\/\/charlie-liveshow.com\/Tentation-erotique\/wp-json\/wp\/v2\/comments?post=42734"}],"version-history":[{"count":0,"href":"https:\/\/charlie-liveshow.com\/Tentation-erotique\/wp-json\/wp\/v2\/product\/42734\/revisions"}],"wp:featuredmedia":[{"embeddable":true,"href":"https:\/\/charlie-liveshow.com\/Tentation-erotique\/wp-json\/wp\/v2\/media\/43432"}],"wp:attachment":[{"href":"https:\/\/charlie-liveshow.com\/Tentation-erotique\/wp-json\/wp\/v2\/media?parent=42734"}],"wp:term":[{"taxonomy":"product_cat","embeddable":true,"href":"https:\/\/charlie-liveshow.com\/Tentation-erotique\/wp-json\/wp\/v2\/product_cat?post=42734"},{"taxonomy":"product_tag","embeddable":true,"href":"https:\/\/charlie-liveshow.com\/Tentation-erotique\/wp-json\/wp\/v2\/product_tag?post=42734"}],"curies":[{"name":"wp","href":"https:\/\/api.w.org\/{rel}","templated":true}]}}