{"id":42692,"date":"2020-06-26T13:55:32","date_gmt":"2020-06-26T11:55:32","guid":{"rendered":"https:\/\/charlie-liveshow.com\/Tentation-erotique\/?post_type=product&#038;p=42692"},"modified":"2021-02-06T16:46:15","modified_gmt":"2021-02-06T15:46:15","slug":"la-nonne-pute-et-le-goupillon-magique","status":"publish","type":"product","link":"https:\/\/charlie-liveshow.com\/Tentation-erotique\/produit\/la-nonne-pute-et-le-goupillon-magique\/","title":{"rendered":"La nonne pute et le goupillon magique &#8211; Latex cosplay"},"content":{"rendered":"<div id=\"note\">\n<div class=\"row\">\n<div class=\"col-12 col-md\">\n<h3 class=\"card-title mb-0\">Fetish &amp; Latex, la nonne-pute<\/h3>\n<\/div>\n<\/div>\n<p>Tu aimes les univers fetish, le latex et les baises intenses ? Accompagne Soeur Charlie, la nonne-pute qui d\u00e9couvre le goupillon magique et convertit chaque jour de nouveaux fid\u00e8les ! L&rsquo;enfer est pav\u00e9s d&rsquo;orgasmes ind\u00e9cents !Tu aimes les univers fetish, le latex et les baises intenses ? Accompagne Soeur Charlie, la nonne-pute qui d\u00e9couvre le goupillon magique et convertit chaque jour de nouveaux fid\u00e8les ! L&rsquo;enfer est pav\u00e9s d&rsquo;orgasmes ind\u00e9cents !<\/p>\n<p>Retrouve plus de vid\u00e9o sur ma cha\u00eene <a href=\"https:\/\/www.modelhub.com\/charlie-liveshow?t=ts\" target=\"_blank\" rel=\"noopener noreferrer\">PORNHUB.<\/a><\/p>\n<h4>Mots-cl\u00e9s<\/h4>\n<span class=\"su-label su-label-type-important\">COSPLAY<\/span> &#8211; <span class=\"su-label su-label-type-success\">latex<\/span> &#8211; <span class=\"su-label su-label-type-success\">BAISE<\/span> &#8211; <span class=\"su-label su-label-type-info\">Fellation<\/span> &#8211; <span class=\"su-label su-label-type-info\">Baise hard<\/span> &#8211; <span class=\"su-label su-label-type-info\">Fetish<\/span> For (hot) adult only !<\/p>\n<h4>Fiche technique<\/h4>\n<p><strong>Dur\u00e9e : 18 minutes <\/strong>\u00a0| Qualit\u00e9 : 1280 x 720 px &#8211; <strong>Format : .mp4 | <\/strong>Taille : 668 mo<\/p>\n<p><iframe src=\"https:\/\/www.pornhub.com\/embed\/ph5ef5e7904e7fd\" width=\"560\" height=\"315\" frameborder=\"0\" scrolling=\"no\" allowfullscreen=\"allowfullscreen\"><\/iframe><\/p>\n<\/div>\n","protected":false},"excerpt":{"rendered":"<div class=\"row\">\n<div class=\"col-12 col-md\">\n<p>Soeur Charlie \u00e0 la recherche de l&rsquo;orgasme sacr\u00e9 enfile sa plus belle tenue latex et se fait baiser sauvagement dans l&rsquo;escalier vers le 7 eme ciel. Toi aussi d\u00e9couvre l&rsquo;orgasme divin et baise la nonne-pute. Amateur de tenue latex et de cosplay fetish bien chaud et bien sacril\u00e8ge vous allez adorer !<\/p>\n<\/div>\n<\/div>\n<p><strong>Dur\u00e9e : 18 minutes de baise intense en mode fetish<br \/>\n<\/strong><\/p>\n","protected":false},"featured_media":43561,"comment_status":"open","ping_status":"closed","template":"","meta":{"ub_ctt_via":""},"product_cat":[53],"product_tag":[155,159,59],"yoast_head":"<!-- This site is optimized with the Yoast SEO plugin v22.0 - https:\/\/yoast.com\/wordpress\/plugins\/seo\/ -->\n<title>La nonne pute et le goupillon magique - Latex cosplay - Charlie Porn vid\u00e9o<\/title>\n<meta name=\"description\" content=\"Charlie, la nonne pute enfile sa tenue latex de nonne-pute et se fait baiser sauvagement dans l&#039;escalier vers le 7eme ciel - FETISH COSPLAY\" \/>\n<meta name=\"robots\" content=\"index, follow, max-snippet:-1, max-image-preview:large, max-video-preview:-1\" \/>\n<link rel=\"canonical\" href=\"https:\/\/charlie-liveshow.com\/Tentation-erotique\/produit\/la-nonne-pute-et-le-goupillon-magique\/\" \/>\n<meta property=\"og:locale\" content=\"fr_FR\" \/>\n<meta property=\"og:type\" content=\"article\" \/>\n<meta property=\"og:title\" content=\"La nonne pute et le goupillon magique - Latex cosplay - Charlie Porn vid\u00e9o\" \/>\n<meta property=\"og:description\" content=\"Charlie, la nonne pute enfile sa tenue latex de nonne-pute et se fait baiser sauvagement dans l&#039;escalier vers le 7eme ciel - FETISH COSPLAY\" \/>\n<meta property=\"og:url\" content=\"https:\/\/charlie-liveshow.com\/Tentation-erotique\/produit\/la-nonne-pute-et-le-goupillon-magique\/\" \/>\n<meta property=\"og:site_name\" content=\"TENTATIONS \u00c9ROTIQUES par Charlie Liveshow\" \/>\n<meta property=\"article:publisher\" content=\"https:\/\/www.facebook.com\/charlielivetantra\" \/>\n<meta property=\"article:modified_time\" content=\"2021-02-06T15:46:15+00:00\" \/>\n<meta property=\"og:image\" content=\"https:\/\/charlie-liveshow.com\/Tentation-erotique\/wp-content\/uploads\/2020\/06\/nonne-pute-goupillon-magique_1024.jpg\" \/>\n\t<meta property=\"og:image:width\" content=\"1024\" \/>\n\t<meta property=\"og:image:height\" content=\"678\" \/>\n\t<meta property=\"og:image:type\" content=\"image\/jpeg\" \/>\n<meta name=\"twitter:card\" content=\"summary_large_image\" \/>\n<meta name=\"twitter:site\" content=\"@Charlieliveshow\" \/>\n<meta name=\"twitter:label1\" content=\"Dur\u00e9e de lecture estim\u00e9e\" \/>\n\t<meta name=\"twitter:data1\" content=\"1 minute\" \/>\n<script type=\"application\/ld+json\" class=\"yoast-schema-graph\">{\"@context\":\"https:\/\/schema.org\",\"@graph\":[{\"@type\":\"WebPage\",\"@id\":\"https:\/\/charlie-liveshow.com\/Tentation-erotique\/produit\/la-nonne-pute-et-le-goupillon-magique\/\",\"url\":\"https:\/\/charlie-liveshow.com\/Tentation-erotique\/produit\/la-nonne-pute-et-le-goupillon-magique\/\",\"name\":\"La nonne pute et le goupillon magique - Latex cosplay - Charlie Porn vid\u00e9o\",\"isPartOf\":{\"@id\":\"https:\/\/charlie-liveshow.com\/Tentation-erotique\/#website\"},\"datePublished\":\"2020-06-26T11:55:32+00:00\",\"dateModified\":\"2021-02-06T15:46:15+00:00\",\"description\":\"Charlie, la nonne pute enfile sa tenue latex de nonne-pute et se fait baiser sauvagement dans l'escalier vers le 7eme ciel - FETISH COSPLAY\",\"breadcrumb\":{\"@id\":\"https:\/\/charlie-liveshow.com\/Tentation-erotique\/produit\/la-nonne-pute-et-le-goupillon-magique\/#breadcrumb\"},\"inLanguage\":\"fr-FR\",\"potentialAction\":[{\"@type\":\"ReadAction\",\"target\":[\"https:\/\/charlie-liveshow.com\/Tentation-erotique\/produit\/la-nonne-pute-et-le-goupillon-magique\/\"]}]},{\"@type\":\"BreadcrumbList\",\"@id\":\"https:\/\/charlie-liveshow.com\/Tentation-erotique\/produit\/la-nonne-pute-et-le-goupillon-magique\/#breadcrumb\",\"itemListElement\":[{\"@type\":\"ListItem\",\"position\":1,\"name\":\"Charlie r\u00e9veille vos sens\",\"item\":\"https:\/\/charlie-liveshow.com\/Tentation-erotique\/page-d-accueil-commerce\/\"},{\"@type\":\"ListItem\",\"position\":2,\"name\":\"Vid\u00e9os xXx\",\"item\":\"https:\/\/charlie-liveshow.com\/Tentation-erotique\/categorie-produit\/videos-x-amateur-charlie\/\"},{\"@type\":\"ListItem\",\"position\":3,\"name\":\"La nonne pute et le goupillon magique &#8211; Latex cosplay\"}]},{\"@type\":\"WebSite\",\"@id\":\"https:\/\/charlie-liveshow.com\/Tentation-erotique\/#website\",\"url\":\"https:\/\/charlie-liveshow.com\/Tentation-erotique\/\",\"name\":\"TENTATIONS \u00c9ROTIQUES par Charlie Liveshow\",\"description\":\"Eveillez vous \u00e0 l&#039;\u00e9rotisme\",\"publisher\":{\"@id\":\"https:\/\/charlie-liveshow.com\/Tentation-erotique\/#organization\"},\"potentialAction\":[{\"@type\":\"SearchAction\",\"target\":{\"@type\":\"EntryPoint\",\"urlTemplate\":\"https:\/\/charlie-liveshow.com\/Tentation-erotique\/?s={search_term_string}\"},\"query-input\":\"required name=search_term_string\"}],\"inLanguage\":\"fr-FR\"},{\"@type\":\"Organization\",\"@id\":\"https:\/\/charlie-liveshow.com\/Tentation-erotique\/#organization\",\"name\":\"charlie-liveshow\",\"url\":\"https:\/\/charlie-liveshow.com\/Tentation-erotique\/\",\"logo\":{\"@type\":\"ImageObject\",\"inLanguage\":\"fr-FR\",\"@id\":\"https:\/\/charlie-liveshow.com\/Tentation-erotique\/#\/schema\/logo\/image\/\",\"url\":\"https:\/\/charlie-liveshow.com\/Tentation-erotique\/wp-content\/uploads\/2013\/05\/Charlie_folies_logo.png\",\"contentUrl\":\"https:\/\/charlie-liveshow.com\/Tentation-erotique\/wp-content\/uploads\/2013\/05\/Charlie_folies_logo.png\",\"width\":210,\"height\":206,\"caption\":\"charlie-liveshow\"},\"image\":{\"@id\":\"https:\/\/charlie-liveshow.com\/Tentation-erotique\/#\/schema\/logo\/image\/\"},\"sameAs\":[\"https:\/\/www.facebook.com\/charlielivetantra\",\"https:\/\/twitter.com\/Charlieliveshow\",\"https:\/\/www.instagram.com\/charlie_liveshow\/\",\"https:\/\/www.youtube.com\/CharlieTantra\"]}]}<\/script>\n<!-- \/ Yoast SEO plugin. -->","yoast_head_json":{"title":"La nonne pute et le goupillon magique - Latex cosplay - Charlie Porn vid\u00e9o","description":"Charlie, la nonne pute enfile sa tenue latex de nonne-pute et se fait baiser sauvagement dans l'escalier vers le 7eme ciel - FETISH COSPLAY","robots":{"index":"index","follow":"follow","max-snippet":"max-snippet:-1","max-image-preview":"max-image-preview:large","max-video-preview":"max-video-preview:-1"},"canonical":"https:\/\/charlie-liveshow.com\/Tentation-erotique\/produit\/la-nonne-pute-et-le-goupillon-magique\/","og_locale":"fr_FR","og_type":"article","og_title":"La nonne pute et le goupillon magique - Latex cosplay - Charlie Porn vid\u00e9o","og_description":"Charlie, la nonne pute enfile sa tenue latex de nonne-pute et se fait baiser sauvagement dans l'escalier vers le 7eme ciel - FETISH COSPLAY","og_url":"https:\/\/charlie-liveshow.com\/Tentation-erotique\/produit\/la-nonne-pute-et-le-goupillon-magique\/","og_site_name":"TENTATIONS \u00c9ROTIQUES par Charlie Liveshow","article_publisher":"https:\/\/www.facebook.com\/charlielivetantra","article_modified_time":"2021-02-06T15:46:15+00:00","og_image":[{"width":1024,"height":678,"url":"https:\/\/charlie-liveshow.com\/Tentation-erotique\/wp-content\/uploads\/2020\/06\/nonne-pute-goupillon-magique_1024.jpg","type":"image\/jpeg"}],"twitter_card":"summary_large_image","twitter_site":"@Charlieliveshow","twitter_misc":{"Dur\u00e9e de lecture estim\u00e9e":"1 minute"},"schema":{"@context":"https:\/\/schema.org","@graph":[{"@type":"WebPage","@id":"https:\/\/charlie-liveshow.com\/Tentation-erotique\/produit\/la-nonne-pute-et-le-goupillon-magique\/","url":"https:\/\/charlie-liveshow.com\/Tentation-erotique\/produit\/la-nonne-pute-et-le-goupillon-magique\/","name":"La nonne pute et le goupillon magique - Latex cosplay - Charlie Porn vid\u00e9o","isPartOf":{"@id":"https:\/\/charlie-liveshow.com\/Tentation-erotique\/#website"},"datePublished":"2020-06-26T11:55:32+00:00","dateModified":"2021-02-06T15:46:15+00:00","description":"Charlie, la nonne pute enfile sa tenue latex de nonne-pute et se fait baiser sauvagement dans l'escalier vers le 7eme ciel - FETISH COSPLAY","breadcrumb":{"@id":"https:\/\/charlie-liveshow.com\/Tentation-erotique\/produit\/la-nonne-pute-et-le-goupillon-magique\/#breadcrumb"},"inLanguage":"fr-FR","potentialAction":[{"@type":"ReadAction","target":["https:\/\/charlie-liveshow.com\/Tentation-erotique\/produit\/la-nonne-pute-et-le-goupillon-magique\/"]}]},{"@type":"BreadcrumbList","@id":"https:\/\/charlie-liveshow.com\/Tentation-erotique\/produit\/la-nonne-pute-et-le-goupillon-magique\/#breadcrumb","itemListElement":[{"@type":"ListItem","position":1,"name":"Charlie r\u00e9veille vos sens","item":"https:\/\/charlie-liveshow.com\/Tentation-erotique\/page-d-accueil-commerce\/"},{"@type":"ListItem","position":2,"name":"Vid\u00e9os xXx","item":"https:\/\/charlie-liveshow.com\/Tentation-erotique\/categorie-produit\/videos-x-amateur-charlie\/"},{"@type":"ListItem","position":3,"name":"La nonne pute et le goupillon magique &#8211; Latex cosplay"}]},{"@type":"WebSite","@id":"https:\/\/charlie-liveshow.com\/Tentation-erotique\/#website","url":"https:\/\/charlie-liveshow.com\/Tentation-erotique\/","name":"TENTATIONS \u00c9ROTIQUES par Charlie Liveshow","description":"Eveillez vous \u00e0 l&#039;\u00e9rotisme","publisher":{"@id":"https:\/\/charlie-liveshow.com\/Tentation-erotique\/#organization"},"potentialAction":[{"@type":"SearchAction","target":{"@type":"EntryPoint","urlTemplate":"https:\/\/charlie-liveshow.com\/Tentation-erotique\/?s={search_term_string}"},"query-input":"required name=search_term_string"}],"inLanguage":"fr-FR"},{"@type":"Organization","@id":"https:\/\/charlie-liveshow.com\/Tentation-erotique\/#organization","name":"charlie-liveshow","url":"https:\/\/charlie-liveshow.com\/Tentation-erotique\/","logo":{"@type":"ImageObject","inLanguage":"fr-FR","@id":"https:\/\/charlie-liveshow.com\/Tentation-erotique\/#\/schema\/logo\/image\/","url":"https:\/\/charlie-liveshow.com\/Tentation-erotique\/wp-content\/uploads\/2013\/05\/Charlie_folies_logo.png","contentUrl":"https:\/\/charlie-liveshow.com\/Tentation-erotique\/wp-content\/uploads\/2013\/05\/Charlie_folies_logo.png","width":210,"height":206,"caption":"charlie-liveshow"},"image":{"@id":"https:\/\/charlie-liveshow.com\/Tentation-erotique\/#\/schema\/logo\/image\/"},"sameAs":["https:\/\/www.facebook.com\/charlielivetantra","https:\/\/twitter.com\/Charlieliveshow","https:\/\/www.instagram.com\/charlie_liveshow\/","https:\/\/www.youtube.com\/CharlieTantra"]}]}},"_links":{"self":[{"href":"https:\/\/charlie-liveshow.com\/Tentation-erotique\/wp-json\/wp\/v2\/product\/42692"}],"collection":[{"href":"https:\/\/charlie-liveshow.com\/Tentation-erotique\/wp-json\/wp\/v2\/product"}],"about":[{"href":"https:\/\/charlie-liveshow.com\/Tentation-erotique\/wp-json\/wp\/v2\/types\/product"}],"replies":[{"embeddable":true,"href":"https:\/\/charlie-liveshow.com\/Tentation-erotique\/wp-json\/wp\/v2\/comments?post=42692"}],"version-history":[{"count":0,"href":"https:\/\/charlie-liveshow.com\/Tentation-erotique\/wp-json\/wp\/v2\/product\/42692\/revisions"}],"wp:featuredmedia":[{"embeddable":true,"href":"https:\/\/charlie-liveshow.com\/Tentation-erotique\/wp-json\/wp\/v2\/media\/43561"}],"wp:attachment":[{"href":"https:\/\/charlie-liveshow.com\/Tentation-erotique\/wp-json\/wp\/v2\/media?parent=42692"}],"wp:term":[{"taxonomy":"product_cat","embeddable":true,"href":"https:\/\/charlie-liveshow.com\/Tentation-erotique\/wp-json\/wp\/v2\/product_cat?post=42692"},{"taxonomy":"product_tag","embeddable":true,"href":"https:\/\/charlie-liveshow.com\/Tentation-erotique\/wp-json\/wp\/v2\/product_tag?post=42692"}],"curies":[{"name":"wp","href":"https:\/\/api.w.org\/{rel}","templated":true}]}}