{"id":42643,"date":"2020-06-10T10:55:29","date_gmt":"2020-06-10T08:55:29","guid":{"rendered":"https:\/\/charlie-liveshow.com\/Tentation-erotique\/?post_type=product&#038;p=42643"},"modified":"2020-07-08T13:19:33","modified_gmt":"2020-07-08T11:19:33","slug":"colis-sextoys-16-selection-hot","status":"publish","type":"product","link":"https:\/\/charlie-liveshow.com\/Tentation-erotique\/produit\/colis-sextoys-16-selection-hot\/","title":{"rendered":"Colis sextoys 16 &#8211; SELECTION HOT"},"content":{"rendered":"<p><a id=\"info-complementaire\"><\/a><strong>Les sextoys d&rsquo;occasions. La sexualit\u00e9 ludique c&rsquo;est pour tous !<\/strong><\/p>\n<p>Ma s\u00e9lection de 5 sextoys 50% moins cher qu&rsquo;en loveshop. Un s\u00e9lection hot parmi les meilleurs sextoys du moment pour raviver la flamme, augmenter le d\u00e9sir et d\u00e9couvrir de nouveaux plaisirs en solo ou en duo (et plus si affinit\u00e9). Ma s\u00e9lection hot de 5 sextoys d&rsquo;occasions de ce colis sont : <strong>PLUG ANAL vibrant excellentissime VIVE<\/strong>, le stimulateur clitoridien ultime<strong> SATISFYER PRO 3 VIBRATION<\/strong>, id\u00e9al pour faire des squirt, la tr\u00e8s bonne wand ultra puissante et multi t\u00eate <strong>SUPERCHARGED de PORNHUB<\/strong> un tr\u00e8s <strong>beau gode en verre<\/strong> anal et vaginal de chez GLAS DILDO et enfin le stimulateur <strong>clitoridien so girly de chez RIANNES<\/strong><\/p>\n<p>Valeur du colis <strong>neuf :\u00a0 327\u20ac. <\/strong>Le colis complet des 5 sex-toys d&rsquo;occasions est <strong>vendu 110.20\u20ac<\/strong> ( frais inclus)<\/p>\n<h2>Vos sextoys avec 71% d&rsquo;\u00e9conomie !<\/h2>\n<h3>CONTENU du colis num\u00e9ro 16 &#8211; SELECTION HOT<\/h3>\n<ul>\n<li><strong>SATISFYER PRO 3 VIBRATION, <\/strong>le stimulateur clitoridien ultime<br \/>\n&#8211; Valeur neuf 55\u20ac sur <a href=\"https:\/\/www.monlapinrose.com\/stimulateurs-a-aspiration\/14131-satisfyer-satisfyer-pro-3-vibration-4049369016532.html#ae62\" target=\"_blank\" rel=\"noopener noreferrer\">MON LAPIN ROSE<\/a><\/li>\n<li><strong>Plug anal vibrant taille Large VIVE<\/strong><br \/>\n&#8211; Valeur neuf 79 \u20ac sur <a href=\"https:\/\/www.ruedesplaisirs.com\/catalogue\/?8\/sextoys,m=1\/plug_anal_vibrant_zesiro,ip=4368\/ap=48\/idardp=ea2bfa79cd221f1e88a9bf39ea155cd8\" target=\"_blank\" rel=\"noopener noreferrer\">RUE DES PLAISIRS<\/a><\/li>\n<li>La wand multi t\u00eate SUPERCHARGED de PORNHUB, attention puissance !<br \/>\n&#8211; Valeur neuve 108\u20ac chez <a href=\"https:\/\/www.ruedesplaisirs.com\/catalogue\/sextoys,m=1\/wand_supercharged,ip=4249\/idardp=ea2bfa79cd221f1e88a9bf39ea155cd8\" target=\"_blank\" rel=\"noopener noreferrer\">RUE DES PLAISIRS<\/a><\/li>\n<li><strong>GODE EN VERRE de chez GLAS, <\/strong>masseur vaginal, point g et gode anal<br \/>\n&#8211; Valeur neuf : 40\u20ac fin de production<\/li>\n<li>Stimulateur vibrant <strong>MOON VIBE<\/strong><br \/>\n&#8211; Valeur neuf 45\u20ac sur le <a href=\"https:\/\/www.dorcelstore.com\/fr\/stimulateur-moon-vibe.html#ae14\" target=\"_blank\" rel=\"noopener noreferrer\">DORCEL STORE<\/a><\/li>\n<\/ul>\n<h3>Tests sextoys &amp; achat sextoy neuf<\/h3>\n<div class=\"su-custom-gallery su-custom-gallery-title-never\"><div class=\"su-custom-gallery-slide\"><a href=\"https:\/\/charlie-liveshow.com\/charlie-tantra\/test-sex-toy-decale-by-charlie\/\" target=\"_blank\" title=\"LOGO-Charlie-Tantra-Superstar-amp\"><img decoding=\"async\" src=\"https:\/\/charlie-liveshow.com\/Tentation-erotique\/wp-content\/uploads\/2019\/05\/LOGO-Charlie-Tantra-Superstar-amp-180x90.png\" alt=\"LOGO-Charlie-Tantra-Superstar-amp\" width=\"180\" height=\"90\" \/><span class=\"su-custom-gallery-title\">LOGO-Charlie-Tantra-Superstar-amp<\/span><\/a><\/div><div class=\"su-custom-gallery-slide\"><a href=\"https:\/\/www.dorcelstore.com\/fr\/#ae14\" target=\"_blank\" title=\"dorcelstore-luxure-depuis-1979-730&#215;430\"><img decoding=\"async\" src=\"https:\/\/charlie-liveshow.com\/Tentation-erotique\/wp-content\/uploads\/2019\/05\/dorcelstore-luxure-depuis-1979-730x430-180x90.jpg\" alt=\"dorcelstore-luxure-depuis-1979-730&#215;430\" width=\"180\" height=\"90\" \/><span class=\"su-custom-gallery-title\">dorcelstore-luxure-depuis-1979-730&#215;430<\/span><\/a><\/div><div class=\"su-custom-gallery-slide\"><a href=\"https:\/\/www.monlapinrose.com\/545-sextoys\/#ae62\" target=\"_blank\" title=\"monlapinrose\"><img decoding=\"async\" src=\"https:\/\/charlie-liveshow.com\/Tentation-erotique\/wp-content\/uploads\/2019\/05\/monlapinrose-180x90.png\" alt=\"monlapinrose\" width=\"180\" height=\"90\" \/><span class=\"su-custom-gallery-title\">monlapinrose<\/span><\/a><\/div><div class=\"su-custom-gallery-slide\"><a href=\"https:\/\/www.ruedesplaisirs.com\/catalogue\/sextoys,m=1\/idardp=ea2bfa79cd221f1e88a9bf39ea155cd8\" target=\"_blank\" title=\"logo\"><img loading=\"lazy\" decoding=\"async\" src=\"https:\/\/charlie-liveshow.com\/Tentation-erotique\/wp-content\/uploads\/2019\/05\/logo-180x90.png\" alt=\"logo\" width=\"180\" height=\"90\" \/><span class=\"su-custom-gallery-title\">logo<\/span><\/a><\/div><div class=\"su-clear\"><\/div><\/div>\n","protected":false},"excerpt":{"rendered":"<p><strong>Colis sextoys N\u00b016 &#8211; SELECTION HOT<br \/>\n<\/strong><\/p>\n<p><strong>Un PLUG ANAL <\/strong>vibrant excellentissime<strong> VIVE<\/strong>, le stimulateur clitoridien ultime<strong> SATISFYER PRO 3 VIBRATION<\/strong>, la tr\u00e8s bonne wand ultra puissante et multi t\u00eate <strong>SUPERCHARGED de PORNHUB<\/strong> un <strong>gode en verre<\/strong> anal et vaginal de chez GLAS DILDO et enfin le stimulateur clitoridien<strong> MOON VIBE de chez RIANNES<\/strong><\/p>\n<p>Valeur du colis <strong>neuf :\u00a0 327\u20ac. <\/strong>Le colis complet des 5 sex-toys d&rsquo;occasions est <strong>vendu 110.20\u20ac<\/strong> ( frais inclus)<\/p>\n<p><strong>Vos sextoys avec 66% d&rsquo;\u00e9conomie !<\/strong><\/p>\n<p style=\"text-align: left;\"><strong>Colis exp\u00e9di\u00e9 sous 4 jours*<\/strong> par mondial relais en France, Belgique et Luxembourg UNIQUEMENT &#8211; <strong><em><a href=\"#info-complementaire\">Aide \u00e0 la livraison<\/a><\/em><\/strong><\/p>\n<p style=\"text-align: left;\">A PROPOS DE L&rsquo;HYGIENE des sextoys d&rsquo;occasions&#8230; <strong><em><a href=\"#info-complementaire\">En savoir plus<\/a><\/em><\/strong><\/p>\n","protected":false},"featured_media":42655,"comment_status":"closed","ping_status":"closed","template":"","meta":{"ub_ctt_via":""},"product_cat":[48],"product_tag":[62,34],"yoast_head":"<!-- This site is optimized with the Yoast SEO plugin v22.0 - https:\/\/yoast.com\/wordpress\/plugins\/seo\/ -->\n<title>Colis sextoys 16 - SELECTION HOT - Charlie TENTATIONS<\/title>\n<meta name=\"description\" content=\"SELECTION HOT de 5 sextoys 50% moins cher.PLUG ANAL VIVE, le SATISFYER PRO 3 VIBRATION, la wand Pornhub, un GLAS DILDO, le Moon vibe RIANNES\" \/>\n<meta name=\"robots\" content=\"index, follow, max-snippet:-1, max-image-preview:large, max-video-preview:-1\" \/>\n<link rel=\"canonical\" href=\"https:\/\/charlie-liveshow.com\/Tentation-erotique\/produit\/colis-sextoys-16-selection-hot\/\" \/>\n<meta property=\"og:locale\" content=\"fr_FR\" \/>\n<meta property=\"og:type\" content=\"article\" \/>\n<meta property=\"og:title\" content=\"Colis sextoys 16 - SELECTION HOT - Charlie TENTATIONS\" \/>\n<meta property=\"og:description\" content=\"SELECTION HOT de 5 sextoys 50% moins cher.PLUG ANAL VIVE, le SATISFYER PRO 3 VIBRATION, la wand Pornhub, un GLAS DILDO, le Moon vibe RIANNES\" \/>\n<meta property=\"og:url\" content=\"https:\/\/charlie-liveshow.com\/Tentation-erotique\/produit\/colis-sextoys-16-selection-hot\/\" \/>\n<meta property=\"og:site_name\" content=\"TENTATIONS \u00c9ROTIQUES par Charlie Liveshow\" \/>\n<meta property=\"article:publisher\" content=\"https:\/\/www.facebook.com\/charlielivetantra\" \/>\n<meta property=\"article:modified_time\" content=\"2020-07-08T11:19:33+00:00\" \/>\n<meta property=\"og:image\" content=\"https:\/\/charlie-liveshow.com\/Tentation-erotique\/wp-content\/uploads\/2020\/06\/colis-sextoys-16-wandPH-01.jpg\" \/>\n\t<meta property=\"og:image:width\" content=\"800\" \/>\n\t<meta property=\"og:image:height\" content=\"530\" \/>\n\t<meta property=\"og:image:type\" content=\"image\/jpeg\" \/>\n<meta name=\"twitter:card\" content=\"summary_large_image\" \/>\n<meta name=\"twitter:site\" content=\"@Charlieliveshow\" \/>\n<meta name=\"twitter:label1\" content=\"Dur\u00e9e de lecture estim\u00e9e\" \/>\n\t<meta name=\"twitter:data1\" content=\"1 minute\" \/>\n<script type=\"application\/ld+json\" class=\"yoast-schema-graph\">{\"@context\":\"https:\/\/schema.org\",\"@graph\":[{\"@type\":\"WebPage\",\"@id\":\"https:\/\/charlie-liveshow.com\/Tentation-erotique\/produit\/colis-sextoys-16-selection-hot\/\",\"url\":\"https:\/\/charlie-liveshow.com\/Tentation-erotique\/produit\/colis-sextoys-16-selection-hot\/\",\"name\":\"Colis sextoys 16 - SELECTION HOT - Charlie TENTATIONS\",\"isPartOf\":{\"@id\":\"https:\/\/charlie-liveshow.com\/Tentation-erotique\/#website\"},\"datePublished\":\"2020-06-10T08:55:29+00:00\",\"dateModified\":\"2020-07-08T11:19:33+00:00\",\"description\":\"SELECTION HOT de 5 sextoys 50% moins cher.PLUG ANAL VIVE, le SATISFYER PRO 3 VIBRATION, la wand Pornhub, un GLAS DILDO, le Moon vibe RIANNES\",\"breadcrumb\":{\"@id\":\"https:\/\/charlie-liveshow.com\/Tentation-erotique\/produit\/colis-sextoys-16-selection-hot\/#breadcrumb\"},\"inLanguage\":\"fr-FR\",\"potentialAction\":[{\"@type\":\"ReadAction\",\"target\":[\"https:\/\/charlie-liveshow.com\/Tentation-erotique\/produit\/colis-sextoys-16-selection-hot\/\"]}]},{\"@type\":\"BreadcrumbList\",\"@id\":\"https:\/\/charlie-liveshow.com\/Tentation-erotique\/produit\/colis-sextoys-16-selection-hot\/#breadcrumb\",\"itemListElement\":[{\"@type\":\"ListItem\",\"position\":1,\"name\":\"Charlie r\u00e9veille vos sens\",\"item\":\"https:\/\/charlie-liveshow.com\/Tentation-erotique\/page-d-accueil-commerce\/\"},{\"@type\":\"ListItem\",\"position\":2,\"name\":\"COLIS SEXTOYS ! Le plaisir pour tous\",\"item\":\"https:\/\/charlie-liveshow.com\/Tentation-erotique\/categorie-produit\/sextoys-doccasions\/\"},{\"@type\":\"ListItem\",\"position\":3,\"name\":\"Colis sextoys 16 &#8211; SELECTION HOT\"}]},{\"@type\":\"WebSite\",\"@id\":\"https:\/\/charlie-liveshow.com\/Tentation-erotique\/#website\",\"url\":\"https:\/\/charlie-liveshow.com\/Tentation-erotique\/\",\"name\":\"TENTATIONS \u00c9ROTIQUES par Charlie Liveshow\",\"description\":\"Eveillez vous \u00e0 l&#039;\u00e9rotisme\",\"publisher\":{\"@id\":\"https:\/\/charlie-liveshow.com\/Tentation-erotique\/#organization\"},\"potentialAction\":[{\"@type\":\"SearchAction\",\"target\":{\"@type\":\"EntryPoint\",\"urlTemplate\":\"https:\/\/charlie-liveshow.com\/Tentation-erotique\/?s={search_term_string}\"},\"query-input\":\"required name=search_term_string\"}],\"inLanguage\":\"fr-FR\"},{\"@type\":\"Organization\",\"@id\":\"https:\/\/charlie-liveshow.com\/Tentation-erotique\/#organization\",\"name\":\"charlie-liveshow\",\"url\":\"https:\/\/charlie-liveshow.com\/Tentation-erotique\/\",\"logo\":{\"@type\":\"ImageObject\",\"inLanguage\":\"fr-FR\",\"@id\":\"https:\/\/charlie-liveshow.com\/Tentation-erotique\/#\/schema\/logo\/image\/\",\"url\":\"https:\/\/charlie-liveshow.com\/Tentation-erotique\/wp-content\/uploads\/2013\/05\/Charlie_folies_logo.png\",\"contentUrl\":\"https:\/\/charlie-liveshow.com\/Tentation-erotique\/wp-content\/uploads\/2013\/05\/Charlie_folies_logo.png\",\"width\":210,\"height\":206,\"caption\":\"charlie-liveshow\"},\"image\":{\"@id\":\"https:\/\/charlie-liveshow.com\/Tentation-erotique\/#\/schema\/logo\/image\/\"},\"sameAs\":[\"https:\/\/www.facebook.com\/charlielivetantra\",\"https:\/\/twitter.com\/Charlieliveshow\",\"https:\/\/www.instagram.com\/charlie_liveshow\/\",\"https:\/\/www.youtube.com\/CharlieTantra\"]}]}<\/script>\n<!-- \/ Yoast SEO plugin. -->","yoast_head_json":{"title":"Colis sextoys 16 - SELECTION HOT - Charlie TENTATIONS","description":"SELECTION HOT de 5 sextoys 50% moins cher.PLUG ANAL VIVE, le SATISFYER PRO 3 VIBRATION, la wand Pornhub, un GLAS DILDO, le Moon vibe RIANNES","robots":{"index":"index","follow":"follow","max-snippet":"max-snippet:-1","max-image-preview":"max-image-preview:large","max-video-preview":"max-video-preview:-1"},"canonical":"https:\/\/charlie-liveshow.com\/Tentation-erotique\/produit\/colis-sextoys-16-selection-hot\/","og_locale":"fr_FR","og_type":"article","og_title":"Colis sextoys 16 - SELECTION HOT - Charlie TENTATIONS","og_description":"SELECTION HOT de 5 sextoys 50% moins cher.PLUG ANAL VIVE, le SATISFYER PRO 3 VIBRATION, la wand Pornhub, un GLAS DILDO, le Moon vibe RIANNES","og_url":"https:\/\/charlie-liveshow.com\/Tentation-erotique\/produit\/colis-sextoys-16-selection-hot\/","og_site_name":"TENTATIONS \u00c9ROTIQUES par Charlie Liveshow","article_publisher":"https:\/\/www.facebook.com\/charlielivetantra","article_modified_time":"2020-07-08T11:19:33+00:00","og_image":[{"width":800,"height":530,"url":"https:\/\/charlie-liveshow.com\/Tentation-erotique\/wp-content\/uploads\/2020\/06\/colis-sextoys-16-wandPH-01.jpg","type":"image\/jpeg"}],"twitter_card":"summary_large_image","twitter_site":"@Charlieliveshow","twitter_misc":{"Dur\u00e9e de lecture estim\u00e9e":"1 minute"},"schema":{"@context":"https:\/\/schema.org","@graph":[{"@type":"WebPage","@id":"https:\/\/charlie-liveshow.com\/Tentation-erotique\/produit\/colis-sextoys-16-selection-hot\/","url":"https:\/\/charlie-liveshow.com\/Tentation-erotique\/produit\/colis-sextoys-16-selection-hot\/","name":"Colis sextoys 16 - SELECTION HOT - Charlie TENTATIONS","isPartOf":{"@id":"https:\/\/charlie-liveshow.com\/Tentation-erotique\/#website"},"datePublished":"2020-06-10T08:55:29+00:00","dateModified":"2020-07-08T11:19:33+00:00","description":"SELECTION HOT de 5 sextoys 50% moins cher.PLUG ANAL VIVE, le SATISFYER PRO 3 VIBRATION, la wand Pornhub, un GLAS DILDO, le Moon vibe RIANNES","breadcrumb":{"@id":"https:\/\/charlie-liveshow.com\/Tentation-erotique\/produit\/colis-sextoys-16-selection-hot\/#breadcrumb"},"inLanguage":"fr-FR","potentialAction":[{"@type":"ReadAction","target":["https:\/\/charlie-liveshow.com\/Tentation-erotique\/produit\/colis-sextoys-16-selection-hot\/"]}]},{"@type":"BreadcrumbList","@id":"https:\/\/charlie-liveshow.com\/Tentation-erotique\/produit\/colis-sextoys-16-selection-hot\/#breadcrumb","itemListElement":[{"@type":"ListItem","position":1,"name":"Charlie r\u00e9veille vos sens","item":"https:\/\/charlie-liveshow.com\/Tentation-erotique\/page-d-accueil-commerce\/"},{"@type":"ListItem","position":2,"name":"COLIS SEXTOYS ! Le plaisir pour tous","item":"https:\/\/charlie-liveshow.com\/Tentation-erotique\/categorie-produit\/sextoys-doccasions\/"},{"@type":"ListItem","position":3,"name":"Colis sextoys 16 &#8211; SELECTION HOT"}]},{"@type":"WebSite","@id":"https:\/\/charlie-liveshow.com\/Tentation-erotique\/#website","url":"https:\/\/charlie-liveshow.com\/Tentation-erotique\/","name":"TENTATIONS \u00c9ROTIQUES par Charlie Liveshow","description":"Eveillez vous \u00e0 l&#039;\u00e9rotisme","publisher":{"@id":"https:\/\/charlie-liveshow.com\/Tentation-erotique\/#organization"},"potentialAction":[{"@type":"SearchAction","target":{"@type":"EntryPoint","urlTemplate":"https:\/\/charlie-liveshow.com\/Tentation-erotique\/?s={search_term_string}"},"query-input":"required name=search_term_string"}],"inLanguage":"fr-FR"},{"@type":"Organization","@id":"https:\/\/charlie-liveshow.com\/Tentation-erotique\/#organization","name":"charlie-liveshow","url":"https:\/\/charlie-liveshow.com\/Tentation-erotique\/","logo":{"@type":"ImageObject","inLanguage":"fr-FR","@id":"https:\/\/charlie-liveshow.com\/Tentation-erotique\/#\/schema\/logo\/image\/","url":"https:\/\/charlie-liveshow.com\/Tentation-erotique\/wp-content\/uploads\/2013\/05\/Charlie_folies_logo.png","contentUrl":"https:\/\/charlie-liveshow.com\/Tentation-erotique\/wp-content\/uploads\/2013\/05\/Charlie_folies_logo.png","width":210,"height":206,"caption":"charlie-liveshow"},"image":{"@id":"https:\/\/charlie-liveshow.com\/Tentation-erotique\/#\/schema\/logo\/image\/"},"sameAs":["https:\/\/www.facebook.com\/charlielivetantra","https:\/\/twitter.com\/Charlieliveshow","https:\/\/www.instagram.com\/charlie_liveshow\/","https:\/\/www.youtube.com\/CharlieTantra"]}]}},"_links":{"self":[{"href":"https:\/\/charlie-liveshow.com\/Tentation-erotique\/wp-json\/wp\/v2\/product\/42643"}],"collection":[{"href":"https:\/\/charlie-liveshow.com\/Tentation-erotique\/wp-json\/wp\/v2\/product"}],"about":[{"href":"https:\/\/charlie-liveshow.com\/Tentation-erotique\/wp-json\/wp\/v2\/types\/product"}],"replies":[{"embeddable":true,"href":"https:\/\/charlie-liveshow.com\/Tentation-erotique\/wp-json\/wp\/v2\/comments?post=42643"}],"version-history":[{"count":0,"href":"https:\/\/charlie-liveshow.com\/Tentation-erotique\/wp-json\/wp\/v2\/product\/42643\/revisions"}],"wp:featuredmedia":[{"embeddable":true,"href":"https:\/\/charlie-liveshow.com\/Tentation-erotique\/wp-json\/wp\/v2\/media\/42655"}],"wp:attachment":[{"href":"https:\/\/charlie-liveshow.com\/Tentation-erotique\/wp-json\/wp\/v2\/media?parent=42643"}],"wp:term":[{"taxonomy":"product_cat","embeddable":true,"href":"https:\/\/charlie-liveshow.com\/Tentation-erotique\/wp-json\/wp\/v2\/product_cat?post=42643"},{"taxonomy":"product_tag","embeddable":true,"href":"https:\/\/charlie-liveshow.com\/Tentation-erotique\/wp-json\/wp\/v2\/product_tag?post=42643"}],"curies":[{"name":"wp","href":"https:\/\/api.w.org\/{rel}","templated":true}]}}