{"id":42604,"date":"2020-06-07T22:20:18","date_gmt":"2020-06-07T20:20:18","guid":{"rendered":"https:\/\/charlie-liveshow.com\/Tentation-erotique\/?post_type=product&#038;p=42604"},"modified":"2021-02-06T16:17:55","modified_gmt":"2021-02-06T15:17:55","slug":"suck-fuck-cum-amateur-francais","status":"publish","type":"product","link":"https:\/\/charlie-liveshow.com\/Tentation-erotique\/produit\/suck-fuck-cum-amateur-francais\/","title":{"rendered":"Suck &#8211; Fuck &#038; Cum ! A 2 c&rsquo;est mieux !"},"content":{"rendered":"<div id=\"note\">\n<div class=\"row\">\n<div class=\"col-12 col-md\">\n<h3 class=\"card-title mb-0\">Suck &#8211; Fuck &amp; Cum ! A 2 c&rsquo;est mieux !<\/h3>\n<\/div>\n<\/div>\n<p>Quand un test sextoy d&rsquo;un gros gode noir d\u00e9rape. Je me met a sucer goulument mon cam\u00e9raman pour qu&rsquo;il me baise sauvagement la chatte et le cul avant de me gicler sur les pieds. Dommage je pr\u00e9f\u00e8re avaler son sperme directement, l\u00e0 il me faudra l\u00e9cher tout son foutre pour \u00eatre rassasi\u00e9.<\/p>\n<p>Retrouve plus de vid\u00e9o sur ma cha\u00eene <a href=\"https:\/\/www.modelhub.com\/charlie-liveshow?t=ts\" target=\"_blank\" rel=\"noopener noreferrer\">PORNHUB.<\/a><\/p>\n<h4>Mots-cl\u00e9s<\/h4>\n<span class=\"su-label su-label-type-important\">POV<\/span> &#8211; <span class=\"su-label su-label-type-success\">cum<\/span> &#8211; <span class=\"su-label su-label-type-success\">ANAL<\/span> &#8211; <span class=\"su-label su-label-type-info\">Fellation<\/span> &#8211; <span class=\"su-label su-label-type-info\">Baise hard<\/span> &#8211; <span class=\"su-label su-label-type-info\">Foot job<\/span> For (hot) adult only !<\/p>\n<h4>Fiche technique<\/h4>\n<p><strong>Dur\u00e9e : 6 minutes <\/strong>\u00a0| Qualit\u00e9 : 1280 x 720 px &#8211; <strong>Format : .mp4 | <\/strong>Taille : 117 mo<\/p>\n<h3><\/h3>\n<\/div>\n","protected":false},"excerpt":{"rendered":"<div class=\"row\">\n<div class=\"col-12 col-md\">\n<p>Quand je suce goulument mon cam\u00e9raman pour qu&rsquo;il me baise sauvagement la chatte et le cul avant de me gicler sur les pieds. Dommage je pr\u00e9f\u00e8re avaler son sperme directement, l\u00e0 il me faudra l\u00e9cher tout son foutre pour \u00eatre rassasi\u00e9.<\/p>\n<\/div>\n<\/div>\n<p><strong>Dur\u00e9e : 6 minutes de baise intense<br \/>\n<\/strong><\/p>\n","protected":false},"featured_media":43560,"comment_status":"open","ping_status":"closed","template":"","meta":{"ub_ctt_via":""},"product_cat":[53],"product_tag":[43,167,155,164],"yoast_head":"<!-- This site is optimized with the Yoast SEO plugin v22.0 - https:\/\/yoast.com\/wordpress\/plugins\/seo\/ -->\n<title>Suck - Fuck &amp; Cum ! A 2 c&#039;est mieux ! - Charlie Porn vid\u00e9o<\/title>\n<meta name=\"description\" content=\"Je suce mon cam\u00e9raman \u00e0 fond pour qu&#039;il me baise sauvagement la chatte et le cul avant de me gicler sur les pieds et que j&#039;avale son sperme\" \/>\n<meta name=\"robots\" content=\"index, follow, max-snippet:-1, max-image-preview:large, max-video-preview:-1\" \/>\n<link rel=\"canonical\" href=\"https:\/\/charlie-liveshow.com\/Tentation-erotique\/produit\/suck-fuck-cum-amateur-francais\/\" \/>\n<meta property=\"og:locale\" content=\"fr_FR\" \/>\n<meta property=\"og:type\" content=\"article\" \/>\n<meta property=\"og:title\" content=\"Suck - Fuck &amp; Cum ! A 2 c&#039;est mieux ! - Charlie Porn vid\u00e9o\" \/>\n<meta property=\"og:description\" content=\"Je suce mon cam\u00e9raman \u00e0 fond pour qu&#039;il me baise sauvagement la chatte et le cul avant de me gicler sur les pieds et que j&#039;avale son sperme\" \/>\n<meta property=\"og:url\" content=\"https:\/\/charlie-liveshow.com\/Tentation-erotique\/produit\/suck-fuck-cum-amateur-francais\/\" \/>\n<meta property=\"og:site_name\" content=\"TENTATIONS \u00c9ROTIQUES par Charlie Liveshow\" \/>\n<meta property=\"article:publisher\" content=\"https:\/\/www.facebook.com\/charlielivetantra\" \/>\n<meta property=\"article:modified_time\" content=\"2021-02-06T15:17:55+00:00\" \/>\n<meta property=\"og:image\" content=\"https:\/\/charlie-liveshow.com\/Tentation-erotique\/wp-content\/uploads\/2020\/06\/suck-fuck-cum-1024.jpg\" \/>\n\t<meta property=\"og:image:width\" content=\"1024\" \/>\n\t<meta property=\"og:image:height\" content=\"678\" \/>\n\t<meta property=\"og:image:type\" content=\"image\/jpeg\" \/>\n<meta name=\"twitter:card\" content=\"summary_large_image\" \/>\n<meta name=\"twitter:site\" content=\"@Charlieliveshow\" \/>\n<meta name=\"twitter:label1\" content=\"Dur\u00e9e de lecture estim\u00e9e\" \/>\n\t<meta name=\"twitter:data1\" content=\"1 minute\" \/>\n<script type=\"application\/ld+json\" class=\"yoast-schema-graph\">{\"@context\":\"https:\/\/schema.org\",\"@graph\":[{\"@type\":\"WebPage\",\"@id\":\"https:\/\/charlie-liveshow.com\/Tentation-erotique\/produit\/suck-fuck-cum-amateur-francais\/\",\"url\":\"https:\/\/charlie-liveshow.com\/Tentation-erotique\/produit\/suck-fuck-cum-amateur-francais\/\",\"name\":\"Suck - Fuck & Cum ! A 2 c'est mieux ! - Charlie Porn vid\u00e9o\",\"isPartOf\":{\"@id\":\"https:\/\/charlie-liveshow.com\/Tentation-erotique\/#website\"},\"datePublished\":\"2020-06-07T20:20:18+00:00\",\"dateModified\":\"2021-02-06T15:17:55+00:00\",\"description\":\"Je suce mon cam\u00e9raman \u00e0 fond pour qu'il me baise sauvagement la chatte et le cul avant de me gicler sur les pieds et que j'avale son sperme\",\"breadcrumb\":{\"@id\":\"https:\/\/charlie-liveshow.com\/Tentation-erotique\/produit\/suck-fuck-cum-amateur-francais\/#breadcrumb\"},\"inLanguage\":\"fr-FR\",\"potentialAction\":[{\"@type\":\"ReadAction\",\"target\":[\"https:\/\/charlie-liveshow.com\/Tentation-erotique\/produit\/suck-fuck-cum-amateur-francais\/\"]}]},{\"@type\":\"BreadcrumbList\",\"@id\":\"https:\/\/charlie-liveshow.com\/Tentation-erotique\/produit\/suck-fuck-cum-amateur-francais\/#breadcrumb\",\"itemListElement\":[{\"@type\":\"ListItem\",\"position\":1,\"name\":\"Charlie r\u00e9veille vos sens\",\"item\":\"https:\/\/charlie-liveshow.com\/Tentation-erotique\/page-d-accueil-commerce\/\"},{\"@type\":\"ListItem\",\"position\":2,\"name\":\"Vid\u00e9os xXx\",\"item\":\"https:\/\/charlie-liveshow.com\/Tentation-erotique\/categorie-produit\/videos-x-amateur-charlie\/\"},{\"@type\":\"ListItem\",\"position\":3,\"name\":\"Suck &#8211; Fuck &#038; Cum ! A 2 c&rsquo;est mieux !\"}]},{\"@type\":\"WebSite\",\"@id\":\"https:\/\/charlie-liveshow.com\/Tentation-erotique\/#website\",\"url\":\"https:\/\/charlie-liveshow.com\/Tentation-erotique\/\",\"name\":\"TENTATIONS \u00c9ROTIQUES par Charlie Liveshow\",\"description\":\"Eveillez vous \u00e0 l&#039;\u00e9rotisme\",\"publisher\":{\"@id\":\"https:\/\/charlie-liveshow.com\/Tentation-erotique\/#organization\"},\"potentialAction\":[{\"@type\":\"SearchAction\",\"target\":{\"@type\":\"EntryPoint\",\"urlTemplate\":\"https:\/\/charlie-liveshow.com\/Tentation-erotique\/?s={search_term_string}\"},\"query-input\":\"required name=search_term_string\"}],\"inLanguage\":\"fr-FR\"},{\"@type\":\"Organization\",\"@id\":\"https:\/\/charlie-liveshow.com\/Tentation-erotique\/#organization\",\"name\":\"charlie-liveshow\",\"url\":\"https:\/\/charlie-liveshow.com\/Tentation-erotique\/\",\"logo\":{\"@type\":\"ImageObject\",\"inLanguage\":\"fr-FR\",\"@id\":\"https:\/\/charlie-liveshow.com\/Tentation-erotique\/#\/schema\/logo\/image\/\",\"url\":\"https:\/\/charlie-liveshow.com\/Tentation-erotique\/wp-content\/uploads\/2013\/05\/Charlie_folies_logo.png\",\"contentUrl\":\"https:\/\/charlie-liveshow.com\/Tentation-erotique\/wp-content\/uploads\/2013\/05\/Charlie_folies_logo.png\",\"width\":210,\"height\":206,\"caption\":\"charlie-liveshow\"},\"image\":{\"@id\":\"https:\/\/charlie-liveshow.com\/Tentation-erotique\/#\/schema\/logo\/image\/\"},\"sameAs\":[\"https:\/\/www.facebook.com\/charlielivetantra\",\"https:\/\/twitter.com\/Charlieliveshow\",\"https:\/\/www.instagram.com\/charlie_liveshow\/\",\"https:\/\/www.youtube.com\/CharlieTantra\"]}]}<\/script>\n<!-- \/ Yoast SEO plugin. -->","yoast_head_json":{"title":"Suck - Fuck & Cum ! A 2 c'est mieux ! - Charlie Porn vid\u00e9o","description":"Je suce mon cam\u00e9raman \u00e0 fond pour qu'il me baise sauvagement la chatte et le cul avant de me gicler sur les pieds et que j'avale son sperme","robots":{"index":"index","follow":"follow","max-snippet":"max-snippet:-1","max-image-preview":"max-image-preview:large","max-video-preview":"max-video-preview:-1"},"canonical":"https:\/\/charlie-liveshow.com\/Tentation-erotique\/produit\/suck-fuck-cum-amateur-francais\/","og_locale":"fr_FR","og_type":"article","og_title":"Suck - Fuck & Cum ! A 2 c'est mieux ! - Charlie Porn vid\u00e9o","og_description":"Je suce mon cam\u00e9raman \u00e0 fond pour qu'il me baise sauvagement la chatte et le cul avant de me gicler sur les pieds et que j'avale son sperme","og_url":"https:\/\/charlie-liveshow.com\/Tentation-erotique\/produit\/suck-fuck-cum-amateur-francais\/","og_site_name":"TENTATIONS \u00c9ROTIQUES par Charlie Liveshow","article_publisher":"https:\/\/www.facebook.com\/charlielivetantra","article_modified_time":"2021-02-06T15:17:55+00:00","og_image":[{"width":1024,"height":678,"url":"https:\/\/charlie-liveshow.com\/Tentation-erotique\/wp-content\/uploads\/2020\/06\/suck-fuck-cum-1024.jpg","type":"image\/jpeg"}],"twitter_card":"summary_large_image","twitter_site":"@Charlieliveshow","twitter_misc":{"Dur\u00e9e de lecture estim\u00e9e":"1 minute"},"schema":{"@context":"https:\/\/schema.org","@graph":[{"@type":"WebPage","@id":"https:\/\/charlie-liveshow.com\/Tentation-erotique\/produit\/suck-fuck-cum-amateur-francais\/","url":"https:\/\/charlie-liveshow.com\/Tentation-erotique\/produit\/suck-fuck-cum-amateur-francais\/","name":"Suck - Fuck & Cum ! A 2 c'est mieux ! - Charlie Porn vid\u00e9o","isPartOf":{"@id":"https:\/\/charlie-liveshow.com\/Tentation-erotique\/#website"},"datePublished":"2020-06-07T20:20:18+00:00","dateModified":"2021-02-06T15:17:55+00:00","description":"Je suce mon cam\u00e9raman \u00e0 fond pour qu'il me baise sauvagement la chatte et le cul avant de me gicler sur les pieds et que j'avale son sperme","breadcrumb":{"@id":"https:\/\/charlie-liveshow.com\/Tentation-erotique\/produit\/suck-fuck-cum-amateur-francais\/#breadcrumb"},"inLanguage":"fr-FR","potentialAction":[{"@type":"ReadAction","target":["https:\/\/charlie-liveshow.com\/Tentation-erotique\/produit\/suck-fuck-cum-amateur-francais\/"]}]},{"@type":"BreadcrumbList","@id":"https:\/\/charlie-liveshow.com\/Tentation-erotique\/produit\/suck-fuck-cum-amateur-francais\/#breadcrumb","itemListElement":[{"@type":"ListItem","position":1,"name":"Charlie r\u00e9veille vos sens","item":"https:\/\/charlie-liveshow.com\/Tentation-erotique\/page-d-accueil-commerce\/"},{"@type":"ListItem","position":2,"name":"Vid\u00e9os xXx","item":"https:\/\/charlie-liveshow.com\/Tentation-erotique\/categorie-produit\/videos-x-amateur-charlie\/"},{"@type":"ListItem","position":3,"name":"Suck &#8211; Fuck &#038; Cum ! A 2 c&rsquo;est mieux !"}]},{"@type":"WebSite","@id":"https:\/\/charlie-liveshow.com\/Tentation-erotique\/#website","url":"https:\/\/charlie-liveshow.com\/Tentation-erotique\/","name":"TENTATIONS \u00c9ROTIQUES par Charlie Liveshow","description":"Eveillez vous \u00e0 l&#039;\u00e9rotisme","publisher":{"@id":"https:\/\/charlie-liveshow.com\/Tentation-erotique\/#organization"},"potentialAction":[{"@type":"SearchAction","target":{"@type":"EntryPoint","urlTemplate":"https:\/\/charlie-liveshow.com\/Tentation-erotique\/?s={search_term_string}"},"query-input":"required name=search_term_string"}],"inLanguage":"fr-FR"},{"@type":"Organization","@id":"https:\/\/charlie-liveshow.com\/Tentation-erotique\/#organization","name":"charlie-liveshow","url":"https:\/\/charlie-liveshow.com\/Tentation-erotique\/","logo":{"@type":"ImageObject","inLanguage":"fr-FR","@id":"https:\/\/charlie-liveshow.com\/Tentation-erotique\/#\/schema\/logo\/image\/","url":"https:\/\/charlie-liveshow.com\/Tentation-erotique\/wp-content\/uploads\/2013\/05\/Charlie_folies_logo.png","contentUrl":"https:\/\/charlie-liveshow.com\/Tentation-erotique\/wp-content\/uploads\/2013\/05\/Charlie_folies_logo.png","width":210,"height":206,"caption":"charlie-liveshow"},"image":{"@id":"https:\/\/charlie-liveshow.com\/Tentation-erotique\/#\/schema\/logo\/image\/"},"sameAs":["https:\/\/www.facebook.com\/charlielivetantra","https:\/\/twitter.com\/Charlieliveshow","https:\/\/www.instagram.com\/charlie_liveshow\/","https:\/\/www.youtube.com\/CharlieTantra"]}]}},"_links":{"self":[{"href":"https:\/\/charlie-liveshow.com\/Tentation-erotique\/wp-json\/wp\/v2\/product\/42604"}],"collection":[{"href":"https:\/\/charlie-liveshow.com\/Tentation-erotique\/wp-json\/wp\/v2\/product"}],"about":[{"href":"https:\/\/charlie-liveshow.com\/Tentation-erotique\/wp-json\/wp\/v2\/types\/product"}],"replies":[{"embeddable":true,"href":"https:\/\/charlie-liveshow.com\/Tentation-erotique\/wp-json\/wp\/v2\/comments?post=42604"}],"version-history":[{"count":0,"href":"https:\/\/charlie-liveshow.com\/Tentation-erotique\/wp-json\/wp\/v2\/product\/42604\/revisions"}],"wp:featuredmedia":[{"embeddable":true,"href":"https:\/\/charlie-liveshow.com\/Tentation-erotique\/wp-json\/wp\/v2\/media\/43560"}],"wp:attachment":[{"href":"https:\/\/charlie-liveshow.com\/Tentation-erotique\/wp-json\/wp\/v2\/media?parent=42604"}],"wp:term":[{"taxonomy":"product_cat","embeddable":true,"href":"https:\/\/charlie-liveshow.com\/Tentation-erotique\/wp-json\/wp\/v2\/product_cat?post=42604"},{"taxonomy":"product_tag","embeddable":true,"href":"https:\/\/charlie-liveshow.com\/Tentation-erotique\/wp-json\/wp\/v2\/product_tag?post=42604"}],"curies":[{"name":"wp","href":"https:\/\/api.w.org\/{rel}","templated":true}]}}