{"id":42488,"date":"2020-04-25T18:18:18","date_gmt":"2020-04-25T16:18:18","guid":{"rendered":"https:\/\/charlie-liveshow.com\/Tentation-erotique\/?post_type=product&#038;p=42488"},"modified":"2021-02-16T13:27:17","modified_gmt":"2021-02-16T12:27:17","slug":"bondage-session-vibro-1","status":"publish","type":"product","link":"https:\/\/charlie-liveshow.com\/Tentation-erotique\/produit\/bondage-session-vibro-1\/","title":{"rendered":"SOUMISE \u00e0 tous tes fantasmes &#8211; VIBRO &#8211; BDSM 1"},"content":{"rendered":"<div id=\"note\">\n<div class=\"row\">\n<div class=\"col-12 col-md\">\n<h3 class=\"card-title mb-0\">SOUMISE \u00e0 tous tes fantasmes , La torture au vibro et \u00e0 la langue<\/h3>\n<\/div>\n<\/div>\n<p>Il parait que je suis une mauvaise fille ! Que je fais que des b\u00eatises ! Du coup \u00ab\u00a0l&rsquo;homme\u00a0\u00bb a d\u00e9cid\u00e9 de me punir ! Premi\u00e8re vid\u00e9o en mode BONDAGE et SOUMISSION, on commence par du soft. Je suis menott\u00e9 \u00e0 une barre de contrainte, un b\u00e2illon boule dans la bouche et \u00ab\u00a0il\u00a0\u00bb me masturbe ma chatte poilue avec un vibro super puissant et sa langue vicieuse. Un d\u00e9lice pour le bondage soft.<\/p>\n<p>Retrouve plus de vid\u00e9o sur ma cha\u00eene <a href=\"https:\/\/www.modelhub.com\/charlie-liveshow?t=ts\" target=\"_blank\" rel=\"noopener noreferrer\">PORNHUB.<\/a><\/p>\n<h4>Mots-cl\u00e9s<\/h4>\n<span class=\"su-label su-label-type-important\">BONDAGE<\/span> &#8211; <span class=\"su-label su-label-type-success\">poilue<\/span> &#8211; <span class=\"su-label su-label-type-success\">SOUMISSION<\/span> &#8211; <span class=\"su-label su-label-type-info\">vibro<\/span> &#8211; <span class=\"su-label su-label-type-info\">cunnilingus<\/span> &#8211; <span class=\"su-label su-label-type-info\">SOFT<\/span> For (hot) adult only !<\/p>\n<h4>Fiche technique<\/h4>\n<p><strong>Dur\u00e9e : 28 minutes <\/strong>\u00a0| Qualit\u00e9 : 1280 x 720 px &#8211; <strong>Format : .mp4 | <\/strong>Taille : 520 mo<\/p>\n<h3><\/h3>\n<\/div>\n","protected":false},"excerpt":{"rendered":"<div class=\"row\">\n<div class=\"col-12 col-md\">\n<p>Bondage Session, La torture au vibro et \u00e0 la langue. Il parait que je suis une mauvaise fille ! Que je fais que des b\u00eatises ! Du coup \u00ab\u00a0l&rsquo;homme\u00a0\u00bb a d\u00e9cid\u00e9 de me punir ! Premi\u00e8re vid\u00e9o en mode BONDAGE et SOUMISSION<\/p>\n<\/div>\n<\/div>\n<p><strong>Dur\u00e9e : 28 minutes de soumission \u00e0 ses d\u00e9sirs<br \/>\n<\/strong><\/p>\n","protected":false},"featured_media":43570,"comment_status":"open","ping_status":"closed","template":"","meta":{"ub_ctt_via":""},"product_cat":[53],"product_tag":[163,164,166],"yoast_head":"<!-- This site is optimized with the Yoast SEO plugin v22.0 - https:\/\/yoast.com\/wordpress\/plugins\/seo\/ -->\n<title>SOUMISE \u00e0 tous tes fantasmes - VIBRO - BDSM 1 - Charlie Porn vid\u00e9o<\/title>\n<meta name=\"description\" content=\"Il parait que je suis une mauvaise fille ! &quot;L&#039;homme&quot; a d\u00e9cid\u00e9 de me punir BONDAGE et SOUMISSION Dur\u00e9e : 28 minutes de soumission \u00e0 ses d\u00e9sirs\" \/>\n<meta name=\"robots\" content=\"index, follow, max-snippet:-1, max-image-preview:large, max-video-preview:-1\" \/>\n<link rel=\"canonical\" href=\"https:\/\/charlie-liveshow.com\/Tentation-erotique\/produit\/bondage-session-vibro-1\/\" \/>\n<meta property=\"og:locale\" content=\"fr_FR\" \/>\n<meta property=\"og:type\" content=\"article\" \/>\n<meta property=\"og:title\" content=\"SOUMISE \u00e0 tous tes fantasmes - VIBRO - BDSM 1 - Charlie Porn vid\u00e9o\" \/>\n<meta property=\"og:description\" content=\"Il parait que je suis une mauvaise fille ! &quot;L&#039;homme&quot; a d\u00e9cid\u00e9 de me punir BONDAGE et SOUMISSION Dur\u00e9e : 28 minutes de soumission \u00e0 ses d\u00e9sirs\" \/>\n<meta property=\"og:url\" content=\"https:\/\/charlie-liveshow.com\/Tentation-erotique\/produit\/bondage-session-vibro-1\/\" \/>\n<meta property=\"og:site_name\" content=\"TENTATIONS \u00c9ROTIQUES par Charlie Liveshow\" \/>\n<meta property=\"article:publisher\" content=\"https:\/\/www.facebook.com\/charlielivetantra\" \/>\n<meta property=\"article:modified_time\" content=\"2021-02-16T12:27:17+00:00\" \/>\n<meta property=\"og:image\" content=\"https:\/\/charlie-liveshow.com\/Tentation-erotique\/wp-content\/uploads\/2020\/04\/bondage-session-vibro-partie1_1024.jpg\" \/>\n\t<meta property=\"og:image:width\" content=\"1024\" \/>\n\t<meta property=\"og:image:height\" content=\"678\" \/>\n\t<meta property=\"og:image:type\" content=\"image\/jpeg\" \/>\n<meta name=\"twitter:card\" content=\"summary_large_image\" \/>\n<meta name=\"twitter:site\" content=\"@Charlieliveshow\" \/>\n<meta name=\"twitter:label1\" content=\"Dur\u00e9e de lecture estim\u00e9e\" \/>\n\t<meta name=\"twitter:data1\" content=\"1 minute\" \/>\n<script type=\"application\/ld+json\" class=\"yoast-schema-graph\">{\"@context\":\"https:\/\/schema.org\",\"@graph\":[{\"@type\":\"WebPage\",\"@id\":\"https:\/\/charlie-liveshow.com\/Tentation-erotique\/produit\/bondage-session-vibro-1\/\",\"url\":\"https:\/\/charlie-liveshow.com\/Tentation-erotique\/produit\/bondage-session-vibro-1\/\",\"name\":\"SOUMISE \u00e0 tous tes fantasmes - VIBRO - BDSM 1 - Charlie Porn vid\u00e9o\",\"isPartOf\":{\"@id\":\"https:\/\/charlie-liveshow.com\/Tentation-erotique\/#website\"},\"datePublished\":\"2020-04-25T16:18:18+00:00\",\"dateModified\":\"2021-02-16T12:27:17+00:00\",\"description\":\"Il parait que je suis une mauvaise fille ! \\\"L'homme\\\" a d\u00e9cid\u00e9 de me punir BONDAGE et SOUMISSION Dur\u00e9e : 28 minutes de soumission \u00e0 ses d\u00e9sirs\",\"breadcrumb\":{\"@id\":\"https:\/\/charlie-liveshow.com\/Tentation-erotique\/produit\/bondage-session-vibro-1\/#breadcrumb\"},\"inLanguage\":\"fr-FR\",\"potentialAction\":[{\"@type\":\"ReadAction\",\"target\":[\"https:\/\/charlie-liveshow.com\/Tentation-erotique\/produit\/bondage-session-vibro-1\/\"]}]},{\"@type\":\"BreadcrumbList\",\"@id\":\"https:\/\/charlie-liveshow.com\/Tentation-erotique\/produit\/bondage-session-vibro-1\/#breadcrumb\",\"itemListElement\":[{\"@type\":\"ListItem\",\"position\":1,\"name\":\"Charlie r\u00e9veille vos sens\",\"item\":\"https:\/\/charlie-liveshow.com\/Tentation-erotique\/page-d-accueil-commerce\/\"},{\"@type\":\"ListItem\",\"position\":2,\"name\":\"Vid\u00e9os xXx\",\"item\":\"https:\/\/charlie-liveshow.com\/Tentation-erotique\/categorie-produit\/videos-x-amateur-charlie\/\"},{\"@type\":\"ListItem\",\"position\":3,\"name\":\"SOUMISE \u00e0 tous tes fantasmes &#8211; VIBRO &#8211; BDSM 1\"}]},{\"@type\":\"WebSite\",\"@id\":\"https:\/\/charlie-liveshow.com\/Tentation-erotique\/#website\",\"url\":\"https:\/\/charlie-liveshow.com\/Tentation-erotique\/\",\"name\":\"TENTATIONS \u00c9ROTIQUES par Charlie Liveshow\",\"description\":\"Eveillez vous \u00e0 l&#039;\u00e9rotisme\",\"publisher\":{\"@id\":\"https:\/\/charlie-liveshow.com\/Tentation-erotique\/#organization\"},\"potentialAction\":[{\"@type\":\"SearchAction\",\"target\":{\"@type\":\"EntryPoint\",\"urlTemplate\":\"https:\/\/charlie-liveshow.com\/Tentation-erotique\/?s={search_term_string}\"},\"query-input\":\"required name=search_term_string\"}],\"inLanguage\":\"fr-FR\"},{\"@type\":\"Organization\",\"@id\":\"https:\/\/charlie-liveshow.com\/Tentation-erotique\/#organization\",\"name\":\"charlie-liveshow\",\"url\":\"https:\/\/charlie-liveshow.com\/Tentation-erotique\/\",\"logo\":{\"@type\":\"ImageObject\",\"inLanguage\":\"fr-FR\",\"@id\":\"https:\/\/charlie-liveshow.com\/Tentation-erotique\/#\/schema\/logo\/image\/\",\"url\":\"https:\/\/charlie-liveshow.com\/Tentation-erotique\/wp-content\/uploads\/2013\/05\/Charlie_folies_logo.png\",\"contentUrl\":\"https:\/\/charlie-liveshow.com\/Tentation-erotique\/wp-content\/uploads\/2013\/05\/Charlie_folies_logo.png\",\"width\":210,\"height\":206,\"caption\":\"charlie-liveshow\"},\"image\":{\"@id\":\"https:\/\/charlie-liveshow.com\/Tentation-erotique\/#\/schema\/logo\/image\/\"},\"sameAs\":[\"https:\/\/www.facebook.com\/charlielivetantra\",\"https:\/\/twitter.com\/Charlieliveshow\",\"https:\/\/www.instagram.com\/charlie_liveshow\/\",\"https:\/\/www.youtube.com\/CharlieTantra\"]}]}<\/script>\n<!-- \/ Yoast SEO plugin. -->","yoast_head_json":{"title":"SOUMISE \u00e0 tous tes fantasmes - VIBRO - BDSM 1 - Charlie Porn vid\u00e9o","description":"Il parait que je suis une mauvaise fille ! \"L'homme\" a d\u00e9cid\u00e9 de me punir BONDAGE et SOUMISSION Dur\u00e9e : 28 minutes de soumission \u00e0 ses d\u00e9sirs","robots":{"index":"index","follow":"follow","max-snippet":"max-snippet:-1","max-image-preview":"max-image-preview:large","max-video-preview":"max-video-preview:-1"},"canonical":"https:\/\/charlie-liveshow.com\/Tentation-erotique\/produit\/bondage-session-vibro-1\/","og_locale":"fr_FR","og_type":"article","og_title":"SOUMISE \u00e0 tous tes fantasmes - VIBRO - BDSM 1 - Charlie Porn vid\u00e9o","og_description":"Il parait que je suis une mauvaise fille ! \"L'homme\" a d\u00e9cid\u00e9 de me punir BONDAGE et SOUMISSION Dur\u00e9e : 28 minutes de soumission \u00e0 ses d\u00e9sirs","og_url":"https:\/\/charlie-liveshow.com\/Tentation-erotique\/produit\/bondage-session-vibro-1\/","og_site_name":"TENTATIONS \u00c9ROTIQUES par Charlie Liveshow","article_publisher":"https:\/\/www.facebook.com\/charlielivetantra","article_modified_time":"2021-02-16T12:27:17+00:00","og_image":[{"width":1024,"height":678,"url":"https:\/\/charlie-liveshow.com\/Tentation-erotique\/wp-content\/uploads\/2020\/04\/bondage-session-vibro-partie1_1024.jpg","type":"image\/jpeg"}],"twitter_card":"summary_large_image","twitter_site":"@Charlieliveshow","twitter_misc":{"Dur\u00e9e de lecture estim\u00e9e":"1 minute"},"schema":{"@context":"https:\/\/schema.org","@graph":[{"@type":"WebPage","@id":"https:\/\/charlie-liveshow.com\/Tentation-erotique\/produit\/bondage-session-vibro-1\/","url":"https:\/\/charlie-liveshow.com\/Tentation-erotique\/produit\/bondage-session-vibro-1\/","name":"SOUMISE \u00e0 tous tes fantasmes - VIBRO - BDSM 1 - Charlie Porn vid\u00e9o","isPartOf":{"@id":"https:\/\/charlie-liveshow.com\/Tentation-erotique\/#website"},"datePublished":"2020-04-25T16:18:18+00:00","dateModified":"2021-02-16T12:27:17+00:00","description":"Il parait que je suis une mauvaise fille ! \"L'homme\" a d\u00e9cid\u00e9 de me punir BONDAGE et SOUMISSION Dur\u00e9e : 28 minutes de soumission \u00e0 ses d\u00e9sirs","breadcrumb":{"@id":"https:\/\/charlie-liveshow.com\/Tentation-erotique\/produit\/bondage-session-vibro-1\/#breadcrumb"},"inLanguage":"fr-FR","potentialAction":[{"@type":"ReadAction","target":["https:\/\/charlie-liveshow.com\/Tentation-erotique\/produit\/bondage-session-vibro-1\/"]}]},{"@type":"BreadcrumbList","@id":"https:\/\/charlie-liveshow.com\/Tentation-erotique\/produit\/bondage-session-vibro-1\/#breadcrumb","itemListElement":[{"@type":"ListItem","position":1,"name":"Charlie r\u00e9veille vos sens","item":"https:\/\/charlie-liveshow.com\/Tentation-erotique\/page-d-accueil-commerce\/"},{"@type":"ListItem","position":2,"name":"Vid\u00e9os xXx","item":"https:\/\/charlie-liveshow.com\/Tentation-erotique\/categorie-produit\/videos-x-amateur-charlie\/"},{"@type":"ListItem","position":3,"name":"SOUMISE \u00e0 tous tes fantasmes &#8211; VIBRO &#8211; BDSM 1"}]},{"@type":"WebSite","@id":"https:\/\/charlie-liveshow.com\/Tentation-erotique\/#website","url":"https:\/\/charlie-liveshow.com\/Tentation-erotique\/","name":"TENTATIONS \u00c9ROTIQUES par Charlie Liveshow","description":"Eveillez vous \u00e0 l&#039;\u00e9rotisme","publisher":{"@id":"https:\/\/charlie-liveshow.com\/Tentation-erotique\/#organization"},"potentialAction":[{"@type":"SearchAction","target":{"@type":"EntryPoint","urlTemplate":"https:\/\/charlie-liveshow.com\/Tentation-erotique\/?s={search_term_string}"},"query-input":"required name=search_term_string"}],"inLanguage":"fr-FR"},{"@type":"Organization","@id":"https:\/\/charlie-liveshow.com\/Tentation-erotique\/#organization","name":"charlie-liveshow","url":"https:\/\/charlie-liveshow.com\/Tentation-erotique\/","logo":{"@type":"ImageObject","inLanguage":"fr-FR","@id":"https:\/\/charlie-liveshow.com\/Tentation-erotique\/#\/schema\/logo\/image\/","url":"https:\/\/charlie-liveshow.com\/Tentation-erotique\/wp-content\/uploads\/2013\/05\/Charlie_folies_logo.png","contentUrl":"https:\/\/charlie-liveshow.com\/Tentation-erotique\/wp-content\/uploads\/2013\/05\/Charlie_folies_logo.png","width":210,"height":206,"caption":"charlie-liveshow"},"image":{"@id":"https:\/\/charlie-liveshow.com\/Tentation-erotique\/#\/schema\/logo\/image\/"},"sameAs":["https:\/\/www.facebook.com\/charlielivetantra","https:\/\/twitter.com\/Charlieliveshow","https:\/\/www.instagram.com\/charlie_liveshow\/","https:\/\/www.youtube.com\/CharlieTantra"]}]}},"_links":{"self":[{"href":"https:\/\/charlie-liveshow.com\/Tentation-erotique\/wp-json\/wp\/v2\/product\/42488"}],"collection":[{"href":"https:\/\/charlie-liveshow.com\/Tentation-erotique\/wp-json\/wp\/v2\/product"}],"about":[{"href":"https:\/\/charlie-liveshow.com\/Tentation-erotique\/wp-json\/wp\/v2\/types\/product"}],"replies":[{"embeddable":true,"href":"https:\/\/charlie-liveshow.com\/Tentation-erotique\/wp-json\/wp\/v2\/comments?post=42488"}],"version-history":[{"count":0,"href":"https:\/\/charlie-liveshow.com\/Tentation-erotique\/wp-json\/wp\/v2\/product\/42488\/revisions"}],"wp:featuredmedia":[{"embeddable":true,"href":"https:\/\/charlie-liveshow.com\/Tentation-erotique\/wp-json\/wp\/v2\/media\/43570"}],"wp:attachment":[{"href":"https:\/\/charlie-liveshow.com\/Tentation-erotique\/wp-json\/wp\/v2\/media?parent=42488"}],"wp:term":[{"taxonomy":"product_cat","embeddable":true,"href":"https:\/\/charlie-liveshow.com\/Tentation-erotique\/wp-json\/wp\/v2\/product_cat?post=42488"},{"taxonomy":"product_tag","embeddable":true,"href":"https:\/\/charlie-liveshow.com\/Tentation-erotique\/wp-json\/wp\/v2\/product_tag?post=42488"}],"curies":[{"name":"wp","href":"https:\/\/api.w.org\/{rel}","templated":true}]}}