{"id":42464,"date":"2020-03-25T19:32:39","date_gmt":"2020-03-25T18:32:39","guid":{"rendered":"https:\/\/charlie-liveshow.com\/Tentation-erotique\/?post_type=product&#038;p=42464"},"modified":"2021-02-07T13:39:18","modified_gmt":"2021-02-07T12:39:18","slug":"dirty-nurse-hot-game","status":"publish","type":"product","link":"https:\/\/charlie-liveshow.com\/Tentation-erotique\/produit\/dirty-nurse-hot-game\/","title":{"rendered":"CHARLIE, DIRTY NURSE 4 HOT GAME"},"content":{"rendered":"<div id=\"note\">\n<div class=\"row\">\n<div class=\"col-12 col-md\">\n<h3 class=\"card-title mb-0\">CHARLIE, DIRTY NURSE 4 HOT GAME<\/h3>\n<\/div>\n<\/div>\n<p>Je me transforme en infirmi\u00e8re ultra salope pour cette vid\u00e9o d&rsquo;un livecam vraiment XXX. D\u00e9couvre comment je peux faire exploser ton gros thermom\u00e8tre en me baisant par tous les trous jusqu&rsquo;\u00e0 gicler sur ta grosse queue de patient tr\u00e8s tr\u00e8s chaud !<\/p>\n<p>92% de satisfaction sur ma cha\u00eene <a href=\"https:\/\/www.modelhub.com\/charlie-liveshow?t=ts\" target=\"_blank\" rel=\"noopener noreferrer\">PORNHUB.<\/a><\/p>\n<h4>Mots-cl\u00e9s<\/h4>\n<span class=\"su-label su-label-type-important\">COSPLAY<\/span> &#8211; <span class=\"su-label su-label-type-success\">nurse<\/span> &#8211; <span class=\"su-label su-label-type-success\">PUSSY PUMP<\/span> &#8211; <span class=\"su-label su-label-type-info\">DP<\/span> &#8211; <span class=\"su-label su-label-type-info\">SQUIRT<\/span> &#8211; <span class=\"su-label su-label-type-info\">ANAL<\/span> For (hot) adult only !<\/p>\n<h4>Fiche technique<\/h4>\n<p><strong>Dur\u00e9e : 47 minutes <\/strong>\u00a0| Qualit\u00e9 : 1280 x 720 px &#8211; <strong>Format : .mp4 | <\/strong>Taille : 880 mo<\/p>\n<h3><\/h3>\n<\/div>\n","protected":false},"excerpt":{"rendered":"<p>Dirty nurse, sur cette vid\u00e9o X je suis une infirmi\u00e8re ultra salope qui va faire exploser ton gros thermom\u00e8tre en te giclant dessus !<\/p>\n<p><strong>Dur\u00e9e : 47 minutes 100% une pure salope en action !\u00a0<\/strong><\/p>\n","protected":false},"featured_media":43567,"comment_status":"open","ping_status":"closed","template":"","meta":{"ub_ctt_via":""},"product_cat":[53],"product_tag":[163,164,166],"yoast_head":"<!-- This site is optimized with the Yoast SEO plugin v22.0 - https:\/\/yoast.com\/wordpress\/plugins\/seo\/ -->\n<title>CHARLIE, DIRTY NURSE 4 HOT GAME - Charlie Porn vid\u00e9o<\/title>\n<meta name=\"description\" content=\"Dirty nurse, je suis une infirmi\u00e8re ultra salope. Je vais faire exploser ton gros thermom\u00e8tre en te giclant dessus ! - 47 min 100% PORN\" \/>\n<meta name=\"robots\" content=\"index, follow, max-snippet:-1, max-image-preview:large, max-video-preview:-1\" \/>\n<link rel=\"canonical\" href=\"https:\/\/charlie-liveshow.com\/Tentation-erotique\/produit\/dirty-nurse-hot-game\/\" \/>\n<meta property=\"og:locale\" content=\"fr_FR\" \/>\n<meta property=\"og:type\" content=\"article\" \/>\n<meta property=\"og:title\" content=\"CHARLIE, DIRTY NURSE 4 HOT GAME - Charlie Porn vid\u00e9o\" \/>\n<meta property=\"og:description\" content=\"Dirty nurse, je suis une infirmi\u00e8re ultra salope. Je vais faire exploser ton gros thermom\u00e8tre en te giclant dessus ! - 47 min 100% PORN\" \/>\n<meta property=\"og:url\" content=\"https:\/\/charlie-liveshow.com\/Tentation-erotique\/produit\/dirty-nurse-hot-game\/\" \/>\n<meta property=\"og:site_name\" content=\"TENTATIONS \u00c9ROTIQUES par Charlie Liveshow\" \/>\n<meta property=\"article:publisher\" content=\"https:\/\/www.facebook.com\/charlielivetantra\" \/>\n<meta property=\"article:modified_time\" content=\"2021-02-07T12:39:18+00:00\" \/>\n<meta property=\"og:image\" content=\"https:\/\/charlie-liveshow.com\/Tentation-erotique\/wp-content\/uploads\/2020\/03\/dirty-nurse-4-hot-game_fuckmachine_1024.jpg\" \/>\n\t<meta property=\"og:image:width\" content=\"1024\" \/>\n\t<meta property=\"og:image:height\" content=\"678\" \/>\n\t<meta property=\"og:image:type\" content=\"image\/jpeg\" \/>\n<meta name=\"twitter:card\" content=\"summary_large_image\" \/>\n<meta name=\"twitter:site\" content=\"@Charlieliveshow\" \/>\n<meta name=\"twitter:label1\" content=\"Dur\u00e9e de lecture estim\u00e9e\" \/>\n\t<meta name=\"twitter:data1\" content=\"1 minute\" \/>\n<script type=\"application\/ld+json\" class=\"yoast-schema-graph\">{\"@context\":\"https:\/\/schema.org\",\"@graph\":[{\"@type\":\"WebPage\",\"@id\":\"https:\/\/charlie-liveshow.com\/Tentation-erotique\/produit\/dirty-nurse-hot-game\/\",\"url\":\"https:\/\/charlie-liveshow.com\/Tentation-erotique\/produit\/dirty-nurse-hot-game\/\",\"name\":\"CHARLIE, DIRTY NURSE 4 HOT GAME - Charlie Porn vid\u00e9o\",\"isPartOf\":{\"@id\":\"https:\/\/charlie-liveshow.com\/Tentation-erotique\/#website\"},\"datePublished\":\"2020-03-25T18:32:39+00:00\",\"dateModified\":\"2021-02-07T12:39:18+00:00\",\"description\":\"Dirty nurse, je suis une infirmi\u00e8re ultra salope. Je vais faire exploser ton gros thermom\u00e8tre en te giclant dessus ! - 47 min 100% PORN\",\"breadcrumb\":{\"@id\":\"https:\/\/charlie-liveshow.com\/Tentation-erotique\/produit\/dirty-nurse-hot-game\/#breadcrumb\"},\"inLanguage\":\"fr-FR\",\"potentialAction\":[{\"@type\":\"ReadAction\",\"target\":[\"https:\/\/charlie-liveshow.com\/Tentation-erotique\/produit\/dirty-nurse-hot-game\/\"]}]},{\"@type\":\"BreadcrumbList\",\"@id\":\"https:\/\/charlie-liveshow.com\/Tentation-erotique\/produit\/dirty-nurse-hot-game\/#breadcrumb\",\"itemListElement\":[{\"@type\":\"ListItem\",\"position\":1,\"name\":\"Charlie r\u00e9veille vos sens\",\"item\":\"https:\/\/charlie-liveshow.com\/Tentation-erotique\/page-d-accueil-commerce\/\"},{\"@type\":\"ListItem\",\"position\":2,\"name\":\"Vid\u00e9os xXx\",\"item\":\"https:\/\/charlie-liveshow.com\/Tentation-erotique\/categorie-produit\/videos-x-amateur-charlie\/\"},{\"@type\":\"ListItem\",\"position\":3,\"name\":\"CHARLIE, DIRTY NURSE 4 HOT GAME\"}]},{\"@type\":\"WebSite\",\"@id\":\"https:\/\/charlie-liveshow.com\/Tentation-erotique\/#website\",\"url\":\"https:\/\/charlie-liveshow.com\/Tentation-erotique\/\",\"name\":\"TENTATIONS \u00c9ROTIQUES par Charlie Liveshow\",\"description\":\"Eveillez vous \u00e0 l&#039;\u00e9rotisme\",\"publisher\":{\"@id\":\"https:\/\/charlie-liveshow.com\/Tentation-erotique\/#organization\"},\"potentialAction\":[{\"@type\":\"SearchAction\",\"target\":{\"@type\":\"EntryPoint\",\"urlTemplate\":\"https:\/\/charlie-liveshow.com\/Tentation-erotique\/?s={search_term_string}\"},\"query-input\":\"required name=search_term_string\"}],\"inLanguage\":\"fr-FR\"},{\"@type\":\"Organization\",\"@id\":\"https:\/\/charlie-liveshow.com\/Tentation-erotique\/#organization\",\"name\":\"charlie-liveshow\",\"url\":\"https:\/\/charlie-liveshow.com\/Tentation-erotique\/\",\"logo\":{\"@type\":\"ImageObject\",\"inLanguage\":\"fr-FR\",\"@id\":\"https:\/\/charlie-liveshow.com\/Tentation-erotique\/#\/schema\/logo\/image\/\",\"url\":\"https:\/\/charlie-liveshow.com\/Tentation-erotique\/wp-content\/uploads\/2013\/05\/Charlie_folies_logo.png\",\"contentUrl\":\"https:\/\/charlie-liveshow.com\/Tentation-erotique\/wp-content\/uploads\/2013\/05\/Charlie_folies_logo.png\",\"width\":210,\"height\":206,\"caption\":\"charlie-liveshow\"},\"image\":{\"@id\":\"https:\/\/charlie-liveshow.com\/Tentation-erotique\/#\/schema\/logo\/image\/\"},\"sameAs\":[\"https:\/\/www.facebook.com\/charlielivetantra\",\"https:\/\/twitter.com\/Charlieliveshow\",\"https:\/\/www.instagram.com\/charlie_liveshow\/\",\"https:\/\/www.youtube.com\/CharlieTantra\"]}]}<\/script>\n<!-- \/ Yoast SEO plugin. -->","yoast_head_json":{"title":"CHARLIE, DIRTY NURSE 4 HOT GAME - Charlie Porn vid\u00e9o","description":"Dirty nurse, je suis une infirmi\u00e8re ultra salope. Je vais faire exploser ton gros thermom\u00e8tre en te giclant dessus ! - 47 min 100% PORN","robots":{"index":"index","follow":"follow","max-snippet":"max-snippet:-1","max-image-preview":"max-image-preview:large","max-video-preview":"max-video-preview:-1"},"canonical":"https:\/\/charlie-liveshow.com\/Tentation-erotique\/produit\/dirty-nurse-hot-game\/","og_locale":"fr_FR","og_type":"article","og_title":"CHARLIE, DIRTY NURSE 4 HOT GAME - Charlie Porn vid\u00e9o","og_description":"Dirty nurse, je suis une infirmi\u00e8re ultra salope. Je vais faire exploser ton gros thermom\u00e8tre en te giclant dessus ! - 47 min 100% PORN","og_url":"https:\/\/charlie-liveshow.com\/Tentation-erotique\/produit\/dirty-nurse-hot-game\/","og_site_name":"TENTATIONS \u00c9ROTIQUES par Charlie Liveshow","article_publisher":"https:\/\/www.facebook.com\/charlielivetantra","article_modified_time":"2021-02-07T12:39:18+00:00","og_image":[{"width":1024,"height":678,"url":"https:\/\/charlie-liveshow.com\/Tentation-erotique\/wp-content\/uploads\/2020\/03\/dirty-nurse-4-hot-game_fuckmachine_1024.jpg","type":"image\/jpeg"}],"twitter_card":"summary_large_image","twitter_site":"@Charlieliveshow","twitter_misc":{"Dur\u00e9e de lecture estim\u00e9e":"1 minute"},"schema":{"@context":"https:\/\/schema.org","@graph":[{"@type":"WebPage","@id":"https:\/\/charlie-liveshow.com\/Tentation-erotique\/produit\/dirty-nurse-hot-game\/","url":"https:\/\/charlie-liveshow.com\/Tentation-erotique\/produit\/dirty-nurse-hot-game\/","name":"CHARLIE, DIRTY NURSE 4 HOT GAME - Charlie Porn vid\u00e9o","isPartOf":{"@id":"https:\/\/charlie-liveshow.com\/Tentation-erotique\/#website"},"datePublished":"2020-03-25T18:32:39+00:00","dateModified":"2021-02-07T12:39:18+00:00","description":"Dirty nurse, je suis une infirmi\u00e8re ultra salope. Je vais faire exploser ton gros thermom\u00e8tre en te giclant dessus ! - 47 min 100% PORN","breadcrumb":{"@id":"https:\/\/charlie-liveshow.com\/Tentation-erotique\/produit\/dirty-nurse-hot-game\/#breadcrumb"},"inLanguage":"fr-FR","potentialAction":[{"@type":"ReadAction","target":["https:\/\/charlie-liveshow.com\/Tentation-erotique\/produit\/dirty-nurse-hot-game\/"]}]},{"@type":"BreadcrumbList","@id":"https:\/\/charlie-liveshow.com\/Tentation-erotique\/produit\/dirty-nurse-hot-game\/#breadcrumb","itemListElement":[{"@type":"ListItem","position":1,"name":"Charlie r\u00e9veille vos sens","item":"https:\/\/charlie-liveshow.com\/Tentation-erotique\/page-d-accueil-commerce\/"},{"@type":"ListItem","position":2,"name":"Vid\u00e9os xXx","item":"https:\/\/charlie-liveshow.com\/Tentation-erotique\/categorie-produit\/videos-x-amateur-charlie\/"},{"@type":"ListItem","position":3,"name":"CHARLIE, DIRTY NURSE 4 HOT GAME"}]},{"@type":"WebSite","@id":"https:\/\/charlie-liveshow.com\/Tentation-erotique\/#website","url":"https:\/\/charlie-liveshow.com\/Tentation-erotique\/","name":"TENTATIONS \u00c9ROTIQUES par Charlie Liveshow","description":"Eveillez vous \u00e0 l&#039;\u00e9rotisme","publisher":{"@id":"https:\/\/charlie-liveshow.com\/Tentation-erotique\/#organization"},"potentialAction":[{"@type":"SearchAction","target":{"@type":"EntryPoint","urlTemplate":"https:\/\/charlie-liveshow.com\/Tentation-erotique\/?s={search_term_string}"},"query-input":"required name=search_term_string"}],"inLanguage":"fr-FR"},{"@type":"Organization","@id":"https:\/\/charlie-liveshow.com\/Tentation-erotique\/#organization","name":"charlie-liveshow","url":"https:\/\/charlie-liveshow.com\/Tentation-erotique\/","logo":{"@type":"ImageObject","inLanguage":"fr-FR","@id":"https:\/\/charlie-liveshow.com\/Tentation-erotique\/#\/schema\/logo\/image\/","url":"https:\/\/charlie-liveshow.com\/Tentation-erotique\/wp-content\/uploads\/2013\/05\/Charlie_folies_logo.png","contentUrl":"https:\/\/charlie-liveshow.com\/Tentation-erotique\/wp-content\/uploads\/2013\/05\/Charlie_folies_logo.png","width":210,"height":206,"caption":"charlie-liveshow"},"image":{"@id":"https:\/\/charlie-liveshow.com\/Tentation-erotique\/#\/schema\/logo\/image\/"},"sameAs":["https:\/\/www.facebook.com\/charlielivetantra","https:\/\/twitter.com\/Charlieliveshow","https:\/\/www.instagram.com\/charlie_liveshow\/","https:\/\/www.youtube.com\/CharlieTantra"]}]}},"_links":{"self":[{"href":"https:\/\/charlie-liveshow.com\/Tentation-erotique\/wp-json\/wp\/v2\/product\/42464"}],"collection":[{"href":"https:\/\/charlie-liveshow.com\/Tentation-erotique\/wp-json\/wp\/v2\/product"}],"about":[{"href":"https:\/\/charlie-liveshow.com\/Tentation-erotique\/wp-json\/wp\/v2\/types\/product"}],"replies":[{"embeddable":true,"href":"https:\/\/charlie-liveshow.com\/Tentation-erotique\/wp-json\/wp\/v2\/comments?post=42464"}],"version-history":[{"count":0,"href":"https:\/\/charlie-liveshow.com\/Tentation-erotique\/wp-json\/wp\/v2\/product\/42464\/revisions"}],"wp:featuredmedia":[{"embeddable":true,"href":"https:\/\/charlie-liveshow.com\/Tentation-erotique\/wp-json\/wp\/v2\/media\/43567"}],"wp:attachment":[{"href":"https:\/\/charlie-liveshow.com\/Tentation-erotique\/wp-json\/wp\/v2\/media?parent=42464"}],"wp:term":[{"taxonomy":"product_cat","embeddable":true,"href":"https:\/\/charlie-liveshow.com\/Tentation-erotique\/wp-json\/wp\/v2\/product_cat?post=42464"},{"taxonomy":"product_tag","embeddable":true,"href":"https:\/\/charlie-liveshow.com\/Tentation-erotique\/wp-json\/wp\/v2\/product_tag?post=42464"}],"curies":[{"name":"wp","href":"https:\/\/api.w.org\/{rel}","templated":true}]}}