{"id":42389,"date":"2020-01-17T15:03:47","date_gmt":"2020-01-17T14:03:47","guid":{"rendered":"https:\/\/charlie-liveshow.com\/Tentation-erotique\/?post_type=product&#038;p=42389"},"modified":"2020-11-09T20:47:16","modified_gmt":"2020-11-09T19:47:16","slug":"prof-anglais-salope-joi","status":"publish","type":"product","link":"https:\/\/charlie-liveshow.com\/Tentation-erotique\/produit\/prof-anglais-salope-joi\/","title":{"rendered":"Une prof d&rsquo;anglais tr\u00e8s salope &#8211; JOI french"},"content":{"rendered":"<div id=\"note\">\n<h3>JOI : Une prof d&rsquo;anglais tr\u00e8s salope<\/h3>\n<p>Tu as toujours r\u00eav\u00e9 de baiser ta prof d&rsquo;anglais ? Une le\u00e7ons tr\u00e8s particuli\u00e8re avec une prof d&rsquo;anglais super salope. NOUVELLE JOI, Jerk off instruction, en fran\u00e7ais. Une vid\u00e9o 100% cosplay et jeu de r\u00f4le. 25 minutes intenses pour se branler en m\u00eame temps et jouir ensemble : UN MUST HAVE et 92% de satisfaction sur ma cha\u00eene <a href=\"https:\/\/www.modelhub.com\/charlie-liveshow?t=ts\" target=\"_blank\" rel=\"noopener noreferrer\">PORNHUB.<\/a><\/p>\n<h4>Mots-cl\u00e9s<\/h4>\n<span class=\"su-label su-label-type-important\">COSPLAY<\/span> &#8211; <span class=\"su-label su-label-type-success\">JOI<\/span> &#8211; <span class=\"su-label su-label-type-success\">MILF<\/span>&#8211; <span class=\"su-label su-label-type-info\">Masturbation<\/span> &#8211; <span class=\"su-label su-label-type-info\">Anal<\/span> &#8211; <span class=\"su-label su-label-type-info\">Gros gode noir<\/span>\nFor (hot) adult only !<\/p>\n<h4>Fiche technique<\/h4>\n<p><strong>Dur\u00e9e : 25 minutes <\/strong>\u00a0| Qualit\u00e9 : 1280 x 720\u00a0px &#8211;\u00a0<strong>Format : .mp4 | <\/strong>Taille : 478mo<\/p>\n<h3>Extrait gratuit pour te donner envie de jouir avec moi<\/h3>\n<div style=\"width: 640px;\" class=\"wp-video\"><!--[if lt IE 9]><script>document.createElement('video');<\/script><![endif]-->\n<video class=\"wp-video-shortcode\" id=\"video-42389-1\" width=\"640\" height=\"360\" preload=\"metadata\" controls=\"controls\"><source type=\"video\/mp4\" src=\"http:\/\/indie-public.s3.amazonaws.com\/d849618d-7aa8-4f28-bd3b-469b4680a2d4\/sample\/486691a0-c9d4-4dd0-a798-35eba362c711.mp4?_=1\" \/><a href=\"http:\/\/indie-public.s3.amazonaws.com\/d849618d-7aa8-4f28-bd3b-469b4680a2d4\/sample\/486691a0-c9d4-4dd0-a798-35eba362c711.mp4\">http:\/\/indie-public.s3.amazonaws.com\/d849618d-7aa8-4f28-bd3b-469b4680a2d4\/sample\/486691a0-c9d4-4dd0-a798-35eba362c711.mp4<\/a><\/video><\/div>\n<\/div>\n","protected":false},"excerpt":{"rendered":"<p>Nouvelle vid\u00e9o de JERK OFF INSTRUCTION : rejoins la classe tr\u00e8s priv\u00e9e d&rsquo;une prof d&rsquo;anglais tr\u00e8s salope ! R\u00e9alise ton r\u00eave BAISE TA PROF D&rsquo;ANGLAIS<\/p>\n<p><strong>Dur\u00e9e : 25 minutes 100% prof salope !\u00a0<\/strong><\/p>\n","protected":false},"featured_media":42390,"comment_status":"open","ping_status":"closed","template":"","meta":{"ub_ctt_via":""},"product_cat":[53],"product_tag":[163,165,164],"yoast_head":"<!-- This site is optimized with the Yoast SEO plugin v22.0 - https:\/\/yoast.com\/wordpress\/plugins\/seo\/ -->\n<title>Une prof d&#039;anglais tr\u00e8s salope - JOI french - Charlie Porn vid\u00e9o<\/title>\n<meta name=\"description\" content=\"Nouvelle vid\u00e9o de JERK OFF INSTRUCTION rejoins la classe tr\u00e8s priv\u00e9e d&#039;une prof d&#039;anglais tr\u00e8s salope ! BAISE TA PROF D&#039;ANGLAIS - french JOI\" \/>\n<meta name=\"robots\" content=\"index, follow, max-snippet:-1, max-image-preview:large, max-video-preview:-1\" \/>\n<link rel=\"canonical\" href=\"https:\/\/charlie-liveshow.com\/Tentation-erotique\/produit\/prof-anglais-salope-joi\/\" \/>\n<meta property=\"og:locale\" content=\"fr_FR\" \/>\n<meta property=\"og:type\" content=\"article\" \/>\n<meta property=\"og:title\" content=\"Une prof d&#039;anglais tr\u00e8s salope - JOI french - Charlie Porn vid\u00e9o\" \/>\n<meta property=\"og:description\" content=\"Nouvelle vid\u00e9o de JERK OFF INSTRUCTION rejoins la classe tr\u00e8s priv\u00e9e d&#039;une prof d&#039;anglais tr\u00e8s salope ! BAISE TA PROF D&#039;ANGLAIS - french JOI\" \/>\n<meta property=\"og:url\" content=\"https:\/\/charlie-liveshow.com\/Tentation-erotique\/produit\/prof-anglais-salope-joi\/\" \/>\n<meta property=\"og:site_name\" content=\"TENTATIONS \u00c9ROTIQUES par Charlie Liveshow\" \/>\n<meta property=\"article:publisher\" content=\"https:\/\/www.facebook.com\/charlielivetantra\" \/>\n<meta property=\"article:modified_time\" content=\"2020-11-09T19:47:16+00:00\" \/>\n<meta property=\"og:image\" content=\"https:\/\/charlie-liveshow.com\/Tentation-erotique\/wp-content\/uploads\/2020\/01\/prof-anglais-salope-french-joi-x.jpg\" \/>\n\t<meta property=\"og:image:width\" content=\"1024\" \/>\n\t<meta property=\"og:image:height\" content=\"678\" \/>\n\t<meta property=\"og:image:type\" content=\"image\/jpeg\" \/>\n<meta name=\"twitter:card\" content=\"summary_large_image\" \/>\n<meta name=\"twitter:title\" content=\"Charlie et Luna Rival - ROAD TRIP PORN entre filles\" \/>\n<meta name=\"twitter:description\" content=\"Luna Rival &amp; Charlie, 2 filles tr\u00e8s tr\u00e8s chaudes, vous embarquent dans un road trip lesbien \u00e0 bord de leur break elles se bouffent la chatte avec plaisir avant d&#039;aller boire un verre en oubliant leur culotte ! 21 minutes 100% lesbien !\u00a0\" \/>\n<meta name=\"twitter:image\" content=\"https:\/\/charlie-liveshow.com\/Tentation-erotique\/wp-content\/uploads\/2019\/10\/ROAD-TRIP-header-1024.jpg\" \/>\n<meta name=\"twitter:site\" content=\"@Charlieliveshow\" \/>\n<meta name=\"twitter:label1\" content=\"Dur\u00e9e de lecture estim\u00e9e\" \/>\n\t<meta name=\"twitter:data1\" content=\"1 minute\" \/>\n<script type=\"application\/ld+json\" class=\"yoast-schema-graph\">{\"@context\":\"https:\/\/schema.org\",\"@graph\":[{\"@type\":\"WebPage\",\"@id\":\"https:\/\/charlie-liveshow.com\/Tentation-erotique\/produit\/prof-anglais-salope-joi\/\",\"url\":\"https:\/\/charlie-liveshow.com\/Tentation-erotique\/produit\/prof-anglais-salope-joi\/\",\"name\":\"Une prof d'anglais tr\u00e8s salope - JOI french - Charlie Porn vid\u00e9o\",\"isPartOf\":{\"@id\":\"https:\/\/charlie-liveshow.com\/Tentation-erotique\/#website\"},\"datePublished\":\"2020-01-17T14:03:47+00:00\",\"dateModified\":\"2020-11-09T19:47:16+00:00\",\"description\":\"Nouvelle vid\u00e9o de JERK OFF INSTRUCTION rejoins la classe tr\u00e8s priv\u00e9e d'une prof d'anglais tr\u00e8s salope ! BAISE TA PROF D'ANGLAIS - french JOI\",\"breadcrumb\":{\"@id\":\"https:\/\/charlie-liveshow.com\/Tentation-erotique\/produit\/prof-anglais-salope-joi\/#breadcrumb\"},\"inLanguage\":\"fr-FR\",\"potentialAction\":[{\"@type\":\"ReadAction\",\"target\":[\"https:\/\/charlie-liveshow.com\/Tentation-erotique\/produit\/prof-anglais-salope-joi\/\"]}]},{\"@type\":\"BreadcrumbList\",\"@id\":\"https:\/\/charlie-liveshow.com\/Tentation-erotique\/produit\/prof-anglais-salope-joi\/#breadcrumb\",\"itemListElement\":[{\"@type\":\"ListItem\",\"position\":1,\"name\":\"Charlie r\u00e9veille vos sens\",\"item\":\"https:\/\/charlie-liveshow.com\/Tentation-erotique\/page-d-accueil-commerce\/\"},{\"@type\":\"ListItem\",\"position\":2,\"name\":\"Vid\u00e9os xXx\",\"item\":\"https:\/\/charlie-liveshow.com\/Tentation-erotique\/categorie-produit\/videos-x-amateur-charlie\/\"},{\"@type\":\"ListItem\",\"position\":3,\"name\":\"Une prof d&rsquo;anglais tr\u00e8s salope &#8211; JOI french\"}]},{\"@type\":\"WebSite\",\"@id\":\"https:\/\/charlie-liveshow.com\/Tentation-erotique\/#website\",\"url\":\"https:\/\/charlie-liveshow.com\/Tentation-erotique\/\",\"name\":\"TENTATIONS \u00c9ROTIQUES par Charlie Liveshow\",\"description\":\"Eveillez vous \u00e0 l&#039;\u00e9rotisme\",\"publisher\":{\"@id\":\"https:\/\/charlie-liveshow.com\/Tentation-erotique\/#organization\"},\"potentialAction\":[{\"@type\":\"SearchAction\",\"target\":{\"@type\":\"EntryPoint\",\"urlTemplate\":\"https:\/\/charlie-liveshow.com\/Tentation-erotique\/?s={search_term_string}\"},\"query-input\":\"required name=search_term_string\"}],\"inLanguage\":\"fr-FR\"},{\"@type\":\"Organization\",\"@id\":\"https:\/\/charlie-liveshow.com\/Tentation-erotique\/#organization\",\"name\":\"charlie-liveshow\",\"url\":\"https:\/\/charlie-liveshow.com\/Tentation-erotique\/\",\"logo\":{\"@type\":\"ImageObject\",\"inLanguage\":\"fr-FR\",\"@id\":\"https:\/\/charlie-liveshow.com\/Tentation-erotique\/#\/schema\/logo\/image\/\",\"url\":\"https:\/\/charlie-liveshow.com\/Tentation-erotique\/wp-content\/uploads\/2013\/05\/Charlie_folies_logo.png\",\"contentUrl\":\"https:\/\/charlie-liveshow.com\/Tentation-erotique\/wp-content\/uploads\/2013\/05\/Charlie_folies_logo.png\",\"width\":210,\"height\":206,\"caption\":\"charlie-liveshow\"},\"image\":{\"@id\":\"https:\/\/charlie-liveshow.com\/Tentation-erotique\/#\/schema\/logo\/image\/\"},\"sameAs\":[\"https:\/\/www.facebook.com\/charlielivetantra\",\"https:\/\/twitter.com\/Charlieliveshow\",\"https:\/\/www.instagram.com\/charlie_liveshow\/\",\"https:\/\/www.youtube.com\/CharlieTantra\"]}]}<\/script>\n<!-- \/ Yoast SEO plugin. -->","yoast_head_json":{"title":"Une prof d'anglais tr\u00e8s salope - JOI french - Charlie Porn vid\u00e9o","description":"Nouvelle vid\u00e9o de JERK OFF INSTRUCTION rejoins la classe tr\u00e8s priv\u00e9e d'une prof d'anglais tr\u00e8s salope ! BAISE TA PROF D'ANGLAIS - french JOI","robots":{"index":"index","follow":"follow","max-snippet":"max-snippet:-1","max-image-preview":"max-image-preview:large","max-video-preview":"max-video-preview:-1"},"canonical":"https:\/\/charlie-liveshow.com\/Tentation-erotique\/produit\/prof-anglais-salope-joi\/","og_locale":"fr_FR","og_type":"article","og_title":"Une prof d'anglais tr\u00e8s salope - JOI french - Charlie Porn vid\u00e9o","og_description":"Nouvelle vid\u00e9o de JERK OFF INSTRUCTION rejoins la classe tr\u00e8s priv\u00e9e d'une prof d'anglais tr\u00e8s salope ! BAISE TA PROF D'ANGLAIS - french JOI","og_url":"https:\/\/charlie-liveshow.com\/Tentation-erotique\/produit\/prof-anglais-salope-joi\/","og_site_name":"TENTATIONS \u00c9ROTIQUES par Charlie Liveshow","article_publisher":"https:\/\/www.facebook.com\/charlielivetantra","article_modified_time":"2020-11-09T19:47:16+00:00","og_image":[{"width":1024,"height":678,"url":"https:\/\/charlie-liveshow.com\/Tentation-erotique\/wp-content\/uploads\/2020\/01\/prof-anglais-salope-french-joi-x.jpg","type":"image\/jpeg"}],"twitter_card":"summary_large_image","twitter_title":"Charlie et Luna Rival - ROAD TRIP PORN entre filles","twitter_description":"Luna Rival & Charlie, 2 filles tr\u00e8s tr\u00e8s chaudes, vous embarquent dans un road trip lesbien \u00e0 bord de leur break elles se bouffent la chatte avec plaisir avant d'aller boire un verre en oubliant leur culotte ! 21 minutes 100% lesbien !\u00a0","twitter_image":"https:\/\/charlie-liveshow.com\/Tentation-erotique\/wp-content\/uploads\/2019\/10\/ROAD-TRIP-header-1024.jpg","twitter_site":"@Charlieliveshow","twitter_misc":{"Dur\u00e9e de lecture estim\u00e9e":"1 minute"},"schema":{"@context":"https:\/\/schema.org","@graph":[{"@type":"WebPage","@id":"https:\/\/charlie-liveshow.com\/Tentation-erotique\/produit\/prof-anglais-salope-joi\/","url":"https:\/\/charlie-liveshow.com\/Tentation-erotique\/produit\/prof-anglais-salope-joi\/","name":"Une prof d'anglais tr\u00e8s salope - JOI french - Charlie Porn vid\u00e9o","isPartOf":{"@id":"https:\/\/charlie-liveshow.com\/Tentation-erotique\/#website"},"datePublished":"2020-01-17T14:03:47+00:00","dateModified":"2020-11-09T19:47:16+00:00","description":"Nouvelle vid\u00e9o de JERK OFF INSTRUCTION rejoins la classe tr\u00e8s priv\u00e9e d'une prof d'anglais tr\u00e8s salope ! BAISE TA PROF D'ANGLAIS - french JOI","breadcrumb":{"@id":"https:\/\/charlie-liveshow.com\/Tentation-erotique\/produit\/prof-anglais-salope-joi\/#breadcrumb"},"inLanguage":"fr-FR","potentialAction":[{"@type":"ReadAction","target":["https:\/\/charlie-liveshow.com\/Tentation-erotique\/produit\/prof-anglais-salope-joi\/"]}]},{"@type":"BreadcrumbList","@id":"https:\/\/charlie-liveshow.com\/Tentation-erotique\/produit\/prof-anglais-salope-joi\/#breadcrumb","itemListElement":[{"@type":"ListItem","position":1,"name":"Charlie r\u00e9veille vos sens","item":"https:\/\/charlie-liveshow.com\/Tentation-erotique\/page-d-accueil-commerce\/"},{"@type":"ListItem","position":2,"name":"Vid\u00e9os xXx","item":"https:\/\/charlie-liveshow.com\/Tentation-erotique\/categorie-produit\/videos-x-amateur-charlie\/"},{"@type":"ListItem","position":3,"name":"Une prof d&rsquo;anglais tr\u00e8s salope &#8211; JOI french"}]},{"@type":"WebSite","@id":"https:\/\/charlie-liveshow.com\/Tentation-erotique\/#website","url":"https:\/\/charlie-liveshow.com\/Tentation-erotique\/","name":"TENTATIONS \u00c9ROTIQUES par Charlie Liveshow","description":"Eveillez vous \u00e0 l&#039;\u00e9rotisme","publisher":{"@id":"https:\/\/charlie-liveshow.com\/Tentation-erotique\/#organization"},"potentialAction":[{"@type":"SearchAction","target":{"@type":"EntryPoint","urlTemplate":"https:\/\/charlie-liveshow.com\/Tentation-erotique\/?s={search_term_string}"},"query-input":"required name=search_term_string"}],"inLanguage":"fr-FR"},{"@type":"Organization","@id":"https:\/\/charlie-liveshow.com\/Tentation-erotique\/#organization","name":"charlie-liveshow","url":"https:\/\/charlie-liveshow.com\/Tentation-erotique\/","logo":{"@type":"ImageObject","inLanguage":"fr-FR","@id":"https:\/\/charlie-liveshow.com\/Tentation-erotique\/#\/schema\/logo\/image\/","url":"https:\/\/charlie-liveshow.com\/Tentation-erotique\/wp-content\/uploads\/2013\/05\/Charlie_folies_logo.png","contentUrl":"https:\/\/charlie-liveshow.com\/Tentation-erotique\/wp-content\/uploads\/2013\/05\/Charlie_folies_logo.png","width":210,"height":206,"caption":"charlie-liveshow"},"image":{"@id":"https:\/\/charlie-liveshow.com\/Tentation-erotique\/#\/schema\/logo\/image\/"},"sameAs":["https:\/\/www.facebook.com\/charlielivetantra","https:\/\/twitter.com\/Charlieliveshow","https:\/\/www.instagram.com\/charlie_liveshow\/","https:\/\/www.youtube.com\/CharlieTantra"]}]}},"_links":{"self":[{"href":"https:\/\/charlie-liveshow.com\/Tentation-erotique\/wp-json\/wp\/v2\/product\/42389"}],"collection":[{"href":"https:\/\/charlie-liveshow.com\/Tentation-erotique\/wp-json\/wp\/v2\/product"}],"about":[{"href":"https:\/\/charlie-liveshow.com\/Tentation-erotique\/wp-json\/wp\/v2\/types\/product"}],"replies":[{"embeddable":true,"href":"https:\/\/charlie-liveshow.com\/Tentation-erotique\/wp-json\/wp\/v2\/comments?post=42389"}],"version-history":[{"count":0,"href":"https:\/\/charlie-liveshow.com\/Tentation-erotique\/wp-json\/wp\/v2\/product\/42389\/revisions"}],"wp:featuredmedia":[{"embeddable":true,"href":"https:\/\/charlie-liveshow.com\/Tentation-erotique\/wp-json\/wp\/v2\/media\/42390"}],"wp:attachment":[{"href":"https:\/\/charlie-liveshow.com\/Tentation-erotique\/wp-json\/wp\/v2\/media?parent=42389"}],"wp:term":[{"taxonomy":"product_cat","embeddable":true,"href":"https:\/\/charlie-liveshow.com\/Tentation-erotique\/wp-json\/wp\/v2\/product_cat?post=42389"},{"taxonomy":"product_tag","embeddable":true,"href":"https:\/\/charlie-liveshow.com\/Tentation-erotique\/wp-json\/wp\/v2\/product_tag?post=42389"}],"curies":[{"name":"wp","href":"https:\/\/api.w.org\/{rel}","templated":true}]}}