{"id":42371,"date":"2020-01-05T15:37:29","date_gmt":"2020-01-05T14:37:29","guid":{"rendered":"https:\/\/charlie-liveshow.com\/Tentation-erotique\/?post_type=product&#038;p=42371"},"modified":"2021-02-11T19:13:54","modified_gmt":"2021-02-11T18:13:54","slug":"fais-toi-sucer-par-une-lutine","status":"publish","type":"product","link":"https:\/\/charlie-liveshow.com\/Tentation-erotique\/produit\/fais-toi-sucer-par-une-lutine\/","title":{"rendered":"Fais toi sucer par une lutine"},"content":{"rendered":"<div id=\"note\">\n<h3>Fais toi sucer et baise une lutine salope<\/h3>\n<p>Une lutine de noel ca fait quoi \u00e0 votre avis les 364 autres jours de l&rsquo;ann\u00e9e ? ET BIEN CA BAISE ! J&rsquo;enfile mon costume de lutine salope et pompe le mec bien \u00e0 fond. Comme si ca ne suffisait pas j&#8217;empale mon cul de salope sur un \u00e9norme gode black. J&rsquo;adore quand ca me d\u00e9fonce bien !<\/p>\n<p>C&rsquo;est no\u00ebl alors toute les folies sont permises ! Une vid\u00e9o anal + blowjob pour r\u00e9aliser le fantasmes de tous les grands gar\u00e7ons ! BAISER UNE LUTINE !<\/p>\n<h4>Mots-cl\u00e9s<\/h4>\n<span class=\"su-label su-label-type-important\">COSPLAY<\/span> &#8211; <span class=\"su-label su-label-type-success\">BLOWJOB<\/span>&#8211; <span class=\"su-label su-label-type-info\">Masturbation<\/span> &#8211; <span class=\"su-label su-label-type-info\">Anal<\/span> &#8211; <span class=\"su-label su-label-type-info\">Gros gode noir<\/span>\nFor (hot) adult only !<\/p>\n<h4>Fiche technique<\/h4>\n<p><strong>Dur\u00e9e : 8.30 minutes <\/strong>\u00a0| Qualit\u00e9 : 1280 x 720\u00a0px &#8211;\u00a0<strong>Format : .mp4 | <\/strong>Taille : 153mo<\/p>\n<h3>Un extrait gratuit pour te donner envie de baiser ta lutine<\/h3>\n<div style=\"width: 640px;\" class=\"wp-video\"><!--[if lt IE 9]><script>document.createElement('video');<\/script><![endif]-->\n<video class=\"wp-video-shortcode\" id=\"video-42371-1\" width=\"640\" height=\"360\" preload=\"metadata\" controls=\"controls\"><source type=\"video\/mp4\" src=\"http:\/\/indie-public.s3.amazonaws.com\/d849618d-7aa8-4f28-bd3b-469b4680a2d4\/sample\/aaec5977-d1e1-4782-a6a0-22447a3e726b.mp4?_=1\" \/><a href=\"http:\/\/indie-public.s3.amazonaws.com\/d849618d-7aa8-4f28-bd3b-469b4680a2d4\/sample\/aaec5977-d1e1-4782-a6a0-22447a3e726b.mp4\">http:\/\/indie-public.s3.amazonaws.com\/d849618d-7aa8-4f28-bd3b-469b4680a2d4\/sample\/aaec5977-d1e1-4782-a6a0-22447a3e726b.mp4<\/a><\/video><\/div>\n<\/div>\n","protected":false},"excerpt":{"rendered":"<p>C&rsquo;est no\u00ebl alors toute les folies sont permises ! Une vid\u00e9o anal + blowjob pour r\u00e9aliser le fantasmes de tous les grands gar\u00e7ons ! BAISER UNE LUTINE !<\/p>\n<p><strong>Dur\u00e9e : 8.30minutes 100% NOEL PORNO !\u00a0<\/strong><\/p>\n","protected":false},"featured_media":43638,"comment_status":"open","ping_status":"closed","template":"","meta":{"ub_ctt_via":""},"product_cat":[53],"product_tag":[43,163,155,164],"yoast_head":"<!-- This site is optimized with the Yoast SEO plugin v22.0 - https:\/\/yoast.com\/wordpress\/plugins\/seo\/ -->\n<title>Fais toi sucer par une lutine - Charlie Porn vid\u00e9o<\/title>\n<meta name=\"description\" content=\"C&#039;est no\u00ebl alors toute les folies sont permises ! vid\u00e9o anal + blowjob R\u00e9alise le fantasme de tous les grands gar\u00e7ons ! BAISE UNE LUTINE PORN\" \/>\n<meta name=\"robots\" content=\"index, follow, max-snippet:-1, max-image-preview:large, max-video-preview:-1\" \/>\n<link rel=\"canonical\" href=\"https:\/\/charlie-liveshow.com\/Tentation-erotique\/produit\/fais-toi-sucer-par-une-lutine\/\" \/>\n<meta property=\"og:locale\" content=\"fr_FR\" \/>\n<meta property=\"og:type\" content=\"article\" \/>\n<meta property=\"og:title\" content=\"Fais toi sucer par une lutine - Charlie Porn vid\u00e9o\" \/>\n<meta property=\"og:description\" content=\"C&#039;est no\u00ebl alors toute les folies sont permises ! vid\u00e9o anal + blowjob R\u00e9alise le fantasme de tous les grands gar\u00e7ons ! BAISE UNE LUTINE PORN\" \/>\n<meta property=\"og:url\" content=\"https:\/\/charlie-liveshow.com\/Tentation-erotique\/produit\/fais-toi-sucer-par-une-lutine\/\" \/>\n<meta property=\"og:site_name\" content=\"TENTATIONS \u00c9ROTIQUES par Charlie Liveshow\" \/>\n<meta property=\"article:publisher\" content=\"https:\/\/www.facebook.com\/charlielivetantra\" \/>\n<meta property=\"article:modified_time\" content=\"2021-02-11T18:13:54+00:00\" \/>\n<meta property=\"og:image\" content=\"https:\/\/charlie-liveshow.com\/Tentation-erotique\/wp-content\/uploads\/2020\/01\/fais-toi-sucer-par-une-lutine_1024.jpg\" \/>\n\t<meta property=\"og:image:width\" content=\"1024\" \/>\n\t<meta property=\"og:image:height\" content=\"678\" \/>\n\t<meta property=\"og:image:type\" content=\"image\/jpeg\" \/>\n<meta name=\"twitter:card\" content=\"summary_large_image\" \/>\n<meta name=\"twitter:title\" content=\"Charlie et Luna Rival - ROAD TRIP PORN entre filles\" \/>\n<meta name=\"twitter:description\" content=\"Luna Rival &amp; Charlie, 2 filles tr\u00e8s tr\u00e8s chaudes, vous embarquent dans un road trip lesbien \u00e0 bord de leur break elles se bouffent la chatte avec plaisir avant d&#039;aller boire un verre en oubliant leur culotte ! 21 minutes 100% lesbien !\u00a0\" \/>\n<meta name=\"twitter:image\" content=\"https:\/\/charlie-liveshow.com\/Tentation-erotique\/wp-content\/uploads\/2019\/10\/ROAD-TRIP-header-1024.jpg\" \/>\n<meta name=\"twitter:site\" content=\"@Charlieliveshow\" \/>\n<meta name=\"twitter:label1\" content=\"Dur\u00e9e de lecture estim\u00e9e\" \/>\n\t<meta name=\"twitter:data1\" content=\"1 minute\" \/>\n<script type=\"application\/ld+json\" class=\"yoast-schema-graph\">{\"@context\":\"https:\/\/schema.org\",\"@graph\":[{\"@type\":\"WebPage\",\"@id\":\"https:\/\/charlie-liveshow.com\/Tentation-erotique\/produit\/fais-toi-sucer-par-une-lutine\/\",\"url\":\"https:\/\/charlie-liveshow.com\/Tentation-erotique\/produit\/fais-toi-sucer-par-une-lutine\/\",\"name\":\"Fais toi sucer par une lutine - Charlie Porn vid\u00e9o\",\"isPartOf\":{\"@id\":\"https:\/\/charlie-liveshow.com\/Tentation-erotique\/#website\"},\"datePublished\":\"2020-01-05T14:37:29+00:00\",\"dateModified\":\"2021-02-11T18:13:54+00:00\",\"description\":\"C'est no\u00ebl alors toute les folies sont permises ! vid\u00e9o anal + blowjob R\u00e9alise le fantasme de tous les grands gar\u00e7ons ! BAISE UNE LUTINE PORN\",\"breadcrumb\":{\"@id\":\"https:\/\/charlie-liveshow.com\/Tentation-erotique\/produit\/fais-toi-sucer-par-une-lutine\/#breadcrumb\"},\"inLanguage\":\"fr-FR\",\"potentialAction\":[{\"@type\":\"ReadAction\",\"target\":[\"https:\/\/charlie-liveshow.com\/Tentation-erotique\/produit\/fais-toi-sucer-par-une-lutine\/\"]}]},{\"@type\":\"BreadcrumbList\",\"@id\":\"https:\/\/charlie-liveshow.com\/Tentation-erotique\/produit\/fais-toi-sucer-par-une-lutine\/#breadcrumb\",\"itemListElement\":[{\"@type\":\"ListItem\",\"position\":1,\"name\":\"Charlie r\u00e9veille vos sens\",\"item\":\"https:\/\/charlie-liveshow.com\/Tentation-erotique\/page-d-accueil-commerce\/\"},{\"@type\":\"ListItem\",\"position\":2,\"name\":\"Vid\u00e9os xXx\",\"item\":\"https:\/\/charlie-liveshow.com\/Tentation-erotique\/categorie-produit\/videos-x-amateur-charlie\/\"},{\"@type\":\"ListItem\",\"position\":3,\"name\":\"Fais toi sucer par une lutine\"}]},{\"@type\":\"WebSite\",\"@id\":\"https:\/\/charlie-liveshow.com\/Tentation-erotique\/#website\",\"url\":\"https:\/\/charlie-liveshow.com\/Tentation-erotique\/\",\"name\":\"TENTATIONS \u00c9ROTIQUES par Charlie Liveshow\",\"description\":\"Eveillez vous \u00e0 l&#039;\u00e9rotisme\",\"publisher\":{\"@id\":\"https:\/\/charlie-liveshow.com\/Tentation-erotique\/#organization\"},\"potentialAction\":[{\"@type\":\"SearchAction\",\"target\":{\"@type\":\"EntryPoint\",\"urlTemplate\":\"https:\/\/charlie-liveshow.com\/Tentation-erotique\/?s={search_term_string}\"},\"query-input\":\"required name=search_term_string\"}],\"inLanguage\":\"fr-FR\"},{\"@type\":\"Organization\",\"@id\":\"https:\/\/charlie-liveshow.com\/Tentation-erotique\/#organization\",\"name\":\"charlie-liveshow\",\"url\":\"https:\/\/charlie-liveshow.com\/Tentation-erotique\/\",\"logo\":{\"@type\":\"ImageObject\",\"inLanguage\":\"fr-FR\",\"@id\":\"https:\/\/charlie-liveshow.com\/Tentation-erotique\/#\/schema\/logo\/image\/\",\"url\":\"https:\/\/charlie-liveshow.com\/Tentation-erotique\/wp-content\/uploads\/2013\/05\/Charlie_folies_logo.png\",\"contentUrl\":\"https:\/\/charlie-liveshow.com\/Tentation-erotique\/wp-content\/uploads\/2013\/05\/Charlie_folies_logo.png\",\"width\":210,\"height\":206,\"caption\":\"charlie-liveshow\"},\"image\":{\"@id\":\"https:\/\/charlie-liveshow.com\/Tentation-erotique\/#\/schema\/logo\/image\/\"},\"sameAs\":[\"https:\/\/www.facebook.com\/charlielivetantra\",\"https:\/\/twitter.com\/Charlieliveshow\",\"https:\/\/www.instagram.com\/charlie_liveshow\/\",\"https:\/\/www.youtube.com\/CharlieTantra\"]}]}<\/script>\n<!-- \/ Yoast SEO plugin. -->","yoast_head_json":{"title":"Fais toi sucer par une lutine - Charlie Porn vid\u00e9o","description":"C'est no\u00ebl alors toute les folies sont permises ! vid\u00e9o anal + blowjob R\u00e9alise le fantasme de tous les grands gar\u00e7ons ! BAISE UNE LUTINE PORN","robots":{"index":"index","follow":"follow","max-snippet":"max-snippet:-1","max-image-preview":"max-image-preview:large","max-video-preview":"max-video-preview:-1"},"canonical":"https:\/\/charlie-liveshow.com\/Tentation-erotique\/produit\/fais-toi-sucer-par-une-lutine\/","og_locale":"fr_FR","og_type":"article","og_title":"Fais toi sucer par une lutine - Charlie Porn vid\u00e9o","og_description":"C'est no\u00ebl alors toute les folies sont permises ! vid\u00e9o anal + blowjob R\u00e9alise le fantasme de tous les grands gar\u00e7ons ! BAISE UNE LUTINE PORN","og_url":"https:\/\/charlie-liveshow.com\/Tentation-erotique\/produit\/fais-toi-sucer-par-une-lutine\/","og_site_name":"TENTATIONS \u00c9ROTIQUES par Charlie Liveshow","article_publisher":"https:\/\/www.facebook.com\/charlielivetantra","article_modified_time":"2021-02-11T18:13:54+00:00","og_image":[{"width":1024,"height":678,"url":"https:\/\/charlie-liveshow.com\/Tentation-erotique\/wp-content\/uploads\/2020\/01\/fais-toi-sucer-par-une-lutine_1024.jpg","type":"image\/jpeg"}],"twitter_card":"summary_large_image","twitter_title":"Charlie et Luna Rival - ROAD TRIP PORN entre filles","twitter_description":"Luna Rival & Charlie, 2 filles tr\u00e8s tr\u00e8s chaudes, vous embarquent dans un road trip lesbien \u00e0 bord de leur break elles se bouffent la chatte avec plaisir avant d'aller boire un verre en oubliant leur culotte ! 21 minutes 100% lesbien !\u00a0","twitter_image":"https:\/\/charlie-liveshow.com\/Tentation-erotique\/wp-content\/uploads\/2019\/10\/ROAD-TRIP-header-1024.jpg","twitter_site":"@Charlieliveshow","twitter_misc":{"Dur\u00e9e de lecture estim\u00e9e":"1 minute"},"schema":{"@context":"https:\/\/schema.org","@graph":[{"@type":"WebPage","@id":"https:\/\/charlie-liveshow.com\/Tentation-erotique\/produit\/fais-toi-sucer-par-une-lutine\/","url":"https:\/\/charlie-liveshow.com\/Tentation-erotique\/produit\/fais-toi-sucer-par-une-lutine\/","name":"Fais toi sucer par une lutine - Charlie Porn vid\u00e9o","isPartOf":{"@id":"https:\/\/charlie-liveshow.com\/Tentation-erotique\/#website"},"datePublished":"2020-01-05T14:37:29+00:00","dateModified":"2021-02-11T18:13:54+00:00","description":"C'est no\u00ebl alors toute les folies sont permises ! vid\u00e9o anal + blowjob R\u00e9alise le fantasme de tous les grands gar\u00e7ons ! BAISE UNE LUTINE PORN","breadcrumb":{"@id":"https:\/\/charlie-liveshow.com\/Tentation-erotique\/produit\/fais-toi-sucer-par-une-lutine\/#breadcrumb"},"inLanguage":"fr-FR","potentialAction":[{"@type":"ReadAction","target":["https:\/\/charlie-liveshow.com\/Tentation-erotique\/produit\/fais-toi-sucer-par-une-lutine\/"]}]},{"@type":"BreadcrumbList","@id":"https:\/\/charlie-liveshow.com\/Tentation-erotique\/produit\/fais-toi-sucer-par-une-lutine\/#breadcrumb","itemListElement":[{"@type":"ListItem","position":1,"name":"Charlie r\u00e9veille vos sens","item":"https:\/\/charlie-liveshow.com\/Tentation-erotique\/page-d-accueil-commerce\/"},{"@type":"ListItem","position":2,"name":"Vid\u00e9os xXx","item":"https:\/\/charlie-liveshow.com\/Tentation-erotique\/categorie-produit\/videos-x-amateur-charlie\/"},{"@type":"ListItem","position":3,"name":"Fais toi sucer par une lutine"}]},{"@type":"WebSite","@id":"https:\/\/charlie-liveshow.com\/Tentation-erotique\/#website","url":"https:\/\/charlie-liveshow.com\/Tentation-erotique\/","name":"TENTATIONS \u00c9ROTIQUES par Charlie Liveshow","description":"Eveillez vous \u00e0 l&#039;\u00e9rotisme","publisher":{"@id":"https:\/\/charlie-liveshow.com\/Tentation-erotique\/#organization"},"potentialAction":[{"@type":"SearchAction","target":{"@type":"EntryPoint","urlTemplate":"https:\/\/charlie-liveshow.com\/Tentation-erotique\/?s={search_term_string}"},"query-input":"required name=search_term_string"}],"inLanguage":"fr-FR"},{"@type":"Organization","@id":"https:\/\/charlie-liveshow.com\/Tentation-erotique\/#organization","name":"charlie-liveshow","url":"https:\/\/charlie-liveshow.com\/Tentation-erotique\/","logo":{"@type":"ImageObject","inLanguage":"fr-FR","@id":"https:\/\/charlie-liveshow.com\/Tentation-erotique\/#\/schema\/logo\/image\/","url":"https:\/\/charlie-liveshow.com\/Tentation-erotique\/wp-content\/uploads\/2013\/05\/Charlie_folies_logo.png","contentUrl":"https:\/\/charlie-liveshow.com\/Tentation-erotique\/wp-content\/uploads\/2013\/05\/Charlie_folies_logo.png","width":210,"height":206,"caption":"charlie-liveshow"},"image":{"@id":"https:\/\/charlie-liveshow.com\/Tentation-erotique\/#\/schema\/logo\/image\/"},"sameAs":["https:\/\/www.facebook.com\/charlielivetantra","https:\/\/twitter.com\/Charlieliveshow","https:\/\/www.instagram.com\/charlie_liveshow\/","https:\/\/www.youtube.com\/CharlieTantra"]}]}},"_links":{"self":[{"href":"https:\/\/charlie-liveshow.com\/Tentation-erotique\/wp-json\/wp\/v2\/product\/42371"}],"collection":[{"href":"https:\/\/charlie-liveshow.com\/Tentation-erotique\/wp-json\/wp\/v2\/product"}],"about":[{"href":"https:\/\/charlie-liveshow.com\/Tentation-erotique\/wp-json\/wp\/v2\/types\/product"}],"replies":[{"embeddable":true,"href":"https:\/\/charlie-liveshow.com\/Tentation-erotique\/wp-json\/wp\/v2\/comments?post=42371"}],"version-history":[{"count":0,"href":"https:\/\/charlie-liveshow.com\/Tentation-erotique\/wp-json\/wp\/v2\/product\/42371\/revisions"}],"wp:featuredmedia":[{"embeddable":true,"href":"https:\/\/charlie-liveshow.com\/Tentation-erotique\/wp-json\/wp\/v2\/media\/43638"}],"wp:attachment":[{"href":"https:\/\/charlie-liveshow.com\/Tentation-erotique\/wp-json\/wp\/v2\/media?parent=42371"}],"wp:term":[{"taxonomy":"product_cat","embeddable":true,"href":"https:\/\/charlie-liveshow.com\/Tentation-erotique\/wp-json\/wp\/v2\/product_cat?post=42371"},{"taxonomy":"product_tag","embeddable":true,"href":"https:\/\/charlie-liveshow.com\/Tentation-erotique\/wp-json\/wp\/v2\/product_tag?post=42371"}],"curies":[{"name":"wp","href":"https:\/\/api.w.org\/{rel}","templated":true}]}}