{"id":42095,"date":"2019-10-21T13:06:48","date_gmt":"2019-10-21T11:06:48","guid":{"rendered":"https:\/\/charlie-liveshow.com\/Tentation-erotique\/?post_type=product&#038;p=42095"},"modified":"2020-11-09T20:50:02","modified_gmt":"2020-11-09T19:50:02","slug":"raod-trip-luna-rival-lesbien-charlie","status":"publish","type":"product","link":"https:\/\/charlie-liveshow.com\/Tentation-erotique\/produit\/raod-trip-luna-rival-lesbien-charlie\/","title":{"rendered":"Road trip with Luna rival &#8211; lesbian story X"},"content":{"rendered":"<div id=\"note\">\n<h3>Road trip with Luna Rival &#8211; Lesbian X story<\/h3>\n<p>Dring dring &#8211; le t\u00e9l\u00e9phone sonne : \u00ab\u00a0Coucou Charlie c&rsquo;est Luna (RIVAL) tu fais quoi cette semaine ? &#8211; Rien pourquoi tu as des projets ? &#8211; Je sais pas, j&rsquo;ai surtout des petites envies&#8230; silence &#8230; Moi : Ok ! Ca te dirais que je vienne te chercher et qu&rsquo;on parte balader en Camargue ? Tu vas voir en cette saison c&rsquo;est magnifique ! Lune : G\u00e9nial j&rsquo;enfile un tee-shirt (licorne) et je suis toute \u00e0 toi &#8230;\u00a0\u00bb.<\/p>\n<p>Une nouvelle vid\u00e9o tr\u00e8s tr\u00e8s hot des folies qui naissent spontan\u00e9ment quand deux filles tr\u00e8s chaudes se laissent aller \u00e0 leur d\u00e9sir.<\/p>\n<h4>Mots-cl\u00e9s<\/h4>\n<span class=\"su-label su-label-type-important\">LESBIAN<\/span> &#8211; <span class=\"su-label su-label-type-success\">OUTDOOR<\/span>&#8211; <span class=\"su-label su-label-type-info\">Masturbation<\/span> &#8211; <span class=\"su-label su-label-type-info\">Exhib<\/span> &#8211; <span class=\"su-label su-label-type-info\">Voiture<\/span>\nFor (hot) adult only !<\/p>\n<h4>Fiche technique<\/h4>\n<p><strong>Dur\u00e9e : 21 minutes <\/strong>\u00a0| Qualit\u00e9 : 1280 x 720\u00a0px &#8211;\u00a0<strong>Format : .mp4 | <\/strong>Taille : 800mo<\/p>\n<h3>L&rsquo;extrait gratuit de notre road trip sex<\/h3>\n<p><iframe src=\"https:\/\/fr.pornhub.com\/embed\/ph5daca7227f4ba\" width=\"560\" height=\"315\" frameborder=\"0\" scrolling=\"no\" allowfullscreen=\"allowfullscreen\"><\/iframe><\/p>\n<\/div>\n","protected":false},"excerpt":{"rendered":"<p>Luna Rival &amp; Charlie, 2 filles tr\u00e8s tr\u00e8s chaudes, vous embarques dans un road trip lesbien \u00e0 bord de leur break elles se bouffent la chatte avec plaisir avant d&rsquo;aller boire un verre en oubliant leur culotte !<\/p>\n<p><strong>Dur\u00e9e : 21 minutes 100% lesbien !\u00a0<\/strong><\/p>\n","protected":false},"featured_media":42096,"comment_status":"open","ping_status":"closed","template":"","meta":{"ub_ctt_via":""},"product_cat":[53],"product_tag":[55,150,160],"yoast_head":"<!-- This site is optimized with the Yoast SEO plugin v22.0 - https:\/\/yoast.com\/wordpress\/plugins\/seo\/ -->\n<title>Road trip with Luna rival - lesbian story X - Charlie Porn vid\u00e9o<\/title>\n<meta name=\"description\" content=\"Luna Rival &amp; Charlie vous embarque pour un roadtrip lesbien \u00e0 bord d&#039;un break Elles se bouffent la chatte avec plaisir - 21 min 100% lesbien\" \/>\n<meta name=\"robots\" content=\"index, follow, max-snippet:-1, max-image-preview:large, max-video-preview:-1\" \/>\n<link rel=\"canonical\" href=\"https:\/\/charlie-liveshow.com\/Tentation-erotique\/produit\/raod-trip-luna-rival-lesbien-charlie\/\" \/>\n<meta property=\"og:locale\" content=\"fr_FR\" \/>\n<meta property=\"og:type\" content=\"article\" \/>\n<meta property=\"og:title\" content=\"Road trip with Luna rival - lesbian story X - Charlie Porn vid\u00e9o\" \/>\n<meta property=\"og:description\" content=\"Luna Rival &amp; Charlie vous embarque pour un roadtrip lesbien \u00e0 bord d&#039;un break Elles se bouffent la chatte avec plaisir - 21 min 100% lesbien\" \/>\n<meta property=\"og:url\" content=\"https:\/\/charlie-liveshow.com\/Tentation-erotique\/produit\/raod-trip-luna-rival-lesbien-charlie\/\" \/>\n<meta property=\"og:site_name\" content=\"TENTATIONS \u00c9ROTIQUES par Charlie Liveshow\" \/>\n<meta property=\"article:publisher\" content=\"https:\/\/www.facebook.com\/charlielivetantra\" \/>\n<meta property=\"article:modified_time\" content=\"2020-11-09T19:50:02+00:00\" \/>\n<meta property=\"og:image\" content=\"https:\/\/charlie-liveshow.com\/Tentation-erotique\/wp-content\/uploads\/2019\/10\/ROAD-TRIP-header-1024.jpg\" \/>\n\t<meta property=\"og:image:width\" content=\"1024\" \/>\n\t<meta property=\"og:image:height\" content=\"678\" \/>\n\t<meta property=\"og:image:type\" content=\"image\/jpeg\" \/>\n<meta name=\"twitter:card\" content=\"summary_large_image\" \/>\n<meta name=\"twitter:title\" content=\"Charlie et Luna Rival - ROAD TRIP PORN entre filles\" \/>\n<meta name=\"twitter:description\" content=\"Luna Rival &amp; Charlie, 2 filles tr\u00e8s tr\u00e8s chaudes, vous embarquent dans un road trip lesbien \u00e0 bord de leur break elles se bouffent la chatte avec plaisir avant d&#039;aller boire un verre en oubliant leur culotte ! 21 minutes 100% lesbien !\u00a0\" \/>\n<meta name=\"twitter:image\" content=\"https:\/\/charlie-liveshow.com\/Tentation-erotique\/wp-content\/uploads\/2019\/10\/ROAD-TRIP-header-1024.jpg\" \/>\n<meta name=\"twitter:site\" content=\"@Charlieliveshow\" \/>\n<meta name=\"twitter:label1\" content=\"Dur\u00e9e de lecture estim\u00e9e\" \/>\n\t<meta name=\"twitter:data1\" content=\"1 minute\" \/>\n<script type=\"application\/ld+json\" class=\"yoast-schema-graph\">{\"@context\":\"https:\/\/schema.org\",\"@graph\":[{\"@type\":\"WebPage\",\"@id\":\"https:\/\/charlie-liveshow.com\/Tentation-erotique\/produit\/raod-trip-luna-rival-lesbien-charlie\/\",\"url\":\"https:\/\/charlie-liveshow.com\/Tentation-erotique\/produit\/raod-trip-luna-rival-lesbien-charlie\/\",\"name\":\"Road trip with Luna rival - lesbian story X - Charlie Porn vid\u00e9o\",\"isPartOf\":{\"@id\":\"https:\/\/charlie-liveshow.com\/Tentation-erotique\/#website\"},\"datePublished\":\"2019-10-21T11:06:48+00:00\",\"dateModified\":\"2020-11-09T19:50:02+00:00\",\"description\":\"Luna Rival & Charlie vous embarque pour un roadtrip lesbien \u00e0 bord d'un break Elles se bouffent la chatte avec plaisir - 21 min 100% lesbien\",\"breadcrumb\":{\"@id\":\"https:\/\/charlie-liveshow.com\/Tentation-erotique\/produit\/raod-trip-luna-rival-lesbien-charlie\/#breadcrumb\"},\"inLanguage\":\"fr-FR\",\"potentialAction\":[{\"@type\":\"ReadAction\",\"target\":[\"https:\/\/charlie-liveshow.com\/Tentation-erotique\/produit\/raod-trip-luna-rival-lesbien-charlie\/\"]}]},{\"@type\":\"BreadcrumbList\",\"@id\":\"https:\/\/charlie-liveshow.com\/Tentation-erotique\/produit\/raod-trip-luna-rival-lesbien-charlie\/#breadcrumb\",\"itemListElement\":[{\"@type\":\"ListItem\",\"position\":1,\"name\":\"Charlie r\u00e9veille vos sens\",\"item\":\"https:\/\/charlie-liveshow.com\/Tentation-erotique\/page-d-accueil-commerce\/\"},{\"@type\":\"ListItem\",\"position\":2,\"name\":\"Vid\u00e9os xXx\",\"item\":\"https:\/\/charlie-liveshow.com\/Tentation-erotique\/categorie-produit\/videos-x-amateur-charlie\/\"},{\"@type\":\"ListItem\",\"position\":3,\"name\":\"Road trip with Luna rival &#8211; lesbian story X\"}]},{\"@type\":\"WebSite\",\"@id\":\"https:\/\/charlie-liveshow.com\/Tentation-erotique\/#website\",\"url\":\"https:\/\/charlie-liveshow.com\/Tentation-erotique\/\",\"name\":\"TENTATIONS \u00c9ROTIQUES par Charlie Liveshow\",\"description\":\"Eveillez vous \u00e0 l&#039;\u00e9rotisme\",\"publisher\":{\"@id\":\"https:\/\/charlie-liveshow.com\/Tentation-erotique\/#organization\"},\"potentialAction\":[{\"@type\":\"SearchAction\",\"target\":{\"@type\":\"EntryPoint\",\"urlTemplate\":\"https:\/\/charlie-liveshow.com\/Tentation-erotique\/?s={search_term_string}\"},\"query-input\":\"required name=search_term_string\"}],\"inLanguage\":\"fr-FR\"},{\"@type\":\"Organization\",\"@id\":\"https:\/\/charlie-liveshow.com\/Tentation-erotique\/#organization\",\"name\":\"charlie-liveshow\",\"url\":\"https:\/\/charlie-liveshow.com\/Tentation-erotique\/\",\"logo\":{\"@type\":\"ImageObject\",\"inLanguage\":\"fr-FR\",\"@id\":\"https:\/\/charlie-liveshow.com\/Tentation-erotique\/#\/schema\/logo\/image\/\",\"url\":\"https:\/\/charlie-liveshow.com\/Tentation-erotique\/wp-content\/uploads\/2013\/05\/Charlie_folies_logo.png\",\"contentUrl\":\"https:\/\/charlie-liveshow.com\/Tentation-erotique\/wp-content\/uploads\/2013\/05\/Charlie_folies_logo.png\",\"width\":210,\"height\":206,\"caption\":\"charlie-liveshow\"},\"image\":{\"@id\":\"https:\/\/charlie-liveshow.com\/Tentation-erotique\/#\/schema\/logo\/image\/\"},\"sameAs\":[\"https:\/\/www.facebook.com\/charlielivetantra\",\"https:\/\/twitter.com\/Charlieliveshow\",\"https:\/\/www.instagram.com\/charlie_liveshow\/\",\"https:\/\/www.youtube.com\/CharlieTantra\"]}]}<\/script>\n<!-- \/ Yoast SEO plugin. -->","yoast_head_json":{"title":"Road trip with Luna rival - lesbian story X - Charlie Porn vid\u00e9o","description":"Luna Rival & Charlie vous embarque pour un roadtrip lesbien \u00e0 bord d'un break Elles se bouffent la chatte avec plaisir - 21 min 100% lesbien","robots":{"index":"index","follow":"follow","max-snippet":"max-snippet:-1","max-image-preview":"max-image-preview:large","max-video-preview":"max-video-preview:-1"},"canonical":"https:\/\/charlie-liveshow.com\/Tentation-erotique\/produit\/raod-trip-luna-rival-lesbien-charlie\/","og_locale":"fr_FR","og_type":"article","og_title":"Road trip with Luna rival - lesbian story X - Charlie Porn vid\u00e9o","og_description":"Luna Rival & Charlie vous embarque pour un roadtrip lesbien \u00e0 bord d'un break Elles se bouffent la chatte avec plaisir - 21 min 100% lesbien","og_url":"https:\/\/charlie-liveshow.com\/Tentation-erotique\/produit\/raod-trip-luna-rival-lesbien-charlie\/","og_site_name":"TENTATIONS \u00c9ROTIQUES par Charlie Liveshow","article_publisher":"https:\/\/www.facebook.com\/charlielivetantra","article_modified_time":"2020-11-09T19:50:02+00:00","og_image":[{"width":1024,"height":678,"url":"https:\/\/charlie-liveshow.com\/Tentation-erotique\/wp-content\/uploads\/2019\/10\/ROAD-TRIP-header-1024.jpg","type":"image\/jpeg"}],"twitter_card":"summary_large_image","twitter_title":"Charlie et Luna Rival - ROAD TRIP PORN entre filles","twitter_description":"Luna Rival & Charlie, 2 filles tr\u00e8s tr\u00e8s chaudes, vous embarquent dans un road trip lesbien \u00e0 bord de leur break elles se bouffent la chatte avec plaisir avant d'aller boire un verre en oubliant leur culotte ! 21 minutes 100% lesbien !\u00a0","twitter_image":"https:\/\/charlie-liveshow.com\/Tentation-erotique\/wp-content\/uploads\/2019\/10\/ROAD-TRIP-header-1024.jpg","twitter_site":"@Charlieliveshow","twitter_misc":{"Dur\u00e9e de lecture estim\u00e9e":"1 minute"},"schema":{"@context":"https:\/\/schema.org","@graph":[{"@type":"WebPage","@id":"https:\/\/charlie-liveshow.com\/Tentation-erotique\/produit\/raod-trip-luna-rival-lesbien-charlie\/","url":"https:\/\/charlie-liveshow.com\/Tentation-erotique\/produit\/raod-trip-luna-rival-lesbien-charlie\/","name":"Road trip with Luna rival - lesbian story X - Charlie Porn vid\u00e9o","isPartOf":{"@id":"https:\/\/charlie-liveshow.com\/Tentation-erotique\/#website"},"datePublished":"2019-10-21T11:06:48+00:00","dateModified":"2020-11-09T19:50:02+00:00","description":"Luna Rival & Charlie vous embarque pour un roadtrip lesbien \u00e0 bord d'un break Elles se bouffent la chatte avec plaisir - 21 min 100% lesbien","breadcrumb":{"@id":"https:\/\/charlie-liveshow.com\/Tentation-erotique\/produit\/raod-trip-luna-rival-lesbien-charlie\/#breadcrumb"},"inLanguage":"fr-FR","potentialAction":[{"@type":"ReadAction","target":["https:\/\/charlie-liveshow.com\/Tentation-erotique\/produit\/raod-trip-luna-rival-lesbien-charlie\/"]}]},{"@type":"BreadcrumbList","@id":"https:\/\/charlie-liveshow.com\/Tentation-erotique\/produit\/raod-trip-luna-rival-lesbien-charlie\/#breadcrumb","itemListElement":[{"@type":"ListItem","position":1,"name":"Charlie r\u00e9veille vos sens","item":"https:\/\/charlie-liveshow.com\/Tentation-erotique\/page-d-accueil-commerce\/"},{"@type":"ListItem","position":2,"name":"Vid\u00e9os xXx","item":"https:\/\/charlie-liveshow.com\/Tentation-erotique\/categorie-produit\/videos-x-amateur-charlie\/"},{"@type":"ListItem","position":3,"name":"Road trip with Luna rival &#8211; lesbian story X"}]},{"@type":"WebSite","@id":"https:\/\/charlie-liveshow.com\/Tentation-erotique\/#website","url":"https:\/\/charlie-liveshow.com\/Tentation-erotique\/","name":"TENTATIONS \u00c9ROTIQUES par Charlie Liveshow","description":"Eveillez vous \u00e0 l&#039;\u00e9rotisme","publisher":{"@id":"https:\/\/charlie-liveshow.com\/Tentation-erotique\/#organization"},"potentialAction":[{"@type":"SearchAction","target":{"@type":"EntryPoint","urlTemplate":"https:\/\/charlie-liveshow.com\/Tentation-erotique\/?s={search_term_string}"},"query-input":"required name=search_term_string"}],"inLanguage":"fr-FR"},{"@type":"Organization","@id":"https:\/\/charlie-liveshow.com\/Tentation-erotique\/#organization","name":"charlie-liveshow","url":"https:\/\/charlie-liveshow.com\/Tentation-erotique\/","logo":{"@type":"ImageObject","inLanguage":"fr-FR","@id":"https:\/\/charlie-liveshow.com\/Tentation-erotique\/#\/schema\/logo\/image\/","url":"https:\/\/charlie-liveshow.com\/Tentation-erotique\/wp-content\/uploads\/2013\/05\/Charlie_folies_logo.png","contentUrl":"https:\/\/charlie-liveshow.com\/Tentation-erotique\/wp-content\/uploads\/2013\/05\/Charlie_folies_logo.png","width":210,"height":206,"caption":"charlie-liveshow"},"image":{"@id":"https:\/\/charlie-liveshow.com\/Tentation-erotique\/#\/schema\/logo\/image\/"},"sameAs":["https:\/\/www.facebook.com\/charlielivetantra","https:\/\/twitter.com\/Charlieliveshow","https:\/\/www.instagram.com\/charlie_liveshow\/","https:\/\/www.youtube.com\/CharlieTantra"]}]}},"_links":{"self":[{"href":"https:\/\/charlie-liveshow.com\/Tentation-erotique\/wp-json\/wp\/v2\/product\/42095"}],"collection":[{"href":"https:\/\/charlie-liveshow.com\/Tentation-erotique\/wp-json\/wp\/v2\/product"}],"about":[{"href":"https:\/\/charlie-liveshow.com\/Tentation-erotique\/wp-json\/wp\/v2\/types\/product"}],"replies":[{"embeddable":true,"href":"https:\/\/charlie-liveshow.com\/Tentation-erotique\/wp-json\/wp\/v2\/comments?post=42095"}],"version-history":[{"count":0,"href":"https:\/\/charlie-liveshow.com\/Tentation-erotique\/wp-json\/wp\/v2\/product\/42095\/revisions"}],"wp:featuredmedia":[{"embeddable":true,"href":"https:\/\/charlie-liveshow.com\/Tentation-erotique\/wp-json\/wp\/v2\/media\/42096"}],"wp:attachment":[{"href":"https:\/\/charlie-liveshow.com\/Tentation-erotique\/wp-json\/wp\/v2\/media?parent=42095"}],"wp:term":[{"taxonomy":"product_cat","embeddable":true,"href":"https:\/\/charlie-liveshow.com\/Tentation-erotique\/wp-json\/wp\/v2\/product_cat?post=42095"},{"taxonomy":"product_tag","embeddable":true,"href":"https:\/\/charlie-liveshow.com\/Tentation-erotique\/wp-json\/wp\/v2\/product_tag?post=42095"}],"curies":[{"name":"wp","href":"https:\/\/api.w.org\/{rel}","templated":true}]}}