{"id":41815,"date":"2019-08-25T11:15:34","date_gmt":"2019-08-25T09:15:34","guid":{"rendered":"https:\/\/charlie-liveshow.com\/Tentation-erotique\/?post_type=product&#038;p=41815"},"modified":"2021-02-19T12:40:28","modified_gmt":"2021-02-19T11:40:28","slug":"charlie-luna-rival-lesbien-0819","status":"publish","type":"product","link":"https:\/\/charlie-liveshow.com\/Tentation-erotique\/produit\/charlie-luna-rival-lesbien-0819\/","title":{"rendered":"Charlie &#038; Luna Rival : Action ou V\u00e9rit\u00e9 ?"},"content":{"rendered":"<div id=\"note\">\n<h3>Luna Rival et Charlie Action ou v\u00e9rit\u00e9 ? ACTION !<\/h3>\n<p>Quand deux copines au temp\u00e9rament de braise ce retrouve l&rsquo;action est forc\u00e9ment sinc\u00e8re et l&rsquo;ambiance devient sulfureuse. Charlie et sa copine Luna Rival ou comment une soir\u00e9e action ou v\u00e9rit\u00e9 d\u00e9rape en soir\u00e9e de sexe lesbien. Le gode ceinture de Charlie semble plaire au deux coquines qui se baise comme si elles \u00e9taient des mecs. Pour finir quoi de mieux qu&rsquo;une s\u00e9ance de masturbation collective pour finir en une magnifique fontaine ?<\/p>\n<h4>Mots-cl\u00e9s<\/h4>\n<span class=\"su-label su-label-type-important\">PORN STAR<\/span> &#8211; <span class=\"su-label su-label-type-success\">Squirt<\/span>&#8211; <span class=\"su-label su-label-type-info\">Masturbation<\/span> &#8211; <span class=\"su-label su-label-type-important\">Lesbien<\/span> &#8211; <span class=\"su-label su-label-type-info\">gode ceinture<\/span> &#8211; <span class=\"su-label su-label-type-success\">LGBTQ<\/span>\nFor (hot) adult only !<\/p>\n<h4>Fiche technique<\/h4>\n<p><strong>Dur\u00e9e : 18 minutes <\/strong>\u00a0| Qualit\u00e9 : 1280 x 720 px <strong>| <\/strong>Taille : 331mo<\/p>\n<h4>Teaser stimulant<\/h4>\n<div style=\"width: 640px;\" class=\"wp-video\"><!--[if lt IE 9]><script>document.createElement('video');<\/script><![endif]-->\n<video class=\"wp-video-shortcode\" id=\"video-41815-1\" width=\"640\" height=\"360\" preload=\"metadata\" controls=\"controls\"><source type=\"video\/mp4\" src=\"https:\/\/charlie-liveshow.com\/Tentation-erotique\/wp-content\/uploads\/video\/ACTION-verite-luna-teaser.mp4?_=1\" \/><a href=\"https:\/\/charlie-liveshow.com\/Tentation-erotique\/wp-content\/uploads\/video\/ACTION-verite-luna-teaser.mp4\">https:\/\/charlie-liveshow.com\/Tentation-erotique\/wp-content\/uploads\/video\/ACTION-verite-luna-teaser.mp4<\/a><\/video><\/div>\n<h4>Sp\u00e9cial fans<\/h4>\n<p>Cette vid\u00e9o arrivera par petite sc\u00e8ne sur mon fan-club. Elle sera donc gratuite pour tous mes anges ! N&rsquo;h\u00e9site pas <strong><a href=\"https:\/\/www.modelhub.com\/charlie-liveshow\" target=\"_blank\" rel=\"noopener noreferrer\">rejoins les Charlie&rsquo;s Angels<\/a><\/strong><\/p>\n<\/div>\n","protected":false},"excerpt":{"rendered":"<p>Luna Rival et Charlie en show lesbien : Alors Action ou V\u00e9rit\u00e9 ? ACTION bien sur ! 18 minutes de vid\u00e9o en compagnie de la porn star fran\u00e7aise la plus en vogue aux US : LUNA RIVAL. Baise avec un gros gode ceinture, masturbation et l\u00e9chage de chatte pour aboutir au squirt final de Luna. Qui a dit que les jeux lesbiens \u00e9taient fleur bleu ?<\/p>\n<p><strong>Dur\u00e9e : 18 minutes sulfureuses !\u00a0<\/strong><\/p>\n","protected":false},"featured_media":43667,"comment_status":"open","ping_status":"closed","template":"","meta":{"ub_ctt_via":""},"product_cat":[53],"product_tag":[161,150,157,151],"yoast_head":"<!-- This site is optimized with the Yoast SEO plugin v22.0 - https:\/\/yoast.com\/wordpress\/plugins\/seo\/ -->\n<title>Charlie &amp; Luna Rival : Action ou V\u00e9rit\u00e9 ? - les jeux entre filles<\/title>\n<meta name=\"description\" content=\"Luna Rival et Charlie : Action ou V\u00e9rit\u00e9 ? ACTION bien sur ! 18 minutes super hot de jeux lesbiens avec gode ceinture et squirt final\" \/>\n<meta name=\"robots\" content=\"index, follow, max-snippet:-1, max-image-preview:large, max-video-preview:-1\" \/>\n<link rel=\"canonical\" href=\"https:\/\/charlie-liveshow.com\/Tentation-erotique\/produit\/charlie-luna-rival-lesbien-0819\/\" \/>\n<meta property=\"og:locale\" content=\"fr_FR\" \/>\n<meta property=\"og:type\" content=\"article\" \/>\n<meta property=\"og:title\" content=\"Charlie &amp; Luna Rival : Action ou V\u00e9rit\u00e9 ? - les jeux entre filles\" \/>\n<meta property=\"og:description\" content=\"Luna Rival et Charlie : Action ou V\u00e9rit\u00e9 ? ACTION bien sur ! 18 minutes super hot de jeux lesbiens avec gode ceinture et squirt final\" \/>\n<meta property=\"og:url\" content=\"https:\/\/charlie-liveshow.com\/Tentation-erotique\/produit\/charlie-luna-rival-lesbien-0819\/\" \/>\n<meta property=\"og:site_name\" content=\"TENTATIONS \u00c9ROTIQUES par Charlie Liveshow\" \/>\n<meta property=\"article:publisher\" content=\"https:\/\/www.facebook.com\/charlielivetantra\" \/>\n<meta property=\"article:modified_time\" content=\"2021-02-19T11:40:28+00:00\" \/>\n<meta property=\"og:image\" content=\"https:\/\/charlie-liveshow.com\/Tentation-erotique\/wp-content\/uploads\/2019\/08\/duo-lesbien-LUNA-RIVAL-action-ou-verite_1024.jpg\" \/>\n\t<meta property=\"og:image:width\" content=\"1024\" \/>\n\t<meta property=\"og:image:height\" content=\"678\" \/>\n\t<meta property=\"og:image:type\" content=\"image\/jpeg\" \/>\n<meta name=\"twitter:card\" content=\"summary_large_image\" \/>\n<meta name=\"twitter:title\" content=\"Charlie et Luna Rival - jeux pervers entre filles\" \/>\n<meta name=\"twitter:description\" content=\"Luna Rival et Charlie : Action ou V\u00e9rit\u00e9 ? ACTION bien sur ! 18 minutes super hot de jeux lesbiens avec gode ceinture et squirt final ATTENTION : CHALEUR ! #Hotlife #sexygirl #lesbian #pornstar\" \/>\n<meta name=\"twitter:image\" content=\"https:\/\/charlie-liveshow.com\/Tentation-erotique\/wp-content\/uploads\/2019\/08\/Luna-charlie-action-verite-201908-VIDH.jpg\" \/>\n<meta name=\"twitter:site\" content=\"@Charlieliveshow\" \/>\n<meta name=\"twitter:label1\" content=\"Dur\u00e9e de lecture estim\u00e9e\" \/>\n\t<meta name=\"twitter:data1\" content=\"1 minute\" \/>\n<script type=\"application\/ld+json\" class=\"yoast-schema-graph\">{\"@context\":\"https:\/\/schema.org\",\"@graph\":[{\"@type\":\"WebPage\",\"@id\":\"https:\/\/charlie-liveshow.com\/Tentation-erotique\/produit\/charlie-luna-rival-lesbien-0819\/\",\"url\":\"https:\/\/charlie-liveshow.com\/Tentation-erotique\/produit\/charlie-luna-rival-lesbien-0819\/\",\"name\":\"Charlie & Luna Rival : Action ou V\u00e9rit\u00e9 ? - les jeux entre filles\",\"isPartOf\":{\"@id\":\"https:\/\/charlie-liveshow.com\/Tentation-erotique\/#website\"},\"datePublished\":\"2019-08-25T09:15:34+00:00\",\"dateModified\":\"2021-02-19T11:40:28+00:00\",\"description\":\"Luna Rival et Charlie : Action ou V\u00e9rit\u00e9 ? ACTION bien sur ! 18 minutes super hot de jeux lesbiens avec gode ceinture et squirt final\",\"breadcrumb\":{\"@id\":\"https:\/\/charlie-liveshow.com\/Tentation-erotique\/produit\/charlie-luna-rival-lesbien-0819\/#breadcrumb\"},\"inLanguage\":\"fr-FR\",\"potentialAction\":[{\"@type\":\"ReadAction\",\"target\":[\"https:\/\/charlie-liveshow.com\/Tentation-erotique\/produit\/charlie-luna-rival-lesbien-0819\/\"]}]},{\"@type\":\"BreadcrumbList\",\"@id\":\"https:\/\/charlie-liveshow.com\/Tentation-erotique\/produit\/charlie-luna-rival-lesbien-0819\/#breadcrumb\",\"itemListElement\":[{\"@type\":\"ListItem\",\"position\":1,\"name\":\"Charlie r\u00e9veille vos sens\",\"item\":\"https:\/\/charlie-liveshow.com\/Tentation-erotique\/page-d-accueil-commerce\/\"},{\"@type\":\"ListItem\",\"position\":2,\"name\":\"Vid\u00e9os xXx\",\"item\":\"https:\/\/charlie-liveshow.com\/Tentation-erotique\/categorie-produit\/videos-x-amateur-charlie\/\"},{\"@type\":\"ListItem\",\"position\":3,\"name\":\"Charlie &#038; Luna Rival : Action ou V\u00e9rit\u00e9 ?\"}]},{\"@type\":\"WebSite\",\"@id\":\"https:\/\/charlie-liveshow.com\/Tentation-erotique\/#website\",\"url\":\"https:\/\/charlie-liveshow.com\/Tentation-erotique\/\",\"name\":\"TENTATIONS \u00c9ROTIQUES par Charlie Liveshow\",\"description\":\"Eveillez vous \u00e0 l&#039;\u00e9rotisme\",\"publisher\":{\"@id\":\"https:\/\/charlie-liveshow.com\/Tentation-erotique\/#organization\"},\"potentialAction\":[{\"@type\":\"SearchAction\",\"target\":{\"@type\":\"EntryPoint\",\"urlTemplate\":\"https:\/\/charlie-liveshow.com\/Tentation-erotique\/?s={search_term_string}\"},\"query-input\":\"required name=search_term_string\"}],\"inLanguage\":\"fr-FR\"},{\"@type\":\"Organization\",\"@id\":\"https:\/\/charlie-liveshow.com\/Tentation-erotique\/#organization\",\"name\":\"charlie-liveshow\",\"url\":\"https:\/\/charlie-liveshow.com\/Tentation-erotique\/\",\"logo\":{\"@type\":\"ImageObject\",\"inLanguage\":\"fr-FR\",\"@id\":\"https:\/\/charlie-liveshow.com\/Tentation-erotique\/#\/schema\/logo\/image\/\",\"url\":\"https:\/\/charlie-liveshow.com\/Tentation-erotique\/wp-content\/uploads\/2013\/05\/Charlie_folies_logo.png\",\"contentUrl\":\"https:\/\/charlie-liveshow.com\/Tentation-erotique\/wp-content\/uploads\/2013\/05\/Charlie_folies_logo.png\",\"width\":210,\"height\":206,\"caption\":\"charlie-liveshow\"},\"image\":{\"@id\":\"https:\/\/charlie-liveshow.com\/Tentation-erotique\/#\/schema\/logo\/image\/\"},\"sameAs\":[\"https:\/\/www.facebook.com\/charlielivetantra\",\"https:\/\/twitter.com\/Charlieliveshow\",\"https:\/\/www.instagram.com\/charlie_liveshow\/\",\"https:\/\/www.youtube.com\/CharlieTantra\"]}]}<\/script>\n<!-- \/ Yoast SEO plugin. -->","yoast_head_json":{"title":"Charlie & Luna Rival : Action ou V\u00e9rit\u00e9 ? - les jeux entre filles","description":"Luna Rival et Charlie : Action ou V\u00e9rit\u00e9 ? ACTION bien sur ! 18 minutes super hot de jeux lesbiens avec gode ceinture et squirt final","robots":{"index":"index","follow":"follow","max-snippet":"max-snippet:-1","max-image-preview":"max-image-preview:large","max-video-preview":"max-video-preview:-1"},"canonical":"https:\/\/charlie-liveshow.com\/Tentation-erotique\/produit\/charlie-luna-rival-lesbien-0819\/","og_locale":"fr_FR","og_type":"article","og_title":"Charlie & Luna Rival : Action ou V\u00e9rit\u00e9 ? - les jeux entre filles","og_description":"Luna Rival et Charlie : Action ou V\u00e9rit\u00e9 ? ACTION bien sur ! 18 minutes super hot de jeux lesbiens avec gode ceinture et squirt final","og_url":"https:\/\/charlie-liveshow.com\/Tentation-erotique\/produit\/charlie-luna-rival-lesbien-0819\/","og_site_name":"TENTATIONS \u00c9ROTIQUES par Charlie Liveshow","article_publisher":"https:\/\/www.facebook.com\/charlielivetantra","article_modified_time":"2021-02-19T11:40:28+00:00","og_image":[{"width":1024,"height":678,"url":"https:\/\/charlie-liveshow.com\/Tentation-erotique\/wp-content\/uploads\/2019\/08\/duo-lesbien-LUNA-RIVAL-action-ou-verite_1024.jpg","type":"image\/jpeg"}],"twitter_card":"summary_large_image","twitter_title":"Charlie et Luna Rival - jeux pervers entre filles","twitter_description":"Luna Rival et Charlie : Action ou V\u00e9rit\u00e9 ? ACTION bien sur ! 18 minutes super hot de jeux lesbiens avec gode ceinture et squirt final ATTENTION : CHALEUR ! #Hotlife #sexygirl #lesbian #pornstar","twitter_image":"https:\/\/charlie-liveshow.com\/Tentation-erotique\/wp-content\/uploads\/2019\/08\/Luna-charlie-action-verite-201908-VIDH.jpg","twitter_site":"@Charlieliveshow","twitter_misc":{"Dur\u00e9e de lecture estim\u00e9e":"1 minute"},"schema":{"@context":"https:\/\/schema.org","@graph":[{"@type":"WebPage","@id":"https:\/\/charlie-liveshow.com\/Tentation-erotique\/produit\/charlie-luna-rival-lesbien-0819\/","url":"https:\/\/charlie-liveshow.com\/Tentation-erotique\/produit\/charlie-luna-rival-lesbien-0819\/","name":"Charlie & Luna Rival : Action ou V\u00e9rit\u00e9 ? - les jeux entre filles","isPartOf":{"@id":"https:\/\/charlie-liveshow.com\/Tentation-erotique\/#website"},"datePublished":"2019-08-25T09:15:34+00:00","dateModified":"2021-02-19T11:40:28+00:00","description":"Luna Rival et Charlie : Action ou V\u00e9rit\u00e9 ? ACTION bien sur ! 18 minutes super hot de jeux lesbiens avec gode ceinture et squirt final","breadcrumb":{"@id":"https:\/\/charlie-liveshow.com\/Tentation-erotique\/produit\/charlie-luna-rival-lesbien-0819\/#breadcrumb"},"inLanguage":"fr-FR","potentialAction":[{"@type":"ReadAction","target":["https:\/\/charlie-liveshow.com\/Tentation-erotique\/produit\/charlie-luna-rival-lesbien-0819\/"]}]},{"@type":"BreadcrumbList","@id":"https:\/\/charlie-liveshow.com\/Tentation-erotique\/produit\/charlie-luna-rival-lesbien-0819\/#breadcrumb","itemListElement":[{"@type":"ListItem","position":1,"name":"Charlie r\u00e9veille vos sens","item":"https:\/\/charlie-liveshow.com\/Tentation-erotique\/page-d-accueil-commerce\/"},{"@type":"ListItem","position":2,"name":"Vid\u00e9os xXx","item":"https:\/\/charlie-liveshow.com\/Tentation-erotique\/categorie-produit\/videos-x-amateur-charlie\/"},{"@type":"ListItem","position":3,"name":"Charlie &#038; Luna Rival : Action ou V\u00e9rit\u00e9 ?"}]},{"@type":"WebSite","@id":"https:\/\/charlie-liveshow.com\/Tentation-erotique\/#website","url":"https:\/\/charlie-liveshow.com\/Tentation-erotique\/","name":"TENTATIONS \u00c9ROTIQUES par Charlie Liveshow","description":"Eveillez vous \u00e0 l&#039;\u00e9rotisme","publisher":{"@id":"https:\/\/charlie-liveshow.com\/Tentation-erotique\/#organization"},"potentialAction":[{"@type":"SearchAction","target":{"@type":"EntryPoint","urlTemplate":"https:\/\/charlie-liveshow.com\/Tentation-erotique\/?s={search_term_string}"},"query-input":"required name=search_term_string"}],"inLanguage":"fr-FR"},{"@type":"Organization","@id":"https:\/\/charlie-liveshow.com\/Tentation-erotique\/#organization","name":"charlie-liveshow","url":"https:\/\/charlie-liveshow.com\/Tentation-erotique\/","logo":{"@type":"ImageObject","inLanguage":"fr-FR","@id":"https:\/\/charlie-liveshow.com\/Tentation-erotique\/#\/schema\/logo\/image\/","url":"https:\/\/charlie-liveshow.com\/Tentation-erotique\/wp-content\/uploads\/2013\/05\/Charlie_folies_logo.png","contentUrl":"https:\/\/charlie-liveshow.com\/Tentation-erotique\/wp-content\/uploads\/2013\/05\/Charlie_folies_logo.png","width":210,"height":206,"caption":"charlie-liveshow"},"image":{"@id":"https:\/\/charlie-liveshow.com\/Tentation-erotique\/#\/schema\/logo\/image\/"},"sameAs":["https:\/\/www.facebook.com\/charlielivetantra","https:\/\/twitter.com\/Charlieliveshow","https:\/\/www.instagram.com\/charlie_liveshow\/","https:\/\/www.youtube.com\/CharlieTantra"]}]}},"_links":{"self":[{"href":"https:\/\/charlie-liveshow.com\/Tentation-erotique\/wp-json\/wp\/v2\/product\/41815"}],"collection":[{"href":"https:\/\/charlie-liveshow.com\/Tentation-erotique\/wp-json\/wp\/v2\/product"}],"about":[{"href":"https:\/\/charlie-liveshow.com\/Tentation-erotique\/wp-json\/wp\/v2\/types\/product"}],"replies":[{"embeddable":true,"href":"https:\/\/charlie-liveshow.com\/Tentation-erotique\/wp-json\/wp\/v2\/comments?post=41815"}],"version-history":[{"count":0,"href":"https:\/\/charlie-liveshow.com\/Tentation-erotique\/wp-json\/wp\/v2\/product\/41815\/revisions"}],"wp:featuredmedia":[{"embeddable":true,"href":"https:\/\/charlie-liveshow.com\/Tentation-erotique\/wp-json\/wp\/v2\/media\/43667"}],"wp:attachment":[{"href":"https:\/\/charlie-liveshow.com\/Tentation-erotique\/wp-json\/wp\/v2\/media?parent=41815"}],"wp:term":[{"taxonomy":"product_cat","embeddable":true,"href":"https:\/\/charlie-liveshow.com\/Tentation-erotique\/wp-json\/wp\/v2\/product_cat?post=41815"},{"taxonomy":"product_tag","embeddable":true,"href":"https:\/\/charlie-liveshow.com\/Tentation-erotique\/wp-json\/wp\/v2\/product_tag?post=41815"}],"curies":[{"name":"wp","href":"https:\/\/api.w.org\/{rel}","templated":true}]}}