{"id":41766,"date":"2019-08-11T14:30:10","date_gmt":"2019-08-11T12:30:10","guid":{"rendered":"https:\/\/charlie-liveshow.com\/Tentation-erotique\/?post_type=product&#038;p=41766"},"modified":"2020-11-09T21:23:52","modified_gmt":"2020-11-09T20:23:52","slug":"jerk-off-instruction-francais","status":"publish","type":"product","link":"https:\/\/charlie-liveshow.com\/Tentation-erotique\/produit\/jerk-off-instruction-francais\/","title":{"rendered":"Jerk off instruction &#8211; step 1 &#8211; Juillet 19"},"content":{"rendered":"<div id=\"note\">\n<h3>Jerk off instruction, ob\u00e9is et branles toi !<\/h3>\n<p>Tu aimes te branler ? Moi aussi &#8230; Tu aimerais jouer \u00e0 touche pipi avec moi &#8230; Suis mes ordres et d\u00e9couvre le plaisir de te masturber diff\u00e9remment. Suis les ordres de ta Charlie et branlons nous ensemble jusqu&rsquo;\u00e0 en mettre de partout ! Tu vas voir, tu vas ador\u00e9 mes petits jeux !<\/p>\n<h4>Teaser stimulant<\/h4>\n<div style=\"width: 640px;\" class=\"wp-video\"><!--[if lt IE 9]><script>document.createElement('video');<\/script><![endif]-->\n<video class=\"wp-video-shortcode\" id=\"video-41766-1\" width=\"640\" height=\"360\" preload=\"metadata\" controls=\"controls\"><source type=\"video\/mp4\" src=\"https:\/\/charlie-liveshow.com\/Tentation-erotique\/wp-content\/uploads\/video\/jerk-off-intstruction-step1-0719-T.mp4?_=1\" \/><a href=\"https:\/\/charlie-liveshow.com\/Tentation-erotique\/wp-content\/uploads\/video\/jerk-off-intstruction-step1-0719-T.mp4\">https:\/\/charlie-liveshow.com\/Tentation-erotique\/wp-content\/uploads\/video\/jerk-off-intstruction-step1-0719-T.mp4<\/a><\/video><\/div>\n<h4>Mots-cl\u00e9s<\/h4>\n<span class=\"su-label su-label-type-important\">JERK OFF<\/span> &#8211; <span class=\"su-label su-label-type-info\">Masturbation<\/span> &#8211; <span class=\"su-label su-label-type-important\">Orgasme<\/span> &#8211; <span class=\"su-label su-label-type-info\">Soumission<\/span> &#8211; <span class=\"su-label su-label-type-success\">LGBTQ<\/span>\nFor (hot) adult only !<\/p>\n<h4>Fiche technique<\/h4>\n<p><strong>Dur\u00e9e : 15 minutes <\/strong>\u00a0| Qualit\u00e9 : 1280 x 720\u00a0px &#8211;\u00a0<strong>Format : .mov | <\/strong>Taille : 270mo<\/p>\n<\/div>\n","protected":false},"excerpt":{"rendered":"<p>Jerk off instruction, ob\u00e9is aux ordres de ta Charlie et d\u00e9couvre l&rsquo;orgasme extr\u00eame en te branlant ! Premier vid\u00e9o de JERK OFF INSTRUCTION en fran\u00e7ais mais au vue de vos commentaires \u00e9logieux &#8230; il y aura des suites !<\/p>\n<p><strong>Dur\u00e9e : 14 minutes de pur fantasme !\u00a0<\/strong><\/p>\n","protected":false},"featured_media":42300,"comment_status":"open","ping_status":"closed","template":"","meta":{"ub_ctt_via":""},"product_cat":[53],"product_tag":[54,157],"yoast_head":"<!-- This site is optimized with the Yoast SEO plugin v22.0 - https:\/\/yoast.com\/wordpress\/plugins\/seo\/ -->\n<title>Jerk off instruction - step 1 - Juillet 19 - Charlie TENTATIONS<\/title>\n<meta name=\"description\" content=\"Charlie &amp; la pussy pump en livecam avec 3 sextoys Lovense en m\u00eame temps ! D\u00e9fonce de son clitoris gonfl\u00e9 gorge profonde sur son mec et une \u00e9norme fontaine\" \/>\n<meta name=\"robots\" content=\"index, follow, max-snippet:-1, max-image-preview:large, max-video-preview:-1\" \/>\n<link rel=\"canonical\" href=\"https:\/\/charlie-liveshow.com\/Tentation-erotique\/produit\/jerk-off-instruction-francais\/\" \/>\n<meta property=\"og:locale\" content=\"fr_FR\" \/>\n<meta property=\"og:type\" content=\"article\" \/>\n<meta property=\"og:title\" content=\"Jerk off instruction - step 1 - Juillet 19 - Charlie TENTATIONS\" \/>\n<meta property=\"og:description\" content=\"Charlie &amp; la pussy pump en livecam avec 3 sextoys Lovense en m\u00eame temps ! D\u00e9fonce de son clitoris gonfl\u00e9 gorge profonde sur son mec et une \u00e9norme fontaine\" \/>\n<meta property=\"og:url\" content=\"https:\/\/charlie-liveshow.com\/Tentation-erotique\/produit\/jerk-off-instruction-francais\/\" \/>\n<meta property=\"og:site_name\" content=\"TENTATIONS \u00c9ROTIQUES par Charlie Liveshow\" \/>\n<meta property=\"article:publisher\" content=\"https:\/\/www.facebook.com\/charlielivetantra\" \/>\n<meta property=\"article:modified_time\" content=\"2020-11-09T20:23:52+00:00\" \/>\n<meta property=\"og:image\" content=\"https:\/\/charlie-liveshow.com\/Tentation-erotique\/wp-content\/uploads\/2019\/08\/jer-off-instruction-step1.jpg\" \/>\n\t<meta property=\"og:image:width\" content=\"1024\" \/>\n\t<meta property=\"og:image:height\" content=\"677\" \/>\n\t<meta property=\"og:image:type\" content=\"image\/jpeg\" \/>\n<meta name=\"twitter:card\" content=\"summary_large_image\" \/>\n<meta name=\"twitter:site\" content=\"@Charlieliveshow\" \/>\n<meta name=\"twitter:label1\" content=\"Dur\u00e9e de lecture estim\u00e9e\" \/>\n\t<meta name=\"twitter:data1\" content=\"1 minute\" \/>\n<script type=\"application\/ld+json\" class=\"yoast-schema-graph\">{\"@context\":\"https:\/\/schema.org\",\"@graph\":[{\"@type\":\"WebPage\",\"@id\":\"https:\/\/charlie-liveshow.com\/Tentation-erotique\/produit\/jerk-off-instruction-francais\/\",\"url\":\"https:\/\/charlie-liveshow.com\/Tentation-erotique\/produit\/jerk-off-instruction-francais\/\",\"name\":\"Jerk off instruction - step 1 - Juillet 19 - Charlie TENTATIONS\",\"isPartOf\":{\"@id\":\"https:\/\/charlie-liveshow.com\/Tentation-erotique\/#website\"},\"datePublished\":\"2019-08-11T12:30:10+00:00\",\"dateModified\":\"2020-11-09T20:23:52+00:00\",\"description\":\"Charlie & la pussy pump en livecam avec 3 sextoys Lovense en m\u00eame temps ! D\u00e9fonce de son clitoris gonfl\u00e9 gorge profonde sur son mec et une \u00e9norme fontaine\",\"breadcrumb\":{\"@id\":\"https:\/\/charlie-liveshow.com\/Tentation-erotique\/produit\/jerk-off-instruction-francais\/#breadcrumb\"},\"inLanguage\":\"fr-FR\",\"potentialAction\":[{\"@type\":\"ReadAction\",\"target\":[\"https:\/\/charlie-liveshow.com\/Tentation-erotique\/produit\/jerk-off-instruction-francais\/\"]}]},{\"@type\":\"BreadcrumbList\",\"@id\":\"https:\/\/charlie-liveshow.com\/Tentation-erotique\/produit\/jerk-off-instruction-francais\/#breadcrumb\",\"itemListElement\":[{\"@type\":\"ListItem\",\"position\":1,\"name\":\"Charlie r\u00e9veille vos sens\",\"item\":\"https:\/\/charlie-liveshow.com\/Tentation-erotique\/page-d-accueil-commerce\/\"},{\"@type\":\"ListItem\",\"position\":2,\"name\":\"Vid\u00e9os xXx\",\"item\":\"https:\/\/charlie-liveshow.com\/Tentation-erotique\/categorie-produit\/videos-x-amateur-charlie\/\"},{\"@type\":\"ListItem\",\"position\":3,\"name\":\"Jerk off instruction &#8211; step 1 &#8211; Juillet 19\"}]},{\"@type\":\"WebSite\",\"@id\":\"https:\/\/charlie-liveshow.com\/Tentation-erotique\/#website\",\"url\":\"https:\/\/charlie-liveshow.com\/Tentation-erotique\/\",\"name\":\"TENTATIONS \u00c9ROTIQUES par Charlie Liveshow\",\"description\":\"Eveillez vous \u00e0 l&#039;\u00e9rotisme\",\"publisher\":{\"@id\":\"https:\/\/charlie-liveshow.com\/Tentation-erotique\/#organization\"},\"potentialAction\":[{\"@type\":\"SearchAction\",\"target\":{\"@type\":\"EntryPoint\",\"urlTemplate\":\"https:\/\/charlie-liveshow.com\/Tentation-erotique\/?s={search_term_string}\"},\"query-input\":\"required name=search_term_string\"}],\"inLanguage\":\"fr-FR\"},{\"@type\":\"Organization\",\"@id\":\"https:\/\/charlie-liveshow.com\/Tentation-erotique\/#organization\",\"name\":\"charlie-liveshow\",\"url\":\"https:\/\/charlie-liveshow.com\/Tentation-erotique\/\",\"logo\":{\"@type\":\"ImageObject\",\"inLanguage\":\"fr-FR\",\"@id\":\"https:\/\/charlie-liveshow.com\/Tentation-erotique\/#\/schema\/logo\/image\/\",\"url\":\"https:\/\/charlie-liveshow.com\/Tentation-erotique\/wp-content\/uploads\/2013\/05\/Charlie_folies_logo.png\",\"contentUrl\":\"https:\/\/charlie-liveshow.com\/Tentation-erotique\/wp-content\/uploads\/2013\/05\/Charlie_folies_logo.png\",\"width\":210,\"height\":206,\"caption\":\"charlie-liveshow\"},\"image\":{\"@id\":\"https:\/\/charlie-liveshow.com\/Tentation-erotique\/#\/schema\/logo\/image\/\"},\"sameAs\":[\"https:\/\/www.facebook.com\/charlielivetantra\",\"https:\/\/twitter.com\/Charlieliveshow\",\"https:\/\/www.instagram.com\/charlie_liveshow\/\",\"https:\/\/www.youtube.com\/CharlieTantra\"]}]}<\/script>\n<!-- \/ Yoast SEO plugin. -->","yoast_head_json":{"title":"Jerk off instruction - step 1 - Juillet 19 - Charlie TENTATIONS","description":"Charlie & la pussy pump en livecam avec 3 sextoys Lovense en m\u00eame temps ! D\u00e9fonce de son clitoris gonfl\u00e9 gorge profonde sur son mec et une \u00e9norme fontaine","robots":{"index":"index","follow":"follow","max-snippet":"max-snippet:-1","max-image-preview":"max-image-preview:large","max-video-preview":"max-video-preview:-1"},"canonical":"https:\/\/charlie-liveshow.com\/Tentation-erotique\/produit\/jerk-off-instruction-francais\/","og_locale":"fr_FR","og_type":"article","og_title":"Jerk off instruction - step 1 - Juillet 19 - Charlie TENTATIONS","og_description":"Charlie & la pussy pump en livecam avec 3 sextoys Lovense en m\u00eame temps ! D\u00e9fonce de son clitoris gonfl\u00e9 gorge profonde sur son mec et une \u00e9norme fontaine","og_url":"https:\/\/charlie-liveshow.com\/Tentation-erotique\/produit\/jerk-off-instruction-francais\/","og_site_name":"TENTATIONS \u00c9ROTIQUES par Charlie Liveshow","article_publisher":"https:\/\/www.facebook.com\/charlielivetantra","article_modified_time":"2020-11-09T20:23:52+00:00","og_image":[{"width":1024,"height":677,"url":"https:\/\/charlie-liveshow.com\/Tentation-erotique\/wp-content\/uploads\/2019\/08\/jer-off-instruction-step1.jpg","type":"image\/jpeg"}],"twitter_card":"summary_large_image","twitter_site":"@Charlieliveshow","twitter_misc":{"Dur\u00e9e de lecture estim\u00e9e":"1 minute"},"schema":{"@context":"https:\/\/schema.org","@graph":[{"@type":"WebPage","@id":"https:\/\/charlie-liveshow.com\/Tentation-erotique\/produit\/jerk-off-instruction-francais\/","url":"https:\/\/charlie-liveshow.com\/Tentation-erotique\/produit\/jerk-off-instruction-francais\/","name":"Jerk off instruction - step 1 - Juillet 19 - Charlie TENTATIONS","isPartOf":{"@id":"https:\/\/charlie-liveshow.com\/Tentation-erotique\/#website"},"datePublished":"2019-08-11T12:30:10+00:00","dateModified":"2020-11-09T20:23:52+00:00","description":"Charlie & la pussy pump en livecam avec 3 sextoys Lovense en m\u00eame temps ! D\u00e9fonce de son clitoris gonfl\u00e9 gorge profonde sur son mec et une \u00e9norme fontaine","breadcrumb":{"@id":"https:\/\/charlie-liveshow.com\/Tentation-erotique\/produit\/jerk-off-instruction-francais\/#breadcrumb"},"inLanguage":"fr-FR","potentialAction":[{"@type":"ReadAction","target":["https:\/\/charlie-liveshow.com\/Tentation-erotique\/produit\/jerk-off-instruction-francais\/"]}]},{"@type":"BreadcrumbList","@id":"https:\/\/charlie-liveshow.com\/Tentation-erotique\/produit\/jerk-off-instruction-francais\/#breadcrumb","itemListElement":[{"@type":"ListItem","position":1,"name":"Charlie r\u00e9veille vos sens","item":"https:\/\/charlie-liveshow.com\/Tentation-erotique\/page-d-accueil-commerce\/"},{"@type":"ListItem","position":2,"name":"Vid\u00e9os xXx","item":"https:\/\/charlie-liveshow.com\/Tentation-erotique\/categorie-produit\/videos-x-amateur-charlie\/"},{"@type":"ListItem","position":3,"name":"Jerk off instruction &#8211; step 1 &#8211; Juillet 19"}]},{"@type":"WebSite","@id":"https:\/\/charlie-liveshow.com\/Tentation-erotique\/#website","url":"https:\/\/charlie-liveshow.com\/Tentation-erotique\/","name":"TENTATIONS \u00c9ROTIQUES par Charlie Liveshow","description":"Eveillez vous \u00e0 l&#039;\u00e9rotisme","publisher":{"@id":"https:\/\/charlie-liveshow.com\/Tentation-erotique\/#organization"},"potentialAction":[{"@type":"SearchAction","target":{"@type":"EntryPoint","urlTemplate":"https:\/\/charlie-liveshow.com\/Tentation-erotique\/?s={search_term_string}"},"query-input":"required name=search_term_string"}],"inLanguage":"fr-FR"},{"@type":"Organization","@id":"https:\/\/charlie-liveshow.com\/Tentation-erotique\/#organization","name":"charlie-liveshow","url":"https:\/\/charlie-liveshow.com\/Tentation-erotique\/","logo":{"@type":"ImageObject","inLanguage":"fr-FR","@id":"https:\/\/charlie-liveshow.com\/Tentation-erotique\/#\/schema\/logo\/image\/","url":"https:\/\/charlie-liveshow.com\/Tentation-erotique\/wp-content\/uploads\/2013\/05\/Charlie_folies_logo.png","contentUrl":"https:\/\/charlie-liveshow.com\/Tentation-erotique\/wp-content\/uploads\/2013\/05\/Charlie_folies_logo.png","width":210,"height":206,"caption":"charlie-liveshow"},"image":{"@id":"https:\/\/charlie-liveshow.com\/Tentation-erotique\/#\/schema\/logo\/image\/"},"sameAs":["https:\/\/www.facebook.com\/charlielivetantra","https:\/\/twitter.com\/Charlieliveshow","https:\/\/www.instagram.com\/charlie_liveshow\/","https:\/\/www.youtube.com\/CharlieTantra"]}]}},"_links":{"self":[{"href":"https:\/\/charlie-liveshow.com\/Tentation-erotique\/wp-json\/wp\/v2\/product\/41766"}],"collection":[{"href":"https:\/\/charlie-liveshow.com\/Tentation-erotique\/wp-json\/wp\/v2\/product"}],"about":[{"href":"https:\/\/charlie-liveshow.com\/Tentation-erotique\/wp-json\/wp\/v2\/types\/product"}],"replies":[{"embeddable":true,"href":"https:\/\/charlie-liveshow.com\/Tentation-erotique\/wp-json\/wp\/v2\/comments?post=41766"}],"version-history":[{"count":0,"href":"https:\/\/charlie-liveshow.com\/Tentation-erotique\/wp-json\/wp\/v2\/product\/41766\/revisions"}],"wp:featuredmedia":[{"embeddable":true,"href":"https:\/\/charlie-liveshow.com\/Tentation-erotique\/wp-json\/wp\/v2\/media\/42300"}],"wp:attachment":[{"href":"https:\/\/charlie-liveshow.com\/Tentation-erotique\/wp-json\/wp\/v2\/media?parent=41766"}],"wp:term":[{"taxonomy":"product_cat","embeddable":true,"href":"https:\/\/charlie-liveshow.com\/Tentation-erotique\/wp-json\/wp\/v2\/product_cat?post=41766"},{"taxonomy":"product_tag","embeddable":true,"href":"https:\/\/charlie-liveshow.com\/Tentation-erotique\/wp-json\/wp\/v2\/product_tag?post=41766"}],"curies":[{"name":"wp","href":"https:\/\/api.w.org\/{rel}","templated":true}]}}