{"id":41291,"date":"2019-05-15T10:03:55","date_gmt":"2019-05-15T08:03:55","guid":{"rendered":"https:\/\/charlie-liveshow.com\/Tentation-erotique\/?post_type=product&#038;p=41291"},"modified":"2020-01-17T15:15:15","modified_gmt":"2020-01-17T14:15:15","slug":"colis-sextoys-9-orgasmes-violents","status":"publish","type":"product","link":"https:\/\/charlie-liveshow.com\/Tentation-erotique\/produit\/colis-sextoys-9-orgasmes-violents\/","title":{"rendered":"Colis sextoys 9, Rabbit  et orgasmes violents"},"content":{"rendered":"<p><a id=\"info-complementaire\"><\/a><strong>Les sextoys d&rsquo;occasions. La sexualit\u00e9 ludique c&rsquo;est pour tous !<\/strong><\/p>\n<p>Un colis sextoys sp\u00e9cialement con\u00e7us pour celles qui aiment les plaisirs violents et les orgasmes ravageurs. Ames sensibles et vagin d\u00e9licat s&rsquo;abstenir !<\/p>\n<p>Valeur du colis <strong>neuf :\u00a0 300\u20ac. <\/strong>Le colis complet des 3 sex-toys d&rsquo;occasions est <strong>vendu 56.20\u20ac<\/strong> ( frais de livraison inclus)<\/p>\n<h2>CONTENU du colis num\u00e9ro 9 les orgasmes violents<\/h2>\n<ul>\n<li><strong>Le Rabbit FRIEND de Clara Morgane<br \/>\n<\/strong>Valeur neuf 99\u20ac. Un sextoy de type rabbit avec des billes qui font un va et vient terrible dans votre sexe<\/li>\n<li><strong>La baguette magique pour votre clitoris le ZUMIO<\/strong><br \/>\nValeur neuf 158\u20ac. D\u00e9couvrez le plaisir d&rsquo;un orgasmes clitoridien d&rsquo;une rare intensit\u00e9 !<\/li>\n<li><strong>Rabbit FOX<\/strong><br \/>\nValeur neuf 25\u20ac . Un rabbit made in RPC qui fait des va et vient comme un vrai p\u00e9nis<\/li>\n<li><strong>SPECULUM !<\/strong><br \/>\nValeur neuf 18\u20ac . Pr\u00e9parez vous \u00e0 d&rsquo;intenses dilatations vaginales<\/li>\n<\/ul>\n<h3>Tests sextoys &amp; achat sextoy neuf<\/h3>\n<div class=\"su-custom-gallery su-custom-gallery-title-never\"><div class=\"su-custom-gallery-slide\"><a href=\"https:\/\/charlie-liveshow.com\/charlie-tantra\/test-sex-toy-decale-by-charlie\/\" target=\"_blank\" title=\"LOGO-Charlie-Tantra-Superstar-amp\"><img decoding=\"async\" src=\"https:\/\/charlie-liveshow.com\/Tentation-erotique\/wp-content\/uploads\/2019\/05\/LOGO-Charlie-Tantra-Superstar-amp-180x90.png\" alt=\"LOGO-Charlie-Tantra-Superstar-amp\" width=\"180\" height=\"90\" \/><span class=\"su-custom-gallery-title\">LOGO-Charlie-Tantra-Superstar-amp<\/span><\/a><\/div><div class=\"su-custom-gallery-slide\"><a href=\"https:\/\/www.dorcelstore.com\/fr\/#ae14\" target=\"_blank\" title=\"dorcelstore-luxure-depuis-1979-730&#215;430\"><img decoding=\"async\" src=\"https:\/\/charlie-liveshow.com\/Tentation-erotique\/wp-content\/uploads\/2019\/05\/dorcelstore-luxure-depuis-1979-730x430-180x90.jpg\" alt=\"dorcelstore-luxure-depuis-1979-730&#215;430\" width=\"180\" height=\"90\" \/><span class=\"su-custom-gallery-title\">dorcelstore-luxure-depuis-1979-730&#215;430<\/span><\/a><\/div><div class=\"su-custom-gallery-slide\"><a href=\"https:\/\/www.monlapinrose.com\/545-sextoys\/#ae62\" target=\"_blank\" title=\"monlapinrose\"><img decoding=\"async\" src=\"https:\/\/charlie-liveshow.com\/Tentation-erotique\/wp-content\/uploads\/2019\/05\/monlapinrose-180x90.png\" alt=\"monlapinrose\" width=\"180\" height=\"90\" \/><span class=\"su-custom-gallery-title\">monlapinrose<\/span><\/a><\/div><div class=\"su-custom-gallery-slide\"><a href=\"https:\/\/www.ruedesplaisirs.com\/catalogue\/sextoys,m=1\/idardp=ea2bfa79cd221f1e88a9bf39ea155cd8\" target=\"_blank\" title=\"logo\"><img loading=\"lazy\" decoding=\"async\" src=\"https:\/\/charlie-liveshow.com\/Tentation-erotique\/wp-content\/uploads\/2019\/05\/logo-180x90.png\" alt=\"logo\" width=\"180\" height=\"90\" \/><span class=\"su-custom-gallery-title\">logo<\/span><\/a><\/div><div class=\"su-clear\"><\/div><\/div>\n","protected":false},"excerpt":{"rendered":"<p><strong>Colis sextoys NUMERO 9 &#8211; sp\u00e9cial plaisirs violents<\/strong><\/p>\n<p>Ce colis de sextoys d&rsquo;occasion contient la baguette clitoridienne ZUMIO, le rabbit FRIEND de Clara Morgane, un rabbit qui fait des va et vient comme un p\u00e9nis, le FOX et enfin un sp\u00e9culum m\u00e9dical pour celle qui veulent pratiquer la dilatation vaginale<\/p>\n<p>Valeur neuf du colis : 300\u20ac &#8211; vendu \u00e0 56.20\u20ac (frais de port inclus)<\/p>\n<p style=\"text-align: left;\"><strong>Colis exp\u00e9di\u00e9 sous 4 jours*<\/strong> par mondial relais en France, Belgique et Luxembourg UNIQUEMENT &#8211; <strong><em><a href=\"#info-complementaire\">Aide \u00e0 la livraison<\/a><\/em><\/strong><\/p>\n<p style=\"text-align: left;\">A PROPOS DE L&rsquo;HYGIENE des sextoys d&rsquo;occasions&#8230; <strong><em><a href=\"#info-complementaire\">En savoir plus<\/a><\/em><\/strong><\/p>\n","protected":false},"featured_media":41295,"comment_status":"closed","ping_status":"closed","template":"","meta":{"ub_ctt_via":""},"product_cat":[48],"product_tag":[62,147,34],"yoast_head":"<!-- This site is optimized with the Yoast SEO plugin v22.0 - https:\/\/yoast.com\/wordpress\/plugins\/seo\/ -->\n<title>Colis sextoys 9, Rabbit et orgasmes violents - Charlie TENTATIONS<\/title>\n<meta name=\"description\" content=\"Colis de sextoys d&#039;occasions avec la baguette clitoridienne ZUMIO, le rabbit FRIEND de Clara Morgane, le FOX et un sp\u00e9culum m\u00e9dical\" \/>\n<meta name=\"robots\" content=\"index, follow, max-snippet:-1, max-image-preview:large, max-video-preview:-1\" \/>\n<link rel=\"canonical\" href=\"https:\/\/charlie-liveshow.com\/Tentation-erotique\/produit\/colis-sextoys-9-orgasmes-violents\/\" \/>\n<meta property=\"og:locale\" content=\"fr_FR\" \/>\n<meta property=\"og:type\" content=\"article\" \/>\n<meta property=\"og:title\" content=\"Colis sextoys 9, Rabbit et orgasmes violents - Charlie TENTATIONS\" \/>\n<meta property=\"og:description\" content=\"Colis de sextoys d&#039;occasions avec la baguette clitoridienne ZUMIO, le rabbit FRIEND de Clara Morgane, le FOX et un sp\u00e9culum m\u00e9dical\" \/>\n<meta property=\"og:url\" content=\"https:\/\/charlie-liveshow.com\/Tentation-erotique\/produit\/colis-sextoys-9-orgasmes-violents\/\" \/>\n<meta property=\"og:site_name\" content=\"TENTATIONS \u00c9ROTIQUES par Charlie Liveshow\" \/>\n<meta property=\"article:publisher\" content=\"https:\/\/www.facebook.com\/charlielivetantra\" \/>\n<meta property=\"article:modified_time\" content=\"2020-01-17T14:15:15+00:00\" \/>\n<meta property=\"og:image\" content=\"https:\/\/charlie-liveshow.com\/Tentation-erotique\/wp-content\/uploads\/2019\/05\/colis-sextoys-10-zumio-01.jpg\" \/>\n\t<meta property=\"og:image:width\" content=\"800\" \/>\n\t<meta property=\"og:image:height\" content=\"530\" \/>\n\t<meta property=\"og:image:type\" content=\"image\/jpeg\" \/>\n<meta name=\"twitter:card\" content=\"summary_large_image\" \/>\n<meta name=\"twitter:site\" content=\"@Charlieliveshow\" \/>\n<meta name=\"twitter:label1\" content=\"Dur\u00e9e de lecture estim\u00e9e\" \/>\n\t<meta name=\"twitter:data1\" content=\"1 minute\" \/>\n<script type=\"application\/ld+json\" class=\"yoast-schema-graph\">{\"@context\":\"https:\/\/schema.org\",\"@graph\":[{\"@type\":\"WebPage\",\"@id\":\"https:\/\/charlie-liveshow.com\/Tentation-erotique\/produit\/colis-sextoys-9-orgasmes-violents\/\",\"url\":\"https:\/\/charlie-liveshow.com\/Tentation-erotique\/produit\/colis-sextoys-9-orgasmes-violents\/\",\"name\":\"Colis sextoys 9, Rabbit et orgasmes violents - Charlie TENTATIONS\",\"isPartOf\":{\"@id\":\"https:\/\/charlie-liveshow.com\/Tentation-erotique\/#website\"},\"datePublished\":\"2019-05-15T08:03:55+00:00\",\"dateModified\":\"2020-01-17T14:15:15+00:00\",\"description\":\"Colis de sextoys d'occasions avec la baguette clitoridienne ZUMIO, le rabbit FRIEND de Clara Morgane, le FOX et un sp\u00e9culum m\u00e9dical\",\"breadcrumb\":{\"@id\":\"https:\/\/charlie-liveshow.com\/Tentation-erotique\/produit\/colis-sextoys-9-orgasmes-violents\/#breadcrumb\"},\"inLanguage\":\"fr-FR\",\"potentialAction\":[{\"@type\":\"ReadAction\",\"target\":[\"https:\/\/charlie-liveshow.com\/Tentation-erotique\/produit\/colis-sextoys-9-orgasmes-violents\/\"]}]},{\"@type\":\"BreadcrumbList\",\"@id\":\"https:\/\/charlie-liveshow.com\/Tentation-erotique\/produit\/colis-sextoys-9-orgasmes-violents\/#breadcrumb\",\"itemListElement\":[{\"@type\":\"ListItem\",\"position\":1,\"name\":\"Charlie r\u00e9veille vos sens\",\"item\":\"https:\/\/charlie-liveshow.com\/Tentation-erotique\/page-d-accueil-commerce\/\"},{\"@type\":\"ListItem\",\"position\":2,\"name\":\"COLIS SEXTOYS ! Le plaisir pour tous\",\"item\":\"https:\/\/charlie-liveshow.com\/Tentation-erotique\/categorie-produit\/sextoys-doccasions\/\"},{\"@type\":\"ListItem\",\"position\":3,\"name\":\"Colis sextoys 9, Rabbit et orgasmes violents\"}]},{\"@type\":\"WebSite\",\"@id\":\"https:\/\/charlie-liveshow.com\/Tentation-erotique\/#website\",\"url\":\"https:\/\/charlie-liveshow.com\/Tentation-erotique\/\",\"name\":\"TENTATIONS \u00c9ROTIQUES par Charlie Liveshow\",\"description\":\"Eveillez vous \u00e0 l&#039;\u00e9rotisme\",\"publisher\":{\"@id\":\"https:\/\/charlie-liveshow.com\/Tentation-erotique\/#organization\"},\"potentialAction\":[{\"@type\":\"SearchAction\",\"target\":{\"@type\":\"EntryPoint\",\"urlTemplate\":\"https:\/\/charlie-liveshow.com\/Tentation-erotique\/?s={search_term_string}\"},\"query-input\":\"required name=search_term_string\"}],\"inLanguage\":\"fr-FR\"},{\"@type\":\"Organization\",\"@id\":\"https:\/\/charlie-liveshow.com\/Tentation-erotique\/#organization\",\"name\":\"charlie-liveshow\",\"url\":\"https:\/\/charlie-liveshow.com\/Tentation-erotique\/\",\"logo\":{\"@type\":\"ImageObject\",\"inLanguage\":\"fr-FR\",\"@id\":\"https:\/\/charlie-liveshow.com\/Tentation-erotique\/#\/schema\/logo\/image\/\",\"url\":\"https:\/\/charlie-liveshow.com\/Tentation-erotique\/wp-content\/uploads\/2013\/05\/Charlie_folies_logo.png\",\"contentUrl\":\"https:\/\/charlie-liveshow.com\/Tentation-erotique\/wp-content\/uploads\/2013\/05\/Charlie_folies_logo.png\",\"width\":210,\"height\":206,\"caption\":\"charlie-liveshow\"},\"image\":{\"@id\":\"https:\/\/charlie-liveshow.com\/Tentation-erotique\/#\/schema\/logo\/image\/\"},\"sameAs\":[\"https:\/\/www.facebook.com\/charlielivetantra\",\"https:\/\/twitter.com\/Charlieliveshow\",\"https:\/\/www.instagram.com\/charlie_liveshow\/\",\"https:\/\/www.youtube.com\/CharlieTantra\"]}]}<\/script>\n<!-- \/ Yoast SEO plugin. -->","yoast_head_json":{"title":"Colis sextoys 9, Rabbit et orgasmes violents - Charlie TENTATIONS","description":"Colis de sextoys d'occasions avec la baguette clitoridienne ZUMIO, le rabbit FRIEND de Clara Morgane, le FOX et un sp\u00e9culum m\u00e9dical","robots":{"index":"index","follow":"follow","max-snippet":"max-snippet:-1","max-image-preview":"max-image-preview:large","max-video-preview":"max-video-preview:-1"},"canonical":"https:\/\/charlie-liveshow.com\/Tentation-erotique\/produit\/colis-sextoys-9-orgasmes-violents\/","og_locale":"fr_FR","og_type":"article","og_title":"Colis sextoys 9, Rabbit et orgasmes violents - Charlie TENTATIONS","og_description":"Colis de sextoys d'occasions avec la baguette clitoridienne ZUMIO, le rabbit FRIEND de Clara Morgane, le FOX et un sp\u00e9culum m\u00e9dical","og_url":"https:\/\/charlie-liveshow.com\/Tentation-erotique\/produit\/colis-sextoys-9-orgasmes-violents\/","og_site_name":"TENTATIONS \u00c9ROTIQUES par Charlie Liveshow","article_publisher":"https:\/\/www.facebook.com\/charlielivetantra","article_modified_time":"2020-01-17T14:15:15+00:00","og_image":[{"width":800,"height":530,"url":"https:\/\/charlie-liveshow.com\/Tentation-erotique\/wp-content\/uploads\/2019\/05\/colis-sextoys-10-zumio-01.jpg","type":"image\/jpeg"}],"twitter_card":"summary_large_image","twitter_site":"@Charlieliveshow","twitter_misc":{"Dur\u00e9e de lecture estim\u00e9e":"1 minute"},"schema":{"@context":"https:\/\/schema.org","@graph":[{"@type":"WebPage","@id":"https:\/\/charlie-liveshow.com\/Tentation-erotique\/produit\/colis-sextoys-9-orgasmes-violents\/","url":"https:\/\/charlie-liveshow.com\/Tentation-erotique\/produit\/colis-sextoys-9-orgasmes-violents\/","name":"Colis sextoys 9, Rabbit et orgasmes violents - Charlie TENTATIONS","isPartOf":{"@id":"https:\/\/charlie-liveshow.com\/Tentation-erotique\/#website"},"datePublished":"2019-05-15T08:03:55+00:00","dateModified":"2020-01-17T14:15:15+00:00","description":"Colis de sextoys d'occasions avec la baguette clitoridienne ZUMIO, le rabbit FRIEND de Clara Morgane, le FOX et un sp\u00e9culum m\u00e9dical","breadcrumb":{"@id":"https:\/\/charlie-liveshow.com\/Tentation-erotique\/produit\/colis-sextoys-9-orgasmes-violents\/#breadcrumb"},"inLanguage":"fr-FR","potentialAction":[{"@type":"ReadAction","target":["https:\/\/charlie-liveshow.com\/Tentation-erotique\/produit\/colis-sextoys-9-orgasmes-violents\/"]}]},{"@type":"BreadcrumbList","@id":"https:\/\/charlie-liveshow.com\/Tentation-erotique\/produit\/colis-sextoys-9-orgasmes-violents\/#breadcrumb","itemListElement":[{"@type":"ListItem","position":1,"name":"Charlie r\u00e9veille vos sens","item":"https:\/\/charlie-liveshow.com\/Tentation-erotique\/page-d-accueil-commerce\/"},{"@type":"ListItem","position":2,"name":"COLIS SEXTOYS ! Le plaisir pour tous","item":"https:\/\/charlie-liveshow.com\/Tentation-erotique\/categorie-produit\/sextoys-doccasions\/"},{"@type":"ListItem","position":3,"name":"Colis sextoys 9, Rabbit et orgasmes violents"}]},{"@type":"WebSite","@id":"https:\/\/charlie-liveshow.com\/Tentation-erotique\/#website","url":"https:\/\/charlie-liveshow.com\/Tentation-erotique\/","name":"TENTATIONS \u00c9ROTIQUES par Charlie Liveshow","description":"Eveillez vous \u00e0 l&#039;\u00e9rotisme","publisher":{"@id":"https:\/\/charlie-liveshow.com\/Tentation-erotique\/#organization"},"potentialAction":[{"@type":"SearchAction","target":{"@type":"EntryPoint","urlTemplate":"https:\/\/charlie-liveshow.com\/Tentation-erotique\/?s={search_term_string}"},"query-input":"required name=search_term_string"}],"inLanguage":"fr-FR"},{"@type":"Organization","@id":"https:\/\/charlie-liveshow.com\/Tentation-erotique\/#organization","name":"charlie-liveshow","url":"https:\/\/charlie-liveshow.com\/Tentation-erotique\/","logo":{"@type":"ImageObject","inLanguage":"fr-FR","@id":"https:\/\/charlie-liveshow.com\/Tentation-erotique\/#\/schema\/logo\/image\/","url":"https:\/\/charlie-liveshow.com\/Tentation-erotique\/wp-content\/uploads\/2013\/05\/Charlie_folies_logo.png","contentUrl":"https:\/\/charlie-liveshow.com\/Tentation-erotique\/wp-content\/uploads\/2013\/05\/Charlie_folies_logo.png","width":210,"height":206,"caption":"charlie-liveshow"},"image":{"@id":"https:\/\/charlie-liveshow.com\/Tentation-erotique\/#\/schema\/logo\/image\/"},"sameAs":["https:\/\/www.facebook.com\/charlielivetantra","https:\/\/twitter.com\/Charlieliveshow","https:\/\/www.instagram.com\/charlie_liveshow\/","https:\/\/www.youtube.com\/CharlieTantra"]}]}},"_links":{"self":[{"href":"https:\/\/charlie-liveshow.com\/Tentation-erotique\/wp-json\/wp\/v2\/product\/41291"}],"collection":[{"href":"https:\/\/charlie-liveshow.com\/Tentation-erotique\/wp-json\/wp\/v2\/product"}],"about":[{"href":"https:\/\/charlie-liveshow.com\/Tentation-erotique\/wp-json\/wp\/v2\/types\/product"}],"replies":[{"embeddable":true,"href":"https:\/\/charlie-liveshow.com\/Tentation-erotique\/wp-json\/wp\/v2\/comments?post=41291"}],"version-history":[{"count":0,"href":"https:\/\/charlie-liveshow.com\/Tentation-erotique\/wp-json\/wp\/v2\/product\/41291\/revisions"}],"wp:featuredmedia":[{"embeddable":true,"href":"https:\/\/charlie-liveshow.com\/Tentation-erotique\/wp-json\/wp\/v2\/media\/41295"}],"wp:attachment":[{"href":"https:\/\/charlie-liveshow.com\/Tentation-erotique\/wp-json\/wp\/v2\/media?parent=41291"}],"wp:term":[{"taxonomy":"product_cat","embeddable":true,"href":"https:\/\/charlie-liveshow.com\/Tentation-erotique\/wp-json\/wp\/v2\/product_cat?post=41291"},{"taxonomy":"product_tag","embeddable":true,"href":"https:\/\/charlie-liveshow.com\/Tentation-erotique\/wp-json\/wp\/v2\/product_tag?post=41291"}],"curies":[{"name":"wp","href":"https:\/\/api.w.org\/{rel}","templated":true}]}}