{"id":41152,"date":"2019-03-02T13:27:27","date_gmt":"2019-03-02T12:27:27","guid":{"rendered":"https:\/\/charlie-liveshow.com\/Tentation-erotique\/?post_type=product&#038;p=41152"},"modified":"2021-01-25T10:14:10","modified_gmt":"2021-01-25T09:14:10","slug":"fantasme-litteraire-masturbation-video","status":"publish","type":"product","link":"https:\/\/charlie-liveshow.com\/Tentation-erotique\/produit\/fantasme-litteraire-masturbation-video\/","title":{"rendered":"Fantasme litt\u00e9raire et masturbation intensive"},"content":{"rendered":"<div id=\"note\">\n<h3>Fantasme \u00e9rotique et masturbation intensive<\/h3>\n<p>Fantasme litt\u00e9raire pour masturbation intensive ! Ha les plaisirs de la litt\u00e9rature \u00e9rotique ! Toute seule, d\u00e9couvrir un livre. S&rsquo;imaginer \u00e0 la place de l&rsquo;h\u00e9ro\u00efne. Sentir ces queues biens dures se dresser devant nous. Les empoigner, les sucer, sentir les mains d&rsquo;inconnus vous caresser, vous agripper les seins, prendre votre bouche, votre corps et p\u00e9n\u00e9trer en vous !<\/p>\n<p>Pourquoi rester immobile quand on lit un livre \u00e9rotique ? Autant joindre l&rsquo;utile \u00e0 l&rsquo;agr\u00e9able non ?<\/p>\n<h4>Teaser litt\u00e9raire et humide<\/h4>\n<p><iframe src=\"https:\/\/fr.pornhub.com\/embed\/ph5c7a837186b81\" width=\"560\" height=\"315\" frameborder=\"0\" scrolling=\"no\" allowfullscreen=\"allowfullscreen\"><\/iframe><\/p>\n<h4>Mots-cl\u00e9s<\/h4>\n<span class=\"su-label su-label-type-important\">GROS gode<\/span> &#8211; <span class=\"su-label su-label-type-info\">Masturbation<\/span> &#8211; <span class=\"su-label su-label-type-important\">Orgasme<\/span> &#8211; <span class=\"su-label su-label-type-info\">Fantasme<\/span> &#8211; <span class=\"su-label su-label-type-success\">LGBTQ<\/span>\nFor (hot) adult only !<\/p>\n<h4>Fiche technique<\/h4>\n<p><strong>Dur\u00e9e : 15 minutes <\/strong>\u00a0| Qualit\u00e9 : 1280 x 720\u00a0px <strong>| <\/strong>Taille : 500mo<\/p>\n<\/div>\n","protected":false},"excerpt":{"rendered":"<p>La litt\u00e9rature \u00e9rotique est le moyen direct pour moi de plonger dans mes fantasmes les plus ind\u00e9cents ! Des fantasmes \u00e9rotiques que je ne pourrais pas vivre dans ma vraie vie mais qui me donnent toujours autant de plaisir et des orgasmes d&rsquo;une rares violences !<\/p>\n<p><strong>Dur\u00e9e : 15 minutes de pur fantasme !\u00a0<\/strong><\/p>\n","protected":false},"featured_media":42302,"comment_status":"open","ping_status":"closed","template":"","meta":{"ub_ctt_via":""},"product_cat":[53],"product_tag":[54,157],"yoast_head":"<!-- This site is optimized with the Yoast SEO plugin v22.0 - https:\/\/yoast.com\/wordpress\/plugins\/seo\/ -->\n<title>Fantasme litt\u00e9raire et masturbation intensive - Charlie TENTATIONS<\/title>\n<meta name=\"description\" content=\"La litt\u00e9rature \u00e9rotique est le moyen direct pour moi de plonger dans mes fantasmes les plus ind\u00e9cents ! Des fantasmes \u00e9rotiques que je ne pourrais pas vivre dans ma vraie vie mais qui me donnent toujours autant de plaisir et des orgasmes d&#039;une rares violences !  Dur\u00e9e : 15 minutes de pur fantasme !\u00a0\" \/>\n<meta name=\"robots\" content=\"index, follow, max-snippet:-1, max-image-preview:large, max-video-preview:-1\" \/>\n<link rel=\"canonical\" href=\"https:\/\/charlie-liveshow.com\/Tentation-erotique\/produit\/fantasme-litteraire-masturbation-video\/\" \/>\n<meta property=\"og:locale\" content=\"fr_FR\" \/>\n<meta property=\"og:type\" content=\"article\" \/>\n<meta property=\"og:title\" content=\"Fantasme litt\u00e9raire et masturbation intensive - Charlie TENTATIONS\" \/>\n<meta property=\"og:description\" content=\"La litt\u00e9rature \u00e9rotique est le moyen direct pour moi de plonger dans mes fantasmes les plus ind\u00e9cents ! Des fantasmes \u00e9rotiques que je ne pourrais pas vivre dans ma vraie vie mais qui me donnent toujours autant de plaisir et des orgasmes d&#039;une rares violences !  Dur\u00e9e : 15 minutes de pur fantasme !\u00a0\" \/>\n<meta property=\"og:url\" content=\"https:\/\/charlie-liveshow.com\/Tentation-erotique\/produit\/fantasme-litteraire-masturbation-video\/\" \/>\n<meta property=\"og:site_name\" content=\"TENTATIONS \u00c9ROTIQUES par Charlie Liveshow\" \/>\n<meta property=\"article:publisher\" content=\"https:\/\/www.facebook.com\/charlielivetantra\" \/>\n<meta property=\"article:modified_time\" content=\"2021-01-25T09:14:10+00:00\" \/>\n<meta property=\"og:image\" content=\"https:\/\/charlie-liveshow.com\/Tentation-erotique\/wp-content\/uploads\/2019\/03\/fantasme-erotique-video-header-1.jpg\" \/>\n\t<meta property=\"og:image:width\" content=\"1024\" \/>\n\t<meta property=\"og:image:height\" content=\"678\" \/>\n\t<meta property=\"og:image:type\" content=\"image\/jpeg\" \/>\n<meta name=\"twitter:card\" content=\"summary_large_image\" \/>\n<meta name=\"twitter:site\" content=\"@Charlieliveshow\" \/>\n<meta name=\"twitter:label1\" content=\"Dur\u00e9e de lecture estim\u00e9e\" \/>\n\t<meta name=\"twitter:data1\" content=\"1 minute\" \/>\n<script type=\"application\/ld+json\" class=\"yoast-schema-graph\">{\"@context\":\"https:\/\/schema.org\",\"@graph\":[{\"@type\":\"WebPage\",\"@id\":\"https:\/\/charlie-liveshow.com\/Tentation-erotique\/produit\/fantasme-litteraire-masturbation-video\/\",\"url\":\"https:\/\/charlie-liveshow.com\/Tentation-erotique\/produit\/fantasme-litteraire-masturbation-video\/\",\"name\":\"Fantasme litt\u00e9raire et masturbation intensive - Charlie TENTATIONS\",\"isPartOf\":{\"@id\":\"https:\/\/charlie-liveshow.com\/Tentation-erotique\/#website\"},\"datePublished\":\"2019-03-02T12:27:27+00:00\",\"dateModified\":\"2021-01-25T09:14:10+00:00\",\"description\":\"La litt\u00e9rature \u00e9rotique est le moyen direct pour moi de plonger dans mes fantasmes les plus ind\u00e9cents ! Des fantasmes \u00e9rotiques que je ne pourrais pas vivre dans ma vraie vie mais qui me donnent toujours autant de plaisir et des orgasmes d'une rares violences ! Dur\u00e9e : 15 minutes de pur fantasme !\u00a0\",\"breadcrumb\":{\"@id\":\"https:\/\/charlie-liveshow.com\/Tentation-erotique\/produit\/fantasme-litteraire-masturbation-video\/#breadcrumb\"},\"inLanguage\":\"fr-FR\",\"potentialAction\":[{\"@type\":\"ReadAction\",\"target\":[\"https:\/\/charlie-liveshow.com\/Tentation-erotique\/produit\/fantasme-litteraire-masturbation-video\/\"]}]},{\"@type\":\"BreadcrumbList\",\"@id\":\"https:\/\/charlie-liveshow.com\/Tentation-erotique\/produit\/fantasme-litteraire-masturbation-video\/#breadcrumb\",\"itemListElement\":[{\"@type\":\"ListItem\",\"position\":1,\"name\":\"Charlie r\u00e9veille vos sens\",\"item\":\"https:\/\/charlie-liveshow.com\/Tentation-erotique\/page-d-accueil-commerce\/\"},{\"@type\":\"ListItem\",\"position\":2,\"name\":\"Vid\u00e9os xXx\",\"item\":\"https:\/\/charlie-liveshow.com\/Tentation-erotique\/categorie-produit\/videos-x-amateur-charlie\/\"},{\"@type\":\"ListItem\",\"position\":3,\"name\":\"Fantasme litt\u00e9raire et masturbation intensive\"}]},{\"@type\":\"WebSite\",\"@id\":\"https:\/\/charlie-liveshow.com\/Tentation-erotique\/#website\",\"url\":\"https:\/\/charlie-liveshow.com\/Tentation-erotique\/\",\"name\":\"TENTATIONS \u00c9ROTIQUES par Charlie Liveshow\",\"description\":\"Eveillez vous \u00e0 l&#039;\u00e9rotisme\",\"publisher\":{\"@id\":\"https:\/\/charlie-liveshow.com\/Tentation-erotique\/#organization\"},\"potentialAction\":[{\"@type\":\"SearchAction\",\"target\":{\"@type\":\"EntryPoint\",\"urlTemplate\":\"https:\/\/charlie-liveshow.com\/Tentation-erotique\/?s={search_term_string}\"},\"query-input\":\"required name=search_term_string\"}],\"inLanguage\":\"fr-FR\"},{\"@type\":\"Organization\",\"@id\":\"https:\/\/charlie-liveshow.com\/Tentation-erotique\/#organization\",\"name\":\"charlie-liveshow\",\"url\":\"https:\/\/charlie-liveshow.com\/Tentation-erotique\/\",\"logo\":{\"@type\":\"ImageObject\",\"inLanguage\":\"fr-FR\",\"@id\":\"https:\/\/charlie-liveshow.com\/Tentation-erotique\/#\/schema\/logo\/image\/\",\"url\":\"https:\/\/charlie-liveshow.com\/Tentation-erotique\/wp-content\/uploads\/2013\/05\/Charlie_folies_logo.png\",\"contentUrl\":\"https:\/\/charlie-liveshow.com\/Tentation-erotique\/wp-content\/uploads\/2013\/05\/Charlie_folies_logo.png\",\"width\":210,\"height\":206,\"caption\":\"charlie-liveshow\"},\"image\":{\"@id\":\"https:\/\/charlie-liveshow.com\/Tentation-erotique\/#\/schema\/logo\/image\/\"},\"sameAs\":[\"https:\/\/www.facebook.com\/charlielivetantra\",\"https:\/\/twitter.com\/Charlieliveshow\",\"https:\/\/www.instagram.com\/charlie_liveshow\/\",\"https:\/\/www.youtube.com\/CharlieTantra\"]}]}<\/script>\n<!-- \/ Yoast SEO plugin. -->","yoast_head_json":{"title":"Fantasme litt\u00e9raire et masturbation intensive - Charlie TENTATIONS","description":"La litt\u00e9rature \u00e9rotique est le moyen direct pour moi de plonger dans mes fantasmes les plus ind\u00e9cents ! Des fantasmes \u00e9rotiques que je ne pourrais pas vivre dans ma vraie vie mais qui me donnent toujours autant de plaisir et des orgasmes d'une rares violences !  Dur\u00e9e : 15 minutes de pur fantasme !\u00a0","robots":{"index":"index","follow":"follow","max-snippet":"max-snippet:-1","max-image-preview":"max-image-preview:large","max-video-preview":"max-video-preview:-1"},"canonical":"https:\/\/charlie-liveshow.com\/Tentation-erotique\/produit\/fantasme-litteraire-masturbation-video\/","og_locale":"fr_FR","og_type":"article","og_title":"Fantasme litt\u00e9raire et masturbation intensive - Charlie TENTATIONS","og_description":"La litt\u00e9rature \u00e9rotique est le moyen direct pour moi de plonger dans mes fantasmes les plus ind\u00e9cents ! Des fantasmes \u00e9rotiques que je ne pourrais pas vivre dans ma vraie vie mais qui me donnent toujours autant de plaisir et des orgasmes d'une rares violences !  Dur\u00e9e : 15 minutes de pur fantasme !\u00a0","og_url":"https:\/\/charlie-liveshow.com\/Tentation-erotique\/produit\/fantasme-litteraire-masturbation-video\/","og_site_name":"TENTATIONS \u00c9ROTIQUES par Charlie Liveshow","article_publisher":"https:\/\/www.facebook.com\/charlielivetantra","article_modified_time":"2021-01-25T09:14:10+00:00","og_image":[{"width":1024,"height":678,"url":"https:\/\/charlie-liveshow.com\/Tentation-erotique\/wp-content\/uploads\/2019\/03\/fantasme-erotique-video-header-1.jpg","type":"image\/jpeg"}],"twitter_card":"summary_large_image","twitter_site":"@Charlieliveshow","twitter_misc":{"Dur\u00e9e de lecture estim\u00e9e":"1 minute"},"schema":{"@context":"https:\/\/schema.org","@graph":[{"@type":"WebPage","@id":"https:\/\/charlie-liveshow.com\/Tentation-erotique\/produit\/fantasme-litteraire-masturbation-video\/","url":"https:\/\/charlie-liveshow.com\/Tentation-erotique\/produit\/fantasme-litteraire-masturbation-video\/","name":"Fantasme litt\u00e9raire et masturbation intensive - Charlie TENTATIONS","isPartOf":{"@id":"https:\/\/charlie-liveshow.com\/Tentation-erotique\/#website"},"datePublished":"2019-03-02T12:27:27+00:00","dateModified":"2021-01-25T09:14:10+00:00","description":"La litt\u00e9rature \u00e9rotique est le moyen direct pour moi de plonger dans mes fantasmes les plus ind\u00e9cents ! Des fantasmes \u00e9rotiques que je ne pourrais pas vivre dans ma vraie vie mais qui me donnent toujours autant de plaisir et des orgasmes d'une rares violences ! Dur\u00e9e : 15 minutes de pur fantasme !\u00a0","breadcrumb":{"@id":"https:\/\/charlie-liveshow.com\/Tentation-erotique\/produit\/fantasme-litteraire-masturbation-video\/#breadcrumb"},"inLanguage":"fr-FR","potentialAction":[{"@type":"ReadAction","target":["https:\/\/charlie-liveshow.com\/Tentation-erotique\/produit\/fantasme-litteraire-masturbation-video\/"]}]},{"@type":"BreadcrumbList","@id":"https:\/\/charlie-liveshow.com\/Tentation-erotique\/produit\/fantasme-litteraire-masturbation-video\/#breadcrumb","itemListElement":[{"@type":"ListItem","position":1,"name":"Charlie r\u00e9veille vos sens","item":"https:\/\/charlie-liveshow.com\/Tentation-erotique\/page-d-accueil-commerce\/"},{"@type":"ListItem","position":2,"name":"Vid\u00e9os xXx","item":"https:\/\/charlie-liveshow.com\/Tentation-erotique\/categorie-produit\/videos-x-amateur-charlie\/"},{"@type":"ListItem","position":3,"name":"Fantasme litt\u00e9raire et masturbation intensive"}]},{"@type":"WebSite","@id":"https:\/\/charlie-liveshow.com\/Tentation-erotique\/#website","url":"https:\/\/charlie-liveshow.com\/Tentation-erotique\/","name":"TENTATIONS \u00c9ROTIQUES par Charlie Liveshow","description":"Eveillez vous \u00e0 l&#039;\u00e9rotisme","publisher":{"@id":"https:\/\/charlie-liveshow.com\/Tentation-erotique\/#organization"},"potentialAction":[{"@type":"SearchAction","target":{"@type":"EntryPoint","urlTemplate":"https:\/\/charlie-liveshow.com\/Tentation-erotique\/?s={search_term_string}"},"query-input":"required name=search_term_string"}],"inLanguage":"fr-FR"},{"@type":"Organization","@id":"https:\/\/charlie-liveshow.com\/Tentation-erotique\/#organization","name":"charlie-liveshow","url":"https:\/\/charlie-liveshow.com\/Tentation-erotique\/","logo":{"@type":"ImageObject","inLanguage":"fr-FR","@id":"https:\/\/charlie-liveshow.com\/Tentation-erotique\/#\/schema\/logo\/image\/","url":"https:\/\/charlie-liveshow.com\/Tentation-erotique\/wp-content\/uploads\/2013\/05\/Charlie_folies_logo.png","contentUrl":"https:\/\/charlie-liveshow.com\/Tentation-erotique\/wp-content\/uploads\/2013\/05\/Charlie_folies_logo.png","width":210,"height":206,"caption":"charlie-liveshow"},"image":{"@id":"https:\/\/charlie-liveshow.com\/Tentation-erotique\/#\/schema\/logo\/image\/"},"sameAs":["https:\/\/www.facebook.com\/charlielivetantra","https:\/\/twitter.com\/Charlieliveshow","https:\/\/www.instagram.com\/charlie_liveshow\/","https:\/\/www.youtube.com\/CharlieTantra"]}]}},"_links":{"self":[{"href":"https:\/\/charlie-liveshow.com\/Tentation-erotique\/wp-json\/wp\/v2\/product\/41152"}],"collection":[{"href":"https:\/\/charlie-liveshow.com\/Tentation-erotique\/wp-json\/wp\/v2\/product"}],"about":[{"href":"https:\/\/charlie-liveshow.com\/Tentation-erotique\/wp-json\/wp\/v2\/types\/product"}],"replies":[{"embeddable":true,"href":"https:\/\/charlie-liveshow.com\/Tentation-erotique\/wp-json\/wp\/v2\/comments?post=41152"}],"version-history":[{"count":0,"href":"https:\/\/charlie-liveshow.com\/Tentation-erotique\/wp-json\/wp\/v2\/product\/41152\/revisions"}],"wp:featuredmedia":[{"embeddable":true,"href":"https:\/\/charlie-liveshow.com\/Tentation-erotique\/wp-json\/wp\/v2\/media\/42302"}],"wp:attachment":[{"href":"https:\/\/charlie-liveshow.com\/Tentation-erotique\/wp-json\/wp\/v2\/media?parent=41152"}],"wp:term":[{"taxonomy":"product_cat","embeddable":true,"href":"https:\/\/charlie-liveshow.com\/Tentation-erotique\/wp-json\/wp\/v2\/product_cat?post=41152"},{"taxonomy":"product_tag","embeddable":true,"href":"https:\/\/charlie-liveshow.com\/Tentation-erotique\/wp-json\/wp\/v2\/product_tag?post=41152"}],"curies":[{"name":"wp","href":"https:\/\/api.w.org\/{rel}","templated":true}]}}