{"id":40989,"date":"2019-01-19T15:27:01","date_gmt":"2019-01-19T14:27:01","guid":{"rendered":"https:\/\/charlie-liveshow.com\/Tentation-erotique\/?post_type=product&#038;p=40989"},"modified":"2019-01-19T15:27:01","modified_gmt":"2019-01-19T14:27:01","slug":"petites-culottes-sales-charlie-vente","status":"publish","type":"product","link":"https:\/\/charlie-liveshow.com\/Tentation-erotique\/produit\/petites-culottes-sales-charlie-vente\/","title":{"rendered":"Les petites culottes sales de Charlie (et les bas)"},"content":{"rendered":"<p>Les f\u00e9tichistes de petites culottes sales vont \u00eatre ravies. Vous l&rsquo;attendiez depuis longtemps voil\u00e0 je me suis enfin d\u00e9cid\u00e9e \u00e0 mettre en vente mes dessous d\u00e9j\u00e0 port\u00e9s ! Alors si tu es fan de Charlie, amoureux des petites culottes sales et des bas charg\u00e9 en odeur corporelle tu es au paradis !<\/p>\n<p>Perso je pr\u00e9f\u00e8re les strings et les boxers aux culottes classiques mais pour toi je ferais un effort et porterais nuit et jour la culotte de ton choix avant de te l&rsquo;envoyer sous vide charg\u00e9e de mon odeur.<\/p>\n<p>Le colis avec ta commande est exp\u00e9di\u00e9 sous\u00a0<a href=\"#livraison\">4 jours*<\/a>\u00a0apr\u00e8s le d\u00e9lai choisi par mondial relais en France, Belgique et Luxembourg UNIQUEMENT<\/p>\n<h2>Envoi de culotte sale ou de bas &amp; collants port\u00e9s.<\/h2>\n<p>JE choisi dans ma collection un string, une culotte ou une paire de bas, collant, en fonction de ton choix.\u00a0Chaque petite culotte ou bas port\u00e9 est <strong>envoy\u00e9 sous blister plastique mis sous vide avant<\/strong>. Le blister est mis dans une enveloppe matelass\u00e9e neutre pour l&rsquo;envoi. Je ne suis pas responsable des conditions d&rsquo;acheminement.<\/p>\n<h3>Tes pr\u00e9f\u00e9rences pour les petites culottes ou les bas<\/h3>\n<p><strong>Si tu as des go\u00fbts plus pr\u00e9cis n&rsquo;h\u00e9site pas \u00e0 le pr\u00e9ciser dans ton envoi<\/strong> ou par <a href=\"https:\/\/charlie-liveshow.com\/contact-reseaux-sociaux-charlie\/\">mail annexe<\/a>\u00a0! J&rsquo;essayerai de choisir le mod\u00e8le le plus proche de ton souhait sans aucune garanti de ma part ! Bien sur si tu demandes une culotte tu recevras une culotte et pas un string ou des bas ! C&rsquo;est \u00e9vident !<\/p>\n<p>Tu pr\u00e9f\u00e8res les collants \/ bas opaques ou transparent ? Chairs, noirs, color\u00e9s ? Idem pour les petites culottes port\u00e9s : une envie de couleur, de forme ou autres PENSE A LE PRECISER ! Si aucune pr\u00e9cision n&rsquo;est donn\u00e9 je ferais \u00e0 ma convenance !<\/p>\n<p>&nbsp;<\/p>\n<h3>LIVRAISON :<\/h3>\n<p>Le colis est envoy\u00e9 par\u00a0<strong>Mondial Relais<\/strong>\u00a0\u00e0 votre point relais le plus proche. D\u00e9s r\u00e9ception de votre commande je vous contacte par mail pour vous demander \u00e0 quel point relais je vous envoi votre colis de sextoys. Pour\u00a0<strong>choisir votre point relais\u00a0<a href=\"https:\/\/www.mondialrelay.fr\/trouver-le-point-relais-le-plus-proche-de-chez-moi\/\" target=\"_blank\" rel=\"noopener\">suivez ce lien<\/a><\/strong><\/p>\n<p>La livraison est effectu\u00e9 par mondial relais\u00a0<strong>sous 4 jours ouvr\u00e9s apr\u00e8s la dur\u00e9e de port que vous avez choisi et de la r\u00e9ception de l\u2019adresse du point relais<\/strong>\u00a0de votre choix.<\/p>\n<h4>ATTENTION :<\/h4>\n<p>Si vous commandez hors de FRANCE ou de la Belgique et du Luxembourg : VOTRE ACHAT NE SERA PAS REMBOURSEE par contre je cr\u00e9diterais votre compte en monnaie virtuelle du montant exact de votre achat. Vous aurez ainsi un avoir pour une prochaine commande.<\/p>\n","protected":false},"excerpt":{"rendered":"<p>Les f\u00e9tichistes de petites culottes sales vont \u00eatre ravies. Je me suis enfin d\u00e9cid\u00e9e \u00e0 mettre en vente mes petites culotte d\u00e9j\u00e0 port\u00e9s et mes bas ! Alors si tu es fan de Charlie, amoureux des petites culottes sales et des bas charg\u00e9s en odeur corporelle tu es au paradis !<\/p>\n<p>Je pr\u00e9f\u00e8re les strings et les boxers aux culottes classiques mais pour toi je ferais un effort et porterais nuit et jour la culotte de ton choix avant de te l&rsquo;envoyer sous vide charg\u00e9e de mon odeur.<\/p>\n<div class=\"su-button-center\"><a href=\"#tab-description\" class=\"su-button su-button-style-flat su-button-wide\" style=\"color:#fff;background-color:#ed1e79;border-color:#be1861;border-radius:0px;-moz-border-radius:0px;-webkit-border-radius:0px\" target=\"_self\" rel=\"nofollow\"><span style=\"color:#fff;padding:7px 22px;font-size:17px;line-height:26px;border-color:#f362a2;border-radius:0px;-moz-border-radius:0px;-webkit-border-radius:0px;text-shadow:0px 0px 0px #ed1e79;-moz-text-shadow:0px 0px 0px #ed1e79;-webkit-text-shadow:0px 0px 0px #ed1e79\"><i class=\"sui sui-bell-o\" style=\"font-size:17px;color:#fff\"><\/i> Pr\u00e9cisions &amp; indique tes pr\u00e9f\u00e9rences<\/span><\/a><\/div>\n","protected":false},"featured_media":41005,"comment_status":"open","ping_status":"closed","template":"","meta":{"ub_ctt_via":""},"product_cat":[47],"product_tag":[143],"yoast_head":"<!-- This site is optimized with the Yoast SEO plugin v22.0 - https:\/\/yoast.com\/wordpress\/plugins\/seo\/ -->\n<title>Les petites culottes sales de Charlie (et les bas) - Charlie TENTATIONS<\/title>\n<meta name=\"robots\" content=\"index, follow, max-snippet:-1, max-image-preview:large, max-video-preview:-1\" \/>\n<link rel=\"canonical\" href=\"https:\/\/charlie-liveshow.com\/Tentation-erotique\/produit\/petites-culottes-sales-charlie-vente\/\" \/>\n<meta property=\"og:locale\" content=\"fr_FR\" \/>\n<meta property=\"og:type\" content=\"article\" \/>\n<meta property=\"og:title\" content=\"Les petites culottes sales de Charlie (et les bas) - Charlie TENTATIONS\" \/>\n<meta property=\"og:url\" content=\"https:\/\/charlie-liveshow.com\/Tentation-erotique\/produit\/petites-culottes-sales-charlie-vente\/\" \/>\n<meta property=\"og:site_name\" content=\"TENTATIONS \u00c9ROTIQUES par Charlie Liveshow\" \/>\n<meta property=\"article:publisher\" content=\"https:\/\/www.facebook.com\/charlielivetantra\" \/>\n<meta property=\"og:image\" content=\"https:\/\/charlie-liveshow.com\/Tentation-erotique\/wp-content\/uploads\/2019\/01\/culotte-sale-vente-charlie.jpg\" \/>\n\t<meta property=\"og:image:width\" content=\"1024\" \/>\n\t<meta property=\"og:image:height\" content=\"678\" \/>\n\t<meta property=\"og:image:type\" content=\"image\/jpeg\" \/>\n<meta name=\"twitter:card\" content=\"summary_large_image\" \/>\n<meta name=\"twitter:site\" content=\"@Charlieliveshow\" \/>\n<meta name=\"twitter:label1\" content=\"Dur\u00e9e de lecture estim\u00e9e\" \/>\n\t<meta name=\"twitter:data1\" content=\"2 minutes\" \/>\n<script type=\"application\/ld+json\" class=\"yoast-schema-graph\">{\"@context\":\"https:\/\/schema.org\",\"@graph\":[{\"@type\":\"WebPage\",\"@id\":\"https:\/\/charlie-liveshow.com\/Tentation-erotique\/produit\/petites-culottes-sales-charlie-vente\/\",\"url\":\"https:\/\/charlie-liveshow.com\/Tentation-erotique\/produit\/petites-culottes-sales-charlie-vente\/\",\"name\":\"Les petites culottes sales de Charlie (et les bas) - Charlie TENTATIONS\",\"isPartOf\":{\"@id\":\"https:\/\/charlie-liveshow.com\/Tentation-erotique\/#website\"},\"datePublished\":\"2019-01-19T14:27:01+00:00\",\"dateModified\":\"2019-01-19T14:27:01+00:00\",\"breadcrumb\":{\"@id\":\"https:\/\/charlie-liveshow.com\/Tentation-erotique\/produit\/petites-culottes-sales-charlie-vente\/#breadcrumb\"},\"inLanguage\":\"fr-FR\",\"potentialAction\":[{\"@type\":\"ReadAction\",\"target\":[\"https:\/\/charlie-liveshow.com\/Tentation-erotique\/produit\/petites-culottes-sales-charlie-vente\/\"]}]},{\"@type\":\"BreadcrumbList\",\"@id\":\"https:\/\/charlie-liveshow.com\/Tentation-erotique\/produit\/petites-culottes-sales-charlie-vente\/#breadcrumb\",\"itemListElement\":[{\"@type\":\"ListItem\",\"position\":1,\"name\":\"Charlie r\u00e9veille vos sens\",\"item\":\"https:\/\/charlie-liveshow.com\/Tentation-erotique\/page-d-accueil-commerce\/\"},{\"@type\":\"ListItem\",\"position\":2,\"name\":\"Plaisirs divers\",\"item\":\"https:\/\/charlie-liveshow.com\/Tentation-erotique\/categorie-produit\/plaisirs-divers\/\"},{\"@type\":\"ListItem\",\"position\":3,\"name\":\"Les petites culottes sales de Charlie (et les bas)\"}]},{\"@type\":\"WebSite\",\"@id\":\"https:\/\/charlie-liveshow.com\/Tentation-erotique\/#website\",\"url\":\"https:\/\/charlie-liveshow.com\/Tentation-erotique\/\",\"name\":\"TENTATIONS \u00c9ROTIQUES par Charlie Liveshow\",\"description\":\"Eveillez vous \u00e0 l&#039;\u00e9rotisme\",\"publisher\":{\"@id\":\"https:\/\/charlie-liveshow.com\/Tentation-erotique\/#organization\"},\"potentialAction\":[{\"@type\":\"SearchAction\",\"target\":{\"@type\":\"EntryPoint\",\"urlTemplate\":\"https:\/\/charlie-liveshow.com\/Tentation-erotique\/?s={search_term_string}\"},\"query-input\":\"required name=search_term_string\"}],\"inLanguage\":\"fr-FR\"},{\"@type\":\"Organization\",\"@id\":\"https:\/\/charlie-liveshow.com\/Tentation-erotique\/#organization\",\"name\":\"charlie-liveshow\",\"url\":\"https:\/\/charlie-liveshow.com\/Tentation-erotique\/\",\"logo\":{\"@type\":\"ImageObject\",\"inLanguage\":\"fr-FR\",\"@id\":\"https:\/\/charlie-liveshow.com\/Tentation-erotique\/#\/schema\/logo\/image\/\",\"url\":\"https:\/\/charlie-liveshow.com\/Tentation-erotique\/wp-content\/uploads\/2013\/05\/Charlie_folies_logo.png\",\"contentUrl\":\"https:\/\/charlie-liveshow.com\/Tentation-erotique\/wp-content\/uploads\/2013\/05\/Charlie_folies_logo.png\",\"width\":210,\"height\":206,\"caption\":\"charlie-liveshow\"},\"image\":{\"@id\":\"https:\/\/charlie-liveshow.com\/Tentation-erotique\/#\/schema\/logo\/image\/\"},\"sameAs\":[\"https:\/\/www.facebook.com\/charlielivetantra\",\"https:\/\/twitter.com\/Charlieliveshow\",\"https:\/\/www.instagram.com\/charlie_liveshow\/\",\"https:\/\/www.youtube.com\/CharlieTantra\"]}]}<\/script>\n<!-- \/ Yoast SEO plugin. -->","yoast_head_json":{"title":"Les petites culottes sales de Charlie (et les bas) - Charlie TENTATIONS","robots":{"index":"index","follow":"follow","max-snippet":"max-snippet:-1","max-image-preview":"max-image-preview:large","max-video-preview":"max-video-preview:-1"},"canonical":"https:\/\/charlie-liveshow.com\/Tentation-erotique\/produit\/petites-culottes-sales-charlie-vente\/","og_locale":"fr_FR","og_type":"article","og_title":"Les petites culottes sales de Charlie (et les bas) - Charlie TENTATIONS","og_url":"https:\/\/charlie-liveshow.com\/Tentation-erotique\/produit\/petites-culottes-sales-charlie-vente\/","og_site_name":"TENTATIONS \u00c9ROTIQUES par Charlie Liveshow","article_publisher":"https:\/\/www.facebook.com\/charlielivetantra","og_image":[{"width":1024,"height":678,"url":"https:\/\/charlie-liveshow.com\/Tentation-erotique\/wp-content\/uploads\/2019\/01\/culotte-sale-vente-charlie.jpg","type":"image\/jpeg"}],"twitter_card":"summary_large_image","twitter_site":"@Charlieliveshow","twitter_misc":{"Dur\u00e9e de lecture estim\u00e9e":"2 minutes"},"schema":{"@context":"https:\/\/schema.org","@graph":[{"@type":"WebPage","@id":"https:\/\/charlie-liveshow.com\/Tentation-erotique\/produit\/petites-culottes-sales-charlie-vente\/","url":"https:\/\/charlie-liveshow.com\/Tentation-erotique\/produit\/petites-culottes-sales-charlie-vente\/","name":"Les petites culottes sales de Charlie (et les bas) - Charlie TENTATIONS","isPartOf":{"@id":"https:\/\/charlie-liveshow.com\/Tentation-erotique\/#website"},"datePublished":"2019-01-19T14:27:01+00:00","dateModified":"2019-01-19T14:27:01+00:00","breadcrumb":{"@id":"https:\/\/charlie-liveshow.com\/Tentation-erotique\/produit\/petites-culottes-sales-charlie-vente\/#breadcrumb"},"inLanguage":"fr-FR","potentialAction":[{"@type":"ReadAction","target":["https:\/\/charlie-liveshow.com\/Tentation-erotique\/produit\/petites-culottes-sales-charlie-vente\/"]}]},{"@type":"BreadcrumbList","@id":"https:\/\/charlie-liveshow.com\/Tentation-erotique\/produit\/petites-culottes-sales-charlie-vente\/#breadcrumb","itemListElement":[{"@type":"ListItem","position":1,"name":"Charlie r\u00e9veille vos sens","item":"https:\/\/charlie-liveshow.com\/Tentation-erotique\/page-d-accueil-commerce\/"},{"@type":"ListItem","position":2,"name":"Plaisirs divers","item":"https:\/\/charlie-liveshow.com\/Tentation-erotique\/categorie-produit\/plaisirs-divers\/"},{"@type":"ListItem","position":3,"name":"Les petites culottes sales de Charlie (et les bas)"}]},{"@type":"WebSite","@id":"https:\/\/charlie-liveshow.com\/Tentation-erotique\/#website","url":"https:\/\/charlie-liveshow.com\/Tentation-erotique\/","name":"TENTATIONS \u00c9ROTIQUES par Charlie Liveshow","description":"Eveillez vous \u00e0 l&#039;\u00e9rotisme","publisher":{"@id":"https:\/\/charlie-liveshow.com\/Tentation-erotique\/#organization"},"potentialAction":[{"@type":"SearchAction","target":{"@type":"EntryPoint","urlTemplate":"https:\/\/charlie-liveshow.com\/Tentation-erotique\/?s={search_term_string}"},"query-input":"required name=search_term_string"}],"inLanguage":"fr-FR"},{"@type":"Organization","@id":"https:\/\/charlie-liveshow.com\/Tentation-erotique\/#organization","name":"charlie-liveshow","url":"https:\/\/charlie-liveshow.com\/Tentation-erotique\/","logo":{"@type":"ImageObject","inLanguage":"fr-FR","@id":"https:\/\/charlie-liveshow.com\/Tentation-erotique\/#\/schema\/logo\/image\/","url":"https:\/\/charlie-liveshow.com\/Tentation-erotique\/wp-content\/uploads\/2013\/05\/Charlie_folies_logo.png","contentUrl":"https:\/\/charlie-liveshow.com\/Tentation-erotique\/wp-content\/uploads\/2013\/05\/Charlie_folies_logo.png","width":210,"height":206,"caption":"charlie-liveshow"},"image":{"@id":"https:\/\/charlie-liveshow.com\/Tentation-erotique\/#\/schema\/logo\/image\/"},"sameAs":["https:\/\/www.facebook.com\/charlielivetantra","https:\/\/twitter.com\/Charlieliveshow","https:\/\/www.instagram.com\/charlie_liveshow\/","https:\/\/www.youtube.com\/CharlieTantra"]}]}},"_links":{"self":[{"href":"https:\/\/charlie-liveshow.com\/Tentation-erotique\/wp-json\/wp\/v2\/product\/40989"}],"collection":[{"href":"https:\/\/charlie-liveshow.com\/Tentation-erotique\/wp-json\/wp\/v2\/product"}],"about":[{"href":"https:\/\/charlie-liveshow.com\/Tentation-erotique\/wp-json\/wp\/v2\/types\/product"}],"replies":[{"embeddable":true,"href":"https:\/\/charlie-liveshow.com\/Tentation-erotique\/wp-json\/wp\/v2\/comments?post=40989"}],"version-history":[{"count":1,"href":"https:\/\/charlie-liveshow.com\/Tentation-erotique\/wp-json\/wp\/v2\/product\/40989\/revisions"}],"predecessor-version":[{"id":44597,"href":"https:\/\/charlie-liveshow.com\/Tentation-erotique\/wp-json\/wp\/v2\/product\/40989\/revisions\/44597"}],"wp:featuredmedia":[{"embeddable":true,"href":"https:\/\/charlie-liveshow.com\/Tentation-erotique\/wp-json\/wp\/v2\/media\/41005"}],"wp:attachment":[{"href":"https:\/\/charlie-liveshow.com\/Tentation-erotique\/wp-json\/wp\/v2\/media?parent=40989"}],"wp:term":[{"taxonomy":"product_cat","embeddable":true,"href":"https:\/\/charlie-liveshow.com\/Tentation-erotique\/wp-json\/wp\/v2\/product_cat?post=40989"},{"taxonomy":"product_tag","embeddable":true,"href":"https:\/\/charlie-liveshow.com\/Tentation-erotique\/wp-json\/wp\/v2\/product_tag?post=40989"}],"curies":[{"name":"wp","href":"https:\/\/api.w.org\/{rel}","templated":true}]}}