{"id":40961,"date":"2019-01-15T11:42:40","date_gmt":"2019-01-15T10:42:40","guid":{"rendered":"https:\/\/charlie-liveshow.com\/Tentation-erotique\/?post_type=product&#038;p=40961"},"modified":"2020-01-17T15:15:15","modified_gmt":"2020-01-17T14:15:15","slug":"sextoys-occasions-7-orgasme","status":"publish","type":"product","link":"https:\/\/charlie-liveshow.com\/Tentation-erotique\/produit\/sextoys-occasions-7-orgasme\/","title":{"rendered":"Colis sextoys 7, orgasme intense"},"content":{"rendered":"<p><strong>Les sextoys d&rsquo;occasions. La sexualit\u00e9 ludique c&rsquo;est pour tous !<\/strong><\/p>\n<h2>CONTENU du colis num\u00e9ro 7 Orgasme intense<\/h2>\n<p>Ce colis de sextoys d&rsquo;occasion contient :<\/p>\n<ul>\n<li>Le\u00a0<strong>rabbit friend de Clara Morgane<\/strong> (valeur neuf 99\u20ac) pour celles qui aiment les orgasmes clitoridiens et vaginaux intense.<\/li>\n<li><strong>Le SONA CRUISE de LeLo\u00a0<\/strong>(valeur neuf\u00a0 99\u20ac) sans aucun doute le stimulateur clitoridien type WOMANIZER le plus puissant du march\u00e9 !<\/li>\n<li>LE JAZ (valeur neuf 53\u20ac) un tr\u00e8s bon plug anal m\u00e9tallique pour celles et ceux qui aiment le plaisir anal<\/li>\n<\/ul>\n<p>Valeur du colis <strong>neuf :\u00a0 251\u20ac.\u00a0<\/strong>Le colis complet des 3 sex-toys d&rsquo;occasions est <strong>vendu 66.20\u20ac<\/strong> ( frais de livraison inclus)<\/p>\n<div class=\"su-spacer\" style=\"height:20px\"><\/div>\n<a id=\"livraison\"><\/a><br \/>\n<div class=\"su-spacer\" style=\"height:20px\"><\/div>\n<h3>LIVRAISON :<\/h3>\n<p>Le colis est envoy\u00e9 par <strong>Mondial Relais<\/strong> \u00e0 votre point relais le plus proche. D\u00e9s r\u00e9ception de votre commande je vous contacte par mail pour vous demander \u00e0 quel point relais je vous envoi votre colis de sextoys. Pour <strong>choisir votre point relais <a href=\"https:\/\/www.mondialrelay.fr\/trouver-le-point-relais-le-plus-proche-de-chez-moi\/\" target=\"_blank\" rel=\"noopener noreferrer\">suivez ce lien<\/a><\/strong><\/p>\n<p>La livraison est effectu\u00e9 par mondial relais <strong>sous 4 jours ouvr\u00e9s \u00e0 partir de la r\u00e9ception de l&rsquo;adresse du point relais<\/strong> de votre choix.<\/p>\n<h4>ATTENTION :<\/h4>\n<p>si vous commandez hors de FRANCE ou de la Belgique et du Luxembourg : VOTRE ACHAT NE SERA PAS REMBOURSEE par contre je cr\u00e9diterais votre compte en monnaie virtuelle du montant exact de votre achat. Vous aurez ainsi un avoir pour une prochaine commande<br \/>\n<div class=\"su-spacer\" style=\"height:20px\"><\/div>\n<a id=\"hygiene\"><\/a><br \/>\n<div class=\"su-spacer\" style=\"height:20px\"><\/div>\n<h4 style=\"text-align: left\">CONCERNANT les colis de sextoy d&rsquo;occasion<\/h4>\n<p>Les sextoys contenu dans ce coffret sont tous des sextoys d&rsquo;occasions. <strong>Ils ont \u00e9t\u00e9 test\u00e9s pour mes <a href=\"https:\/\/charlie-liveshow.com\/charlie-tantra\/test-sex-toy-decale-by-charlie\/\" target=\"_blank\" rel=\"noopener noreferrer\">test sextoy<\/a> une ou deux fois pas plus.<\/strong><\/p>\n<p>Je prend soin de les nettoyer parfaitement avant l&rsquo;envoi. Ils sont tous en \u00e9tat de fonctionnement. Les p\u00eeles \u00e9ventuelles ne sont pas fournis avec.<\/p>\n<p>Cependant je vous conseille de les nettoyez \u00e0 nouveau \u00e0 la r\u00e9ception du colis. Le plaisir n&rsquo;est pas l&rsquo;ami du doute ! La plus part des sextoys supporte sans soucis le lave vaisselle ou le passage \u00e0 l&rsquo;eau bouillante avec un savon bact\u00e9ricide. ATTENTION toute fois \u00e0 bien lire la notice du sextoy qui est chaque fois fourni avec ! Je ne peux pas \u00eatre tenu responsable de vos erreurs !<\/p>\n<p>Pour plus d&rsquo;information sur les questions d&rsquo;hygi\u00e8ne vous pouvez <a href=\"https:\/\/charlie-liveshow.com\/Tentation-erotique\/wp-content\/uploads\/2019\/01\/Nathalie-Giraud-regles-hygiene-sextoy-occasion.pdf\" target=\"_blank\" rel=\"noopener nofollow noreferrer\">lire ce document<\/a> de Nathalie Giraud, sexologue professionnelle.<\/p>\n<p>&nbsp;<\/p>\n<div class=\"su-button-center\"><a href=\"https:\/\/www.dorcelstore.com\/fr\/#ae14\" class=\"su-button su-button-style-flat su-button-wide\" style=\"color:#fff;background-color:#81D742;border-color:#68ac35;border-radius:0px;-moz-border-radius:0px;-webkit-border-radius:0px\" target=\"__blank\" rel=\"nofollow\"><span style=\"color:#fff;padding:7px 22px;font-size:17px;line-height:26px;border-color:#a7e37b;border-radius:0px;-moz-border-radius:0px;-webkit-border-radius:0px;text-shadow:0px 0px 0px #ed1e79;-moz-text-shadow:0px 0px 0px #ed1e79;-webkit-text-shadow:0px 0px 0px #ed1e79\"><i class=\"sui sui-bell-o\" style=\"font-size:17px;color:#fff\"><\/i> Voir ces sextoys neufs<\/span><\/a><\/div>\n<div class=\"su-button-center\"><a href=\"https:\/\/charlie-liveshow.com\/charlie-tantra\/test-sex-toy-decale-by-charlie\/\" class=\"su-button su-button-style-flat su-button-wide\" style=\"color:#fff;background-color:#ed1e79;border-color:#be1861;border-radius:0px;-moz-border-radius:0px;-webkit-border-radius:0px\" target=\"__blank\" rel=\"nofollow\"><span style=\"color:#fff;padding:7px 22px;font-size:17px;line-height:26px;border-color:#f362a2;border-radius:0px;-moz-border-radius:0px;-webkit-border-radius:0px;text-shadow:0px 0px 0px #ed1e79;-moz-text-shadow:0px 0px 0px #ed1e79;-webkit-text-shadow:0px 0px 0px #ed1e79\"><i class=\"sui sui-bell-o\" style=\"font-size:17px;color:#fff\"><\/i> Voir mes tests de ces jouets<\/span><\/a><\/div>\n<p>&nbsp;<\/p>\n","protected":false},"excerpt":{"rendered":"<p><strong>Colis sextoys NUMERO 7 &#8211; L&rsquo;orgasme intense !<\/strong><\/p>\n<p>Ce colis de sextoys d&rsquo;occasion contient le SONA CRUISE de Lelo, un Rabbit Clara Morgane : le Friend Rabbit et enfin pour le plaisir anal le plug m\u00e9tallique JAZ taille L<\/p>\n<p>Valeur neuf du colis : 251\u20ac &#8211; vendu \u00e0 66.20\u20ac (frais de port inclus)<\/p>\n<p style=\"text-align: center\">Colis exp\u00e9di\u00e9 sous <a href=\"#livraison\">4 jours*<\/a> par mondial relais en France, Belgique et Luxembourg UNIQUEMENT<\/p>\n<p style=\"text-align: center\">A PROPOS DE L&rsquo;HYGIENE des sextoys d&rsquo;occasion&#8230; <a href=\"#hygiene\">en savoir plus<\/a><\/p>\n<p>&nbsp;<\/p>\n","protected":false},"featured_media":40950,"comment_status":"closed","ping_status":"closed","template":"","meta":{"ub_ctt_via":""},"product_cat":[48],"product_tag":[62,34],"yoast_head":"<!-- This site is optimized with the Yoast SEO plugin v22.0 - https:\/\/yoast.com\/wordpress\/plugins\/seo\/ -->\n<title>Colis sextoys 7, orgasme intense - Charlie TENTATIONS<\/title>\n<meta name=\"description\" content=\"Colis sextoys d&#039;occasion d&#039;orgasme intense avec SONA CRUISE de Lelo (clitoridien) FRIEND rabbit Clara Morgane (multi) le plug anal m\u00e9tal JAZ\" \/>\n<meta name=\"robots\" content=\"index, follow, max-snippet:-1, max-image-preview:large, max-video-preview:-1\" \/>\n<link rel=\"canonical\" href=\"https:\/\/charlie-liveshow.com\/Tentation-erotique\/produit\/sextoys-occasions-7-orgasme\/\" \/>\n<meta property=\"og:locale\" content=\"fr_FR\" \/>\n<meta property=\"og:type\" content=\"article\" \/>\n<meta property=\"og:title\" content=\"Colis sextoys 7, orgasme intense - Charlie TENTATIONS\" \/>\n<meta property=\"og:description\" content=\"Colis sextoys d&#039;occasion d&#039;orgasme intense avec SONA CRUISE de Lelo (clitoridien) FRIEND rabbit Clara Morgane (multi) le plug anal m\u00e9tal JAZ\" \/>\n<meta property=\"og:url\" content=\"https:\/\/charlie-liveshow.com\/Tentation-erotique\/produit\/sextoys-occasions-7-orgasme\/\" \/>\n<meta property=\"og:site_name\" content=\"TENTATIONS \u00c9ROTIQUES par Charlie Liveshow\" \/>\n<meta property=\"article:publisher\" content=\"https:\/\/www.facebook.com\/charlielivetantra\" \/>\n<meta property=\"article:modified_time\" content=\"2020-01-17T14:15:15+00:00\" \/>\n<meta property=\"og:image\" content=\"https:\/\/charlie-liveshow.com\/Tentation-erotique\/wp-content\/uploads\/2019\/01\/colis-sextoys-lelo-sona2.jpg\" \/>\n\t<meta property=\"og:image:width\" content=\"1024\" \/>\n\t<meta property=\"og:image:height\" content=\"678\" \/>\n\t<meta property=\"og:image:type\" content=\"image\/jpeg\" \/>\n<meta name=\"twitter:card\" content=\"summary_large_image\" \/>\n<meta name=\"twitter:site\" content=\"@Charlieliveshow\" \/>\n<meta name=\"twitter:label1\" content=\"Dur\u00e9e de lecture estim\u00e9e\" \/>\n\t<meta name=\"twitter:data1\" content=\"2 minutes\" \/>\n<script type=\"application\/ld+json\" class=\"yoast-schema-graph\">{\"@context\":\"https:\/\/schema.org\",\"@graph\":[{\"@type\":\"WebPage\",\"@id\":\"https:\/\/charlie-liveshow.com\/Tentation-erotique\/produit\/sextoys-occasions-7-orgasme\/\",\"url\":\"https:\/\/charlie-liveshow.com\/Tentation-erotique\/produit\/sextoys-occasions-7-orgasme\/\",\"name\":\"Colis sextoys 7, orgasme intense - Charlie TENTATIONS\",\"isPartOf\":{\"@id\":\"https:\/\/charlie-liveshow.com\/Tentation-erotique\/#website\"},\"datePublished\":\"2019-01-15T10:42:40+00:00\",\"dateModified\":\"2020-01-17T14:15:15+00:00\",\"description\":\"Colis sextoys d'occasion d'orgasme intense avec SONA CRUISE de Lelo (clitoridien) FRIEND rabbit Clara Morgane (multi) le plug anal m\u00e9tal JAZ\",\"breadcrumb\":{\"@id\":\"https:\/\/charlie-liveshow.com\/Tentation-erotique\/produit\/sextoys-occasions-7-orgasme\/#breadcrumb\"},\"inLanguage\":\"fr-FR\",\"potentialAction\":[{\"@type\":\"ReadAction\",\"target\":[\"https:\/\/charlie-liveshow.com\/Tentation-erotique\/produit\/sextoys-occasions-7-orgasme\/\"]}]},{\"@type\":\"BreadcrumbList\",\"@id\":\"https:\/\/charlie-liveshow.com\/Tentation-erotique\/produit\/sextoys-occasions-7-orgasme\/#breadcrumb\",\"itemListElement\":[{\"@type\":\"ListItem\",\"position\":1,\"name\":\"Charlie r\u00e9veille vos sens\",\"item\":\"https:\/\/charlie-liveshow.com\/Tentation-erotique\/page-d-accueil-commerce\/\"},{\"@type\":\"ListItem\",\"position\":2,\"name\":\"COLIS SEXTOYS ! Le plaisir pour tous\",\"item\":\"https:\/\/charlie-liveshow.com\/Tentation-erotique\/categorie-produit\/sextoys-doccasions\/\"},{\"@type\":\"ListItem\",\"position\":3,\"name\":\"Colis sextoys 7, orgasme intense\"}]},{\"@type\":\"WebSite\",\"@id\":\"https:\/\/charlie-liveshow.com\/Tentation-erotique\/#website\",\"url\":\"https:\/\/charlie-liveshow.com\/Tentation-erotique\/\",\"name\":\"TENTATIONS \u00c9ROTIQUES par Charlie Liveshow\",\"description\":\"Eveillez vous \u00e0 l&#039;\u00e9rotisme\",\"publisher\":{\"@id\":\"https:\/\/charlie-liveshow.com\/Tentation-erotique\/#organization\"},\"potentialAction\":[{\"@type\":\"SearchAction\",\"target\":{\"@type\":\"EntryPoint\",\"urlTemplate\":\"https:\/\/charlie-liveshow.com\/Tentation-erotique\/?s={search_term_string}\"},\"query-input\":\"required name=search_term_string\"}],\"inLanguage\":\"fr-FR\"},{\"@type\":\"Organization\",\"@id\":\"https:\/\/charlie-liveshow.com\/Tentation-erotique\/#organization\",\"name\":\"charlie-liveshow\",\"url\":\"https:\/\/charlie-liveshow.com\/Tentation-erotique\/\",\"logo\":{\"@type\":\"ImageObject\",\"inLanguage\":\"fr-FR\",\"@id\":\"https:\/\/charlie-liveshow.com\/Tentation-erotique\/#\/schema\/logo\/image\/\",\"url\":\"https:\/\/charlie-liveshow.com\/Tentation-erotique\/wp-content\/uploads\/2013\/05\/Charlie_folies_logo.png\",\"contentUrl\":\"https:\/\/charlie-liveshow.com\/Tentation-erotique\/wp-content\/uploads\/2013\/05\/Charlie_folies_logo.png\",\"width\":210,\"height\":206,\"caption\":\"charlie-liveshow\"},\"image\":{\"@id\":\"https:\/\/charlie-liveshow.com\/Tentation-erotique\/#\/schema\/logo\/image\/\"},\"sameAs\":[\"https:\/\/www.facebook.com\/charlielivetantra\",\"https:\/\/twitter.com\/Charlieliveshow\",\"https:\/\/www.instagram.com\/charlie_liveshow\/\",\"https:\/\/www.youtube.com\/CharlieTantra\"]}]}<\/script>\n<!-- \/ Yoast SEO plugin. -->","yoast_head_json":{"title":"Colis sextoys 7, orgasme intense - Charlie TENTATIONS","description":"Colis sextoys d'occasion d'orgasme intense avec SONA CRUISE de Lelo (clitoridien) FRIEND rabbit Clara Morgane (multi) le plug anal m\u00e9tal JAZ","robots":{"index":"index","follow":"follow","max-snippet":"max-snippet:-1","max-image-preview":"max-image-preview:large","max-video-preview":"max-video-preview:-1"},"canonical":"https:\/\/charlie-liveshow.com\/Tentation-erotique\/produit\/sextoys-occasions-7-orgasme\/","og_locale":"fr_FR","og_type":"article","og_title":"Colis sextoys 7, orgasme intense - Charlie TENTATIONS","og_description":"Colis sextoys d'occasion d'orgasme intense avec SONA CRUISE de Lelo (clitoridien) FRIEND rabbit Clara Morgane (multi) le plug anal m\u00e9tal JAZ","og_url":"https:\/\/charlie-liveshow.com\/Tentation-erotique\/produit\/sextoys-occasions-7-orgasme\/","og_site_name":"TENTATIONS \u00c9ROTIQUES par Charlie Liveshow","article_publisher":"https:\/\/www.facebook.com\/charlielivetantra","article_modified_time":"2020-01-17T14:15:15+00:00","og_image":[{"width":1024,"height":678,"url":"https:\/\/charlie-liveshow.com\/Tentation-erotique\/wp-content\/uploads\/2019\/01\/colis-sextoys-lelo-sona2.jpg","type":"image\/jpeg"}],"twitter_card":"summary_large_image","twitter_site":"@Charlieliveshow","twitter_misc":{"Dur\u00e9e de lecture estim\u00e9e":"2 minutes"},"schema":{"@context":"https:\/\/schema.org","@graph":[{"@type":"WebPage","@id":"https:\/\/charlie-liveshow.com\/Tentation-erotique\/produit\/sextoys-occasions-7-orgasme\/","url":"https:\/\/charlie-liveshow.com\/Tentation-erotique\/produit\/sextoys-occasions-7-orgasme\/","name":"Colis sextoys 7, orgasme intense - Charlie TENTATIONS","isPartOf":{"@id":"https:\/\/charlie-liveshow.com\/Tentation-erotique\/#website"},"datePublished":"2019-01-15T10:42:40+00:00","dateModified":"2020-01-17T14:15:15+00:00","description":"Colis sextoys d'occasion d'orgasme intense avec SONA CRUISE de Lelo (clitoridien) FRIEND rabbit Clara Morgane (multi) le plug anal m\u00e9tal JAZ","breadcrumb":{"@id":"https:\/\/charlie-liveshow.com\/Tentation-erotique\/produit\/sextoys-occasions-7-orgasme\/#breadcrumb"},"inLanguage":"fr-FR","potentialAction":[{"@type":"ReadAction","target":["https:\/\/charlie-liveshow.com\/Tentation-erotique\/produit\/sextoys-occasions-7-orgasme\/"]}]},{"@type":"BreadcrumbList","@id":"https:\/\/charlie-liveshow.com\/Tentation-erotique\/produit\/sextoys-occasions-7-orgasme\/#breadcrumb","itemListElement":[{"@type":"ListItem","position":1,"name":"Charlie r\u00e9veille vos sens","item":"https:\/\/charlie-liveshow.com\/Tentation-erotique\/page-d-accueil-commerce\/"},{"@type":"ListItem","position":2,"name":"COLIS SEXTOYS ! Le plaisir pour tous","item":"https:\/\/charlie-liveshow.com\/Tentation-erotique\/categorie-produit\/sextoys-doccasions\/"},{"@type":"ListItem","position":3,"name":"Colis sextoys 7, orgasme intense"}]},{"@type":"WebSite","@id":"https:\/\/charlie-liveshow.com\/Tentation-erotique\/#website","url":"https:\/\/charlie-liveshow.com\/Tentation-erotique\/","name":"TENTATIONS \u00c9ROTIQUES par Charlie Liveshow","description":"Eveillez vous \u00e0 l&#039;\u00e9rotisme","publisher":{"@id":"https:\/\/charlie-liveshow.com\/Tentation-erotique\/#organization"},"potentialAction":[{"@type":"SearchAction","target":{"@type":"EntryPoint","urlTemplate":"https:\/\/charlie-liveshow.com\/Tentation-erotique\/?s={search_term_string}"},"query-input":"required name=search_term_string"}],"inLanguage":"fr-FR"},{"@type":"Organization","@id":"https:\/\/charlie-liveshow.com\/Tentation-erotique\/#organization","name":"charlie-liveshow","url":"https:\/\/charlie-liveshow.com\/Tentation-erotique\/","logo":{"@type":"ImageObject","inLanguage":"fr-FR","@id":"https:\/\/charlie-liveshow.com\/Tentation-erotique\/#\/schema\/logo\/image\/","url":"https:\/\/charlie-liveshow.com\/Tentation-erotique\/wp-content\/uploads\/2013\/05\/Charlie_folies_logo.png","contentUrl":"https:\/\/charlie-liveshow.com\/Tentation-erotique\/wp-content\/uploads\/2013\/05\/Charlie_folies_logo.png","width":210,"height":206,"caption":"charlie-liveshow"},"image":{"@id":"https:\/\/charlie-liveshow.com\/Tentation-erotique\/#\/schema\/logo\/image\/"},"sameAs":["https:\/\/www.facebook.com\/charlielivetantra","https:\/\/twitter.com\/Charlieliveshow","https:\/\/www.instagram.com\/charlie_liveshow\/","https:\/\/www.youtube.com\/CharlieTantra"]}]}},"_links":{"self":[{"href":"https:\/\/charlie-liveshow.com\/Tentation-erotique\/wp-json\/wp\/v2\/product\/40961"}],"collection":[{"href":"https:\/\/charlie-liveshow.com\/Tentation-erotique\/wp-json\/wp\/v2\/product"}],"about":[{"href":"https:\/\/charlie-liveshow.com\/Tentation-erotique\/wp-json\/wp\/v2\/types\/product"}],"replies":[{"embeddable":true,"href":"https:\/\/charlie-liveshow.com\/Tentation-erotique\/wp-json\/wp\/v2\/comments?post=40961"}],"version-history":[{"count":0,"href":"https:\/\/charlie-liveshow.com\/Tentation-erotique\/wp-json\/wp\/v2\/product\/40961\/revisions"}],"wp:featuredmedia":[{"embeddable":true,"href":"https:\/\/charlie-liveshow.com\/Tentation-erotique\/wp-json\/wp\/v2\/media\/40950"}],"wp:attachment":[{"href":"https:\/\/charlie-liveshow.com\/Tentation-erotique\/wp-json\/wp\/v2\/media?parent=40961"}],"wp:term":[{"taxonomy":"product_cat","embeddable":true,"href":"https:\/\/charlie-liveshow.com\/Tentation-erotique\/wp-json\/wp\/v2\/product_cat?post=40961"},{"taxonomy":"product_tag","embeddable":true,"href":"https:\/\/charlie-liveshow.com\/Tentation-erotique\/wp-json\/wp\/v2\/product_tag?post=40961"}],"curies":[{"name":"wp","href":"https:\/\/api.w.org\/{rel}","templated":true}]}}