{"id":40797,"date":"2019-01-10T16:13:02","date_gmt":"2019-01-10T15:13:02","guid":{"rendered":"https:\/\/charlie-liveshow.com\/Tentation-erotique\/?post_type=product&#038;p=40797"},"modified":"2019-01-10T17:48:18","modified_gmt":"2019-01-10T16:48:18","slug":"set-photos-sexy-perso","status":"publish","type":"product","link":"https:\/\/charlie-liveshow.com\/Tentation-erotique\/produit\/set-photos-sexy-perso\/","title":{"rendered":"Set photos sexy personnalis\u00e9"},"content":{"rendered":"<p><b>Le set photo sexy personnalis\u00e9e ! <\/b>\u00a0Tu peux choisir une simple <strong>photo d\u00e9dicac\u00e9e<\/strong> de moi (dediAss ou dediBoobs possible) ou un set de 20 photos minimum. Tu as le choix entre des <strong>photos \u00e9rotiques<\/strong>, soft, sans masturbation OU un set de 20 <strong>photos porno<\/strong> minimum avec doigtage, anal, fist, et sextoys selon tes envies.<\/p>\n<p>Parfait pour les amoureux de l&rsquo;instant. <strong>Un plaisir r\u00e9gressif indispensable !<\/strong><\/p>\n<p>Chaque fois, en fonction de mes possibilit\u00e9s tu pourras me proposer un type de lingerie, une situation, une ambiance pour incarner au mieux ton fantasme.<\/p>\n<h2>Photos sexy option OUTDOOR<\/h2>\n<p>3 options possibles : soit en int\u00e9rieur soit en version \u00e9rotiques soft &#8211; surco\u00fbt de 10\u20ac &#8211; ou pornographiques hot &#8211; surco\u00fbt de 20\u20ac &#8211; \u00e0 toi de choisir.<\/p>\n<h3>Pr\u00e9cisions sur les set photos sexy<\/h3>\n<p>Les photos avec l&rsquo;option OUTDOOR ne contiendront jamais le visage, la plaque d&rsquo;immatriculation ou autres moyens d&rsquo;identifications des personnes<\/p>\n<p><strong>L&rsquo;option OUTDOOR ne veut pas dire gang bang ou pr\u00e9sence d&rsquo;autres personnes simplement des photos faites en ext\u00e9rieur<\/strong><\/p>\n<p>Je ne me mettrais JAMAIS en danger ou en position de choquer d&rsquo;\u00e9ventuels passants sur des photos outdoor<\/p>\n<h3>D\u00e9lai de livraison pour le set photo<\/h3>\n<p>Je choisirais au mieux la p\u00e9riode pour faire des photos de la plus belles qualit\u00e9s. De fait le d\u00e9lai de r\u00e9ception est variable. Il d\u00e9pend d&rsquo;une multitude de facteur physique et esth\u00e9tique. Je te tiens inform\u00e9 par mail de l&rsquo;avancement de ton set photo.<\/p>\n","protected":false},"excerpt":{"rendered":"<p>Demande ta photo sexy d\u00e9dicac\u00e9e, ton set photos personnalis\u00e9e Sexy, \u00e9rotiques ou porno.\u00a0 <strong>Photo sexy en ext\u00e9rieur possible !<\/strong><\/p>\n<p>Selon ton humeur et ton fantasme je pose pour toi dans une ambiance, une lingerie sexy pour incarner en photo hot l&rsquo;objet de ton d\u00e9sir. Les poses peuvent \u00eatre provocantes, suggestives ou clairement eXplicites et porno selon tes d\u00e9sirs.<\/p>\n<p><strong>Photo sexy DediASS &amp; dediBoobs possible<\/strong><\/p>\n<p>Je choisirais au mieux la p\u00e9riode pour faire des photos de la plus belles qualit\u00e9s. De fait le d\u00e9lai de r\u00e9ception est variable. Il d\u00e9pend d&rsquo;une multitude de facteur physique et esth\u00e9tique. Je te tiens inform\u00e9 par mail de l&rsquo;avancement de ton set photo.<\/p>\n<div class=\"su-button-center\"><a href=\"#tab-description\" class=\"su-button su-button-style-flat su-button-wide\" style=\"color:#fff;background-color:#ed1e79;border-color:#be1861;border-radius:0px;-moz-border-radius:0px;-webkit-border-radius:0px\" target=\"_self\" rel=\"nofollow\"><span style=\"color:#fff;padding:7px 22px;font-size:17px;line-height:26px;border-color:#f362a2;border-radius:0px;-moz-border-radius:0px;-webkit-border-radius:0px;text-shadow:0px 0px 0px #ed1e79;-moz-text-shadow:0px 0px 0px #ed1e79;-webkit-text-shadow:0px 0px 0px #ed1e79\"><i class=\"sui sui-bell-o\" style=\"font-size:17px;color:#fff\"><\/i> + d&rsquo;info sur ce set photo<\/span><\/a><\/div>\n","protected":false},"featured_media":40801,"comment_status":"open","ping_status":"closed","template":"","meta":{"ub_ctt_via":""},"product_cat":[20],"product_tag":[37,23,141],"yoast_head":"<!-- This site is optimized with the Yoast SEO plugin v22.0 - https:\/\/yoast.com\/wordpress\/plugins\/seo\/ -->\n<title>Set photos sexy personnalis\u00e9 - Charlie TENTATIONS<\/title>\n<meta name=\"description\" content=\"Set photo sexy personnalis\u00e9. Photo sexy d\u00e9dicac\u00e9e dediAss &amp; dediBoobs possible. Set de 20 photos (minim) \u00e9rotiques ou porno. OUTDOOR possible\" \/>\n<meta name=\"robots\" content=\"index, follow, max-snippet:-1, max-image-preview:large, max-video-preview:-1\" \/>\n<link rel=\"canonical\" href=\"https:\/\/charlie-liveshow.com\/Tentation-erotique\/produit\/set-photos-sexy-perso\/\" \/>\n<meta property=\"og:locale\" content=\"fr_FR\" \/>\n<meta property=\"og:type\" content=\"article\" \/>\n<meta property=\"og:title\" content=\"Set photos sexy personnalis\u00e9 - Charlie TENTATIONS\" \/>\n<meta property=\"og:description\" content=\"Set photo sexy personnalis\u00e9. Photo sexy d\u00e9dicac\u00e9e dediAss &amp; dediBoobs possible. Set de 20 photos (minim) \u00e9rotiques ou porno. OUTDOOR possible\" \/>\n<meta property=\"og:url\" content=\"https:\/\/charlie-liveshow.com\/Tentation-erotique\/produit\/set-photos-sexy-perso\/\" \/>\n<meta property=\"og:site_name\" content=\"TENTATIONS \u00c9ROTIQUES par Charlie Liveshow\" \/>\n<meta property=\"article:publisher\" content=\"https:\/\/www.facebook.com\/charlielivetantra\" \/>\n<meta property=\"article:modified_time\" content=\"2019-01-10T16:48:18+00:00\" \/>\n<meta property=\"og:image\" content=\"https:\/\/charlie-liveshow.com\/Tentation-erotique\/wp-content\/uploads\/2019\/01\/set-photo-sexy-charlie.jpg\" \/>\n\t<meta property=\"og:image:width\" content=\"678\" \/>\n\t<meta property=\"og:image:height\" content=\"1024\" \/>\n\t<meta property=\"og:image:type\" content=\"image\/jpeg\" \/>\n<meta name=\"twitter:card\" content=\"summary_large_image\" \/>\n<meta name=\"twitter:site\" content=\"@Charlieliveshow\" \/>\n<meta name=\"twitter:label1\" content=\"Dur\u00e9e de lecture estim\u00e9e\" \/>\n\t<meta name=\"twitter:data1\" content=\"1 minute\" \/>\n<script type=\"application\/ld+json\" class=\"yoast-schema-graph\">{\"@context\":\"https:\/\/schema.org\",\"@graph\":[{\"@type\":\"WebPage\",\"@id\":\"https:\/\/charlie-liveshow.com\/Tentation-erotique\/produit\/set-photos-sexy-perso\/\",\"url\":\"https:\/\/charlie-liveshow.com\/Tentation-erotique\/produit\/set-photos-sexy-perso\/\",\"name\":\"Set photos sexy personnalis\u00e9 - Charlie TENTATIONS\",\"isPartOf\":{\"@id\":\"https:\/\/charlie-liveshow.com\/Tentation-erotique\/#website\"},\"datePublished\":\"2019-01-10T15:13:02+00:00\",\"dateModified\":\"2019-01-10T16:48:18+00:00\",\"description\":\"Set photo sexy personnalis\u00e9. Photo sexy d\u00e9dicac\u00e9e dediAss & dediBoobs possible. Set de 20 photos (minim) \u00e9rotiques ou porno. OUTDOOR possible\",\"breadcrumb\":{\"@id\":\"https:\/\/charlie-liveshow.com\/Tentation-erotique\/produit\/set-photos-sexy-perso\/#breadcrumb\"},\"inLanguage\":\"fr-FR\",\"potentialAction\":[{\"@type\":\"ReadAction\",\"target\":[\"https:\/\/charlie-liveshow.com\/Tentation-erotique\/produit\/set-photos-sexy-perso\/\"]}]},{\"@type\":\"BreadcrumbList\",\"@id\":\"https:\/\/charlie-liveshow.com\/Tentation-erotique\/produit\/set-photos-sexy-perso\/#breadcrumb\",\"itemListElement\":[{\"@type\":\"ListItem\",\"position\":1,\"name\":\"Charlie r\u00e9veille vos sens\",\"item\":\"https:\/\/charlie-liveshow.com\/Tentation-erotique\/page-d-accueil-commerce\/\"},{\"@type\":\"ListItem\",\"position\":2,\"name\":\"Camgirl LIVESHOW\",\"item\":\"https:\/\/charlie-liveshow.com\/Tentation-erotique\/categorie-produit\/best-of-camgirl\/\"},{\"@type\":\"ListItem\",\"position\":3,\"name\":\"Set photos sexy personnalis\u00e9\"}]},{\"@type\":\"WebSite\",\"@id\":\"https:\/\/charlie-liveshow.com\/Tentation-erotique\/#website\",\"url\":\"https:\/\/charlie-liveshow.com\/Tentation-erotique\/\",\"name\":\"TENTATIONS \u00c9ROTIQUES par Charlie Liveshow\",\"description\":\"Eveillez vous \u00e0 l&#039;\u00e9rotisme\",\"publisher\":{\"@id\":\"https:\/\/charlie-liveshow.com\/Tentation-erotique\/#organization\"},\"potentialAction\":[{\"@type\":\"SearchAction\",\"target\":{\"@type\":\"EntryPoint\",\"urlTemplate\":\"https:\/\/charlie-liveshow.com\/Tentation-erotique\/?s={search_term_string}\"},\"query-input\":\"required name=search_term_string\"}],\"inLanguage\":\"fr-FR\"},{\"@type\":\"Organization\",\"@id\":\"https:\/\/charlie-liveshow.com\/Tentation-erotique\/#organization\",\"name\":\"charlie-liveshow\",\"url\":\"https:\/\/charlie-liveshow.com\/Tentation-erotique\/\",\"logo\":{\"@type\":\"ImageObject\",\"inLanguage\":\"fr-FR\",\"@id\":\"https:\/\/charlie-liveshow.com\/Tentation-erotique\/#\/schema\/logo\/image\/\",\"url\":\"https:\/\/charlie-liveshow.com\/Tentation-erotique\/wp-content\/uploads\/2013\/05\/Charlie_folies_logo.png\",\"contentUrl\":\"https:\/\/charlie-liveshow.com\/Tentation-erotique\/wp-content\/uploads\/2013\/05\/Charlie_folies_logo.png\",\"width\":210,\"height\":206,\"caption\":\"charlie-liveshow\"},\"image\":{\"@id\":\"https:\/\/charlie-liveshow.com\/Tentation-erotique\/#\/schema\/logo\/image\/\"},\"sameAs\":[\"https:\/\/www.facebook.com\/charlielivetantra\",\"https:\/\/twitter.com\/Charlieliveshow\",\"https:\/\/www.instagram.com\/charlie_liveshow\/\",\"https:\/\/www.youtube.com\/CharlieTantra\"]}]}<\/script>\n<!-- \/ Yoast SEO plugin. -->","yoast_head_json":{"title":"Set photos sexy personnalis\u00e9 - Charlie TENTATIONS","description":"Set photo sexy personnalis\u00e9. Photo sexy d\u00e9dicac\u00e9e dediAss & dediBoobs possible. Set de 20 photos (minim) \u00e9rotiques ou porno. OUTDOOR possible","robots":{"index":"index","follow":"follow","max-snippet":"max-snippet:-1","max-image-preview":"max-image-preview:large","max-video-preview":"max-video-preview:-1"},"canonical":"https:\/\/charlie-liveshow.com\/Tentation-erotique\/produit\/set-photos-sexy-perso\/","og_locale":"fr_FR","og_type":"article","og_title":"Set photos sexy personnalis\u00e9 - Charlie TENTATIONS","og_description":"Set photo sexy personnalis\u00e9. Photo sexy d\u00e9dicac\u00e9e dediAss & dediBoobs possible. Set de 20 photos (minim) \u00e9rotiques ou porno. OUTDOOR possible","og_url":"https:\/\/charlie-liveshow.com\/Tentation-erotique\/produit\/set-photos-sexy-perso\/","og_site_name":"TENTATIONS \u00c9ROTIQUES par Charlie Liveshow","article_publisher":"https:\/\/www.facebook.com\/charlielivetantra","article_modified_time":"2019-01-10T16:48:18+00:00","og_image":[{"width":678,"height":1024,"url":"https:\/\/charlie-liveshow.com\/Tentation-erotique\/wp-content\/uploads\/2019\/01\/set-photo-sexy-charlie.jpg","type":"image\/jpeg"}],"twitter_card":"summary_large_image","twitter_site":"@Charlieliveshow","twitter_misc":{"Dur\u00e9e de lecture estim\u00e9e":"1 minute"},"schema":{"@context":"https:\/\/schema.org","@graph":[{"@type":"WebPage","@id":"https:\/\/charlie-liveshow.com\/Tentation-erotique\/produit\/set-photos-sexy-perso\/","url":"https:\/\/charlie-liveshow.com\/Tentation-erotique\/produit\/set-photos-sexy-perso\/","name":"Set photos sexy personnalis\u00e9 - Charlie TENTATIONS","isPartOf":{"@id":"https:\/\/charlie-liveshow.com\/Tentation-erotique\/#website"},"datePublished":"2019-01-10T15:13:02+00:00","dateModified":"2019-01-10T16:48:18+00:00","description":"Set photo sexy personnalis\u00e9. Photo sexy d\u00e9dicac\u00e9e dediAss & dediBoobs possible. Set de 20 photos (minim) \u00e9rotiques ou porno. OUTDOOR possible","breadcrumb":{"@id":"https:\/\/charlie-liveshow.com\/Tentation-erotique\/produit\/set-photos-sexy-perso\/#breadcrumb"},"inLanguage":"fr-FR","potentialAction":[{"@type":"ReadAction","target":["https:\/\/charlie-liveshow.com\/Tentation-erotique\/produit\/set-photos-sexy-perso\/"]}]},{"@type":"BreadcrumbList","@id":"https:\/\/charlie-liveshow.com\/Tentation-erotique\/produit\/set-photos-sexy-perso\/#breadcrumb","itemListElement":[{"@type":"ListItem","position":1,"name":"Charlie r\u00e9veille vos sens","item":"https:\/\/charlie-liveshow.com\/Tentation-erotique\/page-d-accueil-commerce\/"},{"@type":"ListItem","position":2,"name":"Camgirl LIVESHOW","item":"https:\/\/charlie-liveshow.com\/Tentation-erotique\/categorie-produit\/best-of-camgirl\/"},{"@type":"ListItem","position":3,"name":"Set photos sexy personnalis\u00e9"}]},{"@type":"WebSite","@id":"https:\/\/charlie-liveshow.com\/Tentation-erotique\/#website","url":"https:\/\/charlie-liveshow.com\/Tentation-erotique\/","name":"TENTATIONS \u00c9ROTIQUES par Charlie Liveshow","description":"Eveillez vous \u00e0 l&#039;\u00e9rotisme","publisher":{"@id":"https:\/\/charlie-liveshow.com\/Tentation-erotique\/#organization"},"potentialAction":[{"@type":"SearchAction","target":{"@type":"EntryPoint","urlTemplate":"https:\/\/charlie-liveshow.com\/Tentation-erotique\/?s={search_term_string}"},"query-input":"required name=search_term_string"}],"inLanguage":"fr-FR"},{"@type":"Organization","@id":"https:\/\/charlie-liveshow.com\/Tentation-erotique\/#organization","name":"charlie-liveshow","url":"https:\/\/charlie-liveshow.com\/Tentation-erotique\/","logo":{"@type":"ImageObject","inLanguage":"fr-FR","@id":"https:\/\/charlie-liveshow.com\/Tentation-erotique\/#\/schema\/logo\/image\/","url":"https:\/\/charlie-liveshow.com\/Tentation-erotique\/wp-content\/uploads\/2013\/05\/Charlie_folies_logo.png","contentUrl":"https:\/\/charlie-liveshow.com\/Tentation-erotique\/wp-content\/uploads\/2013\/05\/Charlie_folies_logo.png","width":210,"height":206,"caption":"charlie-liveshow"},"image":{"@id":"https:\/\/charlie-liveshow.com\/Tentation-erotique\/#\/schema\/logo\/image\/"},"sameAs":["https:\/\/www.facebook.com\/charlielivetantra","https:\/\/twitter.com\/Charlieliveshow","https:\/\/www.instagram.com\/charlie_liveshow\/","https:\/\/www.youtube.com\/CharlieTantra"]}]}},"_links":{"self":[{"href":"https:\/\/charlie-liveshow.com\/Tentation-erotique\/wp-json\/wp\/v2\/product\/40797"}],"collection":[{"href":"https:\/\/charlie-liveshow.com\/Tentation-erotique\/wp-json\/wp\/v2\/product"}],"about":[{"href":"https:\/\/charlie-liveshow.com\/Tentation-erotique\/wp-json\/wp\/v2\/types\/product"}],"replies":[{"embeddable":true,"href":"https:\/\/charlie-liveshow.com\/Tentation-erotique\/wp-json\/wp\/v2\/comments?post=40797"}],"version-history":[{"count":0,"href":"https:\/\/charlie-liveshow.com\/Tentation-erotique\/wp-json\/wp\/v2\/product\/40797\/revisions"}],"wp:featuredmedia":[{"embeddable":true,"href":"https:\/\/charlie-liveshow.com\/Tentation-erotique\/wp-json\/wp\/v2\/media\/40801"}],"wp:attachment":[{"href":"https:\/\/charlie-liveshow.com\/Tentation-erotique\/wp-json\/wp\/v2\/media?parent=40797"}],"wp:term":[{"taxonomy":"product_cat","embeddable":true,"href":"https:\/\/charlie-liveshow.com\/Tentation-erotique\/wp-json\/wp\/v2\/product_cat?post=40797"},{"taxonomy":"product_tag","embeddable":true,"href":"https:\/\/charlie-liveshow.com\/Tentation-erotique\/wp-json\/wp\/v2\/product_tag?post=40797"}],"curies":[{"name":"wp","href":"https:\/\/api.w.org\/{rel}","templated":true}]}}