{"id":353,"date":"2018-05-30T22:04:14","date_gmt":"2018-05-30T20:04:14","guid":{"rendered":"https:\/\/charlie-liveshow.com\/Tentation-erotique\/?post_type=product&#038;p=353"},"modified":"2021-01-13T23:14:17","modified_gmt":"2021-01-13T22:14:17","slug":"livecam-sexe-extreme","status":"publish","type":"product","link":"https:\/\/charlie-liveshow.com\/Tentation-erotique\/produit\/livecam-sexe-extreme\/","title":{"rendered":"Livecam eXtr\u00eame &#038; live fetish \/ soumis"},"content":{"rendered":"<h2>Livecam eXtr\u00eame,\u00a0la performance ultime !<\/h2>\n<p>LIVECAM eXTREME ! le show Performance ! Pour les amateurs de sensations vraiment fortes ! Tu aimes, que dis je tu adores le sexe, mais tu aimes encore plus la performance et tu veux toujours plus ? Tu veux litt\u00e9ralement m\u2019ouvrir en deux ? Alors rejoins moi dans ce show cam extreme, viens d\u00e9couvrir les sextoys les plus \u00e9tranges, les monstres tapis au fond de ma valise \u2026 mes plus gros godes !<\/p>\n<p><strong>Ce que tu peux trouver sur mes LIVECAM EXTREME ?<\/strong><\/p>\n<p>Le contenu des <a href=\"https:\/\/charlie-liveshow.com\/Tentation-erotique\/produit\/livecam-sexe-camgirl-intense\/\">livecam SEXE<\/a> mais en plus je fais aussi :\u00a0 &#8211; gorge profonde (en somme, tu baises ma bouche) &#8211; Marcus, mon gode g\u00e9ant noir mais aussi mon <b>BAD DRAGON de 7cm de diam\u00e8tre !<\/b> et bien sur toutes ma gamme de gode taille XXL &#8211; bouteille en verre (bouteille de champagne &#8211; bi\u00e8re ou vin) en ANAL &#8211; p\u00e9n\u00e9tration vaginale ou anale avec l\u00e9gume (uniquement sur demande pr\u00e9alable) &#8211; FIST vaginal ou anal &#8211; DOUBLE PENETRATION ANALE ou vaginale &#8211; cire de bougie, \u00e0 faire couler sur mon corps (sur demande pr\u00e9alable uniquement) <b>&#8211; FUCK MACHINE<\/b> Comme tu veux, c&rsquo;est tr\u00e8s chaud, c&rsquo;est carr\u00e9ment hard !<\/p>\n<h3>Le livecam eXtr\u00eame en d\u00e9tail :<\/h3>\n<p>Tu as tout ce qu&rsquo;il y a en show sexe avec en plus :<\/p>\n<ul>\n<li>Gorge profonde\u00a0(avec haut le c\u0153ur)<\/li>\n<li><strong>Fist, vaginal ou anal<\/strong><\/li>\n<li>Double p\u00e9n\u00e9tration<\/li>\n<li>Gode g\u00e9ant r\u00e9aliste\u00a0(diam\u00e8tre 5cm+)\u00a0: vaginal, anal, ou en double<\/li>\n<li><strong>Fuck Machine\u00a0en vaginal ET Anal<\/strong><\/li>\n<li>Ejaculation faciale (gode ejac)<\/li>\n<li><strong>Squirting,\u00a0femme fontaine\u00a0<\/strong>(20mn mini)<\/li>\n<li>Plug anal gonflable<\/li>\n<li><strong>Contr\u00f4le de mes sextoys<\/strong> (Hush, Lush, Domi, Nora)<\/li>\n<li>Pussy Pump (20mn minimum)<\/li>\n<\/ul>\n<h3>SPECIAL FETISH<\/h3>\n<p>Une gamme de pratique fetish pour satisfaire les plus exigeants ! Choisis ta perversion !<\/p>\n<ul>\n<li>P\u00e9n\u00e9tration avec\u00a0mes chaussures\u00a0(talons)<\/li>\n<li>Cire de bougie, huile, nutella, chantilly &amp; autres<\/li>\n<li><strong>Bouteille<\/strong> en verre\u00a0(champagne ou bi\u00e8re) anal \u2013<\/li>\n<li>P\u00e9n\u00e9tration vaginale ou anale avec\u00a0<strong>l\u00e9gume\u00a0<\/strong>(sur demande pr\u00e9alable)<\/li>\n<li>URO &#8211; PEE<\/li>\n<li>Pompe \u00e0 chatte<\/li>\n<li>LATEX &amp; vinyle. Un jolie choix de tenues<\/li>\n<\/ul>\n<h3><strong>SPECIAL DOMINA \/ SOUMIS<br \/>\n<\/strong><\/h3>\n<p>Tu deviens mon soumis et tu ob\u00e9is \u00e0 Dame Charlie. La seule limite au LIVECAM BDSM sera celle de ta pseudo dignit\u00e9 et de ta r\u00e9sistance physique, mentale et \u00e9motionnelle.<\/p>\n<ul>\n<li><strong>Show domination<\/strong> JE DOMINE<\/li>\n<li>Tenue latex &amp; \/ ou Pince \u00e0 t\u00e9tons<\/li>\n<li><strong>Foot FETISH<\/strong><\/li>\n<\/ul>\n<h3>LIVECAM EXTREME, autres dur\u00e9es possibles<\/h3>\n<ul>\n<li>dur\u00e9e du show <strong>20 min<\/strong> <a href=\"https:\/\/www.vends-ta-culotte.com\/product\/35163\/Show+HARD%21+par+skype+-+20mn?referral=8227\" target=\"_blank\" rel=\"noopener\">&gt; VOIR \u2665<\/a><\/li>\n<li>dur\u00e9e du show <strong>30 min<\/strong> <a href=\"https:\/\/www.vends-ta-culotte.com\/product\/35166\/Show+eXXXtreme+-+30mn?referral=8227\" target=\"_blank\" rel=\"noopener\">&gt; VOIR \u2665<\/a><\/li>\n<li>PENSE A LAISSER UN COMMENTAIRE (apr\u00e8s le livecam)<\/li>\n<\/ul>\n<h4><strong>LAISSE UNE NOTE &amp; UN COMMENTAIRE sur Vends-ta-culotte<\/strong><\/h4>\n<div class=\"su-button-center\"><a href=\"https:\/\/www.vends-ta-culotte.com\/user-products\/8227?referral=8227\" class=\"su-button su-button-style-flat su-button-wide\" style=\"color:#fff;background-color:#6ec1e4;border-color:#589bb7;border-radius:0px;-moz-border-radius:0px;-webkit-border-radius:0px\" target=\"__blank\" rel=\"nofollow\"><span style=\"color:#fff;padding:8px 26px;font-size:20px;line-height:30px;border-color:#9ad4ed;border-radius:0px;-moz-border-radius:0px;-webkit-border-radius:0px;text-shadow:0px 0px 0px #ed1e79;-moz-text-shadow:0px 0px 0px #ed1e79;-webkit-text-shadow:0px 0px 0px #ed1e79\"><i class=\"sui sui-bell-o\" style=\"font-size:20px;color:#fff\"><\/i> Tout mes livecam sur Vends-ta-culotte<\/span><\/a><\/div>\n","protected":false},"excerpt":{"rendered":"<h3><b>Livecam extr\u00eame, le show performance !<\/b><\/h3>\n<p>Attention liveshow uniquement pour les amateurs de sensations fortes ! Plug g\u00e9ant et gode g\u00e9ant BAD DRAGON &#8230; en anal. Jeu de domination, Fist fucking, <strong>fuck machine<\/strong>&#8230; Laisse moi te surprendre !<\/p>\n<p>&nbsp;<\/p>\n<h4>SOUMIS<\/h4>\n<p>Tu deviens mon soumis et tu ob\u00e9is \u00e0 Dame Charlie. La seule limite au LIVECAM BDSM sera celle de ta pseudo dignit\u00e9 et de ta r\u00e9sistance physique, mentale et \u00e9motionnelle.<\/p>\n<h4>FETISH<\/h4>\n<p>D\u00e9couvre ma gamme de pratique fetish et de tenues latex ou vinyle il y a de quoi satisfaire m\u00eame les plus exigeants !<\/p>\n<p>&nbsp;<\/p>\n<h3>LIVECAM EXTREME, autres dur\u00e9es possibles<\/h3>\n<ul>\n<li>dur\u00e9e du show <strong>20 min<\/strong> <a href=\"https:\/\/www.vends-ta-culotte.com\/product\/35163\/Show+HARD%21+par+skype+-+20mn?referral=8227\" target=\"_blank\" rel=\"noopener\">&gt; VOIR \u2665<\/a><\/li>\n<li>dur\u00e9e du show <strong>30 min<\/strong> <a href=\"https:\/\/www.vends-ta-culotte.com\/product\/35166\/Show+eXXXtreme+-+30mn?referral=8227\" target=\"_blank\" rel=\"noopener\">&gt; VOIR \u2665<\/a><\/li>\n<li>PENSE A LAISSER UN COMMENTAIRE (apr\u00e8s le livecam)<\/li>\n<\/ul>\n<h4><strong>\u00a0<\/strong><\/h4>\n<div class=\"su-button-center\"><a href=\"https:\/\/www.vends-ta-culotte.com\/user-products\/8227?referral=8227\" class=\"su-button su-button-style-flat su-button-wide\" style=\"color:#fff;background-color:#6ec1e4;border-color:#589bb7;border-radius:0px;-moz-border-radius:0px;-webkit-border-radius:0px\" target=\"__blank\" rel=\"nofollow\"><span style=\"color:#fff;padding:8px 26px;font-size:20px;line-height:30px;border-color:#9ad4ed;border-radius:0px;-moz-border-radius:0px;-webkit-border-radius:0px;text-shadow:0px 0px 0px #ed1e79;-moz-text-shadow:0px 0px 0px #ed1e79;-webkit-text-shadow:0px 0px 0px #ed1e79\"><i class=\"sui sui-bell-o\" style=\"font-size:20px;color:#fff\"><\/i> Tout mes livecam sur Vends-ta-culotte<\/span><\/a><\/div>\n<p>&nbsp;<\/p>\n","protected":false},"featured_media":43388,"comment_status":"open","ping_status":"closed","template":"","meta":{"ub_ctt_via":""},"product_cat":[20],"product_tag":[28,54,26,29],"yoast_head":"<!-- This site is optimized with the Yoast SEO plugin v22.0 - https:\/\/yoast.com\/wordpress\/plugins\/seo\/ -->\n<title>Livecam eXtr\u00eame &amp; live fetish \/ soumis - les cam2cam de Charlie<\/title>\n<meta name=\"description\" content=\"Tu aimes les camgirl chaudes ? Tu aimes la performance ? les cam2cam extr\u00eames ? Les livecam de Charlie sont pour toi ! REJOINS MOI sur Skype\" \/>\n<meta name=\"robots\" content=\"index, follow, max-snippet:-1, max-image-preview:large, max-video-preview:-1\" \/>\n<link rel=\"canonical\" href=\"https:\/\/charlie-liveshow.com\/Tentation-erotique\/produit\/livecam-sexe-extreme\/\" \/>\n<meta property=\"og:locale\" content=\"fr_FR\" \/>\n<meta property=\"og:type\" content=\"article\" \/>\n<meta property=\"og:title\" content=\"Livecam eXtr\u00eame &amp; live fetish \/ soumis - les cam2cam de Charlie\" \/>\n<meta property=\"og:description\" content=\"Tu aimes les camgirl chaudes ? Tu aimes la performance ? les cam2cam extr\u00eames ? Les livecam de Charlie sont pour toi ! REJOINS MOI sur Skype\" \/>\n<meta property=\"og:url\" content=\"https:\/\/charlie-liveshow.com\/Tentation-erotique\/produit\/livecam-sexe-extreme\/\" \/>\n<meta property=\"og:site_name\" content=\"TENTATIONS \u00c9ROTIQUES par Charlie Liveshow\" \/>\n<meta property=\"article:publisher\" content=\"https:\/\/www.facebook.com\/charlielivetantra\" \/>\n<meta property=\"article:modified_time\" content=\"2021-01-13T22:14:17+00:00\" \/>\n<meta property=\"og:image\" content=\"https:\/\/charlie-liveshow.com\/Tentation-erotique\/wp-content\/uploads\/2018\/05\/livecam-extreme-30-1.jpg\" \/>\n\t<meta property=\"og:image:width\" content=\"678\" \/>\n\t<meta property=\"og:image:height\" content=\"1024\" \/>\n\t<meta property=\"og:image:type\" content=\"image\/jpeg\" \/>\n<meta name=\"twitter:card\" content=\"summary_large_image\" \/>\n<meta name=\"twitter:site\" content=\"@Charlieliveshow\" \/>\n<meta name=\"twitter:label1\" content=\"Dur\u00e9e de lecture estim\u00e9e\" \/>\n\t<meta name=\"twitter:data1\" content=\"2 minutes\" \/>\n<script type=\"application\/ld+json\" class=\"yoast-schema-graph\">{\"@context\":\"https:\/\/schema.org\",\"@graph\":[{\"@type\":\"WebPage\",\"@id\":\"https:\/\/charlie-liveshow.com\/Tentation-erotique\/produit\/livecam-sexe-extreme\/\",\"url\":\"https:\/\/charlie-liveshow.com\/Tentation-erotique\/produit\/livecam-sexe-extreme\/\",\"name\":\"Livecam eXtr\u00eame & live fetish \/ soumis - les cam2cam de Charlie\",\"isPartOf\":{\"@id\":\"https:\/\/charlie-liveshow.com\/Tentation-erotique\/#website\"},\"datePublished\":\"2018-05-30T20:04:14+00:00\",\"dateModified\":\"2021-01-13T22:14:17+00:00\",\"description\":\"Tu aimes les camgirl chaudes ? Tu aimes la performance ? les cam2cam extr\u00eames ? Les livecam de Charlie sont pour toi ! REJOINS MOI sur Skype\",\"breadcrumb\":{\"@id\":\"https:\/\/charlie-liveshow.com\/Tentation-erotique\/produit\/livecam-sexe-extreme\/#breadcrumb\"},\"inLanguage\":\"fr-FR\",\"potentialAction\":[{\"@type\":\"ReadAction\",\"target\":[\"https:\/\/charlie-liveshow.com\/Tentation-erotique\/produit\/livecam-sexe-extreme\/\"]}]},{\"@type\":\"BreadcrumbList\",\"@id\":\"https:\/\/charlie-liveshow.com\/Tentation-erotique\/produit\/livecam-sexe-extreme\/#breadcrumb\",\"itemListElement\":[{\"@type\":\"ListItem\",\"position\":1,\"name\":\"Charlie r\u00e9veille vos sens\",\"item\":\"https:\/\/charlie-liveshow.com\/Tentation-erotique\/page-d-accueil-commerce\/\"},{\"@type\":\"ListItem\",\"position\":2,\"name\":\"Camgirl LIVESHOW\",\"item\":\"https:\/\/charlie-liveshow.com\/Tentation-erotique\/categorie-produit\/best-of-camgirl\/\"},{\"@type\":\"ListItem\",\"position\":3,\"name\":\"Livecam eXtr\u00eame &#038; live fetish \/ soumis\"}]},{\"@type\":\"WebSite\",\"@id\":\"https:\/\/charlie-liveshow.com\/Tentation-erotique\/#website\",\"url\":\"https:\/\/charlie-liveshow.com\/Tentation-erotique\/\",\"name\":\"TENTATIONS \u00c9ROTIQUES par Charlie Liveshow\",\"description\":\"Eveillez vous \u00e0 l&#039;\u00e9rotisme\",\"publisher\":{\"@id\":\"https:\/\/charlie-liveshow.com\/Tentation-erotique\/#organization\"},\"potentialAction\":[{\"@type\":\"SearchAction\",\"target\":{\"@type\":\"EntryPoint\",\"urlTemplate\":\"https:\/\/charlie-liveshow.com\/Tentation-erotique\/?s={search_term_string}\"},\"query-input\":\"required name=search_term_string\"}],\"inLanguage\":\"fr-FR\"},{\"@type\":\"Organization\",\"@id\":\"https:\/\/charlie-liveshow.com\/Tentation-erotique\/#organization\",\"name\":\"charlie-liveshow\",\"url\":\"https:\/\/charlie-liveshow.com\/Tentation-erotique\/\",\"logo\":{\"@type\":\"ImageObject\",\"inLanguage\":\"fr-FR\",\"@id\":\"https:\/\/charlie-liveshow.com\/Tentation-erotique\/#\/schema\/logo\/image\/\",\"url\":\"https:\/\/charlie-liveshow.com\/Tentation-erotique\/wp-content\/uploads\/2013\/05\/Charlie_folies_logo.png\",\"contentUrl\":\"https:\/\/charlie-liveshow.com\/Tentation-erotique\/wp-content\/uploads\/2013\/05\/Charlie_folies_logo.png\",\"width\":210,\"height\":206,\"caption\":\"charlie-liveshow\"},\"image\":{\"@id\":\"https:\/\/charlie-liveshow.com\/Tentation-erotique\/#\/schema\/logo\/image\/\"},\"sameAs\":[\"https:\/\/www.facebook.com\/charlielivetantra\",\"https:\/\/twitter.com\/Charlieliveshow\",\"https:\/\/www.instagram.com\/charlie_liveshow\/\",\"https:\/\/www.youtube.com\/CharlieTantra\"]}]}<\/script>\n<!-- \/ Yoast SEO plugin. -->","yoast_head_json":{"title":"Livecam eXtr\u00eame & live fetish \/ soumis - les cam2cam de Charlie","description":"Tu aimes les camgirl chaudes ? Tu aimes la performance ? les cam2cam extr\u00eames ? Les livecam de Charlie sont pour toi ! REJOINS MOI sur Skype","robots":{"index":"index","follow":"follow","max-snippet":"max-snippet:-1","max-image-preview":"max-image-preview:large","max-video-preview":"max-video-preview:-1"},"canonical":"https:\/\/charlie-liveshow.com\/Tentation-erotique\/produit\/livecam-sexe-extreme\/","og_locale":"fr_FR","og_type":"article","og_title":"Livecam eXtr\u00eame & live fetish \/ soumis - les cam2cam de Charlie","og_description":"Tu aimes les camgirl chaudes ? Tu aimes la performance ? les cam2cam extr\u00eames ? Les livecam de Charlie sont pour toi ! REJOINS MOI sur Skype","og_url":"https:\/\/charlie-liveshow.com\/Tentation-erotique\/produit\/livecam-sexe-extreme\/","og_site_name":"TENTATIONS \u00c9ROTIQUES par Charlie Liveshow","article_publisher":"https:\/\/www.facebook.com\/charlielivetantra","article_modified_time":"2021-01-13T22:14:17+00:00","og_image":[{"width":678,"height":1024,"url":"https:\/\/charlie-liveshow.com\/Tentation-erotique\/wp-content\/uploads\/2018\/05\/livecam-extreme-30-1.jpg","type":"image\/jpeg"}],"twitter_card":"summary_large_image","twitter_site":"@Charlieliveshow","twitter_misc":{"Dur\u00e9e de lecture estim\u00e9e":"2 minutes"},"schema":{"@context":"https:\/\/schema.org","@graph":[{"@type":"WebPage","@id":"https:\/\/charlie-liveshow.com\/Tentation-erotique\/produit\/livecam-sexe-extreme\/","url":"https:\/\/charlie-liveshow.com\/Tentation-erotique\/produit\/livecam-sexe-extreme\/","name":"Livecam eXtr\u00eame & live fetish \/ soumis - les cam2cam de Charlie","isPartOf":{"@id":"https:\/\/charlie-liveshow.com\/Tentation-erotique\/#website"},"datePublished":"2018-05-30T20:04:14+00:00","dateModified":"2021-01-13T22:14:17+00:00","description":"Tu aimes les camgirl chaudes ? Tu aimes la performance ? les cam2cam extr\u00eames ? Les livecam de Charlie sont pour toi ! REJOINS MOI sur Skype","breadcrumb":{"@id":"https:\/\/charlie-liveshow.com\/Tentation-erotique\/produit\/livecam-sexe-extreme\/#breadcrumb"},"inLanguage":"fr-FR","potentialAction":[{"@type":"ReadAction","target":["https:\/\/charlie-liveshow.com\/Tentation-erotique\/produit\/livecam-sexe-extreme\/"]}]},{"@type":"BreadcrumbList","@id":"https:\/\/charlie-liveshow.com\/Tentation-erotique\/produit\/livecam-sexe-extreme\/#breadcrumb","itemListElement":[{"@type":"ListItem","position":1,"name":"Charlie r\u00e9veille vos sens","item":"https:\/\/charlie-liveshow.com\/Tentation-erotique\/page-d-accueil-commerce\/"},{"@type":"ListItem","position":2,"name":"Camgirl LIVESHOW","item":"https:\/\/charlie-liveshow.com\/Tentation-erotique\/categorie-produit\/best-of-camgirl\/"},{"@type":"ListItem","position":3,"name":"Livecam eXtr\u00eame &#038; live fetish \/ soumis"}]},{"@type":"WebSite","@id":"https:\/\/charlie-liveshow.com\/Tentation-erotique\/#website","url":"https:\/\/charlie-liveshow.com\/Tentation-erotique\/","name":"TENTATIONS \u00c9ROTIQUES par Charlie Liveshow","description":"Eveillez vous \u00e0 l&#039;\u00e9rotisme","publisher":{"@id":"https:\/\/charlie-liveshow.com\/Tentation-erotique\/#organization"},"potentialAction":[{"@type":"SearchAction","target":{"@type":"EntryPoint","urlTemplate":"https:\/\/charlie-liveshow.com\/Tentation-erotique\/?s={search_term_string}"},"query-input":"required name=search_term_string"}],"inLanguage":"fr-FR"},{"@type":"Organization","@id":"https:\/\/charlie-liveshow.com\/Tentation-erotique\/#organization","name":"charlie-liveshow","url":"https:\/\/charlie-liveshow.com\/Tentation-erotique\/","logo":{"@type":"ImageObject","inLanguage":"fr-FR","@id":"https:\/\/charlie-liveshow.com\/Tentation-erotique\/#\/schema\/logo\/image\/","url":"https:\/\/charlie-liveshow.com\/Tentation-erotique\/wp-content\/uploads\/2013\/05\/Charlie_folies_logo.png","contentUrl":"https:\/\/charlie-liveshow.com\/Tentation-erotique\/wp-content\/uploads\/2013\/05\/Charlie_folies_logo.png","width":210,"height":206,"caption":"charlie-liveshow"},"image":{"@id":"https:\/\/charlie-liveshow.com\/Tentation-erotique\/#\/schema\/logo\/image\/"},"sameAs":["https:\/\/www.facebook.com\/charlielivetantra","https:\/\/twitter.com\/Charlieliveshow","https:\/\/www.instagram.com\/charlie_liveshow\/","https:\/\/www.youtube.com\/CharlieTantra"]}]}},"_links":{"self":[{"href":"https:\/\/charlie-liveshow.com\/Tentation-erotique\/wp-json\/wp\/v2\/product\/353"}],"collection":[{"href":"https:\/\/charlie-liveshow.com\/Tentation-erotique\/wp-json\/wp\/v2\/product"}],"about":[{"href":"https:\/\/charlie-liveshow.com\/Tentation-erotique\/wp-json\/wp\/v2\/types\/product"}],"replies":[{"embeddable":true,"href":"https:\/\/charlie-liveshow.com\/Tentation-erotique\/wp-json\/wp\/v2\/comments?post=353"}],"version-history":[{"count":0,"href":"https:\/\/charlie-liveshow.com\/Tentation-erotique\/wp-json\/wp\/v2\/product\/353\/revisions"}],"wp:featuredmedia":[{"embeddable":true,"href":"https:\/\/charlie-liveshow.com\/Tentation-erotique\/wp-json\/wp\/v2\/media\/43388"}],"wp:attachment":[{"href":"https:\/\/charlie-liveshow.com\/Tentation-erotique\/wp-json\/wp\/v2\/media?parent=353"}],"wp:term":[{"taxonomy":"product_cat","embeddable":true,"href":"https:\/\/charlie-liveshow.com\/Tentation-erotique\/wp-json\/wp\/v2\/product_cat?post=353"},{"taxonomy":"product_tag","embeddable":true,"href":"https:\/\/charlie-liveshow.com\/Tentation-erotique\/wp-json\/wp\/v2\/product_tag?post=353"}],"curies":[{"name":"wp","href":"https:\/\/api.w.org\/{rel}","templated":true}]}}