{"id":337,"date":"2018-05-30T21:31:11","date_gmt":"2018-05-30T19:31:11","guid":{"rendered":"https:\/\/charlie-liveshow.com\/Tentation-erotique\/?post_type=product&#038;p=337"},"modified":"2021-01-13T19:07:38","modified_gmt":"2021-01-13T18:07:38","slug":"livecam-coaching","status":"publish","type":"product","link":"https:\/\/charlie-liveshow.com\/Tentation-erotique\/produit\/livecam-coaching\/","title":{"rendered":"Rendez-vous Coaching &#8211; Liveshow Sweet"},"content":{"rendered":"<h2>Les rendez-vous d\u00e9couverte ou coaching (30min)<\/h2>\n<p><strong>Le show\u00a0discussion.<\/strong>\u00a0Un show sexy\u00a0pour\u00a0passer un \u00a0moment en t\u00eate \u00e0 t\u00eate, parler fantasmes et envies, s&rsquo;exciter avec les mots &#8230; ou simplement apprendre \u00e0 faire connaissance<\/p>\n<p><strong>Coaching :<\/strong>\u00a0Parfois on a besoin de conseil sexo, pour soi ou un.e ami.e. De simplement se livrer \u00e0 quelqu\u2019un qui vous \u00e9coutera, sans vous juger. Ou plus simplement d\u2019un coaching pour bien d\u00e9buter le m\u00e9tier de camgirl, apprendre \u00e0 poser et autres astuces. Dans tous les cas, un moment sous le signe de l&rsquo;\u00e9coute, de la d\u00e9couverte et de l\u2019\u00e9change.<\/p>\n<h3>Liveshow coaching \/ sweet autres dur\u00e9es<\/h3>\n<ul>\n<li>Rendez-vous coaching de 60 minutes <a href=\"https:\/\/www.vends-ta-culotte.com\/product\/119570\/Show+SWEET+et+COACH+SEX+-+60+min?referral=8227\" target=\"_blank\" rel=\"noopener\">&gt; VOIR \u2665<\/a><\/li>\n<li>Liveshow sweet de 60 minutes <a href=\"https:\/\/www.vends-ta-culotte.com\/product\/119570\/Show+SWEET+et+COACH+SEX+-+60+min?referral=8227\" target=\"_blank\" rel=\"noopener\">&gt; VOIR \u2665<\/a><\/li>\n<\/ul>\n<h4><strong>LAISSE UNE NOTE &amp; UN COMMENTAIRE sur Vends-ta-culotte<\/strong><\/h4>\n<div class=\"su-button-center\"><a href=\"https:\/\/www.vends-ta-culotte.com\/user-products\/8227?referral=8227\" class=\"su-button su-button-style-flat su-button-wide\" style=\"color:#fff;background-color:#6ec1e4;border-color:#589bb7;border-radius:0px;-moz-border-radius:0px;-webkit-border-radius:0px\" target=\"__blank\" rel=\"nofollow\"><span style=\"color:#fff;padding:8px 26px;font-size:20px;line-height:30px;border-color:#9ad4ed;border-radius:0px;-moz-border-radius:0px;-webkit-border-radius:0px;text-shadow:0px 0px 0px #ed1e79;-moz-text-shadow:0px 0px 0px #ed1e79;-webkit-text-shadow:0px 0px 0px #ed1e79\"><i class=\"sui sui-bell-o\" style=\"font-size:20px;color:#fff\"><\/i> Tout mes livecam sur Vends-ta-culotte<\/span><\/a><\/div>\n<p style=\"text-align: center;\"><strong>Attention : Ce show<\/strong><strong> ne contient pas de masturbation ni de nudit\u00e9 sauf si n\u00e9cessaire pour la version coaching<\/strong><\/p>\n","protected":false},"excerpt":{"rendered":"<p>Un show sexy pour se d\u00e9couvrir. Ou un rendez-vous plus pro pour que je vous coache. Un rendez vous id\u00e9al pour faire connaissance ou pour finir un show plus intense. <strong>PARFAIT pour les conseils sexo et les entretiens de couple<\/strong><\/p>\n<h3>Liveshow coaching \/ sweet autres dur\u00e9es<\/h3>\n<ul>\n<li>Rendez-vous coaching de 60 minutes <a href=\"https:\/\/www.vends-ta-culotte.com\/product\/119570\/Show+SWEET+et+COACH+SEX+-+60+min?referral=8227\" target=\"_blank\" rel=\"noopener\">&gt; VOIR \u2665<\/a><\/li>\n<li>Liveshow sweet de 60 minutes <a href=\"https:\/\/www.vends-ta-culotte.com\/product\/119570\/Show+SWEET+et+COACH+SEX+-+60+min?referral=8227\" target=\"_blank\" rel=\"noopener\">&gt; VOIR \u2665<\/a><\/li>\n<li>PENSE A LAISSER UN COMMENTAIRE (apr\u00e8s le livecam)<\/li>\n<\/ul>\n<p style=\"text-align: left;\">Attention :\u00a0Les liveshow doux ou les coaching sexo ne contiennent pas de masturbation<\/p>\n<p style=\"text-align: center;\">\n","protected":false},"featured_media":43377,"comment_status":"open","ping_status":"closed","template":"","meta":{"ub_ctt_via":""},"product_cat":[20],"product_tag":[37,23,26],"yoast_head":"<!-- This site is optimized with the Yoast SEO plugin v22.0 - https:\/\/yoast.com\/wordpress\/plugins\/seo\/ -->\n<title>Rendez-vous Coaching - Liveshow Sweet - Charlie TENTATIONS<\/title>\n<meta name=\"description\" content=\"Un show sexy pour se d\u00e9couvrir. Ou un rendez-vous plus pro pour que je vous coache. Un rendez vous id\u00e9al pour faire connaissance ou pour finir un show plus intense. PARFAIT pour les conseils sexo et les entretiens de couple Liveshow coaching \/ sweet autres dur\u00e9es   Rendez-vous coaching de 60 minutes &gt; VOIR \u2665  Liveshow sweet de 60 minutes &gt; VOIR \u2665  PENSE A LAISSER UN COMMENTAIRE (apr\u00e8s le livecam)  Attention :\u00a0Les liveshow doux ou les coaching sexo ne contiennent pas de masturbation\" \/>\n<meta name=\"robots\" content=\"index, follow, max-snippet:-1, max-image-preview:large, max-video-preview:-1\" \/>\n<link rel=\"canonical\" href=\"https:\/\/charlie-liveshow.com\/Tentation-erotique\/produit\/livecam-coaching\/\" \/>\n<meta property=\"og:locale\" content=\"fr_FR\" \/>\n<meta property=\"og:type\" content=\"article\" \/>\n<meta property=\"og:title\" content=\"Rendez-vous Coaching - Liveshow Sweet - Charlie TENTATIONS\" \/>\n<meta property=\"og:description\" content=\"Un show sexy pour se d\u00e9couvrir. Ou un rendez-vous plus pro pour que je vous coache. Un rendez vous id\u00e9al pour faire connaissance ou pour finir un show plus intense. PARFAIT pour les conseils sexo et les entretiens de couple Liveshow coaching \/ sweet autres dur\u00e9es   Rendez-vous coaching de 60 minutes &gt; VOIR \u2665  Liveshow sweet de 60 minutes &gt; VOIR \u2665  PENSE A LAISSER UN COMMENTAIRE (apr\u00e8s le livecam)  Attention :\u00a0Les liveshow doux ou les coaching sexo ne contiennent pas de masturbation\" \/>\n<meta property=\"og:url\" content=\"https:\/\/charlie-liveshow.com\/Tentation-erotique\/produit\/livecam-coaching\/\" \/>\n<meta property=\"og:site_name\" content=\"TENTATIONS \u00c9ROTIQUES par Charlie Liveshow\" \/>\n<meta property=\"article:publisher\" content=\"https:\/\/www.facebook.com\/charlielivetantra\" \/>\n<meta property=\"article:modified_time\" content=\"2021-01-13T18:07:38+00:00\" \/>\n<meta property=\"og:image\" content=\"https:\/\/charlie-liveshow.com\/Tentation-erotique\/wp-content\/uploads\/2018\/05\/livecam-coaching-sexy-30.jpg\" \/>\n\t<meta property=\"og:image:width\" content=\"678\" \/>\n\t<meta property=\"og:image:height\" content=\"1024\" \/>\n\t<meta property=\"og:image:type\" content=\"image\/jpeg\" \/>\n<meta name=\"twitter:card\" content=\"summary_large_image\" \/>\n<meta name=\"twitter:site\" content=\"@Charlieliveshow\" \/>\n<meta name=\"twitter:label1\" content=\"Dur\u00e9e de lecture estim\u00e9e\" \/>\n\t<meta name=\"twitter:data1\" content=\"1 minute\" \/>\n<script type=\"application\/ld+json\" class=\"yoast-schema-graph\">{\"@context\":\"https:\/\/schema.org\",\"@graph\":[{\"@type\":\"WebPage\",\"@id\":\"https:\/\/charlie-liveshow.com\/Tentation-erotique\/produit\/livecam-coaching\/\",\"url\":\"https:\/\/charlie-liveshow.com\/Tentation-erotique\/produit\/livecam-coaching\/\",\"name\":\"Rendez-vous Coaching - Liveshow Sweet - Charlie TENTATIONS\",\"isPartOf\":{\"@id\":\"https:\/\/charlie-liveshow.com\/Tentation-erotique\/#website\"},\"datePublished\":\"2018-05-30T19:31:11+00:00\",\"dateModified\":\"2021-01-13T18:07:38+00:00\",\"description\":\"Un show sexy pour se d\u00e9couvrir. Ou un rendez-vous plus pro pour que je vous coache. Un rendez vous id\u00e9al pour faire connaissance ou pour finir un show plus intense. PARFAIT pour les conseils sexo et les entretiens de couple Liveshow coaching \/ sweet autres dur\u00e9es Rendez-vous coaching de 60 minutes &gt; VOIR \u2665 Liveshow sweet de 60 minutes &gt; VOIR \u2665 PENSE A LAISSER UN COMMENTAIRE (apr\u00e8s le livecam) Attention :\u00a0Les liveshow doux ou les coaching sexo ne contiennent pas de masturbation\",\"breadcrumb\":{\"@id\":\"https:\/\/charlie-liveshow.com\/Tentation-erotique\/produit\/livecam-coaching\/#breadcrumb\"},\"inLanguage\":\"fr-FR\",\"potentialAction\":[{\"@type\":\"ReadAction\",\"target\":[\"https:\/\/charlie-liveshow.com\/Tentation-erotique\/produit\/livecam-coaching\/\"]}]},{\"@type\":\"BreadcrumbList\",\"@id\":\"https:\/\/charlie-liveshow.com\/Tentation-erotique\/produit\/livecam-coaching\/#breadcrumb\",\"itemListElement\":[{\"@type\":\"ListItem\",\"position\":1,\"name\":\"Charlie r\u00e9veille vos sens\",\"item\":\"https:\/\/charlie-liveshow.com\/Tentation-erotique\/page-d-accueil-commerce\/\"},{\"@type\":\"ListItem\",\"position\":2,\"name\":\"Camgirl LIVESHOW\",\"item\":\"https:\/\/charlie-liveshow.com\/Tentation-erotique\/categorie-produit\/best-of-camgirl\/\"},{\"@type\":\"ListItem\",\"position\":3,\"name\":\"Rendez-vous Coaching &#8211; Liveshow Sweet\"}]},{\"@type\":\"WebSite\",\"@id\":\"https:\/\/charlie-liveshow.com\/Tentation-erotique\/#website\",\"url\":\"https:\/\/charlie-liveshow.com\/Tentation-erotique\/\",\"name\":\"TENTATIONS \u00c9ROTIQUES par Charlie Liveshow\",\"description\":\"Eveillez vous \u00e0 l&#039;\u00e9rotisme\",\"publisher\":{\"@id\":\"https:\/\/charlie-liveshow.com\/Tentation-erotique\/#organization\"},\"potentialAction\":[{\"@type\":\"SearchAction\",\"target\":{\"@type\":\"EntryPoint\",\"urlTemplate\":\"https:\/\/charlie-liveshow.com\/Tentation-erotique\/?s={search_term_string}\"},\"query-input\":\"required name=search_term_string\"}],\"inLanguage\":\"fr-FR\"},{\"@type\":\"Organization\",\"@id\":\"https:\/\/charlie-liveshow.com\/Tentation-erotique\/#organization\",\"name\":\"charlie-liveshow\",\"url\":\"https:\/\/charlie-liveshow.com\/Tentation-erotique\/\",\"logo\":{\"@type\":\"ImageObject\",\"inLanguage\":\"fr-FR\",\"@id\":\"https:\/\/charlie-liveshow.com\/Tentation-erotique\/#\/schema\/logo\/image\/\",\"url\":\"https:\/\/charlie-liveshow.com\/Tentation-erotique\/wp-content\/uploads\/2013\/05\/Charlie_folies_logo.png\",\"contentUrl\":\"https:\/\/charlie-liveshow.com\/Tentation-erotique\/wp-content\/uploads\/2013\/05\/Charlie_folies_logo.png\",\"width\":210,\"height\":206,\"caption\":\"charlie-liveshow\"},\"image\":{\"@id\":\"https:\/\/charlie-liveshow.com\/Tentation-erotique\/#\/schema\/logo\/image\/\"},\"sameAs\":[\"https:\/\/www.facebook.com\/charlielivetantra\",\"https:\/\/twitter.com\/Charlieliveshow\",\"https:\/\/www.instagram.com\/charlie_liveshow\/\",\"https:\/\/www.youtube.com\/CharlieTantra\"]}]}<\/script>\n<!-- \/ Yoast SEO plugin. -->","yoast_head_json":{"title":"Rendez-vous Coaching - Liveshow Sweet - Charlie TENTATIONS","description":"Un show sexy pour se d\u00e9couvrir. Ou un rendez-vous plus pro pour que je vous coache. Un rendez vous id\u00e9al pour faire connaissance ou pour finir un show plus intense. PARFAIT pour les conseils sexo et les entretiens de couple Liveshow coaching \/ sweet autres dur\u00e9es   Rendez-vous coaching de 60 minutes &gt; VOIR \u2665  Liveshow sweet de 60 minutes &gt; VOIR \u2665  PENSE A LAISSER UN COMMENTAIRE (apr\u00e8s le livecam)  Attention :\u00a0Les liveshow doux ou les coaching sexo ne contiennent pas de masturbation","robots":{"index":"index","follow":"follow","max-snippet":"max-snippet:-1","max-image-preview":"max-image-preview:large","max-video-preview":"max-video-preview:-1"},"canonical":"https:\/\/charlie-liveshow.com\/Tentation-erotique\/produit\/livecam-coaching\/","og_locale":"fr_FR","og_type":"article","og_title":"Rendez-vous Coaching - Liveshow Sweet - Charlie TENTATIONS","og_description":"Un show sexy pour se d\u00e9couvrir. Ou un rendez-vous plus pro pour que je vous coache. Un rendez vous id\u00e9al pour faire connaissance ou pour finir un show plus intense. PARFAIT pour les conseils sexo et les entretiens de couple Liveshow coaching \/ sweet autres dur\u00e9es   Rendez-vous coaching de 60 minutes &gt; VOIR \u2665  Liveshow sweet de 60 minutes &gt; VOIR \u2665  PENSE A LAISSER UN COMMENTAIRE (apr\u00e8s le livecam)  Attention :\u00a0Les liveshow doux ou les coaching sexo ne contiennent pas de masturbation","og_url":"https:\/\/charlie-liveshow.com\/Tentation-erotique\/produit\/livecam-coaching\/","og_site_name":"TENTATIONS \u00c9ROTIQUES par Charlie Liveshow","article_publisher":"https:\/\/www.facebook.com\/charlielivetantra","article_modified_time":"2021-01-13T18:07:38+00:00","og_image":[{"width":678,"height":1024,"url":"https:\/\/charlie-liveshow.com\/Tentation-erotique\/wp-content\/uploads\/2018\/05\/livecam-coaching-sexy-30.jpg","type":"image\/jpeg"}],"twitter_card":"summary_large_image","twitter_site":"@Charlieliveshow","twitter_misc":{"Dur\u00e9e de lecture estim\u00e9e":"1 minute"},"schema":{"@context":"https:\/\/schema.org","@graph":[{"@type":"WebPage","@id":"https:\/\/charlie-liveshow.com\/Tentation-erotique\/produit\/livecam-coaching\/","url":"https:\/\/charlie-liveshow.com\/Tentation-erotique\/produit\/livecam-coaching\/","name":"Rendez-vous Coaching - Liveshow Sweet - Charlie TENTATIONS","isPartOf":{"@id":"https:\/\/charlie-liveshow.com\/Tentation-erotique\/#website"},"datePublished":"2018-05-30T19:31:11+00:00","dateModified":"2021-01-13T18:07:38+00:00","description":"Un show sexy pour se d\u00e9couvrir. Ou un rendez-vous plus pro pour que je vous coache. Un rendez vous id\u00e9al pour faire connaissance ou pour finir un show plus intense. PARFAIT pour les conseils sexo et les entretiens de couple Liveshow coaching \/ sweet autres dur\u00e9es Rendez-vous coaching de 60 minutes &gt; VOIR \u2665 Liveshow sweet de 60 minutes &gt; VOIR \u2665 PENSE A LAISSER UN COMMENTAIRE (apr\u00e8s le livecam) Attention :\u00a0Les liveshow doux ou les coaching sexo ne contiennent pas de masturbation","breadcrumb":{"@id":"https:\/\/charlie-liveshow.com\/Tentation-erotique\/produit\/livecam-coaching\/#breadcrumb"},"inLanguage":"fr-FR","potentialAction":[{"@type":"ReadAction","target":["https:\/\/charlie-liveshow.com\/Tentation-erotique\/produit\/livecam-coaching\/"]}]},{"@type":"BreadcrumbList","@id":"https:\/\/charlie-liveshow.com\/Tentation-erotique\/produit\/livecam-coaching\/#breadcrumb","itemListElement":[{"@type":"ListItem","position":1,"name":"Charlie r\u00e9veille vos sens","item":"https:\/\/charlie-liveshow.com\/Tentation-erotique\/page-d-accueil-commerce\/"},{"@type":"ListItem","position":2,"name":"Camgirl LIVESHOW","item":"https:\/\/charlie-liveshow.com\/Tentation-erotique\/categorie-produit\/best-of-camgirl\/"},{"@type":"ListItem","position":3,"name":"Rendez-vous Coaching &#8211; Liveshow Sweet"}]},{"@type":"WebSite","@id":"https:\/\/charlie-liveshow.com\/Tentation-erotique\/#website","url":"https:\/\/charlie-liveshow.com\/Tentation-erotique\/","name":"TENTATIONS \u00c9ROTIQUES par Charlie Liveshow","description":"Eveillez vous \u00e0 l&#039;\u00e9rotisme","publisher":{"@id":"https:\/\/charlie-liveshow.com\/Tentation-erotique\/#organization"},"potentialAction":[{"@type":"SearchAction","target":{"@type":"EntryPoint","urlTemplate":"https:\/\/charlie-liveshow.com\/Tentation-erotique\/?s={search_term_string}"},"query-input":"required name=search_term_string"}],"inLanguage":"fr-FR"},{"@type":"Organization","@id":"https:\/\/charlie-liveshow.com\/Tentation-erotique\/#organization","name":"charlie-liveshow","url":"https:\/\/charlie-liveshow.com\/Tentation-erotique\/","logo":{"@type":"ImageObject","inLanguage":"fr-FR","@id":"https:\/\/charlie-liveshow.com\/Tentation-erotique\/#\/schema\/logo\/image\/","url":"https:\/\/charlie-liveshow.com\/Tentation-erotique\/wp-content\/uploads\/2013\/05\/Charlie_folies_logo.png","contentUrl":"https:\/\/charlie-liveshow.com\/Tentation-erotique\/wp-content\/uploads\/2013\/05\/Charlie_folies_logo.png","width":210,"height":206,"caption":"charlie-liveshow"},"image":{"@id":"https:\/\/charlie-liveshow.com\/Tentation-erotique\/#\/schema\/logo\/image\/"},"sameAs":["https:\/\/www.facebook.com\/charlielivetantra","https:\/\/twitter.com\/Charlieliveshow","https:\/\/www.instagram.com\/charlie_liveshow\/","https:\/\/www.youtube.com\/CharlieTantra"]}]}},"_links":{"self":[{"href":"https:\/\/charlie-liveshow.com\/Tentation-erotique\/wp-json\/wp\/v2\/product\/337"}],"collection":[{"href":"https:\/\/charlie-liveshow.com\/Tentation-erotique\/wp-json\/wp\/v2\/product"}],"about":[{"href":"https:\/\/charlie-liveshow.com\/Tentation-erotique\/wp-json\/wp\/v2\/types\/product"}],"replies":[{"embeddable":true,"href":"https:\/\/charlie-liveshow.com\/Tentation-erotique\/wp-json\/wp\/v2\/comments?post=337"}],"version-history":[{"count":0,"href":"https:\/\/charlie-liveshow.com\/Tentation-erotique\/wp-json\/wp\/v2\/product\/337\/revisions"}],"wp:featuredmedia":[{"embeddable":true,"href":"https:\/\/charlie-liveshow.com\/Tentation-erotique\/wp-json\/wp\/v2\/media\/43377"}],"wp:attachment":[{"href":"https:\/\/charlie-liveshow.com\/Tentation-erotique\/wp-json\/wp\/v2\/media?parent=337"}],"wp:term":[{"taxonomy":"product_cat","embeddable":true,"href":"https:\/\/charlie-liveshow.com\/Tentation-erotique\/wp-json\/wp\/v2\/product_cat?post=337"},{"taxonomy":"product_tag","embeddable":true,"href":"https:\/\/charlie-liveshow.com\/Tentation-erotique\/wp-json\/wp\/v2\/product_tag?post=337"}],"curies":[{"name":"wp","href":"https:\/\/api.w.org\/{rel}","templated":true}]}}