{"id":19,"date":"2017-11-02T18:15:48","date_gmt":"2017-11-02T17:15:48","guid":{"rendered":"https:\/\/charlie-liveshow.com\/Tentation-erotique\/?post_type=product&#038;p=19"},"modified":"2018-07-09T20:50:57","modified_gmt":"2018-07-09T18:50:57","slug":"le-collier-de-cuir","status":"publish","type":"product","link":"https:\/\/charlie-liveshow.com\/Tentation-erotique\/produit\/le-collier-de-cuir\/","title":{"rendered":"Le collier de cuir, \u00e9loge de la Domination"},"content":{"rendered":"<div class=\"su-button-center\"><a href=\"https:\/\/charlie-liveshow.com\/misti-maupassant-erotisme-caresse\/\" class=\"su-button su-button-style-flat su-button-wide\" style=\"color:#fff;background-color:#81D742;border-color:#68ac35;border-radius:0px;-moz-border-radius:0px;-webkit-border-radius:0px\" target=\"_blank\" rel=\"noopener noreferrer\"><span style=\"color:#fff;padding:7px 22px;font-size:17px;line-height:26px;border-color:#a7e37b;border-radius:0px;-moz-border-radius:0px;-webkit-border-radius:0px;text-shadow:0px 0px 0px #ed1e79;-moz-text-shadow:0px 0px 0px #ed1e79;-webkit-text-shadow:0px 0px 0px #ed1e79\"><i class=\"sui sui-bell-o\" style=\"font-size:17px;color:#fff\"><\/i> Ecouter le podcast \u00e9rotique<\/span><\/a><\/div>\n","protected":false},"excerpt":{"rendered":"<p><strong>Le Collier De Cuir, La Domination Au Sens Noble.<\/strong><\/p>\n<p>Le Collier de cuir est le seul et unique roman \u00e9rotique de Scarla \u00e0 ce jour. Et c\u2019est dommage car vu la qualit\u00e9 d\u2019\u00e9criture, j\u2019aurais bien d\u00e9vor\u00e9 d\u2019autres livres de ce musicien qui \u00e9crit sous le pseudonyme. Et l\u00e0, certain.e.s se diront \u00ab\u00a0ben pourquoi elle pr\u00e9cise que c\u2019est un musicien ? On s\u2019en fout !\u00a0\u00bb. Parce que l\u2019\u00e9criture est rythm\u00e9e, incisive, le roman est court et en plus il se d\u00e9vore. Mais de quoi \u00e7a parle ?<\/p>\n","protected":false},"featured_media":377,"comment_status":"open","ping_status":"closed","template":"","meta":{"ub_ctt_via":""},"product_cat":[15],"product_tag":[21,23,22],"yoast_head":"<!-- This site is optimized with the Yoast SEO plugin v22.0 - https:\/\/yoast.com\/wordpress\/plugins\/seo\/ -->\n<title>Le collier de cuir, \u00e9loge de la Domination - Charlie TENTATIONS<\/title>\n<meta name=\"robots\" content=\"index, follow, max-snippet:-1, max-image-preview:large, max-video-preview:-1\" \/>\n<link rel=\"canonical\" href=\"https:\/\/charlie-liveshow.com\/Tentation-erotique\/produit\/le-collier-de-cuir\/\" \/>\n<meta property=\"og:locale\" content=\"fr_FR\" \/>\n<meta property=\"og:type\" content=\"article\" \/>\n<meta property=\"og:title\" content=\"Le collier de cuir, \u00e9loge de la Domination - Charlie TENTATIONS\" \/>\n<meta property=\"og:url\" content=\"https:\/\/charlie-liveshow.com\/Tentation-erotique\/produit\/le-collier-de-cuir\/\" \/>\n<meta property=\"og:site_name\" content=\"TENTATIONS \u00c9ROTIQUES par Charlie Liveshow\" \/>\n<meta property=\"article:publisher\" content=\"https:\/\/www.facebook.com\/charlielivetantra\" \/>\n<meta property=\"article:modified_time\" content=\"2018-07-09T18:50:57+00:00\" \/>\n<meta property=\"og:image\" content=\"https:\/\/charlie-liveshow.com\/Tentation-erotique\/wp-content\/uploads\/2017\/11\/41hghD5FvAL.jpg\" \/>\n\t<meta property=\"og:image:width\" content=\"306\" \/>\n\t<meta property=\"og:image:height\" content=\"500\" \/>\n\t<meta property=\"og:image:type\" content=\"image\/jpeg\" \/>\n<meta name=\"twitter:card\" content=\"summary_large_image\" \/>\n<meta name=\"twitter:site\" content=\"@Charlieliveshow\" \/>\n<script type=\"application\/ld+json\" class=\"yoast-schema-graph\">{\"@context\":\"https:\/\/schema.org\",\"@graph\":[{\"@type\":\"WebPage\",\"@id\":\"https:\/\/charlie-liveshow.com\/Tentation-erotique\/produit\/le-collier-de-cuir\/\",\"url\":\"https:\/\/charlie-liveshow.com\/Tentation-erotique\/produit\/le-collier-de-cuir\/\",\"name\":\"Le collier de cuir, \u00e9loge de la Domination - Charlie TENTATIONS\",\"isPartOf\":{\"@id\":\"https:\/\/charlie-liveshow.com\/Tentation-erotique\/#website\"},\"datePublished\":\"2017-11-02T17:15:48+00:00\",\"dateModified\":\"2018-07-09T18:50:57+00:00\",\"breadcrumb\":{\"@id\":\"https:\/\/charlie-liveshow.com\/Tentation-erotique\/produit\/le-collier-de-cuir\/#breadcrumb\"},\"inLanguage\":\"fr-FR\",\"potentialAction\":[{\"@type\":\"ReadAction\",\"target\":[\"https:\/\/charlie-liveshow.com\/Tentation-erotique\/produit\/le-collier-de-cuir\/\"]}]},{\"@type\":\"BreadcrumbList\",\"@id\":\"https:\/\/charlie-liveshow.com\/Tentation-erotique\/produit\/le-collier-de-cuir\/#breadcrumb\",\"itemListElement\":[{\"@type\":\"ListItem\",\"position\":1,\"name\":\"Charlie r\u00e9veille vos sens\",\"item\":\"https:\/\/charlie-liveshow.com\/Tentation-erotique\/page-d-accueil-commerce\/\"},{\"@type\":\"ListItem\",\"position\":2,\"name\":\"Livres EROTIQUES\",\"item\":\"https:\/\/charlie-liveshow.com\/Tentation-erotique\/categorie-produit\/livres-erotiques\/\"},{\"@type\":\"ListItem\",\"position\":3,\"name\":\"Le collier de cuir, \u00e9loge de la Domination\"}]},{\"@type\":\"WebSite\",\"@id\":\"https:\/\/charlie-liveshow.com\/Tentation-erotique\/#website\",\"url\":\"https:\/\/charlie-liveshow.com\/Tentation-erotique\/\",\"name\":\"TENTATIONS \u00c9ROTIQUES par Charlie Liveshow\",\"description\":\"Eveillez vous \u00e0 l&#039;\u00e9rotisme\",\"publisher\":{\"@id\":\"https:\/\/charlie-liveshow.com\/Tentation-erotique\/#organization\"},\"potentialAction\":[{\"@type\":\"SearchAction\",\"target\":{\"@type\":\"EntryPoint\",\"urlTemplate\":\"https:\/\/charlie-liveshow.com\/Tentation-erotique\/?s={search_term_string}\"},\"query-input\":\"required name=search_term_string\"}],\"inLanguage\":\"fr-FR\"},{\"@type\":\"Organization\",\"@id\":\"https:\/\/charlie-liveshow.com\/Tentation-erotique\/#organization\",\"name\":\"charlie-liveshow\",\"url\":\"https:\/\/charlie-liveshow.com\/Tentation-erotique\/\",\"logo\":{\"@type\":\"ImageObject\",\"inLanguage\":\"fr-FR\",\"@id\":\"https:\/\/charlie-liveshow.com\/Tentation-erotique\/#\/schema\/logo\/image\/\",\"url\":\"https:\/\/charlie-liveshow.com\/Tentation-erotique\/wp-content\/uploads\/2013\/05\/Charlie_folies_logo.png\",\"contentUrl\":\"https:\/\/charlie-liveshow.com\/Tentation-erotique\/wp-content\/uploads\/2013\/05\/Charlie_folies_logo.png\",\"width\":210,\"height\":206,\"caption\":\"charlie-liveshow\"},\"image\":{\"@id\":\"https:\/\/charlie-liveshow.com\/Tentation-erotique\/#\/schema\/logo\/image\/\"},\"sameAs\":[\"https:\/\/www.facebook.com\/charlielivetantra\",\"https:\/\/twitter.com\/Charlieliveshow\",\"https:\/\/www.instagram.com\/charlie_liveshow\/\",\"https:\/\/www.youtube.com\/CharlieTantra\"]}]}<\/script>\n<!-- \/ Yoast SEO plugin. -->","yoast_head_json":{"title":"Le collier de cuir, \u00e9loge de la Domination - Charlie TENTATIONS","robots":{"index":"index","follow":"follow","max-snippet":"max-snippet:-1","max-image-preview":"max-image-preview:large","max-video-preview":"max-video-preview:-1"},"canonical":"https:\/\/charlie-liveshow.com\/Tentation-erotique\/produit\/le-collier-de-cuir\/","og_locale":"fr_FR","og_type":"article","og_title":"Le collier de cuir, \u00e9loge de la Domination - Charlie TENTATIONS","og_url":"https:\/\/charlie-liveshow.com\/Tentation-erotique\/produit\/le-collier-de-cuir\/","og_site_name":"TENTATIONS \u00c9ROTIQUES par Charlie Liveshow","article_publisher":"https:\/\/www.facebook.com\/charlielivetantra","article_modified_time":"2018-07-09T18:50:57+00:00","og_image":[{"width":306,"height":500,"url":"https:\/\/charlie-liveshow.com\/Tentation-erotique\/wp-content\/uploads\/2017\/11\/41hghD5FvAL.jpg","type":"image\/jpeg"}],"twitter_card":"summary_large_image","twitter_site":"@Charlieliveshow","schema":{"@context":"https:\/\/schema.org","@graph":[{"@type":"WebPage","@id":"https:\/\/charlie-liveshow.com\/Tentation-erotique\/produit\/le-collier-de-cuir\/","url":"https:\/\/charlie-liveshow.com\/Tentation-erotique\/produit\/le-collier-de-cuir\/","name":"Le collier de cuir, \u00e9loge de la Domination - Charlie TENTATIONS","isPartOf":{"@id":"https:\/\/charlie-liveshow.com\/Tentation-erotique\/#website"},"datePublished":"2017-11-02T17:15:48+00:00","dateModified":"2018-07-09T18:50:57+00:00","breadcrumb":{"@id":"https:\/\/charlie-liveshow.com\/Tentation-erotique\/produit\/le-collier-de-cuir\/#breadcrumb"},"inLanguage":"fr-FR","potentialAction":[{"@type":"ReadAction","target":["https:\/\/charlie-liveshow.com\/Tentation-erotique\/produit\/le-collier-de-cuir\/"]}]},{"@type":"BreadcrumbList","@id":"https:\/\/charlie-liveshow.com\/Tentation-erotique\/produit\/le-collier-de-cuir\/#breadcrumb","itemListElement":[{"@type":"ListItem","position":1,"name":"Charlie r\u00e9veille vos sens","item":"https:\/\/charlie-liveshow.com\/Tentation-erotique\/page-d-accueil-commerce\/"},{"@type":"ListItem","position":2,"name":"Livres EROTIQUES","item":"https:\/\/charlie-liveshow.com\/Tentation-erotique\/categorie-produit\/livres-erotiques\/"},{"@type":"ListItem","position":3,"name":"Le collier de cuir, \u00e9loge de la Domination"}]},{"@type":"WebSite","@id":"https:\/\/charlie-liveshow.com\/Tentation-erotique\/#website","url":"https:\/\/charlie-liveshow.com\/Tentation-erotique\/","name":"TENTATIONS \u00c9ROTIQUES par Charlie Liveshow","description":"Eveillez vous \u00e0 l&#039;\u00e9rotisme","publisher":{"@id":"https:\/\/charlie-liveshow.com\/Tentation-erotique\/#organization"},"potentialAction":[{"@type":"SearchAction","target":{"@type":"EntryPoint","urlTemplate":"https:\/\/charlie-liveshow.com\/Tentation-erotique\/?s={search_term_string}"},"query-input":"required name=search_term_string"}],"inLanguage":"fr-FR"},{"@type":"Organization","@id":"https:\/\/charlie-liveshow.com\/Tentation-erotique\/#organization","name":"charlie-liveshow","url":"https:\/\/charlie-liveshow.com\/Tentation-erotique\/","logo":{"@type":"ImageObject","inLanguage":"fr-FR","@id":"https:\/\/charlie-liveshow.com\/Tentation-erotique\/#\/schema\/logo\/image\/","url":"https:\/\/charlie-liveshow.com\/Tentation-erotique\/wp-content\/uploads\/2013\/05\/Charlie_folies_logo.png","contentUrl":"https:\/\/charlie-liveshow.com\/Tentation-erotique\/wp-content\/uploads\/2013\/05\/Charlie_folies_logo.png","width":210,"height":206,"caption":"charlie-liveshow"},"image":{"@id":"https:\/\/charlie-liveshow.com\/Tentation-erotique\/#\/schema\/logo\/image\/"},"sameAs":["https:\/\/www.facebook.com\/charlielivetantra","https:\/\/twitter.com\/Charlieliveshow","https:\/\/www.instagram.com\/charlie_liveshow\/","https:\/\/www.youtube.com\/CharlieTantra"]}]}},"_links":{"self":[{"href":"https:\/\/charlie-liveshow.com\/Tentation-erotique\/wp-json\/wp\/v2\/product\/19"}],"collection":[{"href":"https:\/\/charlie-liveshow.com\/Tentation-erotique\/wp-json\/wp\/v2\/product"}],"about":[{"href":"https:\/\/charlie-liveshow.com\/Tentation-erotique\/wp-json\/wp\/v2\/types\/product"}],"replies":[{"embeddable":true,"href":"https:\/\/charlie-liveshow.com\/Tentation-erotique\/wp-json\/wp\/v2\/comments?post=19"}],"version-history":[{"count":0,"href":"https:\/\/charlie-liveshow.com\/Tentation-erotique\/wp-json\/wp\/v2\/product\/19\/revisions"}],"wp:featuredmedia":[{"embeddable":true,"href":"https:\/\/charlie-liveshow.com\/Tentation-erotique\/wp-json\/wp\/v2\/media\/377"}],"wp:attachment":[{"href":"https:\/\/charlie-liveshow.com\/Tentation-erotique\/wp-json\/wp\/v2\/media?parent=19"}],"wp:term":[{"taxonomy":"product_cat","embeddable":true,"href":"https:\/\/charlie-liveshow.com\/Tentation-erotique\/wp-json\/wp\/v2\/product_cat?post=19"},{"taxonomy":"product_tag","embeddable":true,"href":"https:\/\/charlie-liveshow.com\/Tentation-erotique\/wp-json\/wp\/v2\/product_tag?post=19"}],"curies":[{"name":"wp","href":"https:\/\/api.w.org\/{rel}","templated":true}]}}