{"id":114,"date":"2018-05-30T11:31:58","date_gmt":"2018-05-30T09:31:58","guid":{"rendered":"https:\/\/charlie-liveshow.com\/Tentation-erotique\/?post_type=product&#038;p=114"},"modified":"2021-01-13T21:00:17","modified_gmt":"2021-01-13T20:00:17","slug":"livecam-sexe-camgirl-intense","status":"publish","type":"product","link":"https:\/\/charlie-liveshow.com\/Tentation-erotique\/produit\/livecam-sexe-camgirl-intense\/","title":{"rendered":"Livecam Sexe"},"content":{"rendered":"<h2>Livecam\u00a0Sexe, une porn star \u00e0 domicile.<\/h2>\n<p>Plein de joujoux nous attendent pour nos jeux sexuels et coquins : plug, chapelet anal, godes entre 17 et 22 cm, boules de geisha, vibros \u2026 et bien s\u00fbr mes doigts ! <strong>Ce que tu auras au choix pendant le show : <\/strong>Anal &#8211; <strong>Squirt<\/strong> &#8211; Deep Throat &#8211; DOUBLE PENETRATION &#8211; URO &#8211; Foot Fetish &#8211; <strong>Sc\u00e9nario &amp; Jeux de r\u00f4les&#8230;<\/strong><\/p>\n<p>Tu veux passer un moment chaud avec moi ? Un moment sous le signe de la jouissance et du plaisir partag\u00e9 ? Tu veux voir une nana se l\u00e2cher compl\u00e8tement pour toi, avec toi, loin des tabous\u2026 le LIVECAM SEXE 100% est l\u00e0 pour nous satisfaire tous les deux ! Rejoins moi dans un livecam \u00e0 perdre le souffle ! Plein de joujoux nous attendent pour nos jeux sexuels et coquins : plugs, chapelets anal, godes entre 17 et 22 cm, boules de geisha, vibros \u2026 et bien s\u00fbr mes doigts<\/p>\n<h3>Le livecam sexe en d\u00e9tail :<\/h3>\n<ul>\n<li>masturbation clito, avec doigts et\u00a0\/ou vibro<\/li>\n<li>masturbation vaginale et anale<\/li>\n<li>fellation gode<\/li>\n<li>p\u00e9n\u00e9tration vaginale, j\u2019ai plein de jouets qui n\u2019attendent que \u00e7a !<\/li>\n<li>p\u00e9n\u00e9tration anale, vive la sodomie !<\/li>\n<li>jeux de r\u00f4les (hors soumission, pour soumission voir show extr\u00eame)<\/li>\n<li>tenue de ton choix (lingerie, \u00e9coli\u00e8re, soubrette, infirmi\u00e8re, wonder woman, secr\u00e9taire)<\/li>\n<li>Squirt (20min de show minimum)<\/li>\n<\/ul>\n<h3>LIVECAM SEXE, autres dur\u00e9es possibles<\/h3>\n<ul>\n<li>dur\u00e9e du show <strong>20 min<\/strong> <a href=\"https:\/\/www.vends-ta-culotte.com\/product\/8462\/Show+SEXE%21+par+skype+-+20mn?referral=8227\" target=\"_blank\" rel=\"noopener\">&gt; VOIR \u2665<\/a><\/li>\n<li>dur\u00e9e du show <strong>30 min<\/strong> <a href=\"https:\/\/www.vends-ta-culotte.com\/product\/8463\/Show+SEXE%21+par+skype+-+30mn?referral=8227\" target=\"_blank\" rel=\"noopener\">&gt; VOIR \u2665<\/a><\/li>\n<li>PENSE A LAISSER UN COMMENTAIRE (apr\u00e8s le livecam)<\/li>\n<\/ul>\n<h4><strong>FAN DE BDSM OU FETISH ? <\/strong><\/h4>\n<p>Mes <a href=\"https:\/\/charlie-liveshow.com\/Tentation-erotique\/produit\/livecam-sexe-extreme\/\">cam2cam soumission<\/a> sont parfaits pour toi !<\/p>\n<h4><strong>LAISSE UNE NOTE &amp; UN COMMENTAIRE sur Vends-ta-culotte<\/strong><\/h4>\n<div class=\"su-button-center\"><a href=\"https:\/\/www.vends-ta-culotte.com\/user-products\/8227?referral=8227\" class=\"su-button su-button-style-flat su-button-wide\" style=\"color:#fff;background-color:#6ec1e4;border-color:#589bb7;border-radius:0px;-moz-border-radius:0px;-webkit-border-radius:0px\" target=\"__blank\" rel=\"nofollow\"><span style=\"color:#fff;padding:8px 26px;font-size:20px;line-height:30px;border-color:#9ad4ed;border-radius:0px;-moz-border-radius:0px;-webkit-border-radius:0px;text-shadow:0px 0px 0px #ed1e79;-moz-text-shadow:0px 0px 0px #ed1e79;-webkit-text-shadow:0px 0px 0px #ed1e79\"><i class=\"sui sui-bell-o\" style=\"font-size:20px;color:#fff\"><\/i> Tout mes livecam sur Vends-ta-culotte<\/span><\/a><\/div>\n<p>&nbsp;<\/p>\n<div style=\"width: 640px;\" class=\"wp-video\"><!--[if lt IE 9]><script>document.createElement('video');<\/script><![endif]-->\n<video class=\"wp-video-shortcode\" id=\"video-114-1\" width=\"640\" height=\"360\" preload=\"metadata\" controls=\"controls\"><source type=\"video\/mp4\" src=\"https:\/\/charlie-liveshow.com\/Tentation-erotique\/wp-content\/uploads\/2018\/07\/Douche-torride-ASS.mp4?_=1\" \/><a href=\"https:\/\/charlie-liveshow.com\/Tentation-erotique\/wp-content\/uploads\/2018\/07\/Douche-torride-ASS.mp4\">https:\/\/charlie-liveshow.com\/Tentation-erotique\/wp-content\/uploads\/2018\/07\/Douche-torride-ASS.mp4<\/a><\/video><\/div>\n","protected":false},"excerpt":{"rendered":"<p>Notre rendez vous So Sex. Un livecam parfait pour ceux qui aiment les petites chiennes, les femmes fontaines ou les reines de l&rsquo;anal ! <strong>Ce que tu auras au choix pendant le show : <\/strong>Anal &#8211; <strong>Squirt<\/strong> &#8211; Deep Throat &#8211; DOUBLE PENETRATION &#8211; URO &#8211; Foot Fetish &#8211; <strong>Sc\u00e9nario &amp; Jeux de r\u00f4les<\/strong><\/p>\n<p>Donne du caract\u00e8re \u00e0 notre rendez-vous en me proposant un sc\u00e9nario<\/p>\n<p><strong>FAN DE BDSM OU FETISH :<\/strong> D\u00e9couvre mes <a href=\"https:\/\/charlie-liveshow.com\/Tentation-erotique\/produit\/livecam-sexe-extreme\/\">cam2cam soumission ?<\/a><\/p>\n<h3>LIVECAM SEXE, autres dur\u00e9es possibles<\/h3>\n<ul>\n<li>dur\u00e9e du show <strong>20 min<\/strong> <a href=\"https:\/\/www.vends-ta-culotte.com\/product\/8462\/Show+SEXE%21+par+skype+-+20mn?referral=8227\" target=\"_blank\" rel=\"noopener\">&gt; VOIR \u2665<\/a><\/li>\n<li>dur\u00e9e du show <strong>30 min<\/strong> <a href=\"https:\/\/www.vends-ta-culotte.com\/product\/8463\/Show+SEXE%21+par+skype+-+30mn?referral=8227\" target=\"_blank\" rel=\"noopener\">&gt; VOIR \u2665<\/a><\/li>\n<li>PENSE A LAISSER UN COMMENTAIRE (apr\u00e8s le livecam)<\/li>\n<\/ul>\n<p>&nbsp;<\/p>\n<p>&nbsp;<\/p>\n","protected":false},"featured_media":110,"comment_status":"open","ping_status":"closed","template":"","meta":{"ub_ctt_via":""},"product_cat":[20],"product_tag":[28,26,29,27],"yoast_head":"<!-- This site is optimized with the Yoast SEO plugin v22.0 - https:\/\/yoast.com\/wordpress\/plugins\/seo\/ -->\n<title>Livecam Sexe - le show cam pour les amoureux de sexe TENTATIONS<\/title>\n<meta name=\"description\" content=\"Notre rendez vous So Sex. Un livecam parfait pour ceux qui aiment les petites chiennes, les femmes fontaines ou les reines de l&#039;anal !\" \/>\n<meta name=\"robots\" content=\"index, follow, max-snippet:-1, max-image-preview:large, max-video-preview:-1\" \/>\n<link rel=\"canonical\" href=\"https:\/\/charlie-liveshow.com\/Tentation-erotique\/produit\/livecam-sexe-camgirl-intense\/\" \/>\n<meta property=\"og:locale\" content=\"fr_FR\" \/>\n<meta property=\"og:type\" content=\"article\" \/>\n<meta property=\"og:title\" content=\"Livecam Sexe - le show cam pour les amoureux de sexe TENTATIONS\" \/>\n<meta property=\"og:description\" content=\"Notre rendez vous So Sex. Un livecam parfait pour ceux qui aiment les petites chiennes, les femmes fontaines ou les reines de l&#039;anal !\" \/>\n<meta property=\"og:url\" content=\"https:\/\/charlie-liveshow.com\/Tentation-erotique\/produit\/livecam-sexe-camgirl-intense\/\" \/>\n<meta property=\"og:site_name\" content=\"TENTATIONS \u00c9ROTIQUES par Charlie Liveshow\" \/>\n<meta property=\"article:publisher\" content=\"https:\/\/www.facebook.com\/charlielivetantra\" \/>\n<meta property=\"article:modified_time\" content=\"2021-01-13T20:00:17+00:00\" \/>\n<meta property=\"og:image\" content=\"https:\/\/charlie-liveshow.com\/Tentation-erotique\/wp-content\/uploads\/2018\/05\/livecam-charlie-sex-20.jpg\" \/>\n\t<meta property=\"og:image:width\" content=\"530\" \/>\n\t<meta property=\"og:image:height\" content=\"800\" \/>\n\t<meta property=\"og:image:type\" content=\"image\/jpeg\" \/>\n<meta name=\"twitter:card\" content=\"summary_large_image\" \/>\n<meta name=\"twitter:site\" content=\"@Charlieliveshow\" \/>\n<meta name=\"twitter:label1\" content=\"Dur\u00e9e de lecture estim\u00e9e\" \/>\n\t<meta name=\"twitter:data1\" content=\"2 minutes\" \/>\n<script type=\"application\/ld+json\" class=\"yoast-schema-graph\">{\"@context\":\"https:\/\/schema.org\",\"@graph\":[{\"@type\":\"WebPage\",\"@id\":\"https:\/\/charlie-liveshow.com\/Tentation-erotique\/produit\/livecam-sexe-camgirl-intense\/\",\"url\":\"https:\/\/charlie-liveshow.com\/Tentation-erotique\/produit\/livecam-sexe-camgirl-intense\/\",\"name\":\"Livecam Sexe - le show cam pour les amoureux de sexe TENTATIONS\",\"isPartOf\":{\"@id\":\"https:\/\/charlie-liveshow.com\/Tentation-erotique\/#website\"},\"datePublished\":\"2018-05-30T09:31:58+00:00\",\"dateModified\":\"2021-01-13T20:00:17+00:00\",\"description\":\"Notre rendez vous So Sex. Un livecam parfait pour ceux qui aiment les petites chiennes, les femmes fontaines ou les reines de l'anal !\",\"breadcrumb\":{\"@id\":\"https:\/\/charlie-liveshow.com\/Tentation-erotique\/produit\/livecam-sexe-camgirl-intense\/#breadcrumb\"},\"inLanguage\":\"fr-FR\",\"potentialAction\":[{\"@type\":\"ReadAction\",\"target\":[\"https:\/\/charlie-liveshow.com\/Tentation-erotique\/produit\/livecam-sexe-camgirl-intense\/\"]}]},{\"@type\":\"BreadcrumbList\",\"@id\":\"https:\/\/charlie-liveshow.com\/Tentation-erotique\/produit\/livecam-sexe-camgirl-intense\/#breadcrumb\",\"itemListElement\":[{\"@type\":\"ListItem\",\"position\":1,\"name\":\"Charlie r\u00e9veille vos sens\",\"item\":\"https:\/\/charlie-liveshow.com\/Tentation-erotique\/page-d-accueil-commerce\/\"},{\"@type\":\"ListItem\",\"position\":2,\"name\":\"Camgirl LIVESHOW\",\"item\":\"https:\/\/charlie-liveshow.com\/Tentation-erotique\/categorie-produit\/best-of-camgirl\/\"},{\"@type\":\"ListItem\",\"position\":3,\"name\":\"Livecam Sexe\"}]},{\"@type\":\"WebSite\",\"@id\":\"https:\/\/charlie-liveshow.com\/Tentation-erotique\/#website\",\"url\":\"https:\/\/charlie-liveshow.com\/Tentation-erotique\/\",\"name\":\"TENTATIONS \u00c9ROTIQUES par Charlie Liveshow\",\"description\":\"Eveillez vous \u00e0 l&#039;\u00e9rotisme\",\"publisher\":{\"@id\":\"https:\/\/charlie-liveshow.com\/Tentation-erotique\/#organization\"},\"potentialAction\":[{\"@type\":\"SearchAction\",\"target\":{\"@type\":\"EntryPoint\",\"urlTemplate\":\"https:\/\/charlie-liveshow.com\/Tentation-erotique\/?s={search_term_string}\"},\"query-input\":\"required name=search_term_string\"}],\"inLanguage\":\"fr-FR\"},{\"@type\":\"Organization\",\"@id\":\"https:\/\/charlie-liveshow.com\/Tentation-erotique\/#organization\",\"name\":\"charlie-liveshow\",\"url\":\"https:\/\/charlie-liveshow.com\/Tentation-erotique\/\",\"logo\":{\"@type\":\"ImageObject\",\"inLanguage\":\"fr-FR\",\"@id\":\"https:\/\/charlie-liveshow.com\/Tentation-erotique\/#\/schema\/logo\/image\/\",\"url\":\"https:\/\/charlie-liveshow.com\/Tentation-erotique\/wp-content\/uploads\/2013\/05\/Charlie_folies_logo.png\",\"contentUrl\":\"https:\/\/charlie-liveshow.com\/Tentation-erotique\/wp-content\/uploads\/2013\/05\/Charlie_folies_logo.png\",\"width\":210,\"height\":206,\"caption\":\"charlie-liveshow\"},\"image\":{\"@id\":\"https:\/\/charlie-liveshow.com\/Tentation-erotique\/#\/schema\/logo\/image\/\"},\"sameAs\":[\"https:\/\/www.facebook.com\/charlielivetantra\",\"https:\/\/twitter.com\/Charlieliveshow\",\"https:\/\/www.instagram.com\/charlie_liveshow\/\",\"https:\/\/www.youtube.com\/CharlieTantra\"]}]}<\/script>\n<!-- \/ Yoast SEO plugin. -->","yoast_head_json":{"title":"Livecam Sexe - le show cam pour les amoureux de sexe TENTATIONS","description":"Notre rendez vous So Sex. Un livecam parfait pour ceux qui aiment les petites chiennes, les femmes fontaines ou les reines de l'anal !","robots":{"index":"index","follow":"follow","max-snippet":"max-snippet:-1","max-image-preview":"max-image-preview:large","max-video-preview":"max-video-preview:-1"},"canonical":"https:\/\/charlie-liveshow.com\/Tentation-erotique\/produit\/livecam-sexe-camgirl-intense\/","og_locale":"fr_FR","og_type":"article","og_title":"Livecam Sexe - le show cam pour les amoureux de sexe TENTATIONS","og_description":"Notre rendez vous So Sex. Un livecam parfait pour ceux qui aiment les petites chiennes, les femmes fontaines ou les reines de l'anal !","og_url":"https:\/\/charlie-liveshow.com\/Tentation-erotique\/produit\/livecam-sexe-camgirl-intense\/","og_site_name":"TENTATIONS \u00c9ROTIQUES par Charlie Liveshow","article_publisher":"https:\/\/www.facebook.com\/charlielivetantra","article_modified_time":"2021-01-13T20:00:17+00:00","og_image":[{"width":530,"height":800,"url":"https:\/\/charlie-liveshow.com\/Tentation-erotique\/wp-content\/uploads\/2018\/05\/livecam-charlie-sex-20.jpg","type":"image\/jpeg"}],"twitter_card":"summary_large_image","twitter_site":"@Charlieliveshow","twitter_misc":{"Dur\u00e9e de lecture estim\u00e9e":"2 minutes"},"schema":{"@context":"https:\/\/schema.org","@graph":[{"@type":"WebPage","@id":"https:\/\/charlie-liveshow.com\/Tentation-erotique\/produit\/livecam-sexe-camgirl-intense\/","url":"https:\/\/charlie-liveshow.com\/Tentation-erotique\/produit\/livecam-sexe-camgirl-intense\/","name":"Livecam Sexe - le show cam pour les amoureux de sexe TENTATIONS","isPartOf":{"@id":"https:\/\/charlie-liveshow.com\/Tentation-erotique\/#website"},"datePublished":"2018-05-30T09:31:58+00:00","dateModified":"2021-01-13T20:00:17+00:00","description":"Notre rendez vous So Sex. Un livecam parfait pour ceux qui aiment les petites chiennes, les femmes fontaines ou les reines de l'anal !","breadcrumb":{"@id":"https:\/\/charlie-liveshow.com\/Tentation-erotique\/produit\/livecam-sexe-camgirl-intense\/#breadcrumb"},"inLanguage":"fr-FR","potentialAction":[{"@type":"ReadAction","target":["https:\/\/charlie-liveshow.com\/Tentation-erotique\/produit\/livecam-sexe-camgirl-intense\/"]}]},{"@type":"BreadcrumbList","@id":"https:\/\/charlie-liveshow.com\/Tentation-erotique\/produit\/livecam-sexe-camgirl-intense\/#breadcrumb","itemListElement":[{"@type":"ListItem","position":1,"name":"Charlie r\u00e9veille vos sens","item":"https:\/\/charlie-liveshow.com\/Tentation-erotique\/page-d-accueil-commerce\/"},{"@type":"ListItem","position":2,"name":"Camgirl LIVESHOW","item":"https:\/\/charlie-liveshow.com\/Tentation-erotique\/categorie-produit\/best-of-camgirl\/"},{"@type":"ListItem","position":3,"name":"Livecam Sexe"}]},{"@type":"WebSite","@id":"https:\/\/charlie-liveshow.com\/Tentation-erotique\/#website","url":"https:\/\/charlie-liveshow.com\/Tentation-erotique\/","name":"TENTATIONS \u00c9ROTIQUES par Charlie Liveshow","description":"Eveillez vous \u00e0 l&#039;\u00e9rotisme","publisher":{"@id":"https:\/\/charlie-liveshow.com\/Tentation-erotique\/#organization"},"potentialAction":[{"@type":"SearchAction","target":{"@type":"EntryPoint","urlTemplate":"https:\/\/charlie-liveshow.com\/Tentation-erotique\/?s={search_term_string}"},"query-input":"required name=search_term_string"}],"inLanguage":"fr-FR"},{"@type":"Organization","@id":"https:\/\/charlie-liveshow.com\/Tentation-erotique\/#organization","name":"charlie-liveshow","url":"https:\/\/charlie-liveshow.com\/Tentation-erotique\/","logo":{"@type":"ImageObject","inLanguage":"fr-FR","@id":"https:\/\/charlie-liveshow.com\/Tentation-erotique\/#\/schema\/logo\/image\/","url":"https:\/\/charlie-liveshow.com\/Tentation-erotique\/wp-content\/uploads\/2013\/05\/Charlie_folies_logo.png","contentUrl":"https:\/\/charlie-liveshow.com\/Tentation-erotique\/wp-content\/uploads\/2013\/05\/Charlie_folies_logo.png","width":210,"height":206,"caption":"charlie-liveshow"},"image":{"@id":"https:\/\/charlie-liveshow.com\/Tentation-erotique\/#\/schema\/logo\/image\/"},"sameAs":["https:\/\/www.facebook.com\/charlielivetantra","https:\/\/twitter.com\/Charlieliveshow","https:\/\/www.instagram.com\/charlie_liveshow\/","https:\/\/www.youtube.com\/CharlieTantra"]}]}},"_links":{"self":[{"href":"https:\/\/charlie-liveshow.com\/Tentation-erotique\/wp-json\/wp\/v2\/product\/114"}],"collection":[{"href":"https:\/\/charlie-liveshow.com\/Tentation-erotique\/wp-json\/wp\/v2\/product"}],"about":[{"href":"https:\/\/charlie-liveshow.com\/Tentation-erotique\/wp-json\/wp\/v2\/types\/product"}],"replies":[{"embeddable":true,"href":"https:\/\/charlie-liveshow.com\/Tentation-erotique\/wp-json\/wp\/v2\/comments?post=114"}],"version-history":[{"count":0,"href":"https:\/\/charlie-liveshow.com\/Tentation-erotique\/wp-json\/wp\/v2\/product\/114\/revisions"}],"wp:featuredmedia":[{"embeddable":true,"href":"https:\/\/charlie-liveshow.com\/Tentation-erotique\/wp-json\/wp\/v2\/media\/110"}],"wp:attachment":[{"href":"https:\/\/charlie-liveshow.com\/Tentation-erotique\/wp-json\/wp\/v2\/media?parent=114"}],"wp:term":[{"taxonomy":"product_cat","embeddable":true,"href":"https:\/\/charlie-liveshow.com\/Tentation-erotique\/wp-json\/wp\/v2\/product_cat?post=114"},{"taxonomy":"product_tag","embeddable":true,"href":"https:\/\/charlie-liveshow.com\/Tentation-erotique\/wp-json\/wp\/v2\/product_tag?post=114"}],"curies":[{"name":"wp","href":"https:\/\/api.w.org\/{rel}","templated":true}]}}