{"id":1034,"date":"2018-12-03T15:52:00","date_gmt":"2018-12-03T14:52:00","guid":{"rendered":"https:\/\/charlie-liveshow.com\/Tentation-erotique\/?post_type=product&#038;p=1034"},"modified":"2020-01-17T15:15:16","modified_gmt":"2020-01-17T14:15:16","slug":"colis-sextoys-numero-we-vibe-4","status":"publish","type":"product","link":"https:\/\/charlie-liveshow.com\/Tentation-erotique\/produit\/colis-sextoys-numero-we-vibe-4\/","title":{"rendered":"Colis sextoys num\u00e9ro 4 &#8211; We VIBE 4"},"content":{"rendered":"<p><strong>Les sextoys d&rsquo;occasions. La sexualit\u00e9 ludique c&rsquo;est pour tous !<\/strong><\/p>\n<h2>CONTENU du colis :<\/h2>\n<p>Ce colis de sextoys d&rsquo;occasion contient le <b>sextoy de couple WE VIBE 4 <\/b>(valeur neuf\u00a0 80\u20ac), le <strong>double stimulateur<\/strong> point G et anal (valeur neuf 35\u20ac), le vibro style DOLPHIN de <strong>FUN FACTORY<\/strong>\u00a0(valeur 59\u20ac), le stimulateur clitoridien<b>\u00a0CARESS de Adrian Lastic<\/b>\u00a0vendu neuf \u00e0 70\u20ac et le <strong>SATISFYER 2<\/strong> NEUF (valeur 29\u20ac95) D\u00e9sol\u00e9 il n&rsquo;est pas sur certaines photos je l&rsquo;ai rajout\u00e9 apr\u00e8s.<\/p>\n<p>Valeur du colis <strong>neuf :\u00a0 273.95\u20ac.\u00a0<\/strong>Le colis complet des 5 sex-toys d&rsquo;occasions est <strong>vendu 60\u20ac<\/strong> (+ frais de livraison)<\/p>\n<div class=\"su-spacer\" style=\"height:20px\"><\/div>\n<a id=\"livraison\"><\/a><br \/>\n<div class=\"su-spacer\" style=\"height:20px\"><\/div>\n<h3>LIVRAISON :<\/h3>\n<p>Le colis est envoy\u00e9 par <strong>Mondial Relais<\/strong> \u00e0 votre point relais le plus proche. D\u00e9s r\u00e9ception de votre commande je vous contacte par mail pour vous demander \u00e0 quel point relais je vous envoi votre colis de sextoys. Pour <strong>choisir votre point relais <a href=\"https:\/\/www.mondialrelay.fr\/trouver-le-point-relais-le-plus-proche-de-chez-moi\/\" target=\"_blank\" rel=\"noopener noreferrer\">suivez ce lien<\/a><\/strong><\/p>\n<p>La livraison est effectu\u00e9 par mondial relais <strong>sous 4 jours ouvr\u00e9s \u00e0 partir de la r\u00e9ception de l&rsquo;adresse du point relais<\/strong> de votre choix.<br \/>\n<div class=\"su-spacer\" style=\"height:20px\"><\/div>\n<h4 style=\"text-align: left\">CONCERNANT les colis de sextoy d&rsquo;occasion<\/h4>\n<p>Les sextoys contenu dans ce coffret sont tous des sextoys d&rsquo;occasions. <strong>Ils ont \u00e9t\u00e9 test\u00e9s pour mes <a href=\"https:\/\/charlie-liveshow.com\/test-sex-toy-decale-by-charlie\/\" target=\"_blank\" rel=\"noopener noreferrer\">test sextoy<\/a> une ou deux fois pas plus.<\/strong><\/p>\n<p>Je prend soin de les nettoyer parfaitement avant l&rsquo;envoi. Ils sont tous en \u00e9tat de fonctionnement. Les p\u00eeles \u00e9ventuelles ne sont pas fournis avec.<\/p>\n<p>&nbsp;<\/p>\n","protected":false},"excerpt":{"rendered":"<p><strong>Colis de sextoys pour tous NUMERO 4<\/strong><\/p>\n<p>Ce colis de sextoys d&rsquo;occasion contient\u00a0le WE VIBE 4 pour couple &#8211; le SATISFYER 2 (neuf) &#8211; un double stimulateur Point G &amp; anal &#8211; le DOLPHIN Fun Factory &amp; le CARESS par Adrian Lastic<\/p>\n<p>Valeur neuf : 273.95\u20ac &#8211; vendu \u00e0 60\u20ac (+ frais de port 6.20\u20ac)<\/p>\n<p style=\"text-align: center\">Colis exp\u00e9di\u00e9 sous <a href=\"#livraison\">4 jours*<\/a> par mondial relais en France, Belgique et Luxembourg UNIQUEMENT<\/p>\n","protected":false},"featured_media":1042,"comment_status":"closed","ping_status":"closed","template":"","meta":{"ub_ctt_via":""},"product_cat":[48],"product_tag":[62,34],"yoast_head":"<!-- This site is optimized with the Yoast SEO plugin v22.0 - https:\/\/yoast.com\/wordpress\/plugins\/seo\/ -->\n<title>Colis sextoys num\u00e9ro 4 - We VIBE 4 - Charlie TENTATIONS<\/title>\n<meta name=\"description\" content=\"Colis sextoys d&#039;occasions avec WE VIBE 4 pour couple - le SATISFYER 2 - un double stimulateur Point G &amp; anal - le DOLPHIN Fun Factory &amp; CARESS Adrian Lastic\" \/>\n<meta name=\"robots\" content=\"index, follow, max-snippet:-1, max-image-preview:large, max-video-preview:-1\" \/>\n<link rel=\"canonical\" href=\"https:\/\/charlie-liveshow.com\/Tentation-erotique\/produit\/colis-sextoys-numero-we-vibe-4\/\" \/>\n<meta property=\"og:locale\" content=\"fr_FR\" \/>\n<meta property=\"og:type\" content=\"article\" \/>\n<meta property=\"og:title\" content=\"Colis sextoys num\u00e9ro 4 - We VIBE 4 - Charlie TENTATIONS\" \/>\n<meta property=\"og:description\" content=\"Colis sextoys d&#039;occasions avec WE VIBE 4 pour couple - le SATISFYER 2 - un double stimulateur Point G &amp; anal - le DOLPHIN Fun Factory &amp; CARESS Adrian Lastic\" \/>\n<meta property=\"og:url\" content=\"https:\/\/charlie-liveshow.com\/Tentation-erotique\/produit\/colis-sextoys-numero-we-vibe-4\/\" \/>\n<meta property=\"og:site_name\" content=\"TENTATIONS \u00c9ROTIQUES par Charlie Liveshow\" \/>\n<meta property=\"article:publisher\" content=\"https:\/\/www.facebook.com\/charlielivetantra\" \/>\n<meta property=\"article:modified_time\" content=\"2020-01-17T14:15:16+00:00\" \/>\n<meta property=\"og:image\" content=\"https:\/\/charlie-liveshow.com\/Tentation-erotique\/wp-content\/uploads\/2018\/12\/sextoy-occasion-wevibe4.jpg\" \/>\n\t<meta property=\"og:image:width\" content=\"1024\" \/>\n\t<meta property=\"og:image:height\" content=\"678\" \/>\n\t<meta property=\"og:image:type\" content=\"image\/jpeg\" \/>\n<meta name=\"twitter:card\" content=\"summary_large_image\" \/>\n<meta name=\"twitter:site\" content=\"@Charlieliveshow\" \/>\n<meta name=\"twitter:label1\" content=\"Dur\u00e9e de lecture estim\u00e9e\" \/>\n\t<meta name=\"twitter:data1\" content=\"1 minute\" \/>\n<script type=\"application\/ld+json\" class=\"yoast-schema-graph\">{\"@context\":\"https:\/\/schema.org\",\"@graph\":[{\"@type\":\"WebPage\",\"@id\":\"https:\/\/charlie-liveshow.com\/Tentation-erotique\/produit\/colis-sextoys-numero-we-vibe-4\/\",\"url\":\"https:\/\/charlie-liveshow.com\/Tentation-erotique\/produit\/colis-sextoys-numero-we-vibe-4\/\",\"name\":\"Colis sextoys num\u00e9ro 4 - We VIBE 4 - Charlie TENTATIONS\",\"isPartOf\":{\"@id\":\"https:\/\/charlie-liveshow.com\/Tentation-erotique\/#website\"},\"datePublished\":\"2018-12-03T14:52:00+00:00\",\"dateModified\":\"2020-01-17T14:15:16+00:00\",\"description\":\"Colis sextoys d'occasions avec WE VIBE 4 pour couple - le SATISFYER 2 - un double stimulateur Point G & anal - le DOLPHIN Fun Factory & CARESS Adrian Lastic\",\"breadcrumb\":{\"@id\":\"https:\/\/charlie-liveshow.com\/Tentation-erotique\/produit\/colis-sextoys-numero-we-vibe-4\/#breadcrumb\"},\"inLanguage\":\"fr-FR\",\"potentialAction\":[{\"@type\":\"ReadAction\",\"target\":[\"https:\/\/charlie-liveshow.com\/Tentation-erotique\/produit\/colis-sextoys-numero-we-vibe-4\/\"]}]},{\"@type\":\"BreadcrumbList\",\"@id\":\"https:\/\/charlie-liveshow.com\/Tentation-erotique\/produit\/colis-sextoys-numero-we-vibe-4\/#breadcrumb\",\"itemListElement\":[{\"@type\":\"ListItem\",\"position\":1,\"name\":\"Charlie r\u00e9veille vos sens\",\"item\":\"https:\/\/charlie-liveshow.com\/Tentation-erotique\/page-d-accueil-commerce\/\"},{\"@type\":\"ListItem\",\"position\":2,\"name\":\"COLIS SEXTOYS ! Le plaisir pour tous\",\"item\":\"https:\/\/charlie-liveshow.com\/Tentation-erotique\/categorie-produit\/sextoys-doccasions\/\"},{\"@type\":\"ListItem\",\"position\":3,\"name\":\"Colis sextoys num\u00e9ro 4 &#8211; We VIBE 4\"}]},{\"@type\":\"WebSite\",\"@id\":\"https:\/\/charlie-liveshow.com\/Tentation-erotique\/#website\",\"url\":\"https:\/\/charlie-liveshow.com\/Tentation-erotique\/\",\"name\":\"TENTATIONS \u00c9ROTIQUES par Charlie Liveshow\",\"description\":\"Eveillez vous \u00e0 l&#039;\u00e9rotisme\",\"publisher\":{\"@id\":\"https:\/\/charlie-liveshow.com\/Tentation-erotique\/#organization\"},\"potentialAction\":[{\"@type\":\"SearchAction\",\"target\":{\"@type\":\"EntryPoint\",\"urlTemplate\":\"https:\/\/charlie-liveshow.com\/Tentation-erotique\/?s={search_term_string}\"},\"query-input\":\"required name=search_term_string\"}],\"inLanguage\":\"fr-FR\"},{\"@type\":\"Organization\",\"@id\":\"https:\/\/charlie-liveshow.com\/Tentation-erotique\/#organization\",\"name\":\"charlie-liveshow\",\"url\":\"https:\/\/charlie-liveshow.com\/Tentation-erotique\/\",\"logo\":{\"@type\":\"ImageObject\",\"inLanguage\":\"fr-FR\",\"@id\":\"https:\/\/charlie-liveshow.com\/Tentation-erotique\/#\/schema\/logo\/image\/\",\"url\":\"https:\/\/charlie-liveshow.com\/Tentation-erotique\/wp-content\/uploads\/2013\/05\/Charlie_folies_logo.png\",\"contentUrl\":\"https:\/\/charlie-liveshow.com\/Tentation-erotique\/wp-content\/uploads\/2013\/05\/Charlie_folies_logo.png\",\"width\":210,\"height\":206,\"caption\":\"charlie-liveshow\"},\"image\":{\"@id\":\"https:\/\/charlie-liveshow.com\/Tentation-erotique\/#\/schema\/logo\/image\/\"},\"sameAs\":[\"https:\/\/www.facebook.com\/charlielivetantra\",\"https:\/\/twitter.com\/Charlieliveshow\",\"https:\/\/www.instagram.com\/charlie_liveshow\/\",\"https:\/\/www.youtube.com\/CharlieTantra\"]}]}<\/script>\n<!-- \/ Yoast SEO plugin. -->","yoast_head_json":{"title":"Colis sextoys num\u00e9ro 4 - We VIBE 4 - Charlie TENTATIONS","description":"Colis sextoys d'occasions avec WE VIBE 4 pour couple - le SATISFYER 2 - un double stimulateur Point G & anal - le DOLPHIN Fun Factory & CARESS Adrian Lastic","robots":{"index":"index","follow":"follow","max-snippet":"max-snippet:-1","max-image-preview":"max-image-preview:large","max-video-preview":"max-video-preview:-1"},"canonical":"https:\/\/charlie-liveshow.com\/Tentation-erotique\/produit\/colis-sextoys-numero-we-vibe-4\/","og_locale":"fr_FR","og_type":"article","og_title":"Colis sextoys num\u00e9ro 4 - We VIBE 4 - Charlie TENTATIONS","og_description":"Colis sextoys d'occasions avec WE VIBE 4 pour couple - le SATISFYER 2 - un double stimulateur Point G & anal - le DOLPHIN Fun Factory & CARESS Adrian Lastic","og_url":"https:\/\/charlie-liveshow.com\/Tentation-erotique\/produit\/colis-sextoys-numero-we-vibe-4\/","og_site_name":"TENTATIONS \u00c9ROTIQUES par Charlie Liveshow","article_publisher":"https:\/\/www.facebook.com\/charlielivetantra","article_modified_time":"2020-01-17T14:15:16+00:00","og_image":[{"width":1024,"height":678,"url":"https:\/\/charlie-liveshow.com\/Tentation-erotique\/wp-content\/uploads\/2018\/12\/sextoy-occasion-wevibe4.jpg","type":"image\/jpeg"}],"twitter_card":"summary_large_image","twitter_site":"@Charlieliveshow","twitter_misc":{"Dur\u00e9e de lecture estim\u00e9e":"1 minute"},"schema":{"@context":"https:\/\/schema.org","@graph":[{"@type":"WebPage","@id":"https:\/\/charlie-liveshow.com\/Tentation-erotique\/produit\/colis-sextoys-numero-we-vibe-4\/","url":"https:\/\/charlie-liveshow.com\/Tentation-erotique\/produit\/colis-sextoys-numero-we-vibe-4\/","name":"Colis sextoys num\u00e9ro 4 - We VIBE 4 - Charlie TENTATIONS","isPartOf":{"@id":"https:\/\/charlie-liveshow.com\/Tentation-erotique\/#website"},"datePublished":"2018-12-03T14:52:00+00:00","dateModified":"2020-01-17T14:15:16+00:00","description":"Colis sextoys d'occasions avec WE VIBE 4 pour couple - le SATISFYER 2 - un double stimulateur Point G & anal - le DOLPHIN Fun Factory & CARESS Adrian Lastic","breadcrumb":{"@id":"https:\/\/charlie-liveshow.com\/Tentation-erotique\/produit\/colis-sextoys-numero-we-vibe-4\/#breadcrumb"},"inLanguage":"fr-FR","potentialAction":[{"@type":"ReadAction","target":["https:\/\/charlie-liveshow.com\/Tentation-erotique\/produit\/colis-sextoys-numero-we-vibe-4\/"]}]},{"@type":"BreadcrumbList","@id":"https:\/\/charlie-liveshow.com\/Tentation-erotique\/produit\/colis-sextoys-numero-we-vibe-4\/#breadcrumb","itemListElement":[{"@type":"ListItem","position":1,"name":"Charlie r\u00e9veille vos sens","item":"https:\/\/charlie-liveshow.com\/Tentation-erotique\/page-d-accueil-commerce\/"},{"@type":"ListItem","position":2,"name":"COLIS SEXTOYS ! Le plaisir pour tous","item":"https:\/\/charlie-liveshow.com\/Tentation-erotique\/categorie-produit\/sextoys-doccasions\/"},{"@type":"ListItem","position":3,"name":"Colis sextoys num\u00e9ro 4 &#8211; We VIBE 4"}]},{"@type":"WebSite","@id":"https:\/\/charlie-liveshow.com\/Tentation-erotique\/#website","url":"https:\/\/charlie-liveshow.com\/Tentation-erotique\/","name":"TENTATIONS \u00c9ROTIQUES par Charlie Liveshow","description":"Eveillez vous \u00e0 l&#039;\u00e9rotisme","publisher":{"@id":"https:\/\/charlie-liveshow.com\/Tentation-erotique\/#organization"},"potentialAction":[{"@type":"SearchAction","target":{"@type":"EntryPoint","urlTemplate":"https:\/\/charlie-liveshow.com\/Tentation-erotique\/?s={search_term_string}"},"query-input":"required name=search_term_string"}],"inLanguage":"fr-FR"},{"@type":"Organization","@id":"https:\/\/charlie-liveshow.com\/Tentation-erotique\/#organization","name":"charlie-liveshow","url":"https:\/\/charlie-liveshow.com\/Tentation-erotique\/","logo":{"@type":"ImageObject","inLanguage":"fr-FR","@id":"https:\/\/charlie-liveshow.com\/Tentation-erotique\/#\/schema\/logo\/image\/","url":"https:\/\/charlie-liveshow.com\/Tentation-erotique\/wp-content\/uploads\/2013\/05\/Charlie_folies_logo.png","contentUrl":"https:\/\/charlie-liveshow.com\/Tentation-erotique\/wp-content\/uploads\/2013\/05\/Charlie_folies_logo.png","width":210,"height":206,"caption":"charlie-liveshow"},"image":{"@id":"https:\/\/charlie-liveshow.com\/Tentation-erotique\/#\/schema\/logo\/image\/"},"sameAs":["https:\/\/www.facebook.com\/charlielivetantra","https:\/\/twitter.com\/Charlieliveshow","https:\/\/www.instagram.com\/charlie_liveshow\/","https:\/\/www.youtube.com\/CharlieTantra"]}]}},"_links":{"self":[{"href":"https:\/\/charlie-liveshow.com\/Tentation-erotique\/wp-json\/wp\/v2\/product\/1034"}],"collection":[{"href":"https:\/\/charlie-liveshow.com\/Tentation-erotique\/wp-json\/wp\/v2\/product"}],"about":[{"href":"https:\/\/charlie-liveshow.com\/Tentation-erotique\/wp-json\/wp\/v2\/types\/product"}],"replies":[{"embeddable":true,"href":"https:\/\/charlie-liveshow.com\/Tentation-erotique\/wp-json\/wp\/v2\/comments?post=1034"}],"version-history":[{"count":0,"href":"https:\/\/charlie-liveshow.com\/Tentation-erotique\/wp-json\/wp\/v2\/product\/1034\/revisions"}],"wp:featuredmedia":[{"embeddable":true,"href":"https:\/\/charlie-liveshow.com\/Tentation-erotique\/wp-json\/wp\/v2\/media\/1042"}],"wp:attachment":[{"href":"https:\/\/charlie-liveshow.com\/Tentation-erotique\/wp-json\/wp\/v2\/media?parent=1034"}],"wp:term":[{"taxonomy":"product_cat","embeddable":true,"href":"https:\/\/charlie-liveshow.com\/Tentation-erotique\/wp-json\/wp\/v2\/product_cat?post=1034"},{"taxonomy":"product_tag","embeddable":true,"href":"https:\/\/charlie-liveshow.com\/Tentation-erotique\/wp-json\/wp\/v2\/product_tag?post=1034"}],"curies":[{"name":"wp","href":"https:\/\/api.w.org\/{rel}","templated":true}]}}